{"id":4584,"date":"2025-06-30T10:02:34","date_gmt":"2025-06-30T10:02:34","guid":{"rendered":"https:\/\/modernteh.md\/?post_type=product&#038;p=4584"},"modified":"2025-06-30T10:02:35","modified_gmt":"2025-06-30T10:02:35","slug":"cositoare-rotativa-pentru-motocultor-prin-reductor-demetra-dm2cr","status":"publish","type":"product","link":"https:\/\/modernteh.md\/ru\/catalog\/cositoare-rotativa-pentru-motocultor-prin-reductor-demetra-dm2cr\/","title":{"rendered":"Cositoare rotativa pentru motocultor prin reductor Demetra DM2CR"},"content":{"rendered":"<h1>Cositoare rotativa pentru motocultor prin reductor Demetra DM2CR<\/h1>\n<div id=\"specifications\" class=\"tab-content features\">\n<div class=\"table-container\">\n<div class=\"table-row\">\n<div class=\"table-box\">\n<div class=\"table-title\">\n<h3>Producator:<span style=\"color: #333333; font-size: 16px;\">Demetra<\/span><\/h3>\n<\/div>\n<\/div>\n<\/div>\n<div class=\"table-row\">\n<div class=\"table-box\">\n<div class=\"table-title\">\n<h3>Transmisie:<span style=\"color: #333333; font-size: 16px;\">Prin reductor<\/span><\/h3>\n<\/div>\n<\/div>\n<div class=\"table-box\">\n<div class=\"table-title\">\n<h3>Viteza de lucru:<span style=\"color: #333333; font-size: 16px;\">2 &#8211; 4 km\/ora<\/span><\/h3>\n<\/div>\n<\/div>\n<\/div>\n<div class=\"table-row\">\n<div class=\"table-box\">\n<div class=\"table-title\">\n<h3>Latime de lucru:<span style=\"color: #333333; font-size: 16px;\">85 cm<\/span><\/h3>\n<\/div>\n<\/div>\n<div class=\"table-box\">\n<div class=\"table-title\">\n<h3>Latime constructie:<span style=\"color: #333333; font-size: 16px;\">100 cm<\/span><\/h3>\n<\/div>\n<\/div>\n<\/div>\n<div class=\"table-row\">\n<div class=\"table-box\">\n<div class=\"table-title\">\n<h3>Inaltime de lucru:<span style=\"color: #333333; font-size: 16px;\">4 &#8211; 7 cm<\/span><\/h3>\n<\/div>\n<\/div>\n<div class=\"table-box\">\n<div class=\"table-title\">\n<h3>Dimensiuni:<span style=\"color: #333333; font-size: 16px;\">810 x 930 x 780 mm<\/span><\/h3>\n<\/div>\n<\/div>\n<\/div>\n<div class=\"table-row\">\n<div class=\"table-box\">\n<div class=\"table-title\">\n<h3>Greutate:<span style=\"color: #333333; font-size: 16px;\">27 kg<\/span><\/h3>\n<\/div>\n<\/div>\n<\/div>\n<\/div>\n<\/div>\n<div id=\"description\" class=\"tab-content description\">\n<div class=\"content-info description-text\">\n<p>Cositoarea rotativ\u0103 pentru motocultor prin reductor Demetra DM2CR este un echipament robust \u0219i eficient, ideal pentru lucr\u0103rile agricole \u00een gr\u0103din\u0103 sau c\u00e2mp. Proiectat\u0103 de Demetra, aceast\u0103 cositoare se remarc\u0103 prin performan\u021be remarcabile \u0219i durabilitate. Modelul DM2CR dispune de o transmisie prin reductor, asigur\u00e2nd o func\u021bionare eficient\u0103 \u0219i uniform\u0103. Cu o vitez\u0103 de lucru cuprins\u0103 \u00eentre 2 \u0219i 4 km\/or\u0103, aceast\u0103 cositoare poate acoperi rapid suprafe\u021be mari, av\u00e2nd o l\u0103\u021bime de lucru de 85 cm. Construc\u021bia solid\u0103 a cositoarei Demetra DM2CR se reflect\u0103 \u0219i \u00een dimensiunile sale generoase: 100 cm l\u0103\u021bime total\u0103 \u0219i o \u00een\u0103l\u021bime de lucru reglabil\u0103 \u00eentre 4 \u0219i 7 cm. Aceste caracteristici ofer\u0103 utilizatorului posibilitatea de a adapta cositoarea \u00een func\u021bie de nevoile specifice ale terenului. Cu dimensiunile compacte de 810 x 930 x 780 mm \u0219i o greutate de 27 kg.<\/p>\n<\/div>\n<\/div>","protected":false},"excerpt":{"rendered":"<p>Cositoare rotativa pentru motocultor prin reductor Demetra DM2CR Producator:Demetra Transmisie:Prin reductor Viteza de lucru:2 &#8211; 4 km\/ora Latime de lucru:85<\/p>","protected":false},"featured_media":4585,"template":"","meta":[],"product_cat":[142],"product_tag":[],"class_list":{"0":"post-4584","1":"product","2":"type-product","3":"status-publish","4":"has-post-thumbnail","6":"product_cat-motocultoare","8":"first","9":"instock","10":"shipping-taxable","11":"purchasable","12":"product-type-simple"},"yoast_head":"<!-- This site is optimized with the Yoast SEO plugin v20.12 - https:\/\/yoast.com\/wordpress\/plugins\/seo\/ -->\n<title>Cositoare rotativa pentru motocultor prin reductor Demetra DM2CR - Modernteh<\/title>\n<meta name=\"description\" content=\"Cositoare rotativa pentru motocultor prin reductor Demetra DM2CR\" \/>\n<meta name=\"robots\" content=\"index, follow, max-snippet:-1, max-image-preview:large, max-video-preview:-1\" \/>\n<link rel=\"canonical\" href=\"https:\/\/modernteh.md\/ru\/catalog\/cositoare-rotativa-pentru-motocultor-prin-reductor-demetra-dm2cr\/\" \/>\n<meta property=\"og:locale\" content=\"ru_RU\" \/>\n<meta property=\"og:type\" content=\"article\" \/>\n<meta property=\"og:title\" content=\"Cositoare rotativa pentru motocultor prin reductor Demetra DM2CR - Modernteh\" \/>\n<meta property=\"og:description\" content=\"Cositoare rotativa pentru motocultor prin reductor Demetra DM2CR\" \/>\n<meta property=\"og:url\" content=\"https:\/\/modernteh.md\/ru\/catalog\/cositoare-rotativa-pentru-motocultor-prin-reductor-demetra-dm2cr\/\" \/>\n<meta property=\"og:site_name\" content=\"Modernteh\" \/>\n<meta property=\"article:publisher\" content=\"https:\/\/www.facebook.com\/profile.php?id=100082695620019\" \/>\n<meta property=\"article:modified_time\" content=\"2025-06-30T10:02:35+00:00\" \/>\n<meta property=\"og:image\" content=\"https:\/\/modernteh.md\/wp-content\/uploads\/2025\/06\/Cositoare-rotativa-pentru-motocultor-prin-reductor-Demetra-DM2CR_2.png\" \/>\n\t<meta property=\"og:image:width\" content=\"800\" \/>\n\t<meta property=\"og:image:height\" content=\"800\" \/>\n\t<meta property=\"og:image:type\" content=\"image\/png\" \/>\n<meta name=\"twitter:card\" content=\"summary_large_image\" \/>\n<meta name=\"twitter:label1\" content=\"\u041f\u0440\u0438\u043c\u0435\u0440\u043d\u043e\u0435 \u0432\u0440\u0435\u043c\u044f \u0434\u043b\u044f \u0447\u0442\u0435\u043d\u0438\u044f\" \/>\n\t<meta name=\"twitter:data1\" content=\"1 \u043c\u0438\u043d\u0443\u0442\u0430\" \/>\n<script type=\"application\/ld+json\" class=\"yoast-schema-graph\">{\"@context\":\"https:\/\/schema.org\",\"@graph\":[{\"@type\":\"WebPage\",\"@id\":\"https:\/\/modernteh.md\/catalog\/cositoare-rotativa-pentru-motocultor-prin-reductor-demetra-dm2cr\/\",\"url\":\"https:\/\/modernteh.md\/catalog\/cositoare-rotativa-pentru-motocultor-prin-reductor-demetra-dm2cr\/\",\"name\":\"Cositoare rotativa pentru motocultor prin reductor Demetra DM2CR - Modernteh\",\"isPartOf\":{\"@id\":\"https:\/\/modernteh.md\/#website\"},\"datePublished\":\"2025-06-30T10:02:34+00:00\",\"dateModified\":\"2025-06-30T10:02:35+00:00\",\"description\":\"Cositoare rotativa pentru motocultor prin reductor Demetra DM2CR\",\"breadcrumb\":{\"@id\":\"https:\/\/modernteh.md\/catalog\/cositoare-rotativa-pentru-motocultor-prin-reductor-demetra-dm2cr\/#breadcrumb\"},\"inLanguage\":\"ru-RU\",\"potentialAction\":[{\"@type\":\"ReadAction\",\"target\":[\"https:\/\/modernteh.md\/catalog\/cositoare-rotativa-pentru-motocultor-prin-reductor-demetra-dm2cr\/\"]}]},{\"@type\":\"BreadcrumbList\",\"@id\":\"https:\/\/modernteh.md\/catalog\/cositoare-rotativa-pentru-motocultor-prin-reductor-demetra-dm2cr\/#breadcrumb\",\"itemListElement\":[{\"@type\":\"ListItem\",\"position\":1,\"name\":\"Prima pagin\u0103\",\"item\":\"https:\/\/modernteh.md\/\"},{\"@type\":\"ListItem\",\"position\":2,\"name\":\"Catalog\",\"item\":\"https:\/\/modernteh.md\/catalog\/\"},{\"@type\":\"ListItem\",\"position\":3,\"name\":\"Cositoare rotativa pentru motocultor prin reductor Demetra DM2CR\"}]},{\"@type\":\"WebSite\",\"@id\":\"https:\/\/modernteh.md\/#website\",\"url\":\"https:\/\/modernteh.md\/\",\"name\":\"Modernteh\",\"description\":\"Modernteh\",\"publisher\":{\"@id\":\"https:\/\/modernteh.md\/#organization\"},\"potentialAction\":[{\"@type\":\"SearchAction\",\"target\":{\"@type\":\"EntryPoint\",\"urlTemplate\":\"https:\/\/modernteh.md\/?s={search_term_string}\"},\"query-input\":\"required name=search_term_string\"}],\"inLanguage\":\"ru-RU\"},{\"@type\":\"Organization\",\"@id\":\"https:\/\/modernteh.md\/#organization\",\"name\":\"Modernteh\",\"url\":\"https:\/\/modernteh.md\/\",\"logo\":{\"@type\":\"ImageObject\",\"inLanguage\":\"ru-RU\",\"@id\":\"https:\/\/modernteh.md\/#\/schema\/logo\/image\/\",\"url\":\"https:\/\/modernteh.md\/wp-content\/uploads\/2022\/06\/Logo_site-2.png\",\"contentUrl\":\"https:\/\/modernteh.md\/wp-content\/uploads\/2022\/06\/Logo_site-2.png\",\"width\":500,\"height\":487,\"caption\":\"Modernteh\"},\"image\":{\"@id\":\"https:\/\/modernteh.md\/#\/schema\/logo\/image\/\"},\"sameAs\":[\"https:\/\/www.facebook.com\/profile.php?id=100082695620019\"]}]}<\/script>\n<!-- \/ Yoast SEO plugin. -->","yoast_head_json":{"title":"Cositoare rotativa pentru motocultor prin reductor Demetra DM2CR - Modernteh","description":"Cositoare rotativa pentru motocultor prin reductor Demetra DM2CR","robots":{"index":"index","follow":"follow","max-snippet":"max-snippet:-1","max-image-preview":"max-image-preview:large","max-video-preview":"max-video-preview:-1"},"canonical":"https:\/\/modernteh.md\/ru\/catalog\/cositoare-rotativa-pentru-motocultor-prin-reductor-demetra-dm2cr\/","og_locale":"ru_RU","og_type":"article","og_title":"Cositoare rotativa pentru motocultor prin reductor Demetra DM2CR - Modernteh","og_description":"Cositoare rotativa pentru motocultor prin reductor Demetra DM2CR","og_url":"https:\/\/modernteh.md\/ru\/catalog\/cositoare-rotativa-pentru-motocultor-prin-reductor-demetra-dm2cr\/","og_site_name":"Modernteh","article_publisher":"https:\/\/www.facebook.com\/profile.php?id=100082695620019","article_modified_time":"2025-06-30T10:02:35+00:00","og_image":[{"width":800,"height":800,"url":"https:\/\/modernteh.md\/wp-content\/uploads\/2025\/06\/Cositoare-rotativa-pentru-motocultor-prin-reductor-Demetra-DM2CR_2.png","type":"image\/png"}],"twitter_card":"summary_large_image","twitter_misc":{"\u041f\u0440\u0438\u043c\u0435\u0440\u043d\u043e\u0435 \u0432\u0440\u0435\u043c\u044f \u0434\u043b\u044f \u0447\u0442\u0435\u043d\u0438\u044f":"1 \u043c\u0438\u043d\u0443\u0442\u0430"},"schema":{"@context":"https:\/\/schema.org","@graph":[{"@type":"WebPage","@id":"https:\/\/modernteh.md\/catalog\/cositoare-rotativa-pentru-motocultor-prin-reductor-demetra-dm2cr\/","url":"https:\/\/modernteh.md\/catalog\/cositoare-rotativa-pentru-motocultor-prin-reductor-demetra-dm2cr\/","name":"Cositoare rotativa pentru motocultor prin reductor Demetra DM2CR - Modernteh","isPartOf":{"@id":"https:\/\/modernteh.md\/#website"},"datePublished":"2025-06-30T10:02:34+00:00","dateModified":"2025-06-30T10:02:35+00:00","description":"Cositoare rotativa pentru motocultor prin reductor Demetra DM2CR","breadcrumb":{"@id":"https:\/\/modernteh.md\/catalog\/cositoare-rotativa-pentru-motocultor-prin-reductor-demetra-dm2cr\/#breadcrumb"},"inLanguage":"ru-RU","potentialAction":[{"@type":"ReadAction","target":["https:\/\/modernteh.md\/catalog\/cositoare-rotativa-pentru-motocultor-prin-reductor-demetra-dm2cr\/"]}]},{"@type":"BreadcrumbList","@id":"https:\/\/modernteh.md\/catalog\/cositoare-rotativa-pentru-motocultor-prin-reductor-demetra-dm2cr\/#breadcrumb","itemListElement":[{"@type":"ListItem","position":1,"name":"Prima pagin\u0103","item":"https:\/\/modernteh.md\/"},{"@type":"ListItem","position":2,"name":"Catalog","item":"https:\/\/modernteh.md\/catalog\/"},{"@type":"ListItem","position":3,"name":"Cositoare rotativa pentru motocultor prin reductor Demetra DM2CR"}]},{"@type":"WebSite","@id":"https:\/\/modernteh.md\/#website","url":"https:\/\/modernteh.md\/","name":"Modernteh","description":"Modernteh","publisher":{"@id":"https:\/\/modernteh.md\/#organization"},"potentialAction":[{"@type":"SearchAction","target":{"@type":"EntryPoint","urlTemplate":"https:\/\/modernteh.md\/?s={search_term_string}"},"query-input":"required name=search_term_string"}],"inLanguage":"ru-RU"},{"@type":"Organization","@id":"https:\/\/modernteh.md\/#organization","name":"Modernteh","url":"https:\/\/modernteh.md\/","logo":{"@type":"ImageObject","inLanguage":"ru-RU","@id":"https:\/\/modernteh.md\/#\/schema\/logo\/image\/","url":"https:\/\/modernteh.md\/wp-content\/uploads\/2022\/06\/Logo_site-2.png","contentUrl":"https:\/\/modernteh.md\/wp-content\/uploads\/2022\/06\/Logo_site-2.png","width":500,"height":487,"caption":"Modernteh"},"image":{"@id":"https:\/\/modernteh.md\/#\/schema\/logo\/image\/"},"sameAs":["https:\/\/www.facebook.com\/profile.php?id=100082695620019"]}]}},"_links":{"self":[{"href":"https:\/\/modernteh.md\/ru\/wp-json\/wp\/v2\/product\/4584","targetHints":{"allow":["GET"]}}],"collection":[{"href":"https:\/\/modernteh.md\/ru\/wp-json\/wp\/v2\/product"}],"about":[{"href":"https:\/\/modernteh.md\/ru\/wp-json\/wp\/v2\/types\/product"}],"wp:featuredmedia":[{"embeddable":true,"href":"https:\/\/modernteh.md\/ru\/wp-json\/wp\/v2\/media\/4585"}],"wp:attachment":[{"href":"https:\/\/modernteh.md\/ru\/wp-json\/wp\/v2\/media?parent=4584"}],"wp:term":[{"taxonomy":"product_cat","embeddable":true,"href":"https:\/\/modernteh.md\/ru\/wp-json\/wp\/v2\/product_cat?post=4584"},{"taxonomy":"product_tag","embeddable":true,"href":"https:\/\/modernteh.md\/ru\/wp-json\/wp\/v2\/product_tag?post=4584"}],"curies":[{"name":"wp","href":"https:\/\/api.w.org\/{rel}","templated":true}]}}