{"id":4588,"date":"2025-06-30T10:35:51","date_gmt":"2025-06-30T10:35:51","guid":{"rendered":"https:\/\/modernteh.md\/?post_type=product&#038;p=4588"},"modified":"2025-06-30T10:35:52","modified_gmt":"2025-06-30T10:35:52","slug":"masina-de-cusut-saci-demetra-gk9-350","status":"publish","type":"product","link":"https:\/\/modernteh.md\/ru\/catalog\/masina-de-cusut-saci-demetra-gk9-350\/","title":{"rendered":"Ma\u0219in\u0103 de cusut saci Demetra GK9-350"},"content":{"rendered":"<h1>Ma\u0219in\u0103 de cusut saci Demetra GK9-350<\/h1>\n<p>Ma\u0219ina de cusut\u00a0<strong>GK9-350<\/strong>\u00a0este un echipament profesional, ideal pentru\u00a0<strong>\u00eenchiderea rapid\u0103 \u0219i eficient\u0103 a sacilor<\/strong>\u00a0din diverse materiale, precum\u00a0<strong>bumbac, h\u00e2rtie, iut\u0103, p\u00e2nz\u0103<\/strong>\u00a0\u0219i alte materiale rezistente. Conceput\u0103 pentru a\u00a0<strong>u\u0219ura procesul de sigilare a sacilor<\/strong>, aceast\u0103 ma\u0219in\u0103 elimin\u0103 efortul manual \u0219i cre\u0219te productivitatea.<\/p>\n<p>Cu o\u00a0<strong>durat\u0103 de via\u021b\u0103 ridicat\u0103<\/strong>\u00a0\u0219i o construc\u021bie robust\u0103, ma\u0219ina asigur\u0103\u00a0<strong>cus\u0103turi rezistente<\/strong>\u00a0de tip lan\u021b. Este potrivit\u0103 at\u00e2t pentru uz industrial, c\u00e2t \u0219i pentru aplica\u021bii comerciale, garant\u00e2nd\u00a0<strong>eficien\u021b\u0103 \u0219i precizie<\/strong>\u00a0\u00een fiecare utilizare.<\/p>\n<p><strong>Accesorii incluse:<\/strong><\/p>\n<ol>\n<li><strong>\u2713<\/strong>\u00a0\u0218urubelni\u021b\u0103<\/li>\n<li><strong>\u2713<\/strong>\u00a0Cheie de reglaj<\/li>\n<li><strong>\u2713<\/strong>\u00a0Ulei pentru \u00eentre\u021binere<\/li>\n<li><strong>\u2713<\/strong>\u00a0Imbus<\/li>\n<li><strong>\u2713<\/strong>\u00a0Piese de schimb<\/li>\n<li><strong>\u2713<\/strong>\u00a01 mosor cu a\u021b\u0103<\/li>\n<li><strong>\u2713<\/strong>\u00a0Set de 5 ace<\/li>\n<\/ol>\n<p><strong>\u0422\u0435\u0445\u043d\u0438\u0447\u0435\u0441\u043a\u0438\u0435 \u0445\u0430\u0440\u0430\u043a\u0442\u0435\u0440\u0438\u0441\u0442\u0438\u043a\u0438:<\/strong><\/p>\n<ol>\n<li><strong>\u2713 Viteza de cusut:<\/strong>\u00a0p\u00e2n\u0103 la 10 m\/min<\/li>\n<li><strong>\u2713 Viteza de coasere:<\/strong>\u00a0800 imp\/min<\/li>\n<li><strong>\u2713 Tip cus\u0103tur\u0103:<\/strong>\u00a0lan\u021b<\/li>\n<li><strong>\u2713 Lungimea pasului cus\u0103turii:<\/strong>\u00a06.5 mm<\/li>\n<li><strong>\u2713 Puterea motorului:<\/strong>\u00a0190W<\/li>\n<li><strong>\u2713 Grosimea maxim\u0103 a materialului:<\/strong>\u00a018 mm<\/li>\n<li><strong>\u2713 Lungimea cus\u0103turii:<\/strong>\u00a08 mm<\/li>\n<\/ol>","protected":false},"excerpt":{"rendered":"<p>Ma\u0219in\u0103 de cusut saci Demetra GK9-350 Ma\u0219ina de cusut\u00a0GK9-350\u00a0este un echipament profesional, ideal pentru\u00a0\u00eenchiderea rapid\u0103 \u0219i eficient\u0103 a sacilor\u00a0din diverse<\/p>","protected":false},"featured_media":4589,"template":"","meta":[],"product_cat":[181],"product_tag":[],"class_list":{"0":"post-4588","1":"product","2":"type-product","3":"status-publish","4":"has-post-thumbnail","6":"product_cat-utilaje-si-accesorii-ferma","8":"first","9":"instock","10":"shipping-taxable","11":"purchasable","12":"product-type-simple"},"yoast_head":"<!-- This site is optimized with the Yoast SEO plugin v20.12 - https:\/\/yoast.com\/wordpress\/plugins\/seo\/ -->\n<title>Ma\u0219in\u0103 de cusut saci Demetra GK9-350 - Modernteh<\/title>\n<meta name=\"description\" content=\"Ma\u0219in\u0103 de cusut saci Demetra GK9-350\" \/>\n<meta name=\"robots\" content=\"index, follow, max-snippet:-1, max-image-preview:large, max-video-preview:-1\" \/>\n<link rel=\"canonical\" href=\"https:\/\/modernteh.md\/ru\/catalog\/masina-de-cusut-saci-demetra-gk9-350\/\" \/>\n<meta property=\"og:locale\" content=\"ru_RU\" \/>\n<meta property=\"og:type\" content=\"article\" \/>\n<meta property=\"og:title\" content=\"Ma\u0219in\u0103 de cusut saci Demetra GK9-350 - Modernteh\" \/>\n<meta property=\"og:description\" content=\"Ma\u0219in\u0103 de cusut saci Demetra GK9-350\" \/>\n<meta property=\"og:url\" content=\"https:\/\/modernteh.md\/ru\/catalog\/masina-de-cusut-saci-demetra-gk9-350\/\" \/>\n<meta property=\"og:site_name\" content=\"Modernteh\" \/>\n<meta property=\"article:publisher\" content=\"https:\/\/www.facebook.com\/profile.php?id=100082695620019\" \/>\n<meta property=\"article:modified_time\" content=\"2025-06-30T10:35:52+00:00\" \/>\n<meta property=\"og:image\" content=\"https:\/\/modernteh.md\/wp-content\/uploads\/2025\/06\/Masina-de-cusut-saci-Demetra-GK9-350_1.jpg\" \/>\n\t<meta property=\"og:image:width\" content=\"500\" \/>\n\t<meta property=\"og:image:height\" content=\"500\" \/>\n\t<meta property=\"og:image:type\" content=\"image\/jpeg\" \/>\n<meta name=\"twitter:card\" content=\"summary_large_image\" \/>\n<meta name=\"twitter:label1\" content=\"\u041f\u0440\u0438\u043c\u0435\u0440\u043d\u043e\u0435 \u0432\u0440\u0435\u043c\u044f \u0434\u043b\u044f \u0447\u0442\u0435\u043d\u0438\u044f\" \/>\n\t<meta name=\"twitter:data1\" content=\"1 \u043c\u0438\u043d\u0443\u0442\u0430\" \/>\n<script type=\"application\/ld+json\" class=\"yoast-schema-graph\">{\"@context\":\"https:\/\/schema.org\",\"@graph\":[{\"@type\":\"WebPage\",\"@id\":\"https:\/\/modernteh.md\/catalog\/masina-de-cusut-saci-demetra-gk9-350\/\",\"url\":\"https:\/\/modernteh.md\/catalog\/masina-de-cusut-saci-demetra-gk9-350\/\",\"name\":\"Ma\u0219in\u0103 de cusut saci Demetra GK9-350 - Modernteh\",\"isPartOf\":{\"@id\":\"https:\/\/modernteh.md\/#website\"},\"datePublished\":\"2025-06-30T10:35:51+00:00\",\"dateModified\":\"2025-06-30T10:35:52+00:00\",\"description\":\"Ma\u0219in\u0103 de cusut saci Demetra GK9-350\",\"breadcrumb\":{\"@id\":\"https:\/\/modernteh.md\/catalog\/masina-de-cusut-saci-demetra-gk9-350\/#breadcrumb\"},\"inLanguage\":\"ru-RU\",\"potentialAction\":[{\"@type\":\"ReadAction\",\"target\":[\"https:\/\/modernteh.md\/catalog\/masina-de-cusut-saci-demetra-gk9-350\/\"]}]},{\"@type\":\"BreadcrumbList\",\"@id\":\"https:\/\/modernteh.md\/catalog\/masina-de-cusut-saci-demetra-gk9-350\/#breadcrumb\",\"itemListElement\":[{\"@type\":\"ListItem\",\"position\":1,\"name\":\"Prima pagin\u0103\",\"item\":\"https:\/\/modernteh.md\/\"},{\"@type\":\"ListItem\",\"position\":2,\"name\":\"Catalog\",\"item\":\"https:\/\/modernteh.md\/catalog\/\"},{\"@type\":\"ListItem\",\"position\":3,\"name\":\"Ma\u0219in\u0103 de cusut saci Demetra GK9-350\"}]},{\"@type\":\"WebSite\",\"@id\":\"https:\/\/modernteh.md\/#website\",\"url\":\"https:\/\/modernteh.md\/\",\"name\":\"Modernteh\",\"description\":\"Modernteh\",\"publisher\":{\"@id\":\"https:\/\/modernteh.md\/#organization\"},\"potentialAction\":[{\"@type\":\"SearchAction\",\"target\":{\"@type\":\"EntryPoint\",\"urlTemplate\":\"https:\/\/modernteh.md\/?s={search_term_string}\"},\"query-input\":\"required name=search_term_string\"}],\"inLanguage\":\"ru-RU\"},{\"@type\":\"Organization\",\"@id\":\"https:\/\/modernteh.md\/#organization\",\"name\":\"Modernteh\",\"url\":\"https:\/\/modernteh.md\/\",\"logo\":{\"@type\":\"ImageObject\",\"inLanguage\":\"ru-RU\",\"@id\":\"https:\/\/modernteh.md\/#\/schema\/logo\/image\/\",\"url\":\"https:\/\/modernteh.md\/wp-content\/uploads\/2022\/06\/Logo_site-2.png\",\"contentUrl\":\"https:\/\/modernteh.md\/wp-content\/uploads\/2022\/06\/Logo_site-2.png\",\"width\":500,\"height\":487,\"caption\":\"Modernteh\"},\"image\":{\"@id\":\"https:\/\/modernteh.md\/#\/schema\/logo\/image\/\"},\"sameAs\":[\"https:\/\/www.facebook.com\/profile.php?id=100082695620019\"]}]}<\/script>\n<!-- \/ Yoast SEO plugin. -->","yoast_head_json":{"title":"Ma\u0219in\u0103 de cusut saci Demetra GK9-350 - Modernteh","description":"Ma\u0219in\u0103 de cusut saci Demetra GK9-350","robots":{"index":"index","follow":"follow","max-snippet":"max-snippet:-1","max-image-preview":"max-image-preview:large","max-video-preview":"max-video-preview:-1"},"canonical":"https:\/\/modernteh.md\/ru\/catalog\/masina-de-cusut-saci-demetra-gk9-350\/","og_locale":"ru_RU","og_type":"article","og_title":"Ma\u0219in\u0103 de cusut saci Demetra GK9-350 - Modernteh","og_description":"Ma\u0219in\u0103 de cusut saci Demetra GK9-350","og_url":"https:\/\/modernteh.md\/ru\/catalog\/masina-de-cusut-saci-demetra-gk9-350\/","og_site_name":"Modernteh","article_publisher":"https:\/\/www.facebook.com\/profile.php?id=100082695620019","article_modified_time":"2025-06-30T10:35:52+00:00","og_image":[{"width":500,"height":500,"url":"https:\/\/modernteh.md\/wp-content\/uploads\/2025\/06\/Masina-de-cusut-saci-Demetra-GK9-350_1.jpg","type":"image\/jpeg"}],"twitter_card":"summary_large_image","twitter_misc":{"\u041f\u0440\u0438\u043c\u0435\u0440\u043d\u043e\u0435 \u0432\u0440\u0435\u043c\u044f \u0434\u043b\u044f \u0447\u0442\u0435\u043d\u0438\u044f":"1 \u043c\u0438\u043d\u0443\u0442\u0430"},"schema":{"@context":"https:\/\/schema.org","@graph":[{"@type":"WebPage","@id":"https:\/\/modernteh.md\/catalog\/masina-de-cusut-saci-demetra-gk9-350\/","url":"https:\/\/modernteh.md\/catalog\/masina-de-cusut-saci-demetra-gk9-350\/","name":"Ma\u0219in\u0103 de cusut saci Demetra GK9-350 - Modernteh","isPartOf":{"@id":"https:\/\/modernteh.md\/#website"},"datePublished":"2025-06-30T10:35:51+00:00","dateModified":"2025-06-30T10:35:52+00:00","description":"Ma\u0219in\u0103 de cusut saci Demetra GK9-350","breadcrumb":{"@id":"https:\/\/modernteh.md\/catalog\/masina-de-cusut-saci-demetra-gk9-350\/#breadcrumb"},"inLanguage":"ru-RU","potentialAction":[{"@type":"ReadAction","target":["https:\/\/modernteh.md\/catalog\/masina-de-cusut-saci-demetra-gk9-350\/"]}]},{"@type":"BreadcrumbList","@id":"https:\/\/modernteh.md\/catalog\/masina-de-cusut-saci-demetra-gk9-350\/#breadcrumb","itemListElement":[{"@type":"ListItem","position":1,"name":"Prima pagin\u0103","item":"https:\/\/modernteh.md\/"},{"@type":"ListItem","position":2,"name":"Catalog","item":"https:\/\/modernteh.md\/catalog\/"},{"@type":"ListItem","position":3,"name":"Ma\u0219in\u0103 de cusut saci Demetra GK9-350"}]},{"@type":"WebSite","@id":"https:\/\/modernteh.md\/#website","url":"https:\/\/modernteh.md\/","name":"Modernteh","description":"Modernteh","publisher":{"@id":"https:\/\/modernteh.md\/#organization"},"potentialAction":[{"@type":"SearchAction","target":{"@type":"EntryPoint","urlTemplate":"https:\/\/modernteh.md\/?s={search_term_string}"},"query-input":"required name=search_term_string"}],"inLanguage":"ru-RU"},{"@type":"Organization","@id":"https:\/\/modernteh.md\/#organization","name":"Modernteh","url":"https:\/\/modernteh.md\/","logo":{"@type":"ImageObject","inLanguage":"ru-RU","@id":"https:\/\/modernteh.md\/#\/schema\/logo\/image\/","url":"https:\/\/modernteh.md\/wp-content\/uploads\/2022\/06\/Logo_site-2.png","contentUrl":"https:\/\/modernteh.md\/wp-content\/uploads\/2022\/06\/Logo_site-2.png","width":500,"height":487,"caption":"Modernteh"},"image":{"@id":"https:\/\/modernteh.md\/#\/schema\/logo\/image\/"},"sameAs":["https:\/\/www.facebook.com\/profile.php?id=100082695620019"]}]}},"_links":{"self":[{"href":"https:\/\/modernteh.md\/ru\/wp-json\/wp\/v2\/product\/4588","targetHints":{"allow":["GET"]}}],"collection":[{"href":"https:\/\/modernteh.md\/ru\/wp-json\/wp\/v2\/product"}],"about":[{"href":"https:\/\/modernteh.md\/ru\/wp-json\/wp\/v2\/types\/product"}],"wp:featuredmedia":[{"embeddable":true,"href":"https:\/\/modernteh.md\/ru\/wp-json\/wp\/v2\/media\/4589"}],"wp:attachment":[{"href":"https:\/\/modernteh.md\/ru\/wp-json\/wp\/v2\/media?parent=4588"}],"wp:term":[{"taxonomy":"product_cat","embeddable":true,"href":"https:\/\/modernteh.md\/ru\/wp-json\/wp\/v2\/product_cat?post=4588"},{"taxonomy":"product_tag","embeddable":true,"href":"https:\/\/modernteh.md\/ru\/wp-json\/wp\/v2\/product_tag?post=4588"}],"curies":[{"name":"wp","href":"https:\/\/api.w.org\/{rel}","templated":true}]}}