{"id":4593,"date":"2025-06-30T10:47:12","date_gmt":"2025-06-30T10:47:12","guid":{"rendered":"https:\/\/modernteh.md\/?post_type=product&#038;p=4593"},"modified":"2025-06-30T10:47:12","modified_gmt":"2025-06-30T10:47:12","slug":"sistem-de-irigare-automatizat-pentru-sera-pompa-timer","status":"publish","type":"product","link":"https:\/\/modernteh.md\/ru\/catalog\/sistem-de-irigare-automatizat-pentru-sera-pompa-timer\/","title":{"rendered":"Sistem de irigare automatizat pentru ser\u0103, pomp\u0103, timer"},"content":{"rendered":"<h1>Sistem de irigare automatizat pentru ser\u0103, pomp\u0103, timer<\/h1>\n<p>Solu\u021bia ideal\u0103 pentru udarea eficient\u0103 a p\u00e2n\u0103 la\u00a0<strong>200 de plante<\/strong>\u00a0pe o suprafa\u021b\u0103 de\u00a0<strong>45 m\u00b2<\/strong>. Sistemul include pomp\u0103 electric\u0103, timer digital \u0219i toate accesoriile necesare pentru o irigare automat\u0103, uniform\u0103 \u0219i economic\u0103.<\/p>\n<ol>\n<li>\u00a0<strong>Alimentare<\/strong>: 220 V ~ 50 Hz<\/li>\n<li>\u00a0<strong>Putere pomp\u0103<\/strong>: 60 W |\u00a0<strong>Debit max.<\/strong>: 2500 l\/or\u0103 |\u00a0<strong>\u00cen\u0103l\u021bime refulare<\/strong>: 3 m<\/li>\n<li>\u00a0<strong>Timer digital programabil<\/strong><\/li>\n<li><strong>Furtun irigare<\/strong>: 46 m, \u00d8 20 mm<\/li>\n<li>\u00a0<strong>Picur\u0103tori duble<\/strong>: 100 buc. (200 plante), 4 l\/or\u0103<\/li>\n<li>\u00a0<strong>Accesorii incluse<\/strong>: coliere, cleme, conectori, furtun intrare, perforator, compensatoare de presiune<\/li>\n<\/ol>\n<p>U\u0219or de instalat \u2013 perfect pentru sere, solarii \u0219i gr\u0103dini.<\/p>","protected":false},"excerpt":{"rendered":"<p>Sistem de irigare automatizat pentru ser\u0103, pomp\u0103, timer Solu\u021bia ideal\u0103 pentru udarea eficient\u0103 a p\u00e2n\u0103 la\u00a0200 de plante\u00a0pe o suprafa\u021b\u0103<\/p>","protected":false},"featured_media":4603,"template":"","meta":[],"product_cat":[144],"product_tag":[],"class_list":{"0":"post-4593","1":"product","2":"type-product","3":"status-publish","4":"has-post-thumbnail","6":"product_cat-sere-de-tip-tunel","8":"first","9":"instock","10":"shipping-taxable","11":"purchasable","12":"product-type-simple"},"yoast_head":"<!-- This site is optimized with the Yoast SEO plugin v20.12 - https:\/\/yoast.com\/wordpress\/plugins\/seo\/ -->\n<title>Sistem de irigare automatizat pentru ser\u0103, pomp\u0103, timer - Modernteh<\/title>\n<meta name=\"description\" content=\"Sistem de irigare automatizat pentru ser\u0103, pomp\u0103, timer\" \/>\n<meta name=\"robots\" content=\"index, follow, max-snippet:-1, max-image-preview:large, max-video-preview:-1\" \/>\n<link rel=\"canonical\" href=\"https:\/\/modernteh.md\/ru\/catalog\/sistem-de-irigare-automatizat-pentru-sera-pompa-timer\/\" \/>\n<meta property=\"og:locale\" content=\"ru_RU\" \/>\n<meta property=\"og:type\" content=\"article\" \/>\n<meta property=\"og:title\" content=\"Sistem de irigare automatizat pentru ser\u0103, pomp\u0103, timer - Modernteh\" \/>\n<meta property=\"og:description\" content=\"Sistem de irigare automatizat pentru ser\u0103, pomp\u0103, timer\" \/>\n<meta property=\"og:url\" content=\"https:\/\/modernteh.md\/ru\/catalog\/sistem-de-irigare-automatizat-pentru-sera-pompa-timer\/\" \/>\n<meta property=\"og:site_name\" content=\"Modernteh\" \/>\n<meta property=\"article:publisher\" content=\"https:\/\/www.facebook.com\/profile.php?id=100082695620019\" \/>\n<meta property=\"og:image\" content=\"https:\/\/modernteh.md\/wp-content\/uploads\/2025\/06\/xSistemP20deP20irigareP20automatizatP20pentruP20seraP20pompaP20timer.png.pagespeed.ic_.WiyP8ygJ6s.jpg\" \/>\n\t<meta property=\"og:image:width\" content=\"2000\" \/>\n\t<meta property=\"og:image:height\" content=\"2000\" \/>\n\t<meta property=\"og:image:type\" content=\"image\/jpeg\" \/>\n<meta name=\"twitter:card\" content=\"summary_large_image\" \/>\n<meta name=\"twitter:label1\" content=\"\u041f\u0440\u0438\u043c\u0435\u0440\u043d\u043e\u0435 \u0432\u0440\u0435\u043c\u044f \u0434\u043b\u044f \u0447\u0442\u0435\u043d\u0438\u044f\" \/>\n\t<meta name=\"twitter:data1\" content=\"1 \u043c\u0438\u043d\u0443\u0442\u0430\" \/>\n<script type=\"application\/ld+json\" class=\"yoast-schema-graph\">{\"@context\":\"https:\/\/schema.org\",\"@graph\":[{\"@type\":\"WebPage\",\"@id\":\"https:\/\/modernteh.md\/catalog\/sistem-de-irigare-automatizat-pentru-sera-pompa-timer\/\",\"url\":\"https:\/\/modernteh.md\/catalog\/sistem-de-irigare-automatizat-pentru-sera-pompa-timer\/\",\"name\":\"Sistem de irigare automatizat pentru ser\u0103, pomp\u0103, timer - Modernteh\",\"isPartOf\":{\"@id\":\"https:\/\/modernteh.md\/#website\"},\"datePublished\":\"2025-06-30T10:47:12+00:00\",\"dateModified\":\"2025-06-30T10:47:12+00:00\",\"description\":\"Sistem de irigare automatizat pentru ser\u0103, pomp\u0103, timer\",\"breadcrumb\":{\"@id\":\"https:\/\/modernteh.md\/catalog\/sistem-de-irigare-automatizat-pentru-sera-pompa-timer\/#breadcrumb\"},\"inLanguage\":\"ru-RU\",\"potentialAction\":[{\"@type\":\"ReadAction\",\"target\":[\"https:\/\/modernteh.md\/catalog\/sistem-de-irigare-automatizat-pentru-sera-pompa-timer\/\"]}]},{\"@type\":\"BreadcrumbList\",\"@id\":\"https:\/\/modernteh.md\/catalog\/sistem-de-irigare-automatizat-pentru-sera-pompa-timer\/#breadcrumb\",\"itemListElement\":[{\"@type\":\"ListItem\",\"position\":1,\"name\":\"Prima pagin\u0103\",\"item\":\"https:\/\/modernteh.md\/\"},{\"@type\":\"ListItem\",\"position\":2,\"name\":\"Catalog\",\"item\":\"https:\/\/modernteh.md\/catalog\/\"},{\"@type\":\"ListItem\",\"position\":3,\"name\":\"Sistem de irigare automatizat pentru ser\u0103, pomp\u0103, timer\"}]},{\"@type\":\"WebSite\",\"@id\":\"https:\/\/modernteh.md\/#website\",\"url\":\"https:\/\/modernteh.md\/\",\"name\":\"Modernteh\",\"description\":\"Modernteh\",\"publisher\":{\"@id\":\"https:\/\/modernteh.md\/#organization\"},\"potentialAction\":[{\"@type\":\"SearchAction\",\"target\":{\"@type\":\"EntryPoint\",\"urlTemplate\":\"https:\/\/modernteh.md\/?s={search_term_string}\"},\"query-input\":\"required name=search_term_string\"}],\"inLanguage\":\"ru-RU\"},{\"@type\":\"Organization\",\"@id\":\"https:\/\/modernteh.md\/#organization\",\"name\":\"Modernteh\",\"url\":\"https:\/\/modernteh.md\/\",\"logo\":{\"@type\":\"ImageObject\",\"inLanguage\":\"ru-RU\",\"@id\":\"https:\/\/modernteh.md\/#\/schema\/logo\/image\/\",\"url\":\"https:\/\/modernteh.md\/wp-content\/uploads\/2022\/06\/Logo_site-2.png\",\"contentUrl\":\"https:\/\/modernteh.md\/wp-content\/uploads\/2022\/06\/Logo_site-2.png\",\"width\":500,\"height\":487,\"caption\":\"Modernteh\"},\"image\":{\"@id\":\"https:\/\/modernteh.md\/#\/schema\/logo\/image\/\"},\"sameAs\":[\"https:\/\/www.facebook.com\/profile.php?id=100082695620019\"]}]}<\/script>\n<!-- \/ Yoast SEO plugin. -->","yoast_head_json":{"title":"Sistem de irigare automatizat pentru ser\u0103, pomp\u0103, timer - Modernteh","description":"Sistem de irigare automatizat pentru ser\u0103, pomp\u0103, timer","robots":{"index":"index","follow":"follow","max-snippet":"max-snippet:-1","max-image-preview":"max-image-preview:large","max-video-preview":"max-video-preview:-1"},"canonical":"https:\/\/modernteh.md\/ru\/catalog\/sistem-de-irigare-automatizat-pentru-sera-pompa-timer\/","og_locale":"ru_RU","og_type":"article","og_title":"Sistem de irigare automatizat pentru ser\u0103, pomp\u0103, timer - Modernteh","og_description":"Sistem de irigare automatizat pentru ser\u0103, pomp\u0103, timer","og_url":"https:\/\/modernteh.md\/ru\/catalog\/sistem-de-irigare-automatizat-pentru-sera-pompa-timer\/","og_site_name":"Modernteh","article_publisher":"https:\/\/www.facebook.com\/profile.php?id=100082695620019","og_image":[{"width":2000,"height":2000,"url":"https:\/\/modernteh.md\/wp-content\/uploads\/2025\/06\/xSistemP20deP20irigareP20automatizatP20pentruP20seraP20pompaP20timer.png.pagespeed.ic_.WiyP8ygJ6s.jpg","type":"image\/jpeg"}],"twitter_card":"summary_large_image","twitter_misc":{"\u041f\u0440\u0438\u043c\u0435\u0440\u043d\u043e\u0435 \u0432\u0440\u0435\u043c\u044f \u0434\u043b\u044f \u0447\u0442\u0435\u043d\u0438\u044f":"1 \u043c\u0438\u043d\u0443\u0442\u0430"},"schema":{"@context":"https:\/\/schema.org","@graph":[{"@type":"WebPage","@id":"https:\/\/modernteh.md\/catalog\/sistem-de-irigare-automatizat-pentru-sera-pompa-timer\/","url":"https:\/\/modernteh.md\/catalog\/sistem-de-irigare-automatizat-pentru-sera-pompa-timer\/","name":"Sistem de irigare automatizat pentru ser\u0103, pomp\u0103, timer - Modernteh","isPartOf":{"@id":"https:\/\/modernteh.md\/#website"},"datePublished":"2025-06-30T10:47:12+00:00","dateModified":"2025-06-30T10:47:12+00:00","description":"Sistem de irigare automatizat pentru ser\u0103, pomp\u0103, timer","breadcrumb":{"@id":"https:\/\/modernteh.md\/catalog\/sistem-de-irigare-automatizat-pentru-sera-pompa-timer\/#breadcrumb"},"inLanguage":"ru-RU","potentialAction":[{"@type":"ReadAction","target":["https:\/\/modernteh.md\/catalog\/sistem-de-irigare-automatizat-pentru-sera-pompa-timer\/"]}]},{"@type":"BreadcrumbList","@id":"https:\/\/modernteh.md\/catalog\/sistem-de-irigare-automatizat-pentru-sera-pompa-timer\/#breadcrumb","itemListElement":[{"@type":"ListItem","position":1,"name":"Prima pagin\u0103","item":"https:\/\/modernteh.md\/"},{"@type":"ListItem","position":2,"name":"Catalog","item":"https:\/\/modernteh.md\/catalog\/"},{"@type":"ListItem","position":3,"name":"Sistem de irigare automatizat pentru ser\u0103, pomp\u0103, timer"}]},{"@type":"WebSite","@id":"https:\/\/modernteh.md\/#website","url":"https:\/\/modernteh.md\/","name":"Modernteh","description":"Modernteh","publisher":{"@id":"https:\/\/modernteh.md\/#organization"},"potentialAction":[{"@type":"SearchAction","target":{"@type":"EntryPoint","urlTemplate":"https:\/\/modernteh.md\/?s={search_term_string}"},"query-input":"required name=search_term_string"}],"inLanguage":"ru-RU"},{"@type":"Organization","@id":"https:\/\/modernteh.md\/#organization","name":"Modernteh","url":"https:\/\/modernteh.md\/","logo":{"@type":"ImageObject","inLanguage":"ru-RU","@id":"https:\/\/modernteh.md\/#\/schema\/logo\/image\/","url":"https:\/\/modernteh.md\/wp-content\/uploads\/2022\/06\/Logo_site-2.png","contentUrl":"https:\/\/modernteh.md\/wp-content\/uploads\/2022\/06\/Logo_site-2.png","width":500,"height":487,"caption":"Modernteh"},"image":{"@id":"https:\/\/modernteh.md\/#\/schema\/logo\/image\/"},"sameAs":["https:\/\/www.facebook.com\/profile.php?id=100082695620019"]}]}},"_links":{"self":[{"href":"https:\/\/modernteh.md\/ru\/wp-json\/wp\/v2\/product\/4593","targetHints":{"allow":["GET"]}}],"collection":[{"href":"https:\/\/modernteh.md\/ru\/wp-json\/wp\/v2\/product"}],"about":[{"href":"https:\/\/modernteh.md\/ru\/wp-json\/wp\/v2\/types\/product"}],"wp:featuredmedia":[{"embeddable":true,"href":"https:\/\/modernteh.md\/ru\/wp-json\/wp\/v2\/media\/4603"}],"wp:attachment":[{"href":"https:\/\/modernteh.md\/ru\/wp-json\/wp\/v2\/media?parent=4593"}],"wp:term":[{"taxonomy":"product_cat","embeddable":true,"href":"https:\/\/modernteh.md\/ru\/wp-json\/wp\/v2\/product_cat?post=4593"},{"taxonomy":"product_tag","embeddable":true,"href":"https:\/\/modernteh.md\/ru\/wp-json\/wp\/v2\/product_tag?post=4593"}],"curies":[{"name":"wp","href":"https:\/\/api.w.org\/{rel}","templated":true}]}}