{"id":4605,"date":"2025-06-30T12:09:40","date_gmt":"2025-06-30T12:09:40","guid":{"rendered":"https:\/\/modernteh.md\/?post_type=product&#038;p=4605"},"modified":"2026-03-12T12:16:51","modified_gmt":"2026-03-12T12:16:51","slug":"trotineta-pentru-copii-cu-trei-roti-lumini-led-muzica-si-jucarie-detasabila-4-culori","status":"publish","type":"product","link":"https:\/\/modernteh.md\/ru\/catalog\/trotineta-pentru-copii-cu-trei-roti-lumini-led-muzica-si-jucarie-detasabila-4-culori\/","title":{"rendered":"Trotinet\u0103 pentru copii cu trei ro\u021bi, lumini LED, muzic\u0103 \u0219i juc\u0103rie deta\u0219abil\u0103, 4 culori"},"content":{"rendered":"<h1 class=\"product_title entry-title wd-entities-title\">Trotinet\u0103 pentru copii cu trei ro\u021bi, lumini LED, muzic\u0103 \u0219i juc\u0103rie deta\u0219abil\u0103, 4 culori<\/h1>\n<p class=\"\" data-start=\"841\" data-end=\"1059\">O trotinet\u0103 vesel\u0103, cu un design unic \u0219i o juc\u0103rie simpatic\u0103 (dinozaur sau alt animal) montat\u0103 pe ghidon, ce poate fi deta\u0219at\u0103 \u0219i folosit\u0103 separat.<\/p>\n<ul>\n<li data-start=\"57\" data-end=\"68\">Iluminare<\/li>\n<li data-start=\"71\" data-end=\"79\">Muzic\u0103<\/li>\n<li data-start=\"82\" data-end=\"107\">Ro\u021bi frontale luminoase<\/li>\n<li data-start=\"110\" data-end=\"130\">Rulare silen\u021bioas\u0103<\/li>\n<li data-start=\"133\" data-end=\"151\">Carcas\u0103 \u00eent\u0103rit\u0103<\/li>\n<li data-start=\"154\" data-end=\"177\">Panouri antiderapante<\/li>\n<li data-start=\"180\" data-end=\"210\">Reglaj pe mai multe niveluri<\/li>\n<li data-start=\"213\" data-end=\"243\">Materiale durabile \u0219i sigure<\/li>\n<li data-start=\"246\" data-end=\"264\">Asamblare u\u0219oar\u0103<\/li>\n<li data-start=\"267\" data-end=\"299\">Greutate maxim\u0103 suportat\u0103: 50 kg<\/li>\n<\/ul>\n<p class=\"\" data-start=\"1293\" data-end=\"1430\"><strong data-start=\"1293\" data-end=\"1318\">Dimensiune trotinet\u0103:<\/strong>\u00a058.5 \u00d7 31 \u00d7 64.5 cm<\/p>\n<p class=\"\" data-start=\"1293\" data-end=\"1430\"><strong data-start=\"1341\" data-end=\"1364\">Dimensiune ambalaj:<\/strong>\u00a058 \u00d7 18 \u00d7 30 cm<\/p>\n<p class=\"\" data-start=\"1293\" data-end=\"1430\"><strong data-start=\"1383\" data-end=\"1405\">Recomandat pentru:<\/strong>\u00a0copii \u00eentre 2 \u0219i 6 ani<\/p>\n<p class=\"\" data-start=\"1432\" data-end=\"1457\"><strong data-start=\"1432\" data-end=\"1455\">Culori disponibile:\u00a0<\/strong>maro cu alb \u0219i dinozaur, verde cu galben \u0219i crocodil, roz cu maro \u0219i hipopotam, verde deschis cu dinozaur.<\/p>","protected":false},"excerpt":{"rendered":"<p>Trotinet\u0103 pentru copii cu trei ro\u021bi, lumini LED, muzic\u0103 \u0219i juc\u0103rie deta\u0219abil\u0103, 4 culori O trotinet\u0103 vesel\u0103, cu un design<\/p>","protected":false},"featured_media":4606,"template":"","meta":[],"product_cat":[203],"product_tag":[],"class_list":{"0":"post-4605","1":"product","2":"type-product","3":"status-publish","4":"has-post-thumbnail","6":"product_cat-bazine-si-camping","8":"first","9":"instock","10":"shipping-taxable","11":"purchasable","12":"product-type-simple"},"yoast_head":"<!-- This site is optimized with the Yoast SEO plugin v20.12 - https:\/\/yoast.com\/wordpress\/plugins\/seo\/ -->\n<title>Trotinet\u0103 pentru copii cu trei ro\u021bi, lumini LED, muzic\u0103 \u0219i juc\u0103rie deta\u0219abil\u0103, 4 culori - Modernteh<\/title>\n<meta name=\"description\" content=\"Trotinet\u0103 pentru copii cu trei ro\u021bi, lumini LED, muzic\u0103 \u0219i juc\u0103rie deta\u0219abil\u0103, 4 culori\" \/>\n<meta name=\"robots\" content=\"index, follow, max-snippet:-1, max-image-preview:large, max-video-preview:-1\" \/>\n<link rel=\"canonical\" href=\"https:\/\/modernteh.md\/ru\/catalog\/trotineta-pentru-copii-cu-trei-roti-lumini-led-muzica-si-jucarie-detasabila-4-culori\/\" \/>\n<meta property=\"og:locale\" content=\"ru_RU\" \/>\n<meta property=\"og:type\" content=\"article\" \/>\n<meta property=\"og:title\" content=\"Trotinet\u0103 pentru copii cu trei ro\u021bi, lumini LED, muzic\u0103 \u0219i juc\u0103rie deta\u0219abil\u0103, 4 culori - Modernteh\" \/>\n<meta property=\"og:description\" content=\"Trotinet\u0103 pentru copii cu trei ro\u021bi, lumini LED, muzic\u0103 \u0219i juc\u0103rie deta\u0219abil\u0103, 4 culori\" \/>\n<meta property=\"og:url\" content=\"https:\/\/modernteh.md\/ru\/catalog\/trotineta-pentru-copii-cu-trei-roti-lumini-led-muzica-si-jucarie-detasabila-4-culori\/\" \/>\n<meta property=\"og:site_name\" content=\"Modernteh\" \/>\n<meta property=\"article:publisher\" content=\"https:\/\/www.facebook.com\/profile.php?id=100082695620019\" \/>\n<meta property=\"article:modified_time\" content=\"2026-03-12T12:16:51+00:00\" \/>\n<meta property=\"og:image\" content=\"https:\/\/modernteh.md\/wp-content\/uploads\/2025\/06\/bw810-1.jpg\" \/>\n\t<meta property=\"og:image:width\" content=\"600\" \/>\n\t<meta property=\"og:image:height\" content=\"600\" \/>\n\t<meta property=\"og:image:type\" content=\"image\/jpeg\" \/>\n<meta name=\"twitter:card\" content=\"summary_large_image\" \/>\n<meta name=\"twitter:label1\" content=\"\u041f\u0440\u0438\u043c\u0435\u0440\u043d\u043e\u0435 \u0432\u0440\u0435\u043c\u044f \u0434\u043b\u044f \u0447\u0442\u0435\u043d\u0438\u044f\" \/>\n\t<meta name=\"twitter:data1\" content=\"1 \u043c\u0438\u043d\u0443\u0442\u0430\" \/>\n<script type=\"application\/ld+json\" class=\"yoast-schema-graph\">{\"@context\":\"https:\/\/schema.org\",\"@graph\":[{\"@type\":\"WebPage\",\"@id\":\"https:\/\/modernteh.md\/catalog\/trotineta-pentru-copii-cu-trei-roti-lumini-led-muzica-si-jucarie-detasabila-4-culori\/\",\"url\":\"https:\/\/modernteh.md\/catalog\/trotineta-pentru-copii-cu-trei-roti-lumini-led-muzica-si-jucarie-detasabila-4-culori\/\",\"name\":\"Trotinet\u0103 pentru copii cu trei ro\u021bi, lumini LED, muzic\u0103 \u0219i juc\u0103rie deta\u0219abil\u0103, 4 culori - Modernteh\",\"isPartOf\":{\"@id\":\"https:\/\/modernteh.md\/#website\"},\"datePublished\":\"2025-06-30T12:09:40+00:00\",\"dateModified\":\"2026-03-12T12:16:51+00:00\",\"description\":\"Trotinet\u0103 pentru copii cu trei ro\u021bi, lumini LED, muzic\u0103 \u0219i juc\u0103rie deta\u0219abil\u0103, 4 culori\",\"breadcrumb\":{\"@id\":\"https:\/\/modernteh.md\/catalog\/trotineta-pentru-copii-cu-trei-roti-lumini-led-muzica-si-jucarie-detasabila-4-culori\/#breadcrumb\"},\"inLanguage\":\"ru-RU\",\"potentialAction\":[{\"@type\":\"ReadAction\",\"target\":[\"https:\/\/modernteh.md\/catalog\/trotineta-pentru-copii-cu-trei-roti-lumini-led-muzica-si-jucarie-detasabila-4-culori\/\"]}]},{\"@type\":\"BreadcrumbList\",\"@id\":\"https:\/\/modernteh.md\/catalog\/trotineta-pentru-copii-cu-trei-roti-lumini-led-muzica-si-jucarie-detasabila-4-culori\/#breadcrumb\",\"itemListElement\":[{\"@type\":\"ListItem\",\"position\":1,\"name\":\"Prima pagin\u0103\",\"item\":\"https:\/\/modernteh.md\/\"},{\"@type\":\"ListItem\",\"position\":2,\"name\":\"Catalog\",\"item\":\"https:\/\/modernteh.md\/catalog\/\"},{\"@type\":\"ListItem\",\"position\":3,\"name\":\"Trotinet\u0103 pentru copii cu trei ro\u021bi, lumini LED, muzic\u0103 \u0219i juc\u0103rie deta\u0219abil\u0103, 4 culori\"}]},{\"@type\":\"WebSite\",\"@id\":\"https:\/\/modernteh.md\/#website\",\"url\":\"https:\/\/modernteh.md\/\",\"name\":\"Modernteh\",\"description\":\"Modernteh\",\"publisher\":{\"@id\":\"https:\/\/modernteh.md\/#organization\"},\"potentialAction\":[{\"@type\":\"SearchAction\",\"target\":{\"@type\":\"EntryPoint\",\"urlTemplate\":\"https:\/\/modernteh.md\/?s={search_term_string}\"},\"query-input\":\"required name=search_term_string\"}],\"inLanguage\":\"ru-RU\"},{\"@type\":\"Organization\",\"@id\":\"https:\/\/modernteh.md\/#organization\",\"name\":\"Modernteh\",\"url\":\"https:\/\/modernteh.md\/\",\"logo\":{\"@type\":\"ImageObject\",\"inLanguage\":\"ru-RU\",\"@id\":\"https:\/\/modernteh.md\/#\/schema\/logo\/image\/\",\"url\":\"https:\/\/modernteh.md\/wp-content\/uploads\/2022\/06\/Logo_site-2.png\",\"contentUrl\":\"https:\/\/modernteh.md\/wp-content\/uploads\/2022\/06\/Logo_site-2.png\",\"width\":500,\"height\":487,\"caption\":\"Modernteh\"},\"image\":{\"@id\":\"https:\/\/modernteh.md\/#\/schema\/logo\/image\/\"},\"sameAs\":[\"https:\/\/www.facebook.com\/profile.php?id=100082695620019\"]}]}<\/script>\n<!-- \/ Yoast SEO plugin. -->","yoast_head_json":{"title":"Trotinet\u0103 pentru copii cu trei ro\u021bi, lumini LED, muzic\u0103 \u0219i juc\u0103rie deta\u0219abil\u0103, 4 culori - Modernteh","description":"Trotinet\u0103 pentru copii cu trei ro\u021bi, lumini LED, muzic\u0103 \u0219i juc\u0103rie deta\u0219abil\u0103, 4 culori","robots":{"index":"index","follow":"follow","max-snippet":"max-snippet:-1","max-image-preview":"max-image-preview:large","max-video-preview":"max-video-preview:-1"},"canonical":"https:\/\/modernteh.md\/ru\/catalog\/trotineta-pentru-copii-cu-trei-roti-lumini-led-muzica-si-jucarie-detasabila-4-culori\/","og_locale":"ru_RU","og_type":"article","og_title":"Trotinet\u0103 pentru copii cu trei ro\u021bi, lumini LED, muzic\u0103 \u0219i juc\u0103rie deta\u0219abil\u0103, 4 culori - Modernteh","og_description":"Trotinet\u0103 pentru copii cu trei ro\u021bi, lumini LED, muzic\u0103 \u0219i juc\u0103rie deta\u0219abil\u0103, 4 culori","og_url":"https:\/\/modernteh.md\/ru\/catalog\/trotineta-pentru-copii-cu-trei-roti-lumini-led-muzica-si-jucarie-detasabila-4-culori\/","og_site_name":"Modernteh","article_publisher":"https:\/\/www.facebook.com\/profile.php?id=100082695620019","article_modified_time":"2026-03-12T12:16:51+00:00","og_image":[{"width":600,"height":600,"url":"https:\/\/modernteh.md\/wp-content\/uploads\/2025\/06\/bw810-1.jpg","type":"image\/jpeg"}],"twitter_card":"summary_large_image","twitter_misc":{"\u041f\u0440\u0438\u043c\u0435\u0440\u043d\u043e\u0435 \u0432\u0440\u0435\u043c\u044f \u0434\u043b\u044f \u0447\u0442\u0435\u043d\u0438\u044f":"1 \u043c\u0438\u043d\u0443\u0442\u0430"},"schema":{"@context":"https:\/\/schema.org","@graph":[{"@type":"WebPage","@id":"https:\/\/modernteh.md\/catalog\/trotineta-pentru-copii-cu-trei-roti-lumini-led-muzica-si-jucarie-detasabila-4-culori\/","url":"https:\/\/modernteh.md\/catalog\/trotineta-pentru-copii-cu-trei-roti-lumini-led-muzica-si-jucarie-detasabila-4-culori\/","name":"Trotinet\u0103 pentru copii cu trei ro\u021bi, lumini LED, muzic\u0103 \u0219i juc\u0103rie deta\u0219abil\u0103, 4 culori - Modernteh","isPartOf":{"@id":"https:\/\/modernteh.md\/#website"},"datePublished":"2025-06-30T12:09:40+00:00","dateModified":"2026-03-12T12:16:51+00:00","description":"Trotinet\u0103 pentru copii cu trei ro\u021bi, lumini LED, muzic\u0103 \u0219i juc\u0103rie deta\u0219abil\u0103, 4 culori","breadcrumb":{"@id":"https:\/\/modernteh.md\/catalog\/trotineta-pentru-copii-cu-trei-roti-lumini-led-muzica-si-jucarie-detasabila-4-culori\/#breadcrumb"},"inLanguage":"ru-RU","potentialAction":[{"@type":"ReadAction","target":["https:\/\/modernteh.md\/catalog\/trotineta-pentru-copii-cu-trei-roti-lumini-led-muzica-si-jucarie-detasabila-4-culori\/"]}]},{"@type":"BreadcrumbList","@id":"https:\/\/modernteh.md\/catalog\/trotineta-pentru-copii-cu-trei-roti-lumini-led-muzica-si-jucarie-detasabila-4-culori\/#breadcrumb","itemListElement":[{"@type":"ListItem","position":1,"name":"Prima pagin\u0103","item":"https:\/\/modernteh.md\/"},{"@type":"ListItem","position":2,"name":"Catalog","item":"https:\/\/modernteh.md\/catalog\/"},{"@type":"ListItem","position":3,"name":"Trotinet\u0103 pentru copii cu trei ro\u021bi, lumini LED, muzic\u0103 \u0219i juc\u0103rie deta\u0219abil\u0103, 4 culori"}]},{"@type":"WebSite","@id":"https:\/\/modernteh.md\/#website","url":"https:\/\/modernteh.md\/","name":"Modernteh","description":"Modernteh","publisher":{"@id":"https:\/\/modernteh.md\/#organization"},"potentialAction":[{"@type":"SearchAction","target":{"@type":"EntryPoint","urlTemplate":"https:\/\/modernteh.md\/?s={search_term_string}"},"query-input":"required name=search_term_string"}],"inLanguage":"ru-RU"},{"@type":"Organization","@id":"https:\/\/modernteh.md\/#organization","name":"Modernteh","url":"https:\/\/modernteh.md\/","logo":{"@type":"ImageObject","inLanguage":"ru-RU","@id":"https:\/\/modernteh.md\/#\/schema\/logo\/image\/","url":"https:\/\/modernteh.md\/wp-content\/uploads\/2022\/06\/Logo_site-2.png","contentUrl":"https:\/\/modernteh.md\/wp-content\/uploads\/2022\/06\/Logo_site-2.png","width":500,"height":487,"caption":"Modernteh"},"image":{"@id":"https:\/\/modernteh.md\/#\/schema\/logo\/image\/"},"sameAs":["https:\/\/www.facebook.com\/profile.php?id=100082695620019"]}]}},"_links":{"self":[{"href":"https:\/\/modernteh.md\/ru\/wp-json\/wp\/v2\/product\/4605","targetHints":{"allow":["GET"]}}],"collection":[{"href":"https:\/\/modernteh.md\/ru\/wp-json\/wp\/v2\/product"}],"about":[{"href":"https:\/\/modernteh.md\/ru\/wp-json\/wp\/v2\/types\/product"}],"wp:featuredmedia":[{"embeddable":true,"href":"https:\/\/modernteh.md\/ru\/wp-json\/wp\/v2\/media\/4606"}],"wp:attachment":[{"href":"https:\/\/modernteh.md\/ru\/wp-json\/wp\/v2\/media?parent=4605"}],"wp:term":[{"taxonomy":"product_cat","embeddable":true,"href":"https:\/\/modernteh.md\/ru\/wp-json\/wp\/v2\/product_cat?post=4605"},{"taxonomy":"product_tag","embeddable":true,"href":"https:\/\/modernteh.md\/ru\/wp-json\/wp\/v2\/product_tag?post=4605"}],"curies":[{"name":"wp","href":"https:\/\/api.w.org\/{rel}","templated":true}]}}