{"id":4613,"date":"2025-06-30T12:18:26","date_gmt":"2025-06-30T12:18:26","guid":{"rendered":"https:\/\/modernteh.md\/?post_type=product&#038;p=4613"},"modified":"2026-03-12T12:15:48","modified_gmt":"2026-03-12T12:15:48","slug":"trotineta-pentru-copii-cu-ghidon-reglabil-si-roti-din-poliuretan-4-culori","status":"publish","type":"product","link":"https:\/\/modernteh.md\/ru\/catalog\/trotineta-pentru-copii-cu-ghidon-reglabil-si-roti-din-poliuretan-4-culori\/","title":{"rendered":"Trotinet\u0103 pentru copii cu ghidon reglabil \u0219i ro\u021bi din poliuretan, 4 culori"},"content":{"rendered":"<h1 class=\"product_title entry-title wd-entities-title\">Trotinet\u0103 pentru copii cu ghidon reglabil \u0219i ro\u021bi din poliuretan, 4 culori<\/h1>\n<p data-start=\"1349\" data-end=\"1569\">Aceast\u0103\u00a0<strong data-start=\"1374\" data-end=\"1406\">trotinet\u0103 u\u0219oar\u0103 \u0219i practic\u0103<\/strong>\u00a0este alegerea perfect\u0103 pentru copiii care ador\u0103 mi\u0219carea \u00een aer liber. Designul s\u0103u simplu \u0219i robust o face\u00a0<strong data-start=\"1515\" data-end=\"1566\">sigur\u0103 \u0219i confortabil\u0103 pentru utilizare zilnic\u0103<\/strong>.<\/p>\n<h4 data-start=\"1571\" data-end=\"1607\"><strong data-start=\"1575\" data-end=\"1605\">Caracteristici principale:<\/strong><\/h4>\n<ul data-start=\"1608\" data-end=\"2022\">\n<li data-start=\"1608\" data-end=\"1686\"><strong data-start=\"1610\" data-end=\"1619\">Ro\u021bi:<\/strong>\u00a0<strong data-start=\"1620\" data-end=\"1637\">120\u00d7180 mm PU<\/strong>, pentru o rulare lin\u0103 \u0219i o aderen\u021b\u0103 excelent\u0103.<\/li>\n<li data-start=\"1687\" data-end=\"1749\"><strong data-start=\"1689\" data-end=\"1710\">Rulmen\u021bi din o\u021bel<\/strong>, care asigur\u0103 durabilitate ridicat\u0103.<\/li>\n<li data-start=\"1750\" data-end=\"1847\"><strong data-start=\"1752\" data-end=\"1771\">Ghidon reglabil<\/strong>\u00a0(<strong data-start=\"1773\" data-end=\"1794\">de la 80 la 97 cm<\/strong>) \u2013 se ajusteaz\u0103 \u00een func\u021bie de \u00een\u0103l\u021bimea copilului.<\/li>\n<li data-start=\"1848\" data-end=\"1913\"><strong data-start=\"1850\" data-end=\"1878\">Cadru solid \u0219i rezistent<\/strong>, pentru o utilizare \u00eendelungat\u0103.<\/li>\n<li data-start=\"1914\" data-end=\"1959\"><strong data-start=\"1916\" data-end=\"1935\">Greutate redus\u0103<\/strong>, u\u0219or de transportat.<\/li>\n<li data-start=\"1960\" data-end=\"2022\"><strong data-start=\"1962\" data-end=\"1985\">Culori disponibile:<\/strong>\u00a0roz, galben, portocaliu, albastru.<\/li>\n<li data-start=\"1960\" data-end=\"2022\"><strong>Sarcina maxim\u0103<\/strong>\u00a0\u2014 100 kg<\/li>\n<\/ul>\n<h4 data-start=\"2024\" data-end=\"2068\"><strong data-start=\"2028\" data-end=\"2066\">Beneficiile utiliz\u0103rii trotinetei:<\/strong><\/h4>\n<ul data-start=\"2069\" data-end=\"2226\">\n<li data-start=\"2069\" data-end=\"2126\">Ajut\u0103 la\u00a0<strong data-start=\"2080\" data-end=\"2123\">dezvoltarea coordon\u0103rii \u0219i echilibrului<\/strong>.<\/li>\n<li data-start=\"2127\" data-end=\"2170\">\u00cencurajeaz\u0103\u00a0<strong data-start=\"2141\" data-end=\"2167\">un stil de via\u021b\u0103 activ<\/strong>.<\/li>\n<li data-start=\"2171\" data-end=\"2226\">Perfect\u0103 pentru\u00a0<strong data-start=\"2189\" data-end=\"2223\">joac\u0103 \u0219i plimb\u0103ri \u00een aer liber<\/strong>.<\/li>\n<li data-start=\"2307\" data-end=\"2377\"><strong data-start=\"2309\" data-end=\"2374\">Ideal\u0103 pentru cei care deja \u00ee\u0219i men\u021bin echilibrul cu u\u0219urin\u021b\u0103<\/strong>.<\/li>\n<li data-start=\"2378\" data-end=\"2445\"><strong data-start=\"2380\" data-end=\"2401\">Ghidonul reglabil<\/strong>\u00a0permite utilizarea timp de mai mul\u021bi ani.<\/li>\n<\/ul>\n<p data-start=\"2447\" data-end=\"2548\" data-is-last-node=\"\">Aceast\u0103 trotinet\u0103 este alegerea ideal\u0103 pentru\u00a0<strong data-start=\"2493\" data-end=\"2547\">copiii activi care ador\u0103 s\u0103 se distreze \u00een mi\u0219care<\/strong>!<\/p>","protected":false},"excerpt":{"rendered":"<p>Trotinet\u0103 pentru copii cu ghidon reglabil \u0219i ro\u021bi din poliuretan, 4 culori Aceast\u0103\u00a0trotinet\u0103 u\u0219oar\u0103 \u0219i practic\u0103\u00a0este alegerea perfect\u0103 pentru copiii<\/p>","protected":false},"featured_media":4614,"template":"","meta":[],"product_cat":[203],"product_tag":[],"class_list":{"0":"post-4613","1":"product","2":"type-product","3":"status-publish","4":"has-post-thumbnail","6":"product_cat-bazine-si-camping","8":"first","9":"instock","10":"shipping-taxable","11":"purchasable","12":"product-type-simple"},"yoast_head":"<!-- This site is optimized with the Yoast SEO plugin v20.12 - https:\/\/yoast.com\/wordpress\/plugins\/seo\/ -->\n<title>Trotinet\u0103 pentru copii cu ghidon reglabil \u0219i ro\u021bi din poliuretan, 4 culori - Modernteh<\/title>\n<meta name=\"description\" content=\"Trotinet\u0103 pentru copii cu ghidon reglabil \u0219i ro\u021bi din poliuretan, 4 culori\" \/>\n<meta name=\"robots\" content=\"index, follow, max-snippet:-1, max-image-preview:large, max-video-preview:-1\" \/>\n<link rel=\"canonical\" href=\"https:\/\/modernteh.md\/ru\/catalog\/trotineta-pentru-copii-cu-ghidon-reglabil-si-roti-din-poliuretan-4-culori\/\" \/>\n<meta property=\"og:locale\" content=\"ru_RU\" \/>\n<meta property=\"og:type\" content=\"article\" \/>\n<meta property=\"og:title\" content=\"Trotinet\u0103 pentru copii cu ghidon reglabil \u0219i ro\u021bi din poliuretan, 4 culori - Modernteh\" \/>\n<meta property=\"og:description\" content=\"Trotinet\u0103 pentru copii cu ghidon reglabil \u0219i ro\u021bi din poliuretan, 4 culori\" \/>\n<meta property=\"og:url\" content=\"https:\/\/modernteh.md\/ru\/catalog\/trotineta-pentru-copii-cu-ghidon-reglabil-si-roti-din-poliuretan-4-culori\/\" \/>\n<meta property=\"og:site_name\" content=\"Modernteh\" \/>\n<meta property=\"article:publisher\" content=\"https:\/\/www.facebook.com\/profile.php?id=100082695620019\" \/>\n<meta property=\"article:modified_time\" content=\"2026-03-12T12:15:48+00:00\" \/>\n<meta property=\"og:image\" content=\"https:\/\/modernteh.md\/wp-content\/uploads\/2025\/06\/2100009-1.png\" \/>\n\t<meta property=\"og:image:width\" content=\"600\" \/>\n\t<meta property=\"og:image:height\" content=\"600\" \/>\n\t<meta property=\"og:image:type\" content=\"image\/png\" \/>\n<meta name=\"twitter:card\" content=\"summary_large_image\" \/>\n<meta name=\"twitter:label1\" content=\"\u041f\u0440\u0438\u043c\u0435\u0440\u043d\u043e\u0435 \u0432\u0440\u0435\u043c\u044f \u0434\u043b\u044f \u0447\u0442\u0435\u043d\u0438\u044f\" \/>\n\t<meta name=\"twitter:data1\" content=\"1 \u043c\u0438\u043d\u0443\u0442\u0430\" \/>\n<script type=\"application\/ld+json\" class=\"yoast-schema-graph\">{\"@context\":\"https:\/\/schema.org\",\"@graph\":[{\"@type\":\"WebPage\",\"@id\":\"https:\/\/modernteh.md\/catalog\/trotineta-pentru-copii-cu-ghidon-reglabil-si-roti-din-poliuretan-4-culori\/\",\"url\":\"https:\/\/modernteh.md\/catalog\/trotineta-pentru-copii-cu-ghidon-reglabil-si-roti-din-poliuretan-4-culori\/\",\"name\":\"Trotinet\u0103 pentru copii cu ghidon reglabil \u0219i ro\u021bi din poliuretan, 4 culori - Modernteh\",\"isPartOf\":{\"@id\":\"https:\/\/modernteh.md\/#website\"},\"datePublished\":\"2025-06-30T12:18:26+00:00\",\"dateModified\":\"2026-03-12T12:15:48+00:00\",\"description\":\"Trotinet\u0103 pentru copii cu ghidon reglabil \u0219i ro\u021bi din poliuretan, 4 culori\",\"breadcrumb\":{\"@id\":\"https:\/\/modernteh.md\/catalog\/trotineta-pentru-copii-cu-ghidon-reglabil-si-roti-din-poliuretan-4-culori\/#breadcrumb\"},\"inLanguage\":\"ru-RU\",\"potentialAction\":[{\"@type\":\"ReadAction\",\"target\":[\"https:\/\/modernteh.md\/catalog\/trotineta-pentru-copii-cu-ghidon-reglabil-si-roti-din-poliuretan-4-culori\/\"]}]},{\"@type\":\"BreadcrumbList\",\"@id\":\"https:\/\/modernteh.md\/catalog\/trotineta-pentru-copii-cu-ghidon-reglabil-si-roti-din-poliuretan-4-culori\/#breadcrumb\",\"itemListElement\":[{\"@type\":\"ListItem\",\"position\":1,\"name\":\"Prima pagin\u0103\",\"item\":\"https:\/\/modernteh.md\/\"},{\"@type\":\"ListItem\",\"position\":2,\"name\":\"Catalog\",\"item\":\"https:\/\/modernteh.md\/catalog\/\"},{\"@type\":\"ListItem\",\"position\":3,\"name\":\"Trotinet\u0103 pentru copii cu ghidon reglabil \u0219i ro\u021bi din poliuretan, 4 culori\"}]},{\"@type\":\"WebSite\",\"@id\":\"https:\/\/modernteh.md\/#website\",\"url\":\"https:\/\/modernteh.md\/\",\"name\":\"Modernteh\",\"description\":\"Modernteh\",\"publisher\":{\"@id\":\"https:\/\/modernteh.md\/#organization\"},\"potentialAction\":[{\"@type\":\"SearchAction\",\"target\":{\"@type\":\"EntryPoint\",\"urlTemplate\":\"https:\/\/modernteh.md\/?s={search_term_string}\"},\"query-input\":\"required name=search_term_string\"}],\"inLanguage\":\"ru-RU\"},{\"@type\":\"Organization\",\"@id\":\"https:\/\/modernteh.md\/#organization\",\"name\":\"Modernteh\",\"url\":\"https:\/\/modernteh.md\/\",\"logo\":{\"@type\":\"ImageObject\",\"inLanguage\":\"ru-RU\",\"@id\":\"https:\/\/modernteh.md\/#\/schema\/logo\/image\/\",\"url\":\"https:\/\/modernteh.md\/wp-content\/uploads\/2022\/06\/Logo_site-2.png\",\"contentUrl\":\"https:\/\/modernteh.md\/wp-content\/uploads\/2022\/06\/Logo_site-2.png\",\"width\":500,\"height\":487,\"caption\":\"Modernteh\"},\"image\":{\"@id\":\"https:\/\/modernteh.md\/#\/schema\/logo\/image\/\"},\"sameAs\":[\"https:\/\/www.facebook.com\/profile.php?id=100082695620019\"]}]}<\/script>\n<!-- \/ Yoast SEO plugin. -->","yoast_head_json":{"title":"Trotinet\u0103 pentru copii cu ghidon reglabil \u0219i ro\u021bi din poliuretan, 4 culori - Modernteh","description":"Trotinet\u0103 pentru copii cu ghidon reglabil \u0219i ro\u021bi din poliuretan, 4 culori","robots":{"index":"index","follow":"follow","max-snippet":"max-snippet:-1","max-image-preview":"max-image-preview:large","max-video-preview":"max-video-preview:-1"},"canonical":"https:\/\/modernteh.md\/ru\/catalog\/trotineta-pentru-copii-cu-ghidon-reglabil-si-roti-din-poliuretan-4-culori\/","og_locale":"ru_RU","og_type":"article","og_title":"Trotinet\u0103 pentru copii cu ghidon reglabil \u0219i ro\u021bi din poliuretan, 4 culori - Modernteh","og_description":"Trotinet\u0103 pentru copii cu ghidon reglabil \u0219i ro\u021bi din poliuretan, 4 culori","og_url":"https:\/\/modernteh.md\/ru\/catalog\/trotineta-pentru-copii-cu-ghidon-reglabil-si-roti-din-poliuretan-4-culori\/","og_site_name":"Modernteh","article_publisher":"https:\/\/www.facebook.com\/profile.php?id=100082695620019","article_modified_time":"2026-03-12T12:15:48+00:00","og_image":[{"width":600,"height":600,"url":"https:\/\/modernteh.md\/wp-content\/uploads\/2025\/06\/2100009-1.png","type":"image\/png"}],"twitter_card":"summary_large_image","twitter_misc":{"\u041f\u0440\u0438\u043c\u0435\u0440\u043d\u043e\u0435 \u0432\u0440\u0435\u043c\u044f \u0434\u043b\u044f \u0447\u0442\u0435\u043d\u0438\u044f":"1 \u043c\u0438\u043d\u0443\u0442\u0430"},"schema":{"@context":"https:\/\/schema.org","@graph":[{"@type":"WebPage","@id":"https:\/\/modernteh.md\/catalog\/trotineta-pentru-copii-cu-ghidon-reglabil-si-roti-din-poliuretan-4-culori\/","url":"https:\/\/modernteh.md\/catalog\/trotineta-pentru-copii-cu-ghidon-reglabil-si-roti-din-poliuretan-4-culori\/","name":"Trotinet\u0103 pentru copii cu ghidon reglabil \u0219i ro\u021bi din poliuretan, 4 culori - Modernteh","isPartOf":{"@id":"https:\/\/modernteh.md\/#website"},"datePublished":"2025-06-30T12:18:26+00:00","dateModified":"2026-03-12T12:15:48+00:00","description":"Trotinet\u0103 pentru copii cu ghidon reglabil \u0219i ro\u021bi din poliuretan, 4 culori","breadcrumb":{"@id":"https:\/\/modernteh.md\/catalog\/trotineta-pentru-copii-cu-ghidon-reglabil-si-roti-din-poliuretan-4-culori\/#breadcrumb"},"inLanguage":"ru-RU","potentialAction":[{"@type":"ReadAction","target":["https:\/\/modernteh.md\/catalog\/trotineta-pentru-copii-cu-ghidon-reglabil-si-roti-din-poliuretan-4-culori\/"]}]},{"@type":"BreadcrumbList","@id":"https:\/\/modernteh.md\/catalog\/trotineta-pentru-copii-cu-ghidon-reglabil-si-roti-din-poliuretan-4-culori\/#breadcrumb","itemListElement":[{"@type":"ListItem","position":1,"name":"Prima pagin\u0103","item":"https:\/\/modernteh.md\/"},{"@type":"ListItem","position":2,"name":"Catalog","item":"https:\/\/modernteh.md\/catalog\/"},{"@type":"ListItem","position":3,"name":"Trotinet\u0103 pentru copii cu ghidon reglabil \u0219i ro\u021bi din poliuretan, 4 culori"}]},{"@type":"WebSite","@id":"https:\/\/modernteh.md\/#website","url":"https:\/\/modernteh.md\/","name":"Modernteh","description":"Modernteh","publisher":{"@id":"https:\/\/modernteh.md\/#organization"},"potentialAction":[{"@type":"SearchAction","target":{"@type":"EntryPoint","urlTemplate":"https:\/\/modernteh.md\/?s={search_term_string}"},"query-input":"required name=search_term_string"}],"inLanguage":"ru-RU"},{"@type":"Organization","@id":"https:\/\/modernteh.md\/#organization","name":"Modernteh","url":"https:\/\/modernteh.md\/","logo":{"@type":"ImageObject","inLanguage":"ru-RU","@id":"https:\/\/modernteh.md\/#\/schema\/logo\/image\/","url":"https:\/\/modernteh.md\/wp-content\/uploads\/2022\/06\/Logo_site-2.png","contentUrl":"https:\/\/modernteh.md\/wp-content\/uploads\/2022\/06\/Logo_site-2.png","width":500,"height":487,"caption":"Modernteh"},"image":{"@id":"https:\/\/modernteh.md\/#\/schema\/logo\/image\/"},"sameAs":["https:\/\/www.facebook.com\/profile.php?id=100082695620019"]}]}},"_links":{"self":[{"href":"https:\/\/modernteh.md\/ru\/wp-json\/wp\/v2\/product\/4613","targetHints":{"allow":["GET"]}}],"collection":[{"href":"https:\/\/modernteh.md\/ru\/wp-json\/wp\/v2\/product"}],"about":[{"href":"https:\/\/modernteh.md\/ru\/wp-json\/wp\/v2\/types\/product"}],"wp:featuredmedia":[{"embeddable":true,"href":"https:\/\/modernteh.md\/ru\/wp-json\/wp\/v2\/media\/4614"}],"wp:attachment":[{"href":"https:\/\/modernteh.md\/ru\/wp-json\/wp\/v2\/media?parent=4613"}],"wp:term":[{"taxonomy":"product_cat","embeddable":true,"href":"https:\/\/modernteh.md\/ru\/wp-json\/wp\/v2\/product_cat?post=4613"},{"taxonomy":"product_tag","embeddable":true,"href":"https:\/\/modernteh.md\/ru\/wp-json\/wp\/v2\/product_tag?post=4613"}],"curies":[{"name":"wp","href":"https:\/\/api.w.org\/{rel}","templated":true}]}}