{"id":4617,"date":"2025-06-30T12:23:19","date_gmt":"2025-06-30T12:23:19","guid":{"rendered":"https:\/\/modernteh.md\/?post_type=product&#038;p=4617"},"modified":"2026-03-12T12:15:20","modified_gmt":"2026-03-12T12:15:20","slug":"intex-saltea-gonflabila-velur-pillow-152x203x42-cm-cu-tetiera-si-pompa-incorporata-220v-pana-la-272kg","status":"publish","type":"product","link":"https:\/\/modernteh.md\/ru\/catalog\/intex-saltea-gonflabila-velur-pillow-152x203x42-cm-cu-tetiera-si-pompa-incorporata-220v-pana-la-272kg\/","title":{"rendered":"INTEX Saltea gonflabil\u0103 \u201eVelur Pillow\u201d 152x203x42 cm cu tetier\u0103 \u0219i pomp\u0103 \u00eencorporat\u0103 220V, p\u00e2n\u0103 la 272kg"},"content":{"rendered":"<h1 class=\"product_title entry-title wd-entities-title\">INTEX Saltea gonflabil\u0103 \u201eVelur Pillow\u201d 152x203x42 cm cu tetier\u0103 \u0219i pomp\u0103 \u00eencorporat\u0103 220V, p\u00e2n\u0103 la 272kg<\/h1>\n<p><strong>Pat dublu gonflabil seria Dura Beam, fabricat cu tehnologia Fiber-Tech.<\/strong><\/p>\n<p>Peretele intern al saltelei este realizat din fibre de poliester, ceea ce face ca patul s\u0103 fie mult mai rezistent \u0219i u\u0219or. Dispunerea transversal\u0103 a nervurilor de rigiditate confer\u0103 patului fermitatea \u0219i elasticitatea necesare. Datorit\u0103 noii tehnologii, riscul de rupere a compartimentelor interne este practic eliminat, iar salteaua devine stabil\u0103 \u0219i rezistent\u0103 chiar \u0219i \u00een cazul \u00een care sunt a\u0219ezate mai multe persoane pe ea. Fiabilitatea \u0219i durabilitatea produsului au fost semnificativ \u00eembun\u0103t\u0103\u021bite.<\/p>\n<p>Acoperirea flocked a saltelei \u00eempiedic\u0103 alunecarea lenjeriei de pat, iar \u00een acela\u0219i timp se cur\u0103\u021b\u0103 u\u0219or.<\/p>\n<p>Pompa electric\u0103 \u00eencorporat\u0103 permite umflarea \u0219i dezumflarea rapid\u0103 a saltelei \u0219i ofer\u0103 posibilitatea de a-i ajusta fermitatea.<\/p>\n<p>\u00cen cazul lipsei de electricitate, salteaua poate fi umflat\u0103 cu o pomp\u0103 manual\u0103. Pentru aceasta, \u00een centrul valvei exist\u0103 un orificiu pentru conectarea unei pompe manuale.<\/p>\n<p><strong>Caracteristici:<\/strong><\/p>\n<ul>\n<li>Dimensiune: 152x203x42 cm<\/li>\n<li>Dimensiune ambalaj: 17x46x37 cm<\/li>\n<li>Volum ambalaj: 0,033 m\u00b3<\/li>\n<li>Greutate ambalaj: 7,1 kg<\/li>\n<li>Grosimea peretelui superior: 0,53 mm<\/li>\n<li>Grosimea peretilor inferior \u0219i lateral: 0,38 mm<\/li>\n<li>Putere pomp\u0103: 90 W<\/li>\n<li>Performan\u021b\u0103 pomp\u0103: 450 l\/min<\/li>\n<li>Capacitate maxim\u0103: 273 kg<\/li>\n<\/ul>\n<p><strong>Completare:<\/strong><\/p>\n<ul>\n<li>Saltea gonflabil\u0103<\/li>\n<li>Pompa electric\u0103 integrat\u0103 (220V)<\/li>\n<li>Instruc\u021biuni<\/li>\n<li>Pansament autoadeziv<\/li>\n<li>Geant\u0103 pentru depozitare \u0219i transport<\/li>\n<\/ul>","protected":false},"excerpt":{"rendered":"<p>INTEX Saltea gonflabil\u0103 \u201eVelur Pillow\u201d 152x203x42 cm cu tetier\u0103 \u0219i pomp\u0103 \u00eencorporat\u0103 220V, p\u00e2n\u0103 la 272kg Pat dublu gonflabil seria<\/p>","protected":false},"featured_media":4618,"template":"","meta":[],"product_cat":[203],"product_tag":[],"class_list":{"0":"post-4617","1":"product","2":"type-product","3":"status-publish","4":"has-post-thumbnail","6":"product_cat-bazine-si-camping","8":"first","9":"instock","10":"shipping-taxable","11":"purchasable","12":"product-type-simple"},"yoast_head":"<!-- This site is optimized with the Yoast SEO plugin v20.12 - https:\/\/yoast.com\/wordpress\/plugins\/seo\/ -->\n<title>INTEX Saltea gonflabil\u0103 \u201eVelur Pillow\u201d 152x203x42 cm cu tetier\u0103 \u0219i pomp\u0103 \u00eencorporat\u0103 220V, p\u00e2n\u0103 la 272kg - Modernteh<\/title>\n<meta name=\"description\" content=\"INTEX Saltea gonflabil\u0103 \u201eVelur Pillow\u201d 152x203x42 cm cu tetier\u0103 \u0219i pomp\u0103 \u00eencorporat\u0103 220V, p\u00e2n\u0103 la 272kg\" \/>\n<meta name=\"robots\" content=\"index, follow, max-snippet:-1, max-image-preview:large, max-video-preview:-1\" \/>\n<link rel=\"canonical\" href=\"https:\/\/modernteh.md\/ru\/catalog\/intex-saltea-gonflabila-velur-pillow-152x203x42-cm-cu-tetiera-si-pompa-incorporata-220v-pana-la-272kg\/\" \/>\n<meta property=\"og:locale\" content=\"ru_RU\" \/>\n<meta property=\"og:type\" content=\"article\" \/>\n<meta property=\"og:title\" content=\"INTEX Saltea gonflabil\u0103 \u201eVelur Pillow\u201d 152x203x42 cm cu tetier\u0103 \u0219i pomp\u0103 \u00eencorporat\u0103 220V, p\u00e2n\u0103 la 272kg - Modernteh\" \/>\n<meta property=\"og:description\" content=\"INTEX Saltea gonflabil\u0103 \u201eVelur Pillow\u201d 152x203x42 cm cu tetier\u0103 \u0219i pomp\u0103 \u00eencorporat\u0103 220V, p\u00e2n\u0103 la 272kg\" \/>\n<meta property=\"og:url\" content=\"https:\/\/modernteh.md\/ru\/catalog\/intex-saltea-gonflabila-velur-pillow-152x203x42-cm-cu-tetiera-si-pompa-incorporata-220v-pana-la-272kg\/\" \/>\n<meta property=\"og:site_name\" content=\"Modernteh\" \/>\n<meta property=\"article:publisher\" content=\"https:\/\/www.facebook.com\/profile.php?id=100082695620019\" \/>\n<meta property=\"article:modified_time\" content=\"2026-03-12T12:15:20+00:00\" \/>\n<meta property=\"og:image\" content=\"https:\/\/modernteh.md\/wp-content\/uploads\/2025\/06\/64124-3.png\" \/>\n\t<meta property=\"og:image:width\" content=\"600\" \/>\n\t<meta property=\"og:image:height\" content=\"600\" \/>\n\t<meta property=\"og:image:type\" content=\"image\/png\" \/>\n<meta name=\"twitter:card\" content=\"summary_large_image\" \/>\n<meta name=\"twitter:label1\" content=\"\u041f\u0440\u0438\u043c\u0435\u0440\u043d\u043e\u0435 \u0432\u0440\u0435\u043c\u044f \u0434\u043b\u044f \u0447\u0442\u0435\u043d\u0438\u044f\" \/>\n\t<meta name=\"twitter:data1\" content=\"2 \u043c\u0438\u043d\u0443\u0442\u044b\" \/>\n<script type=\"application\/ld+json\" class=\"yoast-schema-graph\">{\"@context\":\"https:\/\/schema.org\",\"@graph\":[{\"@type\":\"WebPage\",\"@id\":\"https:\/\/modernteh.md\/catalog\/intex-saltea-gonflabila-velur-pillow-152x203x42-cm-cu-tetiera-si-pompa-incorporata-220v-pana-la-272kg\/\",\"url\":\"https:\/\/modernteh.md\/catalog\/intex-saltea-gonflabila-velur-pillow-152x203x42-cm-cu-tetiera-si-pompa-incorporata-220v-pana-la-272kg\/\",\"name\":\"INTEX Saltea gonflabil\u0103 \u201eVelur Pillow\u201d 152x203x42 cm cu tetier\u0103 \u0219i pomp\u0103 \u00eencorporat\u0103 220V, p\u00e2n\u0103 la 272kg - Modernteh\",\"isPartOf\":{\"@id\":\"https:\/\/modernteh.md\/#website\"},\"datePublished\":\"2025-06-30T12:23:19+00:00\",\"dateModified\":\"2026-03-12T12:15:20+00:00\",\"description\":\"INTEX Saltea gonflabil\u0103 \u201eVelur Pillow\u201d 152x203x42 cm cu tetier\u0103 \u0219i pomp\u0103 \u00eencorporat\u0103 220V, p\u00e2n\u0103 la 272kg\",\"breadcrumb\":{\"@id\":\"https:\/\/modernteh.md\/catalog\/intex-saltea-gonflabila-velur-pillow-152x203x42-cm-cu-tetiera-si-pompa-incorporata-220v-pana-la-272kg\/#breadcrumb\"},\"inLanguage\":\"ru-RU\",\"potentialAction\":[{\"@type\":\"ReadAction\",\"target\":[\"https:\/\/modernteh.md\/catalog\/intex-saltea-gonflabila-velur-pillow-152x203x42-cm-cu-tetiera-si-pompa-incorporata-220v-pana-la-272kg\/\"]}]},{\"@type\":\"BreadcrumbList\",\"@id\":\"https:\/\/modernteh.md\/catalog\/intex-saltea-gonflabila-velur-pillow-152x203x42-cm-cu-tetiera-si-pompa-incorporata-220v-pana-la-272kg\/#breadcrumb\",\"itemListElement\":[{\"@type\":\"ListItem\",\"position\":1,\"name\":\"Prima pagin\u0103\",\"item\":\"https:\/\/modernteh.md\/\"},{\"@type\":\"ListItem\",\"position\":2,\"name\":\"Catalog\",\"item\":\"https:\/\/modernteh.md\/catalog\/\"},{\"@type\":\"ListItem\",\"position\":3,\"name\":\"INTEX Saltea gonflabil\u0103 \u201eVelur Pillow\u201d 152x203x42 cm cu tetier\u0103 \u0219i pomp\u0103 \u00eencorporat\u0103 220V, p\u00e2n\u0103 la 272kg\"}]},{\"@type\":\"WebSite\",\"@id\":\"https:\/\/modernteh.md\/#website\",\"url\":\"https:\/\/modernteh.md\/\",\"name\":\"Modernteh\",\"description\":\"Modernteh\",\"publisher\":{\"@id\":\"https:\/\/modernteh.md\/#organization\"},\"potentialAction\":[{\"@type\":\"SearchAction\",\"target\":{\"@type\":\"EntryPoint\",\"urlTemplate\":\"https:\/\/modernteh.md\/?s={search_term_string}\"},\"query-input\":\"required name=search_term_string\"}],\"inLanguage\":\"ru-RU\"},{\"@type\":\"Organization\",\"@id\":\"https:\/\/modernteh.md\/#organization\",\"name\":\"Modernteh\",\"url\":\"https:\/\/modernteh.md\/\",\"logo\":{\"@type\":\"ImageObject\",\"inLanguage\":\"ru-RU\",\"@id\":\"https:\/\/modernteh.md\/#\/schema\/logo\/image\/\",\"url\":\"https:\/\/modernteh.md\/wp-content\/uploads\/2022\/06\/Logo_site-2.png\",\"contentUrl\":\"https:\/\/modernteh.md\/wp-content\/uploads\/2022\/06\/Logo_site-2.png\",\"width\":500,\"height\":487,\"caption\":\"Modernteh\"},\"image\":{\"@id\":\"https:\/\/modernteh.md\/#\/schema\/logo\/image\/\"},\"sameAs\":[\"https:\/\/www.facebook.com\/profile.php?id=100082695620019\"]}]}<\/script>\n<!-- \/ Yoast SEO plugin. -->","yoast_head_json":{"title":"INTEX Saltea gonflabil\u0103 \u201eVelur Pillow\u201d 152x203x42 cm cu tetier\u0103 \u0219i pomp\u0103 \u00eencorporat\u0103 220V, p\u00e2n\u0103 la 272kg - Modernteh","description":"INTEX Saltea gonflabil\u0103 \u201eVelur Pillow\u201d 152x203x42 cm cu tetier\u0103 \u0219i pomp\u0103 \u00eencorporat\u0103 220V, p\u00e2n\u0103 la 272kg","robots":{"index":"index","follow":"follow","max-snippet":"max-snippet:-1","max-image-preview":"max-image-preview:large","max-video-preview":"max-video-preview:-1"},"canonical":"https:\/\/modernteh.md\/ru\/catalog\/intex-saltea-gonflabila-velur-pillow-152x203x42-cm-cu-tetiera-si-pompa-incorporata-220v-pana-la-272kg\/","og_locale":"ru_RU","og_type":"article","og_title":"INTEX Saltea gonflabil\u0103 \u201eVelur Pillow\u201d 152x203x42 cm cu tetier\u0103 \u0219i pomp\u0103 \u00eencorporat\u0103 220V, p\u00e2n\u0103 la 272kg - Modernteh","og_description":"INTEX Saltea gonflabil\u0103 \u201eVelur Pillow\u201d 152x203x42 cm cu tetier\u0103 \u0219i pomp\u0103 \u00eencorporat\u0103 220V, p\u00e2n\u0103 la 272kg","og_url":"https:\/\/modernteh.md\/ru\/catalog\/intex-saltea-gonflabila-velur-pillow-152x203x42-cm-cu-tetiera-si-pompa-incorporata-220v-pana-la-272kg\/","og_site_name":"Modernteh","article_publisher":"https:\/\/www.facebook.com\/profile.php?id=100082695620019","article_modified_time":"2026-03-12T12:15:20+00:00","og_image":[{"width":600,"height":600,"url":"https:\/\/modernteh.md\/wp-content\/uploads\/2025\/06\/64124-3.png","type":"image\/png"}],"twitter_card":"summary_large_image","twitter_misc":{"\u041f\u0440\u0438\u043c\u0435\u0440\u043d\u043e\u0435 \u0432\u0440\u0435\u043c\u044f \u0434\u043b\u044f \u0447\u0442\u0435\u043d\u0438\u044f":"2 \u043c\u0438\u043d\u0443\u0442\u044b"},"schema":{"@context":"https:\/\/schema.org","@graph":[{"@type":"WebPage","@id":"https:\/\/modernteh.md\/catalog\/intex-saltea-gonflabila-velur-pillow-152x203x42-cm-cu-tetiera-si-pompa-incorporata-220v-pana-la-272kg\/","url":"https:\/\/modernteh.md\/catalog\/intex-saltea-gonflabila-velur-pillow-152x203x42-cm-cu-tetiera-si-pompa-incorporata-220v-pana-la-272kg\/","name":"INTEX Saltea gonflabil\u0103 \u201eVelur Pillow\u201d 152x203x42 cm cu tetier\u0103 \u0219i pomp\u0103 \u00eencorporat\u0103 220V, p\u00e2n\u0103 la 272kg - Modernteh","isPartOf":{"@id":"https:\/\/modernteh.md\/#website"},"datePublished":"2025-06-30T12:23:19+00:00","dateModified":"2026-03-12T12:15:20+00:00","description":"INTEX Saltea gonflabil\u0103 \u201eVelur Pillow\u201d 152x203x42 cm cu tetier\u0103 \u0219i pomp\u0103 \u00eencorporat\u0103 220V, p\u00e2n\u0103 la 272kg","breadcrumb":{"@id":"https:\/\/modernteh.md\/catalog\/intex-saltea-gonflabila-velur-pillow-152x203x42-cm-cu-tetiera-si-pompa-incorporata-220v-pana-la-272kg\/#breadcrumb"},"inLanguage":"ru-RU","potentialAction":[{"@type":"ReadAction","target":["https:\/\/modernteh.md\/catalog\/intex-saltea-gonflabila-velur-pillow-152x203x42-cm-cu-tetiera-si-pompa-incorporata-220v-pana-la-272kg\/"]}]},{"@type":"BreadcrumbList","@id":"https:\/\/modernteh.md\/catalog\/intex-saltea-gonflabila-velur-pillow-152x203x42-cm-cu-tetiera-si-pompa-incorporata-220v-pana-la-272kg\/#breadcrumb","itemListElement":[{"@type":"ListItem","position":1,"name":"Prima pagin\u0103","item":"https:\/\/modernteh.md\/"},{"@type":"ListItem","position":2,"name":"Catalog","item":"https:\/\/modernteh.md\/catalog\/"},{"@type":"ListItem","position":3,"name":"INTEX Saltea gonflabil\u0103 \u201eVelur Pillow\u201d 152x203x42 cm cu tetier\u0103 \u0219i pomp\u0103 \u00eencorporat\u0103 220V, p\u00e2n\u0103 la 272kg"}]},{"@type":"WebSite","@id":"https:\/\/modernteh.md\/#website","url":"https:\/\/modernteh.md\/","name":"Modernteh","description":"Modernteh","publisher":{"@id":"https:\/\/modernteh.md\/#organization"},"potentialAction":[{"@type":"SearchAction","target":{"@type":"EntryPoint","urlTemplate":"https:\/\/modernteh.md\/?s={search_term_string}"},"query-input":"required name=search_term_string"}],"inLanguage":"ru-RU"},{"@type":"Organization","@id":"https:\/\/modernteh.md\/#organization","name":"Modernteh","url":"https:\/\/modernteh.md\/","logo":{"@type":"ImageObject","inLanguage":"ru-RU","@id":"https:\/\/modernteh.md\/#\/schema\/logo\/image\/","url":"https:\/\/modernteh.md\/wp-content\/uploads\/2022\/06\/Logo_site-2.png","contentUrl":"https:\/\/modernteh.md\/wp-content\/uploads\/2022\/06\/Logo_site-2.png","width":500,"height":487,"caption":"Modernteh"},"image":{"@id":"https:\/\/modernteh.md\/#\/schema\/logo\/image\/"},"sameAs":["https:\/\/www.facebook.com\/profile.php?id=100082695620019"]}]}},"_links":{"self":[{"href":"https:\/\/modernteh.md\/ru\/wp-json\/wp\/v2\/product\/4617","targetHints":{"allow":["GET"]}}],"collection":[{"href":"https:\/\/modernteh.md\/ru\/wp-json\/wp\/v2\/product"}],"about":[{"href":"https:\/\/modernteh.md\/ru\/wp-json\/wp\/v2\/types\/product"}],"wp:featuredmedia":[{"embeddable":true,"href":"https:\/\/modernteh.md\/ru\/wp-json\/wp\/v2\/media\/4618"}],"wp:attachment":[{"href":"https:\/\/modernteh.md\/ru\/wp-json\/wp\/v2\/media?parent=4617"}],"wp:term":[{"taxonomy":"product_cat","embeddable":true,"href":"https:\/\/modernteh.md\/ru\/wp-json\/wp\/v2\/product_cat?post=4617"},{"taxonomy":"product_tag","embeddable":true,"href":"https:\/\/modernteh.md\/ru\/wp-json\/wp\/v2\/product_tag?post=4617"}],"curies":[{"name":"wp","href":"https:\/\/api.w.org\/{rel}","templated":true}]}}