{"id":4624,"date":"2025-06-30T12:30:41","date_gmt":"2025-06-30T12:30:41","guid":{"rendered":"https:\/\/modernteh.md\/?post_type=product&#038;p=4624"},"modified":"2026-03-12T12:14:09","modified_gmt":"2026-03-12T12:14:09","slug":"bestway-cort-4-persoane-240x200x135%d1%81%d0%bc-wander-dome-4","status":"publish","type":"product","link":"https:\/\/modernteh.md\/ru\/catalog\/bestway-cort-4-persoane-240x200x135%d1%81%d0%bc-wander-dome-4\/","title":{"rendered":"Bestway Cort 4 persoane 240x200x135\u0441\u043c Wander Dome 4"},"content":{"rendered":"<h1 class=\"product_title entry-title wd-entities-title\">Bestway Cort 4 persoane 240x200x135\u0441\u043c Wander Dome 4<\/h1>\n<p>Refugiu u\u0219or pentru camping, Wander Dome 4 Tent (cod 68143 BW), este perfect pentru protec\u021bia \u00eempotriva intemperiilor \u0219i v\u00e2nturilor puternice. Cortul are un cadru din fibr\u0103 de sticl\u0103 pe care este \u00eentins un material din poliester rezistent, tratat cu o solu\u021bie special\u0103 pentru respingerea apei. Toate cus\u0103turile sunt impregnate cu un sigilant, oferind protec\u021bie suplimentar\u0103 \u00eempotriva precipita\u021biilor. Forma sa specific\u0103 confer\u0103 cortului un avantaj semnificativ \u00een fa\u021ba v\u00e2nturilor puternice \u0219i ploilor toren\u021biale, asigur\u00e2nd siguran\u021ba \u0219i confortul c\u0103l\u0103torilor \u00een orice condi\u021bii meteo. O alegere excelent\u0103 pentru turi\u0219ti \u0219i iubitori de aventuri \u00een aer liber.<\/p>","protected":false},"excerpt":{"rendered":"<p>Bestway Cort 4 persoane 240x200x135\u0441\u043c Wander Dome 4 Refugiu u\u0219or pentru camping, Wander Dome 4 Tent (cod 68143 BW), este<\/p>","protected":false},"featured_media":4625,"template":"","meta":[],"product_cat":[203],"product_tag":[],"class_list":{"0":"post-4624","1":"product","2":"type-product","3":"status-publish","4":"has-post-thumbnail","6":"product_cat-bazine-si-camping","8":"first","9":"instock","10":"shipping-taxable","11":"purchasable","12":"product-type-simple"},"yoast_head":"<!-- This site is optimized with the Yoast SEO plugin v20.12 - https:\/\/yoast.com\/wordpress\/plugins\/seo\/ -->\n<title>Bestway Cort 4 persoane 240x200x135\u0441\u043c Wander Dome 4 - Modernteh<\/title>\n<meta name=\"description\" content=\"Bestway Cort 4 persoane 240x200x135\u0441\u043c Wander Dome 4\" \/>\n<meta name=\"robots\" content=\"index, follow, max-snippet:-1, max-image-preview:large, max-video-preview:-1\" \/>\n<link rel=\"canonical\" href=\"https:\/\/modernteh.md\/ru\/catalog\/bestway-cort-4-persoane-240x200x135\u0441\u043c-wander-dome-4\/\" \/>\n<meta property=\"og:locale\" content=\"ru_RU\" \/>\n<meta property=\"og:type\" content=\"article\" \/>\n<meta property=\"og:title\" content=\"Bestway Cort 4 persoane 240x200x135\u0441\u043c Wander Dome 4 - Modernteh\" \/>\n<meta property=\"og:description\" content=\"Bestway Cort 4 persoane 240x200x135\u0441\u043c Wander Dome 4\" \/>\n<meta property=\"og:url\" content=\"https:\/\/modernteh.md\/ru\/catalog\/bestway-cort-4-persoane-240x200x135\u0441\u043c-wander-dome-4\/\" \/>\n<meta property=\"og:site_name\" content=\"Modernteh\" \/>\n<meta property=\"article:publisher\" content=\"https:\/\/www.facebook.com\/profile.php?id=100082695620019\" \/>\n<meta property=\"article:modified_time\" content=\"2026-03-12T12:14:09+00:00\" \/>\n<meta property=\"og:image\" content=\"https:\/\/modernteh.md\/wp-content\/uploads\/2025\/06\/68143bw-2-1.png\" \/>\n\t<meta property=\"og:image:width\" content=\"600\" \/>\n\t<meta property=\"og:image:height\" content=\"600\" \/>\n\t<meta property=\"og:image:type\" content=\"image\/png\" \/>\n<meta name=\"twitter:card\" content=\"summary_large_image\" \/>\n<meta name=\"twitter:label1\" content=\"\u041f\u0440\u0438\u043c\u0435\u0440\u043d\u043e\u0435 \u0432\u0440\u0435\u043c\u044f \u0434\u043b\u044f \u0447\u0442\u0435\u043d\u0438\u044f\" \/>\n\t<meta name=\"twitter:data1\" content=\"1 \u043c\u0438\u043d\u0443\u0442\u0430\" \/>\n<script type=\"application\/ld+json\" class=\"yoast-schema-graph\">{\"@context\":\"https:\/\/schema.org\",\"@graph\":[{\"@type\":\"WebPage\",\"@id\":\"https:\/\/modernteh.md\/catalog\/bestway-cort-4-persoane-240x200x135%d1%81%d0%bc-wander-dome-4\/\",\"url\":\"https:\/\/modernteh.md\/catalog\/bestway-cort-4-persoane-240x200x135%d1%81%d0%bc-wander-dome-4\/\",\"name\":\"Bestway Cort 4 persoane 240x200x135\u0441\u043c Wander Dome 4 - Modernteh\",\"isPartOf\":{\"@id\":\"https:\/\/modernteh.md\/#website\"},\"datePublished\":\"2025-06-30T12:30:41+00:00\",\"dateModified\":\"2026-03-12T12:14:09+00:00\",\"description\":\"Bestway Cort 4 persoane 240x200x135\u0441\u043c Wander Dome 4\",\"breadcrumb\":{\"@id\":\"https:\/\/modernteh.md\/catalog\/bestway-cort-4-persoane-240x200x135%d1%81%d0%bc-wander-dome-4\/#breadcrumb\"},\"inLanguage\":\"ru-RU\",\"potentialAction\":[{\"@type\":\"ReadAction\",\"target\":[\"https:\/\/modernteh.md\/catalog\/bestway-cort-4-persoane-240x200x135%d1%81%d0%bc-wander-dome-4\/\"]}]},{\"@type\":\"BreadcrumbList\",\"@id\":\"https:\/\/modernteh.md\/catalog\/bestway-cort-4-persoane-240x200x135%d1%81%d0%bc-wander-dome-4\/#breadcrumb\",\"itemListElement\":[{\"@type\":\"ListItem\",\"position\":1,\"name\":\"Prima pagin\u0103\",\"item\":\"https:\/\/modernteh.md\/\"},{\"@type\":\"ListItem\",\"position\":2,\"name\":\"Catalog\",\"item\":\"https:\/\/modernteh.md\/catalog\/\"},{\"@type\":\"ListItem\",\"position\":3,\"name\":\"Bestway Cort 4 persoane 240x200x135\u0441\u043c Wander Dome 4\"}]},{\"@type\":\"WebSite\",\"@id\":\"https:\/\/modernteh.md\/#website\",\"url\":\"https:\/\/modernteh.md\/\",\"name\":\"Modernteh\",\"description\":\"Modernteh\",\"publisher\":{\"@id\":\"https:\/\/modernteh.md\/#organization\"},\"potentialAction\":[{\"@type\":\"SearchAction\",\"target\":{\"@type\":\"EntryPoint\",\"urlTemplate\":\"https:\/\/modernteh.md\/?s={search_term_string}\"},\"query-input\":\"required name=search_term_string\"}],\"inLanguage\":\"ru-RU\"},{\"@type\":\"Organization\",\"@id\":\"https:\/\/modernteh.md\/#organization\",\"name\":\"Modernteh\",\"url\":\"https:\/\/modernteh.md\/\",\"logo\":{\"@type\":\"ImageObject\",\"inLanguage\":\"ru-RU\",\"@id\":\"https:\/\/modernteh.md\/#\/schema\/logo\/image\/\",\"url\":\"https:\/\/modernteh.md\/wp-content\/uploads\/2022\/06\/Logo_site-2.png\",\"contentUrl\":\"https:\/\/modernteh.md\/wp-content\/uploads\/2022\/06\/Logo_site-2.png\",\"width\":500,\"height\":487,\"caption\":\"Modernteh\"},\"image\":{\"@id\":\"https:\/\/modernteh.md\/#\/schema\/logo\/image\/\"},\"sameAs\":[\"https:\/\/www.facebook.com\/profile.php?id=100082695620019\"]}]}<\/script>\n<!-- \/ Yoast SEO plugin. -->","yoast_head_json":{"title":"Bestway Cort 4 persoane 240x200x135\u0441\u043c Wander Dome 4 - Modernteh","description":"Bestway Cort 4 persoane 240x200x135\u0441\u043c Wander Dome 4","robots":{"index":"index","follow":"follow","max-snippet":"max-snippet:-1","max-image-preview":"max-image-preview:large","max-video-preview":"max-video-preview:-1"},"canonical":"https:\/\/modernteh.md\/ru\/catalog\/bestway-cort-4-persoane-240x200x135\u0441\u043c-wander-dome-4\/","og_locale":"ru_RU","og_type":"article","og_title":"Bestway Cort 4 persoane 240x200x135\u0441\u043c Wander Dome 4 - Modernteh","og_description":"Bestway Cort 4 persoane 240x200x135\u0441\u043c Wander Dome 4","og_url":"https:\/\/modernteh.md\/ru\/catalog\/bestway-cort-4-persoane-240x200x135\u0441\u043c-wander-dome-4\/","og_site_name":"Modernteh","article_publisher":"https:\/\/www.facebook.com\/profile.php?id=100082695620019","article_modified_time":"2026-03-12T12:14:09+00:00","og_image":[{"width":600,"height":600,"url":"https:\/\/modernteh.md\/wp-content\/uploads\/2025\/06\/68143bw-2-1.png","type":"image\/png"}],"twitter_card":"summary_large_image","twitter_misc":{"\u041f\u0440\u0438\u043c\u0435\u0440\u043d\u043e\u0435 \u0432\u0440\u0435\u043c\u044f \u0434\u043b\u044f \u0447\u0442\u0435\u043d\u0438\u044f":"1 \u043c\u0438\u043d\u0443\u0442\u0430"},"schema":{"@context":"https:\/\/schema.org","@graph":[{"@type":"WebPage","@id":"https:\/\/modernteh.md\/catalog\/bestway-cort-4-persoane-240x200x135%d1%81%d0%bc-wander-dome-4\/","url":"https:\/\/modernteh.md\/catalog\/bestway-cort-4-persoane-240x200x135%d1%81%d0%bc-wander-dome-4\/","name":"Bestway Cort 4 persoane 240x200x135\u0441\u043c Wander Dome 4 - Modernteh","isPartOf":{"@id":"https:\/\/modernteh.md\/#website"},"datePublished":"2025-06-30T12:30:41+00:00","dateModified":"2026-03-12T12:14:09+00:00","description":"Bestway Cort 4 persoane 240x200x135\u0441\u043c Wander Dome 4","breadcrumb":{"@id":"https:\/\/modernteh.md\/catalog\/bestway-cort-4-persoane-240x200x135%d1%81%d0%bc-wander-dome-4\/#breadcrumb"},"inLanguage":"ru-RU","potentialAction":[{"@type":"ReadAction","target":["https:\/\/modernteh.md\/catalog\/bestway-cort-4-persoane-240x200x135%d1%81%d0%bc-wander-dome-4\/"]}]},{"@type":"BreadcrumbList","@id":"https:\/\/modernteh.md\/catalog\/bestway-cort-4-persoane-240x200x135%d1%81%d0%bc-wander-dome-4\/#breadcrumb","itemListElement":[{"@type":"ListItem","position":1,"name":"Prima pagin\u0103","item":"https:\/\/modernteh.md\/"},{"@type":"ListItem","position":2,"name":"Catalog","item":"https:\/\/modernteh.md\/catalog\/"},{"@type":"ListItem","position":3,"name":"Bestway Cort 4 persoane 240x200x135\u0441\u043c Wander Dome 4"}]},{"@type":"WebSite","@id":"https:\/\/modernteh.md\/#website","url":"https:\/\/modernteh.md\/","name":"Modernteh","description":"Modernteh","publisher":{"@id":"https:\/\/modernteh.md\/#organization"},"potentialAction":[{"@type":"SearchAction","target":{"@type":"EntryPoint","urlTemplate":"https:\/\/modernteh.md\/?s={search_term_string}"},"query-input":"required name=search_term_string"}],"inLanguage":"ru-RU"},{"@type":"Organization","@id":"https:\/\/modernteh.md\/#organization","name":"Modernteh","url":"https:\/\/modernteh.md\/","logo":{"@type":"ImageObject","inLanguage":"ru-RU","@id":"https:\/\/modernteh.md\/#\/schema\/logo\/image\/","url":"https:\/\/modernteh.md\/wp-content\/uploads\/2022\/06\/Logo_site-2.png","contentUrl":"https:\/\/modernteh.md\/wp-content\/uploads\/2022\/06\/Logo_site-2.png","width":500,"height":487,"caption":"Modernteh"},"image":{"@id":"https:\/\/modernteh.md\/#\/schema\/logo\/image\/"},"sameAs":["https:\/\/www.facebook.com\/profile.php?id=100082695620019"]}]}},"_links":{"self":[{"href":"https:\/\/modernteh.md\/ru\/wp-json\/wp\/v2\/product\/4624","targetHints":{"allow":["GET"]}}],"collection":[{"href":"https:\/\/modernteh.md\/ru\/wp-json\/wp\/v2\/product"}],"about":[{"href":"https:\/\/modernteh.md\/ru\/wp-json\/wp\/v2\/types\/product"}],"wp:featuredmedia":[{"embeddable":true,"href":"https:\/\/modernteh.md\/ru\/wp-json\/wp\/v2\/media\/4625"}],"wp:attachment":[{"href":"https:\/\/modernteh.md\/ru\/wp-json\/wp\/v2\/media?parent=4624"}],"wp:term":[{"taxonomy":"product_cat","embeddable":true,"href":"https:\/\/modernteh.md\/ru\/wp-json\/wp\/v2\/product_cat?post=4624"},{"taxonomy":"product_tag","embeddable":true,"href":"https:\/\/modernteh.md\/ru\/wp-json\/wp\/v2\/product_tag?post=4624"}],"curies":[{"name":"wp","href":"https:\/\/api.w.org\/{rel}","templated":true}]}}