{"id":4629,"date":"2025-07-01T11:15:12","date_gmt":"2025-07-01T11:15:12","guid":{"rendered":"https:\/\/modernteh.md\/?post_type=product&#038;p=4629"},"modified":"2025-07-01T11:15:13","modified_gmt":"2025-07-01T11:15:13","slug":"generator-diesel-28-kw-50hz-220v","status":"publish","type":"product","link":"https:\/\/modernteh.md\/ru\/catalog\/generator-diesel-28-kw-50hz-220v\/","title":{"rendered":"Generator diesel 2,8 kW, 50hz, 220V"},"content":{"rendered":"<h1 class=\"product_title entry-title wd-entities-title\">Generator diesel 2,8 kW, 50hz, 220V<\/h1>\n<p data-start=\"190\" data-end=\"512\">Generatorul\u00a0<strong data-start=\"202\" data-end=\"221\">Norwik NK3500DG<\/strong>\u00a0este solu\u021bia ideal\u0103 pentru alimentarea cu energie electric\u0103 \u00een gospod\u0103rii, \u0219antiere, ferme sau zone f\u0103r\u0103 acces la re\u021bea. Echipat cu motorul diesel\u00a0<strong data-start=\"369\" data-end=\"379\">NK178F<\/strong>\u00a0de\u00a0<strong data-start=\"383\" data-end=\"391\">7 CP<\/strong>\u00a0\u0219i o capacitate cilindric\u0103 de\u00a0<strong data-start=\"422\" data-end=\"432\">296 cc<\/strong>, acest model ofer\u0103 un raport excelent \u00eentre consum, fiabilitate \u0219i performan\u021b\u0103.<\/p>\n<h3 data-start=\"514\" data-end=\"541\">Caracteristici tehnice:<\/h3>\n<ul data-start=\"542\" data-end=\"845\">\n<li data-start=\"542\" data-end=\"568\">\n<p data-start=\"544\" data-end=\"568\"><strong data-start=\"544\" data-end=\"561\">Putere motor:<\/strong>\u00a07 CP<\/p>\n<\/li>\n<li data-start=\"569\" data-end=\"652\">\n<p data-start=\"571\" data-end=\"652\"><strong data-start=\"571\" data-end=\"593\">Tensiune de lucru:<\/strong>\u00a0disponibil \u00een versiune monofazat\u0103<\/p>\n<\/li>\n<li data-start=\"653\" data-end=\"717\">\n<p data-start=\"655\" data-end=\"677\"><strong data-start=\"655\" data-end=\"675\">Putere nominal\u0103:<\/strong><\/p>\n<ul data-start=\"680\" data-end=\"717\">\n<li data-start=\"680\" data-end=\"697\">\n<p data-start=\"682\" data-end=\"697\">50 Hz: 2.8 kW<\/p>\n<\/li>\n<li data-start=\"700\" data-end=\"717\">\n<p data-start=\"702\" data-end=\"717\">60 Hz: 3.0 kW<\/p>\n<\/li>\n<\/ul>\n<\/li>\n<li data-start=\"718\" data-end=\"780\">\n<p data-start=\"720\" data-end=\"740\"><strong data-start=\"720\" data-end=\"738\">Putere maxim\u0103:<\/strong><\/p>\n<ul data-start=\"743\" data-end=\"780\">\n<li data-start=\"743\" data-end=\"760\">\n<p data-start=\"745\" data-end=\"760\">50 Hz: 3.0 kW<\/p>\n<\/li>\n<li data-start=\"763\" data-end=\"780\">\n<p data-start=\"765\" data-end=\"780\">60 Hz: 3.3 kW<\/p>\n<\/li>\n<\/ul>\n<\/li>\n<li data-start=\"781\" data-end=\"845\">\n<p data-start=\"783\" data-end=\"803\"><strong data-start=\"783\" data-end=\"801\">Tura\u021bie motor:<\/strong><\/p>\n<ul data-start=\"806\" data-end=\"845\">\n<li data-start=\"806\" data-end=\"825\">\n<p data-start=\"808\" data-end=\"825\">50 Hz: 3000 rpm<\/p>\n<\/li>\n<li data-start=\"828\" data-end=\"845\">\n<p data-start=\"830\" data-end=\"845\">60 Hz: 3600 rpm<\/p>\n<\/li>\n<\/ul>\n<\/li>\n<\/ul>","protected":false},"excerpt":{"rendered":"<p>Generator diesel 2,8 kW, 50hz, 220V Generatorul\u00a0Norwik NK3500DG\u00a0este solu\u021bia ideal\u0103 pentru alimentarea cu energie electric\u0103 \u00een gospod\u0103rii, \u0219antiere, ferme sau<\/p>","protected":false},"featured_media":4630,"template":"","meta":[],"product_cat":[122],"product_tag":[],"class_list":{"0":"post-4629","1":"product","2":"type-product","3":"status-publish","4":"has-post-thumbnail","6":"product_cat-generatoare","8":"first","9":"instock","10":"shipping-taxable","11":"purchasable","12":"product-type-simple"},"yoast_head":"<!-- This site is optimized with the Yoast SEO plugin v20.12 - https:\/\/yoast.com\/wordpress\/plugins\/seo\/ -->\n<title>Generator diesel 2,8 kW, 50hz, 220V - Modernteh<\/title>\n<meta name=\"description\" content=\"Generator diesel 2,8 kW, 50hz, 220V\" \/>\n<meta name=\"robots\" content=\"index, follow, max-snippet:-1, max-image-preview:large, max-video-preview:-1\" \/>\n<link rel=\"canonical\" href=\"https:\/\/modernteh.md\/ru\/catalog\/generator-diesel-28-kw-50hz-220v\/\" \/>\n<meta property=\"og:locale\" content=\"ru_RU\" \/>\n<meta property=\"og:type\" content=\"article\" \/>\n<meta property=\"og:title\" content=\"Generator diesel 2,8 kW, 50hz, 220V - Modernteh\" \/>\n<meta property=\"og:description\" content=\"Generator diesel 2,8 kW, 50hz, 220V\" \/>\n<meta property=\"og:url\" content=\"https:\/\/modernteh.md\/ru\/catalog\/generator-diesel-28-kw-50hz-220v\/\" \/>\n<meta property=\"og:site_name\" content=\"Modernteh\" \/>\n<meta property=\"article:publisher\" content=\"https:\/\/www.facebook.com\/profile.php?id=100082695620019\" \/>\n<meta property=\"article:modified_time\" content=\"2025-07-01T11:15:13+00:00\" \/>\n<meta property=\"og:image\" content=\"https:\/\/modernteh.md\/wp-content\/uploads\/2025\/07\/NK3500DG-1-2-700x805-1.webp\" \/>\n\t<meta property=\"og:image:width\" content=\"700\" \/>\n\t<meta property=\"og:image:height\" content=\"805\" \/>\n\t<meta property=\"og:image:type\" content=\"image\/webp\" \/>\n<meta name=\"twitter:card\" content=\"summary_large_image\" \/>\n<meta name=\"twitter:label1\" content=\"\u041f\u0440\u0438\u043c\u0435\u0440\u043d\u043e\u0435 \u0432\u0440\u0435\u043c\u044f \u0434\u043b\u044f \u0447\u0442\u0435\u043d\u0438\u044f\" \/>\n\t<meta name=\"twitter:data1\" content=\"1 \u043c\u0438\u043d\u0443\u0442\u0430\" \/>\n<script type=\"application\/ld+json\" class=\"yoast-schema-graph\">{\"@context\":\"https:\/\/schema.org\",\"@graph\":[{\"@type\":\"WebPage\",\"@id\":\"https:\/\/modernteh.md\/catalog\/generator-diesel-28-kw-50hz-220v\/\",\"url\":\"https:\/\/modernteh.md\/catalog\/generator-diesel-28-kw-50hz-220v\/\",\"name\":\"Generator diesel 2,8 kW, 50hz, 220V - Modernteh\",\"isPartOf\":{\"@id\":\"https:\/\/modernteh.md\/#website\"},\"datePublished\":\"2025-07-01T11:15:12+00:00\",\"dateModified\":\"2025-07-01T11:15:13+00:00\",\"description\":\"Generator diesel 2,8 kW, 50hz, 220V\",\"breadcrumb\":{\"@id\":\"https:\/\/modernteh.md\/catalog\/generator-diesel-28-kw-50hz-220v\/#breadcrumb\"},\"inLanguage\":\"ru-RU\",\"potentialAction\":[{\"@type\":\"ReadAction\",\"target\":[\"https:\/\/modernteh.md\/catalog\/generator-diesel-28-kw-50hz-220v\/\"]}]},{\"@type\":\"BreadcrumbList\",\"@id\":\"https:\/\/modernteh.md\/catalog\/generator-diesel-28-kw-50hz-220v\/#breadcrumb\",\"itemListElement\":[{\"@type\":\"ListItem\",\"position\":1,\"name\":\"Prima pagin\u0103\",\"item\":\"https:\/\/modernteh.md\/\"},{\"@type\":\"ListItem\",\"position\":2,\"name\":\"Catalog\",\"item\":\"https:\/\/modernteh.md\/catalog\/\"},{\"@type\":\"ListItem\",\"position\":3,\"name\":\"Generator diesel 2,8 kW, 50hz, 220V\"}]},{\"@type\":\"WebSite\",\"@id\":\"https:\/\/modernteh.md\/#website\",\"url\":\"https:\/\/modernteh.md\/\",\"name\":\"Modernteh\",\"description\":\"Modernteh\",\"publisher\":{\"@id\":\"https:\/\/modernteh.md\/#organization\"},\"potentialAction\":[{\"@type\":\"SearchAction\",\"target\":{\"@type\":\"EntryPoint\",\"urlTemplate\":\"https:\/\/modernteh.md\/?s={search_term_string}\"},\"query-input\":\"required name=search_term_string\"}],\"inLanguage\":\"ru-RU\"},{\"@type\":\"Organization\",\"@id\":\"https:\/\/modernteh.md\/#organization\",\"name\":\"Modernteh\",\"url\":\"https:\/\/modernteh.md\/\",\"logo\":{\"@type\":\"ImageObject\",\"inLanguage\":\"ru-RU\",\"@id\":\"https:\/\/modernteh.md\/#\/schema\/logo\/image\/\",\"url\":\"https:\/\/modernteh.md\/wp-content\/uploads\/2022\/06\/Logo_site-2.png\",\"contentUrl\":\"https:\/\/modernteh.md\/wp-content\/uploads\/2022\/06\/Logo_site-2.png\",\"width\":500,\"height\":487,\"caption\":\"Modernteh\"},\"image\":{\"@id\":\"https:\/\/modernteh.md\/#\/schema\/logo\/image\/\"},\"sameAs\":[\"https:\/\/www.facebook.com\/profile.php?id=100082695620019\"]}]}<\/script>\n<!-- \/ Yoast SEO plugin. -->","yoast_head_json":{"title":"Generator diesel 2,8 kW, 50hz, 220V - Modernteh","description":"Generator diesel 2,8 kW, 50hz, 220V","robots":{"index":"index","follow":"follow","max-snippet":"max-snippet:-1","max-image-preview":"max-image-preview:large","max-video-preview":"max-video-preview:-1"},"canonical":"https:\/\/modernteh.md\/ru\/catalog\/generator-diesel-28-kw-50hz-220v\/","og_locale":"ru_RU","og_type":"article","og_title":"Generator diesel 2,8 kW, 50hz, 220V - Modernteh","og_description":"Generator diesel 2,8 kW, 50hz, 220V","og_url":"https:\/\/modernteh.md\/ru\/catalog\/generator-diesel-28-kw-50hz-220v\/","og_site_name":"Modernteh","article_publisher":"https:\/\/www.facebook.com\/profile.php?id=100082695620019","article_modified_time":"2025-07-01T11:15:13+00:00","og_image":[{"width":700,"height":805,"url":"https:\/\/modernteh.md\/wp-content\/uploads\/2025\/07\/NK3500DG-1-2-700x805-1.webp","type":"image\/webp"}],"twitter_card":"summary_large_image","twitter_misc":{"\u041f\u0440\u0438\u043c\u0435\u0440\u043d\u043e\u0435 \u0432\u0440\u0435\u043c\u044f \u0434\u043b\u044f \u0447\u0442\u0435\u043d\u0438\u044f":"1 \u043c\u0438\u043d\u0443\u0442\u0430"},"schema":{"@context":"https:\/\/schema.org","@graph":[{"@type":"WebPage","@id":"https:\/\/modernteh.md\/catalog\/generator-diesel-28-kw-50hz-220v\/","url":"https:\/\/modernteh.md\/catalog\/generator-diesel-28-kw-50hz-220v\/","name":"Generator diesel 2,8 kW, 50hz, 220V - Modernteh","isPartOf":{"@id":"https:\/\/modernteh.md\/#website"},"datePublished":"2025-07-01T11:15:12+00:00","dateModified":"2025-07-01T11:15:13+00:00","description":"Generator diesel 2,8 kW, 50hz, 220V","breadcrumb":{"@id":"https:\/\/modernteh.md\/catalog\/generator-diesel-28-kw-50hz-220v\/#breadcrumb"},"inLanguage":"ru-RU","potentialAction":[{"@type":"ReadAction","target":["https:\/\/modernteh.md\/catalog\/generator-diesel-28-kw-50hz-220v\/"]}]},{"@type":"BreadcrumbList","@id":"https:\/\/modernteh.md\/catalog\/generator-diesel-28-kw-50hz-220v\/#breadcrumb","itemListElement":[{"@type":"ListItem","position":1,"name":"Prima pagin\u0103","item":"https:\/\/modernteh.md\/"},{"@type":"ListItem","position":2,"name":"Catalog","item":"https:\/\/modernteh.md\/catalog\/"},{"@type":"ListItem","position":3,"name":"Generator diesel 2,8 kW, 50hz, 220V"}]},{"@type":"WebSite","@id":"https:\/\/modernteh.md\/#website","url":"https:\/\/modernteh.md\/","name":"Modernteh","description":"Modernteh","publisher":{"@id":"https:\/\/modernteh.md\/#organization"},"potentialAction":[{"@type":"SearchAction","target":{"@type":"EntryPoint","urlTemplate":"https:\/\/modernteh.md\/?s={search_term_string}"},"query-input":"required name=search_term_string"}],"inLanguage":"ru-RU"},{"@type":"Organization","@id":"https:\/\/modernteh.md\/#organization","name":"Modernteh","url":"https:\/\/modernteh.md\/","logo":{"@type":"ImageObject","inLanguage":"ru-RU","@id":"https:\/\/modernteh.md\/#\/schema\/logo\/image\/","url":"https:\/\/modernteh.md\/wp-content\/uploads\/2022\/06\/Logo_site-2.png","contentUrl":"https:\/\/modernteh.md\/wp-content\/uploads\/2022\/06\/Logo_site-2.png","width":500,"height":487,"caption":"Modernteh"},"image":{"@id":"https:\/\/modernteh.md\/#\/schema\/logo\/image\/"},"sameAs":["https:\/\/www.facebook.com\/profile.php?id=100082695620019"]}]}},"_links":{"self":[{"href":"https:\/\/modernteh.md\/ru\/wp-json\/wp\/v2\/product\/4629","targetHints":{"allow":["GET"]}}],"collection":[{"href":"https:\/\/modernteh.md\/ru\/wp-json\/wp\/v2\/product"}],"about":[{"href":"https:\/\/modernteh.md\/ru\/wp-json\/wp\/v2\/types\/product"}],"wp:featuredmedia":[{"embeddable":true,"href":"https:\/\/modernteh.md\/ru\/wp-json\/wp\/v2\/media\/4630"}],"wp:attachment":[{"href":"https:\/\/modernteh.md\/ru\/wp-json\/wp\/v2\/media?parent=4629"}],"wp:term":[{"taxonomy":"product_cat","embeddable":true,"href":"https:\/\/modernteh.md\/ru\/wp-json\/wp\/v2\/product_cat?post=4629"},{"taxonomy":"product_tag","embeddable":true,"href":"https:\/\/modernteh.md\/ru\/wp-json\/wp\/v2\/product_tag?post=4629"}],"curies":[{"name":"wp","href":"https:\/\/api.w.org\/{rel}","templated":true}]}}