{"id":4635,"date":"2025-07-01T11:40:46","date_gmt":"2025-07-01T11:40:46","guid":{"rendered":"https:\/\/modernteh.md\/?post_type=product&#038;p=4635"},"modified":"2025-07-01T11:40:48","modified_gmt":"2025-07-01T11:40:48","slug":"generator-gasoline-28-kw-50hz-220v","status":"publish","type":"product","link":"https:\/\/modernteh.md\/ru\/catalog\/generator-gasoline-28-kw-50hz-220v\/","title":{"rendered":"Generator gasoline 2,8 kW, 50hz, 220V"},"content":{"rendered":"<h1 class=\"product_title entry-title wd-entities-title\">Generator gasoline 2,8 kW, 50hz, 220V<\/h1>\n<h3 data-start=\"107\" data-end=\"175\">Generator pe benzin\u0103 Norwik NK3500 \u2013 Compact, Puternic \u0219i Fiabil<\/h3>\n<p data-start=\"177\" data-end=\"527\">Proiectat pentru utilizare casnic\u0103 \u0219i semiprofesional\u0103, generatorul\u00a0<strong data-start=\"245\" data-end=\"262\">Norwik NK3500<\/strong>\u00a0ofer\u0103 un echilibru perfect \u00eentre dimensiune, putere \u0219i eficien\u021b\u0103. Dotat cu un motor de\u00a0<strong data-start=\"350\" data-end=\"358\">7 CP<\/strong>\u00a0\u0219i o capacitate cilindric\u0103 de\u00a0<strong data-start=\"389\" data-end=\"399\">212 cc<\/strong>, acest model este ideal pentru alimentarea uneltelor electrice, electrocasnicelor sau sistemelor de iluminat \u00een caz de urgen\u021b\u0103.<\/p>\n<p data-start=\"529\" data-end=\"557\"><strong data-start=\"532\" data-end=\"557\">\u0422\u0435\u0445\u043d\u0438\u0447\u0435\u0441\u043a\u0438\u0435 \u0445\u0430\u0440\u0430\u043a\u0442\u0435\u0440\u0438\u0441\u0442\u0438\u043a\u0438:<\/strong><\/p>\n<ul data-start=\"559\" data-end=\"767\">\n<li data-start=\"559\" data-end=\"625\">\n<p data-start=\"561\" data-end=\"581\"><strong data-start=\"561\" data-end=\"579\">Putere maxim\u0103:<\/strong><\/p>\n<ul data-start=\"584\" data-end=\"625\">\n<li data-start=\"584\" data-end=\"604\">\n<p data-start=\"586\" data-end=\"604\">50Hz:\u00a0<strong data-start=\"592\" data-end=\"602\">3.0 kW<\/strong><\/p>\n<\/li>\n<li data-start=\"607\" data-end=\"625\">\n<p data-start=\"609\" data-end=\"625\">60Hz:\u00a0<strong data-start=\"615\" data-end=\"625\">3.3 kW<\/strong><\/p>\n<\/li>\n<\/ul>\n<\/li>\n<li data-start=\"627\" data-end=\"695\">\n<p data-start=\"629\" data-end=\"651\"><strong data-start=\"629\" data-end=\"649\">Putere nominal\u0103:<\/strong><\/p>\n<ul data-start=\"654\" data-end=\"695\">\n<li data-start=\"654\" data-end=\"674\">\n<p data-start=\"656\" data-end=\"674\">50Hz:\u00a0<strong data-start=\"662\" data-end=\"672\">2.8 kW<\/strong><\/p>\n<\/li>\n<li data-start=\"677\" data-end=\"695\">\n<p data-start=\"679\" data-end=\"695\">60Hz:\u00a0<strong data-start=\"685\" data-end=\"695\">3.0 kW<\/strong><\/p>\n<\/li>\n<\/ul>\n<\/li>\n<li data-start=\"697\" data-end=\"767\">\n<p data-start=\"699\" data-end=\"719\"><strong data-start=\"699\" data-end=\"717\">Tura\u021bie motor:<\/strong><\/p>\n<ul data-start=\"722\" data-end=\"767\">\n<li data-start=\"722\" data-end=\"744\">\n<p data-start=\"724\" data-end=\"744\">50Hz:\u00a0<strong data-start=\"730\" data-end=\"742\">3000 rpm<\/strong><\/p>\n<\/li>\n<li data-start=\"747\" data-end=\"767\">\n<p data-start=\"749\" data-end=\"767\">60Hz:\u00a0<strong data-start=\"755\" data-end=\"767\">3600 rpm<\/strong><\/p>\n<\/li>\n<\/ul>\n<\/li>\n<\/ul>\n<p data-start=\"769\" data-end=\"865\">Respect\u0103 norma\u00a0<strong data-start=\"786\" data-end=\"802\">Euro Stage V<\/strong>\u00a0pentru emisii reduse, oferind un impact minim asupra mediului.<\/p>\n<p data-start=\"867\" data-end=\"1056\">Cu un cadru metalic rezistent \u0219i ro\u021bi pentru transport facil,\u00a0<strong data-start=\"929\" data-end=\"946\">Norwik NK3500<\/strong>\u00a0este alegerea ideal\u0103 pentru gospod\u0103rii, lucr\u0103ri de construc\u021bii u\u0219oare sau activit\u0103\u021bi recreative \u00een aer liber.<\/p>\n<p>&nbsp;<\/p>","protected":false},"excerpt":{"rendered":"<p>Generator gasoline 2,8 kW, 50hz, 220V Generator pe benzin\u0103 Norwik NK3500 \u2013 Compact, Puternic \u0219i Fiabil Proiectat pentru utilizare casnic\u0103<\/p>","protected":false},"featured_media":4636,"template":"","meta":[],"product_cat":[122],"product_tag":[],"class_list":{"0":"post-4635","1":"product","2":"type-product","3":"status-publish","4":"has-post-thumbnail","6":"product_cat-generatoare","8":"first","9":"instock","10":"shipping-taxable","11":"purchasable","12":"product-type-simple"},"yoast_head":"<!-- This site is optimized with the Yoast SEO plugin v20.12 - https:\/\/yoast.com\/wordpress\/plugins\/seo\/ -->\n<title>Generator gasoline 2,8 kW, 50hz, 220V - Modernteh<\/title>\n<meta name=\"description\" content=\"Generator gasoline 2,8 kW, 50hz, 220V\" \/>\n<meta name=\"robots\" content=\"index, follow, max-snippet:-1, max-image-preview:large, max-video-preview:-1\" \/>\n<link rel=\"canonical\" href=\"https:\/\/modernteh.md\/ru\/catalog\/generator-gasoline-28-kw-50hz-220v\/\" \/>\n<meta property=\"og:locale\" content=\"ru_RU\" \/>\n<meta property=\"og:type\" content=\"article\" \/>\n<meta property=\"og:title\" content=\"Generator gasoline 2,8 kW, 50hz, 220V - Modernteh\" \/>\n<meta property=\"og:description\" content=\"Generator gasoline 2,8 kW, 50hz, 220V\" \/>\n<meta property=\"og:url\" content=\"https:\/\/modernteh.md\/ru\/catalog\/generator-gasoline-28-kw-50hz-220v\/\" \/>\n<meta property=\"og:site_name\" content=\"Modernteh\" \/>\n<meta property=\"article:publisher\" content=\"https:\/\/www.facebook.com\/profile.php?id=100082695620019\" \/>\n<meta property=\"article:modified_time\" content=\"2025-07-01T11:40:48+00:00\" \/>\n<meta property=\"og:image\" content=\"https:\/\/modernteh.md\/wp-content\/uploads\/2025\/07\/NK3500E-1-3.webp\" \/>\n\t<meta property=\"og:image:width\" content=\"1080\" \/>\n\t<meta property=\"og:image:height\" content=\"1242\" \/>\n\t<meta property=\"og:image:type\" content=\"image\/webp\" \/>\n<meta name=\"twitter:card\" content=\"summary_large_image\" \/>\n<meta name=\"twitter:label1\" content=\"\u041f\u0440\u0438\u043c\u0435\u0440\u043d\u043e\u0435 \u0432\u0440\u0435\u043c\u044f \u0434\u043b\u044f \u0447\u0442\u0435\u043d\u0438\u044f\" \/>\n\t<meta name=\"twitter:data1\" content=\"1 \u043c\u0438\u043d\u0443\u0442\u0430\" \/>\n<script type=\"application\/ld+json\" class=\"yoast-schema-graph\">{\"@context\":\"https:\/\/schema.org\",\"@graph\":[{\"@type\":\"WebPage\",\"@id\":\"https:\/\/modernteh.md\/catalog\/generator-gasoline-28-kw-50hz-220v\/\",\"url\":\"https:\/\/modernteh.md\/catalog\/generator-gasoline-28-kw-50hz-220v\/\",\"name\":\"Generator gasoline 2,8 kW, 50hz, 220V - Modernteh\",\"isPartOf\":{\"@id\":\"https:\/\/modernteh.md\/#website\"},\"datePublished\":\"2025-07-01T11:40:46+00:00\",\"dateModified\":\"2025-07-01T11:40:48+00:00\",\"description\":\"Generator gasoline 2,8 kW, 50hz, 220V\",\"breadcrumb\":{\"@id\":\"https:\/\/modernteh.md\/catalog\/generator-gasoline-28-kw-50hz-220v\/#breadcrumb\"},\"inLanguage\":\"ru-RU\",\"potentialAction\":[{\"@type\":\"ReadAction\",\"target\":[\"https:\/\/modernteh.md\/catalog\/generator-gasoline-28-kw-50hz-220v\/\"]}]},{\"@type\":\"BreadcrumbList\",\"@id\":\"https:\/\/modernteh.md\/catalog\/generator-gasoline-28-kw-50hz-220v\/#breadcrumb\",\"itemListElement\":[{\"@type\":\"ListItem\",\"position\":1,\"name\":\"Prima pagin\u0103\",\"item\":\"https:\/\/modernteh.md\/\"},{\"@type\":\"ListItem\",\"position\":2,\"name\":\"Catalog\",\"item\":\"https:\/\/modernteh.md\/catalog\/\"},{\"@type\":\"ListItem\",\"position\":3,\"name\":\"Generator gasoline 2,8 kW, 50hz, 220V\"}]},{\"@type\":\"WebSite\",\"@id\":\"https:\/\/modernteh.md\/#website\",\"url\":\"https:\/\/modernteh.md\/\",\"name\":\"Modernteh\",\"description\":\"Modernteh\",\"publisher\":{\"@id\":\"https:\/\/modernteh.md\/#organization\"},\"potentialAction\":[{\"@type\":\"SearchAction\",\"target\":{\"@type\":\"EntryPoint\",\"urlTemplate\":\"https:\/\/modernteh.md\/?s={search_term_string}\"},\"query-input\":\"required name=search_term_string\"}],\"inLanguage\":\"ru-RU\"},{\"@type\":\"Organization\",\"@id\":\"https:\/\/modernteh.md\/#organization\",\"name\":\"Modernteh\",\"url\":\"https:\/\/modernteh.md\/\",\"logo\":{\"@type\":\"ImageObject\",\"inLanguage\":\"ru-RU\",\"@id\":\"https:\/\/modernteh.md\/#\/schema\/logo\/image\/\",\"url\":\"https:\/\/modernteh.md\/wp-content\/uploads\/2022\/06\/Logo_site-2.png\",\"contentUrl\":\"https:\/\/modernteh.md\/wp-content\/uploads\/2022\/06\/Logo_site-2.png\",\"width\":500,\"height\":487,\"caption\":\"Modernteh\"},\"image\":{\"@id\":\"https:\/\/modernteh.md\/#\/schema\/logo\/image\/\"},\"sameAs\":[\"https:\/\/www.facebook.com\/profile.php?id=100082695620019\"]}]}<\/script>\n<!-- \/ Yoast SEO plugin. -->","yoast_head_json":{"title":"Generator gasoline 2,8 kW, 50hz, 220V - Modernteh","description":"Generator gasoline 2,8 kW, 50hz, 220V","robots":{"index":"index","follow":"follow","max-snippet":"max-snippet:-1","max-image-preview":"max-image-preview:large","max-video-preview":"max-video-preview:-1"},"canonical":"https:\/\/modernteh.md\/ru\/catalog\/generator-gasoline-28-kw-50hz-220v\/","og_locale":"ru_RU","og_type":"article","og_title":"Generator gasoline 2,8 kW, 50hz, 220V - Modernteh","og_description":"Generator gasoline 2,8 kW, 50hz, 220V","og_url":"https:\/\/modernteh.md\/ru\/catalog\/generator-gasoline-28-kw-50hz-220v\/","og_site_name":"Modernteh","article_publisher":"https:\/\/www.facebook.com\/profile.php?id=100082695620019","article_modified_time":"2025-07-01T11:40:48+00:00","og_image":[{"width":1080,"height":1242,"url":"https:\/\/modernteh.md\/wp-content\/uploads\/2025\/07\/NK3500E-1-3.webp","type":"image\/webp"}],"twitter_card":"summary_large_image","twitter_misc":{"\u041f\u0440\u0438\u043c\u0435\u0440\u043d\u043e\u0435 \u0432\u0440\u0435\u043c\u044f \u0434\u043b\u044f \u0447\u0442\u0435\u043d\u0438\u044f":"1 \u043c\u0438\u043d\u0443\u0442\u0430"},"schema":{"@context":"https:\/\/schema.org","@graph":[{"@type":"WebPage","@id":"https:\/\/modernteh.md\/catalog\/generator-gasoline-28-kw-50hz-220v\/","url":"https:\/\/modernteh.md\/catalog\/generator-gasoline-28-kw-50hz-220v\/","name":"Generator gasoline 2,8 kW, 50hz, 220V - Modernteh","isPartOf":{"@id":"https:\/\/modernteh.md\/#website"},"datePublished":"2025-07-01T11:40:46+00:00","dateModified":"2025-07-01T11:40:48+00:00","description":"Generator gasoline 2,8 kW, 50hz, 220V","breadcrumb":{"@id":"https:\/\/modernteh.md\/catalog\/generator-gasoline-28-kw-50hz-220v\/#breadcrumb"},"inLanguage":"ru-RU","potentialAction":[{"@type":"ReadAction","target":["https:\/\/modernteh.md\/catalog\/generator-gasoline-28-kw-50hz-220v\/"]}]},{"@type":"BreadcrumbList","@id":"https:\/\/modernteh.md\/catalog\/generator-gasoline-28-kw-50hz-220v\/#breadcrumb","itemListElement":[{"@type":"ListItem","position":1,"name":"Prima pagin\u0103","item":"https:\/\/modernteh.md\/"},{"@type":"ListItem","position":2,"name":"Catalog","item":"https:\/\/modernteh.md\/catalog\/"},{"@type":"ListItem","position":3,"name":"Generator gasoline 2,8 kW, 50hz, 220V"}]},{"@type":"WebSite","@id":"https:\/\/modernteh.md\/#website","url":"https:\/\/modernteh.md\/","name":"Modernteh","description":"Modernteh","publisher":{"@id":"https:\/\/modernteh.md\/#organization"},"potentialAction":[{"@type":"SearchAction","target":{"@type":"EntryPoint","urlTemplate":"https:\/\/modernteh.md\/?s={search_term_string}"},"query-input":"required name=search_term_string"}],"inLanguage":"ru-RU"},{"@type":"Organization","@id":"https:\/\/modernteh.md\/#organization","name":"Modernteh","url":"https:\/\/modernteh.md\/","logo":{"@type":"ImageObject","inLanguage":"ru-RU","@id":"https:\/\/modernteh.md\/#\/schema\/logo\/image\/","url":"https:\/\/modernteh.md\/wp-content\/uploads\/2022\/06\/Logo_site-2.png","contentUrl":"https:\/\/modernteh.md\/wp-content\/uploads\/2022\/06\/Logo_site-2.png","width":500,"height":487,"caption":"Modernteh"},"image":{"@id":"https:\/\/modernteh.md\/#\/schema\/logo\/image\/"},"sameAs":["https:\/\/www.facebook.com\/profile.php?id=100082695620019"]}]}},"_links":{"self":[{"href":"https:\/\/modernteh.md\/ru\/wp-json\/wp\/v2\/product\/4635","targetHints":{"allow":["GET"]}}],"collection":[{"href":"https:\/\/modernteh.md\/ru\/wp-json\/wp\/v2\/product"}],"about":[{"href":"https:\/\/modernteh.md\/ru\/wp-json\/wp\/v2\/types\/product"}],"wp:featuredmedia":[{"embeddable":true,"href":"https:\/\/modernteh.md\/ru\/wp-json\/wp\/v2\/media\/4636"}],"wp:attachment":[{"href":"https:\/\/modernteh.md\/ru\/wp-json\/wp\/v2\/media?parent=4635"}],"wp:term":[{"taxonomy":"product_cat","embeddable":true,"href":"https:\/\/modernteh.md\/ru\/wp-json\/wp\/v2\/product_cat?post=4635"},{"taxonomy":"product_tag","embeddable":true,"href":"https:\/\/modernteh.md\/ru\/wp-json\/wp\/v2\/product_tag?post=4635"}],"curies":[{"name":"wp","href":"https:\/\/api.w.org\/{rel}","templated":true}]}}