{"id":4637,"date":"2025-07-01T12:07:52","date_gmt":"2025-07-01T12:07:52","guid":{"rendered":"https:\/\/modernteh.md\/?post_type=product&#038;p=4637"},"modified":"2026-02-18T11:29:57","modified_gmt":"2026-02-18T11:29:57","slug":"motopompa-diesel-11cp-42m3-ora-9bar","status":"publish","type":"product","link":"https:\/\/modernteh.md\/ru\/catalog\/motopompa-diesel-11cp-42m3-ora-9bar\/","title":{"rendered":"MOTOPOMPA DIESEL 11cp, 42m3\/ora, 9bar"},"content":{"rendered":"<h1 class=\"product_title entry-title wd-entities-title\">MOTOPOMPA DIESEL 11cp, 42m3\/ora, 9bar<\/h1>\n<p data-start=\"68\" data-end=\"144\"><strong data-start=\"71\" data-end=\"144\">Motopomp\u0103 diesel DNK30CP-20811 \u2013 Presiune mare, performan\u021b\u0103 constant\u0103<\/strong><\/p>\n<p data-start=\"146\" data-end=\"437\">Proiectat\u0103 pentru aplica\u021bii solicitante \u00een agricultur\u0103, iriga\u021bii sau construc\u021bii, motopompa\u00a0<strong data-start=\"238\" data-end=\"255\">DNK30CP-20811<\/strong>\u00a0combin\u0103 eficien\u021ba cu presiunea ridicat\u0103. Echipat\u0103 cu motor\u00a0<strong data-start=\"315\" data-end=\"326\">NK188FB<\/strong>\u00a0de\u00a0<strong data-start=\"330\" data-end=\"339\">11 CP<\/strong>\u00a0\u0219i rotor de\u00a0<strong data-start=\"352\" data-end=\"362\">208 mm<\/strong>, aceast\u0103 pomp\u0103 din font\u0103 ofer\u0103 o\u00a0<strong data-start=\"396\" data-end=\"436\">\u00een\u0103l\u021bime de refulare de p\u00e2n\u0103 la 90 m<\/strong>.<\/p>\n<p data-start=\"439\" data-end=\"752\"><strong data-start=\"442\" data-end=\"459\">Putere motor:<\/strong>\u00a011 CP<br data-start=\"465\" data-end=\"468\" \/><strong data-start=\"471\" data-end=\"497\">Capacitate cilindric\u0103:<\/strong>\u00a0456 cc<br data-start=\"504\" data-end=\"507\" \/><strong data-start=\"510\" data-end=\"539\">Racorduri intrare\/ie\u0219ire:<\/strong>\u00a03\u2033 x 3\u2033<br data-start=\"547\" data-end=\"550\" \/><strong data-start=\"553\" data-end=\"563\" data-is-only-node=\"\">Rotor:<\/strong>\u00a0208 mm<br data-start=\"570\" data-end=\"573\" \/><strong data-start=\"576\" data-end=\"597\">Aspira\u021bie maxim\u0103:<\/strong>\u00a07 m<br data-start=\"601\" data-end=\"604\" \/><strong data-start=\"607\" data-end=\"637\">\u00cen\u0103l\u021bime refulare (H Max):<\/strong>\u00a090 m<br data-start=\"642\" data-end=\"645\" \/><strong data-start=\"648\" data-end=\"672\">Debit maxim (Q Max):<\/strong>\u00a042 m\u00b3\/h<br data-start=\"680\" data-end=\"683\" \/><strong data-start=\"686\" data-end=\"698\">Tura\u021bie:<\/strong>\u00a03600 rpm<br data-start=\"707\" data-end=\"710\" \/><strong data-start=\"713\" data-end=\"752\">Motor conform normelor EURO STAGE V<\/strong><\/p>","protected":false},"excerpt":{"rendered":"<p>MOTOPOMPA DIESEL 11cp, 42m3\/ora, 9bar Motopomp\u0103 diesel DNK30CP-20811 \u2013 Presiune mare, performan\u021b\u0103 constant\u0103 Proiectat\u0103 pentru aplica\u021bii solicitante \u00een agricultur\u0103, iriga\u021bii<\/p>","protected":false},"featured_media":4638,"template":"","meta":[],"product_cat":[115],"product_tag":[],"class_list":{"0":"post-4637","1":"product","2":"type-product","3":"status-publish","4":"has-post-thumbnail","6":"product_cat-motopompe","8":"first","9":"instock","10":"shipping-taxable","11":"purchasable","12":"product-type-simple"},"yoast_head":"<!-- This site is optimized with the Yoast SEO plugin v20.12 - https:\/\/yoast.com\/wordpress\/plugins\/seo\/ -->\n<title>MOTOPOMPA DIESEL 11cp, 42m3\/ora, 9bar - Modernteh<\/title>\n<meta name=\"description\" content=\"MOTOPOMPA DIESEL 11cp, 42m3\/ora, 9bar\" \/>\n<meta name=\"robots\" content=\"index, follow, max-snippet:-1, max-image-preview:large, max-video-preview:-1\" \/>\n<link rel=\"canonical\" href=\"https:\/\/modernteh.md\/ru\/catalog\/motopompa-diesel-11cp-42m3-ora-9bar\/\" \/>\n<meta property=\"og:locale\" content=\"ru_RU\" \/>\n<meta property=\"og:type\" content=\"article\" \/>\n<meta property=\"og:title\" content=\"MOTOPOMPA DIESEL 11cp, 42m3\/ora, 9bar - Modernteh\" \/>\n<meta property=\"og:description\" content=\"MOTOPOMPA DIESEL 11cp, 42m3\/ora, 9bar\" \/>\n<meta property=\"og:url\" content=\"https:\/\/modernteh.md\/ru\/catalog\/motopompa-diesel-11cp-42m3-ora-9bar\/\" \/>\n<meta property=\"og:site_name\" content=\"Modernteh\" \/>\n<meta property=\"article:publisher\" content=\"https:\/\/www.facebook.com\/profile.php?id=100082695620019\" \/>\n<meta property=\"article:modified_time\" content=\"2026-02-18T11:29:57+00:00\" \/>\n<meta property=\"og:image\" content=\"https:\/\/modernteh.md\/wp-content\/uploads\/2025\/07\/DNK30CP-20811-1-2.webp\" \/>\n\t<meta property=\"og:image:width\" content=\"1080\" \/>\n\t<meta property=\"og:image:height\" content=\"1242\" \/>\n\t<meta property=\"og:image:type\" content=\"image\/webp\" \/>\n<meta name=\"twitter:card\" content=\"summary_large_image\" \/>\n<meta name=\"twitter:label1\" content=\"\u041f\u0440\u0438\u043c\u0435\u0440\u043d\u043e\u0435 \u0432\u0440\u0435\u043c\u044f \u0434\u043b\u044f \u0447\u0442\u0435\u043d\u0438\u044f\" \/>\n\t<meta name=\"twitter:data1\" content=\"1 \u043c\u0438\u043d\u0443\u0442\u0430\" \/>\n<script type=\"application\/ld+json\" class=\"yoast-schema-graph\">{\"@context\":\"https:\/\/schema.org\",\"@graph\":[{\"@type\":\"WebPage\",\"@id\":\"https:\/\/modernteh.md\/catalog\/motopompa-diesel-11cp-42m3-ora-9bar\/\",\"url\":\"https:\/\/modernteh.md\/catalog\/motopompa-diesel-11cp-42m3-ora-9bar\/\",\"name\":\"MOTOPOMPA DIESEL 11cp, 42m3\/ora, 9bar - Modernteh\",\"isPartOf\":{\"@id\":\"https:\/\/modernteh.md\/#website\"},\"datePublished\":\"2025-07-01T12:07:52+00:00\",\"dateModified\":\"2026-02-18T11:29:57+00:00\",\"description\":\"MOTOPOMPA DIESEL 11cp, 42m3\/ora, 9bar\",\"breadcrumb\":{\"@id\":\"https:\/\/modernteh.md\/catalog\/motopompa-diesel-11cp-42m3-ora-9bar\/#breadcrumb\"},\"inLanguage\":\"ru-RU\",\"potentialAction\":[{\"@type\":\"ReadAction\",\"target\":[\"https:\/\/modernteh.md\/catalog\/motopompa-diesel-11cp-42m3-ora-9bar\/\"]}]},{\"@type\":\"BreadcrumbList\",\"@id\":\"https:\/\/modernteh.md\/catalog\/motopompa-diesel-11cp-42m3-ora-9bar\/#breadcrumb\",\"itemListElement\":[{\"@type\":\"ListItem\",\"position\":1,\"name\":\"Prima pagin\u0103\",\"item\":\"https:\/\/modernteh.md\/\"},{\"@type\":\"ListItem\",\"position\":2,\"name\":\"Catalog\",\"item\":\"https:\/\/modernteh.md\/catalog\/\"},{\"@type\":\"ListItem\",\"position\":3,\"name\":\"MOTOPOMPA DIESEL 11cp, 42m3\/ora, 9bar\"}]},{\"@type\":\"WebSite\",\"@id\":\"https:\/\/modernteh.md\/#website\",\"url\":\"https:\/\/modernteh.md\/\",\"name\":\"Modernteh\",\"description\":\"Modernteh\",\"publisher\":{\"@id\":\"https:\/\/modernteh.md\/#organization\"},\"potentialAction\":[{\"@type\":\"SearchAction\",\"target\":{\"@type\":\"EntryPoint\",\"urlTemplate\":\"https:\/\/modernteh.md\/?s={search_term_string}\"},\"query-input\":\"required name=search_term_string\"}],\"inLanguage\":\"ru-RU\"},{\"@type\":\"Organization\",\"@id\":\"https:\/\/modernteh.md\/#organization\",\"name\":\"Modernteh\",\"url\":\"https:\/\/modernteh.md\/\",\"logo\":{\"@type\":\"ImageObject\",\"inLanguage\":\"ru-RU\",\"@id\":\"https:\/\/modernteh.md\/#\/schema\/logo\/image\/\",\"url\":\"https:\/\/modernteh.md\/wp-content\/uploads\/2022\/06\/Logo_site-2.png\",\"contentUrl\":\"https:\/\/modernteh.md\/wp-content\/uploads\/2022\/06\/Logo_site-2.png\",\"width\":500,\"height\":487,\"caption\":\"Modernteh\"},\"image\":{\"@id\":\"https:\/\/modernteh.md\/#\/schema\/logo\/image\/\"},\"sameAs\":[\"https:\/\/www.facebook.com\/profile.php?id=100082695620019\"]}]}<\/script>\n<!-- \/ Yoast SEO plugin. -->","yoast_head_json":{"title":"MOTOPOMPA DIESEL 11cp, 42m3\/ora, 9bar - Modernteh","description":"MOTOPOMPA DIESEL 11cp, 42m3\/ora, 9bar","robots":{"index":"index","follow":"follow","max-snippet":"max-snippet:-1","max-image-preview":"max-image-preview:large","max-video-preview":"max-video-preview:-1"},"canonical":"https:\/\/modernteh.md\/ru\/catalog\/motopompa-diesel-11cp-42m3-ora-9bar\/","og_locale":"ru_RU","og_type":"article","og_title":"MOTOPOMPA DIESEL 11cp, 42m3\/ora, 9bar - Modernteh","og_description":"MOTOPOMPA DIESEL 11cp, 42m3\/ora, 9bar","og_url":"https:\/\/modernteh.md\/ru\/catalog\/motopompa-diesel-11cp-42m3-ora-9bar\/","og_site_name":"Modernteh","article_publisher":"https:\/\/www.facebook.com\/profile.php?id=100082695620019","article_modified_time":"2026-02-18T11:29:57+00:00","og_image":[{"width":1080,"height":1242,"url":"https:\/\/modernteh.md\/wp-content\/uploads\/2025\/07\/DNK30CP-20811-1-2.webp","type":"image\/webp"}],"twitter_card":"summary_large_image","twitter_misc":{"\u041f\u0440\u0438\u043c\u0435\u0440\u043d\u043e\u0435 \u0432\u0440\u0435\u043c\u044f \u0434\u043b\u044f \u0447\u0442\u0435\u043d\u0438\u044f":"1 \u043c\u0438\u043d\u0443\u0442\u0430"},"schema":{"@context":"https:\/\/schema.org","@graph":[{"@type":"WebPage","@id":"https:\/\/modernteh.md\/catalog\/motopompa-diesel-11cp-42m3-ora-9bar\/","url":"https:\/\/modernteh.md\/catalog\/motopompa-diesel-11cp-42m3-ora-9bar\/","name":"MOTOPOMPA DIESEL 11cp, 42m3\/ora, 9bar - Modernteh","isPartOf":{"@id":"https:\/\/modernteh.md\/#website"},"datePublished":"2025-07-01T12:07:52+00:00","dateModified":"2026-02-18T11:29:57+00:00","description":"MOTOPOMPA DIESEL 11cp, 42m3\/ora, 9bar","breadcrumb":{"@id":"https:\/\/modernteh.md\/catalog\/motopompa-diesel-11cp-42m3-ora-9bar\/#breadcrumb"},"inLanguage":"ru-RU","potentialAction":[{"@type":"ReadAction","target":["https:\/\/modernteh.md\/catalog\/motopompa-diesel-11cp-42m3-ora-9bar\/"]}]},{"@type":"BreadcrumbList","@id":"https:\/\/modernteh.md\/catalog\/motopompa-diesel-11cp-42m3-ora-9bar\/#breadcrumb","itemListElement":[{"@type":"ListItem","position":1,"name":"Prima pagin\u0103","item":"https:\/\/modernteh.md\/"},{"@type":"ListItem","position":2,"name":"Catalog","item":"https:\/\/modernteh.md\/catalog\/"},{"@type":"ListItem","position":3,"name":"MOTOPOMPA DIESEL 11cp, 42m3\/ora, 9bar"}]},{"@type":"WebSite","@id":"https:\/\/modernteh.md\/#website","url":"https:\/\/modernteh.md\/","name":"Modernteh","description":"Modernteh","publisher":{"@id":"https:\/\/modernteh.md\/#organization"},"potentialAction":[{"@type":"SearchAction","target":{"@type":"EntryPoint","urlTemplate":"https:\/\/modernteh.md\/?s={search_term_string}"},"query-input":"required name=search_term_string"}],"inLanguage":"ru-RU"},{"@type":"Organization","@id":"https:\/\/modernteh.md\/#organization","name":"Modernteh","url":"https:\/\/modernteh.md\/","logo":{"@type":"ImageObject","inLanguage":"ru-RU","@id":"https:\/\/modernteh.md\/#\/schema\/logo\/image\/","url":"https:\/\/modernteh.md\/wp-content\/uploads\/2022\/06\/Logo_site-2.png","contentUrl":"https:\/\/modernteh.md\/wp-content\/uploads\/2022\/06\/Logo_site-2.png","width":500,"height":487,"caption":"Modernteh"},"image":{"@id":"https:\/\/modernteh.md\/#\/schema\/logo\/image\/"},"sameAs":["https:\/\/www.facebook.com\/profile.php?id=100082695620019"]}]}},"_links":{"self":[{"href":"https:\/\/modernteh.md\/ru\/wp-json\/wp\/v2\/product\/4637","targetHints":{"allow":["GET"]}}],"collection":[{"href":"https:\/\/modernteh.md\/ru\/wp-json\/wp\/v2\/product"}],"about":[{"href":"https:\/\/modernteh.md\/ru\/wp-json\/wp\/v2\/types\/product"}],"wp:featuredmedia":[{"embeddable":true,"href":"https:\/\/modernteh.md\/ru\/wp-json\/wp\/v2\/media\/4638"}],"wp:attachment":[{"href":"https:\/\/modernteh.md\/ru\/wp-json\/wp\/v2\/media?parent=4637"}],"wp:term":[{"taxonomy":"product_cat","embeddable":true,"href":"https:\/\/modernteh.md\/ru\/wp-json\/wp\/v2\/product_cat?post=4637"},{"taxonomy":"product_tag","embeddable":true,"href":"https:\/\/modernteh.md\/ru\/wp-json\/wp\/v2\/product_tag?post=4637"}],"curies":[{"name":"wp","href":"https:\/\/api.w.org\/{rel}","templated":true}]}}