{"id":4647,"date":"2025-07-10T10:45:18","date_gmt":"2025-07-10T10:45:18","guid":{"rendered":"https:\/\/modernteh.md\/?post_type=product&#038;p=4647"},"modified":"2026-03-12T12:13:37","modified_gmt":"2026-03-12T12:13:37","slug":"trambulina-o-183-%d1%81m-cu-cadru-metalic-si-plasa-de-protectie","status":"publish","type":"product","link":"https:\/\/modernteh.md\/ru\/catalog\/trambulina-o-183-%d1%81m-cu-cadru-metalic-si-plasa-de-protectie\/","title":{"rendered":"Trambulin\u0103 \u00d8 183 \u0441m cu cadru metalic \u0219i plas\u0103 de protec\u021bie"},"content":{"rendered":"<h1 class=\"product_title entry-title wd-entities-title\">Trambulin\u0103 \u00d8 183 \u0441m cu cadru metalic \u0219i plas\u0103 de protec\u021bie<\/h1>\n<p><strong>Trambulina are diametrul de 183 cm, cadru metalic \u0219i o plas\u0103 de protec\u021bie, este o modalitate ideal\u0103 de a oferi copiilor timp de distrac\u021bie activ\u0103 \u0219i pl\u0103cut \u00een aer liber.<\/strong><\/p>\n<p>Cadrele metalice solide asigur\u0103 sus\u021binerea \u0219i stabilitatea \u00een timpul s\u0103riturilor, iar plasa de protec\u021bie previne c\u0103derile \u0219i asigur\u0103 siguran\u021ba copiilor \u00een timpul jocului.<\/p>\n<p><strong>Trambulina<\/strong>\u00a0nu este doar o modalitate excelent\u0103 pentru copii de a se distra, ci \u0219i un instrument valoros pentru dezvoltarea abilit\u0103\u021bilor lor fizice. S\u0103riturile pe ea contribuie la dezvoltarea coordon\u0103rii, echilibrului \u0219i for\u021bei, precum \u0219i la \u00eembun\u0103t\u0103\u021birea rezisten\u021bei cardiovasculare.<\/p>\n<p>\u00cen plus, ajut\u0103 copiii s\u0103-\u0219i dezvolte abilit\u0103\u021bile sociale, cum ar fi petrecerea timpului \u00eempreun\u0103, interac\u021biunea \u0219i cooperarea. Jocurile distractive contribuie la formarea rela\u021biilor de prietenie \u0219i \u00eembun\u0103t\u0103\u021besc comunicarea \u00eentre copii.<\/p>\n<p>\u00cen general, trambulina, reprezint\u0103 o investi\u021bie excelent\u0103 \u00een s\u0103n\u0103tatea \u0219i dezvoltarea copiilor, oferindu-le timp de distrac\u021bie sigur \u0219i plin de bucurie \u00een aer liber.<\/p>","protected":false},"excerpt":{"rendered":"<p>Trambulin\u0103 \u00d8 183 \u0441m cu cadru metalic \u0219i plas\u0103 de protec\u021bie Trambulina are diametrul de 183 cm, cadru metalic \u0219i<\/p>","protected":false},"featured_media":4648,"template":"","meta":[],"product_cat":[203],"product_tag":[],"class_list":{"0":"post-4647","1":"product","2":"type-product","3":"status-publish","4":"has-post-thumbnail","6":"product_cat-bazine-si-camping","8":"first","9":"instock","10":"shipping-taxable","11":"purchasable","12":"product-type-simple"},"yoast_head":"<!-- This site is optimized with the Yoast SEO plugin v20.12 - https:\/\/yoast.com\/wordpress\/plugins\/seo\/ -->\n<title>Trambulin\u0103 \u00d8 183 \u0441m cu cadru metalic \u0219i plas\u0103 de protec\u021bie - Modernteh<\/title>\n<meta name=\"description\" content=\"Trambulin\u0103 \u00d8 183 \u0441m cu cadru metalic \u0219i plas\u0103 de protec\u021bie\" \/>\n<meta name=\"robots\" content=\"index, follow, max-snippet:-1, max-image-preview:large, max-video-preview:-1\" \/>\n<link rel=\"canonical\" href=\"https:\/\/modernteh.md\/ru\/catalog\/trambulina-o-183-\u0441m-cu-cadru-metalic-si-plasa-de-protectie\/\" \/>\n<meta property=\"og:locale\" content=\"ru_RU\" \/>\n<meta property=\"og:type\" content=\"article\" \/>\n<meta property=\"og:title\" content=\"Trambulin\u0103 \u00d8 183 \u0441m cu cadru metalic \u0219i plas\u0103 de protec\u021bie - Modernteh\" \/>\n<meta property=\"og:description\" content=\"Trambulin\u0103 \u00d8 183 \u0441m cu cadru metalic \u0219i plas\u0103 de protec\u021bie\" \/>\n<meta property=\"og:url\" content=\"https:\/\/modernteh.md\/ru\/catalog\/trambulina-o-183-\u0441m-cu-cadru-metalic-si-plasa-de-protectie\/\" \/>\n<meta property=\"og:site_name\" content=\"Modernteh\" \/>\n<meta property=\"article:publisher\" content=\"https:\/\/www.facebook.com\/profile.php?id=100082695620019\" \/>\n<meta property=\"article:modified_time\" content=\"2026-03-12T12:13:37+00:00\" \/>\n<meta property=\"og:image\" content=\"https:\/\/modernteh.md\/wp-content\/uploads\/2025\/07\/trambuline.png\" \/>\n\t<meta property=\"og:image:width\" content=\"600\" \/>\n\t<meta property=\"og:image:height\" content=\"600\" \/>\n\t<meta property=\"og:image:type\" content=\"image\/png\" \/>\n<meta name=\"twitter:card\" content=\"summary_large_image\" \/>\n<meta name=\"twitter:label1\" content=\"\u041f\u0440\u0438\u043c\u0435\u0440\u043d\u043e\u0435 \u0432\u0440\u0435\u043c\u044f \u0434\u043b\u044f \u0447\u0442\u0435\u043d\u0438\u044f\" \/>\n\t<meta name=\"twitter:data1\" content=\"1 \u043c\u0438\u043d\u0443\u0442\u0430\" \/>\n<script type=\"application\/ld+json\" class=\"yoast-schema-graph\">{\"@context\":\"https:\/\/schema.org\",\"@graph\":[{\"@type\":\"WebPage\",\"@id\":\"https:\/\/modernteh.md\/catalog\/trambulina-o-183-%d1%81m-cu-cadru-metalic-si-plasa-de-protectie\/\",\"url\":\"https:\/\/modernteh.md\/catalog\/trambulina-o-183-%d1%81m-cu-cadru-metalic-si-plasa-de-protectie\/\",\"name\":\"Trambulin\u0103 \u00d8 183 \u0441m cu cadru metalic \u0219i plas\u0103 de protec\u021bie - Modernteh\",\"isPartOf\":{\"@id\":\"https:\/\/modernteh.md\/#website\"},\"datePublished\":\"2025-07-10T10:45:18+00:00\",\"dateModified\":\"2026-03-12T12:13:37+00:00\",\"description\":\"Trambulin\u0103 \u00d8 183 \u0441m cu cadru metalic \u0219i plas\u0103 de protec\u021bie\",\"breadcrumb\":{\"@id\":\"https:\/\/modernteh.md\/catalog\/trambulina-o-183-%d1%81m-cu-cadru-metalic-si-plasa-de-protectie\/#breadcrumb\"},\"inLanguage\":\"ru-RU\",\"potentialAction\":[{\"@type\":\"ReadAction\",\"target\":[\"https:\/\/modernteh.md\/catalog\/trambulina-o-183-%d1%81m-cu-cadru-metalic-si-plasa-de-protectie\/\"]}]},{\"@type\":\"BreadcrumbList\",\"@id\":\"https:\/\/modernteh.md\/catalog\/trambulina-o-183-%d1%81m-cu-cadru-metalic-si-plasa-de-protectie\/#breadcrumb\",\"itemListElement\":[{\"@type\":\"ListItem\",\"position\":1,\"name\":\"Prima pagin\u0103\",\"item\":\"https:\/\/modernteh.md\/\"},{\"@type\":\"ListItem\",\"position\":2,\"name\":\"Catalog\",\"item\":\"https:\/\/modernteh.md\/catalog\/\"},{\"@type\":\"ListItem\",\"position\":3,\"name\":\"Trambulin\u0103 \u00d8 183 \u0441m cu cadru metalic \u0219i plas\u0103 de protec\u021bie\"}]},{\"@type\":\"WebSite\",\"@id\":\"https:\/\/modernteh.md\/#website\",\"url\":\"https:\/\/modernteh.md\/\",\"name\":\"Modernteh\",\"description\":\"Modernteh\",\"publisher\":{\"@id\":\"https:\/\/modernteh.md\/#organization\"},\"potentialAction\":[{\"@type\":\"SearchAction\",\"target\":{\"@type\":\"EntryPoint\",\"urlTemplate\":\"https:\/\/modernteh.md\/?s={search_term_string}\"},\"query-input\":\"required name=search_term_string\"}],\"inLanguage\":\"ru-RU\"},{\"@type\":\"Organization\",\"@id\":\"https:\/\/modernteh.md\/#organization\",\"name\":\"Modernteh\",\"url\":\"https:\/\/modernteh.md\/\",\"logo\":{\"@type\":\"ImageObject\",\"inLanguage\":\"ru-RU\",\"@id\":\"https:\/\/modernteh.md\/#\/schema\/logo\/image\/\",\"url\":\"https:\/\/modernteh.md\/wp-content\/uploads\/2022\/06\/Logo_site-2.png\",\"contentUrl\":\"https:\/\/modernteh.md\/wp-content\/uploads\/2022\/06\/Logo_site-2.png\",\"width\":500,\"height\":487,\"caption\":\"Modernteh\"},\"image\":{\"@id\":\"https:\/\/modernteh.md\/#\/schema\/logo\/image\/\"},\"sameAs\":[\"https:\/\/www.facebook.com\/profile.php?id=100082695620019\"]}]}<\/script>\n<!-- \/ Yoast SEO plugin. -->","yoast_head_json":{"title":"Trambulin\u0103 \u00d8 183 \u0441m cu cadru metalic \u0219i plas\u0103 de protec\u021bie - Modernteh","description":"Trambulin\u0103 \u00d8 183 \u0441m cu cadru metalic \u0219i plas\u0103 de protec\u021bie","robots":{"index":"index","follow":"follow","max-snippet":"max-snippet:-1","max-image-preview":"max-image-preview:large","max-video-preview":"max-video-preview:-1"},"canonical":"https:\/\/modernteh.md\/ru\/catalog\/trambulina-o-183-\u0441m-cu-cadru-metalic-si-plasa-de-protectie\/","og_locale":"ru_RU","og_type":"article","og_title":"Trambulin\u0103 \u00d8 183 \u0441m cu cadru metalic \u0219i plas\u0103 de protec\u021bie - Modernteh","og_description":"Trambulin\u0103 \u00d8 183 \u0441m cu cadru metalic \u0219i plas\u0103 de protec\u021bie","og_url":"https:\/\/modernteh.md\/ru\/catalog\/trambulina-o-183-\u0441m-cu-cadru-metalic-si-plasa-de-protectie\/","og_site_name":"Modernteh","article_publisher":"https:\/\/www.facebook.com\/profile.php?id=100082695620019","article_modified_time":"2026-03-12T12:13:37+00:00","og_image":[{"width":600,"height":600,"url":"https:\/\/modernteh.md\/wp-content\/uploads\/2025\/07\/trambuline.png","type":"image\/png"}],"twitter_card":"summary_large_image","twitter_misc":{"\u041f\u0440\u0438\u043c\u0435\u0440\u043d\u043e\u0435 \u0432\u0440\u0435\u043c\u044f \u0434\u043b\u044f \u0447\u0442\u0435\u043d\u0438\u044f":"1 \u043c\u0438\u043d\u0443\u0442\u0430"},"schema":{"@context":"https:\/\/schema.org","@graph":[{"@type":"WebPage","@id":"https:\/\/modernteh.md\/catalog\/trambulina-o-183-%d1%81m-cu-cadru-metalic-si-plasa-de-protectie\/","url":"https:\/\/modernteh.md\/catalog\/trambulina-o-183-%d1%81m-cu-cadru-metalic-si-plasa-de-protectie\/","name":"Trambulin\u0103 \u00d8 183 \u0441m cu cadru metalic \u0219i plas\u0103 de protec\u021bie - Modernteh","isPartOf":{"@id":"https:\/\/modernteh.md\/#website"},"datePublished":"2025-07-10T10:45:18+00:00","dateModified":"2026-03-12T12:13:37+00:00","description":"Trambulin\u0103 \u00d8 183 \u0441m cu cadru metalic \u0219i plas\u0103 de protec\u021bie","breadcrumb":{"@id":"https:\/\/modernteh.md\/catalog\/trambulina-o-183-%d1%81m-cu-cadru-metalic-si-plasa-de-protectie\/#breadcrumb"},"inLanguage":"ru-RU","potentialAction":[{"@type":"ReadAction","target":["https:\/\/modernteh.md\/catalog\/trambulina-o-183-%d1%81m-cu-cadru-metalic-si-plasa-de-protectie\/"]}]},{"@type":"BreadcrumbList","@id":"https:\/\/modernteh.md\/catalog\/trambulina-o-183-%d1%81m-cu-cadru-metalic-si-plasa-de-protectie\/#breadcrumb","itemListElement":[{"@type":"ListItem","position":1,"name":"Prima pagin\u0103","item":"https:\/\/modernteh.md\/"},{"@type":"ListItem","position":2,"name":"Catalog","item":"https:\/\/modernteh.md\/catalog\/"},{"@type":"ListItem","position":3,"name":"Trambulin\u0103 \u00d8 183 \u0441m cu cadru metalic \u0219i plas\u0103 de protec\u021bie"}]},{"@type":"WebSite","@id":"https:\/\/modernteh.md\/#website","url":"https:\/\/modernteh.md\/","name":"Modernteh","description":"Modernteh","publisher":{"@id":"https:\/\/modernteh.md\/#organization"},"potentialAction":[{"@type":"SearchAction","target":{"@type":"EntryPoint","urlTemplate":"https:\/\/modernteh.md\/?s={search_term_string}"},"query-input":"required name=search_term_string"}],"inLanguage":"ru-RU"},{"@type":"Organization","@id":"https:\/\/modernteh.md\/#organization","name":"Modernteh","url":"https:\/\/modernteh.md\/","logo":{"@type":"ImageObject","inLanguage":"ru-RU","@id":"https:\/\/modernteh.md\/#\/schema\/logo\/image\/","url":"https:\/\/modernteh.md\/wp-content\/uploads\/2022\/06\/Logo_site-2.png","contentUrl":"https:\/\/modernteh.md\/wp-content\/uploads\/2022\/06\/Logo_site-2.png","width":500,"height":487,"caption":"Modernteh"},"image":{"@id":"https:\/\/modernteh.md\/#\/schema\/logo\/image\/"},"sameAs":["https:\/\/www.facebook.com\/profile.php?id=100082695620019"]}]}},"_links":{"self":[{"href":"https:\/\/modernteh.md\/ru\/wp-json\/wp\/v2\/product\/4647","targetHints":{"allow":["GET"]}}],"collection":[{"href":"https:\/\/modernteh.md\/ru\/wp-json\/wp\/v2\/product"}],"about":[{"href":"https:\/\/modernteh.md\/ru\/wp-json\/wp\/v2\/types\/product"}],"wp:featuredmedia":[{"embeddable":true,"href":"https:\/\/modernteh.md\/ru\/wp-json\/wp\/v2\/media\/4648"}],"wp:attachment":[{"href":"https:\/\/modernteh.md\/ru\/wp-json\/wp\/v2\/media?parent=4647"}],"wp:term":[{"taxonomy":"product_cat","embeddable":true,"href":"https:\/\/modernteh.md\/ru\/wp-json\/wp\/v2\/product_cat?post=4647"},{"taxonomy":"product_tag","embeddable":true,"href":"https:\/\/modernteh.md\/ru\/wp-json\/wp\/v2\/product_tag?post=4647"}],"curies":[{"name":"wp","href":"https:\/\/api.w.org\/{rel}","templated":true}]}}