{"id":4655,"date":"2025-07-10T10:57:27","date_gmt":"2025-07-10T10:57:27","guid":{"rendered":"https:\/\/modernteh.md\/?post_type=product&#038;p=4655"},"modified":"2025-07-10T10:57:28","modified_gmt":"2025-07-10T10:57:28","slug":"intex-piscina-beachside-metal-frame-305x76cm-4485l-cadru-metalic","status":"publish","type":"product","link":"https:\/\/modernteh.md\/ru\/catalog\/intex-piscina-beachside-metal-frame-305x76cm-4485l-cadru-metalic\/","title":{"rendered":"INTEX Piscin\u0103 BEACHSIDE METAL FRAME 305x76cm, 4485L, cadru metalic"},"content":{"rendered":"<h1 class=\"product_title entry-title wd-entities-title\">INTEX Piscin\u0103 BEACHSIDE METAL FRAME 305x76cm, 4485L, cadru metalic<\/h1>\n<p class=\"\" data-start=\"37\" data-end=\"430\">Piscin\u0103 suprateran\u0103 cu cadru metalic din seria<strong>\u00a0Metal Frame Pool<\/strong>, cu design\u00a0<strong>\u201eBeachside\u201d<\/strong>. Tehnologia patentat\u0103 SUPER-TOUGH ofer\u0103 pere\u021bilor piscinei o rezisten\u021b\u0103 tripl\u0103, fiind compu\u0219i din trei straturi: dou\u0103 straturi de vinil dens \u0219i un strat de poliester pentru o durabilitate ridicat\u0103. Cadrul metalic ofer\u0103 stabilitate construc\u021biei \u0219i permite utilizarea piscinei de mai multe persoane simultan.<\/p>\n<p class=\"\" data-start=\"432\" data-end=\"662\">Timpul estimat pentru asamblare, \u00eenainte de umplerea cu ap\u0103, este de aproximativ 30\u201340 de minute.<\/p>\n<p class=\"\" data-start=\"664\" data-end=\"776\">Supapa de golire permite conectarea unui furtun de gr\u0103din\u0103 pentru evacuarea apei \u00eentr-un loc ales, \u00een mod comod.<\/p>\n<h4><strong>Preg\u0103tirea terenului pentru piscin\u0103:<\/strong><\/h4>\n<p><strong>1. Cur\u0103\u021bare \u0219i nivelare:<\/strong><br \/>\n\u00cendep\u0103rta\u021bi toate resturile, pietrele, r\u0103d\u0103cinile copacilor \u0219i arbu\u0219tii. Nivela\u021bi suprafa\u021ba, elimin\u00e2nd denivel\u0103rile \u0219i gropile.<\/p>\n<p><strong>2. Strat de nisip (op\u021bional):<\/strong><br \/>\nPres\u0103ra\u021bi uniform un strat de nisip pentru a crea o baz\u0103 plan\u0103 \u0219i stabil\u0103.<\/p>\n<p><strong>3. Strat de protec\u021bie:<\/strong><br \/>\nA\u0219eza\u021bi o protec\u021bie din material polimeric, cum ar fi folie, polistiren sau geotextil.<\/p>\n<p><strong>4. Protec\u021bie suplimentar\u0103 (op\u021bional):<\/strong><br \/>\nPentru o durabilitate \u0219i protec\u021bie sporit\u0103, se pot folosi polistiren extrudat, polistiren expandat sau o plac\u0103 de beton.<\/p>","protected":false},"excerpt":{"rendered":"<p>INTEX Piscin\u0103 BEACHSIDE METAL FRAME 305x76cm, 4485L, cadru metalic Piscin\u0103 suprateran\u0103 cu cadru metalic din seria\u00a0Metal Frame Pool, cu design\u00a0\u201eBeachside\u201d.<\/p>","protected":false},"featured_media":4656,"template":"","meta":[],"product_cat":[203],"product_tag":[],"class_list":{"0":"post-4655","1":"product","2":"type-product","3":"status-publish","4":"has-post-thumbnail","6":"product_cat-bazine-si-camping","8":"first","9":"instock","10":"shipping-taxable","11":"purchasable","12":"product-type-simple"},"yoast_head":"<!-- This site is optimized with the Yoast SEO plugin v20.12 - https:\/\/yoast.com\/wordpress\/plugins\/seo\/ -->\n<title>INTEX Piscin\u0103 BEACHSIDE METAL FRAME 305x76cm, 4485L, cadru metalic - Modernteh<\/title>\n<meta name=\"description\" content=\"INTEX Piscin\u0103 BEACHSIDE METAL FRAME 305x76cm, 4485L, cadru metalic\" \/>\n<meta name=\"robots\" content=\"index, follow, max-snippet:-1, max-image-preview:large, max-video-preview:-1\" \/>\n<link rel=\"canonical\" href=\"https:\/\/modernteh.md\/ru\/catalog\/intex-piscina-beachside-metal-frame-305x76cm-4485l-cadru-metalic\/\" \/>\n<meta property=\"og:locale\" content=\"ru_RU\" \/>\n<meta property=\"og:type\" content=\"article\" \/>\n<meta property=\"og:title\" content=\"INTEX Piscin\u0103 BEACHSIDE METAL FRAME 305x76cm, 4485L, cadru metalic - Modernteh\" \/>\n<meta property=\"og:description\" content=\"INTEX Piscin\u0103 BEACHSIDE METAL FRAME 305x76cm, 4485L, cadru metalic\" \/>\n<meta property=\"og:url\" content=\"https:\/\/modernteh.md\/ru\/catalog\/intex-piscina-beachside-metal-frame-305x76cm-4485l-cadru-metalic\/\" \/>\n<meta property=\"og:site_name\" content=\"Modernteh\" \/>\n<meta property=\"article:publisher\" content=\"https:\/\/www.facebook.com\/profile.php?id=100082695620019\" \/>\n<meta property=\"article:modified_time\" content=\"2025-07-10T10:57:28+00:00\" \/>\n<meta property=\"og:image\" content=\"https:\/\/modernteh.md\/wp-content\/uploads\/2025\/07\/28206.png\" \/>\n\t<meta property=\"og:image:width\" content=\"600\" \/>\n\t<meta property=\"og:image:height\" content=\"600\" \/>\n\t<meta property=\"og:image:type\" content=\"image\/png\" \/>\n<meta name=\"twitter:card\" content=\"summary_large_image\" \/>\n<meta name=\"twitter:label1\" content=\"\u041f\u0440\u0438\u043c\u0435\u0440\u043d\u043e\u0435 \u0432\u0440\u0435\u043c\u044f \u0434\u043b\u044f \u0447\u0442\u0435\u043d\u0438\u044f\" \/>\n\t<meta name=\"twitter:data1\" content=\"1 \u043c\u0438\u043d\u0443\u0442\u0430\" \/>\n<script type=\"application\/ld+json\" class=\"yoast-schema-graph\">{\"@context\":\"https:\/\/schema.org\",\"@graph\":[{\"@type\":\"WebPage\",\"@id\":\"https:\/\/modernteh.md\/catalog\/intex-piscina-beachside-metal-frame-305x76cm-4485l-cadru-metalic\/\",\"url\":\"https:\/\/modernteh.md\/catalog\/intex-piscina-beachside-metal-frame-305x76cm-4485l-cadru-metalic\/\",\"name\":\"INTEX Piscin\u0103 BEACHSIDE METAL FRAME 305x76cm, 4485L, cadru metalic - Modernteh\",\"isPartOf\":{\"@id\":\"https:\/\/modernteh.md\/#website\"},\"datePublished\":\"2025-07-10T10:57:27+00:00\",\"dateModified\":\"2025-07-10T10:57:28+00:00\",\"description\":\"INTEX Piscin\u0103 BEACHSIDE METAL FRAME 305x76cm, 4485L, cadru metalic\",\"breadcrumb\":{\"@id\":\"https:\/\/modernteh.md\/catalog\/intex-piscina-beachside-metal-frame-305x76cm-4485l-cadru-metalic\/#breadcrumb\"},\"inLanguage\":\"ru-RU\",\"potentialAction\":[{\"@type\":\"ReadAction\",\"target\":[\"https:\/\/modernteh.md\/catalog\/intex-piscina-beachside-metal-frame-305x76cm-4485l-cadru-metalic\/\"]}]},{\"@type\":\"BreadcrumbList\",\"@id\":\"https:\/\/modernteh.md\/catalog\/intex-piscina-beachside-metal-frame-305x76cm-4485l-cadru-metalic\/#breadcrumb\",\"itemListElement\":[{\"@type\":\"ListItem\",\"position\":1,\"name\":\"Prima pagin\u0103\",\"item\":\"https:\/\/modernteh.md\/\"},{\"@type\":\"ListItem\",\"position\":2,\"name\":\"Catalog\",\"item\":\"https:\/\/modernteh.md\/catalog\/\"},{\"@type\":\"ListItem\",\"position\":3,\"name\":\"INTEX Piscin\u0103 BEACHSIDE METAL FRAME 305x76cm, 4485L, cadru metalic\"}]},{\"@type\":\"WebSite\",\"@id\":\"https:\/\/modernteh.md\/#website\",\"url\":\"https:\/\/modernteh.md\/\",\"name\":\"Modernteh\",\"description\":\"Modernteh\",\"publisher\":{\"@id\":\"https:\/\/modernteh.md\/#organization\"},\"potentialAction\":[{\"@type\":\"SearchAction\",\"target\":{\"@type\":\"EntryPoint\",\"urlTemplate\":\"https:\/\/modernteh.md\/?s={search_term_string}\"},\"query-input\":\"required name=search_term_string\"}],\"inLanguage\":\"ru-RU\"},{\"@type\":\"Organization\",\"@id\":\"https:\/\/modernteh.md\/#organization\",\"name\":\"Modernteh\",\"url\":\"https:\/\/modernteh.md\/\",\"logo\":{\"@type\":\"ImageObject\",\"inLanguage\":\"ru-RU\",\"@id\":\"https:\/\/modernteh.md\/#\/schema\/logo\/image\/\",\"url\":\"https:\/\/modernteh.md\/wp-content\/uploads\/2022\/06\/Logo_site-2.png\",\"contentUrl\":\"https:\/\/modernteh.md\/wp-content\/uploads\/2022\/06\/Logo_site-2.png\",\"width\":500,\"height\":487,\"caption\":\"Modernteh\"},\"image\":{\"@id\":\"https:\/\/modernteh.md\/#\/schema\/logo\/image\/\"},\"sameAs\":[\"https:\/\/www.facebook.com\/profile.php?id=100082695620019\"]}]}<\/script>\n<!-- \/ Yoast SEO plugin. -->","yoast_head_json":{"title":"INTEX Piscin\u0103 BEACHSIDE METAL FRAME 305x76cm, 4485L, cadru metalic - Modernteh","description":"INTEX Piscin\u0103 BEACHSIDE METAL FRAME 305x76cm, 4485L, cadru metalic","robots":{"index":"index","follow":"follow","max-snippet":"max-snippet:-1","max-image-preview":"max-image-preview:large","max-video-preview":"max-video-preview:-1"},"canonical":"https:\/\/modernteh.md\/ru\/catalog\/intex-piscina-beachside-metal-frame-305x76cm-4485l-cadru-metalic\/","og_locale":"ru_RU","og_type":"article","og_title":"INTEX Piscin\u0103 BEACHSIDE METAL FRAME 305x76cm, 4485L, cadru metalic - Modernteh","og_description":"INTEX Piscin\u0103 BEACHSIDE METAL FRAME 305x76cm, 4485L, cadru metalic","og_url":"https:\/\/modernteh.md\/ru\/catalog\/intex-piscina-beachside-metal-frame-305x76cm-4485l-cadru-metalic\/","og_site_name":"Modernteh","article_publisher":"https:\/\/www.facebook.com\/profile.php?id=100082695620019","article_modified_time":"2025-07-10T10:57:28+00:00","og_image":[{"width":600,"height":600,"url":"https:\/\/modernteh.md\/wp-content\/uploads\/2025\/07\/28206.png","type":"image\/png"}],"twitter_card":"summary_large_image","twitter_misc":{"\u041f\u0440\u0438\u043c\u0435\u0440\u043d\u043e\u0435 \u0432\u0440\u0435\u043c\u044f \u0434\u043b\u044f \u0447\u0442\u0435\u043d\u0438\u044f":"1 \u043c\u0438\u043d\u0443\u0442\u0430"},"schema":{"@context":"https:\/\/schema.org","@graph":[{"@type":"WebPage","@id":"https:\/\/modernteh.md\/catalog\/intex-piscina-beachside-metal-frame-305x76cm-4485l-cadru-metalic\/","url":"https:\/\/modernteh.md\/catalog\/intex-piscina-beachside-metal-frame-305x76cm-4485l-cadru-metalic\/","name":"INTEX Piscin\u0103 BEACHSIDE METAL FRAME 305x76cm, 4485L, cadru metalic - Modernteh","isPartOf":{"@id":"https:\/\/modernteh.md\/#website"},"datePublished":"2025-07-10T10:57:27+00:00","dateModified":"2025-07-10T10:57:28+00:00","description":"INTEX Piscin\u0103 BEACHSIDE METAL FRAME 305x76cm, 4485L, cadru metalic","breadcrumb":{"@id":"https:\/\/modernteh.md\/catalog\/intex-piscina-beachside-metal-frame-305x76cm-4485l-cadru-metalic\/#breadcrumb"},"inLanguage":"ru-RU","potentialAction":[{"@type":"ReadAction","target":["https:\/\/modernteh.md\/catalog\/intex-piscina-beachside-metal-frame-305x76cm-4485l-cadru-metalic\/"]}]},{"@type":"BreadcrumbList","@id":"https:\/\/modernteh.md\/catalog\/intex-piscina-beachside-metal-frame-305x76cm-4485l-cadru-metalic\/#breadcrumb","itemListElement":[{"@type":"ListItem","position":1,"name":"Prima pagin\u0103","item":"https:\/\/modernteh.md\/"},{"@type":"ListItem","position":2,"name":"Catalog","item":"https:\/\/modernteh.md\/catalog\/"},{"@type":"ListItem","position":3,"name":"INTEX Piscin\u0103 BEACHSIDE METAL FRAME 305x76cm, 4485L, cadru metalic"}]},{"@type":"WebSite","@id":"https:\/\/modernteh.md\/#website","url":"https:\/\/modernteh.md\/","name":"Modernteh","description":"Modernteh","publisher":{"@id":"https:\/\/modernteh.md\/#organization"},"potentialAction":[{"@type":"SearchAction","target":{"@type":"EntryPoint","urlTemplate":"https:\/\/modernteh.md\/?s={search_term_string}"},"query-input":"required name=search_term_string"}],"inLanguage":"ru-RU"},{"@type":"Organization","@id":"https:\/\/modernteh.md\/#organization","name":"Modernteh","url":"https:\/\/modernteh.md\/","logo":{"@type":"ImageObject","inLanguage":"ru-RU","@id":"https:\/\/modernteh.md\/#\/schema\/logo\/image\/","url":"https:\/\/modernteh.md\/wp-content\/uploads\/2022\/06\/Logo_site-2.png","contentUrl":"https:\/\/modernteh.md\/wp-content\/uploads\/2022\/06\/Logo_site-2.png","width":500,"height":487,"caption":"Modernteh"},"image":{"@id":"https:\/\/modernteh.md\/#\/schema\/logo\/image\/"},"sameAs":["https:\/\/www.facebook.com\/profile.php?id=100082695620019"]}]}},"_links":{"self":[{"href":"https:\/\/modernteh.md\/ru\/wp-json\/wp\/v2\/product\/4655","targetHints":{"allow":["GET"]}}],"collection":[{"href":"https:\/\/modernteh.md\/ru\/wp-json\/wp\/v2\/product"}],"about":[{"href":"https:\/\/modernteh.md\/ru\/wp-json\/wp\/v2\/types\/product"}],"wp:featuredmedia":[{"embeddable":true,"href":"https:\/\/modernteh.md\/ru\/wp-json\/wp\/v2\/media\/4656"}],"wp:attachment":[{"href":"https:\/\/modernteh.md\/ru\/wp-json\/wp\/v2\/media?parent=4655"}],"wp:term":[{"taxonomy":"product_cat","embeddable":true,"href":"https:\/\/modernteh.md\/ru\/wp-json\/wp\/v2\/product_cat?post=4655"},{"taxonomy":"product_tag","embeddable":true,"href":"https:\/\/modernteh.md\/ru\/wp-json\/wp\/v2\/product_tag?post=4655"}],"curies":[{"name":"wp","href":"https:\/\/api.w.org\/{rel}","templated":true}]}}