{"id":4694,"date":"2025-07-19T08:18:30","date_gmt":"2025-07-19T08:18:30","guid":{"rendered":"https:\/\/modernteh.md\/?post_type=product&#038;p=4694"},"modified":"2025-07-19T08:18:31","modified_gmt":"2025-07-19T08:18:31","slug":"grebla-modeco","status":"publish","type":"product","link":"https:\/\/modernteh.md\/ru\/catalog\/grebla-modeco\/","title":{"rendered":"Grebl\u0103 MODECO"},"content":{"rendered":"<h1 class=\"mainInfoTitle\">Grebl\u0103 MODECO<\/h1>\n<p><strong>Grebla forjat\u0103 cu m\u00e2ner din fibr\u0103 de sticl\u0103<\/strong>\u00a0este destinat\u0103 pentru efectuarea lucr\u0103rilor grele \u00een gr\u0103din\u0103rit \u0219i construc\u021bii. O\u021belul forjat asigur\u0103 o rezisten\u021b\u0103 ridicat\u0103 la uzur\u0103 \u0219i durabilitate, iar m\u00e2nerul din fibr\u0103 de sticl\u0103 ofer\u0103 u\u0219urin\u021b\u0103, rezisten\u021b\u0103 la coroziune \u0219i reduce vibra\u021biile \u00een timpul utiliz\u0103rii. Aceste greble sunt ideale pentru aerarea solului, nivelarea terenului, dar \u0219i pentru colectarea frunzelor, gunoiului \u0219i pietrelor.<\/p>\n<p>&nbsp;<\/p>\n<p><strong>Avantaje:<\/strong><\/p>\n<p>&nbsp;<\/p>\n<p><strong>1. Durabilitate \u0219i rezisten\u021b\u0103:<\/strong>\u00a0O\u021belul forjat ofer\u0103 o rezisten\u021b\u0103 mare \u0219i durabilitate \u00eempotriva uzurii.<\/p>\n<p><strong>2. M\u00e2ner u\u0219or \u0219i confortabil:<\/strong>\u00a0M\u00e2nerul din fibr\u0103 de sticl\u0103 reduce greutatea total\u0103 a instrumentului, faciliteaz\u0103 munca \u0219i minimizeaz\u0103 oboseala.<\/p>\n<p><strong>3. Rezisten\u021b\u0103 la coroziune:<\/strong>\u00a0Fibr\u0103 de sticl\u0103 nu este susceptibil\u0103 la coroziune, ceea ce extinde durata de via\u021b\u0103 a instrumentului.<\/p>\n<p><strong>4. Reducerea vibra\u021biilor:<\/strong>\u00a0M\u00e2nerul din fibr\u0103 de sticl\u0103 absoarbe eficient vibra\u021biile, f\u0103c\u00e2nd munca mai confortabil\u0103.<\/p>\n<p><strong>5. Utilizare universal\u0103:<\/strong>\u00a0Potrivit\u0103 pentru diverse tipuri de munci, inclusiv \u00een gr\u0103din\u0103rit, construc\u021bii \u0219i design peisagistic<\/p>","protected":false},"excerpt":{"rendered":"<p>Grebl\u0103 MODECO Grebla forjat\u0103 cu m\u00e2ner din fibr\u0103 de sticl\u0103\u00a0este destinat\u0103 pentru efectuarea lucr\u0103rilor grele \u00een gr\u0103din\u0103rit \u0219i construc\u021bii. O\u021belul<\/p>","protected":false},"featured_media":4695,"template":"","meta":[],"product_cat":[141],"product_tag":[],"class_list":{"0":"post-4694","1":"product","2":"type-product","3":"status-publish","4":"has-post-thumbnail","6":"product_cat-unelte-de-gradina","8":"first","9":"instock","10":"shipping-taxable","11":"purchasable","12":"product-type-simple"},"yoast_head":"<!-- This site is optimized with the Yoast SEO plugin v20.12 - https:\/\/yoast.com\/wordpress\/plugins\/seo\/ -->\n<title>Grebl\u0103 MODECO - Modernteh<\/title>\n<meta name=\"description\" content=\"Grebl\u0103 MODECO\" \/>\n<meta name=\"robots\" content=\"index, follow, max-snippet:-1, max-image-preview:large, max-video-preview:-1\" \/>\n<link rel=\"canonical\" href=\"https:\/\/modernteh.md\/ru\/catalog\/grebla-modeco\/\" \/>\n<meta property=\"og:locale\" content=\"ru_RU\" \/>\n<meta property=\"og:type\" content=\"article\" \/>\n<meta property=\"og:title\" content=\"Grebl\u0103 MODECO - Modernteh\" \/>\n<meta property=\"og:description\" content=\"Grebl\u0103 MODECO\" \/>\n<meta property=\"og:url\" content=\"https:\/\/modernteh.md\/ru\/catalog\/grebla-modeco\/\" \/>\n<meta property=\"og:site_name\" content=\"Modernteh\" \/>\n<meta property=\"article:publisher\" content=\"https:\/\/www.facebook.com\/profile.php?id=100082695620019\" \/>\n<meta property=\"article:modified_time\" content=\"2025-07-19T08:18:31+00:00\" \/>\n<meta property=\"og:image\" content=\"https:\/\/modernteh.md\/wp-content\/uploads\/2025\/07\/img-7596-634d1974636a1570157434.webp\" \/>\n\t<meta property=\"og:image:width\" content=\"600\" \/>\n\t<meta property=\"og:image:height\" content=\"600\" \/>\n\t<meta property=\"og:image:type\" content=\"image\/webp\" \/>\n<meta name=\"twitter:card\" content=\"summary_large_image\" \/>\n<meta name=\"twitter:label1\" content=\"\u041f\u0440\u0438\u043c\u0435\u0440\u043d\u043e\u0435 \u0432\u0440\u0435\u043c\u044f \u0434\u043b\u044f \u0447\u0442\u0435\u043d\u0438\u044f\" \/>\n\t<meta name=\"twitter:data1\" content=\"1 \u043c\u0438\u043d\u0443\u0442\u0430\" \/>\n<script type=\"application\/ld+json\" class=\"yoast-schema-graph\">{\"@context\":\"https:\/\/schema.org\",\"@graph\":[{\"@type\":\"WebPage\",\"@id\":\"https:\/\/modernteh.md\/catalog\/grebla-modeco\/\",\"url\":\"https:\/\/modernteh.md\/catalog\/grebla-modeco\/\",\"name\":\"Grebl\u0103 MODECO - Modernteh\",\"isPartOf\":{\"@id\":\"https:\/\/modernteh.md\/#website\"},\"datePublished\":\"2025-07-19T08:18:30+00:00\",\"dateModified\":\"2025-07-19T08:18:31+00:00\",\"description\":\"Grebl\u0103 MODECO\",\"breadcrumb\":{\"@id\":\"https:\/\/modernteh.md\/catalog\/grebla-modeco\/#breadcrumb\"},\"inLanguage\":\"ru-RU\",\"potentialAction\":[{\"@type\":\"ReadAction\",\"target\":[\"https:\/\/modernteh.md\/catalog\/grebla-modeco\/\"]}]},{\"@type\":\"BreadcrumbList\",\"@id\":\"https:\/\/modernteh.md\/catalog\/grebla-modeco\/#breadcrumb\",\"itemListElement\":[{\"@type\":\"ListItem\",\"position\":1,\"name\":\"Prima pagin\u0103\",\"item\":\"https:\/\/modernteh.md\/\"},{\"@type\":\"ListItem\",\"position\":2,\"name\":\"Catalog\",\"item\":\"https:\/\/modernteh.md\/catalog\/\"},{\"@type\":\"ListItem\",\"position\":3,\"name\":\"Grebl\u0103 MODECO\"}]},{\"@type\":\"WebSite\",\"@id\":\"https:\/\/modernteh.md\/#website\",\"url\":\"https:\/\/modernteh.md\/\",\"name\":\"Modernteh\",\"description\":\"Modernteh\",\"publisher\":{\"@id\":\"https:\/\/modernteh.md\/#organization\"},\"potentialAction\":[{\"@type\":\"SearchAction\",\"target\":{\"@type\":\"EntryPoint\",\"urlTemplate\":\"https:\/\/modernteh.md\/?s={search_term_string}\"},\"query-input\":\"required name=search_term_string\"}],\"inLanguage\":\"ru-RU\"},{\"@type\":\"Organization\",\"@id\":\"https:\/\/modernteh.md\/#organization\",\"name\":\"Modernteh\",\"url\":\"https:\/\/modernteh.md\/\",\"logo\":{\"@type\":\"ImageObject\",\"inLanguage\":\"ru-RU\",\"@id\":\"https:\/\/modernteh.md\/#\/schema\/logo\/image\/\",\"url\":\"https:\/\/modernteh.md\/wp-content\/uploads\/2022\/06\/Logo_site-2.png\",\"contentUrl\":\"https:\/\/modernteh.md\/wp-content\/uploads\/2022\/06\/Logo_site-2.png\",\"width\":500,\"height\":487,\"caption\":\"Modernteh\"},\"image\":{\"@id\":\"https:\/\/modernteh.md\/#\/schema\/logo\/image\/\"},\"sameAs\":[\"https:\/\/www.facebook.com\/profile.php?id=100082695620019\"]}]}<\/script>\n<!-- \/ Yoast SEO plugin. -->","yoast_head_json":{"title":"Grebl\u0103 MODECO - Modernteh","description":"Grebl\u0103 MODECO","robots":{"index":"index","follow":"follow","max-snippet":"max-snippet:-1","max-image-preview":"max-image-preview:large","max-video-preview":"max-video-preview:-1"},"canonical":"https:\/\/modernteh.md\/ru\/catalog\/grebla-modeco\/","og_locale":"ru_RU","og_type":"article","og_title":"Grebl\u0103 MODECO - Modernteh","og_description":"Grebl\u0103 MODECO","og_url":"https:\/\/modernteh.md\/ru\/catalog\/grebla-modeco\/","og_site_name":"Modernteh","article_publisher":"https:\/\/www.facebook.com\/profile.php?id=100082695620019","article_modified_time":"2025-07-19T08:18:31+00:00","og_image":[{"width":600,"height":600,"url":"https:\/\/modernteh.md\/wp-content\/uploads\/2025\/07\/img-7596-634d1974636a1570157434.webp","type":"image\/webp"}],"twitter_card":"summary_large_image","twitter_misc":{"\u041f\u0440\u0438\u043c\u0435\u0440\u043d\u043e\u0435 \u0432\u0440\u0435\u043c\u044f \u0434\u043b\u044f \u0447\u0442\u0435\u043d\u0438\u044f":"1 \u043c\u0438\u043d\u0443\u0442\u0430"},"schema":{"@context":"https:\/\/schema.org","@graph":[{"@type":"WebPage","@id":"https:\/\/modernteh.md\/catalog\/grebla-modeco\/","url":"https:\/\/modernteh.md\/catalog\/grebla-modeco\/","name":"Grebl\u0103 MODECO - Modernteh","isPartOf":{"@id":"https:\/\/modernteh.md\/#website"},"datePublished":"2025-07-19T08:18:30+00:00","dateModified":"2025-07-19T08:18:31+00:00","description":"Grebl\u0103 MODECO","breadcrumb":{"@id":"https:\/\/modernteh.md\/catalog\/grebla-modeco\/#breadcrumb"},"inLanguage":"ru-RU","potentialAction":[{"@type":"ReadAction","target":["https:\/\/modernteh.md\/catalog\/grebla-modeco\/"]}]},{"@type":"BreadcrumbList","@id":"https:\/\/modernteh.md\/catalog\/grebla-modeco\/#breadcrumb","itemListElement":[{"@type":"ListItem","position":1,"name":"Prima pagin\u0103","item":"https:\/\/modernteh.md\/"},{"@type":"ListItem","position":2,"name":"Catalog","item":"https:\/\/modernteh.md\/catalog\/"},{"@type":"ListItem","position":3,"name":"Grebl\u0103 MODECO"}]},{"@type":"WebSite","@id":"https:\/\/modernteh.md\/#website","url":"https:\/\/modernteh.md\/","name":"Modernteh","description":"Modernteh","publisher":{"@id":"https:\/\/modernteh.md\/#organization"},"potentialAction":[{"@type":"SearchAction","target":{"@type":"EntryPoint","urlTemplate":"https:\/\/modernteh.md\/?s={search_term_string}"},"query-input":"required name=search_term_string"}],"inLanguage":"ru-RU"},{"@type":"Organization","@id":"https:\/\/modernteh.md\/#organization","name":"Modernteh","url":"https:\/\/modernteh.md\/","logo":{"@type":"ImageObject","inLanguage":"ru-RU","@id":"https:\/\/modernteh.md\/#\/schema\/logo\/image\/","url":"https:\/\/modernteh.md\/wp-content\/uploads\/2022\/06\/Logo_site-2.png","contentUrl":"https:\/\/modernteh.md\/wp-content\/uploads\/2022\/06\/Logo_site-2.png","width":500,"height":487,"caption":"Modernteh"},"image":{"@id":"https:\/\/modernteh.md\/#\/schema\/logo\/image\/"},"sameAs":["https:\/\/www.facebook.com\/profile.php?id=100082695620019"]}]}},"_links":{"self":[{"href":"https:\/\/modernteh.md\/ru\/wp-json\/wp\/v2\/product\/4694","targetHints":{"allow":["GET"]}}],"collection":[{"href":"https:\/\/modernteh.md\/ru\/wp-json\/wp\/v2\/product"}],"about":[{"href":"https:\/\/modernteh.md\/ru\/wp-json\/wp\/v2\/types\/product"}],"wp:featuredmedia":[{"embeddable":true,"href":"https:\/\/modernteh.md\/ru\/wp-json\/wp\/v2\/media\/4695"}],"wp:attachment":[{"href":"https:\/\/modernteh.md\/ru\/wp-json\/wp\/v2\/media?parent=4694"}],"wp:term":[{"taxonomy":"product_cat","embeddable":true,"href":"https:\/\/modernteh.md\/ru\/wp-json\/wp\/v2\/product_cat?post=4694"},{"taxonomy":"product_tag","embeddable":true,"href":"https:\/\/modernteh.md\/ru\/wp-json\/wp\/v2\/product_tag?post=4694"}],"curies":[{"name":"wp","href":"https:\/\/api.w.org\/{rel}","templated":true}]}}