{"id":4703,"date":"2025-07-19T08:29:10","date_gmt":"2025-07-19T08:29:10","guid":{"rendered":"https:\/\/modernteh.md\/?post_type=product&#038;p=4703"},"modified":"2025-07-19T08:29:10","modified_gmt":"2025-07-19T08:29:10","slug":"topor-cu-maner-din-lemn-0-8kg","status":"publish","type":"product","link":"https:\/\/modernteh.md\/ru\/catalog\/topor-cu-maner-din-lemn-0-8kg\/","title":{"rendered":"Topor cu m\u00e2ner din lemn 0.8kg"},"content":{"rendered":"<p>Topor cu m\u00e2ner din lemn 0.8kg<\/p>\n<p><strong>Topor cu m\u00e2ner din lemn<\/strong>\u00a0este un instrument clasic utilizat \u00eentr-o varietate larg\u0103 de domenii, de la gospod\u0103ria casnic\u0103 la lucrul profesional \u00een p\u0103dure. M\u00e2nerul din lemn ofer\u0103 un material pl\u0103cut la atingere \u0219i natural, care amortizeaz\u0103 eficient \u0219ocurile, reduc\u00e2nd astfel sarcina asupra m\u00e2inilor \u0219i articula\u021biilor.<\/p>\n<p>&nbsp;<\/p>\n<p><strong>Avantaje<\/strong>:<\/p>\n<p>&nbsp;<\/p>\n<p><strong>1. Ecologic<\/strong>: M\u00e2nerul din lemn este ecologic \u0219i sigur pentru utilizator \u0219i mediul \u00eenconjur\u0103tor.<\/p>\n<p><strong>2. Amortizarea \u0219ocurilor<\/strong>: Lemnul amortizeaz\u0103 \u00een mod natural vibra\u021biile produse de impacturi, ceea ce reduce oboseala \u00een timpul utiliz\u0103rii prelungite.<\/p>\n<p><strong>3. C\u0103ldur\u0103 la atingere<\/strong>: Lemnul nu devine prea rece \u00een timpul iernii \u0219i nu se supra\u00eenc\u0103lze\u0219te la soare, f\u0103c\u00e2nd utilizarea instrumentului mai confortabil\u0103 \u00een orice condi\u021bii.<\/p>\n<p><strong>4. Posibilitatea de repara\u021bie sau \u00eenlocuire<\/strong>: \u00cen cazul uzurii sau deterior\u0103rii m\u00e2nerului, acesta poate fi \u00eenlocuit relativ u\u0219or, prelungind durata de via\u021b\u0103 a instrumentului.<\/p>","protected":false},"excerpt":{"rendered":"<p>Topor cu m\u00e2ner din lemn 0.8kg Topor cu m\u00e2ner din lemn\u00a0este un instrument clasic utilizat \u00eentr-o varietate larg\u0103 de domenii,<\/p>","protected":false},"featured_media":4704,"template":"","meta":[],"product_cat":[141],"product_tag":[],"class_list":{"0":"post-4703","1":"product","2":"type-product","3":"status-publish","4":"has-post-thumbnail","6":"product_cat-unelte-de-gradina","8":"first","9":"instock","10":"shipping-taxable","11":"purchasable","12":"product-type-simple"},"yoast_head":"<!-- This site is optimized with the Yoast SEO plugin v20.12 - https:\/\/yoast.com\/wordpress\/plugins\/seo\/ -->\n<title>Topor cu m\u00e2ner din lemn 0.8kg - Modernteh<\/title>\n<meta name=\"description\" content=\"Topor cu m\u00e2ner din lemn 0.8kg\" \/>\n<meta name=\"robots\" content=\"index, follow, max-snippet:-1, max-image-preview:large, max-video-preview:-1\" \/>\n<link rel=\"canonical\" href=\"https:\/\/modernteh.md\/ru\/catalog\/topor-cu-maner-din-lemn-0-8kg\/\" \/>\n<meta property=\"og:locale\" content=\"ru_RU\" \/>\n<meta property=\"og:type\" content=\"article\" \/>\n<meta property=\"og:title\" content=\"Topor cu m\u00e2ner din lemn 0.8kg - Modernteh\" \/>\n<meta property=\"og:description\" content=\"Topor cu m\u00e2ner din lemn 0.8kg\" \/>\n<meta property=\"og:url\" content=\"https:\/\/modernteh.md\/ru\/catalog\/topor-cu-maner-din-lemn-0-8kg\/\" \/>\n<meta property=\"og:site_name\" content=\"Modernteh\" \/>\n<meta property=\"article:publisher\" content=\"https:\/\/www.facebook.com\/profile.php?id=100082695620019\" \/>\n<meta property=\"og:image\" content=\"https:\/\/modernteh.md\/wp-content\/uploads\/2025\/07\/img-7029-620cfc31b4d17591564891.webp\" \/>\n\t<meta property=\"og:image:width\" content=\"600\" \/>\n\t<meta property=\"og:image:height\" content=\"600\" \/>\n\t<meta property=\"og:image:type\" content=\"image\/webp\" \/>\n<meta name=\"twitter:card\" content=\"summary_large_image\" \/>\n<meta name=\"twitter:label1\" content=\"\u041f\u0440\u0438\u043c\u0435\u0440\u043d\u043e\u0435 \u0432\u0440\u0435\u043c\u044f \u0434\u043b\u044f \u0447\u0442\u0435\u043d\u0438\u044f\" \/>\n\t<meta name=\"twitter:data1\" content=\"1 \u043c\u0438\u043d\u0443\u0442\u0430\" \/>\n<script type=\"application\/ld+json\" class=\"yoast-schema-graph\">{\"@context\":\"https:\/\/schema.org\",\"@graph\":[{\"@type\":\"WebPage\",\"@id\":\"https:\/\/modernteh.md\/catalog\/topor-cu-maner-din-lemn-0-8kg\/\",\"url\":\"https:\/\/modernteh.md\/catalog\/topor-cu-maner-din-lemn-0-8kg\/\",\"name\":\"Topor cu m\u00e2ner din lemn 0.8kg - Modernteh\",\"isPartOf\":{\"@id\":\"https:\/\/modernteh.md\/#website\"},\"datePublished\":\"2025-07-19T08:29:10+00:00\",\"dateModified\":\"2025-07-19T08:29:10+00:00\",\"description\":\"Topor cu m\u00e2ner din lemn 0.8kg\",\"breadcrumb\":{\"@id\":\"https:\/\/modernteh.md\/catalog\/topor-cu-maner-din-lemn-0-8kg\/#breadcrumb\"},\"inLanguage\":\"ru-RU\",\"potentialAction\":[{\"@type\":\"ReadAction\",\"target\":[\"https:\/\/modernteh.md\/catalog\/topor-cu-maner-din-lemn-0-8kg\/\"]}]},{\"@type\":\"BreadcrumbList\",\"@id\":\"https:\/\/modernteh.md\/catalog\/topor-cu-maner-din-lemn-0-8kg\/#breadcrumb\",\"itemListElement\":[{\"@type\":\"ListItem\",\"position\":1,\"name\":\"Prima pagin\u0103\",\"item\":\"https:\/\/modernteh.md\/\"},{\"@type\":\"ListItem\",\"position\":2,\"name\":\"Catalog\",\"item\":\"https:\/\/modernteh.md\/catalog\/\"},{\"@type\":\"ListItem\",\"position\":3,\"name\":\"Topor cu m\u00e2ner din lemn 0.8kg\"}]},{\"@type\":\"WebSite\",\"@id\":\"https:\/\/modernteh.md\/#website\",\"url\":\"https:\/\/modernteh.md\/\",\"name\":\"Modernteh\",\"description\":\"Modernteh\",\"publisher\":{\"@id\":\"https:\/\/modernteh.md\/#organization\"},\"potentialAction\":[{\"@type\":\"SearchAction\",\"target\":{\"@type\":\"EntryPoint\",\"urlTemplate\":\"https:\/\/modernteh.md\/?s={search_term_string}\"},\"query-input\":\"required name=search_term_string\"}],\"inLanguage\":\"ru-RU\"},{\"@type\":\"Organization\",\"@id\":\"https:\/\/modernteh.md\/#organization\",\"name\":\"Modernteh\",\"url\":\"https:\/\/modernteh.md\/\",\"logo\":{\"@type\":\"ImageObject\",\"inLanguage\":\"ru-RU\",\"@id\":\"https:\/\/modernteh.md\/#\/schema\/logo\/image\/\",\"url\":\"https:\/\/modernteh.md\/wp-content\/uploads\/2022\/06\/Logo_site-2.png\",\"contentUrl\":\"https:\/\/modernteh.md\/wp-content\/uploads\/2022\/06\/Logo_site-2.png\",\"width\":500,\"height\":487,\"caption\":\"Modernteh\"},\"image\":{\"@id\":\"https:\/\/modernteh.md\/#\/schema\/logo\/image\/\"},\"sameAs\":[\"https:\/\/www.facebook.com\/profile.php?id=100082695620019\"]}]}<\/script>\n<!-- \/ Yoast SEO plugin. -->","yoast_head_json":{"title":"Topor cu m\u00e2ner din lemn 0.8kg - Modernteh","description":"Topor cu m\u00e2ner din lemn 0.8kg","robots":{"index":"index","follow":"follow","max-snippet":"max-snippet:-1","max-image-preview":"max-image-preview:large","max-video-preview":"max-video-preview:-1"},"canonical":"https:\/\/modernteh.md\/ru\/catalog\/topor-cu-maner-din-lemn-0-8kg\/","og_locale":"ru_RU","og_type":"article","og_title":"Topor cu m\u00e2ner din lemn 0.8kg - Modernteh","og_description":"Topor cu m\u00e2ner din lemn 0.8kg","og_url":"https:\/\/modernteh.md\/ru\/catalog\/topor-cu-maner-din-lemn-0-8kg\/","og_site_name":"Modernteh","article_publisher":"https:\/\/www.facebook.com\/profile.php?id=100082695620019","og_image":[{"width":600,"height":600,"url":"https:\/\/modernteh.md\/wp-content\/uploads\/2025\/07\/img-7029-620cfc31b4d17591564891.webp","type":"image\/webp"}],"twitter_card":"summary_large_image","twitter_misc":{"\u041f\u0440\u0438\u043c\u0435\u0440\u043d\u043e\u0435 \u0432\u0440\u0435\u043c\u044f \u0434\u043b\u044f \u0447\u0442\u0435\u043d\u0438\u044f":"1 \u043c\u0438\u043d\u0443\u0442\u0430"},"schema":{"@context":"https:\/\/schema.org","@graph":[{"@type":"WebPage","@id":"https:\/\/modernteh.md\/catalog\/topor-cu-maner-din-lemn-0-8kg\/","url":"https:\/\/modernteh.md\/catalog\/topor-cu-maner-din-lemn-0-8kg\/","name":"Topor cu m\u00e2ner din lemn 0.8kg - Modernteh","isPartOf":{"@id":"https:\/\/modernteh.md\/#website"},"datePublished":"2025-07-19T08:29:10+00:00","dateModified":"2025-07-19T08:29:10+00:00","description":"Topor cu m\u00e2ner din lemn 0.8kg","breadcrumb":{"@id":"https:\/\/modernteh.md\/catalog\/topor-cu-maner-din-lemn-0-8kg\/#breadcrumb"},"inLanguage":"ru-RU","potentialAction":[{"@type":"ReadAction","target":["https:\/\/modernteh.md\/catalog\/topor-cu-maner-din-lemn-0-8kg\/"]}]},{"@type":"BreadcrumbList","@id":"https:\/\/modernteh.md\/catalog\/topor-cu-maner-din-lemn-0-8kg\/#breadcrumb","itemListElement":[{"@type":"ListItem","position":1,"name":"Prima pagin\u0103","item":"https:\/\/modernteh.md\/"},{"@type":"ListItem","position":2,"name":"Catalog","item":"https:\/\/modernteh.md\/catalog\/"},{"@type":"ListItem","position":3,"name":"Topor cu m\u00e2ner din lemn 0.8kg"}]},{"@type":"WebSite","@id":"https:\/\/modernteh.md\/#website","url":"https:\/\/modernteh.md\/","name":"Modernteh","description":"Modernteh","publisher":{"@id":"https:\/\/modernteh.md\/#organization"},"potentialAction":[{"@type":"SearchAction","target":{"@type":"EntryPoint","urlTemplate":"https:\/\/modernteh.md\/?s={search_term_string}"},"query-input":"required name=search_term_string"}],"inLanguage":"ru-RU"},{"@type":"Organization","@id":"https:\/\/modernteh.md\/#organization","name":"Modernteh","url":"https:\/\/modernteh.md\/","logo":{"@type":"ImageObject","inLanguage":"ru-RU","@id":"https:\/\/modernteh.md\/#\/schema\/logo\/image\/","url":"https:\/\/modernteh.md\/wp-content\/uploads\/2022\/06\/Logo_site-2.png","contentUrl":"https:\/\/modernteh.md\/wp-content\/uploads\/2022\/06\/Logo_site-2.png","width":500,"height":487,"caption":"Modernteh"},"image":{"@id":"https:\/\/modernteh.md\/#\/schema\/logo\/image\/"},"sameAs":["https:\/\/www.facebook.com\/profile.php?id=100082695620019"]}]}},"_links":{"self":[{"href":"https:\/\/modernteh.md\/ru\/wp-json\/wp\/v2\/product\/4703","targetHints":{"allow":["GET"]}}],"collection":[{"href":"https:\/\/modernteh.md\/ru\/wp-json\/wp\/v2\/product"}],"about":[{"href":"https:\/\/modernteh.md\/ru\/wp-json\/wp\/v2\/types\/product"}],"wp:featuredmedia":[{"embeddable":true,"href":"https:\/\/modernteh.md\/ru\/wp-json\/wp\/v2\/media\/4704"}],"wp:attachment":[{"href":"https:\/\/modernteh.md\/ru\/wp-json\/wp\/v2\/media?parent=4703"}],"wp:term":[{"taxonomy":"product_cat","embeddable":true,"href":"https:\/\/modernteh.md\/ru\/wp-json\/wp\/v2\/product_cat?post=4703"},{"taxonomy":"product_tag","embeddable":true,"href":"https:\/\/modernteh.md\/ru\/wp-json\/wp\/v2\/product_tag?post=4703"}],"curies":[{"name":"wp","href":"https:\/\/api.w.org\/{rel}","templated":true}]}}