{"id":4706,"date":"2025-07-19T08:33:15","date_gmt":"2025-07-19T08:33:15","guid":{"rendered":"https:\/\/modernteh.md\/?post_type=product&#038;p=4706"},"modified":"2025-07-19T08:33:16","modified_gmt":"2025-07-19T08:33:16","slug":"topor-pentru-despicat-cu-maner-din-fibra-de-sticla-modeco","status":"publish","type":"product","link":"https:\/\/modernteh.md\/ru\/catalog\/topor-pentru-despicat-cu-maner-din-fibra-de-sticla-modeco\/","title":{"rendered":"Topor pentru despicat, cu m\u00e2ner din fibr\u0103 de sticl\u0103, MODECO"},"content":{"rendered":"<h1 class=\"mainInfoTitle\">Topor pentru despicat, cu m\u00e2ner din fibr\u0103 de sticl\u0103, MODECO 1.0kg<\/h1>\n<p><strong>Topor forjat cu m\u00e2ner din fibr\u0103 de sticl\u0103 cauciucat\u0103<\/strong>\u00a0combin\u0103 rezisten\u021ba o\u021belului forjat cu materiale moderne pentru m\u00e2ner, f\u0103c\u00e2ndu-l un instrument extrem de eficient pentru despicarea lemnului.<\/p>\n<p>&nbsp;<\/p>\n<p><strong>Avantaje<\/strong>:<\/p>\n<p>&nbsp;<\/p>\n<p><strong>1. Durabilitate<\/strong>: O\u021belul forjat asigur\u0103 rezisten\u021ba \u0219i longevitatea t\u0103i\u0219ului.<\/p>\n<p><strong>2. Absorb\u021bia \u0219ocurilor<\/strong>: M\u00e2nerul din fibr\u0103 de sticl\u0103 cu acoperire cauciucat\u0103 ofer\u0103 un grad ridicat de amortizare a impacturilor, reduc\u00e2nd sarcina asupra m\u00e2inilor \u0219i \u00eencheieturilor.<\/p>\n<p><strong>3. Rezisten\u021b\u0103 la condi\u021bii meteorologice<\/strong>: Materialele m\u00e2nerului sunt rezistente la coroziune \u0219i nu se deterioreaz\u0103 sub influen\u021ba umezelii, ceea ce face toporul potrivit pentru utilizare \u00een diverse condi\u021bii climatice.<\/p>\n<p><strong>4. Prindere antiderapant\u0103<\/strong>: Suprafa\u021ba cauciucat\u0103 a m\u00e2nerului asigur\u0103 o prindere sigur\u0103 chiar \u0219i cu m\u0103nu\u0219i sau cu m\u00e2ini umede.<\/p>","protected":false},"excerpt":{"rendered":"<p>Topor pentru despicat, cu m\u00e2ner din fibr\u0103 de sticl\u0103, MODECO 1.0kg Topor forjat cu m\u00e2ner din fibr\u0103 de sticl\u0103 cauciucat\u0103\u00a0combin\u0103<\/p>","protected":false},"featured_media":4707,"template":"","meta":[],"product_cat":[141],"product_tag":[],"class_list":{"0":"post-4706","1":"product","2":"type-product","3":"status-publish","4":"has-post-thumbnail","6":"product_cat-unelte-de-gradina","8":"first","9":"instock","10":"shipping-taxable","11":"purchasable","12":"product-type-simple"},"yoast_head":"<!-- This site is optimized with the Yoast SEO plugin v20.12 - https:\/\/yoast.com\/wordpress\/plugins\/seo\/ -->\n<title>Topor pentru despicat, cu m\u00e2ner din fibr\u0103 de sticl\u0103, MODECO - Modernteh<\/title>\n<meta name=\"description\" content=\"Topor pentru despicat, cu m\u00e2ner din fibr\u0103 de sticl\u0103, MODECO\" \/>\n<meta name=\"robots\" content=\"index, follow, max-snippet:-1, max-image-preview:large, max-video-preview:-1\" \/>\n<link rel=\"canonical\" href=\"https:\/\/modernteh.md\/ru\/catalog\/topor-pentru-despicat-cu-maner-din-fibra-de-sticla-modeco\/\" \/>\n<meta property=\"og:locale\" content=\"ru_RU\" \/>\n<meta property=\"og:type\" content=\"article\" \/>\n<meta property=\"og:title\" content=\"Topor pentru despicat, cu m\u00e2ner din fibr\u0103 de sticl\u0103, MODECO - Modernteh\" \/>\n<meta property=\"og:description\" content=\"Topor pentru despicat, cu m\u00e2ner din fibr\u0103 de sticl\u0103, MODECO\" \/>\n<meta property=\"og:url\" content=\"https:\/\/modernteh.md\/ru\/catalog\/topor-pentru-despicat-cu-maner-din-fibra-de-sticla-modeco\/\" \/>\n<meta property=\"og:site_name\" content=\"Modernteh\" \/>\n<meta property=\"article:publisher\" content=\"https:\/\/www.facebook.com\/profile.php?id=100082695620019\" \/>\n<meta property=\"article:modified_time\" content=\"2025-07-19T08:33:16+00:00\" \/>\n<meta property=\"og:image\" content=\"https:\/\/modernteh.md\/wp-content\/uploads\/2025\/07\/img-7099-636a04150e267480872321.webp\" \/>\n\t<meta property=\"og:image:width\" content=\"600\" \/>\n\t<meta property=\"og:image:height\" content=\"600\" \/>\n\t<meta property=\"og:image:type\" content=\"image\/webp\" \/>\n<meta name=\"twitter:card\" content=\"summary_large_image\" \/>\n<meta name=\"twitter:label1\" content=\"\u041f\u0440\u0438\u043c\u0435\u0440\u043d\u043e\u0435 \u0432\u0440\u0435\u043c\u044f \u0434\u043b\u044f \u0447\u0442\u0435\u043d\u0438\u044f\" \/>\n\t<meta name=\"twitter:data1\" content=\"1 \u043c\u0438\u043d\u0443\u0442\u0430\" \/>\n<script type=\"application\/ld+json\" class=\"yoast-schema-graph\">{\"@context\":\"https:\/\/schema.org\",\"@graph\":[{\"@type\":\"WebPage\",\"@id\":\"https:\/\/modernteh.md\/catalog\/topor-pentru-despicat-cu-maner-din-fibra-de-sticla-modeco\/\",\"url\":\"https:\/\/modernteh.md\/catalog\/topor-pentru-despicat-cu-maner-din-fibra-de-sticla-modeco\/\",\"name\":\"Topor pentru despicat, cu m\u00e2ner din fibr\u0103 de sticl\u0103, MODECO - Modernteh\",\"isPartOf\":{\"@id\":\"https:\/\/modernteh.md\/#website\"},\"datePublished\":\"2025-07-19T08:33:15+00:00\",\"dateModified\":\"2025-07-19T08:33:16+00:00\",\"description\":\"Topor pentru despicat, cu m\u00e2ner din fibr\u0103 de sticl\u0103, MODECO\",\"breadcrumb\":{\"@id\":\"https:\/\/modernteh.md\/catalog\/topor-pentru-despicat-cu-maner-din-fibra-de-sticla-modeco\/#breadcrumb\"},\"inLanguage\":\"ru-RU\",\"potentialAction\":[{\"@type\":\"ReadAction\",\"target\":[\"https:\/\/modernteh.md\/catalog\/topor-pentru-despicat-cu-maner-din-fibra-de-sticla-modeco\/\"]}]},{\"@type\":\"BreadcrumbList\",\"@id\":\"https:\/\/modernteh.md\/catalog\/topor-pentru-despicat-cu-maner-din-fibra-de-sticla-modeco\/#breadcrumb\",\"itemListElement\":[{\"@type\":\"ListItem\",\"position\":1,\"name\":\"Prima pagin\u0103\",\"item\":\"https:\/\/modernteh.md\/\"},{\"@type\":\"ListItem\",\"position\":2,\"name\":\"Catalog\",\"item\":\"https:\/\/modernteh.md\/catalog\/\"},{\"@type\":\"ListItem\",\"position\":3,\"name\":\"Topor pentru despicat, cu m\u00e2ner din fibr\u0103 de sticl\u0103, MODECO\"}]},{\"@type\":\"WebSite\",\"@id\":\"https:\/\/modernteh.md\/#website\",\"url\":\"https:\/\/modernteh.md\/\",\"name\":\"Modernteh\",\"description\":\"Modernteh\",\"publisher\":{\"@id\":\"https:\/\/modernteh.md\/#organization\"},\"potentialAction\":[{\"@type\":\"SearchAction\",\"target\":{\"@type\":\"EntryPoint\",\"urlTemplate\":\"https:\/\/modernteh.md\/?s={search_term_string}\"},\"query-input\":\"required name=search_term_string\"}],\"inLanguage\":\"ru-RU\"},{\"@type\":\"Organization\",\"@id\":\"https:\/\/modernteh.md\/#organization\",\"name\":\"Modernteh\",\"url\":\"https:\/\/modernteh.md\/\",\"logo\":{\"@type\":\"ImageObject\",\"inLanguage\":\"ru-RU\",\"@id\":\"https:\/\/modernteh.md\/#\/schema\/logo\/image\/\",\"url\":\"https:\/\/modernteh.md\/wp-content\/uploads\/2022\/06\/Logo_site-2.png\",\"contentUrl\":\"https:\/\/modernteh.md\/wp-content\/uploads\/2022\/06\/Logo_site-2.png\",\"width\":500,\"height\":487,\"caption\":\"Modernteh\"},\"image\":{\"@id\":\"https:\/\/modernteh.md\/#\/schema\/logo\/image\/\"},\"sameAs\":[\"https:\/\/www.facebook.com\/profile.php?id=100082695620019\"]}]}<\/script>\n<!-- \/ Yoast SEO plugin. -->","yoast_head_json":{"title":"Topor pentru despicat, cu m\u00e2ner din fibr\u0103 de sticl\u0103, MODECO - Modernteh","description":"Topor pentru despicat, cu m\u00e2ner din fibr\u0103 de sticl\u0103, MODECO","robots":{"index":"index","follow":"follow","max-snippet":"max-snippet:-1","max-image-preview":"max-image-preview:large","max-video-preview":"max-video-preview:-1"},"canonical":"https:\/\/modernteh.md\/ru\/catalog\/topor-pentru-despicat-cu-maner-din-fibra-de-sticla-modeco\/","og_locale":"ru_RU","og_type":"article","og_title":"Topor pentru despicat, cu m\u00e2ner din fibr\u0103 de sticl\u0103, MODECO - Modernteh","og_description":"Topor pentru despicat, cu m\u00e2ner din fibr\u0103 de sticl\u0103, MODECO","og_url":"https:\/\/modernteh.md\/ru\/catalog\/topor-pentru-despicat-cu-maner-din-fibra-de-sticla-modeco\/","og_site_name":"Modernteh","article_publisher":"https:\/\/www.facebook.com\/profile.php?id=100082695620019","article_modified_time":"2025-07-19T08:33:16+00:00","og_image":[{"width":600,"height":600,"url":"https:\/\/modernteh.md\/wp-content\/uploads\/2025\/07\/img-7099-636a04150e267480872321.webp","type":"image\/webp"}],"twitter_card":"summary_large_image","twitter_misc":{"\u041f\u0440\u0438\u043c\u0435\u0440\u043d\u043e\u0435 \u0432\u0440\u0435\u043c\u044f \u0434\u043b\u044f \u0447\u0442\u0435\u043d\u0438\u044f":"1 \u043c\u0438\u043d\u0443\u0442\u0430"},"schema":{"@context":"https:\/\/schema.org","@graph":[{"@type":"WebPage","@id":"https:\/\/modernteh.md\/catalog\/topor-pentru-despicat-cu-maner-din-fibra-de-sticla-modeco\/","url":"https:\/\/modernteh.md\/catalog\/topor-pentru-despicat-cu-maner-din-fibra-de-sticla-modeco\/","name":"Topor pentru despicat, cu m\u00e2ner din fibr\u0103 de sticl\u0103, MODECO - Modernteh","isPartOf":{"@id":"https:\/\/modernteh.md\/#website"},"datePublished":"2025-07-19T08:33:15+00:00","dateModified":"2025-07-19T08:33:16+00:00","description":"Topor pentru despicat, cu m\u00e2ner din fibr\u0103 de sticl\u0103, MODECO","breadcrumb":{"@id":"https:\/\/modernteh.md\/catalog\/topor-pentru-despicat-cu-maner-din-fibra-de-sticla-modeco\/#breadcrumb"},"inLanguage":"ru-RU","potentialAction":[{"@type":"ReadAction","target":["https:\/\/modernteh.md\/catalog\/topor-pentru-despicat-cu-maner-din-fibra-de-sticla-modeco\/"]}]},{"@type":"BreadcrumbList","@id":"https:\/\/modernteh.md\/catalog\/topor-pentru-despicat-cu-maner-din-fibra-de-sticla-modeco\/#breadcrumb","itemListElement":[{"@type":"ListItem","position":1,"name":"Prima pagin\u0103","item":"https:\/\/modernteh.md\/"},{"@type":"ListItem","position":2,"name":"Catalog","item":"https:\/\/modernteh.md\/catalog\/"},{"@type":"ListItem","position":3,"name":"Topor pentru despicat, cu m\u00e2ner din fibr\u0103 de sticl\u0103, MODECO"}]},{"@type":"WebSite","@id":"https:\/\/modernteh.md\/#website","url":"https:\/\/modernteh.md\/","name":"Modernteh","description":"Modernteh","publisher":{"@id":"https:\/\/modernteh.md\/#organization"},"potentialAction":[{"@type":"SearchAction","target":{"@type":"EntryPoint","urlTemplate":"https:\/\/modernteh.md\/?s={search_term_string}"},"query-input":"required name=search_term_string"}],"inLanguage":"ru-RU"},{"@type":"Organization","@id":"https:\/\/modernteh.md\/#organization","name":"Modernteh","url":"https:\/\/modernteh.md\/","logo":{"@type":"ImageObject","inLanguage":"ru-RU","@id":"https:\/\/modernteh.md\/#\/schema\/logo\/image\/","url":"https:\/\/modernteh.md\/wp-content\/uploads\/2022\/06\/Logo_site-2.png","contentUrl":"https:\/\/modernteh.md\/wp-content\/uploads\/2022\/06\/Logo_site-2.png","width":500,"height":487,"caption":"Modernteh"},"image":{"@id":"https:\/\/modernteh.md\/#\/schema\/logo\/image\/"},"sameAs":["https:\/\/www.facebook.com\/profile.php?id=100082695620019"]}]}},"_links":{"self":[{"href":"https:\/\/modernteh.md\/ru\/wp-json\/wp\/v2\/product\/4706","targetHints":{"allow":["GET"]}}],"collection":[{"href":"https:\/\/modernteh.md\/ru\/wp-json\/wp\/v2\/product"}],"about":[{"href":"https:\/\/modernteh.md\/ru\/wp-json\/wp\/v2\/types\/product"}],"wp:featuredmedia":[{"embeddable":true,"href":"https:\/\/modernteh.md\/ru\/wp-json\/wp\/v2\/media\/4707"}],"wp:attachment":[{"href":"https:\/\/modernteh.md\/ru\/wp-json\/wp\/v2\/media?parent=4706"}],"wp:term":[{"taxonomy":"product_cat","embeddable":true,"href":"https:\/\/modernteh.md\/ru\/wp-json\/wp\/v2\/product_cat?post=4706"},{"taxonomy":"product_tag","embeddable":true,"href":"https:\/\/modernteh.md\/ru\/wp-json\/wp\/v2\/product_tag?post=4706"}],"curies":[{"name":"wp","href":"https:\/\/api.w.org\/{rel}","templated":true}]}}