{"id":4709,"date":"2025-07-19T08:36:12","date_gmt":"2025-07-19T08:36:12","guid":{"rendered":"https:\/\/modernteh.md\/?post_type=product&#038;p=4709"},"modified":"2025-07-19T08:36:13","modified_gmt":"2025-07-19T08:36:13","slug":"topor-pentru-despicat","status":"publish","type":"product","link":"https:\/\/modernteh.md\/ru\/catalog\/topor-pentru-despicat\/","title":{"rendered":"Topor pentru despicat"},"content":{"rendered":"<h1 class=\"mainInfoTitle\">Topor pentru despicat 2.0kg<\/h1>\n<p><strong>Topor pentru despicat<\/strong>\u00a0&#8211; este un instrument de \u00eencredere pentru despicarea lemnului, realizat din o\u021bel forjat, ceea ce asigur\u0103 rezisten\u021ba ridicat\u0103 \u0219i durabilitatea acestuia. M\u00e2nerul de lemn, ergonomic format, ofer\u0103 o prindere confortabil\u0103 \u0219i sigur\u0103, reduc\u00e2nd oboseala m\u00e2inilor \u00een timpul utiliz\u0103rii. Este ideal at\u00e2t pentru uz profesional, c\u00e2t \u0219i pentru nevoile casnice.<\/p>\n<p>&nbsp;<\/p>\n<p>Avantaje:<\/p>\n<p>&nbsp;<\/p>\n<p><strong>1. Rezisten\u021ba materialului<\/strong>: O\u021belul forjat asigur\u0103 durabilitate \u0219i fiabilitate.<\/p>\n<p><strong>2. M\u00e2ner ergonomic<\/strong>: M\u00e2nerul de lemn reduce oboseala m\u00e2inilor.<\/p>\n<p><strong>3. Eficien\u021b\u0103 \u00een despicare<\/strong>: Design optimizat pentru eficien\u021b\u0103 maxim\u0103.<\/p>\n<p><strong>4. Universalitate<\/strong>: Potrivit pentru despicarea diferitelor tipuri de lemn.<\/p>\n<p><strong>5. Durabilitate<\/strong>: Rezisten\u021b\u0103 mare la uzur\u0103 \u0219i coroziune<\/p>","protected":false},"excerpt":{"rendered":"<p>Topor pentru despicat 2.0kg Topor pentru despicat\u00a0&#8211; este un instrument de \u00eencredere pentru despicarea lemnului, realizat din o\u021bel forjat, ceea<\/p>","protected":false},"featured_media":4710,"template":"","meta":[],"product_cat":[141],"product_tag":[],"class_list":{"0":"post-4709","1":"product","2":"type-product","3":"status-publish","4":"has-post-thumbnail","6":"product_cat-unelte-de-gradina","8":"first","9":"instock","10":"shipping-taxable","11":"purchasable","12":"product-type-simple"},"yoast_head":"<!-- This site is optimized with the Yoast SEO plugin v20.12 - https:\/\/yoast.com\/wordpress\/plugins\/seo\/ -->\n<title>Topor pentru despicat - Modernteh<\/title>\n<meta name=\"description\" content=\"Topor pentru despicat 2.0kg\" \/>\n<meta name=\"robots\" content=\"index, follow, max-snippet:-1, max-image-preview:large, max-video-preview:-1\" \/>\n<link rel=\"canonical\" href=\"https:\/\/modernteh.md\/ru\/catalog\/topor-pentru-despicat\/\" \/>\n<meta property=\"og:locale\" content=\"ru_RU\" \/>\n<meta property=\"og:type\" content=\"article\" \/>\n<meta property=\"og:title\" content=\"Topor pentru despicat - Modernteh\" \/>\n<meta property=\"og:description\" content=\"Topor pentru despicat 2.0kg\" \/>\n<meta property=\"og:url\" content=\"https:\/\/modernteh.md\/ru\/catalog\/topor-pentru-despicat\/\" \/>\n<meta property=\"og:site_name\" content=\"Modernteh\" \/>\n<meta property=\"article:publisher\" content=\"https:\/\/www.facebook.com\/profile.php?id=100082695620019\" \/>\n<meta property=\"article:modified_time\" content=\"2025-07-19T08:36:13+00:00\" \/>\n<meta property=\"og:image\" content=\"https:\/\/modernteh.md\/wp-content\/uploads\/2025\/07\/img-7125-636a02c7ba398110231074.webp\" \/>\n\t<meta property=\"og:image:width\" content=\"600\" \/>\n\t<meta property=\"og:image:height\" content=\"600\" \/>\n\t<meta property=\"og:image:type\" content=\"image\/webp\" \/>\n<meta name=\"twitter:card\" content=\"summary_large_image\" \/>\n<meta name=\"twitter:label1\" content=\"\u041f\u0440\u0438\u043c\u0435\u0440\u043d\u043e\u0435 \u0432\u0440\u0435\u043c\u044f \u0434\u043b\u044f \u0447\u0442\u0435\u043d\u0438\u044f\" \/>\n\t<meta name=\"twitter:data1\" content=\"1 \u043c\u0438\u043d\u0443\u0442\u0430\" \/>\n<script type=\"application\/ld+json\" class=\"yoast-schema-graph\">{\"@context\":\"https:\/\/schema.org\",\"@graph\":[{\"@type\":\"WebPage\",\"@id\":\"https:\/\/modernteh.md\/catalog\/topor-pentru-despicat\/\",\"url\":\"https:\/\/modernteh.md\/catalog\/topor-pentru-despicat\/\",\"name\":\"Topor pentru despicat - Modernteh\",\"isPartOf\":{\"@id\":\"https:\/\/modernteh.md\/#website\"},\"datePublished\":\"2025-07-19T08:36:12+00:00\",\"dateModified\":\"2025-07-19T08:36:13+00:00\",\"description\":\"Topor pentru despicat 2.0kg\",\"breadcrumb\":{\"@id\":\"https:\/\/modernteh.md\/catalog\/topor-pentru-despicat\/#breadcrumb\"},\"inLanguage\":\"ru-RU\",\"potentialAction\":[{\"@type\":\"ReadAction\",\"target\":[\"https:\/\/modernteh.md\/catalog\/topor-pentru-despicat\/\"]}]},{\"@type\":\"BreadcrumbList\",\"@id\":\"https:\/\/modernteh.md\/catalog\/topor-pentru-despicat\/#breadcrumb\",\"itemListElement\":[{\"@type\":\"ListItem\",\"position\":1,\"name\":\"Prima pagin\u0103\",\"item\":\"https:\/\/modernteh.md\/\"},{\"@type\":\"ListItem\",\"position\":2,\"name\":\"Catalog\",\"item\":\"https:\/\/modernteh.md\/catalog\/\"},{\"@type\":\"ListItem\",\"position\":3,\"name\":\"Topor pentru despicat\"}]},{\"@type\":\"WebSite\",\"@id\":\"https:\/\/modernteh.md\/#website\",\"url\":\"https:\/\/modernteh.md\/\",\"name\":\"Modernteh\",\"description\":\"Modernteh\",\"publisher\":{\"@id\":\"https:\/\/modernteh.md\/#organization\"},\"potentialAction\":[{\"@type\":\"SearchAction\",\"target\":{\"@type\":\"EntryPoint\",\"urlTemplate\":\"https:\/\/modernteh.md\/?s={search_term_string}\"},\"query-input\":\"required name=search_term_string\"}],\"inLanguage\":\"ru-RU\"},{\"@type\":\"Organization\",\"@id\":\"https:\/\/modernteh.md\/#organization\",\"name\":\"Modernteh\",\"url\":\"https:\/\/modernteh.md\/\",\"logo\":{\"@type\":\"ImageObject\",\"inLanguage\":\"ru-RU\",\"@id\":\"https:\/\/modernteh.md\/#\/schema\/logo\/image\/\",\"url\":\"https:\/\/modernteh.md\/wp-content\/uploads\/2022\/06\/Logo_site-2.png\",\"contentUrl\":\"https:\/\/modernteh.md\/wp-content\/uploads\/2022\/06\/Logo_site-2.png\",\"width\":500,\"height\":487,\"caption\":\"Modernteh\"},\"image\":{\"@id\":\"https:\/\/modernteh.md\/#\/schema\/logo\/image\/\"},\"sameAs\":[\"https:\/\/www.facebook.com\/profile.php?id=100082695620019\"]}]}<\/script>\n<!-- \/ Yoast SEO plugin. -->","yoast_head_json":{"title":"Topor pentru despicat - Modernteh","description":"Topor pentru despicat 2.0kg","robots":{"index":"index","follow":"follow","max-snippet":"max-snippet:-1","max-image-preview":"max-image-preview:large","max-video-preview":"max-video-preview:-1"},"canonical":"https:\/\/modernteh.md\/ru\/catalog\/topor-pentru-despicat\/","og_locale":"ru_RU","og_type":"article","og_title":"Topor pentru despicat - Modernteh","og_description":"Topor pentru despicat 2.0kg","og_url":"https:\/\/modernteh.md\/ru\/catalog\/topor-pentru-despicat\/","og_site_name":"Modernteh","article_publisher":"https:\/\/www.facebook.com\/profile.php?id=100082695620019","article_modified_time":"2025-07-19T08:36:13+00:00","og_image":[{"width":600,"height":600,"url":"https:\/\/modernteh.md\/wp-content\/uploads\/2025\/07\/img-7125-636a02c7ba398110231074.webp","type":"image\/webp"}],"twitter_card":"summary_large_image","twitter_misc":{"\u041f\u0440\u0438\u043c\u0435\u0440\u043d\u043e\u0435 \u0432\u0440\u0435\u043c\u044f \u0434\u043b\u044f \u0447\u0442\u0435\u043d\u0438\u044f":"1 \u043c\u0438\u043d\u0443\u0442\u0430"},"schema":{"@context":"https:\/\/schema.org","@graph":[{"@type":"WebPage","@id":"https:\/\/modernteh.md\/catalog\/topor-pentru-despicat\/","url":"https:\/\/modernteh.md\/catalog\/topor-pentru-despicat\/","name":"Topor pentru despicat - Modernteh","isPartOf":{"@id":"https:\/\/modernteh.md\/#website"},"datePublished":"2025-07-19T08:36:12+00:00","dateModified":"2025-07-19T08:36:13+00:00","description":"Topor pentru despicat 2.0kg","breadcrumb":{"@id":"https:\/\/modernteh.md\/catalog\/topor-pentru-despicat\/#breadcrumb"},"inLanguage":"ru-RU","potentialAction":[{"@type":"ReadAction","target":["https:\/\/modernteh.md\/catalog\/topor-pentru-despicat\/"]}]},{"@type":"BreadcrumbList","@id":"https:\/\/modernteh.md\/catalog\/topor-pentru-despicat\/#breadcrumb","itemListElement":[{"@type":"ListItem","position":1,"name":"Prima pagin\u0103","item":"https:\/\/modernteh.md\/"},{"@type":"ListItem","position":2,"name":"Catalog","item":"https:\/\/modernteh.md\/catalog\/"},{"@type":"ListItem","position":3,"name":"Topor pentru despicat"}]},{"@type":"WebSite","@id":"https:\/\/modernteh.md\/#website","url":"https:\/\/modernteh.md\/","name":"Modernteh","description":"Modernteh","publisher":{"@id":"https:\/\/modernteh.md\/#organization"},"potentialAction":[{"@type":"SearchAction","target":{"@type":"EntryPoint","urlTemplate":"https:\/\/modernteh.md\/?s={search_term_string}"},"query-input":"required name=search_term_string"}],"inLanguage":"ru-RU"},{"@type":"Organization","@id":"https:\/\/modernteh.md\/#organization","name":"Modernteh","url":"https:\/\/modernteh.md\/","logo":{"@type":"ImageObject","inLanguage":"ru-RU","@id":"https:\/\/modernteh.md\/#\/schema\/logo\/image\/","url":"https:\/\/modernteh.md\/wp-content\/uploads\/2022\/06\/Logo_site-2.png","contentUrl":"https:\/\/modernteh.md\/wp-content\/uploads\/2022\/06\/Logo_site-2.png","width":500,"height":487,"caption":"Modernteh"},"image":{"@id":"https:\/\/modernteh.md\/#\/schema\/logo\/image\/"},"sameAs":["https:\/\/www.facebook.com\/profile.php?id=100082695620019"]}]}},"_links":{"self":[{"href":"https:\/\/modernteh.md\/ru\/wp-json\/wp\/v2\/product\/4709","targetHints":{"allow":["GET"]}}],"collection":[{"href":"https:\/\/modernteh.md\/ru\/wp-json\/wp\/v2\/product"}],"about":[{"href":"https:\/\/modernteh.md\/ru\/wp-json\/wp\/v2\/types\/product"}],"wp:featuredmedia":[{"embeddable":true,"href":"https:\/\/modernteh.md\/ru\/wp-json\/wp\/v2\/media\/4710"}],"wp:attachment":[{"href":"https:\/\/modernteh.md\/ru\/wp-json\/wp\/v2\/media?parent=4709"}],"wp:term":[{"taxonomy":"product_cat","embeddable":true,"href":"https:\/\/modernteh.md\/ru\/wp-json\/wp\/v2\/product_cat?post=4709"},{"taxonomy":"product_tag","embeddable":true,"href":"https:\/\/modernteh.md\/ru\/wp-json\/wp\/v2\/product_tag?post=4709"}],"curies":[{"name":"wp","href":"https:\/\/api.w.org\/{rel}","templated":true}]}}