{"id":4728,"date":"2025-07-19T08:53:20","date_gmt":"2025-07-19T08:53:20","guid":{"rendered":"https:\/\/modernteh.md\/?post_type=product&#038;p=4728"},"modified":"2025-07-19T08:53:21","modified_gmt":"2025-07-19T08:53:21","slug":"pistol-de-stropit-metalic","status":"publish","type":"product","link":"https:\/\/modernteh.md\/ru\/catalog\/pistol-de-stropit-metalic\/","title":{"rendered":"Pistol de stropit, metalic"},"content":{"rendered":"<h1 class=\"mainInfoTitle\">Pistol de stropit, metalic<\/h1>\n<p><strong>Pistolul de stropit PROFMET\u00a0<\/strong>este un instrument multifunc\u021bional, ideal pentru irigarea plantelor \u0219i cur\u0103\u021barea suprafe\u021belor din gr\u0103din\u0103. Construc\u021bia sa metalic\u0103 robust\u0103, combinat\u0103 cu plastic, cauciuc \u0219i aluminiu, \u00eei ofer\u0103 durabilitate ridicat\u0103 \u0219i confort \u00een utilizare. Dispune de 2 moduri de udare, adaptabile nevoilor diferite ale plantelor. Firul standard de 3\/4\u201d \u0219i presiunea maxim\u0103 de 6 BAR asigur\u0103 compatibilitate optim\u0103 cu sistemele de irigare.<\/p>\n<h4><\/h4>\n<h4><strong>Avantaje<\/strong><\/h4>\n<p>&nbsp;<\/p>\n<ul>\n<li><strong>Corp metalic rezistent<\/strong>, combinat cu cauciuc \u0219i aluminiu pentru confort sporit.<\/li>\n<li><strong>2 moduri de udare<\/strong>\u00a0pentru adaptabilitate optim\u0103.<\/li>\n<li><strong>Compatibil cu furtunuri standard de 3\/4&#8243;<\/strong>.<\/li>\n<li><strong>Presiune de lucru maxim\u0103 de 6 BAR<\/strong>\u00a0pentru un jet de ap\u0103 puternic.<\/li>\n<li><strong>Interval de temperatur\u0103 extins (-4\u00b0C p\u00e2n\u0103 la +60\u00b0C)<\/strong>.<\/li>\n<li><strong>Ideal pentru udarea plantelor \u0219i cur\u0103\u021barea mobilierului de gr\u0103din\u0103<\/strong>.<\/li>\n<\/ul>","protected":false},"excerpt":{"rendered":"<p>Pistol de stropit, metalic Pistolul de stropit PROFMET\u00a0este un instrument multifunc\u021bional, ideal pentru irigarea plantelor \u0219i cur\u0103\u021barea suprafe\u021belor din gr\u0103din\u0103.<\/p>","protected":false},"featured_media":4729,"template":"","meta":[],"product_cat":[141],"product_tag":[],"class_list":{"0":"post-4728","1":"product","2":"type-product","3":"status-publish","4":"has-post-thumbnail","6":"product_cat-unelte-de-gradina","8":"first","9":"instock","10":"shipping-taxable","11":"purchasable","12":"product-type-simple"},"yoast_head":"<!-- This site is optimized with the Yoast SEO plugin v20.12 - https:\/\/yoast.com\/wordpress\/plugins\/seo\/ -->\n<title>Pistol de stropit, metalic - Modernteh<\/title>\n<meta name=\"description\" content=\"Pistol de stropit metalic\" \/>\n<meta name=\"robots\" content=\"index, follow, max-snippet:-1, max-image-preview:large, max-video-preview:-1\" \/>\n<link rel=\"canonical\" href=\"https:\/\/modernteh.md\/ru\/catalog\/pistol-de-stropit-metalic\/\" \/>\n<meta property=\"og:locale\" content=\"ru_RU\" \/>\n<meta property=\"og:type\" content=\"article\" \/>\n<meta property=\"og:title\" content=\"Pistol de stropit, metalic - Modernteh\" \/>\n<meta property=\"og:description\" content=\"Pistol de stropit metalic\" \/>\n<meta property=\"og:url\" content=\"https:\/\/modernteh.md\/ru\/catalog\/pistol-de-stropit-metalic\/\" \/>\n<meta property=\"og:site_name\" content=\"Modernteh\" \/>\n<meta property=\"article:publisher\" content=\"https:\/\/www.facebook.com\/profile.php?id=100082695620019\" \/>\n<meta property=\"article:modified_time\" content=\"2025-07-19T08:53:21+00:00\" \/>\n<meta property=\"og:image\" content=\"https:\/\/modernteh.md\/wp-content\/uploads\/2025\/07\/img-2860-6344fbd9c2947851997789.webp\" \/>\n\t<meta property=\"og:image:width\" content=\"600\" \/>\n\t<meta property=\"og:image:height\" content=\"600\" \/>\n\t<meta property=\"og:image:type\" content=\"image\/webp\" \/>\n<meta name=\"twitter:card\" content=\"summary_large_image\" \/>\n<meta name=\"twitter:label1\" content=\"\u041f\u0440\u0438\u043c\u0435\u0440\u043d\u043e\u0435 \u0432\u0440\u0435\u043c\u044f \u0434\u043b\u044f \u0447\u0442\u0435\u043d\u0438\u044f\" \/>\n\t<meta name=\"twitter:data1\" content=\"1 \u043c\u0438\u043d\u0443\u0442\u0430\" \/>\n<script type=\"application\/ld+json\" class=\"yoast-schema-graph\">{\"@context\":\"https:\/\/schema.org\",\"@graph\":[{\"@type\":\"WebPage\",\"@id\":\"https:\/\/modernteh.md\/catalog\/pistol-de-stropit-metalic\/\",\"url\":\"https:\/\/modernteh.md\/catalog\/pistol-de-stropit-metalic\/\",\"name\":\"Pistol de stropit, metalic - Modernteh\",\"isPartOf\":{\"@id\":\"https:\/\/modernteh.md\/#website\"},\"datePublished\":\"2025-07-19T08:53:20+00:00\",\"dateModified\":\"2025-07-19T08:53:21+00:00\",\"description\":\"Pistol de stropit metalic\",\"breadcrumb\":{\"@id\":\"https:\/\/modernteh.md\/catalog\/pistol-de-stropit-metalic\/#breadcrumb\"},\"inLanguage\":\"ru-RU\",\"potentialAction\":[{\"@type\":\"ReadAction\",\"target\":[\"https:\/\/modernteh.md\/catalog\/pistol-de-stropit-metalic\/\"]}]},{\"@type\":\"BreadcrumbList\",\"@id\":\"https:\/\/modernteh.md\/catalog\/pistol-de-stropit-metalic\/#breadcrumb\",\"itemListElement\":[{\"@type\":\"ListItem\",\"position\":1,\"name\":\"Prima pagin\u0103\",\"item\":\"https:\/\/modernteh.md\/\"},{\"@type\":\"ListItem\",\"position\":2,\"name\":\"Catalog\",\"item\":\"https:\/\/modernteh.md\/catalog\/\"},{\"@type\":\"ListItem\",\"position\":3,\"name\":\"Pistol de stropit, metalic\"}]},{\"@type\":\"WebSite\",\"@id\":\"https:\/\/modernteh.md\/#website\",\"url\":\"https:\/\/modernteh.md\/\",\"name\":\"Modernteh\",\"description\":\"Modernteh\",\"publisher\":{\"@id\":\"https:\/\/modernteh.md\/#organization\"},\"potentialAction\":[{\"@type\":\"SearchAction\",\"target\":{\"@type\":\"EntryPoint\",\"urlTemplate\":\"https:\/\/modernteh.md\/?s={search_term_string}\"},\"query-input\":\"required name=search_term_string\"}],\"inLanguage\":\"ru-RU\"},{\"@type\":\"Organization\",\"@id\":\"https:\/\/modernteh.md\/#organization\",\"name\":\"Modernteh\",\"url\":\"https:\/\/modernteh.md\/\",\"logo\":{\"@type\":\"ImageObject\",\"inLanguage\":\"ru-RU\",\"@id\":\"https:\/\/modernteh.md\/#\/schema\/logo\/image\/\",\"url\":\"https:\/\/modernteh.md\/wp-content\/uploads\/2022\/06\/Logo_site-2.png\",\"contentUrl\":\"https:\/\/modernteh.md\/wp-content\/uploads\/2022\/06\/Logo_site-2.png\",\"width\":500,\"height\":487,\"caption\":\"Modernteh\"},\"image\":{\"@id\":\"https:\/\/modernteh.md\/#\/schema\/logo\/image\/\"},\"sameAs\":[\"https:\/\/www.facebook.com\/profile.php?id=100082695620019\"]}]}<\/script>\n<!-- \/ Yoast SEO plugin. -->","yoast_head_json":{"title":"Pistol de stropit, metalic - Modernteh","description":"Pistol de stropit metalic","robots":{"index":"index","follow":"follow","max-snippet":"max-snippet:-1","max-image-preview":"max-image-preview:large","max-video-preview":"max-video-preview:-1"},"canonical":"https:\/\/modernteh.md\/ru\/catalog\/pistol-de-stropit-metalic\/","og_locale":"ru_RU","og_type":"article","og_title":"Pistol de stropit, metalic - Modernteh","og_description":"Pistol de stropit metalic","og_url":"https:\/\/modernteh.md\/ru\/catalog\/pistol-de-stropit-metalic\/","og_site_name":"Modernteh","article_publisher":"https:\/\/www.facebook.com\/profile.php?id=100082695620019","article_modified_time":"2025-07-19T08:53:21+00:00","og_image":[{"width":600,"height":600,"url":"https:\/\/modernteh.md\/wp-content\/uploads\/2025\/07\/img-2860-6344fbd9c2947851997789.webp","type":"image\/webp"}],"twitter_card":"summary_large_image","twitter_misc":{"\u041f\u0440\u0438\u043c\u0435\u0440\u043d\u043e\u0435 \u0432\u0440\u0435\u043c\u044f \u0434\u043b\u044f \u0447\u0442\u0435\u043d\u0438\u044f":"1 \u043c\u0438\u043d\u0443\u0442\u0430"},"schema":{"@context":"https:\/\/schema.org","@graph":[{"@type":"WebPage","@id":"https:\/\/modernteh.md\/catalog\/pistol-de-stropit-metalic\/","url":"https:\/\/modernteh.md\/catalog\/pistol-de-stropit-metalic\/","name":"Pistol de stropit, metalic - Modernteh","isPartOf":{"@id":"https:\/\/modernteh.md\/#website"},"datePublished":"2025-07-19T08:53:20+00:00","dateModified":"2025-07-19T08:53:21+00:00","description":"Pistol de stropit metalic","breadcrumb":{"@id":"https:\/\/modernteh.md\/catalog\/pistol-de-stropit-metalic\/#breadcrumb"},"inLanguage":"ru-RU","potentialAction":[{"@type":"ReadAction","target":["https:\/\/modernteh.md\/catalog\/pistol-de-stropit-metalic\/"]}]},{"@type":"BreadcrumbList","@id":"https:\/\/modernteh.md\/catalog\/pistol-de-stropit-metalic\/#breadcrumb","itemListElement":[{"@type":"ListItem","position":1,"name":"Prima pagin\u0103","item":"https:\/\/modernteh.md\/"},{"@type":"ListItem","position":2,"name":"Catalog","item":"https:\/\/modernteh.md\/catalog\/"},{"@type":"ListItem","position":3,"name":"Pistol de stropit, metalic"}]},{"@type":"WebSite","@id":"https:\/\/modernteh.md\/#website","url":"https:\/\/modernteh.md\/","name":"Modernteh","description":"Modernteh","publisher":{"@id":"https:\/\/modernteh.md\/#organization"},"potentialAction":[{"@type":"SearchAction","target":{"@type":"EntryPoint","urlTemplate":"https:\/\/modernteh.md\/?s={search_term_string}"},"query-input":"required name=search_term_string"}],"inLanguage":"ru-RU"},{"@type":"Organization","@id":"https:\/\/modernteh.md\/#organization","name":"Modernteh","url":"https:\/\/modernteh.md\/","logo":{"@type":"ImageObject","inLanguage":"ru-RU","@id":"https:\/\/modernteh.md\/#\/schema\/logo\/image\/","url":"https:\/\/modernteh.md\/wp-content\/uploads\/2022\/06\/Logo_site-2.png","contentUrl":"https:\/\/modernteh.md\/wp-content\/uploads\/2022\/06\/Logo_site-2.png","width":500,"height":487,"caption":"Modernteh"},"image":{"@id":"https:\/\/modernteh.md\/#\/schema\/logo\/image\/"},"sameAs":["https:\/\/www.facebook.com\/profile.php?id=100082695620019"]}]}},"_links":{"self":[{"href":"https:\/\/modernteh.md\/ru\/wp-json\/wp\/v2\/product\/4728","targetHints":{"allow":["GET"]}}],"collection":[{"href":"https:\/\/modernteh.md\/ru\/wp-json\/wp\/v2\/product"}],"about":[{"href":"https:\/\/modernteh.md\/ru\/wp-json\/wp\/v2\/types\/product"}],"wp:featuredmedia":[{"embeddable":true,"href":"https:\/\/modernteh.md\/ru\/wp-json\/wp\/v2\/media\/4729"}],"wp:attachment":[{"href":"https:\/\/modernteh.md\/ru\/wp-json\/wp\/v2\/media?parent=4728"}],"wp:term":[{"taxonomy":"product_cat","embeddable":true,"href":"https:\/\/modernteh.md\/ru\/wp-json\/wp\/v2\/product_cat?post=4728"},{"taxonomy":"product_tag","embeddable":true,"href":"https:\/\/modernteh.md\/ru\/wp-json\/wp\/v2\/product_tag?post=4728"}],"curies":[{"name":"wp","href":"https:\/\/api.w.org\/{rel}","templated":true}]}}