{"id":4731,"date":"2025-07-19T08:55:53","date_gmt":"2025-07-19T08:55:53","guid":{"rendered":"https:\/\/modernteh.md\/?post_type=product&#038;p=4731"},"modified":"2025-07-19T08:55:54","modified_gmt":"2025-07-19T08:55:54","slug":"furtun-din-pvc-armat-transparent-1-2-50m","status":"publish","type":"product","link":"https:\/\/modernteh.md\/ru\/catalog\/furtun-din-pvc-armat-transparent-1-2-50m\/","title":{"rendered":"Furtun din PVC, armat, transparent (1\/2) 50m"},"content":{"rendered":"<p>Furtun din PVC, armat, transparent (1\/2) 50m<\/p>\n<p>Furtun din PVC, armat, transparent pentru ap\u0103 reprezint\u0103 o versiune \u00eent\u0103rit\u0103 a furtunului clasic din PVC, destinat\u0103 transportului apei. Armarea \u00eei confer\u0103 o rezisten\u021b\u0103 suplimentar\u0103 \u0219i o toleran\u021b\u0103 mai mare la presiune, f\u0103c\u00e2ndu-l ideal pentru utilizare \u00een sisteme de iriga\u021bii, acvarii, agricultur\u0103, precum \u0219i \u00een aplica\u021bii industriale \u0219i de construc\u021bie, unde fiabilitatea este esen\u021bial\u0103. Transparen\u021ba furtunului permite controlul vizual al fluxului apei \u0219i detectarea oric\u0103ror impurit\u0103\u021bi sau bule de aer din sistem.<\/p>\n<p>&nbsp;<\/p>\n<p><strong>Avantaje:<\/strong><\/p>\n<p>&nbsp;<\/p>\n<p><strong>1. Rezisten\u021b\u0103 \u0219i durabilitate:<\/strong>\u00a0Armarea cre\u0219te rezisten\u021ba furtunului la ruperi \u0219i deform\u0103ri.<\/p>\n<p><strong>2. Toleran\u021b\u0103 la presiune:<\/strong>\u00a0Poate fi folosit \u00een sisteme cu presiune \u00eenalt\u0103 f\u0103r\u0103 riscul de deteriorare.<\/p>\n<p><strong>3. Control vizual:<\/strong>\u00a0Transparen\u021ba asigur\u0103 posibilitatea de a observa starea lichidului din interior.<\/p>\n<p><strong>4. Flexibilitate:<\/strong>\u00a0Chiar \u0219i cu armare, furtunul r\u0103m\u00e2ne flexibil \u0219i u\u0219or de utilizat.<\/p>\n<p><strong>5. Aplica\u021bii universale:<\/strong>\u00a0Se potrive\u0219te pentru o gam\u0103 larg\u0103 de utiliz\u0103ri, de la iriga\u021bii casnice p\u00e2n\u0103 la aplica\u021bii industriale.<\/p>","protected":false},"excerpt":{"rendered":"<p>Furtun din PVC, armat, transparent (1\/2) 50m Furtun din PVC, armat, transparent pentru ap\u0103 reprezint\u0103 o versiune \u00eent\u0103rit\u0103 a furtunului<\/p>","protected":false},"featured_media":4732,"template":"","meta":[],"product_cat":[141],"product_tag":[],"class_list":{"0":"post-4731","1":"product","2":"type-product","3":"status-publish","4":"has-post-thumbnail","6":"product_cat-unelte-de-gradina","8":"first","9":"instock","10":"shipping-taxable","11":"purchasable","12":"product-type-simple"},"yoast_head":"<!-- This site is optimized with the Yoast SEO plugin v20.12 - https:\/\/yoast.com\/wordpress\/plugins\/seo\/ -->\n<title>Furtun din PVC, armat, transparent (1\/2) 50m - Modernteh<\/title>\n<meta name=\"description\" content=\"Furtun din PVC, armat, transparent (1\/2) 50m\" \/>\n<meta name=\"robots\" content=\"index, follow, max-snippet:-1, max-image-preview:large, max-video-preview:-1\" \/>\n<link rel=\"canonical\" href=\"https:\/\/modernteh.md\/ru\/catalog\/furtun-din-pvc-armat-transparent-1-2-50m\/\" \/>\n<meta property=\"og:locale\" content=\"ru_RU\" \/>\n<meta property=\"og:type\" content=\"article\" \/>\n<meta property=\"og:title\" content=\"Furtun din PVC, armat, transparent (1\/2) 50m - Modernteh\" \/>\n<meta property=\"og:description\" content=\"Furtun din PVC, armat, transparent (1\/2) 50m\" \/>\n<meta property=\"og:url\" content=\"https:\/\/modernteh.md\/ru\/catalog\/furtun-din-pvc-armat-transparent-1-2-50m\/\" \/>\n<meta property=\"og:site_name\" content=\"Modernteh\" \/>\n<meta property=\"article:publisher\" content=\"https:\/\/www.facebook.com\/profile.php?id=100082695620019\" \/>\n<meta property=\"article:modified_time\" content=\"2025-07-19T08:55:54+00:00\" \/>\n<meta property=\"og:image\" content=\"https:\/\/modernteh.md\/wp-content\/uploads\/2025\/07\/img-6357-65fc271b02ceb761110717.webp\" \/>\n\t<meta property=\"og:image:width\" content=\"600\" \/>\n\t<meta property=\"og:image:height\" content=\"600\" \/>\n\t<meta property=\"og:image:type\" content=\"image\/webp\" \/>\n<meta name=\"twitter:card\" content=\"summary_large_image\" \/>\n<meta name=\"twitter:label1\" content=\"\u041f\u0440\u0438\u043c\u0435\u0440\u043d\u043e\u0435 \u0432\u0440\u0435\u043c\u044f \u0434\u043b\u044f \u0447\u0442\u0435\u043d\u0438\u044f\" \/>\n\t<meta name=\"twitter:data1\" content=\"1 \u043c\u0438\u043d\u0443\u0442\u0430\" \/>\n<script type=\"application\/ld+json\" class=\"yoast-schema-graph\">{\"@context\":\"https:\/\/schema.org\",\"@graph\":[{\"@type\":\"WebPage\",\"@id\":\"https:\/\/modernteh.md\/catalog\/furtun-din-pvc-armat-transparent-1-2-50m\/\",\"url\":\"https:\/\/modernteh.md\/catalog\/furtun-din-pvc-armat-transparent-1-2-50m\/\",\"name\":\"Furtun din PVC, armat, transparent (1\/2) 50m - Modernteh\",\"isPartOf\":{\"@id\":\"https:\/\/modernteh.md\/#website\"},\"datePublished\":\"2025-07-19T08:55:53+00:00\",\"dateModified\":\"2025-07-19T08:55:54+00:00\",\"description\":\"Furtun din PVC, armat, transparent (1\/2) 50m\",\"breadcrumb\":{\"@id\":\"https:\/\/modernteh.md\/catalog\/furtun-din-pvc-armat-transparent-1-2-50m\/#breadcrumb\"},\"inLanguage\":\"ru-RU\",\"potentialAction\":[{\"@type\":\"ReadAction\",\"target\":[\"https:\/\/modernteh.md\/catalog\/furtun-din-pvc-armat-transparent-1-2-50m\/\"]}]},{\"@type\":\"BreadcrumbList\",\"@id\":\"https:\/\/modernteh.md\/catalog\/furtun-din-pvc-armat-transparent-1-2-50m\/#breadcrumb\",\"itemListElement\":[{\"@type\":\"ListItem\",\"position\":1,\"name\":\"Prima pagin\u0103\",\"item\":\"https:\/\/modernteh.md\/\"},{\"@type\":\"ListItem\",\"position\":2,\"name\":\"Catalog\",\"item\":\"https:\/\/modernteh.md\/catalog\/\"},{\"@type\":\"ListItem\",\"position\":3,\"name\":\"Furtun din PVC, armat, transparent (1\/2) 50m\"}]},{\"@type\":\"WebSite\",\"@id\":\"https:\/\/modernteh.md\/#website\",\"url\":\"https:\/\/modernteh.md\/\",\"name\":\"Modernteh\",\"description\":\"Modernteh\",\"publisher\":{\"@id\":\"https:\/\/modernteh.md\/#organization\"},\"potentialAction\":[{\"@type\":\"SearchAction\",\"target\":{\"@type\":\"EntryPoint\",\"urlTemplate\":\"https:\/\/modernteh.md\/?s={search_term_string}\"},\"query-input\":\"required name=search_term_string\"}],\"inLanguage\":\"ru-RU\"},{\"@type\":\"Organization\",\"@id\":\"https:\/\/modernteh.md\/#organization\",\"name\":\"Modernteh\",\"url\":\"https:\/\/modernteh.md\/\",\"logo\":{\"@type\":\"ImageObject\",\"inLanguage\":\"ru-RU\",\"@id\":\"https:\/\/modernteh.md\/#\/schema\/logo\/image\/\",\"url\":\"https:\/\/modernteh.md\/wp-content\/uploads\/2022\/06\/Logo_site-2.png\",\"contentUrl\":\"https:\/\/modernteh.md\/wp-content\/uploads\/2022\/06\/Logo_site-2.png\",\"width\":500,\"height\":487,\"caption\":\"Modernteh\"},\"image\":{\"@id\":\"https:\/\/modernteh.md\/#\/schema\/logo\/image\/\"},\"sameAs\":[\"https:\/\/www.facebook.com\/profile.php?id=100082695620019\"]}]}<\/script>\n<!-- \/ Yoast SEO plugin. -->","yoast_head_json":{"title":"Furtun din PVC, armat, transparent (1\/2) 50m - Modernteh","description":"Furtun din PVC, armat, transparent (1\/2) 50m","robots":{"index":"index","follow":"follow","max-snippet":"max-snippet:-1","max-image-preview":"max-image-preview:large","max-video-preview":"max-video-preview:-1"},"canonical":"https:\/\/modernteh.md\/ru\/catalog\/furtun-din-pvc-armat-transparent-1-2-50m\/","og_locale":"ru_RU","og_type":"article","og_title":"Furtun din PVC, armat, transparent (1\/2) 50m - Modernteh","og_description":"Furtun din PVC, armat, transparent (1\/2) 50m","og_url":"https:\/\/modernteh.md\/ru\/catalog\/furtun-din-pvc-armat-transparent-1-2-50m\/","og_site_name":"Modernteh","article_publisher":"https:\/\/www.facebook.com\/profile.php?id=100082695620019","article_modified_time":"2025-07-19T08:55:54+00:00","og_image":[{"width":600,"height":600,"url":"https:\/\/modernteh.md\/wp-content\/uploads\/2025\/07\/img-6357-65fc271b02ceb761110717.webp","type":"image\/webp"}],"twitter_card":"summary_large_image","twitter_misc":{"\u041f\u0440\u0438\u043c\u0435\u0440\u043d\u043e\u0435 \u0432\u0440\u0435\u043c\u044f \u0434\u043b\u044f \u0447\u0442\u0435\u043d\u0438\u044f":"1 \u043c\u0438\u043d\u0443\u0442\u0430"},"schema":{"@context":"https:\/\/schema.org","@graph":[{"@type":"WebPage","@id":"https:\/\/modernteh.md\/catalog\/furtun-din-pvc-armat-transparent-1-2-50m\/","url":"https:\/\/modernteh.md\/catalog\/furtun-din-pvc-armat-transparent-1-2-50m\/","name":"Furtun din PVC, armat, transparent (1\/2) 50m - Modernteh","isPartOf":{"@id":"https:\/\/modernteh.md\/#website"},"datePublished":"2025-07-19T08:55:53+00:00","dateModified":"2025-07-19T08:55:54+00:00","description":"Furtun din PVC, armat, transparent (1\/2) 50m","breadcrumb":{"@id":"https:\/\/modernteh.md\/catalog\/furtun-din-pvc-armat-transparent-1-2-50m\/#breadcrumb"},"inLanguage":"ru-RU","potentialAction":[{"@type":"ReadAction","target":["https:\/\/modernteh.md\/catalog\/furtun-din-pvc-armat-transparent-1-2-50m\/"]}]},{"@type":"BreadcrumbList","@id":"https:\/\/modernteh.md\/catalog\/furtun-din-pvc-armat-transparent-1-2-50m\/#breadcrumb","itemListElement":[{"@type":"ListItem","position":1,"name":"Prima pagin\u0103","item":"https:\/\/modernteh.md\/"},{"@type":"ListItem","position":2,"name":"Catalog","item":"https:\/\/modernteh.md\/catalog\/"},{"@type":"ListItem","position":3,"name":"Furtun din PVC, armat, transparent (1\/2) 50m"}]},{"@type":"WebSite","@id":"https:\/\/modernteh.md\/#website","url":"https:\/\/modernteh.md\/","name":"Modernteh","description":"Modernteh","publisher":{"@id":"https:\/\/modernteh.md\/#organization"},"potentialAction":[{"@type":"SearchAction","target":{"@type":"EntryPoint","urlTemplate":"https:\/\/modernteh.md\/?s={search_term_string}"},"query-input":"required name=search_term_string"}],"inLanguage":"ru-RU"},{"@type":"Organization","@id":"https:\/\/modernteh.md\/#organization","name":"Modernteh","url":"https:\/\/modernteh.md\/","logo":{"@type":"ImageObject","inLanguage":"ru-RU","@id":"https:\/\/modernteh.md\/#\/schema\/logo\/image\/","url":"https:\/\/modernteh.md\/wp-content\/uploads\/2022\/06\/Logo_site-2.png","contentUrl":"https:\/\/modernteh.md\/wp-content\/uploads\/2022\/06\/Logo_site-2.png","width":500,"height":487,"caption":"Modernteh"},"image":{"@id":"https:\/\/modernteh.md\/#\/schema\/logo\/image\/"},"sameAs":["https:\/\/www.facebook.com\/profile.php?id=100082695620019"]}]}},"_links":{"self":[{"href":"https:\/\/modernteh.md\/ru\/wp-json\/wp\/v2\/product\/4731","targetHints":{"allow":["GET"]}}],"collection":[{"href":"https:\/\/modernteh.md\/ru\/wp-json\/wp\/v2\/product"}],"about":[{"href":"https:\/\/modernteh.md\/ru\/wp-json\/wp\/v2\/types\/product"}],"wp:featuredmedia":[{"embeddable":true,"href":"https:\/\/modernteh.md\/ru\/wp-json\/wp\/v2\/media\/4732"}],"wp:attachment":[{"href":"https:\/\/modernteh.md\/ru\/wp-json\/wp\/v2\/media?parent=4731"}],"wp:term":[{"taxonomy":"product_cat","embeddable":true,"href":"https:\/\/modernteh.md\/ru\/wp-json\/wp\/v2\/product_cat?post=4731"},{"taxonomy":"product_tag","embeddable":true,"href":"https:\/\/modernteh.md\/ru\/wp-json\/wp\/v2\/product_tag?post=4731"}],"curies":[{"name":"wp","href":"https:\/\/api.w.org\/{rel}","templated":true}]}}