{"id":4734,"date":"2025-07-19T08:58:55","date_gmt":"2025-07-19T08:58:55","guid":{"rendered":"https:\/\/modernteh.md\/?post_type=product&#038;p=4734"},"modified":"2025-07-19T08:58:56","modified_gmt":"2025-07-19T08:58:56","slug":"prelata-4x7","status":"publish","type":"product","link":"https:\/\/modernteh.md\/ru\/catalog\/prelata-4x7\/","title":{"rendered":"Prelata 4&#215;7"},"content":{"rendered":"<p>Prelata 4&#215;7, 80 g\/m.p albastru<\/p>\n<p><strong>Prelata PROFMET<\/strong>\u00a0\u2013 o hus\u0103 durabil\u0103 \u0219i impermeabil\u0103, ideal\u0103 pentru protejarea diverselor obiecte \u00een condi\u021bii interioare \u0219i exterioare. Fabricat\u0103 din material sintetic rezistent, cu acoperire PVC, prelata ofer\u0103 protec\u021bie excelent\u0103 \u00eempotriva intemperiilor, prafului, murd\u0103riei \u0219i umezelii.<\/p>\n<p>&nbsp;<\/p>\n<p><strong>Avantaje:<\/strong><\/p>\n<p>&nbsp;<\/p>\n<ul>\n<li><strong>Impermeabilitate complet\u0103:<\/strong>\u00a0Protejeaz\u0103 eficient \u00eempotriva ploii, z\u0103pezii \u0219i umezelii.<\/li>\n<li><strong>Material rezistent:<\/strong>\u00a0\u021aes\u0103tur\u0103 sintetic\u0103 acoperit\u0103 cu PVC pentru durabilitate \u0219i elasticitate.<\/li>\n<li><strong>Versatilitate:<\/strong>\u00a0Poate fi utilizat\u0103 at\u00e2t la interior, c\u00e2t \u0219i \u00een aer liber.<\/li>\n<li><strong>Rezisten\u021b\u0103 la temperaturi sc\u0103zute:<\/strong>\u00a0Ideal\u0103 pentru utilizare \u00een orice sezon.<\/li>\n<li><strong>U\u0219or de fixat:<\/strong>\u00a0Se poate ancora cu u\u0219urin\u021b\u0103 datorit\u0103 inelelor de prindere.<\/li>\n<\/ul>","protected":false},"excerpt":{"rendered":"<p>Prelata 4&#215;7, 80 g\/m.p albastru Prelata PROFMET\u00a0\u2013 o hus\u0103 durabil\u0103 \u0219i impermeabil\u0103, ideal\u0103 pentru protejarea diverselor obiecte \u00een condi\u021bii interioare<\/p>","protected":false},"featured_media":4735,"template":"","meta":[],"product_cat":[141],"product_tag":[],"class_list":{"0":"post-4734","1":"product","2":"type-product","3":"status-publish","4":"has-post-thumbnail","6":"product_cat-unelte-de-gradina","8":"first","9":"instock","10":"shipping-taxable","11":"purchasable","12":"product-type-simple"},"yoast_head":"<!-- This site is optimized with the Yoast SEO plugin v20.12 - https:\/\/yoast.com\/wordpress\/plugins\/seo\/ -->\n<title>Prelata 4x7 - Modernteh<\/title>\n<meta name=\"robots\" content=\"index, follow, max-snippet:-1, max-image-preview:large, max-video-preview:-1\" \/>\n<link rel=\"canonical\" href=\"https:\/\/modernteh.md\/ru\/catalog\/prelata-4x7\/\" \/>\n<meta property=\"og:locale\" content=\"ru_RU\" \/>\n<meta property=\"og:type\" content=\"article\" \/>\n<meta property=\"og:title\" content=\"Prelata 4x7 - Modernteh\" \/>\n<meta property=\"og:description\" content=\"Prelata 4&#215;7, 80 g\/m.p albastru Prelata PROFMET\u00a0\u2013 o hus\u0103 durabil\u0103 \u0219i impermeabil\u0103, ideal\u0103 pentru protejarea diverselor obiecte \u00een condi\u021bii interioare\" \/>\n<meta property=\"og:url\" content=\"https:\/\/modernteh.md\/ru\/catalog\/prelata-4x7\/\" \/>\n<meta property=\"og:site_name\" content=\"Modernteh\" \/>\n<meta property=\"article:publisher\" content=\"https:\/\/www.facebook.com\/profile.php?id=100082695620019\" \/>\n<meta property=\"article:modified_time\" content=\"2025-07-19T08:58:56+00:00\" \/>\n<meta property=\"og:image\" content=\"https:\/\/modernteh.md\/wp-content\/uploads\/2025\/07\/12-64831f873b7a2522210338.webp\" \/>\n\t<meta property=\"og:image:width\" content=\"600\" \/>\n\t<meta property=\"og:image:height\" content=\"600\" \/>\n\t<meta property=\"og:image:type\" content=\"image\/webp\" \/>\n<meta name=\"twitter:card\" content=\"summary_large_image\" \/>\n<meta name=\"twitter:label1\" content=\"\u041f\u0440\u0438\u043c\u0435\u0440\u043d\u043e\u0435 \u0432\u0440\u0435\u043c\u044f \u0434\u043b\u044f \u0447\u0442\u0435\u043d\u0438\u044f\" \/>\n\t<meta name=\"twitter:data1\" content=\"1 \u043c\u0438\u043d\u0443\u0442\u0430\" \/>\n<script type=\"application\/ld+json\" class=\"yoast-schema-graph\">{\"@context\":\"https:\/\/schema.org\",\"@graph\":[{\"@type\":\"WebPage\",\"@id\":\"https:\/\/modernteh.md\/catalog\/prelata-4x7\/\",\"url\":\"https:\/\/modernteh.md\/catalog\/prelata-4x7\/\",\"name\":\"Prelata 4x7 - Modernteh\",\"isPartOf\":{\"@id\":\"https:\/\/modernteh.md\/#website\"},\"datePublished\":\"2025-07-19T08:58:55+00:00\",\"dateModified\":\"2025-07-19T08:58:56+00:00\",\"breadcrumb\":{\"@id\":\"https:\/\/modernteh.md\/catalog\/prelata-4x7\/#breadcrumb\"},\"inLanguage\":\"ru-RU\",\"potentialAction\":[{\"@type\":\"ReadAction\",\"target\":[\"https:\/\/modernteh.md\/catalog\/prelata-4x7\/\"]}]},{\"@type\":\"BreadcrumbList\",\"@id\":\"https:\/\/modernteh.md\/catalog\/prelata-4x7\/#breadcrumb\",\"itemListElement\":[{\"@type\":\"ListItem\",\"position\":1,\"name\":\"Prima pagin\u0103\",\"item\":\"https:\/\/modernteh.md\/\"},{\"@type\":\"ListItem\",\"position\":2,\"name\":\"Catalog\",\"item\":\"https:\/\/modernteh.md\/catalog\/\"},{\"@type\":\"ListItem\",\"position\":3,\"name\":\"Prelata 4&#215;7\"}]},{\"@type\":\"WebSite\",\"@id\":\"https:\/\/modernteh.md\/#website\",\"url\":\"https:\/\/modernteh.md\/\",\"name\":\"Modernteh\",\"description\":\"Modernteh\",\"publisher\":{\"@id\":\"https:\/\/modernteh.md\/#organization\"},\"potentialAction\":[{\"@type\":\"SearchAction\",\"target\":{\"@type\":\"EntryPoint\",\"urlTemplate\":\"https:\/\/modernteh.md\/?s={search_term_string}\"},\"query-input\":\"required name=search_term_string\"}],\"inLanguage\":\"ru-RU\"},{\"@type\":\"Organization\",\"@id\":\"https:\/\/modernteh.md\/#organization\",\"name\":\"Modernteh\",\"url\":\"https:\/\/modernteh.md\/\",\"logo\":{\"@type\":\"ImageObject\",\"inLanguage\":\"ru-RU\",\"@id\":\"https:\/\/modernteh.md\/#\/schema\/logo\/image\/\",\"url\":\"https:\/\/modernteh.md\/wp-content\/uploads\/2022\/06\/Logo_site-2.png\",\"contentUrl\":\"https:\/\/modernteh.md\/wp-content\/uploads\/2022\/06\/Logo_site-2.png\",\"width\":500,\"height\":487,\"caption\":\"Modernteh\"},\"image\":{\"@id\":\"https:\/\/modernteh.md\/#\/schema\/logo\/image\/\"},\"sameAs\":[\"https:\/\/www.facebook.com\/profile.php?id=100082695620019\"]}]}<\/script>\n<!-- \/ Yoast SEO plugin. -->","yoast_head_json":{"title":"Prelata 4x7 - Modernteh","robots":{"index":"index","follow":"follow","max-snippet":"max-snippet:-1","max-image-preview":"max-image-preview:large","max-video-preview":"max-video-preview:-1"},"canonical":"https:\/\/modernteh.md\/ru\/catalog\/prelata-4x7\/","og_locale":"ru_RU","og_type":"article","og_title":"Prelata 4x7 - Modernteh","og_description":"Prelata 4&#215;7, 80 g\/m.p albastru Prelata PROFMET\u00a0\u2013 o hus\u0103 durabil\u0103 \u0219i impermeabil\u0103, ideal\u0103 pentru protejarea diverselor obiecte \u00een condi\u021bii interioare","og_url":"https:\/\/modernteh.md\/ru\/catalog\/prelata-4x7\/","og_site_name":"Modernteh","article_publisher":"https:\/\/www.facebook.com\/profile.php?id=100082695620019","article_modified_time":"2025-07-19T08:58:56+00:00","og_image":[{"width":600,"height":600,"url":"https:\/\/modernteh.md\/wp-content\/uploads\/2025\/07\/12-64831f873b7a2522210338.webp","type":"image\/webp"}],"twitter_card":"summary_large_image","twitter_misc":{"\u041f\u0440\u0438\u043c\u0435\u0440\u043d\u043e\u0435 \u0432\u0440\u0435\u043c\u044f \u0434\u043b\u044f \u0447\u0442\u0435\u043d\u0438\u044f":"1 \u043c\u0438\u043d\u0443\u0442\u0430"},"schema":{"@context":"https:\/\/schema.org","@graph":[{"@type":"WebPage","@id":"https:\/\/modernteh.md\/catalog\/prelata-4x7\/","url":"https:\/\/modernteh.md\/catalog\/prelata-4x7\/","name":"Prelata 4x7 - Modernteh","isPartOf":{"@id":"https:\/\/modernteh.md\/#website"},"datePublished":"2025-07-19T08:58:55+00:00","dateModified":"2025-07-19T08:58:56+00:00","breadcrumb":{"@id":"https:\/\/modernteh.md\/catalog\/prelata-4x7\/#breadcrumb"},"inLanguage":"ru-RU","potentialAction":[{"@type":"ReadAction","target":["https:\/\/modernteh.md\/catalog\/prelata-4x7\/"]}]},{"@type":"BreadcrumbList","@id":"https:\/\/modernteh.md\/catalog\/prelata-4x7\/#breadcrumb","itemListElement":[{"@type":"ListItem","position":1,"name":"Prima pagin\u0103","item":"https:\/\/modernteh.md\/"},{"@type":"ListItem","position":2,"name":"Catalog","item":"https:\/\/modernteh.md\/catalog\/"},{"@type":"ListItem","position":3,"name":"Prelata 4&#215;7"}]},{"@type":"WebSite","@id":"https:\/\/modernteh.md\/#website","url":"https:\/\/modernteh.md\/","name":"Modernteh","description":"Modernteh","publisher":{"@id":"https:\/\/modernteh.md\/#organization"},"potentialAction":[{"@type":"SearchAction","target":{"@type":"EntryPoint","urlTemplate":"https:\/\/modernteh.md\/?s={search_term_string}"},"query-input":"required name=search_term_string"}],"inLanguage":"ru-RU"},{"@type":"Organization","@id":"https:\/\/modernteh.md\/#organization","name":"Modernteh","url":"https:\/\/modernteh.md\/","logo":{"@type":"ImageObject","inLanguage":"ru-RU","@id":"https:\/\/modernteh.md\/#\/schema\/logo\/image\/","url":"https:\/\/modernteh.md\/wp-content\/uploads\/2022\/06\/Logo_site-2.png","contentUrl":"https:\/\/modernteh.md\/wp-content\/uploads\/2022\/06\/Logo_site-2.png","width":500,"height":487,"caption":"Modernteh"},"image":{"@id":"https:\/\/modernteh.md\/#\/schema\/logo\/image\/"},"sameAs":["https:\/\/www.facebook.com\/profile.php?id=100082695620019"]}]}},"_links":{"self":[{"href":"https:\/\/modernteh.md\/ru\/wp-json\/wp\/v2\/product\/4734","targetHints":{"allow":["GET"]}}],"collection":[{"href":"https:\/\/modernteh.md\/ru\/wp-json\/wp\/v2\/product"}],"about":[{"href":"https:\/\/modernteh.md\/ru\/wp-json\/wp\/v2\/types\/product"}],"wp:featuredmedia":[{"embeddable":true,"href":"https:\/\/modernteh.md\/ru\/wp-json\/wp\/v2\/media\/4735"}],"wp:attachment":[{"href":"https:\/\/modernteh.md\/ru\/wp-json\/wp\/v2\/media?parent=4734"}],"wp:term":[{"taxonomy":"product_cat","embeddable":true,"href":"https:\/\/modernteh.md\/ru\/wp-json\/wp\/v2\/product_cat?post=4734"},{"taxonomy":"product_tag","embeddable":true,"href":"https:\/\/modernteh.md\/ru\/wp-json\/wp\/v2\/product_tag?post=4734"}],"curies":[{"name":"wp","href":"https:\/\/api.w.org\/{rel}","templated":true}]}}