{"id":4762,"date":"2025-08-25T12:08:26","date_gmt":"2025-08-25T12:08:26","guid":{"rendered":"https:\/\/modernteh.md\/?post_type=product&#038;p=4762"},"modified":"2025-08-25T12:08:27","modified_gmt":"2025-08-25T12:08:27","slug":"tocator-de-baloti-si-moara-cu-aspiratie-demetra-dm-400bl","status":"publish","type":"product","link":"https:\/\/modernteh.md\/ru\/catalog\/tocator-de-baloti-si-moara-cu-aspiratie-demetra-dm-400bl\/","title":{"rendered":"Tocator de baloti si moara cu aspiratie Demetra DM-400BL"},"content":{"rendered":"<div id=\"specifications\" class=\"tab-content features\">\n<div class=\"table-container\">\n<div class=\"table-row\">\n<div class=\"table-box\">\n<div class=\"table-title\">\n<div class=\"tag-h3\"><\/div>\n<\/div>\n<\/div>\n<div class=\"table-box\">\n<div class=\"table-title\">\n<div class=\"tag-h3\">Model: DM-400BL<\/div>\n<\/div>\n<\/div>\n<\/div>\n<div class=\"table-row\">\n<div class=\"table-box\">\n<div class=\"table-title\">\n<div class=\"tag-h3\">Intensitate curent: 24.8 A<\/div>\n<\/div>\n<\/div>\n<div class=\"table-box\">\n<div class=\"table-title\">\n<div class=\"tag-h3\">Putere motor: 4.5 kW<\/div>\n<\/div>\n<\/div>\n<\/div>\n<div class=\"table-row\">\n<div class=\"table-box\">\n<div class=\"table-title\">\n<div class=\"tag-h3\">Turatii motor: 2840 rpm<\/div>\n<\/div>\n<\/div>\n<div class=\"table-box\">\n<div class=\"table-title\">\n<div class=\"tag-h3\">Turatii reductor: 2800 rpm<\/div>\n<\/div>\n<\/div>\n<\/div>\n<div class=\"table-row\">\n<div class=\"table-box\">\n<div class=\"table-title\">\n<div class=\"tag-h3\">Afisaj tensiune: Da<\/div>\n<\/div>\n<\/div>\n<div class=\"table-box\">\n<div class=\"table-title\">\n<div class=\"tag-h3\">Bobinaj motor: Cupru<\/div>\n<\/div>\n<\/div>\n<\/div>\n<div class=\"table-row\">\n<div class=\"table-box\">\n<div class=\"table-title\">\n<div class=\"tag-h3\">Model motor: YL90L-2<\/div>\n<\/div>\n<\/div>\n<div class=\"table-box\">\n<div class=\"table-title\">\n<div class=\"tag-h3\">Dimensiuni: 71 x 110 x 200 cm<\/div>\n<\/div>\n<\/div>\n<\/div>\n<div class=\"table-row\">\n<div class=\"table-box\">\n<div class=\"table-title\">\n<div class=\"tag-h3\">Greutate: 132 kg<\/div>\n<\/div>\n<\/div>\n<div class=\"table-box\">\n<div class=\"table-title\">\n<div class=\"tag-h3\">Productivitate cereale: 1000 kg\/ora<\/div>\n<\/div>\n<\/div>\n<\/div>\n<div class=\"table-row\">\n<div class=\"table-box\">\n<div class=\"table-title\">\n<div class=\"tag-h3\">Productivitate furaje: 700 kg\/ora<\/div>\n<\/div>\n<\/div>\n<div class=\"table-box\">\n<div class=\"table-title\">\n<div class=\"tag-h3\">Alimentare: 220 V ~ 50 Hz<\/div>\n<\/div>\n<\/div>\n<\/div>\n<div class=\"table-row\">\n<div class=\"table-box\">\n<div class=\"table-title\">\n<div class=\"tag-h3\">Motor inclus: Da<\/div>\n<\/div>\n<\/div>\n<div class=\"table-box\">\n<div class=\"table-title\">\n<div class=\"tag-h3\">Set site: 3 buc<\/div>\n<\/div>\n<\/div>\n<\/div>\n<\/div>\n<\/div>\n<div id=\"description\" class=\"tab-content description\">\n<div class=\"tab-title\">\n<h2>\u041e\u043f\u0438\u0441\u0430\u043d\u0438\u0435<\/h2>\n<\/div>\n<div class=\"content-info description-text\">\n<p>Descriere: Toc\u0103torul de baloti \u0219i moara cu aspira\u021bie Demetra DM-400BL reprezint\u0103 o solu\u021bie inovatoare pentru fermierii care doresc s\u0103 eficientizeze procesul de preparare a furajelor. Cu o putere de 4.5 kW \u0219i o capacitate de procesare de p\u00e2n\u0103 la 1000 kg pe or\u0103, acest echipament este proiectat pentru a face fa\u021b\u0103 celor mai exigente cerin\u021be din domeniul agriculturii. Func\u021bion\u00e2nd la o vitez\u0103 de 2800 rpm, Demetra DM-400BL garanteaz\u0103 o m\u0103cinare uniform\u0103 \u0219i eficient\u0103, asigur\u00e2nd c\u0103 materiile prime sunt transformate \u00een furaje de cea mai bun\u0103 calitate. Greutatea total\u0103 de 132 kg confer\u0103 stabilitate \u0219i durabilitate \u00een utilizare, ceea ce \u00eel face un veritabil partener de \u00eencredere \u00een ferm\u0103. Avantaje: Utilizarea toc\u0103torului \u0219i morii Demetra DM-400BL vine cu numeroase avantaje pentru utilizatori. \u00cen primul r\u00e2nd, eficien\u021ba ridicat\u0103 de procesare reduce semnificativ timpul necesar pentru preg\u0103tirea furajelor, permi\u021b\u00e2nd fermierilor s\u0103 se concentreze pe alte activit\u0103\u021bi esen\u021biale. De asemenea, sistemul de aspira\u021bie integrat minimizeaz\u0103 riscul de dispersie a material<\/p>\n<\/div>\n<\/div>","protected":false},"excerpt":{"rendered":"<p>Model: DM-400BL Intensitate curent: 24.8 A Putere motor: 4.5 kW Turatii motor: 2840 rpm Turatii reductor: 2800 rpm Afisaj tensiune:<\/p>","protected":false},"featured_media":4763,"template":"","meta":[],"product_cat":[134],"product_tag":[],"class_list":{"0":"post-4762","1":"product","2":"type-product","3":"status-publish","4":"has-post-thumbnail","6":"product_cat-tocatoare-de-furaje-si-cereale","8":"first","9":"instock","10":"shipping-taxable","11":"purchasable","12":"product-type-simple"},"yoast_head":"<!-- This site is optimized with the Yoast SEO plugin v20.12 - https:\/\/yoast.com\/wordpress\/plugins\/seo\/ -->\n<title>Tocator de baloti si moara cu aspiratie Demetra DM-400BL - Modernteh<\/title>\n<meta name=\"description\" content=\"Tocator de baloti si moara cu aspiratie Demetra DM-400BL\" \/>\n<meta name=\"robots\" content=\"index, follow, max-snippet:-1, max-image-preview:large, max-video-preview:-1\" \/>\n<link rel=\"canonical\" href=\"https:\/\/modernteh.md\/ru\/catalog\/tocator-de-baloti-si-moara-cu-aspiratie-demetra-dm-400bl\/\" \/>\n<meta property=\"og:locale\" content=\"ru_RU\" \/>\n<meta property=\"og:type\" content=\"article\" \/>\n<meta property=\"og:title\" content=\"Tocator de baloti si moara cu aspiratie Demetra DM-400BL - Modernteh\" \/>\n<meta property=\"og:description\" content=\"Tocator de baloti si moara cu aspiratie Demetra DM-400BL\" \/>\n<meta property=\"og:url\" content=\"https:\/\/modernteh.md\/ru\/catalog\/tocator-de-baloti-si-moara-cu-aspiratie-demetra-dm-400bl\/\" \/>\n<meta property=\"og:site_name\" content=\"Modernteh\" \/>\n<meta property=\"article:publisher\" content=\"https:\/\/www.facebook.com\/profile.php?id=100082695620019\" \/>\n<meta property=\"article:modified_time\" content=\"2025-08-25T12:08:27+00:00\" \/>\n<meta property=\"og:image\" content=\"https:\/\/modernteh.md\/wp-content\/uploads\/2025\/08\/Tocator-de-baloti-si-moara-cu-aspiratie-Demetra-DM-400BL_2.png\" \/>\n\t<meta property=\"og:image:width\" content=\"1280\" \/>\n\t<meta property=\"og:image:height\" content=\"1280\" \/>\n\t<meta property=\"og:image:type\" content=\"image\/png\" \/>\n<meta name=\"twitter:card\" content=\"summary_large_image\" \/>\n<meta name=\"twitter:label1\" content=\"\u041f\u0440\u0438\u043c\u0435\u0440\u043d\u043e\u0435 \u0432\u0440\u0435\u043c\u044f \u0434\u043b\u044f \u0447\u0442\u0435\u043d\u0438\u044f\" \/>\n\t<meta name=\"twitter:data1\" content=\"2 \u043c\u0438\u043d\u0443\u0442\u044b\" \/>\n<script type=\"application\/ld+json\" class=\"yoast-schema-graph\">{\"@context\":\"https:\/\/schema.org\",\"@graph\":[{\"@type\":\"WebPage\",\"@id\":\"https:\/\/modernteh.md\/catalog\/tocator-de-baloti-si-moara-cu-aspiratie-demetra-dm-400bl\/\",\"url\":\"https:\/\/modernteh.md\/catalog\/tocator-de-baloti-si-moara-cu-aspiratie-demetra-dm-400bl\/\",\"name\":\"Tocator de baloti si moara cu aspiratie Demetra DM-400BL - Modernteh\",\"isPartOf\":{\"@id\":\"https:\/\/modernteh.md\/#website\"},\"datePublished\":\"2025-08-25T12:08:26+00:00\",\"dateModified\":\"2025-08-25T12:08:27+00:00\",\"description\":\"Tocator de baloti si moara cu aspiratie Demetra DM-400BL\",\"breadcrumb\":{\"@id\":\"https:\/\/modernteh.md\/catalog\/tocator-de-baloti-si-moara-cu-aspiratie-demetra-dm-400bl\/#breadcrumb\"},\"inLanguage\":\"ru-RU\",\"potentialAction\":[{\"@type\":\"ReadAction\",\"target\":[\"https:\/\/modernteh.md\/catalog\/tocator-de-baloti-si-moara-cu-aspiratie-demetra-dm-400bl\/\"]}]},{\"@type\":\"BreadcrumbList\",\"@id\":\"https:\/\/modernteh.md\/catalog\/tocator-de-baloti-si-moara-cu-aspiratie-demetra-dm-400bl\/#breadcrumb\",\"itemListElement\":[{\"@type\":\"ListItem\",\"position\":1,\"name\":\"Prima pagin\u0103\",\"item\":\"https:\/\/modernteh.md\/\"},{\"@type\":\"ListItem\",\"position\":2,\"name\":\"Catalog\",\"item\":\"https:\/\/modernteh.md\/catalog\/\"},{\"@type\":\"ListItem\",\"position\":3,\"name\":\"Tocator de baloti si moara cu aspiratie Demetra DM-400BL\"}]},{\"@type\":\"WebSite\",\"@id\":\"https:\/\/modernteh.md\/#website\",\"url\":\"https:\/\/modernteh.md\/\",\"name\":\"Modernteh\",\"description\":\"Modernteh\",\"publisher\":{\"@id\":\"https:\/\/modernteh.md\/#organization\"},\"potentialAction\":[{\"@type\":\"SearchAction\",\"target\":{\"@type\":\"EntryPoint\",\"urlTemplate\":\"https:\/\/modernteh.md\/?s={search_term_string}\"},\"query-input\":\"required name=search_term_string\"}],\"inLanguage\":\"ru-RU\"},{\"@type\":\"Organization\",\"@id\":\"https:\/\/modernteh.md\/#organization\",\"name\":\"Modernteh\",\"url\":\"https:\/\/modernteh.md\/\",\"logo\":{\"@type\":\"ImageObject\",\"inLanguage\":\"ru-RU\",\"@id\":\"https:\/\/modernteh.md\/#\/schema\/logo\/image\/\",\"url\":\"https:\/\/modernteh.md\/wp-content\/uploads\/2022\/06\/Logo_site-2.png\",\"contentUrl\":\"https:\/\/modernteh.md\/wp-content\/uploads\/2022\/06\/Logo_site-2.png\",\"width\":500,\"height\":487,\"caption\":\"Modernteh\"},\"image\":{\"@id\":\"https:\/\/modernteh.md\/#\/schema\/logo\/image\/\"},\"sameAs\":[\"https:\/\/www.facebook.com\/profile.php?id=100082695620019\"]}]}<\/script>\n<!-- \/ Yoast SEO plugin. -->","yoast_head_json":{"title":"Tocator de baloti si moara cu aspiratie Demetra DM-400BL - Modernteh","description":"Tocator de baloti si moara cu aspiratie Demetra DM-400BL","robots":{"index":"index","follow":"follow","max-snippet":"max-snippet:-1","max-image-preview":"max-image-preview:large","max-video-preview":"max-video-preview:-1"},"canonical":"https:\/\/modernteh.md\/ru\/catalog\/tocator-de-baloti-si-moara-cu-aspiratie-demetra-dm-400bl\/","og_locale":"ru_RU","og_type":"article","og_title":"Tocator de baloti si moara cu aspiratie Demetra DM-400BL - Modernteh","og_description":"Tocator de baloti si moara cu aspiratie Demetra DM-400BL","og_url":"https:\/\/modernteh.md\/ru\/catalog\/tocator-de-baloti-si-moara-cu-aspiratie-demetra-dm-400bl\/","og_site_name":"Modernteh","article_publisher":"https:\/\/www.facebook.com\/profile.php?id=100082695620019","article_modified_time":"2025-08-25T12:08:27+00:00","og_image":[{"width":1280,"height":1280,"url":"https:\/\/modernteh.md\/wp-content\/uploads\/2025\/08\/Tocator-de-baloti-si-moara-cu-aspiratie-Demetra-DM-400BL_2.png","type":"image\/png"}],"twitter_card":"summary_large_image","twitter_misc":{"\u041f\u0440\u0438\u043c\u0435\u0440\u043d\u043e\u0435 \u0432\u0440\u0435\u043c\u044f \u0434\u043b\u044f \u0447\u0442\u0435\u043d\u0438\u044f":"2 \u043c\u0438\u043d\u0443\u0442\u044b"},"schema":{"@context":"https:\/\/schema.org","@graph":[{"@type":"WebPage","@id":"https:\/\/modernteh.md\/catalog\/tocator-de-baloti-si-moara-cu-aspiratie-demetra-dm-400bl\/","url":"https:\/\/modernteh.md\/catalog\/tocator-de-baloti-si-moara-cu-aspiratie-demetra-dm-400bl\/","name":"Tocator de baloti si moara cu aspiratie Demetra DM-400BL - Modernteh","isPartOf":{"@id":"https:\/\/modernteh.md\/#website"},"datePublished":"2025-08-25T12:08:26+00:00","dateModified":"2025-08-25T12:08:27+00:00","description":"Tocator de baloti si moara cu aspiratie Demetra DM-400BL","breadcrumb":{"@id":"https:\/\/modernteh.md\/catalog\/tocator-de-baloti-si-moara-cu-aspiratie-demetra-dm-400bl\/#breadcrumb"},"inLanguage":"ru-RU","potentialAction":[{"@type":"ReadAction","target":["https:\/\/modernteh.md\/catalog\/tocator-de-baloti-si-moara-cu-aspiratie-demetra-dm-400bl\/"]}]},{"@type":"BreadcrumbList","@id":"https:\/\/modernteh.md\/catalog\/tocator-de-baloti-si-moara-cu-aspiratie-demetra-dm-400bl\/#breadcrumb","itemListElement":[{"@type":"ListItem","position":1,"name":"Prima pagin\u0103","item":"https:\/\/modernteh.md\/"},{"@type":"ListItem","position":2,"name":"Catalog","item":"https:\/\/modernteh.md\/catalog\/"},{"@type":"ListItem","position":3,"name":"Tocator de baloti si moara cu aspiratie Demetra DM-400BL"}]},{"@type":"WebSite","@id":"https:\/\/modernteh.md\/#website","url":"https:\/\/modernteh.md\/","name":"Modernteh","description":"Modernteh","publisher":{"@id":"https:\/\/modernteh.md\/#organization"},"potentialAction":[{"@type":"SearchAction","target":{"@type":"EntryPoint","urlTemplate":"https:\/\/modernteh.md\/?s={search_term_string}"},"query-input":"required name=search_term_string"}],"inLanguage":"ru-RU"},{"@type":"Organization","@id":"https:\/\/modernteh.md\/#organization","name":"Modernteh","url":"https:\/\/modernteh.md\/","logo":{"@type":"ImageObject","inLanguage":"ru-RU","@id":"https:\/\/modernteh.md\/#\/schema\/logo\/image\/","url":"https:\/\/modernteh.md\/wp-content\/uploads\/2022\/06\/Logo_site-2.png","contentUrl":"https:\/\/modernteh.md\/wp-content\/uploads\/2022\/06\/Logo_site-2.png","width":500,"height":487,"caption":"Modernteh"},"image":{"@id":"https:\/\/modernteh.md\/#\/schema\/logo\/image\/"},"sameAs":["https:\/\/www.facebook.com\/profile.php?id=100082695620019"]}]}},"_links":{"self":[{"href":"https:\/\/modernteh.md\/ru\/wp-json\/wp\/v2\/product\/4762","targetHints":{"allow":["GET"]}}],"collection":[{"href":"https:\/\/modernteh.md\/ru\/wp-json\/wp\/v2\/product"}],"about":[{"href":"https:\/\/modernteh.md\/ru\/wp-json\/wp\/v2\/types\/product"}],"wp:featuredmedia":[{"embeddable":true,"href":"https:\/\/modernteh.md\/ru\/wp-json\/wp\/v2\/media\/4763"}],"wp:attachment":[{"href":"https:\/\/modernteh.md\/ru\/wp-json\/wp\/v2\/media?parent=4762"}],"wp:term":[{"taxonomy":"product_cat","embeddable":true,"href":"https:\/\/modernteh.md\/ru\/wp-json\/wp\/v2\/product_cat?post=4762"},{"taxonomy":"product_tag","embeddable":true,"href":"https:\/\/modernteh.md\/ru\/wp-json\/wp\/v2\/product_tag?post=4762"}],"curies":[{"name":"wp","href":"https:\/\/api.w.org\/{rel}","templated":true}]}}