{"id":4775,"date":"2025-08-28T06:48:59","date_gmt":"2025-08-28T06:48:59","guid":{"rendered":"https:\/\/modernteh.md\/?post_type=product&#038;p=4775"},"modified":"2025-08-28T06:48:59","modified_gmt":"2025-08-28T06:48:59","slug":"tocator-de-furaje-dm-04el","status":"publish","type":"product","link":"https:\/\/modernteh.md\/ru\/catalog\/tocator-de-furaje-dm-04el\/","title":{"rendered":"Tocator de furaje DM-04EL"},"content":{"rendered":"<h1>Tocator de furaje Demetra DM-04EL<\/h1>\n<div id=\"specifications\" class=\"tab-content features\">\n<div class=\"table-container\">\n<div class=\"table-row\">\n<div class=\"table-box\">\n<div class=\"table-title\">\n<div class=\"tag-h3\">Model: DM-04EL<\/div>\n<\/div>\n<\/div>\n<\/div>\n<div class=\"table-row\">\n<div class=\"table-box\">\n<div class=\"table-title\">\n<div class=\"tag-h3\">Alimentare: 220 V ~ 50 Hz<\/div>\n<\/div>\n<\/div>\n<div class=\"table-box\">\n<div class=\"table-title\">\n<div class=\"tag-h3\">Putere motor: 3 kW<\/div>\n<\/div>\n<\/div>\n<\/div>\n<div class=\"table-row\">\n<div class=\"table-box\">\n<div class=\"table-title\">\n<div class=\"tag-h3\">Motor inclus: Da<\/div>\n<\/div>\n<\/div>\n<div class=\"table-box\">\n<div class=\"table-title\">\n<div class=\"tag-h3\">Bobinaj motor: Cupru<\/div>\n<\/div>\n<\/div>\n<\/div>\n<div class=\"table-row\">\n<div class=\"table-box\">\n<div class=\"table-title\">\n<div class=\"tag-h3\">Productivitate furaje: 1200 kg\/ora<\/div>\n<\/div>\n<\/div>\n<div class=\"table-box\">\n<div class=\"table-title\">\n<div class=\"tag-h3\">Productivitate minima: 400 kg\/ora<\/div>\n<\/div>\n<\/div>\n<\/div>\n<div class=\"table-row\">\n<div class=\"table-box\">\n<div class=\"table-title\">\n<div class=\"tag-h3\">Turatii in gol: 2900 rpm<\/div>\n<\/div>\n<\/div>\n<div class=\"table-box\">\n<div class=\"table-title\">\n<div class=\"tag-h3\">Dimensiuni: 90 x 50 x 90 cm<\/div>\n<\/div>\n<\/div>\n<\/div>\n<div class=\"table-row\">\n<div class=\"table-box\">\n<div class=\"table-title\">\n<div class=\"tag-h3\">Greutate: 50 kg<\/div>\n<\/div>\n<\/div>\n<\/div>\n<\/div>\n<\/div>\n<div id=\"description\" class=\"tab-content description\">\n<div class=\"content-info description-text\">\n<p>Tocatorul de furaje\u00a0<strong>Demetra DM-04EL<\/strong>\u00a0este un echipament de \u00eencredere, proiectat pentru a satisface cerin\u021bele fermierilor care caut\u0103 eficien\u021b\u0103 \u0219i durabilitate \u00een procesul de preg\u0103tire a hranei pentru animale. Acest model este echipat cu un motor puternic de\u00a0<strong>3 kW<\/strong>, alimentat la\u00a0<strong>220 V ~ 50 Hz<\/strong>, care atinge o tura\u021bie \u00een gol de\u00a0<strong>2900 rpm<\/strong>, oferind astfel o performan\u021b\u0103 constant\u0103 \u0219i un ritm de lucru eficient.<\/p>\n<p>Motorul este realizat cu\u00a0<strong>bobinaj din cupru<\/strong>, ceea ce garanteaz\u0103 o rezisten\u021b\u0103 crescut\u0103 \u00een timp \u0219i o func\u021bionare optim\u0103 chiar \u0219i \u00een condi\u021bii de utilizare intensiv\u0103. Cu o\u00a0<strong>productivitate cuprins\u0103 \u00eentre 400 \u0219i 1200 kg\/or\u0103<\/strong>, acest toc\u0103tor este ideal pentru procesarea unor cantit\u0103\u021bi mari de furaje \u00eentr-un interval scurt de timp, cresc\u00e2nd astfel randamentul muncii agricole.<br \/>\nAv\u00e2nd dimensiuni compacte, toc\u0103torul este u\u0219or de integrat \u00een spa\u021biul de lucru.<\/p>\n<p><strong>Dimensiuni:<\/strong><br \/>\n\u2013 Lungime: 90 cm<br \/>\n\u2013 L\u0103\u021bime: 50 cm<br \/>\n\u2013 \u00cen\u0103l\u021bime: 90 cm<br \/>\n<strong>Greutate:<\/strong>\u00a050 kg<\/p>\n<\/div>\n<\/div>","protected":false},"excerpt":{"rendered":"<p>Tocator de furaje Demetra DM-04EL Model: DM-04EL Alimentare: 220 V ~ 50 Hz Putere motor: 3 kW Motor inclus: Da<\/p>","protected":false},"featured_media":4776,"template":"","meta":[],"product_cat":[134],"product_tag":[],"class_list":{"0":"post-4775","1":"product","2":"type-product","3":"status-publish","4":"has-post-thumbnail","6":"product_cat-tocatoare-de-furaje-si-cereale","8":"first","9":"instock","10":"shipping-taxable","11":"purchasable","12":"product-type-simple"},"yoast_head":"<!-- This site is optimized with the Yoast SEO plugin v20.12 - https:\/\/yoast.com\/wordpress\/plugins\/seo\/ -->\n<title>Tocator de furaje DM-04EL - Modernteh<\/title>\n<meta name=\"description\" content=\"Tocator de furaje Demetra DM-04EL\" \/>\n<meta name=\"robots\" content=\"index, follow, max-snippet:-1, max-image-preview:large, max-video-preview:-1\" \/>\n<link rel=\"canonical\" href=\"https:\/\/modernteh.md\/ru\/catalog\/tocator-de-furaje-dm-04el\/\" \/>\n<meta property=\"og:locale\" content=\"ru_RU\" \/>\n<meta property=\"og:type\" content=\"article\" \/>\n<meta property=\"og:title\" content=\"Tocator de furaje DM-04EL - Modernteh\" \/>\n<meta property=\"og:description\" content=\"Tocator de furaje Demetra DM-04EL\" \/>\n<meta property=\"og:url\" content=\"https:\/\/modernteh.md\/ru\/catalog\/tocator-de-furaje-dm-04el\/\" \/>\n<meta property=\"og:site_name\" content=\"Modernteh\" \/>\n<meta property=\"article:publisher\" content=\"https:\/\/www.facebook.com\/profile.php?id=100082695620019\" \/>\n<meta property=\"og:image\" content=\"https:\/\/modernteh.md\/wp-content\/uploads\/2025\/08\/img_6800a7241da59.jpg\" \/>\n\t<meta property=\"og:image:width\" content=\"800\" \/>\n\t<meta property=\"og:image:height\" content=\"800\" \/>\n\t<meta property=\"og:image:type\" content=\"image\/jpeg\" \/>\n<meta name=\"twitter:card\" content=\"summary_large_image\" \/>\n<meta name=\"twitter:label1\" content=\"\u041f\u0440\u0438\u043c\u0435\u0440\u043d\u043e\u0435 \u0432\u0440\u0435\u043c\u044f \u0434\u043b\u044f \u0447\u0442\u0435\u043d\u0438\u044f\" \/>\n\t<meta name=\"twitter:data1\" content=\"2 \u043c\u0438\u043d\u0443\u0442\u044b\" \/>\n<script type=\"application\/ld+json\" class=\"yoast-schema-graph\">{\"@context\":\"https:\/\/schema.org\",\"@graph\":[{\"@type\":\"WebPage\",\"@id\":\"https:\/\/modernteh.md\/catalog\/tocator-de-furaje-dm-04el\/\",\"url\":\"https:\/\/modernteh.md\/catalog\/tocator-de-furaje-dm-04el\/\",\"name\":\"Tocator de furaje DM-04EL - Modernteh\",\"isPartOf\":{\"@id\":\"https:\/\/modernteh.md\/#website\"},\"datePublished\":\"2025-08-28T06:48:59+00:00\",\"dateModified\":\"2025-08-28T06:48:59+00:00\",\"description\":\"Tocator de furaje Demetra DM-04EL\",\"breadcrumb\":{\"@id\":\"https:\/\/modernteh.md\/catalog\/tocator-de-furaje-dm-04el\/#breadcrumb\"},\"inLanguage\":\"ru-RU\",\"potentialAction\":[{\"@type\":\"ReadAction\",\"target\":[\"https:\/\/modernteh.md\/catalog\/tocator-de-furaje-dm-04el\/\"]}]},{\"@type\":\"BreadcrumbList\",\"@id\":\"https:\/\/modernteh.md\/catalog\/tocator-de-furaje-dm-04el\/#breadcrumb\",\"itemListElement\":[{\"@type\":\"ListItem\",\"position\":1,\"name\":\"Prima pagin\u0103\",\"item\":\"https:\/\/modernteh.md\/\"},{\"@type\":\"ListItem\",\"position\":2,\"name\":\"Catalog\",\"item\":\"https:\/\/modernteh.md\/catalog\/\"},{\"@type\":\"ListItem\",\"position\":3,\"name\":\"Tocator de furaje DM-04EL\"}]},{\"@type\":\"WebSite\",\"@id\":\"https:\/\/modernteh.md\/#website\",\"url\":\"https:\/\/modernteh.md\/\",\"name\":\"Modernteh\",\"description\":\"Modernteh\",\"publisher\":{\"@id\":\"https:\/\/modernteh.md\/#organization\"},\"potentialAction\":[{\"@type\":\"SearchAction\",\"target\":{\"@type\":\"EntryPoint\",\"urlTemplate\":\"https:\/\/modernteh.md\/?s={search_term_string}\"},\"query-input\":\"required name=search_term_string\"}],\"inLanguage\":\"ru-RU\"},{\"@type\":\"Organization\",\"@id\":\"https:\/\/modernteh.md\/#organization\",\"name\":\"Modernteh\",\"url\":\"https:\/\/modernteh.md\/\",\"logo\":{\"@type\":\"ImageObject\",\"inLanguage\":\"ru-RU\",\"@id\":\"https:\/\/modernteh.md\/#\/schema\/logo\/image\/\",\"url\":\"https:\/\/modernteh.md\/wp-content\/uploads\/2022\/06\/Logo_site-2.png\",\"contentUrl\":\"https:\/\/modernteh.md\/wp-content\/uploads\/2022\/06\/Logo_site-2.png\",\"width\":500,\"height\":487,\"caption\":\"Modernteh\"},\"image\":{\"@id\":\"https:\/\/modernteh.md\/#\/schema\/logo\/image\/\"},\"sameAs\":[\"https:\/\/www.facebook.com\/profile.php?id=100082695620019\"]}]}<\/script>\n<!-- \/ Yoast SEO plugin. -->","yoast_head_json":{"title":"Tocator de furaje DM-04EL - Modernteh","description":"Tocator de furaje Demetra DM-04EL","robots":{"index":"index","follow":"follow","max-snippet":"max-snippet:-1","max-image-preview":"max-image-preview:large","max-video-preview":"max-video-preview:-1"},"canonical":"https:\/\/modernteh.md\/ru\/catalog\/tocator-de-furaje-dm-04el\/","og_locale":"ru_RU","og_type":"article","og_title":"Tocator de furaje DM-04EL - Modernteh","og_description":"Tocator de furaje Demetra DM-04EL","og_url":"https:\/\/modernteh.md\/ru\/catalog\/tocator-de-furaje-dm-04el\/","og_site_name":"Modernteh","article_publisher":"https:\/\/www.facebook.com\/profile.php?id=100082695620019","og_image":[{"width":800,"height":800,"url":"https:\/\/modernteh.md\/wp-content\/uploads\/2025\/08\/img_6800a7241da59.jpg","type":"image\/jpeg"}],"twitter_card":"summary_large_image","twitter_misc":{"\u041f\u0440\u0438\u043c\u0435\u0440\u043d\u043e\u0435 \u0432\u0440\u0435\u043c\u044f \u0434\u043b\u044f \u0447\u0442\u0435\u043d\u0438\u044f":"2 \u043c\u0438\u043d\u0443\u0442\u044b"},"schema":{"@context":"https:\/\/schema.org","@graph":[{"@type":"WebPage","@id":"https:\/\/modernteh.md\/catalog\/tocator-de-furaje-dm-04el\/","url":"https:\/\/modernteh.md\/catalog\/tocator-de-furaje-dm-04el\/","name":"Tocator de furaje DM-04EL - Modernteh","isPartOf":{"@id":"https:\/\/modernteh.md\/#website"},"datePublished":"2025-08-28T06:48:59+00:00","dateModified":"2025-08-28T06:48:59+00:00","description":"Tocator de furaje Demetra DM-04EL","breadcrumb":{"@id":"https:\/\/modernteh.md\/catalog\/tocator-de-furaje-dm-04el\/#breadcrumb"},"inLanguage":"ru-RU","potentialAction":[{"@type":"ReadAction","target":["https:\/\/modernteh.md\/catalog\/tocator-de-furaje-dm-04el\/"]}]},{"@type":"BreadcrumbList","@id":"https:\/\/modernteh.md\/catalog\/tocator-de-furaje-dm-04el\/#breadcrumb","itemListElement":[{"@type":"ListItem","position":1,"name":"Prima pagin\u0103","item":"https:\/\/modernteh.md\/"},{"@type":"ListItem","position":2,"name":"Catalog","item":"https:\/\/modernteh.md\/catalog\/"},{"@type":"ListItem","position":3,"name":"Tocator de furaje DM-04EL"}]},{"@type":"WebSite","@id":"https:\/\/modernteh.md\/#website","url":"https:\/\/modernteh.md\/","name":"Modernteh","description":"Modernteh","publisher":{"@id":"https:\/\/modernteh.md\/#organization"},"potentialAction":[{"@type":"SearchAction","target":{"@type":"EntryPoint","urlTemplate":"https:\/\/modernteh.md\/?s={search_term_string}"},"query-input":"required name=search_term_string"}],"inLanguage":"ru-RU"},{"@type":"Organization","@id":"https:\/\/modernteh.md\/#organization","name":"Modernteh","url":"https:\/\/modernteh.md\/","logo":{"@type":"ImageObject","inLanguage":"ru-RU","@id":"https:\/\/modernteh.md\/#\/schema\/logo\/image\/","url":"https:\/\/modernteh.md\/wp-content\/uploads\/2022\/06\/Logo_site-2.png","contentUrl":"https:\/\/modernteh.md\/wp-content\/uploads\/2022\/06\/Logo_site-2.png","width":500,"height":487,"caption":"Modernteh"},"image":{"@id":"https:\/\/modernteh.md\/#\/schema\/logo\/image\/"},"sameAs":["https:\/\/www.facebook.com\/profile.php?id=100082695620019"]}]}},"_links":{"self":[{"href":"https:\/\/modernteh.md\/ru\/wp-json\/wp\/v2\/product\/4775","targetHints":{"allow":["GET"]}}],"collection":[{"href":"https:\/\/modernteh.md\/ru\/wp-json\/wp\/v2\/product"}],"about":[{"href":"https:\/\/modernteh.md\/ru\/wp-json\/wp\/v2\/types\/product"}],"wp:featuredmedia":[{"embeddable":true,"href":"https:\/\/modernteh.md\/ru\/wp-json\/wp\/v2\/media\/4776"}],"wp:attachment":[{"href":"https:\/\/modernteh.md\/ru\/wp-json\/wp\/v2\/media?parent=4775"}],"wp:term":[{"taxonomy":"product_cat","embeddable":true,"href":"https:\/\/modernteh.md\/ru\/wp-json\/wp\/v2\/product_cat?post=4775"},{"taxonomy":"product_tag","embeddable":true,"href":"https:\/\/modernteh.md\/ru\/wp-json\/wp\/v2\/product_tag?post=4775"}],"curies":[{"name":"wp","href":"https:\/\/api.w.org\/{rel}","templated":true}]}}