{"id":4790,"date":"2025-08-29T09:20:28","date_gmt":"2025-08-29T09:20:28","guid":{"rendered":"https:\/\/modernteh.md\/?post_type=product&#038;p=4790"},"modified":"2025-08-29T09:20:29","modified_gmt":"2025-08-29T09:20:29","slug":"avitaped-protectie-pentru-copite-25-kg-concentrat","status":"publish","type":"product","link":"https:\/\/modernteh.md\/ru\/catalog\/avitaped-protectie-pentru-copite-25-kg-concentrat\/","title":{"rendered":"Avitaped &#8211; protec\u021bie pentru copite 25 kg &#8211; concentrat"},"content":{"rendered":"<ul>\n<li id=\"tw-target-text\" class=\"tw-data-text tw-text-large tw-ta\" dir=\"ltr\" data-placeholder=\"Traducere\" data-ved=\"2ahUKEwj54LnDz6-PAxWL6AIHHW9jOXoQ3ewLegQIChAV\" aria-label=\"Text tradus: Avitaped este un produs concentrat destinat prepar\u0103rii unui lichid pentru dezinfectarea copitelor bovinelor. \u00cent\u0103re\u0219te cornul copitei, limiteaz\u0103 cre\u0219terea bacteriilor \u0219i fungilor, accelereaz\u0103 procesul de vindecare \u0219i previne inflama\u021bia. Avitaped este recomandat pentru utilizare \u00een cazul: Cornului copitei fragil, Leziunilor t\u0103lpii, Leziunilor cutanate \u00een spa\u021biul copitei, Prevenirea paronihiei. Dozaj: Solu\u021bie 1% (10 ml la 1 litru de ap\u0103): \u00cemb\u0103iere zilnic\u0103 \u00een cad\u0103 sau pulverizare pe copite. Solu\u021bie 2% (20 ml la 1 litru de ap\u0103): \u00cemb\u0103ierea sau pulverizarea copitelor \u00een caz de modific\u0103ri \u0219i pentru \u00eent\u0103rirea unui cornu copitei sl\u0103bit.\"><span class=\"Y2IQFc\" lang=\"ro\">Avitaped este un produs concentrat destinat prepar\u0103rii unui lichid pentru dezinfectarea copitelor bovinelor. \u00cent\u0103re\u0219te cornul copitei, limiteaz\u0103 cre\u0219terea bacteriilor \u0219i fungilor, accelereaz\u0103 procesul de vindecare \u0219i previne inflama\u021bia. Avitaped este recomandat pentru utilizare \u00een cazul: Cornului copitei fragil, Leziunilor t\u0103lpii, Leziunilor cutanate \u00een spa\u021biul copitei, Prevenirea paronihiei. Dozaj: Solu\u021bie 1% (10 ml la 1 litru de ap\u0103): \u00cemb\u0103iere zilnic\u0103 \u00een cad\u0103 sau pulverizare pe copite. Solu\u021bie 2% (20 ml la 1 litru de ap\u0103): \u00cemb\u0103ierea sau pulverizarea copitelor \u00een caz de modific\u0103ri \u0219i pentru \u00eent\u0103rirea unui cornu copitei sl\u0103bit.<\/span><\/li>\n<\/ul>","protected":false},"excerpt":{"rendered":"<p>Avitaped este un produs concentrat destinat prepar\u0103rii unui lichid pentru dezinfectarea copitelor bovinelor. \u00cent\u0103re\u0219te cornul copitei, limiteaz\u0103 cre\u0219terea bacteriilor \u0219i<\/p>","protected":false},"featured_media":4791,"template":"","meta":[],"product_cat":[103],"product_tag":[],"class_list":{"0":"post-4790","1":"product","2":"type-product","3":"status-publish","4":"has-post-thumbnail","6":"product_cat-curatarea-si-igiena-in-ferma","8":"first","9":"instock","10":"shipping-taxable","11":"purchasable","12":"product-type-simple"},"yoast_head":"<!-- This site is optimized with the Yoast SEO plugin v20.12 - https:\/\/yoast.com\/wordpress\/plugins\/seo\/ -->\n<title>Avitaped - protec\u021bie pentru copite 25 kg - concentrat - Modernteh<\/title>\n<meta name=\"description\" content=\"Avitaped - protec\u021bie pentru copite 25 kg - concentrat\" \/>\n<meta name=\"robots\" content=\"index, follow, max-snippet:-1, max-image-preview:large, max-video-preview:-1\" \/>\n<link rel=\"canonical\" href=\"https:\/\/modernteh.md\/ru\/catalog\/avitaped-protectie-pentru-copite-25-kg-concentrat\/\" \/>\n<meta property=\"og:locale\" content=\"ru_RU\" \/>\n<meta property=\"og:type\" content=\"article\" \/>\n<meta property=\"og:title\" content=\"Avitaped - protec\u021bie pentru copite 25 kg - concentrat - Modernteh\" \/>\n<meta property=\"og:description\" content=\"Avitaped - protec\u021bie pentru copite 25 kg - concentrat\" \/>\n<meta property=\"og:url\" content=\"https:\/\/modernteh.md\/ru\/catalog\/avitaped-protectie-pentru-copite-25-kg-concentrat\/\" \/>\n<meta property=\"og:site_name\" content=\"Modernteh\" \/>\n<meta property=\"article:publisher\" content=\"https:\/\/www.facebook.com\/profile.php?id=100082695620019\" \/>\n<meta property=\"article:modified_time\" content=\"2025-08-29T09:20:29+00:00\" \/>\n<meta property=\"og:image\" content=\"https:\/\/modernteh.md\/wp-content\/uploads\/2025\/08\/avitaped-hoof-and-hoof-protection-25-kg-concentrate.jpg\" \/>\n\t<meta property=\"og:image:width\" content=\"800\" \/>\n\t<meta property=\"og:image:height\" content=\"800\" \/>\n\t<meta property=\"og:image:type\" content=\"image\/jpeg\" \/>\n<meta name=\"twitter:card\" content=\"summary_large_image\" \/>\n<meta name=\"twitter:label1\" content=\"\u041f\u0440\u0438\u043c\u0435\u0440\u043d\u043e\u0435 \u0432\u0440\u0435\u043c\u044f \u0434\u043b\u044f \u0447\u0442\u0435\u043d\u0438\u044f\" \/>\n\t<meta name=\"twitter:data1\" content=\"1 \u043c\u0438\u043d\u0443\u0442\u0430\" \/>\n<script type=\"application\/ld+json\" class=\"yoast-schema-graph\">{\"@context\":\"https:\/\/schema.org\",\"@graph\":[{\"@type\":\"WebPage\",\"@id\":\"https:\/\/modernteh.md\/catalog\/avitaped-protectie-pentru-copite-25-kg-concentrat\/\",\"url\":\"https:\/\/modernteh.md\/catalog\/avitaped-protectie-pentru-copite-25-kg-concentrat\/\",\"name\":\"Avitaped - protec\u021bie pentru copite 25 kg - concentrat - Modernteh\",\"isPartOf\":{\"@id\":\"https:\/\/modernteh.md\/#website\"},\"datePublished\":\"2025-08-29T09:20:28+00:00\",\"dateModified\":\"2025-08-29T09:20:29+00:00\",\"description\":\"Avitaped - protec\u021bie pentru copite 25 kg - concentrat\",\"breadcrumb\":{\"@id\":\"https:\/\/modernteh.md\/catalog\/avitaped-protectie-pentru-copite-25-kg-concentrat\/#breadcrumb\"},\"inLanguage\":\"ru-RU\",\"potentialAction\":[{\"@type\":\"ReadAction\",\"target\":[\"https:\/\/modernteh.md\/catalog\/avitaped-protectie-pentru-copite-25-kg-concentrat\/\"]}]},{\"@type\":\"BreadcrumbList\",\"@id\":\"https:\/\/modernteh.md\/catalog\/avitaped-protectie-pentru-copite-25-kg-concentrat\/#breadcrumb\",\"itemListElement\":[{\"@type\":\"ListItem\",\"position\":1,\"name\":\"Prima pagin\u0103\",\"item\":\"https:\/\/modernteh.md\/\"},{\"@type\":\"ListItem\",\"position\":2,\"name\":\"Catalog\",\"item\":\"https:\/\/modernteh.md\/catalog\/\"},{\"@type\":\"ListItem\",\"position\":3,\"name\":\"Avitaped &#8211; protec\u021bie pentru copite 25 kg &#8211; concentrat\"}]},{\"@type\":\"WebSite\",\"@id\":\"https:\/\/modernteh.md\/#website\",\"url\":\"https:\/\/modernteh.md\/\",\"name\":\"Modernteh\",\"description\":\"Modernteh\",\"publisher\":{\"@id\":\"https:\/\/modernteh.md\/#organization\"},\"potentialAction\":[{\"@type\":\"SearchAction\",\"target\":{\"@type\":\"EntryPoint\",\"urlTemplate\":\"https:\/\/modernteh.md\/?s={search_term_string}\"},\"query-input\":\"required name=search_term_string\"}],\"inLanguage\":\"ru-RU\"},{\"@type\":\"Organization\",\"@id\":\"https:\/\/modernteh.md\/#organization\",\"name\":\"Modernteh\",\"url\":\"https:\/\/modernteh.md\/\",\"logo\":{\"@type\":\"ImageObject\",\"inLanguage\":\"ru-RU\",\"@id\":\"https:\/\/modernteh.md\/#\/schema\/logo\/image\/\",\"url\":\"https:\/\/modernteh.md\/wp-content\/uploads\/2022\/06\/Logo_site-2.png\",\"contentUrl\":\"https:\/\/modernteh.md\/wp-content\/uploads\/2022\/06\/Logo_site-2.png\",\"width\":500,\"height\":487,\"caption\":\"Modernteh\"},\"image\":{\"@id\":\"https:\/\/modernteh.md\/#\/schema\/logo\/image\/\"},\"sameAs\":[\"https:\/\/www.facebook.com\/profile.php?id=100082695620019\"]}]}<\/script>\n<!-- \/ Yoast SEO plugin. -->","yoast_head_json":{"title":"Avitaped - protec\u021bie pentru copite 25 kg - concentrat - Modernteh","description":"Avitaped - protec\u021bie pentru copite 25 kg - concentrat","robots":{"index":"index","follow":"follow","max-snippet":"max-snippet:-1","max-image-preview":"max-image-preview:large","max-video-preview":"max-video-preview:-1"},"canonical":"https:\/\/modernteh.md\/ru\/catalog\/avitaped-protectie-pentru-copite-25-kg-concentrat\/","og_locale":"ru_RU","og_type":"article","og_title":"Avitaped - protec\u021bie pentru copite 25 kg - concentrat - Modernteh","og_description":"Avitaped - protec\u021bie pentru copite 25 kg - concentrat","og_url":"https:\/\/modernteh.md\/ru\/catalog\/avitaped-protectie-pentru-copite-25-kg-concentrat\/","og_site_name":"Modernteh","article_publisher":"https:\/\/www.facebook.com\/profile.php?id=100082695620019","article_modified_time":"2025-08-29T09:20:29+00:00","og_image":[{"width":800,"height":800,"url":"https:\/\/modernteh.md\/wp-content\/uploads\/2025\/08\/avitaped-hoof-and-hoof-protection-25-kg-concentrate.jpg","type":"image\/jpeg"}],"twitter_card":"summary_large_image","twitter_misc":{"\u041f\u0440\u0438\u043c\u0435\u0440\u043d\u043e\u0435 \u0432\u0440\u0435\u043c\u044f \u0434\u043b\u044f \u0447\u0442\u0435\u043d\u0438\u044f":"1 \u043c\u0438\u043d\u0443\u0442\u0430"},"schema":{"@context":"https:\/\/schema.org","@graph":[{"@type":"WebPage","@id":"https:\/\/modernteh.md\/catalog\/avitaped-protectie-pentru-copite-25-kg-concentrat\/","url":"https:\/\/modernteh.md\/catalog\/avitaped-protectie-pentru-copite-25-kg-concentrat\/","name":"Avitaped - protec\u021bie pentru copite 25 kg - concentrat - Modernteh","isPartOf":{"@id":"https:\/\/modernteh.md\/#website"},"datePublished":"2025-08-29T09:20:28+00:00","dateModified":"2025-08-29T09:20:29+00:00","description":"Avitaped - protec\u021bie pentru copite 25 kg - concentrat","breadcrumb":{"@id":"https:\/\/modernteh.md\/catalog\/avitaped-protectie-pentru-copite-25-kg-concentrat\/#breadcrumb"},"inLanguage":"ru-RU","potentialAction":[{"@type":"ReadAction","target":["https:\/\/modernteh.md\/catalog\/avitaped-protectie-pentru-copite-25-kg-concentrat\/"]}]},{"@type":"BreadcrumbList","@id":"https:\/\/modernteh.md\/catalog\/avitaped-protectie-pentru-copite-25-kg-concentrat\/#breadcrumb","itemListElement":[{"@type":"ListItem","position":1,"name":"Prima pagin\u0103","item":"https:\/\/modernteh.md\/"},{"@type":"ListItem","position":2,"name":"Catalog","item":"https:\/\/modernteh.md\/catalog\/"},{"@type":"ListItem","position":3,"name":"Avitaped &#8211; protec\u021bie pentru copite 25 kg &#8211; concentrat"}]},{"@type":"WebSite","@id":"https:\/\/modernteh.md\/#website","url":"https:\/\/modernteh.md\/","name":"Modernteh","description":"Modernteh","publisher":{"@id":"https:\/\/modernteh.md\/#organization"},"potentialAction":[{"@type":"SearchAction","target":{"@type":"EntryPoint","urlTemplate":"https:\/\/modernteh.md\/?s={search_term_string}"},"query-input":"required name=search_term_string"}],"inLanguage":"ru-RU"},{"@type":"Organization","@id":"https:\/\/modernteh.md\/#organization","name":"Modernteh","url":"https:\/\/modernteh.md\/","logo":{"@type":"ImageObject","inLanguage":"ru-RU","@id":"https:\/\/modernteh.md\/#\/schema\/logo\/image\/","url":"https:\/\/modernteh.md\/wp-content\/uploads\/2022\/06\/Logo_site-2.png","contentUrl":"https:\/\/modernteh.md\/wp-content\/uploads\/2022\/06\/Logo_site-2.png","width":500,"height":487,"caption":"Modernteh"},"image":{"@id":"https:\/\/modernteh.md\/#\/schema\/logo\/image\/"},"sameAs":["https:\/\/www.facebook.com\/profile.php?id=100082695620019"]}]}},"_links":{"self":[{"href":"https:\/\/modernteh.md\/ru\/wp-json\/wp\/v2\/product\/4790","targetHints":{"allow":["GET"]}}],"collection":[{"href":"https:\/\/modernteh.md\/ru\/wp-json\/wp\/v2\/product"}],"about":[{"href":"https:\/\/modernteh.md\/ru\/wp-json\/wp\/v2\/types\/product"}],"wp:featuredmedia":[{"embeddable":true,"href":"https:\/\/modernteh.md\/ru\/wp-json\/wp\/v2\/media\/4791"}],"wp:attachment":[{"href":"https:\/\/modernteh.md\/ru\/wp-json\/wp\/v2\/media?parent=4790"}],"wp:term":[{"taxonomy":"product_cat","embeddable":true,"href":"https:\/\/modernteh.md\/ru\/wp-json\/wp\/v2\/product_cat?post=4790"},{"taxonomy":"product_tag","embeddable":true,"href":"https:\/\/modernteh.md\/ru\/wp-json\/wp\/v2\/product_tag?post=4790"}],"curies":[{"name":"wp","href":"https:\/\/api.w.org\/{rel}","templated":true}]}}