{"id":4796,"date":"2025-09-03T09:07:03","date_gmt":"2025-09-03T09:07:03","guid":{"rendered":"https:\/\/modernteh.md\/?post_type=product&#038;p=4796"},"modified":"2025-09-03T09:21:55","modified_gmt":"2025-09-03T09:21:55","slug":"presa-de-peleti-gpp-7-5-artmash","status":"publish","type":"product","link":"https:\/\/modernteh.md\/ru\/catalog\/presa-de-peleti-gpp-7-5-artmash\/","title":{"rendered":"Presa de peleti GPP-7.5 | ARTMASH"},"content":{"rendered":"<h1 class=\"tdw-title-text\">Presa de peleti GPP-7.5 | ARTMASH<\/h1>\n<ul>\n<li dir=\"ltr\" data-placeholder=\"Traducere\"><strong>Produc\u0103tor: ARTMASH LLC,<\/strong><\/li>\n<li dir=\"ltr\" data-placeholder=\"Traducere\"><strong>\u021aara origine: Ucraina,<\/strong><\/li>\n<li dir=\"ltr\" data-placeholder=\"Traducere\"><strong>Putere motor: 7.5 kW<\/strong><\/li>\n<li dir=\"ltr\" data-placeholder=\"Traducere\"><strong>Tensiune: 380V<\/strong><\/li>\n<li dir=\"ltr\" data-placeholder=\"Traducere\"><strong>Productivitate:<br \/>\n<\/strong>furaje: max. 200kg\/h<br \/>\nrumegu\u0219: max. 50-80 kg<br \/>\npaie: max. 70-80 kg\/h<br \/>\nresturi floarea soarelui: max. 100-120 kg\/h<\/li>\n<li dir=\"ltr\" data-placeholder=\"Traducere\"><strong>Diametru matri\u021b\u0103: 200 mm<\/strong><\/li>\n<li dir=\"ltr\" data-placeholder=\"Traducere\"><strong>Frac\u0163ie matri\u0163\u0103: 6-8 mm (la alegere)<\/strong><\/li>\n<li dir=\"ltr\" data-placeholder=\"Traducere\"><strong>Role presoare: 300 mm<\/strong><\/li>\n<li><strong>Greutate: 140kg<\/strong><\/li>\n<li><b>Dimensiuni: 1040*400*1000 mm<\/b><\/li>\n<\/ul>\n<p><strong>Setul include:<\/strong><\/p>\n<ul>\n<li><strong>1 buc. pres\u0103 pele\u021bi model GPP-7.5<\/strong><\/li>\n<li><strong>1 buc. motor trifazat (380V , 50Hz)<\/strong><\/li>\n<li><strong>1 buc. \u00eentrerup\u0103tor Start | Stop cu protec\u0163ie a motorului<\/strong><\/li>\n<li><strong>1 buc. reductor\u00a0<\/strong><\/li>\n<li><strong>1 buc. carcasa protec\u021bie conexiune cuplaje<\/strong><\/li>\n<li><strong>1 buc. cheie role<\/strong><\/li>\n<li><strong>1 buc. matri\u0163\u0103: 6-8 mm (la alegere)<\/strong><\/li>\n<li><strong>1 buc. role 200 mm<\/strong><\/li>\n<li><strong>1 buc. cuv\u0103 alimentare<\/strong><\/li>\n<li><strong>1 buc. cuv\u0103 de evacuare<\/strong><\/li>\n<li><strong>1 buc. set \u015furuburi pentru montare<\/strong><\/li>\n<li><strong>1 buc. stecher<\/strong><\/li>\n<\/ul>","protected":false},"excerpt":{"rendered":"<p>Presa de peleti GPP-7.5 | ARTMASH Produc\u0103tor: ARTMASH LLC, \u021aara origine: Ucraina, Putere motor: 7.5 kW Tensiune: 380V Productivitate: furaje:<\/p>","protected":false},"featured_media":4797,"template":"","meta":[],"product_cat":[136],"product_tag":[],"class_list":{"0":"post-4796","1":"product","2":"type-product","3":"status-publish","4":"has-post-thumbnail","6":"product_cat-masini-de-peletat","8":"first","9":"onbackorder","10":"shipping-taxable","11":"purchasable","12":"product-type-simple"},"yoast_head":"<!-- This site is optimized with the Yoast SEO plugin v20.12 - https:\/\/yoast.com\/wordpress\/plugins\/seo\/ -->\n<title>Presa de peleti GPP-7.5 | ARTMASH - Modernteh<\/title>\n<meta name=\"description\" content=\"Presa de peleti GPP-7.5 | ARTMASH\" \/>\n<meta name=\"robots\" content=\"index, follow, max-snippet:-1, max-image-preview:large, max-video-preview:-1\" \/>\n<link rel=\"canonical\" href=\"https:\/\/modernteh.md\/ru\/catalog\/presa-de-peleti-gpp-7-5-artmash\/\" \/>\n<meta property=\"og:locale\" content=\"ru_RU\" \/>\n<meta property=\"og:type\" content=\"article\" \/>\n<meta property=\"og:title\" content=\"Presa de peleti GPP-7.5 | ARTMASH - Modernteh\" \/>\n<meta property=\"og:description\" content=\"Presa de peleti GPP-7.5 | ARTMASH\" \/>\n<meta property=\"og:url\" content=\"https:\/\/modernteh.md\/ru\/catalog\/presa-de-peleti-gpp-7-5-artmash\/\" \/>\n<meta property=\"og:site_name\" content=\"Modernteh\" \/>\n<meta property=\"article:publisher\" content=\"https:\/\/www.facebook.com\/profile.php?id=100082695620019\" \/>\n<meta property=\"article:modified_time\" content=\"2025-09-03T09:21:55+00:00\" \/>\n<meta property=\"og:image\" content=\"https:\/\/modernteh.md\/wp-content\/uploads\/2025\/09\/001.jpg\" \/>\n\t<meta property=\"og:image:width\" content=\"600\" \/>\n\t<meta property=\"og:image:height\" content=\"365\" \/>\n\t<meta property=\"og:image:type\" content=\"image\/jpeg\" \/>\n<meta name=\"twitter:card\" content=\"summary_large_image\" \/>\n<meta name=\"twitter:label1\" content=\"\u041f\u0440\u0438\u043c\u0435\u0440\u043d\u043e\u0435 \u0432\u0440\u0435\u043c\u044f \u0434\u043b\u044f \u0447\u0442\u0435\u043d\u0438\u044f\" \/>\n\t<meta name=\"twitter:data1\" content=\"1 \u043c\u0438\u043d\u0443\u0442\u0430\" \/>\n<script type=\"application\/ld+json\" class=\"yoast-schema-graph\">{\"@context\":\"https:\/\/schema.org\",\"@graph\":[{\"@type\":\"WebPage\",\"@id\":\"https:\/\/modernteh.md\/catalog\/presa-de-peleti-gpp-7-5-artmash\/\",\"url\":\"https:\/\/modernteh.md\/catalog\/presa-de-peleti-gpp-7-5-artmash\/\",\"name\":\"Presa de peleti GPP-7.5 | ARTMASH - Modernteh\",\"isPartOf\":{\"@id\":\"https:\/\/modernteh.md\/#website\"},\"datePublished\":\"2025-09-03T09:07:03+00:00\",\"dateModified\":\"2025-09-03T09:21:55+00:00\",\"description\":\"Presa de peleti GPP-7.5 | ARTMASH\",\"breadcrumb\":{\"@id\":\"https:\/\/modernteh.md\/catalog\/presa-de-peleti-gpp-7-5-artmash\/#breadcrumb\"},\"inLanguage\":\"ru-RU\",\"potentialAction\":[{\"@type\":\"ReadAction\",\"target\":[\"https:\/\/modernteh.md\/catalog\/presa-de-peleti-gpp-7-5-artmash\/\"]}]},{\"@type\":\"BreadcrumbList\",\"@id\":\"https:\/\/modernteh.md\/catalog\/presa-de-peleti-gpp-7-5-artmash\/#breadcrumb\",\"itemListElement\":[{\"@type\":\"ListItem\",\"position\":1,\"name\":\"Prima pagin\u0103\",\"item\":\"https:\/\/modernteh.md\/\"},{\"@type\":\"ListItem\",\"position\":2,\"name\":\"Catalog\",\"item\":\"https:\/\/modernteh.md\/catalog\/\"},{\"@type\":\"ListItem\",\"position\":3,\"name\":\"Presa de peleti GPP-7.5 | ARTMASH\"}]},{\"@type\":\"WebSite\",\"@id\":\"https:\/\/modernteh.md\/#website\",\"url\":\"https:\/\/modernteh.md\/\",\"name\":\"Modernteh\",\"description\":\"Modernteh\",\"publisher\":{\"@id\":\"https:\/\/modernteh.md\/#organization\"},\"potentialAction\":[{\"@type\":\"SearchAction\",\"target\":{\"@type\":\"EntryPoint\",\"urlTemplate\":\"https:\/\/modernteh.md\/?s={search_term_string}\"},\"query-input\":\"required name=search_term_string\"}],\"inLanguage\":\"ru-RU\"},{\"@type\":\"Organization\",\"@id\":\"https:\/\/modernteh.md\/#organization\",\"name\":\"Modernteh\",\"url\":\"https:\/\/modernteh.md\/\",\"logo\":{\"@type\":\"ImageObject\",\"inLanguage\":\"ru-RU\",\"@id\":\"https:\/\/modernteh.md\/#\/schema\/logo\/image\/\",\"url\":\"https:\/\/modernteh.md\/wp-content\/uploads\/2022\/06\/Logo_site-2.png\",\"contentUrl\":\"https:\/\/modernteh.md\/wp-content\/uploads\/2022\/06\/Logo_site-2.png\",\"width\":500,\"height\":487,\"caption\":\"Modernteh\"},\"image\":{\"@id\":\"https:\/\/modernteh.md\/#\/schema\/logo\/image\/\"},\"sameAs\":[\"https:\/\/www.facebook.com\/profile.php?id=100082695620019\"]}]}<\/script>\n<!-- \/ Yoast SEO plugin. -->","yoast_head_json":{"title":"Presa de peleti GPP-7.5 | ARTMASH - Modernteh","description":"Presa de peleti GPP-7.5 | ARTMASH","robots":{"index":"index","follow":"follow","max-snippet":"max-snippet:-1","max-image-preview":"max-image-preview:large","max-video-preview":"max-video-preview:-1"},"canonical":"https:\/\/modernteh.md\/ru\/catalog\/presa-de-peleti-gpp-7-5-artmash\/","og_locale":"ru_RU","og_type":"article","og_title":"Presa de peleti GPP-7.5 | ARTMASH - Modernteh","og_description":"Presa de peleti GPP-7.5 | ARTMASH","og_url":"https:\/\/modernteh.md\/ru\/catalog\/presa-de-peleti-gpp-7-5-artmash\/","og_site_name":"Modernteh","article_publisher":"https:\/\/www.facebook.com\/profile.php?id=100082695620019","article_modified_time":"2025-09-03T09:21:55+00:00","og_image":[{"width":600,"height":365,"url":"https:\/\/modernteh.md\/wp-content\/uploads\/2025\/09\/001.jpg","type":"image\/jpeg"}],"twitter_card":"summary_large_image","twitter_misc":{"\u041f\u0440\u0438\u043c\u0435\u0440\u043d\u043e\u0435 \u0432\u0440\u0435\u043c\u044f \u0434\u043b\u044f \u0447\u0442\u0435\u043d\u0438\u044f":"1 \u043c\u0438\u043d\u0443\u0442\u0430"},"schema":{"@context":"https:\/\/schema.org","@graph":[{"@type":"WebPage","@id":"https:\/\/modernteh.md\/catalog\/presa-de-peleti-gpp-7-5-artmash\/","url":"https:\/\/modernteh.md\/catalog\/presa-de-peleti-gpp-7-5-artmash\/","name":"Presa de peleti GPP-7.5 | ARTMASH - Modernteh","isPartOf":{"@id":"https:\/\/modernteh.md\/#website"},"datePublished":"2025-09-03T09:07:03+00:00","dateModified":"2025-09-03T09:21:55+00:00","description":"Presa de peleti GPP-7.5 | ARTMASH","breadcrumb":{"@id":"https:\/\/modernteh.md\/catalog\/presa-de-peleti-gpp-7-5-artmash\/#breadcrumb"},"inLanguage":"ru-RU","potentialAction":[{"@type":"ReadAction","target":["https:\/\/modernteh.md\/catalog\/presa-de-peleti-gpp-7-5-artmash\/"]}]},{"@type":"BreadcrumbList","@id":"https:\/\/modernteh.md\/catalog\/presa-de-peleti-gpp-7-5-artmash\/#breadcrumb","itemListElement":[{"@type":"ListItem","position":1,"name":"Prima pagin\u0103","item":"https:\/\/modernteh.md\/"},{"@type":"ListItem","position":2,"name":"Catalog","item":"https:\/\/modernteh.md\/catalog\/"},{"@type":"ListItem","position":3,"name":"Presa de peleti GPP-7.5 | ARTMASH"}]},{"@type":"WebSite","@id":"https:\/\/modernteh.md\/#website","url":"https:\/\/modernteh.md\/","name":"Modernteh","description":"Modernteh","publisher":{"@id":"https:\/\/modernteh.md\/#organization"},"potentialAction":[{"@type":"SearchAction","target":{"@type":"EntryPoint","urlTemplate":"https:\/\/modernteh.md\/?s={search_term_string}"},"query-input":"required name=search_term_string"}],"inLanguage":"ru-RU"},{"@type":"Organization","@id":"https:\/\/modernteh.md\/#organization","name":"Modernteh","url":"https:\/\/modernteh.md\/","logo":{"@type":"ImageObject","inLanguage":"ru-RU","@id":"https:\/\/modernteh.md\/#\/schema\/logo\/image\/","url":"https:\/\/modernteh.md\/wp-content\/uploads\/2022\/06\/Logo_site-2.png","contentUrl":"https:\/\/modernteh.md\/wp-content\/uploads\/2022\/06\/Logo_site-2.png","width":500,"height":487,"caption":"Modernteh"},"image":{"@id":"https:\/\/modernteh.md\/#\/schema\/logo\/image\/"},"sameAs":["https:\/\/www.facebook.com\/profile.php?id=100082695620019"]}]}},"_links":{"self":[{"href":"https:\/\/modernteh.md\/ru\/wp-json\/wp\/v2\/product\/4796","targetHints":{"allow":["GET"]}}],"collection":[{"href":"https:\/\/modernteh.md\/ru\/wp-json\/wp\/v2\/product"}],"about":[{"href":"https:\/\/modernteh.md\/ru\/wp-json\/wp\/v2\/types\/product"}],"wp:featuredmedia":[{"embeddable":true,"href":"https:\/\/modernteh.md\/ru\/wp-json\/wp\/v2\/media\/4797"}],"wp:attachment":[{"href":"https:\/\/modernteh.md\/ru\/wp-json\/wp\/v2\/media?parent=4796"}],"wp:term":[{"taxonomy":"product_cat","embeddable":true,"href":"https:\/\/modernteh.md\/ru\/wp-json\/wp\/v2\/product_cat?post=4796"},{"taxonomy":"product_tag","embeddable":true,"href":"https:\/\/modernteh.md\/ru\/wp-json\/wp\/v2\/product_tag?post=4796"}],"curies":[{"name":"wp","href":"https:\/\/api.w.org\/{rel}","templated":true}]}}