{"id":4819,"date":"2025-09-09T07:01:07","date_gmt":"2025-09-09T07:01:07","guid":{"rendered":"https:\/\/modernteh.md\/?post_type=product&#038;p=4819"},"modified":"2025-09-09T07:01:09","modified_gmt":"2025-09-09T07:01:09","slug":"zdrobitoare-de-struguri-electrica-demetra-de-60","status":"publish","type":"product","link":"https:\/\/modernteh.md\/ru\/catalog\/zdrobitoare-de-struguri-electrica-demetra-de-60\/","title":{"rendered":"Zdrobitoare de struguri electric\u0103 Demetra DE-60"},"content":{"rendered":"<h1>Zdrobitoare de struguri electric\u0103 Demetra DE-60<\/h1>\n<div id=\"specifications\" class=\"tab-content features\">\n<div class=\"table-container\">\n<div class=\"table-row\">\n<div class=\"table-box\">\n<div class=\"table-title\">\n<div class=\"tag-h3\">Producator: Demetra<\/div>\n<\/div>\n<\/div>\n<div class=\"table-box\">\n<div class=\"table-title\">\n<div class=\"tag-h3\">Tip produs: Zdrobitor de struguri<\/div>\n<\/div>\n<\/div>\n<\/div>\n<div class=\"table-row\">\n<div class=\"table-box\">\n<div class=\"table-title\">\n<div class=\"tag-h3\">Alimentare: 220 V ~ 50 Hz<\/div>\n<\/div>\n<\/div>\n<div class=\"table-box\">\n<div class=\"table-title\">\n<div class=\"tag-h3\">Volum: 30 l<\/div>\n<\/div>\n<\/div>\n<\/div>\n<div class=\"table-row\">\n<div class=\"table-box\">\n<div class=\"table-title\">\n<div class=\"tag-h3\">Productivitate: 700 kg\/ora<\/div>\n<\/div>\n<\/div>\n<div class=\"table-box\">\n<div class=\"table-title\">\n<div class=\"tag-h3\">Greutate: 18 kg<\/div>\n<\/div>\n<\/div>\n<\/div>\n<div class=\"table-row\">\n<div class=\"table-box\">\n<div class=\"table-title\">\n<div class=\"tag-h3\">Model: DE-60<\/div>\n<\/div>\n<\/div>\n<div class=\"table-box\">\n<div class=\"table-title\">\n<div class=\"tag-h3\">Putere: 1800 W<\/div>\n<\/div>\n<\/div>\n<\/div>\n<div class=\"table-row\">\n<div class=\"table-box\">\n<div class=\"table-title\">\n<div class=\"tag-h3\">Turatii in gol:2900 rpm<\/div>\n<\/div>\n<\/div>\n<div class=\"table-box\">\n<div class=\"table-title\">\n<div class=\"tag-h3\">Material tambur: Compozit alimentar<\/div>\n<\/div>\n<\/div>\n<\/div>\n<div class=\"table-row\">\n<div class=\"table-box\">\n<div class=\"table-title\">\n<div class=\"tag-h3\">Clasa izolare: F<\/div>\n<\/div>\n<\/div>\n<\/div>\n<\/div>\n<\/div>\n<div id=\"description\" class=\"tab-content description\">\n<div class=\"tab-title\">\n<h2>\u041e\u043f\u0438\u0441\u0430\u043d\u0438\u0435<\/h2>\n<\/div>\n<div class=\"content-info description-text\">\n<p><strong>Demetra DE-60<\/strong>\u00a0este o\u00a0<strong>zdrobitoare electric\u0103 de struguri<\/strong>\u00a0eficient\u0103 \u0219i robust\u0103, ideal\u0103 pentru vinificatori casnici sau mici produc\u0103tori de suc. Echipat\u0103 cu un\u00a0<strong>motor puternic de 1800 W<\/strong>, zdrobitoarea atinge o productivitate de\u00a0<strong>400\u2013700 kg\/or\u0103<\/strong>, oferind un flux de lucru rapid \u0219i eficient.<\/p>\n<p>Cu o\u00a0<strong>cuv\u0103 de 30 litri<\/strong>\u00a0\u0219i un\u00a0<strong>tambur din compozit alimentar<\/strong>, echipamentul garanteaz\u0103 igien\u0103 \u0219i siguran\u021b\u0103 \u00een procesarea strugurilor. Construc\u021bia sa solid\u0103 \u0219i\u00a0<strong>greutatea de doar 18 kg<\/strong>\u00a0o fac u\u0219or de manevrat. Func\u021bioneaz\u0103 la\u00a0<strong>tensiunea standard de 220 V \/ 50 Hz<\/strong>, cu o vitez\u0103 de rota\u021bie de\u00a0<strong>2900 rpm<\/strong>.<\/p>\n<p><strong>\u0422\u0435\u0445\u043d\u0438\u0447\u0435\u0441\u043a\u0438\u0435 \u0445\u0430\u0440\u0430\u043a\u0442\u0435\u0440\u0438\u0441\u0442\u0438\u043a\u0438:<\/strong><\/p>\n<ol>\n<li><strong>Produc\u0103tor:<\/strong>\u00a0Demetra<\/li>\n<li><strong>Tensiune:<\/strong>\u00a0220 V \/ 50 Hz<\/li>\n<li><strong>Putere motor:<\/strong>\u00a01800 W<\/li>\n<li><strong>Vitez\u0103 \u00een gol:<\/strong>\u00a02900 rpm<\/li>\n<li><strong>Productivitate:<\/strong>\u00a0400\u2013700 kg\/or\u0103<\/li>\n<li><strong>Volum cuv\u0103:<\/strong>\u00a030 litri<\/li>\n<li><strong>Material tambur:<\/strong>\u00a0compozit alimentar<\/li>\n<li><strong>Clas\u0103 de izola\u021bie:<\/strong>\u00a0F<\/li>\n<li><strong>Greutate:<\/strong>\u00a018 kg<\/li>\n<\/ol>\n<\/div>\n<\/div>","protected":false},"excerpt":{"rendered":"<p>Zdrobitoare de struguri electric\u0103 Demetra DE-60 Producator: Demetra Tip produs: Zdrobitor de struguri Alimentare: 220 V ~ 50 Hz Volum:<\/p>","protected":false},"featured_media":4821,"template":"","meta":[],"product_cat":[143],"product_tag":[],"class_list":{"0":"post-4819","1":"product","2":"type-product","3":"status-publish","4":"has-post-thumbnail","6":"product_cat-prelucrare-struguri","8":"first","9":"instock","10":"shipping-taxable","11":"purchasable","12":"product-type-simple"},"yoast_head":"<!-- This site is optimized with the Yoast SEO plugin v20.12 - https:\/\/yoast.com\/wordpress\/plugins\/seo\/ -->\n<title>Zdrobitoare de struguri electric\u0103 Demetra DE-60 - Modernteh<\/title>\n<meta name=\"description\" content=\"Zdrobitoare de struguri electric\u0103 Demetra DE-60\" \/>\n<meta name=\"robots\" content=\"index, follow, max-snippet:-1, max-image-preview:large, max-video-preview:-1\" \/>\n<link rel=\"canonical\" href=\"https:\/\/modernteh.md\/ru\/catalog\/zdrobitoare-de-struguri-electrica-demetra-de-60\/\" \/>\n<meta property=\"og:locale\" content=\"ru_RU\" \/>\n<meta property=\"og:type\" content=\"article\" \/>\n<meta property=\"og:title\" content=\"Zdrobitoare de struguri electric\u0103 Demetra DE-60 - Modernteh\" \/>\n<meta property=\"og:description\" content=\"Zdrobitoare de struguri electric\u0103 Demetra DE-60\" \/>\n<meta property=\"og:url\" content=\"https:\/\/modernteh.md\/ru\/catalog\/zdrobitoare-de-struguri-electrica-demetra-de-60\/\" \/>\n<meta property=\"og:site_name\" content=\"Modernteh\" \/>\n<meta property=\"article:publisher\" content=\"https:\/\/www.facebook.com\/profile.php?id=100082695620019\" \/>\n<meta property=\"article:modified_time\" content=\"2025-09-09T07:01:09+00:00\" \/>\n<meta property=\"og:image\" content=\"https:\/\/modernteh.md\/wp-content\/uploads\/2025\/09\/Zdrobitoare-de-struguri-electrica-Demetra-DE-60.png\" \/>\n\t<meta property=\"og:image:width\" content=\"800\" \/>\n\t<meta property=\"og:image:height\" content=\"800\" \/>\n\t<meta property=\"og:image:type\" content=\"image\/png\" \/>\n<meta name=\"twitter:card\" content=\"summary_large_image\" \/>\n<meta name=\"twitter:label1\" content=\"\u041f\u0440\u0438\u043c\u0435\u0440\u043d\u043e\u0435 \u0432\u0440\u0435\u043c\u044f \u0434\u043b\u044f \u0447\u0442\u0435\u043d\u0438\u044f\" \/>\n\t<meta name=\"twitter:data1\" content=\"1 \u043c\u0438\u043d\u0443\u0442\u0430\" \/>\n<script type=\"application\/ld+json\" class=\"yoast-schema-graph\">{\"@context\":\"https:\/\/schema.org\",\"@graph\":[{\"@type\":\"WebPage\",\"@id\":\"https:\/\/modernteh.md\/catalog\/zdrobitoare-de-struguri-electrica-demetra-de-60\/\",\"url\":\"https:\/\/modernteh.md\/catalog\/zdrobitoare-de-struguri-electrica-demetra-de-60\/\",\"name\":\"Zdrobitoare de struguri electric\u0103 Demetra DE-60 - Modernteh\",\"isPartOf\":{\"@id\":\"https:\/\/modernteh.md\/#website\"},\"datePublished\":\"2025-09-09T07:01:07+00:00\",\"dateModified\":\"2025-09-09T07:01:09+00:00\",\"description\":\"Zdrobitoare de struguri electric\u0103 Demetra DE-60\",\"breadcrumb\":{\"@id\":\"https:\/\/modernteh.md\/catalog\/zdrobitoare-de-struguri-electrica-demetra-de-60\/#breadcrumb\"},\"inLanguage\":\"ru-RU\",\"potentialAction\":[{\"@type\":\"ReadAction\",\"target\":[\"https:\/\/modernteh.md\/catalog\/zdrobitoare-de-struguri-electrica-demetra-de-60\/\"]}]},{\"@type\":\"BreadcrumbList\",\"@id\":\"https:\/\/modernteh.md\/catalog\/zdrobitoare-de-struguri-electrica-demetra-de-60\/#breadcrumb\",\"itemListElement\":[{\"@type\":\"ListItem\",\"position\":1,\"name\":\"Prima pagin\u0103\",\"item\":\"https:\/\/modernteh.md\/\"},{\"@type\":\"ListItem\",\"position\":2,\"name\":\"Catalog\",\"item\":\"https:\/\/modernteh.md\/catalog\/\"},{\"@type\":\"ListItem\",\"position\":3,\"name\":\"Zdrobitoare de struguri electric\u0103 Demetra DE-60\"}]},{\"@type\":\"WebSite\",\"@id\":\"https:\/\/modernteh.md\/#website\",\"url\":\"https:\/\/modernteh.md\/\",\"name\":\"Modernteh\",\"description\":\"Modernteh\",\"publisher\":{\"@id\":\"https:\/\/modernteh.md\/#organization\"},\"potentialAction\":[{\"@type\":\"SearchAction\",\"target\":{\"@type\":\"EntryPoint\",\"urlTemplate\":\"https:\/\/modernteh.md\/?s={search_term_string}\"},\"query-input\":\"required name=search_term_string\"}],\"inLanguage\":\"ru-RU\"},{\"@type\":\"Organization\",\"@id\":\"https:\/\/modernteh.md\/#organization\",\"name\":\"Modernteh\",\"url\":\"https:\/\/modernteh.md\/\",\"logo\":{\"@type\":\"ImageObject\",\"inLanguage\":\"ru-RU\",\"@id\":\"https:\/\/modernteh.md\/#\/schema\/logo\/image\/\",\"url\":\"https:\/\/modernteh.md\/wp-content\/uploads\/2022\/06\/Logo_site-2.png\",\"contentUrl\":\"https:\/\/modernteh.md\/wp-content\/uploads\/2022\/06\/Logo_site-2.png\",\"width\":500,\"height\":487,\"caption\":\"Modernteh\"},\"image\":{\"@id\":\"https:\/\/modernteh.md\/#\/schema\/logo\/image\/\"},\"sameAs\":[\"https:\/\/www.facebook.com\/profile.php?id=100082695620019\"]}]}<\/script>\n<!-- \/ Yoast SEO plugin. -->","yoast_head_json":{"title":"Zdrobitoare de struguri electric\u0103 Demetra DE-60 - Modernteh","description":"Zdrobitoare de struguri electric\u0103 Demetra DE-60","robots":{"index":"index","follow":"follow","max-snippet":"max-snippet:-1","max-image-preview":"max-image-preview:large","max-video-preview":"max-video-preview:-1"},"canonical":"https:\/\/modernteh.md\/ru\/catalog\/zdrobitoare-de-struguri-electrica-demetra-de-60\/","og_locale":"ru_RU","og_type":"article","og_title":"Zdrobitoare de struguri electric\u0103 Demetra DE-60 - Modernteh","og_description":"Zdrobitoare de struguri electric\u0103 Demetra DE-60","og_url":"https:\/\/modernteh.md\/ru\/catalog\/zdrobitoare-de-struguri-electrica-demetra-de-60\/","og_site_name":"Modernteh","article_publisher":"https:\/\/www.facebook.com\/profile.php?id=100082695620019","article_modified_time":"2025-09-09T07:01:09+00:00","og_image":[{"width":800,"height":800,"url":"https:\/\/modernteh.md\/wp-content\/uploads\/2025\/09\/Zdrobitoare-de-struguri-electrica-Demetra-DE-60.png","type":"image\/png"}],"twitter_card":"summary_large_image","twitter_misc":{"\u041f\u0440\u0438\u043c\u0435\u0440\u043d\u043e\u0435 \u0432\u0440\u0435\u043c\u044f \u0434\u043b\u044f \u0447\u0442\u0435\u043d\u0438\u044f":"1 \u043c\u0438\u043d\u0443\u0442\u0430"},"schema":{"@context":"https:\/\/schema.org","@graph":[{"@type":"WebPage","@id":"https:\/\/modernteh.md\/catalog\/zdrobitoare-de-struguri-electrica-demetra-de-60\/","url":"https:\/\/modernteh.md\/catalog\/zdrobitoare-de-struguri-electrica-demetra-de-60\/","name":"Zdrobitoare de struguri electric\u0103 Demetra DE-60 - Modernteh","isPartOf":{"@id":"https:\/\/modernteh.md\/#website"},"datePublished":"2025-09-09T07:01:07+00:00","dateModified":"2025-09-09T07:01:09+00:00","description":"Zdrobitoare de struguri electric\u0103 Demetra DE-60","breadcrumb":{"@id":"https:\/\/modernteh.md\/catalog\/zdrobitoare-de-struguri-electrica-demetra-de-60\/#breadcrumb"},"inLanguage":"ru-RU","potentialAction":[{"@type":"ReadAction","target":["https:\/\/modernteh.md\/catalog\/zdrobitoare-de-struguri-electrica-demetra-de-60\/"]}]},{"@type":"BreadcrumbList","@id":"https:\/\/modernteh.md\/catalog\/zdrobitoare-de-struguri-electrica-demetra-de-60\/#breadcrumb","itemListElement":[{"@type":"ListItem","position":1,"name":"Prima pagin\u0103","item":"https:\/\/modernteh.md\/"},{"@type":"ListItem","position":2,"name":"Catalog","item":"https:\/\/modernteh.md\/catalog\/"},{"@type":"ListItem","position":3,"name":"Zdrobitoare de struguri electric\u0103 Demetra DE-60"}]},{"@type":"WebSite","@id":"https:\/\/modernteh.md\/#website","url":"https:\/\/modernteh.md\/","name":"Modernteh","description":"Modernteh","publisher":{"@id":"https:\/\/modernteh.md\/#organization"},"potentialAction":[{"@type":"SearchAction","target":{"@type":"EntryPoint","urlTemplate":"https:\/\/modernteh.md\/?s={search_term_string}"},"query-input":"required name=search_term_string"}],"inLanguage":"ru-RU"},{"@type":"Organization","@id":"https:\/\/modernteh.md\/#organization","name":"Modernteh","url":"https:\/\/modernteh.md\/","logo":{"@type":"ImageObject","inLanguage":"ru-RU","@id":"https:\/\/modernteh.md\/#\/schema\/logo\/image\/","url":"https:\/\/modernteh.md\/wp-content\/uploads\/2022\/06\/Logo_site-2.png","contentUrl":"https:\/\/modernteh.md\/wp-content\/uploads\/2022\/06\/Logo_site-2.png","width":500,"height":487,"caption":"Modernteh"},"image":{"@id":"https:\/\/modernteh.md\/#\/schema\/logo\/image\/"},"sameAs":["https:\/\/www.facebook.com\/profile.php?id=100082695620019"]}]}},"_links":{"self":[{"href":"https:\/\/modernteh.md\/ru\/wp-json\/wp\/v2\/product\/4819","targetHints":{"allow":["GET"]}}],"collection":[{"href":"https:\/\/modernteh.md\/ru\/wp-json\/wp\/v2\/product"}],"about":[{"href":"https:\/\/modernteh.md\/ru\/wp-json\/wp\/v2\/types\/product"}],"wp:featuredmedia":[{"embeddable":true,"href":"https:\/\/modernteh.md\/ru\/wp-json\/wp\/v2\/media\/4821"}],"wp:attachment":[{"href":"https:\/\/modernteh.md\/ru\/wp-json\/wp\/v2\/media?parent=4819"}],"wp:term":[{"taxonomy":"product_cat","embeddable":true,"href":"https:\/\/modernteh.md\/ru\/wp-json\/wp\/v2\/product_cat?post=4819"},{"taxonomy":"product_tag","embeddable":true,"href":"https:\/\/modernteh.md\/ru\/wp-json\/wp\/v2\/product_tag?post=4819"}],"curies":[{"name":"wp","href":"https:\/\/api.w.org\/{rel}","templated":true}]}}