{"id":4841,"date":"2025-09-13T08:06:26","date_gmt":"2025-09-13T08:06:26","guid":{"rendered":"https:\/\/modernteh.md\/?post_type=product&#038;p=4841"},"modified":"2026-03-12T16:11:11","modified_gmt":"2026-03-12T16:11:11","slug":"granulator-furaje-dm-150pro-bd-motor-inclus","status":"publish","type":"product","link":"https:\/\/modernteh.md\/ru\/catalog\/granulator-furaje-dm-150pro-bd-motor-inclus\/","title":{"rendered":"Granulator furaje DM-150PRO-BD (motor inclus)"},"content":{"rendered":"<p>Granulator furaje DM-150PRO-BD (motor inclus)<\/p>\n<div id=\"specifications\" class=\"tab-content features\">\n<div class=\"table-container\">\n<div class=\"table-row\">\n<div class=\"table-box\">\n<div class=\"table-title\">\n<div class=\"tag-h3\">Producator: Demetra<\/div>\n<\/div>\n<\/div>\n<div class=\"table-box\">\n<div class=\"table-title\">\n<div class=\"tag-h3\">Model: DM-150PRO-BD<\/div>\n<\/div>\n<\/div>\n<\/div>\n<div class=\"table-row\">\n<div class=\"table-box\">\n<div class=\"table-title\">\n<div class=\"tag-h3\">Putere motor: 8 c.p.<\/div>\n<\/div>\n<\/div>\n<div class=\"table-box\">\n<div class=\"table-title\">\n<div class=\"tag-h3\">Productivitate: 80 &#8211; 120 kg\/ora<\/div>\n<\/div>\n<\/div>\n<\/div>\n<div class=\"table-row\">\n<div class=\"table-box\">\n<div class=\"table-title\">\n<div class=\"tag-h3\">Diametru matrice: 150 mm<\/div>\n<\/div>\n<\/div>\n<div class=\"table-box\">\n<div class=\"table-title\">\n<div class=\"tag-h3\">Motor inclus:Da<\/div>\n<\/div>\n<\/div>\n<\/div>\n<div class=\"table-row\">\n<div class=\"table-box\">\n<div class=\"table-title\">\n<div class=\"tag-h3\">Greutate: 180 kg<\/div>\n<\/div>\n<\/div>\n<\/div>\n<div class=\"table-row\">\n<div class=\"table-box\">\n<div class=\"table-title\">\n<div class=\"tag-h3\">Dimensiuni: 109 x 31 x 80 cm<\/div>\n<\/div>\n<\/div>\n<div class=\"table-box\">\n<div class=\"table-title\">\n<div class=\"tag-h3\">Turatii in gol: 2600 rpm<\/div>\n<\/div>\n<\/div>\n<\/div>\n<div class=\"table-row\">\n<div class=\"table-box\">\n<div class=\"table-title\">\n<div class=\"tag-h3\">Acumulator \u00een set: 1<\/div>\n<\/div>\n<\/div>\n<div class=\"table-box\">\n<div class=\"table-title\">\n<div class=\"tag-h3\">Tip pornire: de la cheie, manual<\/div>\n<\/div>\n<\/div>\n<\/div>\n<div class=\"table-row\">\n<div class=\"table-box\">\n<div class=\"table-title\">\n<div class=\"tag-h3\">Tip motor: Motorina<\/div>\n<\/div>\n<\/div>\n<\/div>\n<\/div>\n<\/div>\n<div id=\"description\" class=\"tab-content description\">\n<div class=\"tab-title\">\n<h2>\u041e\u043f\u0438\u0441\u0430\u043d\u0438\u0435<\/h2>\n<\/div>\n<div class=\"content-info description-text\">\n<p>Descriere: Granulatorul de furaje Demetra DM-150PRO-BD este o solu\u021bie eficient\u0103 \u0219i inovatoare pentru agricultura modern\u0103, conceput pentru a r\u0103spunde nevoilor fermierilor care doresc s\u0103 produc\u0103 hran\u0103 de calitate pentru animalele lor. Cu un motor puternic de 5,96 kW, acest granulator asigur\u0103 o productivitate impresionant\u0103, variind \u00eentre 80 \u0219i 120 kg de furaje pe or\u0103. Designul s\u0103u robust, cu dimensiuni de 109 x 31 x 80 cm \u0219i o greutate de 180 kg, \u00eel face ideal pentru utilizarea \u00een ferme mari, precum \u0219i \u00een afaceri agricole mai mici. Motorul inclus faciliteaz\u0103 instalarea \u0219i utilizarea imediat\u0103, elimin\u00e2nd necesitatea achizi\u021bion\u0103rii de echipamente suplimentare. \u00cen plus, granulatorul contribuie la o diet\u0103 s\u0103n\u0103toas\u0103 pentru animale, asigur\u00e2nd o m\u0103cinare uniform\u0103 a ingredientelor \u0219i o consisten\u021b\u0103 optim\u0103 a furajelor<\/p>\n<\/div>\n<\/div>","protected":false},"excerpt":{"rendered":"<p>Granulator furaje DM-150PRO-BD (motor inclus) Producator: Demetra Model: DM-150PRO-BD Putere motor: 8 c.p. Productivitate: 80 &#8211; 120 kg\/ora Diametru matrice:<\/p>","protected":false},"featured_media":4842,"template":"","meta":[],"product_cat":[133],"product_tag":[],"class_list":{"0":"post-4841","1":"product","2":"type-product","3":"status-publish","4":"has-post-thumbnail","6":"product_cat-granulatoare-furaje","8":"first","9":"outofstock","10":"shipping-taxable","11":"purchasable","12":"product-type-simple"},"yoast_head":"<!-- This site is optimized with the Yoast SEO plugin v20.12 - https:\/\/yoast.com\/wordpress\/plugins\/seo\/ -->\n<title>Granulator furaje DM-150PRO-BD (motor inclus) - Modernteh<\/title>\n<meta name=\"description\" content=\"Granulator furaje DM-150PRO-BD (motor inclus)\" \/>\n<meta name=\"robots\" content=\"index, follow, max-snippet:-1, max-image-preview:large, max-video-preview:-1\" \/>\n<link rel=\"canonical\" href=\"https:\/\/modernteh.md\/ru\/catalog\/granulator-furaje-dm-150pro-bd-motor-inclus\/\" \/>\n<meta property=\"og:locale\" content=\"ru_RU\" \/>\n<meta property=\"og:type\" content=\"article\" \/>\n<meta property=\"og:title\" content=\"Granulator furaje DM-150PRO-BD (motor inclus) - Modernteh\" \/>\n<meta property=\"og:description\" content=\"Granulator furaje DM-150PRO-BD (motor inclus)\" \/>\n<meta property=\"og:url\" content=\"https:\/\/modernteh.md\/ru\/catalog\/granulator-furaje-dm-150pro-bd-motor-inclus\/\" \/>\n<meta property=\"og:site_name\" content=\"Modernteh\" \/>\n<meta property=\"article:publisher\" content=\"https:\/\/www.facebook.com\/profile.php?id=100082695620019\" \/>\n<meta property=\"article:modified_time\" content=\"2026-03-12T16:11:11+00:00\" \/>\n<meta property=\"og:image\" content=\"https:\/\/modernteh.md\/wp-content\/uploads\/2025\/09\/img_687f6f256aaac.jpg\" \/>\n\t<meta property=\"og:image:width\" content=\"800\" \/>\n\t<meta property=\"og:image:height\" content=\"800\" \/>\n\t<meta property=\"og:image:type\" content=\"image\/jpeg\" \/>\n<meta name=\"twitter:card\" content=\"summary_large_image\" \/>\n<meta name=\"twitter:label1\" content=\"\u041f\u0440\u0438\u043c\u0435\u0440\u043d\u043e\u0435 \u0432\u0440\u0435\u043c\u044f \u0434\u043b\u044f \u0447\u0442\u0435\u043d\u0438\u044f\" \/>\n\t<meta name=\"twitter:data1\" content=\"1 \u043c\u0438\u043d\u0443\u0442\u0430\" \/>\n<script type=\"application\/ld+json\" class=\"yoast-schema-graph\">{\"@context\":\"https:\/\/schema.org\",\"@graph\":[{\"@type\":\"WebPage\",\"@id\":\"https:\/\/modernteh.md\/catalog\/granulator-furaje-dm-150pro-bd-motor-inclus\/\",\"url\":\"https:\/\/modernteh.md\/catalog\/granulator-furaje-dm-150pro-bd-motor-inclus\/\",\"name\":\"Granulator furaje DM-150PRO-BD (motor inclus) - Modernteh\",\"isPartOf\":{\"@id\":\"https:\/\/modernteh.md\/#website\"},\"datePublished\":\"2025-09-13T08:06:26+00:00\",\"dateModified\":\"2026-03-12T16:11:11+00:00\",\"description\":\"Granulator furaje DM-150PRO-BD (motor inclus)\",\"breadcrumb\":{\"@id\":\"https:\/\/modernteh.md\/catalog\/granulator-furaje-dm-150pro-bd-motor-inclus\/#breadcrumb\"},\"inLanguage\":\"ru-RU\",\"potentialAction\":[{\"@type\":\"ReadAction\",\"target\":[\"https:\/\/modernteh.md\/catalog\/granulator-furaje-dm-150pro-bd-motor-inclus\/\"]}]},{\"@type\":\"BreadcrumbList\",\"@id\":\"https:\/\/modernteh.md\/catalog\/granulator-furaje-dm-150pro-bd-motor-inclus\/#breadcrumb\",\"itemListElement\":[{\"@type\":\"ListItem\",\"position\":1,\"name\":\"Prima pagin\u0103\",\"item\":\"https:\/\/modernteh.md\/\"},{\"@type\":\"ListItem\",\"position\":2,\"name\":\"Catalog\",\"item\":\"https:\/\/modernteh.md\/catalog\/\"},{\"@type\":\"ListItem\",\"position\":3,\"name\":\"Granulator furaje DM-150PRO-BD (motor inclus)\"}]},{\"@type\":\"WebSite\",\"@id\":\"https:\/\/modernteh.md\/#website\",\"url\":\"https:\/\/modernteh.md\/\",\"name\":\"Modernteh\",\"description\":\"Modernteh\",\"publisher\":{\"@id\":\"https:\/\/modernteh.md\/#organization\"},\"potentialAction\":[{\"@type\":\"SearchAction\",\"target\":{\"@type\":\"EntryPoint\",\"urlTemplate\":\"https:\/\/modernteh.md\/?s={search_term_string}\"},\"query-input\":\"required name=search_term_string\"}],\"inLanguage\":\"ru-RU\"},{\"@type\":\"Organization\",\"@id\":\"https:\/\/modernteh.md\/#organization\",\"name\":\"Modernteh\",\"url\":\"https:\/\/modernteh.md\/\",\"logo\":{\"@type\":\"ImageObject\",\"inLanguage\":\"ru-RU\",\"@id\":\"https:\/\/modernteh.md\/#\/schema\/logo\/image\/\",\"url\":\"https:\/\/modernteh.md\/wp-content\/uploads\/2022\/06\/Logo_site-2.png\",\"contentUrl\":\"https:\/\/modernteh.md\/wp-content\/uploads\/2022\/06\/Logo_site-2.png\",\"width\":500,\"height\":487,\"caption\":\"Modernteh\"},\"image\":{\"@id\":\"https:\/\/modernteh.md\/#\/schema\/logo\/image\/\"},\"sameAs\":[\"https:\/\/www.facebook.com\/profile.php?id=100082695620019\"]}]}<\/script>\n<!-- \/ Yoast SEO plugin. -->","yoast_head_json":{"title":"Granulator furaje DM-150PRO-BD (motor inclus) - Modernteh","description":"Granulator furaje DM-150PRO-BD (motor inclus)","robots":{"index":"index","follow":"follow","max-snippet":"max-snippet:-1","max-image-preview":"max-image-preview:large","max-video-preview":"max-video-preview:-1"},"canonical":"https:\/\/modernteh.md\/ru\/catalog\/granulator-furaje-dm-150pro-bd-motor-inclus\/","og_locale":"ru_RU","og_type":"article","og_title":"Granulator furaje DM-150PRO-BD (motor inclus) - Modernteh","og_description":"Granulator furaje DM-150PRO-BD (motor inclus)","og_url":"https:\/\/modernteh.md\/ru\/catalog\/granulator-furaje-dm-150pro-bd-motor-inclus\/","og_site_name":"Modernteh","article_publisher":"https:\/\/www.facebook.com\/profile.php?id=100082695620019","article_modified_time":"2026-03-12T16:11:11+00:00","og_image":[{"width":800,"height":800,"url":"https:\/\/modernteh.md\/wp-content\/uploads\/2025\/09\/img_687f6f256aaac.jpg","type":"image\/jpeg"}],"twitter_card":"summary_large_image","twitter_misc":{"\u041f\u0440\u0438\u043c\u0435\u0440\u043d\u043e\u0435 \u0432\u0440\u0435\u043c\u044f \u0434\u043b\u044f \u0447\u0442\u0435\u043d\u0438\u044f":"1 \u043c\u0438\u043d\u0443\u0442\u0430"},"schema":{"@context":"https:\/\/schema.org","@graph":[{"@type":"WebPage","@id":"https:\/\/modernteh.md\/catalog\/granulator-furaje-dm-150pro-bd-motor-inclus\/","url":"https:\/\/modernteh.md\/catalog\/granulator-furaje-dm-150pro-bd-motor-inclus\/","name":"Granulator furaje DM-150PRO-BD (motor inclus) - Modernteh","isPartOf":{"@id":"https:\/\/modernteh.md\/#website"},"datePublished":"2025-09-13T08:06:26+00:00","dateModified":"2026-03-12T16:11:11+00:00","description":"Granulator furaje DM-150PRO-BD (motor inclus)","breadcrumb":{"@id":"https:\/\/modernteh.md\/catalog\/granulator-furaje-dm-150pro-bd-motor-inclus\/#breadcrumb"},"inLanguage":"ru-RU","potentialAction":[{"@type":"ReadAction","target":["https:\/\/modernteh.md\/catalog\/granulator-furaje-dm-150pro-bd-motor-inclus\/"]}]},{"@type":"BreadcrumbList","@id":"https:\/\/modernteh.md\/catalog\/granulator-furaje-dm-150pro-bd-motor-inclus\/#breadcrumb","itemListElement":[{"@type":"ListItem","position":1,"name":"Prima pagin\u0103","item":"https:\/\/modernteh.md\/"},{"@type":"ListItem","position":2,"name":"Catalog","item":"https:\/\/modernteh.md\/catalog\/"},{"@type":"ListItem","position":3,"name":"Granulator furaje DM-150PRO-BD (motor inclus)"}]},{"@type":"WebSite","@id":"https:\/\/modernteh.md\/#website","url":"https:\/\/modernteh.md\/","name":"Modernteh","description":"Modernteh","publisher":{"@id":"https:\/\/modernteh.md\/#organization"},"potentialAction":[{"@type":"SearchAction","target":{"@type":"EntryPoint","urlTemplate":"https:\/\/modernteh.md\/?s={search_term_string}"},"query-input":"required name=search_term_string"}],"inLanguage":"ru-RU"},{"@type":"Organization","@id":"https:\/\/modernteh.md\/#organization","name":"Modernteh","url":"https:\/\/modernteh.md\/","logo":{"@type":"ImageObject","inLanguage":"ru-RU","@id":"https:\/\/modernteh.md\/#\/schema\/logo\/image\/","url":"https:\/\/modernteh.md\/wp-content\/uploads\/2022\/06\/Logo_site-2.png","contentUrl":"https:\/\/modernteh.md\/wp-content\/uploads\/2022\/06\/Logo_site-2.png","width":500,"height":487,"caption":"Modernteh"},"image":{"@id":"https:\/\/modernteh.md\/#\/schema\/logo\/image\/"},"sameAs":["https:\/\/www.facebook.com\/profile.php?id=100082695620019"]}]}},"_links":{"self":[{"href":"https:\/\/modernteh.md\/ru\/wp-json\/wp\/v2\/product\/4841","targetHints":{"allow":["GET"]}}],"collection":[{"href":"https:\/\/modernteh.md\/ru\/wp-json\/wp\/v2\/product"}],"about":[{"href":"https:\/\/modernteh.md\/ru\/wp-json\/wp\/v2\/types\/product"}],"wp:featuredmedia":[{"embeddable":true,"href":"https:\/\/modernteh.md\/ru\/wp-json\/wp\/v2\/media\/4842"}],"wp:attachment":[{"href":"https:\/\/modernteh.md\/ru\/wp-json\/wp\/v2\/media?parent=4841"}],"wp:term":[{"taxonomy":"product_cat","embeddable":true,"href":"https:\/\/modernteh.md\/ru\/wp-json\/wp\/v2\/product_cat?post=4841"},{"taxonomy":"product_tag","embeddable":true,"href":"https:\/\/modernteh.md\/ru\/wp-json\/wp\/v2\/product_tag?post=4841"}],"curies":[{"name":"wp","href":"https:\/\/api.w.org\/{rel}","templated":true}]}}