{"id":4853,"date":"2025-09-15T11:48:14","date_gmt":"2025-09-15T11:48:14","guid":{"rendered":"https:\/\/modernteh.md\/?post_type=product&#038;p=4853"},"modified":"2025-09-15T11:48:15","modified_gmt":"2025-09-15T11:48:15","slug":"motor-pe-benzina-9cp-norwik-nk177f","status":"publish","type":"product","link":"https:\/\/modernteh.md\/ru\/catalog\/motor-pe-benzina-9cp-norwik-nk177f\/","title":{"rendered":"Motor pe benzina 9cp Norwik NK177F"},"content":{"rendered":"<h1 class=\"product_title entry-title wd-entities-title\">Motor pe benzina 9cp Norwik NK177F<\/h1>\n<table class=\"woocommerce-product-attributes shop_attributes\">\n<tbody>\n<tr class=\"woocommerce-product-attributes-item woocommerce-product-attributes-item--attribute_pa_brand\">\n<th class=\"woocommerce-product-attributes-item__label\"><span class=\"wd-attr-name\">Brand<\/span><\/th>\n<td class=\"woocommerce-product-attributes-item__value\">NORWIK<\/td>\n<\/tr>\n<tr class=\"woocommerce-product-attributes-item woocommerce-product-attributes-item--attribute_pa_tip-motor\">\n<th class=\"woocommerce-product-attributes-item__label\"><span class=\"wd-attr-name\">Tip motor<\/span><\/th>\n<td class=\"woocommerce-product-attributes-item__value\">Monocilindru vertical, 4 timpi<\/td>\n<\/tr>\n<tr class=\"woocommerce-product-attributes-item woocommerce-product-attributes-item--attribute_pa_putere-motor-termic\">\n<th class=\"woocommerce-product-attributes-item__label\"><span class=\"wd-attr-name\">Putere motor termic<\/span><\/th>\n<td class=\"woocommerce-product-attributes-item__value\">9 cp<\/td>\n<\/tr>\n<tr class=\"woocommerce-product-attributes-item woocommerce-product-attributes-item--attribute_pa_capacitatea-cilindrica\">\n<th class=\"woocommerce-product-attributes-item__label\"><span class=\"wd-attr-name\">Capacitatea cilindrica<\/span><\/th>\n<td class=\"woocommerce-product-attributes-item__value\">270cc<\/td>\n<\/tr>\n<tr class=\"woocommerce-product-attributes-item woocommerce-product-attributes-item--attribute_pa_rotatii-motor\">\n<th class=\"woocommerce-product-attributes-item__label\"><span class=\"wd-attr-name\">Rotatii motor<\/span><\/th>\n<td class=\"woocommerce-product-attributes-item__value\">3600 rot\/min<\/td>\n<\/tr>\n<tr class=\"woocommerce-product-attributes-item woocommerce-product-attributes-item--attribute_pa_capacitate-rezervor\">\n<th class=\"woocommerce-product-attributes-item__label\"><span class=\"wd-attr-name\">Capacitate rezervor<\/span><\/th>\n<td class=\"woocommerce-product-attributes-item__value\">6l<\/td>\n<\/tr>\n<tr class=\"woocommerce-product-attributes-item woocommerce-product-attributes-item--attribute_pa_capacitate-ulei\">\n<th class=\"woocommerce-product-attributes-item__label\"><span class=\"wd-attr-name\">Capacitate ulei<\/span><\/th>\n<td class=\"woocommerce-product-attributes-item__value\">1,1l<\/td>\n<\/tr>\n<tr class=\"woocommerce-product-attributes-item woocommerce-product-attributes-item--attribute_pa_sistem-pornire\">\n<th class=\"woocommerce-product-attributes-item__label\"><span class=\"wd-attr-name\">Sistem pornire<\/span><\/th>\n<td class=\"woocommerce-product-attributes-item__value\">Manual, Starter electric (fara baterie)<\/td>\n<\/tr>\n<\/tbody>\n<\/table>\n<p data-start=\"153\" data-end=\"511\">Motorul\u00a0<strong data-start=\"161\" data-end=\"178\">Norwik NK177F<\/strong>\u00a0este un motor pe benzin\u0103 de \u00eenalt\u0103 performan\u021b\u0103, proiectat pentru aplica\u021bii solicitante din agricultur\u0103, construc\u021bii \u0219i industrie. Cu o capacitate cilindric\u0103 de\u00a0<strong data-start=\"339\" data-end=\"349\">270 cc<\/strong>\u00a0\u0219i o putere maxim\u0103 de\u00a0<strong data-start=\"372\" data-end=\"380\">9 CP<\/strong>, acest motor monocilindru \u00een 4 timpi func\u021bioneaz\u0103 la o tura\u021bie de\u00a0<strong data-start=\"447\" data-end=\"459\">3600 rpm<\/strong>, oferind un raport excelent \u00eentre putere \u0219i consum.<\/p>\n<p data-start=\"513\" data-end=\"837\"><strong data-start=\"515\" data-end=\"598\">Ideal pentru generatoare, motopompe, toc\u0103toare \u0219i alte echipamente profesionale<\/strong><br data-start=\"598\" data-end=\"601\" \/><strong data-start=\"700\" data-end=\"764\">Certificat EURO STAGE V \u2013 respect\u0103 normele moderne de emisii<\/strong><br data-start=\"764\" data-end=\"767\" \/><strong data-start=\"769\" data-end=\"837\">Construc\u021bie robust\u0103, \u00eentre\u021binere u\u0219oar\u0103 \u0219i performan\u021b\u0103 constant\u0103<\/strong><\/p>","protected":false},"excerpt":{"rendered":"<p>Motor pe benzina 9cp Norwik NK177F Brand NORWIK Tip motor Monocilindru vertical, 4 timpi Putere motor termic 9 cp Capacitatea<\/p>","protected":false},"featured_media":4854,"template":"","meta":[],"product_cat":[121],"product_tag":[],"class_list":{"0":"post-4853","1":"product","2":"type-product","3":"status-publish","4":"has-post-thumbnail","6":"product_cat-motoare-benzina-diesel","8":"first","9":"instock","10":"shipping-taxable","11":"purchasable","12":"product-type-simple"},"yoast_head":"<!-- This site is optimized with the Yoast SEO plugin v20.12 - https:\/\/yoast.com\/wordpress\/plugins\/seo\/ -->\n<title>Motor pe benzina 9cp Norwik NK177F - Modernteh<\/title>\n<meta name=\"description\" content=\"Motor pe benzina 9cp Norwik NK177F\" \/>\n<meta name=\"robots\" content=\"index, follow, max-snippet:-1, max-image-preview:large, max-video-preview:-1\" \/>\n<link rel=\"canonical\" href=\"https:\/\/modernteh.md\/ru\/catalog\/motor-pe-benzina-9cp-norwik-nk177f\/\" \/>\n<meta property=\"og:locale\" content=\"ru_RU\" \/>\n<meta property=\"og:type\" content=\"article\" \/>\n<meta property=\"og:title\" content=\"Motor pe benzina 9cp Norwik NK177F - Modernteh\" \/>\n<meta property=\"og:description\" content=\"Motor pe benzina 9cp Norwik NK177F\" \/>\n<meta property=\"og:url\" content=\"https:\/\/modernteh.md\/ru\/catalog\/motor-pe-benzina-9cp-norwik-nk177f\/\" \/>\n<meta property=\"og:site_name\" content=\"Modernteh\" \/>\n<meta property=\"article:publisher\" content=\"https:\/\/www.facebook.com\/profile.php?id=100082695620019\" \/>\n<meta property=\"article:modified_time\" content=\"2025-09-15T11:48:15+00:00\" \/>\n<meta property=\"og:image\" content=\"https:\/\/modernteh.md\/wp-content\/uploads\/2025\/09\/motor-9cp-NK177F-1-2.webp\" \/>\n\t<meta property=\"og:image:width\" content=\"1080\" \/>\n\t<meta property=\"og:image:height\" content=\"1242\" \/>\n\t<meta property=\"og:image:type\" content=\"image\/webp\" \/>\n<meta name=\"twitter:card\" content=\"summary_large_image\" \/>\n<meta name=\"twitter:label1\" content=\"\u041f\u0440\u0438\u043c\u0435\u0440\u043d\u043e\u0435 \u0432\u0440\u0435\u043c\u044f \u0434\u043b\u044f \u0447\u0442\u0435\u043d\u0438\u044f\" \/>\n\t<meta name=\"twitter:data1\" content=\"1 \u043c\u0438\u043d\u0443\u0442\u0430\" \/>\n<script type=\"application\/ld+json\" class=\"yoast-schema-graph\">{\"@context\":\"https:\/\/schema.org\",\"@graph\":[{\"@type\":\"WebPage\",\"@id\":\"https:\/\/modernteh.md\/catalog\/motor-pe-benzina-9cp-norwik-nk177f\/\",\"url\":\"https:\/\/modernteh.md\/catalog\/motor-pe-benzina-9cp-norwik-nk177f\/\",\"name\":\"Motor pe benzina 9cp Norwik NK177F - Modernteh\",\"isPartOf\":{\"@id\":\"https:\/\/modernteh.md\/#website\"},\"datePublished\":\"2025-09-15T11:48:14+00:00\",\"dateModified\":\"2025-09-15T11:48:15+00:00\",\"description\":\"Motor pe benzina 9cp Norwik NK177F\",\"breadcrumb\":{\"@id\":\"https:\/\/modernteh.md\/catalog\/motor-pe-benzina-9cp-norwik-nk177f\/#breadcrumb\"},\"inLanguage\":\"ru-RU\",\"potentialAction\":[{\"@type\":\"ReadAction\",\"target\":[\"https:\/\/modernteh.md\/catalog\/motor-pe-benzina-9cp-norwik-nk177f\/\"]}]},{\"@type\":\"BreadcrumbList\",\"@id\":\"https:\/\/modernteh.md\/catalog\/motor-pe-benzina-9cp-norwik-nk177f\/#breadcrumb\",\"itemListElement\":[{\"@type\":\"ListItem\",\"position\":1,\"name\":\"Prima pagin\u0103\",\"item\":\"https:\/\/modernteh.md\/\"},{\"@type\":\"ListItem\",\"position\":2,\"name\":\"Catalog\",\"item\":\"https:\/\/modernteh.md\/catalog\/\"},{\"@type\":\"ListItem\",\"position\":3,\"name\":\"Motor pe benzina 9cp Norwik NK177F\"}]},{\"@type\":\"WebSite\",\"@id\":\"https:\/\/modernteh.md\/#website\",\"url\":\"https:\/\/modernteh.md\/\",\"name\":\"Modernteh\",\"description\":\"Modernteh\",\"publisher\":{\"@id\":\"https:\/\/modernteh.md\/#organization\"},\"potentialAction\":[{\"@type\":\"SearchAction\",\"target\":{\"@type\":\"EntryPoint\",\"urlTemplate\":\"https:\/\/modernteh.md\/?s={search_term_string}\"},\"query-input\":\"required name=search_term_string\"}],\"inLanguage\":\"ru-RU\"},{\"@type\":\"Organization\",\"@id\":\"https:\/\/modernteh.md\/#organization\",\"name\":\"Modernteh\",\"url\":\"https:\/\/modernteh.md\/\",\"logo\":{\"@type\":\"ImageObject\",\"inLanguage\":\"ru-RU\",\"@id\":\"https:\/\/modernteh.md\/#\/schema\/logo\/image\/\",\"url\":\"https:\/\/modernteh.md\/wp-content\/uploads\/2022\/06\/Logo_site-2.png\",\"contentUrl\":\"https:\/\/modernteh.md\/wp-content\/uploads\/2022\/06\/Logo_site-2.png\",\"width\":500,\"height\":487,\"caption\":\"Modernteh\"},\"image\":{\"@id\":\"https:\/\/modernteh.md\/#\/schema\/logo\/image\/\"},\"sameAs\":[\"https:\/\/www.facebook.com\/profile.php?id=100082695620019\"]}]}<\/script>\n<!-- \/ Yoast SEO plugin. -->","yoast_head_json":{"title":"Motor pe benzina 9cp Norwik NK177F - Modernteh","description":"Motor pe benzina 9cp Norwik NK177F","robots":{"index":"index","follow":"follow","max-snippet":"max-snippet:-1","max-image-preview":"max-image-preview:large","max-video-preview":"max-video-preview:-1"},"canonical":"https:\/\/modernteh.md\/ru\/catalog\/motor-pe-benzina-9cp-norwik-nk177f\/","og_locale":"ru_RU","og_type":"article","og_title":"Motor pe benzina 9cp Norwik NK177F - Modernteh","og_description":"Motor pe benzina 9cp Norwik NK177F","og_url":"https:\/\/modernteh.md\/ru\/catalog\/motor-pe-benzina-9cp-norwik-nk177f\/","og_site_name":"Modernteh","article_publisher":"https:\/\/www.facebook.com\/profile.php?id=100082695620019","article_modified_time":"2025-09-15T11:48:15+00:00","og_image":[{"width":1080,"height":1242,"url":"https:\/\/modernteh.md\/wp-content\/uploads\/2025\/09\/motor-9cp-NK177F-1-2.webp","type":"image\/webp"}],"twitter_card":"summary_large_image","twitter_misc":{"\u041f\u0440\u0438\u043c\u0435\u0440\u043d\u043e\u0435 \u0432\u0440\u0435\u043c\u044f \u0434\u043b\u044f \u0447\u0442\u0435\u043d\u0438\u044f":"1 \u043c\u0438\u043d\u0443\u0442\u0430"},"schema":{"@context":"https:\/\/schema.org","@graph":[{"@type":"WebPage","@id":"https:\/\/modernteh.md\/catalog\/motor-pe-benzina-9cp-norwik-nk177f\/","url":"https:\/\/modernteh.md\/catalog\/motor-pe-benzina-9cp-norwik-nk177f\/","name":"Motor pe benzina 9cp Norwik NK177F - Modernteh","isPartOf":{"@id":"https:\/\/modernteh.md\/#website"},"datePublished":"2025-09-15T11:48:14+00:00","dateModified":"2025-09-15T11:48:15+00:00","description":"Motor pe benzina 9cp Norwik NK177F","breadcrumb":{"@id":"https:\/\/modernteh.md\/catalog\/motor-pe-benzina-9cp-norwik-nk177f\/#breadcrumb"},"inLanguage":"ru-RU","potentialAction":[{"@type":"ReadAction","target":["https:\/\/modernteh.md\/catalog\/motor-pe-benzina-9cp-norwik-nk177f\/"]}]},{"@type":"BreadcrumbList","@id":"https:\/\/modernteh.md\/catalog\/motor-pe-benzina-9cp-norwik-nk177f\/#breadcrumb","itemListElement":[{"@type":"ListItem","position":1,"name":"Prima pagin\u0103","item":"https:\/\/modernteh.md\/"},{"@type":"ListItem","position":2,"name":"Catalog","item":"https:\/\/modernteh.md\/catalog\/"},{"@type":"ListItem","position":3,"name":"Motor pe benzina 9cp Norwik NK177F"}]},{"@type":"WebSite","@id":"https:\/\/modernteh.md\/#website","url":"https:\/\/modernteh.md\/","name":"Modernteh","description":"Modernteh","publisher":{"@id":"https:\/\/modernteh.md\/#organization"},"potentialAction":[{"@type":"SearchAction","target":{"@type":"EntryPoint","urlTemplate":"https:\/\/modernteh.md\/?s={search_term_string}"},"query-input":"required name=search_term_string"}],"inLanguage":"ru-RU"},{"@type":"Organization","@id":"https:\/\/modernteh.md\/#organization","name":"Modernteh","url":"https:\/\/modernteh.md\/","logo":{"@type":"ImageObject","inLanguage":"ru-RU","@id":"https:\/\/modernteh.md\/#\/schema\/logo\/image\/","url":"https:\/\/modernteh.md\/wp-content\/uploads\/2022\/06\/Logo_site-2.png","contentUrl":"https:\/\/modernteh.md\/wp-content\/uploads\/2022\/06\/Logo_site-2.png","width":500,"height":487,"caption":"Modernteh"},"image":{"@id":"https:\/\/modernteh.md\/#\/schema\/logo\/image\/"},"sameAs":["https:\/\/www.facebook.com\/profile.php?id=100082695620019"]}]}},"_links":{"self":[{"href":"https:\/\/modernteh.md\/ru\/wp-json\/wp\/v2\/product\/4853","targetHints":{"allow":["GET"]}}],"collection":[{"href":"https:\/\/modernteh.md\/ru\/wp-json\/wp\/v2\/product"}],"about":[{"href":"https:\/\/modernteh.md\/ru\/wp-json\/wp\/v2\/types\/product"}],"wp:featuredmedia":[{"embeddable":true,"href":"https:\/\/modernteh.md\/ru\/wp-json\/wp\/v2\/media\/4854"}],"wp:attachment":[{"href":"https:\/\/modernteh.md\/ru\/wp-json\/wp\/v2\/media?parent=4853"}],"wp:term":[{"taxonomy":"product_cat","embeddable":true,"href":"https:\/\/modernteh.md\/ru\/wp-json\/wp\/v2\/product_cat?post=4853"},{"taxonomy":"product_tag","embeddable":true,"href":"https:\/\/modernteh.md\/ru\/wp-json\/wp\/v2\/product_tag?post=4853"}],"curies":[{"name":"wp","href":"https:\/\/api.w.org\/{rel}","templated":true}]}}