{"id":4855,"date":"2025-09-15T11:57:14","date_gmt":"2025-09-15T11:57:14","guid":{"rendered":"https:\/\/modernteh.md\/?post_type=product&#038;p=4855"},"modified":"2025-09-16T09:04:54","modified_gmt":"2025-09-16T09:04:54","slug":"zdrobitoare-de-struguri-manuala-demetra-dp-50","status":"publish","type":"product","link":"https:\/\/modernteh.md\/ru\/catalog\/zdrobitoare-de-struguri-manuala-demetra-dp-50\/","title":{"rendered":"Zdrobitoare de struguri manual\u0103 Demetra DP-50"},"content":{"rendered":"<h1>Zdrobitoare de struguri manual\u0103 Demetra DP-50<\/h1>\n<p><strong>Demetra DP-50<\/strong>\u00a0este o\u00a0<strong>zdrobitoare manual\u0103 de struguri<\/strong>\u00a0destinat\u0103 pasiona\u021bilor de vinifica\u021bie artizanal\u0103, perfect\u0103 pentru ob\u021binerea unui must proasp\u0103t, direct din propria gospod\u0103rie. Construit\u0103 din\u00a0<strong>compozit alimentar durabil<\/strong>, aceasta garanteaz\u0103 siguran\u021ba alimentar\u0103 \u0219i rezisten\u021ba \u00een utilizare \u00eendelungat\u0103.<\/p>\n<p>Cu o\u00a0<strong>cuv\u0103 generoas\u0103 de 35 litri<\/strong>\u00a0\u0219i dou\u0103 elemente de zdrobire, acest model permite o procesare uniform\u0103 a strugurilor, rezult\u00e2nd un\u00a0<strong>must de calitate superioar\u0103<\/strong>. Designul s\u0103u compact (390 x 390 x 350 mm) \u0219i\u00a0<strong>greutatea redus\u0103 de doar 8.5 kg<\/strong>\u00a0fac zdrobitoarea u\u0219or de utilizat \u0219i depozitat. Este ideal\u0103 pentru gospod\u0103rii \u0219i produc\u0103tori de vin la scar\u0103 mic\u0103.<\/p>\n<p><strong>\u0422\u0435\u0445\u043d\u0438\u0447\u0435\u0441\u043a\u0438\u0435 \u0445\u0430\u0440\u0430\u043a\u0442\u0435\u0440\u0438\u0441\u0442\u0438\u043a\u0438:<\/strong><\/p>\n<ol>\n<li><strong>Produc\u0103tor:<\/strong>\u00a0Demetra<\/li>\n<li><strong>Model:<\/strong>\u00a0DP-50<\/li>\n<li><strong>Volum cuv\u0103:<\/strong>\u00a035 litri<\/li>\n<li><strong>Dimensiuni cuv\u0103:<\/strong>\u00a0390 x 390 x 350 mm<\/li>\n<li><strong>Material tambur:<\/strong>\u00a0Compozit alimentar<\/li>\n<li><strong>Grosime ax:<\/strong>\u00a018 mm<\/li>\n<li><strong>Dimensiuni generale:<\/strong>\u00a0L\u0103\u021bime 390 mm \/ \u00cen\u0103l\u021bime 410 mm<\/li>\n<li><strong>Greutate:<\/strong>\u00a08.5 kg<\/li>\n<\/ol>","protected":false},"excerpt":{"rendered":"<p>Zdrobitoare de struguri manual\u0103 Demetra DP-50 Demetra DP-50\u00a0este o\u00a0zdrobitoare manual\u0103 de struguri\u00a0destinat\u0103 pasiona\u021bilor de vinifica\u021bie artizanal\u0103, perfect\u0103 pentru ob\u021binerea unui<\/p>","protected":false},"featured_media":4856,"template":"","meta":[],"product_cat":[143],"product_tag":[],"class_list":{"0":"post-4855","1":"product","2":"type-product","3":"status-publish","4":"has-post-thumbnail","6":"product_cat-prelucrare-struguri","8":"first","9":"instock","10":"shipping-taxable","11":"purchasable","12":"product-type-simple"},"yoast_head":"<!-- This site is optimized with the Yoast SEO plugin v20.12 - https:\/\/yoast.com\/wordpress\/plugins\/seo\/ -->\n<title>Zdrobitoare de struguri manual\u0103 Demetra DP-50 - Modernteh<\/title>\n<meta name=\"description\" content=\"Zdrobitoare de struguri manual\u0103 Demetra DP-50\" \/>\n<meta name=\"robots\" content=\"index, follow, max-snippet:-1, max-image-preview:large, max-video-preview:-1\" \/>\n<link rel=\"canonical\" href=\"https:\/\/modernteh.md\/ru\/catalog\/zdrobitoare-de-struguri-manuala-demetra-dp-50\/\" \/>\n<meta property=\"og:locale\" content=\"ru_RU\" \/>\n<meta property=\"og:type\" content=\"article\" \/>\n<meta property=\"og:title\" content=\"Zdrobitoare de struguri manual\u0103 Demetra DP-50 - Modernteh\" \/>\n<meta property=\"og:description\" content=\"Zdrobitoare de struguri manual\u0103 Demetra DP-50\" \/>\n<meta property=\"og:url\" content=\"https:\/\/modernteh.md\/ru\/catalog\/zdrobitoare-de-struguri-manuala-demetra-dp-50\/\" \/>\n<meta property=\"og:site_name\" content=\"Modernteh\" \/>\n<meta property=\"article:publisher\" content=\"https:\/\/www.facebook.com\/profile.php?id=100082695620019\" \/>\n<meta property=\"article:modified_time\" content=\"2025-09-16T09:04:54+00:00\" \/>\n<meta property=\"og:image\" content=\"https:\/\/modernteh.md\/wp-content\/uploads\/2025\/09\/Zdrobitoare-de-struguri-manuala-Demetra-DP-50-new_5.png\" \/>\n\t<meta property=\"og:image:width\" content=\"800\" \/>\n\t<meta property=\"og:image:height\" content=\"800\" \/>\n\t<meta property=\"og:image:type\" content=\"image\/png\" \/>\n<meta name=\"twitter:card\" content=\"summary_large_image\" \/>\n<meta name=\"twitter:label1\" content=\"\u041f\u0440\u0438\u043c\u0435\u0440\u043d\u043e\u0435 \u0432\u0440\u0435\u043c\u044f \u0434\u043b\u044f \u0447\u0442\u0435\u043d\u0438\u044f\" \/>\n\t<meta name=\"twitter:data1\" content=\"1 \u043c\u0438\u043d\u0443\u0442\u0430\" \/>\n<script type=\"application\/ld+json\" class=\"yoast-schema-graph\">{\"@context\":\"https:\/\/schema.org\",\"@graph\":[{\"@type\":\"WebPage\",\"@id\":\"https:\/\/modernteh.md\/catalog\/zdrobitoare-de-struguri-manuala-demetra-dp-50\/\",\"url\":\"https:\/\/modernteh.md\/catalog\/zdrobitoare-de-struguri-manuala-demetra-dp-50\/\",\"name\":\"Zdrobitoare de struguri manual\u0103 Demetra DP-50 - Modernteh\",\"isPartOf\":{\"@id\":\"https:\/\/modernteh.md\/#website\"},\"datePublished\":\"2025-09-15T11:57:14+00:00\",\"dateModified\":\"2025-09-16T09:04:54+00:00\",\"description\":\"Zdrobitoare de struguri manual\u0103 Demetra DP-50\",\"breadcrumb\":{\"@id\":\"https:\/\/modernteh.md\/catalog\/zdrobitoare-de-struguri-manuala-demetra-dp-50\/#breadcrumb\"},\"inLanguage\":\"ru-RU\",\"potentialAction\":[{\"@type\":\"ReadAction\",\"target\":[\"https:\/\/modernteh.md\/catalog\/zdrobitoare-de-struguri-manuala-demetra-dp-50\/\"]}]},{\"@type\":\"BreadcrumbList\",\"@id\":\"https:\/\/modernteh.md\/catalog\/zdrobitoare-de-struguri-manuala-demetra-dp-50\/#breadcrumb\",\"itemListElement\":[{\"@type\":\"ListItem\",\"position\":1,\"name\":\"Prima pagin\u0103\",\"item\":\"https:\/\/modernteh.md\/\"},{\"@type\":\"ListItem\",\"position\":2,\"name\":\"Catalog\",\"item\":\"https:\/\/modernteh.md\/catalog\/\"},{\"@type\":\"ListItem\",\"position\":3,\"name\":\"Zdrobitoare de struguri manual\u0103 Demetra DP-50\"}]},{\"@type\":\"WebSite\",\"@id\":\"https:\/\/modernteh.md\/#website\",\"url\":\"https:\/\/modernteh.md\/\",\"name\":\"Modernteh\",\"description\":\"Modernteh\",\"publisher\":{\"@id\":\"https:\/\/modernteh.md\/#organization\"},\"potentialAction\":[{\"@type\":\"SearchAction\",\"target\":{\"@type\":\"EntryPoint\",\"urlTemplate\":\"https:\/\/modernteh.md\/?s={search_term_string}\"},\"query-input\":\"required name=search_term_string\"}],\"inLanguage\":\"ru-RU\"},{\"@type\":\"Organization\",\"@id\":\"https:\/\/modernteh.md\/#organization\",\"name\":\"Modernteh\",\"url\":\"https:\/\/modernteh.md\/\",\"logo\":{\"@type\":\"ImageObject\",\"inLanguage\":\"ru-RU\",\"@id\":\"https:\/\/modernteh.md\/#\/schema\/logo\/image\/\",\"url\":\"https:\/\/modernteh.md\/wp-content\/uploads\/2022\/06\/Logo_site-2.png\",\"contentUrl\":\"https:\/\/modernteh.md\/wp-content\/uploads\/2022\/06\/Logo_site-2.png\",\"width\":500,\"height\":487,\"caption\":\"Modernteh\"},\"image\":{\"@id\":\"https:\/\/modernteh.md\/#\/schema\/logo\/image\/\"},\"sameAs\":[\"https:\/\/www.facebook.com\/profile.php?id=100082695620019\"]}]}<\/script>\n<!-- \/ Yoast SEO plugin. -->","yoast_head_json":{"title":"Zdrobitoare de struguri manual\u0103 Demetra DP-50 - Modernteh","description":"Zdrobitoare de struguri manual\u0103 Demetra DP-50","robots":{"index":"index","follow":"follow","max-snippet":"max-snippet:-1","max-image-preview":"max-image-preview:large","max-video-preview":"max-video-preview:-1"},"canonical":"https:\/\/modernteh.md\/ru\/catalog\/zdrobitoare-de-struguri-manuala-demetra-dp-50\/","og_locale":"ru_RU","og_type":"article","og_title":"Zdrobitoare de struguri manual\u0103 Demetra DP-50 - Modernteh","og_description":"Zdrobitoare de struguri manual\u0103 Demetra DP-50","og_url":"https:\/\/modernteh.md\/ru\/catalog\/zdrobitoare-de-struguri-manuala-demetra-dp-50\/","og_site_name":"Modernteh","article_publisher":"https:\/\/www.facebook.com\/profile.php?id=100082695620019","article_modified_time":"2025-09-16T09:04:54+00:00","og_image":[{"width":800,"height":800,"url":"https:\/\/modernteh.md\/wp-content\/uploads\/2025\/09\/Zdrobitoare-de-struguri-manuala-Demetra-DP-50-new_5.png","type":"image\/png"}],"twitter_card":"summary_large_image","twitter_misc":{"\u041f\u0440\u0438\u043c\u0435\u0440\u043d\u043e\u0435 \u0432\u0440\u0435\u043c\u044f \u0434\u043b\u044f \u0447\u0442\u0435\u043d\u0438\u044f":"1 \u043c\u0438\u043d\u0443\u0442\u0430"},"schema":{"@context":"https:\/\/schema.org","@graph":[{"@type":"WebPage","@id":"https:\/\/modernteh.md\/catalog\/zdrobitoare-de-struguri-manuala-demetra-dp-50\/","url":"https:\/\/modernteh.md\/catalog\/zdrobitoare-de-struguri-manuala-demetra-dp-50\/","name":"Zdrobitoare de struguri manual\u0103 Demetra DP-50 - Modernteh","isPartOf":{"@id":"https:\/\/modernteh.md\/#website"},"datePublished":"2025-09-15T11:57:14+00:00","dateModified":"2025-09-16T09:04:54+00:00","description":"Zdrobitoare de struguri manual\u0103 Demetra DP-50","breadcrumb":{"@id":"https:\/\/modernteh.md\/catalog\/zdrobitoare-de-struguri-manuala-demetra-dp-50\/#breadcrumb"},"inLanguage":"ru-RU","potentialAction":[{"@type":"ReadAction","target":["https:\/\/modernteh.md\/catalog\/zdrobitoare-de-struguri-manuala-demetra-dp-50\/"]}]},{"@type":"BreadcrumbList","@id":"https:\/\/modernteh.md\/catalog\/zdrobitoare-de-struguri-manuala-demetra-dp-50\/#breadcrumb","itemListElement":[{"@type":"ListItem","position":1,"name":"Prima pagin\u0103","item":"https:\/\/modernteh.md\/"},{"@type":"ListItem","position":2,"name":"Catalog","item":"https:\/\/modernteh.md\/catalog\/"},{"@type":"ListItem","position":3,"name":"Zdrobitoare de struguri manual\u0103 Demetra DP-50"}]},{"@type":"WebSite","@id":"https:\/\/modernteh.md\/#website","url":"https:\/\/modernteh.md\/","name":"Modernteh","description":"Modernteh","publisher":{"@id":"https:\/\/modernteh.md\/#organization"},"potentialAction":[{"@type":"SearchAction","target":{"@type":"EntryPoint","urlTemplate":"https:\/\/modernteh.md\/?s={search_term_string}"},"query-input":"required name=search_term_string"}],"inLanguage":"ru-RU"},{"@type":"Organization","@id":"https:\/\/modernteh.md\/#organization","name":"Modernteh","url":"https:\/\/modernteh.md\/","logo":{"@type":"ImageObject","inLanguage":"ru-RU","@id":"https:\/\/modernteh.md\/#\/schema\/logo\/image\/","url":"https:\/\/modernteh.md\/wp-content\/uploads\/2022\/06\/Logo_site-2.png","contentUrl":"https:\/\/modernteh.md\/wp-content\/uploads\/2022\/06\/Logo_site-2.png","width":500,"height":487,"caption":"Modernteh"},"image":{"@id":"https:\/\/modernteh.md\/#\/schema\/logo\/image\/"},"sameAs":["https:\/\/www.facebook.com\/profile.php?id=100082695620019"]}]}},"_links":{"self":[{"href":"https:\/\/modernteh.md\/ru\/wp-json\/wp\/v2\/product\/4855","targetHints":{"allow":["GET"]}}],"collection":[{"href":"https:\/\/modernteh.md\/ru\/wp-json\/wp\/v2\/product"}],"about":[{"href":"https:\/\/modernteh.md\/ru\/wp-json\/wp\/v2\/types\/product"}],"wp:featuredmedia":[{"embeddable":true,"href":"https:\/\/modernteh.md\/ru\/wp-json\/wp\/v2\/media\/4856"}],"wp:attachment":[{"href":"https:\/\/modernteh.md\/ru\/wp-json\/wp\/v2\/media?parent=4855"}],"wp:term":[{"taxonomy":"product_cat","embeddable":true,"href":"https:\/\/modernteh.md\/ru\/wp-json\/wp\/v2\/product_cat?post=4855"},{"taxonomy":"product_tag","embeddable":true,"href":"https:\/\/modernteh.md\/ru\/wp-json\/wp\/v2\/product_tag?post=4855"}],"curies":[{"name":"wp","href":"https:\/\/api.w.org\/{rel}","templated":true}]}}