{"id":4870,"date":"2025-09-30T10:15:59","date_gmt":"2025-09-30T10:15:59","guid":{"rendered":"https:\/\/modernteh.md\/?post_type=product&#038;p=4870"},"modified":"2025-09-30T10:15:59","modified_gmt":"2025-09-30T10:15:59","slug":"motor-diesel-13cp-norwik","status":"publish","type":"product","link":"https:\/\/modernteh.md\/ru\/catalog\/motor-diesel-13cp-norwik\/","title":{"rendered":"Motor diesel 13cp Norwik"},"content":{"rendered":"<p>Motor diesel 13cp Norwik<\/p>\n<table class=\"woocommerce-product-attributes shop_attributes\">\n<tbody>\n<tr class=\"woocommerce-product-attributes-item woocommerce-product-attributes-item--weight\">\n<th class=\"woocommerce-product-attributes-item__label\"><span class=\"wd-attr-name\">\u0412\u0435\u0441 \u2013 45 \u043a\u0433<\/span><\/th>\n<td class=\"woocommerce-product-attributes-item__value\">46 kg<\/td>\n<\/tr>\n<tr class=\"woocommerce-product-attributes-item woocommerce-product-attributes-item--dimensions\">\n<th class=\"woocommerce-product-attributes-item__label\"><span class=\"wd-attr-name\">\u0420\u0430\u0437\u043c\u0435\u0440<\/span><\/th>\n<td class=\"woocommerce-product-attributes-item__value\">50 \u00d7 46 \u00d7 55 cm<\/td>\n<\/tr>\n<tr class=\"woocommerce-product-attributes-item woocommerce-product-attributes-item--attribute_pa_brand\">\n<th class=\"woocommerce-product-attributes-item__label\"><span class=\"wd-attr-name\">Brand<\/span><\/th>\n<td class=\"woocommerce-product-attributes-item__value\">NORWIK<\/td>\n<\/tr>\n<tr class=\"woocommerce-product-attributes-item woocommerce-product-attributes-item--attribute_pa_tip-motor\">\n<th class=\"woocommerce-product-attributes-item__label\"><span class=\"wd-attr-name\">Tip motor<\/span><\/th>\n<td class=\"woocommerce-product-attributes-item__value\">Monocilindru vertical, 4 timpi<\/td>\n<\/tr>\n<tr class=\"woocommerce-product-attributes-item woocommerce-product-attributes-item--attribute_pa_putere-motor-termic\">\n<th class=\"woocommerce-product-attributes-item__label\"><span class=\"wd-attr-name\">Putere motor termic<\/span><\/th>\n<td class=\"woocommerce-product-attributes-item__value\">13 cp<\/td>\n<\/tr>\n<tr class=\"woocommerce-product-attributes-item woocommerce-product-attributes-item--attribute_pa_capacitatea-cilindrica\">\n<th class=\"woocommerce-product-attributes-item__label\"><span class=\"wd-attr-name\">Capacitatea cilindrica<\/span><\/th>\n<td class=\"woocommerce-product-attributes-item__value\">498cc<\/td>\n<\/tr>\n<tr class=\"woocommerce-product-attributes-item woocommerce-product-attributes-item--attribute_pa_rotatii-motor\">\n<th class=\"woocommerce-product-attributes-item__label\"><span class=\"wd-attr-name\">Rotatii motor<\/span><\/th>\n<td class=\"woocommerce-product-attributes-item__value\">3600 rot\/min<\/td>\n<\/tr>\n<tr class=\"woocommerce-product-attributes-item woocommerce-product-attributes-item--attribute_pa_capacitate-rezervor\">\n<th class=\"woocommerce-product-attributes-item__label\"><span class=\"wd-attr-name\">Capacitate rezervor<\/span><\/th>\n<td class=\"woocommerce-product-attributes-item__value\">5.5l<\/td>\n<\/tr>\n<tr class=\"woocommerce-product-attributes-item woocommerce-product-attributes-item--attribute_pa_capacitate-ulei\">\n<th class=\"woocommerce-product-attributes-item__label\"><span class=\"wd-attr-name\">Capacitate ulei<\/span><\/th>\n<td class=\"woocommerce-product-attributes-item__value\">1,65l<\/td>\n<\/tr>\n<tr class=\"woocommerce-product-attributes-item woocommerce-product-attributes-item--attribute_pa_sistem-pornire\">\n<th class=\"woocommerce-product-attributes-item__label\"><span class=\"wd-attr-name\">Sistem pornire<\/span><\/th>\n<td class=\"woocommerce-product-attributes-item__value\">Manual, Starter electric (fara baterie)<\/td>\n<\/tr>\n<\/tbody>\n<\/table>\n<p data-start=\"178\" data-end=\"466\">Motorul diesel Norwik\u00a0 este un motor <strong data-start=\"224\" data-end=\"246\">puternic \u0219i fiabil<\/strong>, proiectat pentru aplica\u021bii agricole \u0219i industriale unde este nevoie de performan\u021b\u0103 constant\u0103 \u0219i durabilitate. Cu o putere de 13<strong data-start=\"373\" data-end=\"383\">CP<\/strong>, acest motor se remarc\u0103 prin consum redus de combustibil \u0219i construc\u021bie robust\u0103.<\/p>\n<h4 data-start=\"967\" data-end=\"981\">Avantaje:<\/h4>\n<ul data-start=\"982\" data-end=\"1294\">\n<li data-start=\"982\" data-end=\"1077\">\n<p data-start=\"984\" data-end=\"1077\">Motor compact \u0219i u\u0219or de instalat pe diverse echipamente agricole, generatoare sau utilaje.<\/p>\n<\/li>\n<li data-start=\"1078\" data-end=\"1153\">\n<p data-start=\"1080\" data-end=\"1153\">Consum redus \u0219i fiabilitate ridicat\u0103, ideal pentru utilizare intensiv\u0103.<\/p>\n<\/li>\n<li data-start=\"1154\" data-end=\"1225\">\n<p data-start=\"1156\" data-end=\"1225\">Pornire u\u0219oar\u0103, disponibil at\u00e2t cu demaror manual, c\u00e2t \u0219i electric.<\/p>\n<\/li>\n<li data-start=\"1226\" data-end=\"1294\">\n<p data-start=\"1228\" data-end=\"1294\">Respect\u0103 normele de emisii (disponibil \u0219i \u00een versiunea Stage V).<\/p>\n<\/li>\n<\/ul>\n<p data-start=\"1296\" data-end=\"1441\">Acest motor diesel Norwik reprezint\u0103 o alegere excelent\u0103 pentru fermieri \u0219i profesioni\u0219ti care caut\u0103\u00a0<strong data-start=\"1397\" data-end=\"1438\">performan\u021b\u0103, economie \u0219i durabilitate<\/strong>.<\/p>","protected":false},"excerpt":{"rendered":"<p>Motor diesel 13cp Norwik Greutate 46 kg Dimensiuni 50 \u00d7 46 \u00d7 55 cm Brand NORWIK Tip motor Monocilindru vertical,<\/p>","protected":false},"featured_media":4871,"template":"","meta":[],"product_cat":[121],"product_tag":[],"class_list":{"0":"post-4870","1":"product","2":"type-product","3":"status-publish","4":"has-post-thumbnail","6":"product_cat-motoare-benzina-diesel","8":"first","9":"instock","10":"shipping-taxable","11":"purchasable","12":"product-type-simple"},"yoast_head":"<!-- This site is optimized with the Yoast SEO plugin v20.12 - https:\/\/yoast.com\/wordpress\/plugins\/seo\/ -->\n<title>Motor diesel 13cp Norwik - Modernteh<\/title>\n<meta name=\"description\" content=\"Motor diesel 13cp Norwik\" \/>\n<meta name=\"robots\" content=\"index, follow, max-snippet:-1, max-image-preview:large, max-video-preview:-1\" \/>\n<link rel=\"canonical\" href=\"https:\/\/modernteh.md\/ru\/catalog\/motor-diesel-13cp-norwik\/\" \/>\n<meta property=\"og:locale\" content=\"ru_RU\" \/>\n<meta property=\"og:type\" content=\"article\" \/>\n<meta property=\"og:title\" content=\"Motor diesel 13cp Norwik - Modernteh\" \/>\n<meta property=\"og:description\" content=\"Motor diesel 13cp Norwik\" \/>\n<meta property=\"og:url\" content=\"https:\/\/modernteh.md\/ru\/catalog\/motor-diesel-13cp-norwik\/\" \/>\n<meta property=\"og:site_name\" content=\"Modernteh\" \/>\n<meta property=\"article:publisher\" content=\"https:\/\/www.facebook.com\/profile.php?id=100082695620019\" \/>\n<meta property=\"og:image\" content=\"https:\/\/modernteh.md\/wp-content\/uploads\/2025\/09\/NK192FB-1-2.webp\" \/>\n\t<meta property=\"og:image:width\" content=\"1080\" \/>\n\t<meta property=\"og:image:height\" content=\"1242\" \/>\n\t<meta property=\"og:image:type\" content=\"image\/webp\" \/>\n<meta name=\"twitter:card\" content=\"summary_large_image\" \/>\n<meta name=\"twitter:label1\" content=\"\u041f\u0440\u0438\u043c\u0435\u0440\u043d\u043e\u0435 \u0432\u0440\u0435\u043c\u044f \u0434\u043b\u044f \u0447\u0442\u0435\u043d\u0438\u044f\" \/>\n\t<meta name=\"twitter:data1\" content=\"1 \u043c\u0438\u043d\u0443\u0442\u0430\" \/>\n<script type=\"application\/ld+json\" class=\"yoast-schema-graph\">{\"@context\":\"https:\/\/schema.org\",\"@graph\":[{\"@type\":\"WebPage\",\"@id\":\"https:\/\/modernteh.md\/catalog\/motor-diesel-13cp-norwik\/\",\"url\":\"https:\/\/modernteh.md\/catalog\/motor-diesel-13cp-norwik\/\",\"name\":\"Motor diesel 13cp Norwik - Modernteh\",\"isPartOf\":{\"@id\":\"https:\/\/modernteh.md\/#website\"},\"datePublished\":\"2025-09-30T10:15:59+00:00\",\"dateModified\":\"2025-09-30T10:15:59+00:00\",\"description\":\"Motor diesel 13cp Norwik\",\"breadcrumb\":{\"@id\":\"https:\/\/modernteh.md\/catalog\/motor-diesel-13cp-norwik\/#breadcrumb\"},\"inLanguage\":\"ru-RU\",\"potentialAction\":[{\"@type\":\"ReadAction\",\"target\":[\"https:\/\/modernteh.md\/catalog\/motor-diesel-13cp-norwik\/\"]}]},{\"@type\":\"BreadcrumbList\",\"@id\":\"https:\/\/modernteh.md\/catalog\/motor-diesel-13cp-norwik\/#breadcrumb\",\"itemListElement\":[{\"@type\":\"ListItem\",\"position\":1,\"name\":\"Prima pagin\u0103\",\"item\":\"https:\/\/modernteh.md\/\"},{\"@type\":\"ListItem\",\"position\":2,\"name\":\"Catalog\",\"item\":\"https:\/\/modernteh.md\/catalog\/\"},{\"@type\":\"ListItem\",\"position\":3,\"name\":\"Motor diesel 13cp Norwik\"}]},{\"@type\":\"WebSite\",\"@id\":\"https:\/\/modernteh.md\/#website\",\"url\":\"https:\/\/modernteh.md\/\",\"name\":\"Modernteh\",\"description\":\"Modernteh\",\"publisher\":{\"@id\":\"https:\/\/modernteh.md\/#organization\"},\"potentialAction\":[{\"@type\":\"SearchAction\",\"target\":{\"@type\":\"EntryPoint\",\"urlTemplate\":\"https:\/\/modernteh.md\/?s={search_term_string}\"},\"query-input\":\"required name=search_term_string\"}],\"inLanguage\":\"ru-RU\"},{\"@type\":\"Organization\",\"@id\":\"https:\/\/modernteh.md\/#organization\",\"name\":\"Modernteh\",\"url\":\"https:\/\/modernteh.md\/\",\"logo\":{\"@type\":\"ImageObject\",\"inLanguage\":\"ru-RU\",\"@id\":\"https:\/\/modernteh.md\/#\/schema\/logo\/image\/\",\"url\":\"https:\/\/modernteh.md\/wp-content\/uploads\/2022\/06\/Logo_site-2.png\",\"contentUrl\":\"https:\/\/modernteh.md\/wp-content\/uploads\/2022\/06\/Logo_site-2.png\",\"width\":500,\"height\":487,\"caption\":\"Modernteh\"},\"image\":{\"@id\":\"https:\/\/modernteh.md\/#\/schema\/logo\/image\/\"},\"sameAs\":[\"https:\/\/www.facebook.com\/profile.php?id=100082695620019\"]}]}<\/script>\n<!-- \/ Yoast SEO plugin. -->","yoast_head_json":{"title":"Motor diesel 13cp Norwik - Modernteh","description":"Motor diesel 13cp Norwik","robots":{"index":"index","follow":"follow","max-snippet":"max-snippet:-1","max-image-preview":"max-image-preview:large","max-video-preview":"max-video-preview:-1"},"canonical":"https:\/\/modernteh.md\/ru\/catalog\/motor-diesel-13cp-norwik\/","og_locale":"ru_RU","og_type":"article","og_title":"Motor diesel 13cp Norwik - Modernteh","og_description":"Motor diesel 13cp Norwik","og_url":"https:\/\/modernteh.md\/ru\/catalog\/motor-diesel-13cp-norwik\/","og_site_name":"Modernteh","article_publisher":"https:\/\/www.facebook.com\/profile.php?id=100082695620019","og_image":[{"width":1080,"height":1242,"url":"https:\/\/modernteh.md\/wp-content\/uploads\/2025\/09\/NK192FB-1-2.webp","type":"image\/webp"}],"twitter_card":"summary_large_image","twitter_misc":{"\u041f\u0440\u0438\u043c\u0435\u0440\u043d\u043e\u0435 \u0432\u0440\u0435\u043c\u044f \u0434\u043b\u044f \u0447\u0442\u0435\u043d\u0438\u044f":"1 \u043c\u0438\u043d\u0443\u0442\u0430"},"schema":{"@context":"https:\/\/schema.org","@graph":[{"@type":"WebPage","@id":"https:\/\/modernteh.md\/catalog\/motor-diesel-13cp-norwik\/","url":"https:\/\/modernteh.md\/catalog\/motor-diesel-13cp-norwik\/","name":"Motor diesel 13cp Norwik - Modernteh","isPartOf":{"@id":"https:\/\/modernteh.md\/#website"},"datePublished":"2025-09-30T10:15:59+00:00","dateModified":"2025-09-30T10:15:59+00:00","description":"Motor diesel 13cp Norwik","breadcrumb":{"@id":"https:\/\/modernteh.md\/catalog\/motor-diesel-13cp-norwik\/#breadcrumb"},"inLanguage":"ru-RU","potentialAction":[{"@type":"ReadAction","target":["https:\/\/modernteh.md\/catalog\/motor-diesel-13cp-norwik\/"]}]},{"@type":"BreadcrumbList","@id":"https:\/\/modernteh.md\/catalog\/motor-diesel-13cp-norwik\/#breadcrumb","itemListElement":[{"@type":"ListItem","position":1,"name":"Prima pagin\u0103","item":"https:\/\/modernteh.md\/"},{"@type":"ListItem","position":2,"name":"Catalog","item":"https:\/\/modernteh.md\/catalog\/"},{"@type":"ListItem","position":3,"name":"Motor diesel 13cp Norwik"}]},{"@type":"WebSite","@id":"https:\/\/modernteh.md\/#website","url":"https:\/\/modernteh.md\/","name":"Modernteh","description":"Modernteh","publisher":{"@id":"https:\/\/modernteh.md\/#organization"},"potentialAction":[{"@type":"SearchAction","target":{"@type":"EntryPoint","urlTemplate":"https:\/\/modernteh.md\/?s={search_term_string}"},"query-input":"required name=search_term_string"}],"inLanguage":"ru-RU"},{"@type":"Organization","@id":"https:\/\/modernteh.md\/#organization","name":"Modernteh","url":"https:\/\/modernteh.md\/","logo":{"@type":"ImageObject","inLanguage":"ru-RU","@id":"https:\/\/modernteh.md\/#\/schema\/logo\/image\/","url":"https:\/\/modernteh.md\/wp-content\/uploads\/2022\/06\/Logo_site-2.png","contentUrl":"https:\/\/modernteh.md\/wp-content\/uploads\/2022\/06\/Logo_site-2.png","width":500,"height":487,"caption":"Modernteh"},"image":{"@id":"https:\/\/modernteh.md\/#\/schema\/logo\/image\/"},"sameAs":["https:\/\/www.facebook.com\/profile.php?id=100082695620019"]}]}},"_links":{"self":[{"href":"https:\/\/modernteh.md\/ru\/wp-json\/wp\/v2\/product\/4870","targetHints":{"allow":["GET"]}}],"collection":[{"href":"https:\/\/modernteh.md\/ru\/wp-json\/wp\/v2\/product"}],"about":[{"href":"https:\/\/modernteh.md\/ru\/wp-json\/wp\/v2\/types\/product"}],"wp:featuredmedia":[{"embeddable":true,"href":"https:\/\/modernteh.md\/ru\/wp-json\/wp\/v2\/media\/4871"}],"wp:attachment":[{"href":"https:\/\/modernteh.md\/ru\/wp-json\/wp\/v2\/media?parent=4870"}],"wp:term":[{"taxonomy":"product_cat","embeddable":true,"href":"https:\/\/modernteh.md\/ru\/wp-json\/wp\/v2\/product_cat?post=4870"},{"taxonomy":"product_tag","embeddable":true,"href":"https:\/\/modernteh.md\/ru\/wp-json\/wp\/v2\/product_tag?post=4870"}],"curies":[{"name":"wp","href":"https:\/\/api.w.org\/{rel}","templated":true}]}}