{"id":4881,"date":"2025-10-02T08:48:56","date_gmt":"2025-10-02T08:48:56","guid":{"rendered":"https:\/\/modernteh.md\/?post_type=product&#038;p=4881"},"modified":"2025-10-02T08:48:57","modified_gmt":"2025-10-02T08:48:57","slug":"strecuratoare-pentru-lapte-capacitatea-6-litri","status":"publish","type":"product","link":"https:\/\/modernteh.md\/ru\/catalog\/strecuratoare-pentru-lapte-capacitatea-6-litri\/","title":{"rendered":"Strecuratoare pentru lapte, capacitatea 6 litri"},"content":{"rendered":"<h1 class=\"product_title entry-title wd-entities-title\">Strecuratoare pentru lapte, capacitatea 6 litri<\/h1>\n<p>Strecuratoare pentru lapte este esen\u021bial\u0103 \u00een procesul de prelucrare a laptelui<a href=\"https:\/\/www.facebook.com\/agrozootehnie.md\">.<\/a>\u00a0Este utilizat pentru a \u00eendep\u0103rta impurit\u0103\u021bile \u0219i a asigura puritatea acestuia \u00eenainte de consum sau prelucrare ulterioar\u0103. Acest dispozitiv este folosit at\u00e2t \u00een gospod\u0103rii, c\u00e2t \u0219i \u00een fermele de lapte sau micile afaceri din industria lactatelor<a href=\"https:\/\/agrozootehnie.md\/produs\/masina-pentru-decojirea-nucilorcoaja-verde-170kg\/?preview_id=20588&amp;preview_nonce=834e84b8a9&amp;_thumbnail_id=20590&amp;preview=true\">.<\/a><\/p>\n<p>&nbsp;<\/p>\n<ul>\n<li>\u00cenainte de utilizare, strecur\u0103toarea trebuie sp\u0103lat\u0103 \u0219i sterilizat\u0103 pentru a elimina orice bacterii sau reziduuri care ar putea contamina laptele.<\/li>\n<li>A\u0219eza\u021bi strecur\u0103toarea deasupra unui vas colector curat, preg\u0103tit pentru a colecta laptele filtrat.<\/li>\n<li>Turna\u021bi laptele proasp\u0103t muls prin strecur\u0103toare, asigur\u00e2ndu-v\u0103 c\u0103 tot laptele trece prin filtru.<\/li>\n<li>L\u0103sa\u021bi laptele s\u0103 se scurg\u0103 complet, astfel \u00eenc\u00e2t toate impurit\u0103\u021bile s\u0103 fie re\u021binute \u00een filtru.<\/li>\n<\/ul>\n<ul>\n<li>Dup\u0103 utilizare, strecur\u0103toarea trebuie cur\u0103\u021bat\u0103 imediat pentru a preveni acumularea de bacterii \u0219i pentru a asigura o igien\u0103 corespunz\u0103toare.<\/li>\n<li>Filtrul trebuie sp\u0103lat sau \u00eenlocuit, \u00een func\u021bie de materialul din care este fabricat.<\/li>\n<\/ul>\n<p>Strecuratoare pentru lapte<\/p>","protected":false},"excerpt":{"rendered":"<p>Strecuratoare pentru lapte, capacitatea 6 litri Strecuratoare pentru lapte este esen\u021bial\u0103 \u00een procesul de prelucrare a laptelui.\u00a0Este utilizat pentru a<\/p>","protected":false},"featured_media":4882,"template":"","meta":[],"product_cat":[178],"product_tag":[],"class_list":{"0":"post-4881","1":"product","2":"type-product","3":"status-publish","4":"has-post-thumbnail","6":"product_cat-utilaje-prelucrare-lapte","8":"first","9":"instock","10":"shipping-taxable","11":"purchasable","12":"product-type-simple"},"yoast_head":"<!-- This site is optimized with the Yoast SEO plugin v20.12 - https:\/\/yoast.com\/wordpress\/plugins\/seo\/ -->\n<title>Strecuratoare pentru lapte, capacitatea 6 litri - Modernteh<\/title>\n<meta name=\"description\" content=\"Strecuratoare pentru lapte, capacitatea 6 litri\" \/>\n<meta name=\"robots\" content=\"index, follow, max-snippet:-1, max-image-preview:large, max-video-preview:-1\" \/>\n<link rel=\"canonical\" href=\"https:\/\/modernteh.md\/ru\/catalog\/strecuratoare-pentru-lapte-capacitatea-6-litri\/\" \/>\n<meta property=\"og:locale\" content=\"ru_RU\" \/>\n<meta property=\"og:type\" content=\"article\" \/>\n<meta property=\"og:title\" content=\"Strecuratoare pentru lapte, capacitatea 6 litri - Modernteh\" \/>\n<meta property=\"og:description\" content=\"Strecuratoare pentru lapte, capacitatea 6 litri\" \/>\n<meta property=\"og:url\" content=\"https:\/\/modernteh.md\/ru\/catalog\/strecuratoare-pentru-lapte-capacitatea-6-litri\/\" \/>\n<meta property=\"og:site_name\" content=\"Modernteh\" \/>\n<meta property=\"article:publisher\" content=\"https:\/\/www.facebook.com\/profile.php?id=100082695620019\" \/>\n<meta property=\"article:modified_time\" content=\"2025-10-02T08:48:57+00:00\" \/>\n<meta property=\"og:image\" content=\"https:\/\/modernteh.md\/wp-content\/uploads\/2025\/10\/strecuratoare-6L.webp\" \/>\n\t<meta property=\"og:image:width\" content=\"600\" \/>\n\t<meta property=\"og:image:height\" content=\"600\" \/>\n\t<meta property=\"og:image:type\" content=\"image\/webp\" \/>\n<meta name=\"twitter:card\" content=\"summary_large_image\" \/>\n<meta name=\"twitter:label1\" content=\"\u041f\u0440\u0438\u043c\u0435\u0440\u043d\u043e\u0435 \u0432\u0440\u0435\u043c\u044f \u0434\u043b\u044f \u0447\u0442\u0435\u043d\u0438\u044f\" \/>\n\t<meta name=\"twitter:data1\" content=\"1 \u043c\u0438\u043d\u0443\u0442\u0430\" \/>\n<script type=\"application\/ld+json\" class=\"yoast-schema-graph\">{\"@context\":\"https:\/\/schema.org\",\"@graph\":[{\"@type\":\"WebPage\",\"@id\":\"https:\/\/modernteh.md\/catalog\/strecuratoare-pentru-lapte-capacitatea-6-litri\/\",\"url\":\"https:\/\/modernteh.md\/catalog\/strecuratoare-pentru-lapte-capacitatea-6-litri\/\",\"name\":\"Strecuratoare pentru lapte, capacitatea 6 litri - Modernteh\",\"isPartOf\":{\"@id\":\"https:\/\/modernteh.md\/#website\"},\"datePublished\":\"2025-10-02T08:48:56+00:00\",\"dateModified\":\"2025-10-02T08:48:57+00:00\",\"description\":\"Strecuratoare pentru lapte, capacitatea 6 litri\",\"breadcrumb\":{\"@id\":\"https:\/\/modernteh.md\/catalog\/strecuratoare-pentru-lapte-capacitatea-6-litri\/#breadcrumb\"},\"inLanguage\":\"ru-RU\",\"potentialAction\":[{\"@type\":\"ReadAction\",\"target\":[\"https:\/\/modernteh.md\/catalog\/strecuratoare-pentru-lapte-capacitatea-6-litri\/\"]}]},{\"@type\":\"BreadcrumbList\",\"@id\":\"https:\/\/modernteh.md\/catalog\/strecuratoare-pentru-lapte-capacitatea-6-litri\/#breadcrumb\",\"itemListElement\":[{\"@type\":\"ListItem\",\"position\":1,\"name\":\"Prima pagin\u0103\",\"item\":\"https:\/\/modernteh.md\/\"},{\"@type\":\"ListItem\",\"position\":2,\"name\":\"Catalog\",\"item\":\"https:\/\/modernteh.md\/catalog\/\"},{\"@type\":\"ListItem\",\"position\":3,\"name\":\"Strecuratoare pentru lapte, capacitatea 6 litri\"}]},{\"@type\":\"WebSite\",\"@id\":\"https:\/\/modernteh.md\/#website\",\"url\":\"https:\/\/modernteh.md\/\",\"name\":\"Modernteh\",\"description\":\"Modernteh\",\"publisher\":{\"@id\":\"https:\/\/modernteh.md\/#organization\"},\"potentialAction\":[{\"@type\":\"SearchAction\",\"target\":{\"@type\":\"EntryPoint\",\"urlTemplate\":\"https:\/\/modernteh.md\/?s={search_term_string}\"},\"query-input\":\"required name=search_term_string\"}],\"inLanguage\":\"ru-RU\"},{\"@type\":\"Organization\",\"@id\":\"https:\/\/modernteh.md\/#organization\",\"name\":\"Modernteh\",\"url\":\"https:\/\/modernteh.md\/\",\"logo\":{\"@type\":\"ImageObject\",\"inLanguage\":\"ru-RU\",\"@id\":\"https:\/\/modernteh.md\/#\/schema\/logo\/image\/\",\"url\":\"https:\/\/modernteh.md\/wp-content\/uploads\/2022\/06\/Logo_site-2.png\",\"contentUrl\":\"https:\/\/modernteh.md\/wp-content\/uploads\/2022\/06\/Logo_site-2.png\",\"width\":500,\"height\":487,\"caption\":\"Modernteh\"},\"image\":{\"@id\":\"https:\/\/modernteh.md\/#\/schema\/logo\/image\/\"},\"sameAs\":[\"https:\/\/www.facebook.com\/profile.php?id=100082695620019\"]}]}<\/script>\n<!-- \/ Yoast SEO plugin. -->","yoast_head_json":{"title":"Strecuratoare pentru lapte, capacitatea 6 litri - Modernteh","description":"Strecuratoare pentru lapte, capacitatea 6 litri","robots":{"index":"index","follow":"follow","max-snippet":"max-snippet:-1","max-image-preview":"max-image-preview:large","max-video-preview":"max-video-preview:-1"},"canonical":"https:\/\/modernteh.md\/ru\/catalog\/strecuratoare-pentru-lapte-capacitatea-6-litri\/","og_locale":"ru_RU","og_type":"article","og_title":"Strecuratoare pentru lapte, capacitatea 6 litri - Modernteh","og_description":"Strecuratoare pentru lapte, capacitatea 6 litri","og_url":"https:\/\/modernteh.md\/ru\/catalog\/strecuratoare-pentru-lapte-capacitatea-6-litri\/","og_site_name":"Modernteh","article_publisher":"https:\/\/www.facebook.com\/profile.php?id=100082695620019","article_modified_time":"2025-10-02T08:48:57+00:00","og_image":[{"width":600,"height":600,"url":"https:\/\/modernteh.md\/wp-content\/uploads\/2025\/10\/strecuratoare-6L.webp","type":"image\/webp"}],"twitter_card":"summary_large_image","twitter_misc":{"\u041f\u0440\u0438\u043c\u0435\u0440\u043d\u043e\u0435 \u0432\u0440\u0435\u043c\u044f \u0434\u043b\u044f \u0447\u0442\u0435\u043d\u0438\u044f":"1 \u043c\u0438\u043d\u0443\u0442\u0430"},"schema":{"@context":"https:\/\/schema.org","@graph":[{"@type":"WebPage","@id":"https:\/\/modernteh.md\/catalog\/strecuratoare-pentru-lapte-capacitatea-6-litri\/","url":"https:\/\/modernteh.md\/catalog\/strecuratoare-pentru-lapte-capacitatea-6-litri\/","name":"Strecuratoare pentru lapte, capacitatea 6 litri - Modernteh","isPartOf":{"@id":"https:\/\/modernteh.md\/#website"},"datePublished":"2025-10-02T08:48:56+00:00","dateModified":"2025-10-02T08:48:57+00:00","description":"Strecuratoare pentru lapte, capacitatea 6 litri","breadcrumb":{"@id":"https:\/\/modernteh.md\/catalog\/strecuratoare-pentru-lapte-capacitatea-6-litri\/#breadcrumb"},"inLanguage":"ru-RU","potentialAction":[{"@type":"ReadAction","target":["https:\/\/modernteh.md\/catalog\/strecuratoare-pentru-lapte-capacitatea-6-litri\/"]}]},{"@type":"BreadcrumbList","@id":"https:\/\/modernteh.md\/catalog\/strecuratoare-pentru-lapte-capacitatea-6-litri\/#breadcrumb","itemListElement":[{"@type":"ListItem","position":1,"name":"Prima pagin\u0103","item":"https:\/\/modernteh.md\/"},{"@type":"ListItem","position":2,"name":"Catalog","item":"https:\/\/modernteh.md\/catalog\/"},{"@type":"ListItem","position":3,"name":"Strecuratoare pentru lapte, capacitatea 6 litri"}]},{"@type":"WebSite","@id":"https:\/\/modernteh.md\/#website","url":"https:\/\/modernteh.md\/","name":"Modernteh","description":"Modernteh","publisher":{"@id":"https:\/\/modernteh.md\/#organization"},"potentialAction":[{"@type":"SearchAction","target":{"@type":"EntryPoint","urlTemplate":"https:\/\/modernteh.md\/?s={search_term_string}"},"query-input":"required name=search_term_string"}],"inLanguage":"ru-RU"},{"@type":"Organization","@id":"https:\/\/modernteh.md\/#organization","name":"Modernteh","url":"https:\/\/modernteh.md\/","logo":{"@type":"ImageObject","inLanguage":"ru-RU","@id":"https:\/\/modernteh.md\/#\/schema\/logo\/image\/","url":"https:\/\/modernteh.md\/wp-content\/uploads\/2022\/06\/Logo_site-2.png","contentUrl":"https:\/\/modernteh.md\/wp-content\/uploads\/2022\/06\/Logo_site-2.png","width":500,"height":487,"caption":"Modernteh"},"image":{"@id":"https:\/\/modernteh.md\/#\/schema\/logo\/image\/"},"sameAs":["https:\/\/www.facebook.com\/profile.php?id=100082695620019"]}]}},"_links":{"self":[{"href":"https:\/\/modernteh.md\/ru\/wp-json\/wp\/v2\/product\/4881","targetHints":{"allow":["GET"]}}],"collection":[{"href":"https:\/\/modernteh.md\/ru\/wp-json\/wp\/v2\/product"}],"about":[{"href":"https:\/\/modernteh.md\/ru\/wp-json\/wp\/v2\/types\/product"}],"wp:featuredmedia":[{"embeddable":true,"href":"https:\/\/modernteh.md\/ru\/wp-json\/wp\/v2\/media\/4882"}],"wp:attachment":[{"href":"https:\/\/modernteh.md\/ru\/wp-json\/wp\/v2\/media?parent=4881"}],"wp:term":[{"taxonomy":"product_cat","embeddable":true,"href":"https:\/\/modernteh.md\/ru\/wp-json\/wp\/v2\/product_cat?post=4881"},{"taxonomy":"product_tag","embeddable":true,"href":"https:\/\/modernteh.md\/ru\/wp-json\/wp\/v2\/product_tag?post=4881"}],"curies":[{"name":"wp","href":"https:\/\/api.w.org\/{rel}","templated":true}]}}