{"id":4896,"date":"2025-10-03T10:23:55","date_gmt":"2025-10-03T10:23:55","guid":{"rendered":"https:\/\/modernteh.md\/?post_type=product&#038;p=4896"},"modified":"2025-10-03T10:23:55","modified_gmt":"2025-10-03T10:23:55","slug":"moara-pentru-cereale-si-razatoare-dmz-39","status":"publish","type":"product","link":"https:\/\/modernteh.md\/ru\/catalog\/moara-pentru-cereale-si-razatoare-dmz-39\/","title":{"rendered":"Moar\u0103 pentru cereale \u0219i r\u0103z\u0103toare DMZ-39"},"content":{"rendered":"<p>Moar\u0103 pentru cereale \u0219i r\u0103z\u0103toare DMZ-39<\/p>\n<p><strong>Moara Demetra DMZ-39<\/strong>\u00a0este un echipament\u00a0<strong>robust \u0219i eficient<\/strong>, ideal pentru\u00a0<strong>m\u0103cinarea cerealelor<\/strong>\u00a0\u0219i\u00a0<strong>felierea fructelor<\/strong>\u00a0sau\u00a0<strong>furajelor<\/strong>. Acest model este fabricat de\u00a0<strong>Demetra<\/strong>\u00a0\u0219i se distinge prin performan\u021bele sale tehnice remarcabile, fiind perfect pentru utilizare \u00een\u00a0<strong>gospod\u0103rii<\/strong>\u00a0sau\u00a0<strong>ferme<\/strong>.<\/p>\n<p><strong>Caracteristici cheie:<\/strong><\/p>\n<ol>\n<li><strong>\u2713 Putere:<\/strong>\u00a03.9 kW<\/li>\n<li><strong>\u2713 Productivitate:<\/strong>\u00a0240 kg\/or\u0103<\/li>\n<li><strong>\u2713 Vitez\u0103 motor:<\/strong>\u00a02850 rpm<\/li>\n<li><strong>\u2713 Clasa de protec\u021bie:<\/strong>\u00a0B<\/li>\n<li><strong>\u2713 Bobinaj:<\/strong>\u00a0Cupru<\/li>\n<li><strong>\u2713 Buton Start\/Stop integrat<\/strong>\u00a0pentru control facil<\/li>\n<li><strong>\u2713 Num\u0103r ciocanele:<\/strong>\u00a020<\/li>\n<li><strong>\u2713 Num\u0103r cutite:<\/strong>\u00a02<\/li>\n<\/ol>\n<p>Modelul DMZ-39 este echipat cu\u00a0<strong>4 situri de m\u0103cinare<\/strong>\u00a0(2 mm, 3 mm, 4 mm, 5 mm), oferind flexibilitate \u00een ob\u021binerea unui produs fin sau grosier. De asemenea, este inclus \u0219i un\u00a0<strong>cu\u021bit pentru fructe<\/strong>\u00a0\u0219i un\u00a0<strong>cu\u021bit pentru furaje<\/strong>, ceea ce face acest echipament ideal pentru prelucrarea diverselor tipuri de materii prime.<\/p>\n<p><strong>\u0422\u0435\u0445\u043d\u0438\u0447\u0435\u0441\u043a\u0438\u0435 \u0445\u0430\u0440\u0430\u043a\u0442\u0435\u0440\u0438\u0441\u0442\u0438\u043a\u0438:<\/strong><\/p>\n<ol>\n<li><strong>\u2713<\/strong>\u00a0<strong>Re\u021bea de alimentare:<\/strong>\u00a0220 V ~ 50 Hz<\/li>\n<li><strong>\u2713<\/strong>\u00a0<strong>Putere motor:<\/strong>\u00a03.9 kW<\/li>\n<li><strong>\u2713<\/strong>\u00a0<strong>Productivitate:<\/strong>\u00a0240 kg\/or\u0103<\/li>\n<li><strong>\u2713<\/strong>\u00a0<strong>Vitez\u0103 motor:<\/strong>\u00a02850 rpm<\/li>\n<li><strong>\u2713<\/strong>\u00a0<strong>Clasa de protec\u021bie:<\/strong>\u00a0B<\/li>\n<li><strong>\u2713<\/strong>\u00a0<strong>Bobinaj:<\/strong>\u00a0Cupru<\/li>\n<li><strong>\u2713<\/strong>\u00a0<strong>Buton Start\/Stop:<\/strong>\u00a0Da<\/li>\n<li><strong>\u2713<\/strong>\u00a0<strong>Num\u0103r ciocanele:<\/strong>\u00a020<\/li>\n<li><strong>\u2713<\/strong>\u00a0<strong>Num\u0103r cutite:<\/strong>\u00a02<\/li>\n<li><strong>\u2713<\/strong>\u00a0<strong>Complectatie:<\/strong>\u00a04 x site (2 mm, 3 mm, 4 mm, 5 mm),\u00a0<strong>cu\u021bit pentru fructe<\/strong>,\u00a0<strong>cu\u021bit pentru furaje<\/strong><\/li>\n<\/ol>","protected":false},"excerpt":{"rendered":"<p>Moar\u0103 pentru cereale \u0219i r\u0103z\u0103toare DMZ-39 Moara Demetra DMZ-39\u00a0este un echipament\u00a0robust \u0219i eficient, ideal pentru\u00a0m\u0103cinarea cerealelor\u00a0\u0219i\u00a0felierea fructelor\u00a0sau\u00a0furajelor. Acest model este<\/p>","protected":false},"featured_media":4897,"template":"","meta":[],"product_cat":[138],"product_tag":[],"class_list":{"0":"post-4896","1":"product","2":"type-product","3":"status-publish","4":"has-post-thumbnail","6":"product_cat-amestecator-si-moara-cereale","8":"first","9":"instock","10":"shipping-taxable","11":"purchasable","12":"product-type-simple"},"yoast_head":"<!-- This site is optimized with the Yoast SEO plugin v20.12 - https:\/\/yoast.com\/wordpress\/plugins\/seo\/ -->\n<title>Moar\u0103 pentru cereale \u0219i r\u0103z\u0103toare DMZ-39 - Modernteh<\/title>\n<meta name=\"description\" content=\"Moar\u0103 pentru cereale \u0219i r\u0103z\u0103toare DMZ-39\" \/>\n<meta name=\"robots\" content=\"index, follow, max-snippet:-1, max-image-preview:large, max-video-preview:-1\" \/>\n<link rel=\"canonical\" href=\"https:\/\/modernteh.md\/ru\/catalog\/moara-pentru-cereale-si-razatoare-dmz-39\/\" \/>\n<meta property=\"og:locale\" content=\"ru_RU\" \/>\n<meta property=\"og:type\" content=\"article\" \/>\n<meta property=\"og:title\" content=\"Moar\u0103 pentru cereale \u0219i r\u0103z\u0103toare DMZ-39 - Modernteh\" \/>\n<meta property=\"og:description\" content=\"Moar\u0103 pentru cereale \u0219i r\u0103z\u0103toare DMZ-39\" \/>\n<meta property=\"og:url\" content=\"https:\/\/modernteh.md\/ru\/catalog\/moara-pentru-cereale-si-razatoare-dmz-39\/\" \/>\n<meta property=\"og:site_name\" content=\"Modernteh\" \/>\n<meta property=\"article:publisher\" content=\"https:\/\/www.facebook.com\/profile.php?id=100082695620019\" \/>\n<meta property=\"og:image\" content=\"https:\/\/modernteh.md\/wp-content\/uploads\/2025\/10\/xMoaraP20cerealeP20DemetraP20DMZ-39.png.pagespeed.ic_.9IpL1k7G52.png\" \/>\n\t<meta property=\"og:image:width\" content=\"800\" \/>\n\t<meta property=\"og:image:height\" content=\"800\" \/>\n\t<meta property=\"og:image:type\" content=\"image\/png\" \/>\n<meta name=\"twitter:card\" content=\"summary_large_image\" \/>\n<meta name=\"twitter:label1\" content=\"\u041f\u0440\u0438\u043c\u0435\u0440\u043d\u043e\u0435 \u0432\u0440\u0435\u043c\u044f \u0434\u043b\u044f \u0447\u0442\u0435\u043d\u0438\u044f\" \/>\n\t<meta name=\"twitter:data1\" content=\"2 \u043c\u0438\u043d\u0443\u0442\u044b\" \/>\n<script type=\"application\/ld+json\" class=\"yoast-schema-graph\">{\"@context\":\"https:\/\/schema.org\",\"@graph\":[{\"@type\":\"WebPage\",\"@id\":\"https:\/\/modernteh.md\/catalog\/moara-pentru-cereale-si-razatoare-dmz-39\/\",\"url\":\"https:\/\/modernteh.md\/catalog\/moara-pentru-cereale-si-razatoare-dmz-39\/\",\"name\":\"Moar\u0103 pentru cereale \u0219i r\u0103z\u0103toare DMZ-39 - Modernteh\",\"isPartOf\":{\"@id\":\"https:\/\/modernteh.md\/#website\"},\"datePublished\":\"2025-10-03T10:23:55+00:00\",\"dateModified\":\"2025-10-03T10:23:55+00:00\",\"description\":\"Moar\u0103 pentru cereale \u0219i r\u0103z\u0103toare DMZ-39\",\"breadcrumb\":{\"@id\":\"https:\/\/modernteh.md\/catalog\/moara-pentru-cereale-si-razatoare-dmz-39\/#breadcrumb\"},\"inLanguage\":\"ru-RU\",\"potentialAction\":[{\"@type\":\"ReadAction\",\"target\":[\"https:\/\/modernteh.md\/catalog\/moara-pentru-cereale-si-razatoare-dmz-39\/\"]}]},{\"@type\":\"BreadcrumbList\",\"@id\":\"https:\/\/modernteh.md\/catalog\/moara-pentru-cereale-si-razatoare-dmz-39\/#breadcrumb\",\"itemListElement\":[{\"@type\":\"ListItem\",\"position\":1,\"name\":\"Prima pagin\u0103\",\"item\":\"https:\/\/modernteh.md\/\"},{\"@type\":\"ListItem\",\"position\":2,\"name\":\"Catalog\",\"item\":\"https:\/\/modernteh.md\/catalog\/\"},{\"@type\":\"ListItem\",\"position\":3,\"name\":\"Moar\u0103 pentru cereale \u0219i r\u0103z\u0103toare DMZ-39\"}]},{\"@type\":\"WebSite\",\"@id\":\"https:\/\/modernteh.md\/#website\",\"url\":\"https:\/\/modernteh.md\/\",\"name\":\"Modernteh\",\"description\":\"Modernteh\",\"publisher\":{\"@id\":\"https:\/\/modernteh.md\/#organization\"},\"potentialAction\":[{\"@type\":\"SearchAction\",\"target\":{\"@type\":\"EntryPoint\",\"urlTemplate\":\"https:\/\/modernteh.md\/?s={search_term_string}\"},\"query-input\":\"required name=search_term_string\"}],\"inLanguage\":\"ru-RU\"},{\"@type\":\"Organization\",\"@id\":\"https:\/\/modernteh.md\/#organization\",\"name\":\"Modernteh\",\"url\":\"https:\/\/modernteh.md\/\",\"logo\":{\"@type\":\"ImageObject\",\"inLanguage\":\"ru-RU\",\"@id\":\"https:\/\/modernteh.md\/#\/schema\/logo\/image\/\",\"url\":\"https:\/\/modernteh.md\/wp-content\/uploads\/2022\/06\/Logo_site-2.png\",\"contentUrl\":\"https:\/\/modernteh.md\/wp-content\/uploads\/2022\/06\/Logo_site-2.png\",\"width\":500,\"height\":487,\"caption\":\"Modernteh\"},\"image\":{\"@id\":\"https:\/\/modernteh.md\/#\/schema\/logo\/image\/\"},\"sameAs\":[\"https:\/\/www.facebook.com\/profile.php?id=100082695620019\"]}]}<\/script>\n<!-- \/ Yoast SEO plugin. -->","yoast_head_json":{"title":"Moar\u0103 pentru cereale \u0219i r\u0103z\u0103toare DMZ-39 - Modernteh","description":"Moar\u0103 pentru cereale \u0219i r\u0103z\u0103toare DMZ-39","robots":{"index":"index","follow":"follow","max-snippet":"max-snippet:-1","max-image-preview":"max-image-preview:large","max-video-preview":"max-video-preview:-1"},"canonical":"https:\/\/modernteh.md\/ru\/catalog\/moara-pentru-cereale-si-razatoare-dmz-39\/","og_locale":"ru_RU","og_type":"article","og_title":"Moar\u0103 pentru cereale \u0219i r\u0103z\u0103toare DMZ-39 - Modernteh","og_description":"Moar\u0103 pentru cereale \u0219i r\u0103z\u0103toare DMZ-39","og_url":"https:\/\/modernteh.md\/ru\/catalog\/moara-pentru-cereale-si-razatoare-dmz-39\/","og_site_name":"Modernteh","article_publisher":"https:\/\/www.facebook.com\/profile.php?id=100082695620019","og_image":[{"width":800,"height":800,"url":"https:\/\/modernteh.md\/wp-content\/uploads\/2025\/10\/xMoaraP20cerealeP20DemetraP20DMZ-39.png.pagespeed.ic_.9IpL1k7G52.png","type":"image\/png"}],"twitter_card":"summary_large_image","twitter_misc":{"\u041f\u0440\u0438\u043c\u0435\u0440\u043d\u043e\u0435 \u0432\u0440\u0435\u043c\u044f \u0434\u043b\u044f \u0447\u0442\u0435\u043d\u0438\u044f":"2 \u043c\u0438\u043d\u0443\u0442\u044b"},"schema":{"@context":"https:\/\/schema.org","@graph":[{"@type":"WebPage","@id":"https:\/\/modernteh.md\/catalog\/moara-pentru-cereale-si-razatoare-dmz-39\/","url":"https:\/\/modernteh.md\/catalog\/moara-pentru-cereale-si-razatoare-dmz-39\/","name":"Moar\u0103 pentru cereale \u0219i r\u0103z\u0103toare DMZ-39 - Modernteh","isPartOf":{"@id":"https:\/\/modernteh.md\/#website"},"datePublished":"2025-10-03T10:23:55+00:00","dateModified":"2025-10-03T10:23:55+00:00","description":"Moar\u0103 pentru cereale \u0219i r\u0103z\u0103toare DMZ-39","breadcrumb":{"@id":"https:\/\/modernteh.md\/catalog\/moara-pentru-cereale-si-razatoare-dmz-39\/#breadcrumb"},"inLanguage":"ru-RU","potentialAction":[{"@type":"ReadAction","target":["https:\/\/modernteh.md\/catalog\/moara-pentru-cereale-si-razatoare-dmz-39\/"]}]},{"@type":"BreadcrumbList","@id":"https:\/\/modernteh.md\/catalog\/moara-pentru-cereale-si-razatoare-dmz-39\/#breadcrumb","itemListElement":[{"@type":"ListItem","position":1,"name":"Prima pagin\u0103","item":"https:\/\/modernteh.md\/"},{"@type":"ListItem","position":2,"name":"Catalog","item":"https:\/\/modernteh.md\/catalog\/"},{"@type":"ListItem","position":3,"name":"Moar\u0103 pentru cereale \u0219i r\u0103z\u0103toare DMZ-39"}]},{"@type":"WebSite","@id":"https:\/\/modernteh.md\/#website","url":"https:\/\/modernteh.md\/","name":"Modernteh","description":"Modernteh","publisher":{"@id":"https:\/\/modernteh.md\/#organization"},"potentialAction":[{"@type":"SearchAction","target":{"@type":"EntryPoint","urlTemplate":"https:\/\/modernteh.md\/?s={search_term_string}"},"query-input":"required name=search_term_string"}],"inLanguage":"ru-RU"},{"@type":"Organization","@id":"https:\/\/modernteh.md\/#organization","name":"Modernteh","url":"https:\/\/modernteh.md\/","logo":{"@type":"ImageObject","inLanguage":"ru-RU","@id":"https:\/\/modernteh.md\/#\/schema\/logo\/image\/","url":"https:\/\/modernteh.md\/wp-content\/uploads\/2022\/06\/Logo_site-2.png","contentUrl":"https:\/\/modernteh.md\/wp-content\/uploads\/2022\/06\/Logo_site-2.png","width":500,"height":487,"caption":"Modernteh"},"image":{"@id":"https:\/\/modernteh.md\/#\/schema\/logo\/image\/"},"sameAs":["https:\/\/www.facebook.com\/profile.php?id=100082695620019"]}]}},"_links":{"self":[{"href":"https:\/\/modernteh.md\/ru\/wp-json\/wp\/v2\/product\/4896","targetHints":{"allow":["GET"]}}],"collection":[{"href":"https:\/\/modernteh.md\/ru\/wp-json\/wp\/v2\/product"}],"about":[{"href":"https:\/\/modernteh.md\/ru\/wp-json\/wp\/v2\/types\/product"}],"wp:featuredmedia":[{"embeddable":true,"href":"https:\/\/modernteh.md\/ru\/wp-json\/wp\/v2\/media\/4897"}],"wp:attachment":[{"href":"https:\/\/modernteh.md\/ru\/wp-json\/wp\/v2\/media?parent=4896"}],"wp:term":[{"taxonomy":"product_cat","embeddable":true,"href":"https:\/\/modernteh.md\/ru\/wp-json\/wp\/v2\/product_cat?post=4896"},{"taxonomy":"product_tag","embeddable":true,"href":"https:\/\/modernteh.md\/ru\/wp-json\/wp\/v2\/product_tag?post=4896"}],"curies":[{"name":"wp","href":"https:\/\/api.w.org\/{rel}","templated":true}]}}