{"id":4901,"date":"2025-10-03T10:50:07","date_gmt":"2025-10-03T10:50:07","guid":{"rendered":"https:\/\/modernteh.md\/?post_type=product&#038;p=4901"},"modified":"2025-10-03T10:50:08","modified_gmt":"2025-10-03T10:50:08","slug":"suflanta-de-frunze-pe-benzina-togo-tg-eb260","status":"publish","type":"product","link":"https:\/\/modernteh.md\/ru\/catalog\/suflanta-de-frunze-pe-benzina-togo-tg-eb260\/","title":{"rendered":"Suflanta de frunze pe benzina TOGO TG-EB260"},"content":{"rendered":"<h1>Suflanta de frunze pe benzina TOGO TG-EB260<\/h1>\n<div class=\"table-row\">\n<div class=\"table-box\">\n<div class=\"table-title\">\n<div class=\"tag-h3\">Producator: TOGO<\/div>\n<\/div>\n<\/div>\n<div class=\"table-box\">\n<div class=\"table-title\">\n<div class=\"tag-h3\">Alimentare: Benzina<\/div>\n<\/div>\n<\/div>\n<\/div>\n<div class=\"table-row\">\n<div class=\"table-box\">\n<div class=\"table-title\">\n<div class=\"tag-h3\">Putere: 700 W<\/div>\n<\/div>\n<\/div>\n<div class=\"table-box\">\n<div class=\"table-title\">\n<div class=\"tag-h3\">Volum aer: 7800 l\/min<\/div>\n<\/div>\n<\/div>\n<\/div>\n<div class=\"table-row\">\n<div class=\"table-box\">\n<div class=\"table-title\">\n<div class=\"tag-h3\">Functii: Suflanta<\/div>\n<\/div>\n<\/div>\n<div class=\"table-box\">\n<div class=\"table-title\">\n<div class=\"tag-h3\">Model: TG-EB260<\/div>\n<\/div>\n<\/div>\n<\/div>\n<div class=\"table-row\">\n<div class=\"table-box\">\n<div class=\"table-title\">\n<div class=\"tag-h3\">Dimensiuni: 355 x 285 x 395 mm<\/div>\n<\/div>\n<\/div>\n<div class=\"table-box\">\n<div class=\"table-title\">\n<div class=\"tag-h3\">Tip motor: 2 timpi<\/div>\n<\/div>\n<\/div>\n<\/div>\n<div class=\"table-row\">\n<div class=\"table-box\">\n<div class=\"table-title\">\n<div class=\"tag-h3\">Tip pornire: Manuala<\/div>\n<\/div>\n<\/div>\n<div class=\"table-box\">\n<div class=\"table-title\">\n<div class=\"tag-h3\">Capacitate cilindrica: 25.4 cc<\/div>\n<\/div>\n<\/div>\n<\/div>\n<div class=\"table-row\">\n<div class=\"table-box\">\n<div class=\"table-title\">\n<div class=\"tag-h3\">Turatii in gol: 3000 rpm<\/div>\n<\/div>\n<\/div>\n<div class=\"table-box\">\n<div class=\"table-title\">\n<div class=\"tag-h3\">Turatii accelaratie: 7500 rpm<\/div>\n<\/div>\n<\/div>\n<\/div>\n<div class=\"table-row\">\n<div class=\"table-box\">\n<div class=\"table-title\">\n<div class=\"tag-h3\">Viteza aer: 70 m\/s<\/div>\n<\/div>\n<\/div>\n<div class=\"table-box\">\n<div class=\"table-title\">\n<div class=\"tag-h3\">Volum rezervor combustibil: 0.6 l<\/div>\n<\/div>\n<\/div>\n<\/div>\n<div class=\"table-row\">\n<div class=\"table-box\">\n<div class=\"table-title\">\n<div class=\"tag-h3\">Diametru tub: 34 mm<\/div>\n<\/div>\n<\/div>\n<div class=\"table-box\">\n<div class=\"table-title\">\n<div class=\"tag-h3\">Nivel zgomot: 109 dB<\/div>\n<\/div>\n<\/div>\n<\/div>\n<div class=\"table-row\">\n<div class=\"table-box\">\n<div class=\"table-title\">\n<div class=\"tag-h3\">Greutate: 4.5 kg<\/div>\n<div>Suflanta de frunze pe benzina TOGO TG-EB260 este un echipament puternic \u0219i versatil, ideal pentru cur\u0103\u021barea eficient\u0103 a cur\u021bilor \u0219i gr\u0103dinilor. De la produc\u0103torul TOGO, modelul TG-EB260 este alimentat cu benzin\u0103, av\u00e2nd un motor pe 2 timpi \u0219i pornire manual\u0103. Func\u021bia de suflare a frunzelor este u\u0219or de utilizat, iar capacitatea cilindric\u0103 de 25.4 cc asigur\u0103 performan\u021be de top \u00een \u00eendep\u0103rtarea resturilor vegetale. Cu o putere de motor de 0.7 kW (0.9 cp) \u0219i o vitez\u0103 a aerului de 70 m\/s, suflanta TOGO TG-EB260 este eficient\u0103 \u00een cur\u0103\u021barea rapid\u0103 a suprafe\u021belor mari. Cu un debit de aer de 7.8 m3\/min, acest echipament este potrivit pentru utilizarea \u00een diverse medii de lucru. Nivelul de zgomot de 109 dB este \u00een concordan\u021b\u0103 cu standardele de siguran\u021b\u0103, asigur\u00e2nd protec\u021bia auzului utilizatorului.<\/div>\n<\/div>\n<\/div>\n<\/div>","protected":false},"excerpt":{"rendered":"<p>Suflanta de frunze pe benzina TOGO TG-EB260 Producator: TOGO Alimentare: Benzina Putere: 700 W Volum aer: 7800 l\/min Functii: Suflanta<\/p>","protected":false},"featured_media":4902,"template":"","meta":[],"product_cat":[151],"product_tag":[],"class_list":{"0":"post-4901","1":"product","2":"type-product","3":"status-publish","4":"has-post-thumbnail","6":"product_cat-suflante","8":"first","9":"instock","10":"shipping-taxable","11":"purchasable","12":"product-type-simple"},"yoast_head":"<!-- This site is optimized with the Yoast SEO plugin v20.12 - https:\/\/yoast.com\/wordpress\/plugins\/seo\/ -->\n<title>Suflanta de frunze pe benzina TOGO TG-EB260 - Modernteh<\/title>\n<meta name=\"description\" content=\"Suflanta de frunze pe benzina TOGO TG-EB260\" \/>\n<meta name=\"robots\" content=\"index, follow, max-snippet:-1, max-image-preview:large, max-video-preview:-1\" \/>\n<link rel=\"canonical\" href=\"https:\/\/modernteh.md\/ru\/catalog\/suflanta-de-frunze-pe-benzina-togo-tg-eb260\/\" \/>\n<meta property=\"og:locale\" content=\"ru_RU\" \/>\n<meta property=\"og:type\" content=\"article\" \/>\n<meta property=\"og:title\" content=\"Suflanta de frunze pe benzina TOGO TG-EB260 - Modernteh\" \/>\n<meta property=\"og:description\" content=\"Suflanta de frunze pe benzina TOGO TG-EB260\" \/>\n<meta property=\"og:url\" content=\"https:\/\/modernteh.md\/ru\/catalog\/suflanta-de-frunze-pe-benzina-togo-tg-eb260\/\" \/>\n<meta property=\"og:site_name\" content=\"Modernteh\" \/>\n<meta property=\"article:publisher\" content=\"https:\/\/www.facebook.com\/profile.php?id=100082695620019\" \/>\n<meta property=\"article:modified_time\" content=\"2025-10-03T10:50:08+00:00\" \/>\n<meta property=\"og:image\" content=\"https:\/\/modernteh.md\/wp-content\/uploads\/2025\/10\/Suflanta-de-frunze-pe-benzina-TOGO-TG-EB260.png\" \/>\n\t<meta property=\"og:image:width\" content=\"800\" \/>\n\t<meta property=\"og:image:height\" content=\"800\" \/>\n\t<meta property=\"og:image:type\" content=\"image\/png\" \/>\n<meta name=\"twitter:card\" content=\"summary_large_image\" \/>\n<meta name=\"twitter:label1\" content=\"\u041f\u0440\u0438\u043c\u0435\u0440\u043d\u043e\u0435 \u0432\u0440\u0435\u043c\u044f \u0434\u043b\u044f \u0447\u0442\u0435\u043d\u0438\u044f\" \/>\n\t<meta name=\"twitter:data1\" content=\"2 \u043c\u0438\u043d\u0443\u0442\u044b\" \/>\n<script type=\"application\/ld+json\" class=\"yoast-schema-graph\">{\"@context\":\"https:\/\/schema.org\",\"@graph\":[{\"@type\":\"WebPage\",\"@id\":\"https:\/\/modernteh.md\/catalog\/suflanta-de-frunze-pe-benzina-togo-tg-eb260\/\",\"url\":\"https:\/\/modernteh.md\/catalog\/suflanta-de-frunze-pe-benzina-togo-tg-eb260\/\",\"name\":\"Suflanta de frunze pe benzina TOGO TG-EB260 - Modernteh\",\"isPartOf\":{\"@id\":\"https:\/\/modernteh.md\/#website\"},\"datePublished\":\"2025-10-03T10:50:07+00:00\",\"dateModified\":\"2025-10-03T10:50:08+00:00\",\"description\":\"Suflanta de frunze pe benzina TOGO TG-EB260\",\"breadcrumb\":{\"@id\":\"https:\/\/modernteh.md\/catalog\/suflanta-de-frunze-pe-benzina-togo-tg-eb260\/#breadcrumb\"},\"inLanguage\":\"ru-RU\",\"potentialAction\":[{\"@type\":\"ReadAction\",\"target\":[\"https:\/\/modernteh.md\/catalog\/suflanta-de-frunze-pe-benzina-togo-tg-eb260\/\"]}]},{\"@type\":\"BreadcrumbList\",\"@id\":\"https:\/\/modernteh.md\/catalog\/suflanta-de-frunze-pe-benzina-togo-tg-eb260\/#breadcrumb\",\"itemListElement\":[{\"@type\":\"ListItem\",\"position\":1,\"name\":\"Prima pagin\u0103\",\"item\":\"https:\/\/modernteh.md\/\"},{\"@type\":\"ListItem\",\"position\":2,\"name\":\"Catalog\",\"item\":\"https:\/\/modernteh.md\/catalog\/\"},{\"@type\":\"ListItem\",\"position\":3,\"name\":\"Suflanta de frunze pe benzina TOGO TG-EB260\"}]},{\"@type\":\"WebSite\",\"@id\":\"https:\/\/modernteh.md\/#website\",\"url\":\"https:\/\/modernteh.md\/\",\"name\":\"Modernteh\",\"description\":\"Modernteh\",\"publisher\":{\"@id\":\"https:\/\/modernteh.md\/#organization\"},\"potentialAction\":[{\"@type\":\"SearchAction\",\"target\":{\"@type\":\"EntryPoint\",\"urlTemplate\":\"https:\/\/modernteh.md\/?s={search_term_string}\"},\"query-input\":\"required name=search_term_string\"}],\"inLanguage\":\"ru-RU\"},{\"@type\":\"Organization\",\"@id\":\"https:\/\/modernteh.md\/#organization\",\"name\":\"Modernteh\",\"url\":\"https:\/\/modernteh.md\/\",\"logo\":{\"@type\":\"ImageObject\",\"inLanguage\":\"ru-RU\",\"@id\":\"https:\/\/modernteh.md\/#\/schema\/logo\/image\/\",\"url\":\"https:\/\/modernteh.md\/wp-content\/uploads\/2022\/06\/Logo_site-2.png\",\"contentUrl\":\"https:\/\/modernteh.md\/wp-content\/uploads\/2022\/06\/Logo_site-2.png\",\"width\":500,\"height\":487,\"caption\":\"Modernteh\"},\"image\":{\"@id\":\"https:\/\/modernteh.md\/#\/schema\/logo\/image\/\"},\"sameAs\":[\"https:\/\/www.facebook.com\/profile.php?id=100082695620019\"]}]}<\/script>\n<!-- \/ Yoast SEO plugin. -->","yoast_head_json":{"title":"Suflanta de frunze pe benzina TOGO TG-EB260 - Modernteh","description":"Suflanta de frunze pe benzina TOGO TG-EB260","robots":{"index":"index","follow":"follow","max-snippet":"max-snippet:-1","max-image-preview":"max-image-preview:large","max-video-preview":"max-video-preview:-1"},"canonical":"https:\/\/modernteh.md\/ru\/catalog\/suflanta-de-frunze-pe-benzina-togo-tg-eb260\/","og_locale":"ru_RU","og_type":"article","og_title":"Suflanta de frunze pe benzina TOGO TG-EB260 - Modernteh","og_description":"Suflanta de frunze pe benzina TOGO TG-EB260","og_url":"https:\/\/modernteh.md\/ru\/catalog\/suflanta-de-frunze-pe-benzina-togo-tg-eb260\/","og_site_name":"Modernteh","article_publisher":"https:\/\/www.facebook.com\/profile.php?id=100082695620019","article_modified_time":"2025-10-03T10:50:08+00:00","og_image":[{"width":800,"height":800,"url":"https:\/\/modernteh.md\/wp-content\/uploads\/2025\/10\/Suflanta-de-frunze-pe-benzina-TOGO-TG-EB260.png","type":"image\/png"}],"twitter_card":"summary_large_image","twitter_misc":{"\u041f\u0440\u0438\u043c\u0435\u0440\u043d\u043e\u0435 \u0432\u0440\u0435\u043c\u044f \u0434\u043b\u044f \u0447\u0442\u0435\u043d\u0438\u044f":"2 \u043c\u0438\u043d\u0443\u0442\u044b"},"schema":{"@context":"https:\/\/schema.org","@graph":[{"@type":"WebPage","@id":"https:\/\/modernteh.md\/catalog\/suflanta-de-frunze-pe-benzina-togo-tg-eb260\/","url":"https:\/\/modernteh.md\/catalog\/suflanta-de-frunze-pe-benzina-togo-tg-eb260\/","name":"Suflanta de frunze pe benzina TOGO TG-EB260 - Modernteh","isPartOf":{"@id":"https:\/\/modernteh.md\/#website"},"datePublished":"2025-10-03T10:50:07+00:00","dateModified":"2025-10-03T10:50:08+00:00","description":"Suflanta de frunze pe benzina TOGO TG-EB260","breadcrumb":{"@id":"https:\/\/modernteh.md\/catalog\/suflanta-de-frunze-pe-benzina-togo-tg-eb260\/#breadcrumb"},"inLanguage":"ru-RU","potentialAction":[{"@type":"ReadAction","target":["https:\/\/modernteh.md\/catalog\/suflanta-de-frunze-pe-benzina-togo-tg-eb260\/"]}]},{"@type":"BreadcrumbList","@id":"https:\/\/modernteh.md\/catalog\/suflanta-de-frunze-pe-benzina-togo-tg-eb260\/#breadcrumb","itemListElement":[{"@type":"ListItem","position":1,"name":"Prima pagin\u0103","item":"https:\/\/modernteh.md\/"},{"@type":"ListItem","position":2,"name":"Catalog","item":"https:\/\/modernteh.md\/catalog\/"},{"@type":"ListItem","position":3,"name":"Suflanta de frunze pe benzina TOGO TG-EB260"}]},{"@type":"WebSite","@id":"https:\/\/modernteh.md\/#website","url":"https:\/\/modernteh.md\/","name":"Modernteh","description":"Modernteh","publisher":{"@id":"https:\/\/modernteh.md\/#organization"},"potentialAction":[{"@type":"SearchAction","target":{"@type":"EntryPoint","urlTemplate":"https:\/\/modernteh.md\/?s={search_term_string}"},"query-input":"required name=search_term_string"}],"inLanguage":"ru-RU"},{"@type":"Organization","@id":"https:\/\/modernteh.md\/#organization","name":"Modernteh","url":"https:\/\/modernteh.md\/","logo":{"@type":"ImageObject","inLanguage":"ru-RU","@id":"https:\/\/modernteh.md\/#\/schema\/logo\/image\/","url":"https:\/\/modernteh.md\/wp-content\/uploads\/2022\/06\/Logo_site-2.png","contentUrl":"https:\/\/modernteh.md\/wp-content\/uploads\/2022\/06\/Logo_site-2.png","width":500,"height":487,"caption":"Modernteh"},"image":{"@id":"https:\/\/modernteh.md\/#\/schema\/logo\/image\/"},"sameAs":["https:\/\/www.facebook.com\/profile.php?id=100082695620019"]}]}},"_links":{"self":[{"href":"https:\/\/modernteh.md\/ru\/wp-json\/wp\/v2\/product\/4901","targetHints":{"allow":["GET"]}}],"collection":[{"href":"https:\/\/modernteh.md\/ru\/wp-json\/wp\/v2\/product"}],"about":[{"href":"https:\/\/modernteh.md\/ru\/wp-json\/wp\/v2\/types\/product"}],"wp:featuredmedia":[{"embeddable":true,"href":"https:\/\/modernteh.md\/ru\/wp-json\/wp\/v2\/media\/4902"}],"wp:attachment":[{"href":"https:\/\/modernteh.md\/ru\/wp-json\/wp\/v2\/media?parent=4901"}],"wp:term":[{"taxonomy":"product_cat","embeddable":true,"href":"https:\/\/modernteh.md\/ru\/wp-json\/wp\/v2\/product_cat?post=4901"},{"taxonomy":"product_tag","embeddable":true,"href":"https:\/\/modernteh.md\/ru\/wp-json\/wp\/v2\/product_tag?post=4901"}],"curies":[{"name":"wp","href":"https:\/\/api.w.org\/{rel}","templated":true}]}}