{"id":4907,"date":"2025-10-03T11:00:04","date_gmt":"2025-10-03T11:00:04","guid":{"rendered":"https:\/\/modernteh.md\/?post_type=product&#038;p=4907"},"modified":"2025-10-03T11:00:05","modified_gmt":"2025-10-03T11:00:05","slug":"suflanta-de-frunze-pe-benzina-togo-tg-eb430","status":"publish","type":"product","link":"https:\/\/modernteh.md\/ru\/catalog\/suflanta-de-frunze-pe-benzina-togo-tg-eb430\/","title":{"rendered":"Suflanta de frunze pe benzina TOGO TG-EB430"},"content":{"rendered":"<h1>Suflanta de frunze pe benzina TOGO TG-EB430<\/h1>\n<div class=\"table-row\">\n<div class=\"table-box\">\n<div class=\"table-title\">\n<div class=\"tag-h3\">Producator: TOGO<\/div>\n<\/div>\n<\/div>\n<div class=\"table-box\">\n<div class=\"table-title\">\n<div class=\"tag-h3\">Alimentare: Benzina<\/div>\n<\/div>\n<\/div>\n<\/div>\n<div class=\"table-row\">\n<div class=\"table-box\">\n<div class=\"table-title\">\n<div class=\"tag-h3\">Putere: 1250 W<\/div>\n<\/div>\n<\/div>\n<div class=\"table-box\">\n<div class=\"table-title\">\n<div class=\"tag-h3\">Volum aer: 200 l\/min<\/div>\n<\/div>\n<\/div>\n<\/div>\n<div class=\"table-row\">\n<div class=\"table-box\">\n<div class=\"table-title\">\n<div class=\"tag-h3\">Model: TG-EB430<\/div>\n<\/div>\n<\/div>\n<div class=\"table-box\">\n<div class=\"table-title\">\n<div class=\"tag-h3\">Tip motor: 2 timpi<\/div>\n<\/div>\n<\/div>\n<\/div>\n<div class=\"table-row\">\n<div class=\"table-box\">\n<div class=\"table-title\">\n<div class=\"tag-h3\">Tip pornire: Manuala<\/div>\n<\/div>\n<\/div>\n<div class=\"table-box\">\n<div class=\"table-title\">\n<div class=\"tag-h3\">Capacitate cilindrica: 42.7 cc<\/div>\n<\/div>\n<\/div>\n<\/div>\n<div class=\"table-row\">\n<div class=\"table-box\">\n<div class=\"table-title\">\n<div class=\"tag-h3\">Viteza aer: 60 m\/s<\/div>\n<\/div>\n<\/div>\n<div class=\"table-box\">\n<div class=\"table-title\">\n<div class=\"tag-h3\">Volum rezervor combustibil: 1 l<\/div>\n<\/div>\n<\/div>\n<\/div>\n<div class=\"table-row\">\n<div class=\"table-box\">\n<div class=\"table-title\">\n<div class=\"tag-h3\">Turatii in gol: 6800 rpm<\/div>\n<\/div>\n<\/div>\n<div class=\"table-box\">\n<div class=\"table-title\">\n<div class=\"tag-h3\">Nivel zgomot: 108 dB<\/div>\n<\/div>\n<\/div>\n<\/div>\n<div class=\"table-row\">\n<div class=\"table-box\">\n<div class=\"table-title\">\n<div class=\"tag-h3\">Tip bujie: AT4117 (0.6 &#8211; 0.7 mm)<\/div>\n<\/div>\n<\/div>\n<div class=\"table-box\">\n<div class=\"table-title\">\n<div class=\"tag-h3\">Dimensiuni pachet: 410 x 330 x 485 mm<\/div>\n<\/div>\n<\/div>\n<\/div>\n<div class=\"table-row\">\n<div class=\"table-box\">\n<div class=\"table-title\">\n<div class=\"tag-h3\">Greutate: 7.8 kg<\/div>\n<div>Suflanta de frunze pe benzina TOGO TG-EB430 este un echipament puternic \u0219i eficient, perfect pentru cur\u0103\u021barea rapid\u0103 \u0219i u\u0219oar\u0103 a gr\u0103dinilor, trotuarelor sau cur\u021bilor. Cu o capacitate cilindric\u0103 de 42.7 cc \u0219i o putere de 1.25 kW, aceast\u0103 suflant\u0103 este echipat\u0103 s\u0103 fac\u0103 fa\u021b\u0103 oric\u0103ror sarcini de suflare a frunzelor. Motorul pe benzin\u0103 de 2 timpi asigur\u0103 o func\u021bionare fiabil\u0103, iar viteza aerului de 60 m\/s \u0219i productivitatea de 12 m3\/or\u0103 garanteaz\u0103 rezultate rapide \u0219i precise. Fiind echipat\u0103 cu un rezervor de combustibil de 1 litru, suflanta TOGO TG-EB430 ofer\u0103 o autonomie crescut\u0103 de lucru f\u0103r\u0103 \u00eentreruperi dese pentru reumplere. Design-ul ergonomic \u0219i u\u0219urin\u021ba \u00een utilizare fac din acest echipament o alegere ideal\u0103 pentru utilizatorii casnici sau profesioni\u0219ti. Cu dimensiuni compacte de 410 x 330 x 485 mm \u0219i o greutate de 7.8 kg<\/div>\n<\/div>\n<\/div>\n<\/div>","protected":false},"excerpt":{"rendered":"<p>Suflanta de frunze pe benzina TOGO TG-EB430 Producator: TOGO Alimentare: Benzina Putere: 1250 W Volum aer: 200 l\/min Model: TG-EB430<\/p>","protected":false},"featured_media":4908,"template":"","meta":[],"product_cat":[151],"product_tag":[],"class_list":{"0":"post-4907","1":"product","2":"type-product","3":"status-publish","4":"has-post-thumbnail","6":"product_cat-suflante","8":"first","9":"instock","10":"shipping-taxable","11":"purchasable","12":"product-type-simple"},"yoast_head":"<!-- This site is optimized with the Yoast SEO plugin v20.12 - https:\/\/yoast.com\/wordpress\/plugins\/seo\/ -->\n<title>Suflanta de frunze pe benzina TOGO TG-EB430 - Modernteh<\/title>\n<meta name=\"description\" content=\"Suflanta de frunze pe benzina TOGO TG-EB430\" \/>\n<meta name=\"robots\" content=\"index, follow, max-snippet:-1, max-image-preview:large, max-video-preview:-1\" \/>\n<link rel=\"canonical\" href=\"https:\/\/modernteh.md\/ru\/catalog\/suflanta-de-frunze-pe-benzina-togo-tg-eb430\/\" \/>\n<meta property=\"og:locale\" content=\"ru_RU\" \/>\n<meta property=\"og:type\" content=\"article\" \/>\n<meta property=\"og:title\" content=\"Suflanta de frunze pe benzina TOGO TG-EB430 - Modernteh\" \/>\n<meta property=\"og:description\" content=\"Suflanta de frunze pe benzina TOGO TG-EB430\" \/>\n<meta property=\"og:url\" content=\"https:\/\/modernteh.md\/ru\/catalog\/suflanta-de-frunze-pe-benzina-togo-tg-eb430\/\" \/>\n<meta property=\"og:site_name\" content=\"Modernteh\" \/>\n<meta property=\"article:publisher\" content=\"https:\/\/www.facebook.com\/profile.php?id=100082695620019\" \/>\n<meta property=\"article:modified_time\" content=\"2025-10-03T11:00:05+00:00\" \/>\n<meta property=\"og:image\" content=\"https:\/\/modernteh.md\/wp-content\/uploads\/2025\/10\/xSuflantaP20deP20frunzeP20peP20benzinaP20TOGOP20TG-EB430.png.pagespeed.ic_.50QgwlYdQc.png\" \/>\n\t<meta property=\"og:image:width\" content=\"800\" \/>\n\t<meta property=\"og:image:height\" content=\"800\" \/>\n\t<meta property=\"og:image:type\" content=\"image\/png\" \/>\n<meta name=\"twitter:card\" content=\"summary_large_image\" \/>\n<meta name=\"twitter:label1\" content=\"\u041f\u0440\u0438\u043c\u0435\u0440\u043d\u043e\u0435 \u0432\u0440\u0435\u043c\u044f \u0434\u043b\u044f \u0447\u0442\u0435\u043d\u0438\u044f\" \/>\n\t<meta name=\"twitter:data1\" content=\"2 \u043c\u0438\u043d\u0443\u0442\u044b\" \/>\n<script type=\"application\/ld+json\" class=\"yoast-schema-graph\">{\"@context\":\"https:\/\/schema.org\",\"@graph\":[{\"@type\":\"WebPage\",\"@id\":\"https:\/\/modernteh.md\/catalog\/suflanta-de-frunze-pe-benzina-togo-tg-eb430\/\",\"url\":\"https:\/\/modernteh.md\/catalog\/suflanta-de-frunze-pe-benzina-togo-tg-eb430\/\",\"name\":\"Suflanta de frunze pe benzina TOGO TG-EB430 - Modernteh\",\"isPartOf\":{\"@id\":\"https:\/\/modernteh.md\/#website\"},\"datePublished\":\"2025-10-03T11:00:04+00:00\",\"dateModified\":\"2025-10-03T11:00:05+00:00\",\"description\":\"Suflanta de frunze pe benzina TOGO TG-EB430\",\"breadcrumb\":{\"@id\":\"https:\/\/modernteh.md\/catalog\/suflanta-de-frunze-pe-benzina-togo-tg-eb430\/#breadcrumb\"},\"inLanguage\":\"ru-RU\",\"potentialAction\":[{\"@type\":\"ReadAction\",\"target\":[\"https:\/\/modernteh.md\/catalog\/suflanta-de-frunze-pe-benzina-togo-tg-eb430\/\"]}]},{\"@type\":\"BreadcrumbList\",\"@id\":\"https:\/\/modernteh.md\/catalog\/suflanta-de-frunze-pe-benzina-togo-tg-eb430\/#breadcrumb\",\"itemListElement\":[{\"@type\":\"ListItem\",\"position\":1,\"name\":\"Prima pagin\u0103\",\"item\":\"https:\/\/modernteh.md\/\"},{\"@type\":\"ListItem\",\"position\":2,\"name\":\"Catalog\",\"item\":\"https:\/\/modernteh.md\/catalog\/\"},{\"@type\":\"ListItem\",\"position\":3,\"name\":\"Suflanta de frunze pe benzina TOGO TG-EB430\"}]},{\"@type\":\"WebSite\",\"@id\":\"https:\/\/modernteh.md\/#website\",\"url\":\"https:\/\/modernteh.md\/\",\"name\":\"Modernteh\",\"description\":\"Modernteh\",\"publisher\":{\"@id\":\"https:\/\/modernteh.md\/#organization\"},\"potentialAction\":[{\"@type\":\"SearchAction\",\"target\":{\"@type\":\"EntryPoint\",\"urlTemplate\":\"https:\/\/modernteh.md\/?s={search_term_string}\"},\"query-input\":\"required name=search_term_string\"}],\"inLanguage\":\"ru-RU\"},{\"@type\":\"Organization\",\"@id\":\"https:\/\/modernteh.md\/#organization\",\"name\":\"Modernteh\",\"url\":\"https:\/\/modernteh.md\/\",\"logo\":{\"@type\":\"ImageObject\",\"inLanguage\":\"ru-RU\",\"@id\":\"https:\/\/modernteh.md\/#\/schema\/logo\/image\/\",\"url\":\"https:\/\/modernteh.md\/wp-content\/uploads\/2022\/06\/Logo_site-2.png\",\"contentUrl\":\"https:\/\/modernteh.md\/wp-content\/uploads\/2022\/06\/Logo_site-2.png\",\"width\":500,\"height\":487,\"caption\":\"Modernteh\"},\"image\":{\"@id\":\"https:\/\/modernteh.md\/#\/schema\/logo\/image\/\"},\"sameAs\":[\"https:\/\/www.facebook.com\/profile.php?id=100082695620019\"]}]}<\/script>\n<!-- \/ Yoast SEO plugin. -->","yoast_head_json":{"title":"Suflanta de frunze pe benzina TOGO TG-EB430 - Modernteh","description":"Suflanta de frunze pe benzina TOGO TG-EB430","robots":{"index":"index","follow":"follow","max-snippet":"max-snippet:-1","max-image-preview":"max-image-preview:large","max-video-preview":"max-video-preview:-1"},"canonical":"https:\/\/modernteh.md\/ru\/catalog\/suflanta-de-frunze-pe-benzina-togo-tg-eb430\/","og_locale":"ru_RU","og_type":"article","og_title":"Suflanta de frunze pe benzina TOGO TG-EB430 - Modernteh","og_description":"Suflanta de frunze pe benzina TOGO TG-EB430","og_url":"https:\/\/modernteh.md\/ru\/catalog\/suflanta-de-frunze-pe-benzina-togo-tg-eb430\/","og_site_name":"Modernteh","article_publisher":"https:\/\/www.facebook.com\/profile.php?id=100082695620019","article_modified_time":"2025-10-03T11:00:05+00:00","og_image":[{"width":800,"height":800,"url":"https:\/\/modernteh.md\/wp-content\/uploads\/2025\/10\/xSuflantaP20deP20frunzeP20peP20benzinaP20TOGOP20TG-EB430.png.pagespeed.ic_.50QgwlYdQc.png","type":"image\/png"}],"twitter_card":"summary_large_image","twitter_misc":{"\u041f\u0440\u0438\u043c\u0435\u0440\u043d\u043e\u0435 \u0432\u0440\u0435\u043c\u044f \u0434\u043b\u044f \u0447\u0442\u0435\u043d\u0438\u044f":"2 \u043c\u0438\u043d\u0443\u0442\u044b"},"schema":{"@context":"https:\/\/schema.org","@graph":[{"@type":"WebPage","@id":"https:\/\/modernteh.md\/catalog\/suflanta-de-frunze-pe-benzina-togo-tg-eb430\/","url":"https:\/\/modernteh.md\/catalog\/suflanta-de-frunze-pe-benzina-togo-tg-eb430\/","name":"Suflanta de frunze pe benzina TOGO TG-EB430 - Modernteh","isPartOf":{"@id":"https:\/\/modernteh.md\/#website"},"datePublished":"2025-10-03T11:00:04+00:00","dateModified":"2025-10-03T11:00:05+00:00","description":"Suflanta de frunze pe benzina TOGO TG-EB430","breadcrumb":{"@id":"https:\/\/modernteh.md\/catalog\/suflanta-de-frunze-pe-benzina-togo-tg-eb430\/#breadcrumb"},"inLanguage":"ru-RU","potentialAction":[{"@type":"ReadAction","target":["https:\/\/modernteh.md\/catalog\/suflanta-de-frunze-pe-benzina-togo-tg-eb430\/"]}]},{"@type":"BreadcrumbList","@id":"https:\/\/modernteh.md\/catalog\/suflanta-de-frunze-pe-benzina-togo-tg-eb430\/#breadcrumb","itemListElement":[{"@type":"ListItem","position":1,"name":"Prima pagin\u0103","item":"https:\/\/modernteh.md\/"},{"@type":"ListItem","position":2,"name":"Catalog","item":"https:\/\/modernteh.md\/catalog\/"},{"@type":"ListItem","position":3,"name":"Suflanta de frunze pe benzina TOGO TG-EB430"}]},{"@type":"WebSite","@id":"https:\/\/modernteh.md\/#website","url":"https:\/\/modernteh.md\/","name":"Modernteh","description":"Modernteh","publisher":{"@id":"https:\/\/modernteh.md\/#organization"},"potentialAction":[{"@type":"SearchAction","target":{"@type":"EntryPoint","urlTemplate":"https:\/\/modernteh.md\/?s={search_term_string}"},"query-input":"required name=search_term_string"}],"inLanguage":"ru-RU"},{"@type":"Organization","@id":"https:\/\/modernteh.md\/#organization","name":"Modernteh","url":"https:\/\/modernteh.md\/","logo":{"@type":"ImageObject","inLanguage":"ru-RU","@id":"https:\/\/modernteh.md\/#\/schema\/logo\/image\/","url":"https:\/\/modernteh.md\/wp-content\/uploads\/2022\/06\/Logo_site-2.png","contentUrl":"https:\/\/modernteh.md\/wp-content\/uploads\/2022\/06\/Logo_site-2.png","width":500,"height":487,"caption":"Modernteh"},"image":{"@id":"https:\/\/modernteh.md\/#\/schema\/logo\/image\/"},"sameAs":["https:\/\/www.facebook.com\/profile.php?id=100082695620019"]}]}},"_links":{"self":[{"href":"https:\/\/modernteh.md\/ru\/wp-json\/wp\/v2\/product\/4907","targetHints":{"allow":["GET"]}}],"collection":[{"href":"https:\/\/modernteh.md\/ru\/wp-json\/wp\/v2\/product"}],"about":[{"href":"https:\/\/modernteh.md\/ru\/wp-json\/wp\/v2\/types\/product"}],"wp:featuredmedia":[{"embeddable":true,"href":"https:\/\/modernteh.md\/ru\/wp-json\/wp\/v2\/media\/4908"}],"wp:attachment":[{"href":"https:\/\/modernteh.md\/ru\/wp-json\/wp\/v2\/media?parent=4907"}],"wp:term":[{"taxonomy":"product_cat","embeddable":true,"href":"https:\/\/modernteh.md\/ru\/wp-json\/wp\/v2\/product_cat?post=4907"},{"taxonomy":"product_tag","embeddable":true,"href":"https:\/\/modernteh.md\/ru\/wp-json\/wp\/v2\/product_tag?post=4907"}],"curies":[{"name":"wp","href":"https:\/\/api.w.org\/{rel}","templated":true}]}}