{"id":4911,"date":"2025-10-03T12:34:22","date_gmt":"2025-10-03T12:34:22","guid":{"rendered":"https:\/\/modernteh.md\/?post_type=product&#038;p=4911"},"modified":"2025-10-03T12:34:23","modified_gmt":"2025-10-03T12:34:23","slug":"masina-pentru-decojirea-nucilor-verzi-dm-100n","status":"publish","type":"product","link":"https:\/\/modernteh.md\/ru\/catalog\/masina-pentru-decojirea-nucilor-verzi-dm-100n\/","title":{"rendered":"Masina pentru decojirea nucilor verzi DM-100N"},"content":{"rendered":"<h1>Masina pentru decojirea nucilor verzi Demetra DM-100N<\/h1>\n<div class=\"table-row\">\n<div class=\"table-box\">\n<div class=\"table-title\">\n<div class=\"tag-h3\">Producator: Demetra<\/div>\n<\/div>\n<\/div>\n<div class=\"table-box\">\n<div class=\"table-title\">\n<div class=\"tag-h3\">Model: DM-100N<\/div>\n<\/div>\n<\/div>\n<\/div>\n<div class=\"table-row\">\n<div class=\"table-box\">\n<div class=\"table-title\">\n<div class=\"tag-h3\">Retea: 220 V ~ 50 Hz<\/div>\n<\/div>\n<\/div>\n<div class=\"table-box\">\n<div class=\"table-title\">\n<div class=\"tag-h3\">Putere motor: 3 kW<\/div>\n<\/div>\n<\/div>\n<\/div>\n<div class=\"table-row\">\n<div class=\"table-box\">\n<div class=\"table-title\">\n<div class=\"tag-h3\">Productivitate: 500 kg\/ora<\/div>\n<\/div>\n<\/div>\n<div class=\"table-box\">\n<div class=\"table-title\">\n<div class=\"tag-h3\">Volum: 60 l<\/div>\n<\/div>\n<\/div>\n<\/div>\n<div class=\"table-row\">\n<div class=\"table-box\">\n<div class=\"table-title\">\n<div class=\"tag-h3\">Greutatea admisibila de incarcare: 20 &#8211; 30 kg<\/div>\n<\/div>\n<\/div>\n<div class=\"table-box\">\n<div class=\"table-title\">\n<div class=\"tag-h3\">Durata cilcu de decojire: 4 min<\/div>\n<\/div>\n<\/div>\n<\/div>\n<div class=\"table-row\">\n<div class=\"table-box\">\n<div class=\"table-title\">\n<div class=\"tag-h3\">Rata de decojire: 99 %<\/div>\n<\/div>\n<\/div>\n<div class=\"table-box\">\n<div class=\"table-title\">\n<div class=\"tag-h3\">Rata de sfaramare: 0.5 %<\/div>\n<\/div>\n<\/div>\n<\/div>\n<div class=\"table-row\">\n<div class=\"table-box\">\n<div class=\"table-title\">\n<div class=\"tag-h3\">Dimensiuni: 130 x 100 x 90 cm<\/div>\n<\/div>\n<\/div>\n<div class=\"table-box\">\n<div class=\"table-title\">\n<div class=\"tag-h3\">Greutate: 70 kg<\/div>\n<\/div>\n<\/div>\n<\/div>\n<div class=\"table-row\">\n<div class=\"table-box\">\n<div class=\"table-title\">\n<div class=\"tag-h3\">Turatii motor: 2880 rpm<\/div>\n<div>Descriere: Masina pentru decojirea nucilor verzi Demetra HX-500 reprezint\u0103 o solu\u021bie inovatoare \u0219i eficient\u0103 pentru procesul de decojire a nucilor verzi, fiind perfect\u0103 at\u00e2t pentru utilizatorii comerciali, c\u00e2t \u0219i pentru cei din domeniul micilor afaceri. Conceput\u0103 de produc\u0103torul de renume Demetra, aceast\u0103 ma\u0219in\u0103 dispune de un motor puternic de 3 kW, care garanteaz\u0103 o productivitate impresionant\u0103 de 500 kg pe or\u0103. Datorit\u0103 designului s\u0103u de \u00eenalt\u0103 performan\u021b\u0103, Ma\u0219ina Demetra HX-500 ofer\u0103 o rat\u0103 de decojire de 99%, reduc\u00e2nd la minim pierderile de materie prim\u0103. Cu o capacitate de \u00eenc\u0103rcare de 20-30 kg \u0219i un ciclu de decojire de doar 4 minute, aceasta optimizeaz\u0103 semnificativ timpul de operare, f\u0103c\u00e2nd procesul mult mai eficient. Avantaje: Printre principalele avantaje ale ma\u0219inii pentru decojirea nucilor verzi Demetra HX-500 se num\u0103r\u0103 eficien\u021ba ridicat\u0103 \u0219i rapiditatea cu care se desf\u0103\u0219oar\u0103 procesul de decojire. Cu o rata de sfaramare extrem de sc\u0103zut\u0103 de doar 0.5%, aceasta asigur\u0103 c\u0103 nucile r\u0103m\u00e2n intacte, ceea ce este esen\u021bial pentru ob\u021binerea unui produs de calitate superioar\u0103. Dimensiunile compacte ale ma\u0219inii, 100 x 90 x 110 cm, o fac u\u0219or de integrat \u00een orice spa\u021biu de lucru, iar greutatea de 65 kg \u00eei confer\u0103 stabilitate \u00een timpul utiliz\u0103rii. De asemenea, ma\u0219ina este u\u0219or de operat \u0219i \u00eentre\u021binut, ceea ce contribuie la durabilitatea sa pe termen lung. Utilizare: Utilizarea ma\u0219inii pentru decojirea nucilor verzi Demetra HX-500 este simpl\u0103 \u0219i intuitiv\u0103. Aceasta este proiectat\u0103 pentru a putea fi folosit\u0103 at\u00e2t \u00een ferme mari, c\u00e2t \u0219i \u00een unit\u0103\u021bi mai mici, oferind flexibilitate maxim\u0103 utilizatorului.<\/div>\n<\/div>\n<\/div>\n<\/div>","protected":false},"excerpt":{"rendered":"<p>Masina pentru decojirea nucilor verzi Demetra DM-100N Producator: Demetra Model: DM-100N Retea: 220 V ~ 50 Hz Putere motor: 3<\/p>","protected":false},"featured_media":4912,"template":"","meta":[],"product_cat":[134],"product_tag":[],"class_list":{"0":"post-4911","1":"product","2":"type-product","3":"status-publish","4":"has-post-thumbnail","6":"product_cat-tocatoare-de-furaje-si-cereale","8":"first","9":"instock","10":"shipping-taxable","11":"purchasable","12":"product-type-simple"},"yoast_head":"<!-- This site is optimized with the Yoast SEO plugin v20.12 - https:\/\/yoast.com\/wordpress\/plugins\/seo\/ -->\n<title>Masina pentru decojirea nucilor verzi DM-100N - Modernteh<\/title>\n<meta name=\"description\" content=\"Masina pentru decojirea nucilor verzi Demetra DM-100N\" \/>\n<meta name=\"robots\" content=\"index, follow, max-snippet:-1, max-image-preview:large, max-video-preview:-1\" \/>\n<link rel=\"canonical\" href=\"https:\/\/modernteh.md\/ru\/catalog\/masina-pentru-decojirea-nucilor-verzi-dm-100n\/\" \/>\n<meta property=\"og:locale\" content=\"ru_RU\" \/>\n<meta property=\"og:type\" content=\"article\" \/>\n<meta property=\"og:title\" content=\"Masina pentru decojirea nucilor verzi DM-100N - Modernteh\" \/>\n<meta property=\"og:description\" content=\"Masina pentru decojirea nucilor verzi Demetra DM-100N\" \/>\n<meta property=\"og:url\" content=\"https:\/\/modernteh.md\/ru\/catalog\/masina-pentru-decojirea-nucilor-verzi-dm-100n\/\" \/>\n<meta property=\"og:site_name\" content=\"Modernteh\" \/>\n<meta property=\"article:publisher\" content=\"https:\/\/www.facebook.com\/profile.php?id=100082695620019\" \/>\n<meta property=\"article:modified_time\" content=\"2025-10-03T12:34:23+00:00\" \/>\n<meta property=\"og:image\" content=\"https:\/\/modernteh.md\/wp-content\/uploads\/2025\/10\/img_684131fbdf3b9.jpg\" \/>\n\t<meta property=\"og:image:width\" content=\"960\" \/>\n\t<meta property=\"og:image:height\" content=\"960\" \/>\n\t<meta property=\"og:image:type\" content=\"image\/jpeg\" \/>\n<meta name=\"twitter:card\" content=\"summary_large_image\" \/>\n<meta name=\"twitter:label1\" content=\"\u041f\u0440\u0438\u043c\u0435\u0440\u043d\u043e\u0435 \u0432\u0440\u0435\u043c\u044f \u0434\u043b\u044f \u0447\u0442\u0435\u043d\u0438\u044f\" \/>\n\t<meta name=\"twitter:data1\" content=\"2 \u043c\u0438\u043d\u0443\u0442\u044b\" \/>\n<script type=\"application\/ld+json\" class=\"yoast-schema-graph\">{\"@context\":\"https:\/\/schema.org\",\"@graph\":[{\"@type\":\"WebPage\",\"@id\":\"https:\/\/modernteh.md\/catalog\/masina-pentru-decojirea-nucilor-verzi-dm-100n\/\",\"url\":\"https:\/\/modernteh.md\/catalog\/masina-pentru-decojirea-nucilor-verzi-dm-100n\/\",\"name\":\"Masina pentru decojirea nucilor verzi DM-100N - Modernteh\",\"isPartOf\":{\"@id\":\"https:\/\/modernteh.md\/#website\"},\"datePublished\":\"2025-10-03T12:34:22+00:00\",\"dateModified\":\"2025-10-03T12:34:23+00:00\",\"description\":\"Masina pentru decojirea nucilor verzi Demetra DM-100N\",\"breadcrumb\":{\"@id\":\"https:\/\/modernteh.md\/catalog\/masina-pentru-decojirea-nucilor-verzi-dm-100n\/#breadcrumb\"},\"inLanguage\":\"ru-RU\",\"potentialAction\":[{\"@type\":\"ReadAction\",\"target\":[\"https:\/\/modernteh.md\/catalog\/masina-pentru-decojirea-nucilor-verzi-dm-100n\/\"]}]},{\"@type\":\"BreadcrumbList\",\"@id\":\"https:\/\/modernteh.md\/catalog\/masina-pentru-decojirea-nucilor-verzi-dm-100n\/#breadcrumb\",\"itemListElement\":[{\"@type\":\"ListItem\",\"position\":1,\"name\":\"Prima pagin\u0103\",\"item\":\"https:\/\/modernteh.md\/\"},{\"@type\":\"ListItem\",\"position\":2,\"name\":\"Catalog\",\"item\":\"https:\/\/modernteh.md\/catalog\/\"},{\"@type\":\"ListItem\",\"position\":3,\"name\":\"Masina pentru decojirea nucilor verzi DM-100N\"}]},{\"@type\":\"WebSite\",\"@id\":\"https:\/\/modernteh.md\/#website\",\"url\":\"https:\/\/modernteh.md\/\",\"name\":\"Modernteh\",\"description\":\"Modernteh\",\"publisher\":{\"@id\":\"https:\/\/modernteh.md\/#organization\"},\"potentialAction\":[{\"@type\":\"SearchAction\",\"target\":{\"@type\":\"EntryPoint\",\"urlTemplate\":\"https:\/\/modernteh.md\/?s={search_term_string}\"},\"query-input\":\"required name=search_term_string\"}],\"inLanguage\":\"ru-RU\"},{\"@type\":\"Organization\",\"@id\":\"https:\/\/modernteh.md\/#organization\",\"name\":\"Modernteh\",\"url\":\"https:\/\/modernteh.md\/\",\"logo\":{\"@type\":\"ImageObject\",\"inLanguage\":\"ru-RU\",\"@id\":\"https:\/\/modernteh.md\/#\/schema\/logo\/image\/\",\"url\":\"https:\/\/modernteh.md\/wp-content\/uploads\/2022\/06\/Logo_site-2.png\",\"contentUrl\":\"https:\/\/modernteh.md\/wp-content\/uploads\/2022\/06\/Logo_site-2.png\",\"width\":500,\"height\":487,\"caption\":\"Modernteh\"},\"image\":{\"@id\":\"https:\/\/modernteh.md\/#\/schema\/logo\/image\/\"},\"sameAs\":[\"https:\/\/www.facebook.com\/profile.php?id=100082695620019\"]}]}<\/script>\n<!-- \/ Yoast SEO plugin. -->","yoast_head_json":{"title":"Masina pentru decojirea nucilor verzi DM-100N - Modernteh","description":"Masina pentru decojirea nucilor verzi Demetra DM-100N","robots":{"index":"index","follow":"follow","max-snippet":"max-snippet:-1","max-image-preview":"max-image-preview:large","max-video-preview":"max-video-preview:-1"},"canonical":"https:\/\/modernteh.md\/ru\/catalog\/masina-pentru-decojirea-nucilor-verzi-dm-100n\/","og_locale":"ru_RU","og_type":"article","og_title":"Masina pentru decojirea nucilor verzi DM-100N - Modernteh","og_description":"Masina pentru decojirea nucilor verzi Demetra DM-100N","og_url":"https:\/\/modernteh.md\/ru\/catalog\/masina-pentru-decojirea-nucilor-verzi-dm-100n\/","og_site_name":"Modernteh","article_publisher":"https:\/\/www.facebook.com\/profile.php?id=100082695620019","article_modified_time":"2025-10-03T12:34:23+00:00","og_image":[{"width":960,"height":960,"url":"https:\/\/modernteh.md\/wp-content\/uploads\/2025\/10\/img_684131fbdf3b9.jpg","type":"image\/jpeg"}],"twitter_card":"summary_large_image","twitter_misc":{"\u041f\u0440\u0438\u043c\u0435\u0440\u043d\u043e\u0435 \u0432\u0440\u0435\u043c\u044f \u0434\u043b\u044f \u0447\u0442\u0435\u043d\u0438\u044f":"2 \u043c\u0438\u043d\u0443\u0442\u044b"},"schema":{"@context":"https:\/\/schema.org","@graph":[{"@type":"WebPage","@id":"https:\/\/modernteh.md\/catalog\/masina-pentru-decojirea-nucilor-verzi-dm-100n\/","url":"https:\/\/modernteh.md\/catalog\/masina-pentru-decojirea-nucilor-verzi-dm-100n\/","name":"Masina pentru decojirea nucilor verzi DM-100N - Modernteh","isPartOf":{"@id":"https:\/\/modernteh.md\/#website"},"datePublished":"2025-10-03T12:34:22+00:00","dateModified":"2025-10-03T12:34:23+00:00","description":"Masina pentru decojirea nucilor verzi Demetra DM-100N","breadcrumb":{"@id":"https:\/\/modernteh.md\/catalog\/masina-pentru-decojirea-nucilor-verzi-dm-100n\/#breadcrumb"},"inLanguage":"ru-RU","potentialAction":[{"@type":"ReadAction","target":["https:\/\/modernteh.md\/catalog\/masina-pentru-decojirea-nucilor-verzi-dm-100n\/"]}]},{"@type":"BreadcrumbList","@id":"https:\/\/modernteh.md\/catalog\/masina-pentru-decojirea-nucilor-verzi-dm-100n\/#breadcrumb","itemListElement":[{"@type":"ListItem","position":1,"name":"Prima pagin\u0103","item":"https:\/\/modernteh.md\/"},{"@type":"ListItem","position":2,"name":"Catalog","item":"https:\/\/modernteh.md\/catalog\/"},{"@type":"ListItem","position":3,"name":"Masina pentru decojirea nucilor verzi DM-100N"}]},{"@type":"WebSite","@id":"https:\/\/modernteh.md\/#website","url":"https:\/\/modernteh.md\/","name":"Modernteh","description":"Modernteh","publisher":{"@id":"https:\/\/modernteh.md\/#organization"},"potentialAction":[{"@type":"SearchAction","target":{"@type":"EntryPoint","urlTemplate":"https:\/\/modernteh.md\/?s={search_term_string}"},"query-input":"required name=search_term_string"}],"inLanguage":"ru-RU"},{"@type":"Organization","@id":"https:\/\/modernteh.md\/#organization","name":"Modernteh","url":"https:\/\/modernteh.md\/","logo":{"@type":"ImageObject","inLanguage":"ru-RU","@id":"https:\/\/modernteh.md\/#\/schema\/logo\/image\/","url":"https:\/\/modernteh.md\/wp-content\/uploads\/2022\/06\/Logo_site-2.png","contentUrl":"https:\/\/modernteh.md\/wp-content\/uploads\/2022\/06\/Logo_site-2.png","width":500,"height":487,"caption":"Modernteh"},"image":{"@id":"https:\/\/modernteh.md\/#\/schema\/logo\/image\/"},"sameAs":["https:\/\/www.facebook.com\/profile.php?id=100082695620019"]}]}},"_links":{"self":[{"href":"https:\/\/modernteh.md\/ru\/wp-json\/wp\/v2\/product\/4911","targetHints":{"allow":["GET"]}}],"collection":[{"href":"https:\/\/modernteh.md\/ru\/wp-json\/wp\/v2\/product"}],"about":[{"href":"https:\/\/modernteh.md\/ru\/wp-json\/wp\/v2\/types\/product"}],"wp:featuredmedia":[{"embeddable":true,"href":"https:\/\/modernteh.md\/ru\/wp-json\/wp\/v2\/media\/4912"}],"wp:attachment":[{"href":"https:\/\/modernteh.md\/ru\/wp-json\/wp\/v2\/media?parent=4911"}],"wp:term":[{"taxonomy":"product_cat","embeddable":true,"href":"https:\/\/modernteh.md\/ru\/wp-json\/wp\/v2\/product_cat?post=4911"},{"taxonomy":"product_tag","embeddable":true,"href":"https:\/\/modernteh.md\/ru\/wp-json\/wp\/v2\/product_tag?post=4911"}],"curies":[{"name":"wp","href":"https:\/\/api.w.org\/{rel}","templated":true}]}}