{"id":4933,"date":"2025-10-06T09:59:38","date_gmt":"2025-10-06T09:59:38","guid":{"rendered":"https:\/\/modernteh.md\/?post_type=product&#038;p=4933"},"modified":"2025-10-06T09:59:39","modified_gmt":"2025-10-06T09:59:39","slug":"bocanci-de-lucru-din-piele-intoarsa-si-tesatura-virf-din-otel-cafeni","status":"publish","type":"product","link":"https:\/\/modernteh.md\/ru\/catalog\/bocanci-de-lucru-din-piele-intoarsa-si-tesatura-virf-din-otel-cafeni\/","title":{"rendered":"Bocanci de lucru din piele intoarsa si tesatura virf din otel cafeni"},"content":{"rendered":"<p>Bocanci de lucru din piele intoarsa si tesatura virf din otel cafeni<\/p>\n<ul>\n<li class=\"leftDescListItem\">\n<p class=\"descItemTitle\">\u041e\u043f\u0438\u0441\u0430\u043d\u0438\u0435<\/p>\n<div>\n<p>Bocanci de lucru PROFMET, sunt fabrica\u021bi din piele \u00eentoars\u0103 \u0219i \u021bes\u0103tur\u0103.<\/p>\n<p>&#8211; Talp\u0103 rezistent\u0103 la ulei<\/p>\n<p>&#8211; Talp\u0103 rezistent\u0103 la alunecare<\/p>\n<p>&#8211; Talp\u0103 rezistent\u0103 la acizi<\/p>\n<p>&#8211; Talp\u0103 antistatic\u0103<\/p>\n<p>&#8211; Talp\u0103 rezistent\u0103 la punc\u021bie de p\u00e2n\u0103 la 1100 N<\/p>\n<p>&#8211; V\u00e2rful rezistent la impact de p\u00e2n\u0103 la 200 J<\/p>\n<p>&#8211; Absorb\u021bie \u0219ocurilor \u00een partea de c\u0103lc\u00e2iul<\/p>\n<p><strong>Clasa de protec\u021bie S1-P<\/strong><\/p>\n<p>Obiectele ascu\u021bite reprezint\u0103 un risc semnificativ nu numai la locul de munc\u0103, ci \u0219i \u00een aer liber \u0219i \u00een natur\u0103. T\u0103lpile \u00eenc\u0103l\u021b\u0103mintei de protec\u021bie trebuie s\u0103 fie rezistente la \u00een\u021bep\u0103turile provocate de cuie, sticl\u0103 \u0219i alte obiecte.<\/p>\n<p>&nbsp;<\/p>\n<p><img decoding=\"async\" src=\"https:\/\/profmet.md\/content-files\/phpFuVRgd\" \/><\/p>\n<\/div>\n<\/li>\n<li class=\"leftDescListItem\">\n<p class=\"descItemTitle\">Propriet\u0103\u021bi<\/p>\n<div class=\"characteristicsItem\"><span class=\"characteristicMiniTitle\">Materialul de producere:\u00a0<\/span><span class=\"characteristicValue\">piele \u00eentoars\u0103\/textil<\/span><\/div>\n<div class=\"characteristicsItem\"><span class=\"characteristicMiniTitle\">Tip:\u00a0<\/span><span class=\"characteristicValue\">bocanci<\/span><\/div>\n<div class=\"characteristicsItem\"><span class=\"characteristicMiniTitle\">Nivel de siguran\u021b\u0103:\u00a0<\/span><span class=\"characteristicValue\">S1P<\/span><\/div>\n<div class=\"characteristicsItem\"><span class=\"characteristicMiniTitle\">Culoare:\u00a0<\/span><span class=\"characteristicValue\">maro<\/span><\/div>\n<\/li>\n<li class=\"leftDescListItem\">\n<p class=\"descItemTitle\">Domeniu de aplicare<\/p>\n<div>\n<p>\u00cenc\u0103l\u021b\u0103mintea de protec\u021bie este utilizat\u0103 \u00eentr-o varietate de domenii, inclusiv:<\/p>\n<p><strong>Construc\u021bii\u00a0<\/strong>&#8211; \u00eenc\u0103l\u021b\u0103mintea special\u0103 pentru muncitorii din construc\u021bii trebuie s\u0103 protejeze picioarele de lovituri, \u00een\u021bep\u0103turi, c\u0103deri de obiecte \u0219i expunerea la substan\u021be periculoase.<\/p>\n<p><strong>Industrie\u00a0<\/strong>&#8211; \u00eenc\u0103l\u021b\u0103mintea special\u0103 pentru lucr\u0103torii industriali trebuie s\u0103 protejeze picioarele de deterior\u0103ri mecanice, temperaturi ridicate, substan\u021be chimice \u0219i alte pericole.<\/p>\n<p><strong>Agricultur\u0103<\/strong>\u00a0&#8211; \u00eenc\u0103l\u021b\u0103mintea special\u0103 pentru lucr\u0103torii din agricultur\u0103 trebuie s\u0103 protejeze picioarele \u00eempotriva r\u0103nilor, a expunerii la substan\u021be nocive \u0219i a condi\u021biilor meteorologice.<\/p>\n<\/div>\n<\/li>\n<\/ul>","protected":false},"excerpt":{"rendered":"<p>Bocanci de lucru din piele intoarsa si tesatura virf din otel cafeni Descriere Bocanci de lucru PROFMET, sunt fabrica\u021bi din<\/p>","protected":false},"featured_media":4937,"template":"","meta":[],"product_cat":[148],"product_tag":[],"class_list":{"0":"post-4933","1":"product","2":"type-product","3":"status-publish","4":"has-post-thumbnail","6":"product_cat-haine-si-incaltaminte-de-protectie","8":"first","9":"instock","10":"shipping-taxable","11":"purchasable","12":"product-type-variable"},"yoast_head":"<!-- This site is optimized with the Yoast SEO plugin v20.12 - https:\/\/yoast.com\/wordpress\/plugins\/seo\/ -->\n<title>Bocanci de lucru din piele intoarsa si tesatura virf din otel cafeni - Modernteh<\/title>\n<meta name=\"description\" content=\"Bocanci de lucru din piele intoarsa si tesatura virf din otel cafeni\" \/>\n<meta name=\"robots\" content=\"index, follow, max-snippet:-1, max-image-preview:large, max-video-preview:-1\" \/>\n<link rel=\"canonical\" href=\"https:\/\/modernteh.md\/ru\/catalog\/bocanci-de-lucru-din-piele-intoarsa-si-tesatura-virf-din-otel-cafeni\/\" \/>\n<meta property=\"og:locale\" content=\"ru_RU\" \/>\n<meta property=\"og:type\" content=\"article\" \/>\n<meta property=\"og:title\" content=\"Bocanci de lucru din piele intoarsa si tesatura virf din otel cafeni - Modernteh\" \/>\n<meta property=\"og:description\" content=\"Bocanci de lucru din piele intoarsa si tesatura virf din otel cafeni\" \/>\n<meta property=\"og:url\" content=\"https:\/\/modernteh.md\/ru\/catalog\/bocanci-de-lucru-din-piele-intoarsa-si-tesatura-virf-din-otel-cafeni\/\" \/>\n<meta property=\"og:site_name\" content=\"Modernteh\" \/>\n<meta property=\"article:publisher\" content=\"https:\/\/www.facebook.com\/profile.php?id=100082695620019\" \/>\n<meta property=\"article:modified_time\" content=\"2025-10-06T09:59:39+00:00\" \/>\n<meta property=\"og:image\" content=\"https:\/\/modernteh.md\/wp-content\/uploads\/2025\/10\/345640-679c8d1f7ded5020741465.webp\" \/>\n\t<meta property=\"og:image:width\" content=\"600\" \/>\n\t<meta property=\"og:image:height\" content=\"600\" \/>\n\t<meta property=\"og:image:type\" content=\"image\/webp\" \/>\n<meta name=\"twitter:card\" content=\"summary_large_image\" \/>\n<meta name=\"twitter:label1\" content=\"\u041f\u0440\u0438\u043c\u0435\u0440\u043d\u043e\u0435 \u0432\u0440\u0435\u043c\u044f \u0434\u043b\u044f \u0447\u0442\u0435\u043d\u0438\u044f\" \/>\n\t<meta name=\"twitter:data1\" content=\"2 \u043c\u0438\u043d\u0443\u0442\u044b\" \/>\n<script type=\"application\/ld+json\" class=\"yoast-schema-graph\">{\"@context\":\"https:\/\/schema.org\",\"@graph\":[{\"@type\":\"WebPage\",\"@id\":\"https:\/\/modernteh.md\/catalog\/bocanci-de-lucru-din-piele-intoarsa-si-tesatura-virf-din-otel-cafeni\/\",\"url\":\"https:\/\/modernteh.md\/catalog\/bocanci-de-lucru-din-piele-intoarsa-si-tesatura-virf-din-otel-cafeni\/\",\"name\":\"Bocanci de lucru din piele intoarsa si tesatura virf din otel cafeni - Modernteh\",\"isPartOf\":{\"@id\":\"https:\/\/modernteh.md\/#website\"},\"datePublished\":\"2025-10-06T09:59:38+00:00\",\"dateModified\":\"2025-10-06T09:59:39+00:00\",\"description\":\"Bocanci de lucru din piele intoarsa si tesatura virf din otel cafeni\",\"breadcrumb\":{\"@id\":\"https:\/\/modernteh.md\/catalog\/bocanci-de-lucru-din-piele-intoarsa-si-tesatura-virf-din-otel-cafeni\/#breadcrumb\"},\"inLanguage\":\"ru-RU\",\"potentialAction\":[{\"@type\":\"ReadAction\",\"target\":[\"https:\/\/modernteh.md\/catalog\/bocanci-de-lucru-din-piele-intoarsa-si-tesatura-virf-din-otel-cafeni\/\"]}]},{\"@type\":\"BreadcrumbList\",\"@id\":\"https:\/\/modernteh.md\/catalog\/bocanci-de-lucru-din-piele-intoarsa-si-tesatura-virf-din-otel-cafeni\/#breadcrumb\",\"itemListElement\":[{\"@type\":\"ListItem\",\"position\":1,\"name\":\"Prima pagin\u0103\",\"item\":\"https:\/\/modernteh.md\/\"},{\"@type\":\"ListItem\",\"position\":2,\"name\":\"Catalog\",\"item\":\"https:\/\/modernteh.md\/catalog\/\"},{\"@type\":\"ListItem\",\"position\":3,\"name\":\"Bocanci de lucru din piele intoarsa si tesatura virf din otel cafeni\"}]},{\"@type\":\"WebSite\",\"@id\":\"https:\/\/modernteh.md\/#website\",\"url\":\"https:\/\/modernteh.md\/\",\"name\":\"Modernteh\",\"description\":\"Modernteh\",\"publisher\":{\"@id\":\"https:\/\/modernteh.md\/#organization\"},\"potentialAction\":[{\"@type\":\"SearchAction\",\"target\":{\"@type\":\"EntryPoint\",\"urlTemplate\":\"https:\/\/modernteh.md\/?s={search_term_string}\"},\"query-input\":\"required name=search_term_string\"}],\"inLanguage\":\"ru-RU\"},{\"@type\":\"Organization\",\"@id\":\"https:\/\/modernteh.md\/#organization\",\"name\":\"Modernteh\",\"url\":\"https:\/\/modernteh.md\/\",\"logo\":{\"@type\":\"ImageObject\",\"inLanguage\":\"ru-RU\",\"@id\":\"https:\/\/modernteh.md\/#\/schema\/logo\/image\/\",\"url\":\"https:\/\/modernteh.md\/wp-content\/uploads\/2022\/06\/Logo_site-2.png\",\"contentUrl\":\"https:\/\/modernteh.md\/wp-content\/uploads\/2022\/06\/Logo_site-2.png\",\"width\":500,\"height\":487,\"caption\":\"Modernteh\"},\"image\":{\"@id\":\"https:\/\/modernteh.md\/#\/schema\/logo\/image\/\"},\"sameAs\":[\"https:\/\/www.facebook.com\/profile.php?id=100082695620019\"]}]}<\/script>\n<!-- \/ Yoast SEO plugin. -->","yoast_head_json":{"title":"Bocanci de lucru din piele intoarsa si tesatura virf din otel cafeni - Modernteh","description":"Bocanci de lucru din piele intoarsa si tesatura virf din otel cafeni","robots":{"index":"index","follow":"follow","max-snippet":"max-snippet:-1","max-image-preview":"max-image-preview:large","max-video-preview":"max-video-preview:-1"},"canonical":"https:\/\/modernteh.md\/ru\/catalog\/bocanci-de-lucru-din-piele-intoarsa-si-tesatura-virf-din-otel-cafeni\/","og_locale":"ru_RU","og_type":"article","og_title":"Bocanci de lucru din piele intoarsa si tesatura virf din otel cafeni - Modernteh","og_description":"Bocanci de lucru din piele intoarsa si tesatura virf din otel cafeni","og_url":"https:\/\/modernteh.md\/ru\/catalog\/bocanci-de-lucru-din-piele-intoarsa-si-tesatura-virf-din-otel-cafeni\/","og_site_name":"Modernteh","article_publisher":"https:\/\/www.facebook.com\/profile.php?id=100082695620019","article_modified_time":"2025-10-06T09:59:39+00:00","og_image":[{"width":600,"height":600,"url":"https:\/\/modernteh.md\/wp-content\/uploads\/2025\/10\/345640-679c8d1f7ded5020741465.webp","type":"image\/webp"}],"twitter_card":"summary_large_image","twitter_misc":{"\u041f\u0440\u0438\u043c\u0435\u0440\u043d\u043e\u0435 \u0432\u0440\u0435\u043c\u044f \u0434\u043b\u044f \u0447\u0442\u0435\u043d\u0438\u044f":"2 \u043c\u0438\u043d\u0443\u0442\u044b"},"schema":{"@context":"https:\/\/schema.org","@graph":[{"@type":"WebPage","@id":"https:\/\/modernteh.md\/catalog\/bocanci-de-lucru-din-piele-intoarsa-si-tesatura-virf-din-otel-cafeni\/","url":"https:\/\/modernteh.md\/catalog\/bocanci-de-lucru-din-piele-intoarsa-si-tesatura-virf-din-otel-cafeni\/","name":"Bocanci de lucru din piele intoarsa si tesatura virf din otel cafeni - Modernteh","isPartOf":{"@id":"https:\/\/modernteh.md\/#website"},"datePublished":"2025-10-06T09:59:38+00:00","dateModified":"2025-10-06T09:59:39+00:00","description":"Bocanci de lucru din piele intoarsa si tesatura virf din otel cafeni","breadcrumb":{"@id":"https:\/\/modernteh.md\/catalog\/bocanci-de-lucru-din-piele-intoarsa-si-tesatura-virf-din-otel-cafeni\/#breadcrumb"},"inLanguage":"ru-RU","potentialAction":[{"@type":"ReadAction","target":["https:\/\/modernteh.md\/catalog\/bocanci-de-lucru-din-piele-intoarsa-si-tesatura-virf-din-otel-cafeni\/"]}]},{"@type":"BreadcrumbList","@id":"https:\/\/modernteh.md\/catalog\/bocanci-de-lucru-din-piele-intoarsa-si-tesatura-virf-din-otel-cafeni\/#breadcrumb","itemListElement":[{"@type":"ListItem","position":1,"name":"Prima pagin\u0103","item":"https:\/\/modernteh.md\/"},{"@type":"ListItem","position":2,"name":"Catalog","item":"https:\/\/modernteh.md\/catalog\/"},{"@type":"ListItem","position":3,"name":"Bocanci de lucru din piele intoarsa si tesatura virf din otel cafeni"}]},{"@type":"WebSite","@id":"https:\/\/modernteh.md\/#website","url":"https:\/\/modernteh.md\/","name":"Modernteh","description":"Modernteh","publisher":{"@id":"https:\/\/modernteh.md\/#organization"},"potentialAction":[{"@type":"SearchAction","target":{"@type":"EntryPoint","urlTemplate":"https:\/\/modernteh.md\/?s={search_term_string}"},"query-input":"required name=search_term_string"}],"inLanguage":"ru-RU"},{"@type":"Organization","@id":"https:\/\/modernteh.md\/#organization","name":"Modernteh","url":"https:\/\/modernteh.md\/","logo":{"@type":"ImageObject","inLanguage":"ru-RU","@id":"https:\/\/modernteh.md\/#\/schema\/logo\/image\/","url":"https:\/\/modernteh.md\/wp-content\/uploads\/2022\/06\/Logo_site-2.png","contentUrl":"https:\/\/modernteh.md\/wp-content\/uploads\/2022\/06\/Logo_site-2.png","width":500,"height":487,"caption":"Modernteh"},"image":{"@id":"https:\/\/modernteh.md\/#\/schema\/logo\/image\/"},"sameAs":["https:\/\/www.facebook.com\/profile.php?id=100082695620019"]}]}},"_links":{"self":[{"href":"https:\/\/modernteh.md\/ru\/wp-json\/wp\/v2\/product\/4933","targetHints":{"allow":["GET"]}}],"collection":[{"href":"https:\/\/modernteh.md\/ru\/wp-json\/wp\/v2\/product"}],"about":[{"href":"https:\/\/modernteh.md\/ru\/wp-json\/wp\/v2\/types\/product"}],"wp:featuredmedia":[{"embeddable":true,"href":"https:\/\/modernteh.md\/ru\/wp-json\/wp\/v2\/media\/4937"}],"wp:attachment":[{"href":"https:\/\/modernteh.md\/ru\/wp-json\/wp\/v2\/media?parent=4933"}],"wp:term":[{"taxonomy":"product_cat","embeddable":true,"href":"https:\/\/modernteh.md\/ru\/wp-json\/wp\/v2\/product_cat?post=4933"},{"taxonomy":"product_tag","embeddable":true,"href":"https:\/\/modernteh.md\/ru\/wp-json\/wp\/v2\/product_tag?post=4933"}],"curies":[{"name":"wp","href":"https:\/\/api.w.org\/{rel}","templated":true}]}}