{"id":4966,"date":"2025-10-06T10:32:56","date_gmt":"2025-10-06T10:32:56","guid":{"rendered":"https:\/\/modernteh.md\/?post_type=product&#038;p=4966"},"modified":"2025-10-08T09:23:40","modified_gmt":"2025-10-08T09:23:40","slug":"captuseala-din-poliester-pentru-cizme-din-pvc","status":"publish","type":"product","link":"https:\/\/modernteh.md\/ru\/catalog\/captuseala-din-poliester-pentru-cizme-din-pvc\/","title":{"rendered":"Captuseala din poliester pentru cizme din PVC"},"content":{"rendered":"<p>Captuseala din poliester pentru cizme din PVC<\/p>\n<ul>\n<li class=\"leftDescListItem\">\n<div>\n<p>Fabricat\u0103 din poliester de \u00eenalt\u0103 calitate, aceast\u0103 izola\u021bie este conceput\u0103 pentru a oferi un nivel sporit de confort \u0219i c\u0103ldur\u0103 \u00een cizme. Materialul u\u0219or \u0219i c\u0103lduros p\u0103streaz\u0103 eficient c\u0103ldura \u0219i ofer\u0103 un strat suplimentar de izola\u021bie \u00een zilele reci.<\/p>\n<p>Beneficii:<\/p>\n<p>&#8211; U\u0219or \u0219i flexibil pentru un confort maxim.<\/p>\n<p>&#8211; P\u0103streaz\u0103 eficient c\u0103ldura \u00een interiorul \u00eenc\u0103l\u021b\u0103mintei.<\/p>\n<p>&#8211; Ideal pentru utilizare \u00een anotimpurile mai reci.<\/p>\n<\/div>\n<\/li>\n<li class=\"leftDescListItem\">\n<p class=\"descItemTitle\">Propriet\u0103\u021bi<\/p>\n<div class=\"characteristicsItem\"><span class=\"characteristicMiniTitle\">Materialul de producere:\u00a0<\/span><span class=\"characteristicValue\">poliester<\/span><\/div>\n<div class=\"characteristicsItem\"><span class=\"characteristicMiniTitle\">Tip:\u00a0<\/span><span class=\"characteristicValue\">c\u0103ptu\u0219eal\u0103 pentru cizme<\/span><\/div>\n<\/li>\n<li class=\"leftDescListItem\">\n<p class=\"descItemTitle\">Domeniu de aplicare<\/p>\n<div>\n<p>O solu\u021bie excelent\u0103 pentru cei care caut\u0103 o izola\u021bie suplimentar\u0103 pentru \u00eenc\u0103l\u021b\u0103minte \u00een lunile mai reci.<\/p>\n<p>Potrivite pentru diferite tipuri de cizme, asigur\u00e2nd c\u0103ldur\u0103 \u0219i confort \u00een cele mai nefavorabile condi\u021bii meteorologice.<\/p>\n<\/div>\n<\/li>\n<\/ul>","protected":false},"excerpt":{"rendered":"<p>Captuseala din poliester pentru cizme din PVC Fabricat\u0103 din poliester de \u00eenalt\u0103 calitate, aceast\u0103 izola\u021bie este conceput\u0103 pentru a oferi<\/p>","protected":false},"featured_media":4970,"template":"","meta":[],"product_cat":[148],"product_tag":[],"class_list":{"0":"post-4966","1":"product","2":"type-product","3":"status-publish","4":"has-post-thumbnail","6":"product_cat-haine-si-incaltaminte-de-protectie","8":"first","9":"instock","10":"shipping-taxable","11":"purchasable","12":"product-type-variable"},"yoast_head":"<!-- This site is optimized with the Yoast SEO plugin v20.12 - https:\/\/yoast.com\/wordpress\/plugins\/seo\/ -->\n<title>Captuseala din poliester pentru cizme din PVC - Modernteh<\/title>\n<meta name=\"description\" content=\"Captuseala din poliester pentru cizme din PVC\" \/>\n<meta name=\"robots\" content=\"index, follow, max-snippet:-1, max-image-preview:large, max-video-preview:-1\" \/>\n<link rel=\"canonical\" href=\"https:\/\/modernteh.md\/ru\/catalog\/captuseala-din-poliester-pentru-cizme-din-pvc\/\" \/>\n<meta property=\"og:locale\" content=\"ru_RU\" \/>\n<meta property=\"og:type\" content=\"article\" \/>\n<meta property=\"og:title\" content=\"Captuseala din poliester pentru cizme din PVC - Modernteh\" \/>\n<meta property=\"og:description\" content=\"Captuseala din poliester pentru cizme din PVC\" \/>\n<meta property=\"og:url\" content=\"https:\/\/modernteh.md\/ru\/catalog\/captuseala-din-poliester-pentru-cizme-din-pvc\/\" \/>\n<meta property=\"og:site_name\" content=\"Modernteh\" \/>\n<meta property=\"article:publisher\" content=\"https:\/\/www.facebook.com\/profile.php?id=100082695620019\" \/>\n<meta property=\"article:modified_time\" content=\"2025-10-08T09:23:40+00:00\" \/>\n<meta property=\"og:image\" content=\"https:\/\/modernteh.md\/wp-content\/uploads\/2025\/10\/sait-344245-64d4fad7bd15e229227212.webp\" \/>\n\t<meta property=\"og:image:width\" content=\"600\" \/>\n\t<meta property=\"og:image:height\" content=\"600\" \/>\n\t<meta property=\"og:image:type\" content=\"image\/webp\" \/>\n<meta name=\"twitter:card\" content=\"summary_large_image\" \/>\n<meta name=\"twitter:label1\" content=\"\u041f\u0440\u0438\u043c\u0435\u0440\u043d\u043e\u0435 \u0432\u0440\u0435\u043c\u044f \u0434\u043b\u044f \u0447\u0442\u0435\u043d\u0438\u044f\" \/>\n\t<meta name=\"twitter:data1\" content=\"1 \u043c\u0438\u043d\u0443\u0442\u0430\" \/>\n<script type=\"application\/ld+json\" class=\"yoast-schema-graph\">{\"@context\":\"https:\/\/schema.org\",\"@graph\":[{\"@type\":\"WebPage\",\"@id\":\"https:\/\/modernteh.md\/catalog\/captuseala-din-poliester-pentru-cizme-din-pvc\/\",\"url\":\"https:\/\/modernteh.md\/catalog\/captuseala-din-poliester-pentru-cizme-din-pvc\/\",\"name\":\"Captuseala din poliester pentru cizme din PVC - Modernteh\",\"isPartOf\":{\"@id\":\"https:\/\/modernteh.md\/#website\"},\"datePublished\":\"2025-10-06T10:32:56+00:00\",\"dateModified\":\"2025-10-08T09:23:40+00:00\",\"description\":\"Captuseala din poliester pentru cizme din PVC\",\"breadcrumb\":{\"@id\":\"https:\/\/modernteh.md\/catalog\/captuseala-din-poliester-pentru-cizme-din-pvc\/#breadcrumb\"},\"inLanguage\":\"ru-RU\",\"potentialAction\":[{\"@type\":\"ReadAction\",\"target\":[\"https:\/\/modernteh.md\/catalog\/captuseala-din-poliester-pentru-cizme-din-pvc\/\"]}]},{\"@type\":\"BreadcrumbList\",\"@id\":\"https:\/\/modernteh.md\/catalog\/captuseala-din-poliester-pentru-cizme-din-pvc\/#breadcrumb\",\"itemListElement\":[{\"@type\":\"ListItem\",\"position\":1,\"name\":\"Prima pagin\u0103\",\"item\":\"https:\/\/modernteh.md\/\"},{\"@type\":\"ListItem\",\"position\":2,\"name\":\"Catalog\",\"item\":\"https:\/\/modernteh.md\/catalog\/\"},{\"@type\":\"ListItem\",\"position\":3,\"name\":\"Captuseala din poliester pentru cizme din PVC\"}]},{\"@type\":\"WebSite\",\"@id\":\"https:\/\/modernteh.md\/#website\",\"url\":\"https:\/\/modernteh.md\/\",\"name\":\"Modernteh\",\"description\":\"Modernteh\",\"publisher\":{\"@id\":\"https:\/\/modernteh.md\/#organization\"},\"potentialAction\":[{\"@type\":\"SearchAction\",\"target\":{\"@type\":\"EntryPoint\",\"urlTemplate\":\"https:\/\/modernteh.md\/?s={search_term_string}\"},\"query-input\":\"required name=search_term_string\"}],\"inLanguage\":\"ru-RU\"},{\"@type\":\"Organization\",\"@id\":\"https:\/\/modernteh.md\/#organization\",\"name\":\"Modernteh\",\"url\":\"https:\/\/modernteh.md\/\",\"logo\":{\"@type\":\"ImageObject\",\"inLanguage\":\"ru-RU\",\"@id\":\"https:\/\/modernteh.md\/#\/schema\/logo\/image\/\",\"url\":\"https:\/\/modernteh.md\/wp-content\/uploads\/2022\/06\/Logo_site-2.png\",\"contentUrl\":\"https:\/\/modernteh.md\/wp-content\/uploads\/2022\/06\/Logo_site-2.png\",\"width\":500,\"height\":487,\"caption\":\"Modernteh\"},\"image\":{\"@id\":\"https:\/\/modernteh.md\/#\/schema\/logo\/image\/\"},\"sameAs\":[\"https:\/\/www.facebook.com\/profile.php?id=100082695620019\"]}]}<\/script>\n<!-- \/ Yoast SEO plugin. -->","yoast_head_json":{"title":"Captuseala din poliester pentru cizme din PVC - Modernteh","description":"Captuseala din poliester pentru cizme din PVC","robots":{"index":"index","follow":"follow","max-snippet":"max-snippet:-1","max-image-preview":"max-image-preview:large","max-video-preview":"max-video-preview:-1"},"canonical":"https:\/\/modernteh.md\/ru\/catalog\/captuseala-din-poliester-pentru-cizme-din-pvc\/","og_locale":"ru_RU","og_type":"article","og_title":"Captuseala din poliester pentru cizme din PVC - Modernteh","og_description":"Captuseala din poliester pentru cizme din PVC","og_url":"https:\/\/modernteh.md\/ru\/catalog\/captuseala-din-poliester-pentru-cizme-din-pvc\/","og_site_name":"Modernteh","article_publisher":"https:\/\/www.facebook.com\/profile.php?id=100082695620019","article_modified_time":"2025-10-08T09:23:40+00:00","og_image":[{"width":600,"height":600,"url":"https:\/\/modernteh.md\/wp-content\/uploads\/2025\/10\/sait-344245-64d4fad7bd15e229227212.webp","type":"image\/webp"}],"twitter_card":"summary_large_image","twitter_misc":{"\u041f\u0440\u0438\u043c\u0435\u0440\u043d\u043e\u0435 \u0432\u0440\u0435\u043c\u044f \u0434\u043b\u044f \u0447\u0442\u0435\u043d\u0438\u044f":"1 \u043c\u0438\u043d\u0443\u0442\u0430"},"schema":{"@context":"https:\/\/schema.org","@graph":[{"@type":"WebPage","@id":"https:\/\/modernteh.md\/catalog\/captuseala-din-poliester-pentru-cizme-din-pvc\/","url":"https:\/\/modernteh.md\/catalog\/captuseala-din-poliester-pentru-cizme-din-pvc\/","name":"Captuseala din poliester pentru cizme din PVC - Modernteh","isPartOf":{"@id":"https:\/\/modernteh.md\/#website"},"datePublished":"2025-10-06T10:32:56+00:00","dateModified":"2025-10-08T09:23:40+00:00","description":"Captuseala din poliester pentru cizme din PVC","breadcrumb":{"@id":"https:\/\/modernteh.md\/catalog\/captuseala-din-poliester-pentru-cizme-din-pvc\/#breadcrumb"},"inLanguage":"ru-RU","potentialAction":[{"@type":"ReadAction","target":["https:\/\/modernteh.md\/catalog\/captuseala-din-poliester-pentru-cizme-din-pvc\/"]}]},{"@type":"BreadcrumbList","@id":"https:\/\/modernteh.md\/catalog\/captuseala-din-poliester-pentru-cizme-din-pvc\/#breadcrumb","itemListElement":[{"@type":"ListItem","position":1,"name":"Prima pagin\u0103","item":"https:\/\/modernteh.md\/"},{"@type":"ListItem","position":2,"name":"Catalog","item":"https:\/\/modernteh.md\/catalog\/"},{"@type":"ListItem","position":3,"name":"Captuseala din poliester pentru cizme din PVC"}]},{"@type":"WebSite","@id":"https:\/\/modernteh.md\/#website","url":"https:\/\/modernteh.md\/","name":"Modernteh","description":"Modernteh","publisher":{"@id":"https:\/\/modernteh.md\/#organization"},"potentialAction":[{"@type":"SearchAction","target":{"@type":"EntryPoint","urlTemplate":"https:\/\/modernteh.md\/?s={search_term_string}"},"query-input":"required name=search_term_string"}],"inLanguage":"ru-RU"},{"@type":"Organization","@id":"https:\/\/modernteh.md\/#organization","name":"Modernteh","url":"https:\/\/modernteh.md\/","logo":{"@type":"ImageObject","inLanguage":"ru-RU","@id":"https:\/\/modernteh.md\/#\/schema\/logo\/image\/","url":"https:\/\/modernteh.md\/wp-content\/uploads\/2022\/06\/Logo_site-2.png","contentUrl":"https:\/\/modernteh.md\/wp-content\/uploads\/2022\/06\/Logo_site-2.png","width":500,"height":487,"caption":"Modernteh"},"image":{"@id":"https:\/\/modernteh.md\/#\/schema\/logo\/image\/"},"sameAs":["https:\/\/www.facebook.com\/profile.php?id=100082695620019"]}]}},"_links":{"self":[{"href":"https:\/\/modernteh.md\/ru\/wp-json\/wp\/v2\/product\/4966","targetHints":{"allow":["GET"]}}],"collection":[{"href":"https:\/\/modernteh.md\/ru\/wp-json\/wp\/v2\/product"}],"about":[{"href":"https:\/\/modernteh.md\/ru\/wp-json\/wp\/v2\/types\/product"}],"wp:featuredmedia":[{"embeddable":true,"href":"https:\/\/modernteh.md\/ru\/wp-json\/wp\/v2\/media\/4970"}],"wp:attachment":[{"href":"https:\/\/modernteh.md\/ru\/wp-json\/wp\/v2\/media?parent=4966"}],"wp:term":[{"taxonomy":"product_cat","embeddable":true,"href":"https:\/\/modernteh.md\/ru\/wp-json\/wp\/v2\/product_cat?post=4966"},{"taxonomy":"product_tag","embeddable":true,"href":"https:\/\/modernteh.md\/ru\/wp-json\/wp\/v2\/product_tag?post=4966"}],"curies":[{"name":"wp","href":"https:\/\/api.w.org\/{rel}","templated":true}]}}