{"id":4977,"date":"2025-10-06T10:41:56","date_gmt":"2025-10-06T10:41:56","guid":{"rendered":"https:\/\/modernteh.md\/?post_type=product&#038;p=4977"},"modified":"2025-10-06T10:41:57","modified_gmt":"2025-10-06T10:41:57","slug":"jacheta-de-lucru-60-bumbac-40-poliester-twill-culoarea-sur-negru-rosu","status":"publish","type":"product","link":"https:\/\/modernteh.md\/ru\/catalog\/jacheta-de-lucru-60-bumbac-40-poliester-twill-culoarea-sur-negru-rosu\/","title":{"rendered":"Jacheta de lucru, 60% bumbac \/ 40% poliester (twill) culoarea sur\/negru\/rosu"},"content":{"rendered":"<p>Jacheta de lucru, 60% bumbac \/ 40% poliester (twill) culoarea sur\/negru\/rosu<\/p>\n<ul>\n<li class=\"leftDescListItem\">\n<div>\n<p><strong>Jacheta de lucru PROFMET<\/strong>\u00a0este fabricat\u0103 din 60% bumbac \u0219i 40% poliester, asigur\u00e2nd durabilitate, confort \u0219i protec\u021bie. Dispune de 4 buzunare \u00eenc\u0103p\u0103toare, ideale pentru depozitarea uneltelor \u0219i obiectelor mici.<\/p>\n<p>\u00cembr\u0103c\u0103mintea de protec\u021bie PROFMET este potrivit\u0103 pentru utilizare at\u00e2t \u00een interior, c\u00e2t \u0219i \u00een exterior.<\/p>\n<p><strong>Avantaje:<\/strong><\/p>\n<p>\u2022\u00a0<strong>Protec\u021bie termic\u0103 \u00eembun\u0103t\u0103\u021bit\u0103<\/strong>\u00a0\u2013 men\u021bine c\u0103ldura \u00een condi\u021bii de frig.<br \/>\n\u2022\u00a0<strong>Rezisten\u021b\u0103 ridicat\u0103 la rupere<\/strong>\u00a0\u2013 material solid \u0219i durabil.<br \/>\n\u2022\u00a0<strong>Protec\u021bie \u00eempotriva v\u00e2ntului<\/strong>\u00a0\u2013 reduce p\u0103trunderea curen\u021bilor de aer.<br \/>\n\u2022\u00a0<strong>Rezisten\u021b\u0103 la pete \u0219i murd\u0103rie<\/strong>\u00a0\u2013 se cur\u0103\u021b\u0103 u\u0219or \u0219i ofer\u0103 protec\u021bie suplimentar\u0103.<br \/>\n\u2022\u00a0<strong>Adaptabilitate<\/strong>\u00a0\u2013 potrivit\u0103 pentru diverse condi\u021bii de munc\u0103: frig, praf, v\u00e2nt, lumin\u0103 slab\u0103.<\/p>\n<p>Cump\u0103r\u0103 jachet\u0103 de lucru PROFMET \u00een Moldova cu livrare rapid\u0103 \u00een Chi\u0219in\u0103u \u0219i \u00een \u00eentreaga \u021bar\u0103. Material rezistent, protec\u021bie \u00eempotriva frigului, v\u00e2ntului \u0219i murd\u0103riei. Perfect\u0103 pentru construc\u021bii, logistic\u0103 \u0219i service auto!<\/p>\n<\/div>\n<\/li>\n<li class=\"leftDescListItem\">\n<p class=\"descItemTitle\">Propriet\u0103\u021bi<\/p>\n<div class=\"characteristicsItem\"><span class=\"characteristicMiniTitle\">Materialul de producere:\u00a0<\/span><span class=\"characteristicValue\">60% bumbac \/ 40% polyester<\/span><\/div>\n<div class=\"characteristicsItem\"><span class=\"characteristicMiniTitle\">M\u0103rime:\u00a0<\/span><span class=\"characteristicValue\">XL<\/span><\/div>\n<div class=\"characteristicsItem\"><span class=\"characteristicMiniTitle\">Numarul de buzunare:\u00a0<\/span><span class=\"characteristicValue\">4<\/span><\/div>\n<div class=\"characteristicsItem\"><span class=\"characteristicMiniTitle\">Tip:\u00a0<\/span><span class=\"characteristicValue\">jachet\u0103 de lucru<\/span><\/div>\n<\/li>\n<li class=\"leftDescListItem\">\n<p class=\"descItemTitle\">Domeniu de aplicare<\/p>\n<div>\n<p>\u2022\u00a0<strong>Construc\u021bii \u0219i renov\u0103ri<\/strong>\u00a0\u2013 protec\u021bie \u00eempotriva murd\u0103riei \u0219i deterior\u0103rii.<br \/>\n\u2022\u00a0<strong>Produc\u021bie industrial\u0103<\/strong>\u00a0\u2013 echipament confortabil pentru muncitori.<br \/>\n\u2022\u00a0<strong>Depozite \u0219i logistic\u0103<\/strong>\u00a0\u2013 ofer\u0103 flexibilitate \u00een mi\u0219care.<br \/>\n\u2022\u00a0<strong>Service auto \u0219i \u00eentre\u021binere tehnic\u0103<\/strong>\u00a0\u2013 protec\u021bie \u00eempotriva uleiului \u0219i murd\u0103riei.<br \/>\n\u2022\u00a0<strong>Lucr\u0103ri \u00een aer liber<\/strong>\u00a0\u2013 \u00eembr\u0103c\u0103minte de lucru adaptat\u0103 la condi\u021bii dificile<\/p>\n<\/div>\n<\/li>\n<\/ul>","protected":false},"excerpt":{"rendered":"<p>Jacheta de lucru, 60% bumbac \/ 40% poliester (twill) culoarea sur\/negru\/rosu Jacheta de lucru PROFMET\u00a0este fabricat\u0103 din 60% bumbac \u0219i<\/p>","protected":false},"featured_media":4978,"template":"","meta":[],"product_cat":[148],"product_tag":[],"class_list":{"0":"post-4977","1":"product","2":"type-product","3":"status-publish","4":"has-post-thumbnail","6":"product_cat-haine-si-incaltaminte-de-protectie","8":"first","9":"instock","10":"shipping-taxable","11":"purchasable","12":"product-type-simple"},"yoast_head":"<!-- This site is optimized with the Yoast SEO plugin v20.12 - https:\/\/yoast.com\/wordpress\/plugins\/seo\/ -->\n<title>Jacheta de lucru, 60% bumbac \/ 40% poliester (twill) culoarea sur\/negru\/rosu - Modernteh<\/title>\n<meta name=\"description\" content=\"Jacheta de lucru, 60% bumbac \/ 40% poliester (twill) culoarea sur\/negru\/rosu\" \/>\n<meta name=\"robots\" content=\"index, follow, max-snippet:-1, max-image-preview:large, max-video-preview:-1\" \/>\n<link rel=\"canonical\" href=\"https:\/\/modernteh.md\/ru\/catalog\/jacheta-de-lucru-60-bumbac-40-poliester-twill-culoarea-sur-negru-rosu\/\" \/>\n<meta property=\"og:locale\" content=\"ru_RU\" \/>\n<meta property=\"og:type\" content=\"article\" \/>\n<meta property=\"og:title\" content=\"Jacheta de lucru, 60% bumbac \/ 40% poliester (twill) culoarea sur\/negru\/rosu - Modernteh\" \/>\n<meta property=\"og:description\" content=\"Jacheta de lucru, 60% bumbac \/ 40% poliester (twill) culoarea sur\/negru\/rosu\" \/>\n<meta property=\"og:url\" content=\"https:\/\/modernteh.md\/ru\/catalog\/jacheta-de-lucru-60-bumbac-40-poliester-twill-culoarea-sur-negru-rosu\/\" \/>\n<meta property=\"og:site_name\" content=\"Modernteh\" \/>\n<meta property=\"article:publisher\" content=\"https:\/\/www.facebook.com\/profile.php?id=100082695620019\" \/>\n<meta property=\"article:modified_time\" content=\"2025-10-06T10:41:57+00:00\" \/>\n<meta property=\"og:image\" content=\"https:\/\/modernteh.md\/wp-content\/uploads\/2025\/10\/365532-6347dc7eda622394065763.webp\" \/>\n\t<meta property=\"og:image:width\" content=\"600\" \/>\n\t<meta property=\"og:image:height\" content=\"600\" \/>\n\t<meta property=\"og:image:type\" content=\"image\/webp\" \/>\n<meta name=\"twitter:card\" content=\"summary_large_image\" \/>\n<meta name=\"twitter:label1\" content=\"\u041f\u0440\u0438\u043c\u0435\u0440\u043d\u043e\u0435 \u0432\u0440\u0435\u043c\u044f \u0434\u043b\u044f \u0447\u0442\u0435\u043d\u0438\u044f\" \/>\n\t<meta name=\"twitter:data1\" content=\"2 \u043c\u0438\u043d\u0443\u0442\u044b\" \/>\n<script type=\"application\/ld+json\" class=\"yoast-schema-graph\">{\"@context\":\"https:\/\/schema.org\",\"@graph\":[{\"@type\":\"WebPage\",\"@id\":\"https:\/\/modernteh.md\/catalog\/jacheta-de-lucru-60-bumbac-40-poliester-twill-culoarea-sur-negru-rosu\/\",\"url\":\"https:\/\/modernteh.md\/catalog\/jacheta-de-lucru-60-bumbac-40-poliester-twill-culoarea-sur-negru-rosu\/\",\"name\":\"Jacheta de lucru, 60% bumbac \/ 40% poliester (twill) culoarea sur\/negru\/rosu - Modernteh\",\"isPartOf\":{\"@id\":\"https:\/\/modernteh.md\/#website\"},\"datePublished\":\"2025-10-06T10:41:56+00:00\",\"dateModified\":\"2025-10-06T10:41:57+00:00\",\"description\":\"Jacheta de lucru, 60% bumbac \/ 40% poliester (twill) culoarea sur\/negru\/rosu\",\"breadcrumb\":{\"@id\":\"https:\/\/modernteh.md\/catalog\/jacheta-de-lucru-60-bumbac-40-poliester-twill-culoarea-sur-negru-rosu\/#breadcrumb\"},\"inLanguage\":\"ru-RU\",\"potentialAction\":[{\"@type\":\"ReadAction\",\"target\":[\"https:\/\/modernteh.md\/catalog\/jacheta-de-lucru-60-bumbac-40-poliester-twill-culoarea-sur-negru-rosu\/\"]}]},{\"@type\":\"BreadcrumbList\",\"@id\":\"https:\/\/modernteh.md\/catalog\/jacheta-de-lucru-60-bumbac-40-poliester-twill-culoarea-sur-negru-rosu\/#breadcrumb\",\"itemListElement\":[{\"@type\":\"ListItem\",\"position\":1,\"name\":\"Prima pagin\u0103\",\"item\":\"https:\/\/modernteh.md\/\"},{\"@type\":\"ListItem\",\"position\":2,\"name\":\"Catalog\",\"item\":\"https:\/\/modernteh.md\/catalog\/\"},{\"@type\":\"ListItem\",\"position\":3,\"name\":\"Jacheta de lucru, 60% bumbac \/ 40% poliester (twill) culoarea sur\/negru\/rosu\"}]},{\"@type\":\"WebSite\",\"@id\":\"https:\/\/modernteh.md\/#website\",\"url\":\"https:\/\/modernteh.md\/\",\"name\":\"Modernteh\",\"description\":\"Modernteh\",\"publisher\":{\"@id\":\"https:\/\/modernteh.md\/#organization\"},\"potentialAction\":[{\"@type\":\"SearchAction\",\"target\":{\"@type\":\"EntryPoint\",\"urlTemplate\":\"https:\/\/modernteh.md\/?s={search_term_string}\"},\"query-input\":\"required name=search_term_string\"}],\"inLanguage\":\"ru-RU\"},{\"@type\":\"Organization\",\"@id\":\"https:\/\/modernteh.md\/#organization\",\"name\":\"Modernteh\",\"url\":\"https:\/\/modernteh.md\/\",\"logo\":{\"@type\":\"ImageObject\",\"inLanguage\":\"ru-RU\",\"@id\":\"https:\/\/modernteh.md\/#\/schema\/logo\/image\/\",\"url\":\"https:\/\/modernteh.md\/wp-content\/uploads\/2022\/06\/Logo_site-2.png\",\"contentUrl\":\"https:\/\/modernteh.md\/wp-content\/uploads\/2022\/06\/Logo_site-2.png\",\"width\":500,\"height\":487,\"caption\":\"Modernteh\"},\"image\":{\"@id\":\"https:\/\/modernteh.md\/#\/schema\/logo\/image\/\"},\"sameAs\":[\"https:\/\/www.facebook.com\/profile.php?id=100082695620019\"]}]}<\/script>\n<!-- \/ Yoast SEO plugin. -->","yoast_head_json":{"title":"Jacheta de lucru, 60% bumbac \/ 40% poliester (twill) culoarea sur\/negru\/rosu - Modernteh","description":"Jacheta de lucru, 60% bumbac \/ 40% poliester (twill) culoarea sur\/negru\/rosu","robots":{"index":"index","follow":"follow","max-snippet":"max-snippet:-1","max-image-preview":"max-image-preview:large","max-video-preview":"max-video-preview:-1"},"canonical":"https:\/\/modernteh.md\/ru\/catalog\/jacheta-de-lucru-60-bumbac-40-poliester-twill-culoarea-sur-negru-rosu\/","og_locale":"ru_RU","og_type":"article","og_title":"Jacheta de lucru, 60% bumbac \/ 40% poliester (twill) culoarea sur\/negru\/rosu - Modernteh","og_description":"Jacheta de lucru, 60% bumbac \/ 40% poliester (twill) culoarea sur\/negru\/rosu","og_url":"https:\/\/modernteh.md\/ru\/catalog\/jacheta-de-lucru-60-bumbac-40-poliester-twill-culoarea-sur-negru-rosu\/","og_site_name":"Modernteh","article_publisher":"https:\/\/www.facebook.com\/profile.php?id=100082695620019","article_modified_time":"2025-10-06T10:41:57+00:00","og_image":[{"width":600,"height":600,"url":"https:\/\/modernteh.md\/wp-content\/uploads\/2025\/10\/365532-6347dc7eda622394065763.webp","type":"image\/webp"}],"twitter_card":"summary_large_image","twitter_misc":{"\u041f\u0440\u0438\u043c\u0435\u0440\u043d\u043e\u0435 \u0432\u0440\u0435\u043c\u044f \u0434\u043b\u044f \u0447\u0442\u0435\u043d\u0438\u044f":"2 \u043c\u0438\u043d\u0443\u0442\u044b"},"schema":{"@context":"https:\/\/schema.org","@graph":[{"@type":"WebPage","@id":"https:\/\/modernteh.md\/catalog\/jacheta-de-lucru-60-bumbac-40-poliester-twill-culoarea-sur-negru-rosu\/","url":"https:\/\/modernteh.md\/catalog\/jacheta-de-lucru-60-bumbac-40-poliester-twill-culoarea-sur-negru-rosu\/","name":"Jacheta de lucru, 60% bumbac \/ 40% poliester (twill) culoarea sur\/negru\/rosu - Modernteh","isPartOf":{"@id":"https:\/\/modernteh.md\/#website"},"datePublished":"2025-10-06T10:41:56+00:00","dateModified":"2025-10-06T10:41:57+00:00","description":"Jacheta de lucru, 60% bumbac \/ 40% poliester (twill) culoarea sur\/negru\/rosu","breadcrumb":{"@id":"https:\/\/modernteh.md\/catalog\/jacheta-de-lucru-60-bumbac-40-poliester-twill-culoarea-sur-negru-rosu\/#breadcrumb"},"inLanguage":"ru-RU","potentialAction":[{"@type":"ReadAction","target":["https:\/\/modernteh.md\/catalog\/jacheta-de-lucru-60-bumbac-40-poliester-twill-culoarea-sur-negru-rosu\/"]}]},{"@type":"BreadcrumbList","@id":"https:\/\/modernteh.md\/catalog\/jacheta-de-lucru-60-bumbac-40-poliester-twill-culoarea-sur-negru-rosu\/#breadcrumb","itemListElement":[{"@type":"ListItem","position":1,"name":"Prima pagin\u0103","item":"https:\/\/modernteh.md\/"},{"@type":"ListItem","position":2,"name":"Catalog","item":"https:\/\/modernteh.md\/catalog\/"},{"@type":"ListItem","position":3,"name":"Jacheta de lucru, 60% bumbac \/ 40% poliester (twill) culoarea sur\/negru\/rosu"}]},{"@type":"WebSite","@id":"https:\/\/modernteh.md\/#website","url":"https:\/\/modernteh.md\/","name":"Modernteh","description":"Modernteh","publisher":{"@id":"https:\/\/modernteh.md\/#organization"},"potentialAction":[{"@type":"SearchAction","target":{"@type":"EntryPoint","urlTemplate":"https:\/\/modernteh.md\/?s={search_term_string}"},"query-input":"required name=search_term_string"}],"inLanguage":"ru-RU"},{"@type":"Organization","@id":"https:\/\/modernteh.md\/#organization","name":"Modernteh","url":"https:\/\/modernteh.md\/","logo":{"@type":"ImageObject","inLanguage":"ru-RU","@id":"https:\/\/modernteh.md\/#\/schema\/logo\/image\/","url":"https:\/\/modernteh.md\/wp-content\/uploads\/2022\/06\/Logo_site-2.png","contentUrl":"https:\/\/modernteh.md\/wp-content\/uploads\/2022\/06\/Logo_site-2.png","width":500,"height":487,"caption":"Modernteh"},"image":{"@id":"https:\/\/modernteh.md\/#\/schema\/logo\/image\/"},"sameAs":["https:\/\/www.facebook.com\/profile.php?id=100082695620019"]}]}},"_links":{"self":[{"href":"https:\/\/modernteh.md\/ru\/wp-json\/wp\/v2\/product\/4977","targetHints":{"allow":["GET"]}}],"collection":[{"href":"https:\/\/modernteh.md\/ru\/wp-json\/wp\/v2\/product"}],"about":[{"href":"https:\/\/modernteh.md\/ru\/wp-json\/wp\/v2\/types\/product"}],"wp:featuredmedia":[{"embeddable":true,"href":"https:\/\/modernteh.md\/ru\/wp-json\/wp\/v2\/media\/4978"}],"wp:attachment":[{"href":"https:\/\/modernteh.md\/ru\/wp-json\/wp\/v2\/media?parent=4977"}],"wp:term":[{"taxonomy":"product_cat","embeddable":true,"href":"https:\/\/modernteh.md\/ru\/wp-json\/wp\/v2\/product_cat?post=4977"},{"taxonomy":"product_tag","embeddable":true,"href":"https:\/\/modernteh.md\/ru\/wp-json\/wp\/v2\/product_tag?post=4977"}],"curies":[{"name":"wp","href":"https:\/\/api.w.org\/{rel}","templated":true}]}}