{"id":5000,"date":"2025-10-10T08:59:41","date_gmt":"2025-10-10T08:59:41","guid":{"rendered":"https:\/\/modernteh.md\/?post_type=product&#038;p=5000"},"modified":"2026-01-13T09:30:21","modified_gmt":"2026-01-13T09:30:21","slug":"tocator-de-crengi-9-cp-60bd","status":"publish","type":"product","link":"https:\/\/modernteh.md\/ru\/catalog\/tocator-de-crengi-9-cp-60bd\/","title":{"rendered":"Toc\u0103tor de crengi (7 CP) 60BD"},"content":{"rendered":"<p>Toc\u0103tor de crengi (7 CP) 60BD<\/p>\n<p>Toc\u0103torul de Crengi\u00a0<strong>DE-60G<\/strong> este solu\u021bia ideal\u0103 pentru procesarea crengilor, \u0219ipcilor \u0219i altor tipuri de de\u0219euri din lemn. Cu ajutorul acestuia, transformi resturile lemnoase \u00een buc\u0103\u021bi de 50-80 mm, perfecte pentru utilizare ulterioar\u0103, cum ar fi arderea sau compostarea acestora. Acest toc\u0103tor performant, echipat cu un motor puternic pe benzin\u0103 de 7 c.p., ofer\u0103 o capacitate de produc\u021bie de p\u00e2n\u0103 la 2 m\u00b3\/h, fiind potrivit at\u00e2t pentru utilizare casnic\u0103, c\u00e2t \u0219i pentru ferme sau mici ateliere de prelucrare a lemnului.<\/p>\n<p>Func\u021bii Principale:<br \/>\n&#8211;\u00a0<strong>Eficien\u021b\u0103 ridicat\u0103<\/strong><br \/>\nCapacitate de produc\u021bie de 2 m\u00b3\/h, ideal\u0103 pentru cantit\u0103\u021bi mari de de\u0219euri lemnoase.<\/p>\n<p>&#8211;\u00a0<strong>Motor puternic<\/strong><br \/>\nMotor pe benzin\u0103 de 7 c.p., asigur\u00e2nd o func\u021bionare stabil\u0103 \u0219i performant\u0103.<\/p>\n<p>&#8211;\u00a0<strong>Versatilitate<\/strong><br \/>\nPoate toca crengi cu un diametru maxim de 60 mm pentru lemnul moale \u0219i 50 mm pentru lemnul tare.<\/p>\n<p><strong>&#8211; Econom<\/strong><br \/>\nConsum maxim de doar 500 g\/h, pentru o func\u021bionare economic\u0103.<\/p>\n<p>&#8211;\u00a0<strong>Construc\u021bie robust\u0103<\/strong><br \/>\nEchipat cu 6 cu\u021bite rezistente (3 pe fiecare ax), fabricate pentru performan\u021b\u0103 \u00eendelungat\u0103.<\/p>","protected":false},"excerpt":{"rendered":"<p>Toc\u0103tor de crengi (7 CP) 60BD Toc\u0103torul de Crengi\u00a0DE-60G este solu\u021bia ideal\u0103 pentru procesarea crengilor, \u0219ipcilor \u0219i altor tipuri de<\/p>","protected":false},"featured_media":5001,"template":"","meta":[],"product_cat":[135],"product_tag":[],"class_list":{"0":"post-5000","1":"product","2":"type-product","3":"status-publish","4":"has-post-thumbnail","6":"product_cat-tocatoare-de-crengi","8":"first","9":"instock","10":"shipping-taxable","11":"purchasable","12":"product-type-variable"},"yoast_head":"<!-- This site is optimized with the Yoast SEO plugin v20.12 - https:\/\/yoast.com\/wordpress\/plugins\/seo\/ -->\n<title>Toc\u0103tor de crengi (7 CP) 60BD - Modernteh<\/title>\n<meta name=\"description\" content=\"Toc\u0103tor de crengi (7 CP) 60BD\" \/>\n<meta name=\"robots\" content=\"index, follow, max-snippet:-1, max-image-preview:large, max-video-preview:-1\" \/>\n<link rel=\"canonical\" href=\"https:\/\/modernteh.md\/ru\/catalog\/tocator-de-crengi-9-cp-60bd\/\" \/>\n<meta property=\"og:locale\" content=\"ru_RU\" \/>\n<meta property=\"og:type\" content=\"article\" \/>\n<meta property=\"og:title\" content=\"Toc\u0103tor de crengi (7 CP) 60BD - Modernteh\" \/>\n<meta property=\"og:description\" content=\"Toc\u0103tor de crengi (7 CP) 60BD\" \/>\n<meta property=\"og:url\" content=\"https:\/\/modernteh.md\/ru\/catalog\/tocator-de-crengi-9-cp-60bd\/\" \/>\n<meta property=\"og:site_name\" content=\"Modernteh\" \/>\n<meta property=\"article:publisher\" content=\"https:\/\/www.facebook.com\/profile.php?id=100082695620019\" \/>\n<meta property=\"article:modified_time\" content=\"2026-01-13T09:30:21+00:00\" \/>\n<meta property=\"og:image\" content=\"https:\/\/modernteh.md\/wp-content\/uploads\/2025\/10\/tocator-de-crengi-de-60g-9cp-sec-1-6810b70ca8833.webp\" \/>\n\t<meta property=\"og:image:width\" content=\"1500\" \/>\n\t<meta property=\"og:image:height\" content=\"1500\" \/>\n\t<meta property=\"og:image:type\" content=\"image\/webp\" \/>\n<meta name=\"twitter:card\" content=\"summary_large_image\" \/>\n<meta name=\"twitter:label1\" content=\"\u041f\u0440\u0438\u043c\u0435\u0440\u043d\u043e\u0435 \u0432\u0440\u0435\u043c\u044f \u0434\u043b\u044f \u0447\u0442\u0435\u043d\u0438\u044f\" \/>\n\t<meta name=\"twitter:data1\" content=\"1 \u043c\u0438\u043d\u0443\u0442\u0430\" \/>\n<script type=\"application\/ld+json\" class=\"yoast-schema-graph\">{\"@context\":\"https:\/\/schema.org\",\"@graph\":[{\"@type\":\"WebPage\",\"@id\":\"https:\/\/modernteh.md\/catalog\/tocator-de-crengi-9-cp-60bd\/\",\"url\":\"https:\/\/modernteh.md\/catalog\/tocator-de-crengi-9-cp-60bd\/\",\"name\":\"Toc\u0103tor de crengi (7 CP) 60BD - Modernteh\",\"isPartOf\":{\"@id\":\"https:\/\/modernteh.md\/#website\"},\"datePublished\":\"2025-10-10T08:59:41+00:00\",\"dateModified\":\"2026-01-13T09:30:21+00:00\",\"description\":\"Toc\u0103tor de crengi (7 CP) 60BD\",\"breadcrumb\":{\"@id\":\"https:\/\/modernteh.md\/catalog\/tocator-de-crengi-9-cp-60bd\/#breadcrumb\"},\"inLanguage\":\"ru-RU\",\"potentialAction\":[{\"@type\":\"ReadAction\",\"target\":[\"https:\/\/modernteh.md\/catalog\/tocator-de-crengi-9-cp-60bd\/\"]}]},{\"@type\":\"BreadcrumbList\",\"@id\":\"https:\/\/modernteh.md\/catalog\/tocator-de-crengi-9-cp-60bd\/#breadcrumb\",\"itemListElement\":[{\"@type\":\"ListItem\",\"position\":1,\"name\":\"Prima pagin\u0103\",\"item\":\"https:\/\/modernteh.md\/\"},{\"@type\":\"ListItem\",\"position\":2,\"name\":\"Catalog\",\"item\":\"https:\/\/modernteh.md\/catalog\/\"},{\"@type\":\"ListItem\",\"position\":3,\"name\":\"Toc\u0103tor de crengi (7 CP) 60BD\"}]},{\"@type\":\"WebSite\",\"@id\":\"https:\/\/modernteh.md\/#website\",\"url\":\"https:\/\/modernteh.md\/\",\"name\":\"Modernteh\",\"description\":\"Modernteh\",\"publisher\":{\"@id\":\"https:\/\/modernteh.md\/#organization\"},\"potentialAction\":[{\"@type\":\"SearchAction\",\"target\":{\"@type\":\"EntryPoint\",\"urlTemplate\":\"https:\/\/modernteh.md\/?s={search_term_string}\"},\"query-input\":\"required name=search_term_string\"}],\"inLanguage\":\"ru-RU\"},{\"@type\":\"Organization\",\"@id\":\"https:\/\/modernteh.md\/#organization\",\"name\":\"Modernteh\",\"url\":\"https:\/\/modernteh.md\/\",\"logo\":{\"@type\":\"ImageObject\",\"inLanguage\":\"ru-RU\",\"@id\":\"https:\/\/modernteh.md\/#\/schema\/logo\/image\/\",\"url\":\"https:\/\/modernteh.md\/wp-content\/uploads\/2022\/06\/Logo_site-2.png\",\"contentUrl\":\"https:\/\/modernteh.md\/wp-content\/uploads\/2022\/06\/Logo_site-2.png\",\"width\":500,\"height\":487,\"caption\":\"Modernteh\"},\"image\":{\"@id\":\"https:\/\/modernteh.md\/#\/schema\/logo\/image\/\"},\"sameAs\":[\"https:\/\/www.facebook.com\/profile.php?id=100082695620019\"]}]}<\/script>\n<!-- \/ Yoast SEO plugin. -->","yoast_head_json":{"title":"Toc\u0103tor de crengi (7 CP) 60BD - Modernteh","description":"Toc\u0103tor de crengi (7 CP) 60BD","robots":{"index":"index","follow":"follow","max-snippet":"max-snippet:-1","max-image-preview":"max-image-preview:large","max-video-preview":"max-video-preview:-1"},"canonical":"https:\/\/modernteh.md\/ru\/catalog\/tocator-de-crengi-9-cp-60bd\/","og_locale":"ru_RU","og_type":"article","og_title":"Toc\u0103tor de crengi (7 CP) 60BD - Modernteh","og_description":"Toc\u0103tor de crengi (7 CP) 60BD","og_url":"https:\/\/modernteh.md\/ru\/catalog\/tocator-de-crengi-9-cp-60bd\/","og_site_name":"Modernteh","article_publisher":"https:\/\/www.facebook.com\/profile.php?id=100082695620019","article_modified_time":"2026-01-13T09:30:21+00:00","og_image":[{"width":1500,"height":1500,"url":"https:\/\/modernteh.md\/wp-content\/uploads\/2025\/10\/tocator-de-crengi-de-60g-9cp-sec-1-6810b70ca8833.webp","type":"image\/webp"}],"twitter_card":"summary_large_image","twitter_misc":{"\u041f\u0440\u0438\u043c\u0435\u0440\u043d\u043e\u0435 \u0432\u0440\u0435\u043c\u044f \u0434\u043b\u044f \u0447\u0442\u0435\u043d\u0438\u044f":"1 \u043c\u0438\u043d\u0443\u0442\u0430"},"schema":{"@context":"https:\/\/schema.org","@graph":[{"@type":"WebPage","@id":"https:\/\/modernteh.md\/catalog\/tocator-de-crengi-9-cp-60bd\/","url":"https:\/\/modernteh.md\/catalog\/tocator-de-crengi-9-cp-60bd\/","name":"Toc\u0103tor de crengi (7 CP) 60BD - Modernteh","isPartOf":{"@id":"https:\/\/modernteh.md\/#website"},"datePublished":"2025-10-10T08:59:41+00:00","dateModified":"2026-01-13T09:30:21+00:00","description":"Toc\u0103tor de crengi (7 CP) 60BD","breadcrumb":{"@id":"https:\/\/modernteh.md\/catalog\/tocator-de-crengi-9-cp-60bd\/#breadcrumb"},"inLanguage":"ru-RU","potentialAction":[{"@type":"ReadAction","target":["https:\/\/modernteh.md\/catalog\/tocator-de-crengi-9-cp-60bd\/"]}]},{"@type":"BreadcrumbList","@id":"https:\/\/modernteh.md\/catalog\/tocator-de-crengi-9-cp-60bd\/#breadcrumb","itemListElement":[{"@type":"ListItem","position":1,"name":"Prima pagin\u0103","item":"https:\/\/modernteh.md\/"},{"@type":"ListItem","position":2,"name":"Catalog","item":"https:\/\/modernteh.md\/catalog\/"},{"@type":"ListItem","position":3,"name":"Toc\u0103tor de crengi (7 CP) 60BD"}]},{"@type":"WebSite","@id":"https:\/\/modernteh.md\/#website","url":"https:\/\/modernteh.md\/","name":"Modernteh","description":"Modernteh","publisher":{"@id":"https:\/\/modernteh.md\/#organization"},"potentialAction":[{"@type":"SearchAction","target":{"@type":"EntryPoint","urlTemplate":"https:\/\/modernteh.md\/?s={search_term_string}"},"query-input":"required name=search_term_string"}],"inLanguage":"ru-RU"},{"@type":"Organization","@id":"https:\/\/modernteh.md\/#organization","name":"Modernteh","url":"https:\/\/modernteh.md\/","logo":{"@type":"ImageObject","inLanguage":"ru-RU","@id":"https:\/\/modernteh.md\/#\/schema\/logo\/image\/","url":"https:\/\/modernteh.md\/wp-content\/uploads\/2022\/06\/Logo_site-2.png","contentUrl":"https:\/\/modernteh.md\/wp-content\/uploads\/2022\/06\/Logo_site-2.png","width":500,"height":487,"caption":"Modernteh"},"image":{"@id":"https:\/\/modernteh.md\/#\/schema\/logo\/image\/"},"sameAs":["https:\/\/www.facebook.com\/profile.php?id=100082695620019"]}]}},"_links":{"self":[{"href":"https:\/\/modernteh.md\/ru\/wp-json\/wp\/v2\/product\/5000","targetHints":{"allow":["GET"]}}],"collection":[{"href":"https:\/\/modernteh.md\/ru\/wp-json\/wp\/v2\/product"}],"about":[{"href":"https:\/\/modernteh.md\/ru\/wp-json\/wp\/v2\/types\/product"}],"wp:featuredmedia":[{"embeddable":true,"href":"https:\/\/modernteh.md\/ru\/wp-json\/wp\/v2\/media\/5001"}],"wp:attachment":[{"href":"https:\/\/modernteh.md\/ru\/wp-json\/wp\/v2\/media?parent=5000"}],"wp:term":[{"taxonomy":"product_cat","embeddable":true,"href":"https:\/\/modernteh.md\/ru\/wp-json\/wp\/v2\/product_cat?post=5000"},{"taxonomy":"product_tag","embeddable":true,"href":"https:\/\/modernteh.md\/ru\/wp-json\/wp\/v2\/product_tag?post=5000"}],"curies":[{"name":"wp","href":"https:\/\/api.w.org\/{rel}","templated":true}]}}