{"id":5021,"date":"2025-10-24T09:56:54","date_gmt":"2025-10-24T09:56:54","guid":{"rendered":"https:\/\/modernteh.md\/?post_type=product&#038;p=5021"},"modified":"2025-10-24T09:56:55","modified_gmt":"2025-10-24T09:56:55","slug":"tocator-furaje-si-cereale-taifun-cu-motor","status":"publish","type":"product","link":"https:\/\/modernteh.md\/ru\/catalog\/tocator-furaje-si-cereale-taifun-cu-motor\/","title":{"rendered":"Tocator furaje si cereale TAIFUN (cu motor)"},"content":{"rendered":"<p>Tocator furaje si cereale TAIFUN<\/p>\n<div class=\"table-row\">\n<div class=\"table-box\">\n<div class=\"table-title\">\n<div class=\"tag-h3\">Putere motor:3 kW<\/div>\n<\/div>\n<\/div>\n<div class=\"table-box\">\n<div class=\"table-title\">\n<div class=\"tag-h3\">Motor: Bobinaj din cupru, Protectie la suprasarcina<\/div>\n<\/div>\n<\/div>\n<\/div>\n<div class=\"table-row\">\n<div class=\"table-box\">\n<div class=\"table-title\">\n<div class=\"tag-h3\">Viteza rotatie: 3000 rpm<\/div>\n<\/div>\n<\/div>\n<div class=\"table-box\">\n<div class=\"table-title\">\n<div class=\"tag-h3\">Capacitate cos: 15 kg<\/div>\n<\/div>\n<\/div>\n<\/div>\n<div class=\"table-row\">\n<div class=\"table-box\">\n<div class=\"table-title\">\n<div class=\"tag-h3\">Dimensiuni cos: 45 x 40 mm<\/div>\n<\/div>\n<\/div>\n<div class=\"table-box\">\n<div class=\"table-title\">\n<div class=\"tag-h3\">Numar ciocanele: 24<\/div>\n<\/div>\n<\/div>\n<\/div>\n<div class=\"table-row\">\n<div class=\"table-box\">\n<div class=\"table-title\">\n<div class=\"tag-h3\">Diametru orificiu sate: 2, 3, 8 mm<\/div>\n<\/div>\n<\/div>\n<div class=\"table-box\">\n<div class=\"table-title\">\n<div class=\"tag-h3\">Productivitate cereale: 1000 kg\/ora<\/div>\n<\/div>\n<\/div>\n<\/div>\n<div class=\"table-row\">\n<div class=\"table-box\">\n<div class=\"table-title\">\n<div class=\"tag-h3\">Productivitate furaje: 500 kg\/ora<\/div>\n<\/div>\n<\/div>\n<div class=\"table-box\">\n<div class=\"table-title\">\n<div class=\"tag-h3\">Alimentare: 220 V ~ 50 Hz<\/div>\n<\/div>\n<\/div>\n<\/div>\n<div class=\"table-row\">\n<div class=\"table-box\">\n<div class=\"table-title\">\n<div class=\"tag-h3\">Motor inclus: Da<\/div>\n<\/div>\n<\/div>\n<div class=\"table-box\">\n<div class=\"table-title\">\n<div class=\"tag-h3\">Set site: 3 de marimi diferite<\/div>\n<\/div>\n<\/div>\n<\/div>\n<p>TAIFUN este un toc\u0103tor puternic pentru furaje \u0219i cereale, echipat cu un motor robust, proiectat pentru tocare eficient\u0103 a diferitelor tipuri de furaje \u0219i cereale. Ideal pentru ferme, gospod\u0103rii \u0219i afaceri agricole, aceast\u0103 ma\u0219in\u0103 ofer\u0103 performan\u021be ridicate \u0219i durabilitate pentru a simplifica procesul de preg\u0103tire a furajelor.<br \/>\nAvantaje:<br \/>\n&#8211; Echipat cu un motor fiabil pentru func\u021bionare continu\u0103<\/p>\n<p>&#8211; Potrivit pentru tocarea diferitelor tipuri de furaje \u0219i cereale<\/p>\n<p>&#8211; Construc\u021bie durabil\u0103 pentru utilizare \u00eendelungat\u0103<\/p>\n<p>&#8211; U\u0219or de utilizat \u0219i \u00eentre\u021binut<\/p>\n<p>&#8211; Perfect pentru ferme mici \u0219i mijlocii<\/p>","protected":false},"excerpt":{"rendered":"<p>Tocator furaje si cereale TAIFUN Putere motor:3 kW Motor: Bobinaj din cupru, Protectie la suprasarcina Viteza rotatie: 3000 rpm Capacitate<\/p>","protected":false},"featured_media":5022,"template":"","meta":[],"product_cat":[134],"product_tag":[],"class_list":{"0":"post-5021","1":"product","2":"type-product","3":"status-publish","4":"has-post-thumbnail","6":"product_cat-tocatoare-de-furaje-si-cereale","8":"first","9":"instock","10":"shipping-taxable","11":"purchasable","12":"product-type-simple"},"yoast_head":"<!-- This site is optimized with the Yoast SEO plugin v20.12 - https:\/\/yoast.com\/wordpress\/plugins\/seo\/ -->\n<title>Tocator furaje si cereale TAIFUN (cu motor) - Modernteh<\/title>\n<meta name=\"description\" content=\"Tocator furaje si cereale TAIFUN\u00a0\" \/>\n<meta name=\"robots\" content=\"index, follow, max-snippet:-1, max-image-preview:large, max-video-preview:-1\" \/>\n<link rel=\"canonical\" href=\"https:\/\/modernteh.md\/ru\/catalog\/tocator-furaje-si-cereale-taifun-cu-motor\/\" \/>\n<meta property=\"og:locale\" content=\"ru_RU\" \/>\n<meta property=\"og:type\" content=\"article\" \/>\n<meta property=\"og:title\" content=\"Tocator furaje si cereale TAIFUN (cu motor) - Modernteh\" \/>\n<meta property=\"og:description\" content=\"Tocator furaje si cereale TAIFUN\u00a0\" \/>\n<meta property=\"og:url\" content=\"https:\/\/modernteh.md\/ru\/catalog\/tocator-furaje-si-cereale-taifun-cu-motor\/\" \/>\n<meta property=\"og:site_name\" content=\"Modernteh\" \/>\n<meta property=\"article:publisher\" content=\"https:\/\/www.facebook.com\/profile.php?id=100082695620019\" \/>\n<meta property=\"article:modified_time\" content=\"2025-10-24T09:56:55+00:00\" \/>\n<meta property=\"og:image\" content=\"https:\/\/modernteh.md\/wp-content\/uploads\/2025\/10\/feed-grain-chopper-des-champs-typhoon-with-motor-1-6864f1d0ada9f.webp\" \/>\n\t<meta property=\"og:image:width\" content=\"1500\" \/>\n\t<meta property=\"og:image:height\" content=\"1500\" \/>\n\t<meta property=\"og:image:type\" content=\"image\/webp\" \/>\n<meta name=\"twitter:card\" content=\"summary_large_image\" \/>\n<meta name=\"twitter:label1\" content=\"\u041f\u0440\u0438\u043c\u0435\u0440\u043d\u043e\u0435 \u0432\u0440\u0435\u043c\u044f \u0434\u043b\u044f \u0447\u0442\u0435\u043d\u0438\u044f\" \/>\n\t<meta name=\"twitter:data1\" content=\"1 \u043c\u0438\u043d\u0443\u0442\u0430\" \/>\n<script type=\"application\/ld+json\" class=\"yoast-schema-graph\">{\"@context\":\"https:\/\/schema.org\",\"@graph\":[{\"@type\":\"WebPage\",\"@id\":\"https:\/\/modernteh.md\/catalog\/tocator-furaje-si-cereale-taifun-cu-motor\/\",\"url\":\"https:\/\/modernteh.md\/catalog\/tocator-furaje-si-cereale-taifun-cu-motor\/\",\"name\":\"Tocator furaje si cereale TAIFUN (cu motor) - Modernteh\",\"isPartOf\":{\"@id\":\"https:\/\/modernteh.md\/#website\"},\"datePublished\":\"2025-10-24T09:56:54+00:00\",\"dateModified\":\"2025-10-24T09:56:55+00:00\",\"description\":\"Tocator furaje si cereale TAIFUN\u00a0\",\"breadcrumb\":{\"@id\":\"https:\/\/modernteh.md\/catalog\/tocator-furaje-si-cereale-taifun-cu-motor\/#breadcrumb\"},\"inLanguage\":\"ru-RU\",\"potentialAction\":[{\"@type\":\"ReadAction\",\"target\":[\"https:\/\/modernteh.md\/catalog\/tocator-furaje-si-cereale-taifun-cu-motor\/\"]}]},{\"@type\":\"BreadcrumbList\",\"@id\":\"https:\/\/modernteh.md\/catalog\/tocator-furaje-si-cereale-taifun-cu-motor\/#breadcrumb\",\"itemListElement\":[{\"@type\":\"ListItem\",\"position\":1,\"name\":\"Prima pagin\u0103\",\"item\":\"https:\/\/modernteh.md\/\"},{\"@type\":\"ListItem\",\"position\":2,\"name\":\"Catalog\",\"item\":\"https:\/\/modernteh.md\/catalog\/\"},{\"@type\":\"ListItem\",\"position\":3,\"name\":\"Tocator furaje si cereale TAIFUN (cu motor)\"}]},{\"@type\":\"WebSite\",\"@id\":\"https:\/\/modernteh.md\/#website\",\"url\":\"https:\/\/modernteh.md\/\",\"name\":\"Modernteh\",\"description\":\"Modernteh\",\"publisher\":{\"@id\":\"https:\/\/modernteh.md\/#organization\"},\"potentialAction\":[{\"@type\":\"SearchAction\",\"target\":{\"@type\":\"EntryPoint\",\"urlTemplate\":\"https:\/\/modernteh.md\/?s={search_term_string}\"},\"query-input\":\"required name=search_term_string\"}],\"inLanguage\":\"ru-RU\"},{\"@type\":\"Organization\",\"@id\":\"https:\/\/modernteh.md\/#organization\",\"name\":\"Modernteh\",\"url\":\"https:\/\/modernteh.md\/\",\"logo\":{\"@type\":\"ImageObject\",\"inLanguage\":\"ru-RU\",\"@id\":\"https:\/\/modernteh.md\/#\/schema\/logo\/image\/\",\"url\":\"https:\/\/modernteh.md\/wp-content\/uploads\/2022\/06\/Logo_site-2.png\",\"contentUrl\":\"https:\/\/modernteh.md\/wp-content\/uploads\/2022\/06\/Logo_site-2.png\",\"width\":500,\"height\":487,\"caption\":\"Modernteh\"},\"image\":{\"@id\":\"https:\/\/modernteh.md\/#\/schema\/logo\/image\/\"},\"sameAs\":[\"https:\/\/www.facebook.com\/profile.php?id=100082695620019\"]}]}<\/script>\n<!-- \/ Yoast SEO plugin. -->","yoast_head_json":{"title":"Tocator furaje si cereale TAIFUN (cu motor) - Modernteh","description":"Tocator furaje si cereale TAIFUN\u00a0","robots":{"index":"index","follow":"follow","max-snippet":"max-snippet:-1","max-image-preview":"max-image-preview:large","max-video-preview":"max-video-preview:-1"},"canonical":"https:\/\/modernteh.md\/ru\/catalog\/tocator-furaje-si-cereale-taifun-cu-motor\/","og_locale":"ru_RU","og_type":"article","og_title":"Tocator furaje si cereale TAIFUN (cu motor) - Modernteh","og_description":"Tocator furaje si cereale TAIFUN\u00a0","og_url":"https:\/\/modernteh.md\/ru\/catalog\/tocator-furaje-si-cereale-taifun-cu-motor\/","og_site_name":"Modernteh","article_publisher":"https:\/\/www.facebook.com\/profile.php?id=100082695620019","article_modified_time":"2025-10-24T09:56:55+00:00","og_image":[{"width":1500,"height":1500,"url":"https:\/\/modernteh.md\/wp-content\/uploads\/2025\/10\/feed-grain-chopper-des-champs-typhoon-with-motor-1-6864f1d0ada9f.webp","type":"image\/webp"}],"twitter_card":"summary_large_image","twitter_misc":{"\u041f\u0440\u0438\u043c\u0435\u0440\u043d\u043e\u0435 \u0432\u0440\u0435\u043c\u044f \u0434\u043b\u044f \u0447\u0442\u0435\u043d\u0438\u044f":"1 \u043c\u0438\u043d\u0443\u0442\u0430"},"schema":{"@context":"https:\/\/schema.org","@graph":[{"@type":"WebPage","@id":"https:\/\/modernteh.md\/catalog\/tocator-furaje-si-cereale-taifun-cu-motor\/","url":"https:\/\/modernteh.md\/catalog\/tocator-furaje-si-cereale-taifun-cu-motor\/","name":"Tocator furaje si cereale TAIFUN (cu motor) - Modernteh","isPartOf":{"@id":"https:\/\/modernteh.md\/#website"},"datePublished":"2025-10-24T09:56:54+00:00","dateModified":"2025-10-24T09:56:55+00:00","description":"Tocator furaje si cereale TAIFUN\u00a0","breadcrumb":{"@id":"https:\/\/modernteh.md\/catalog\/tocator-furaje-si-cereale-taifun-cu-motor\/#breadcrumb"},"inLanguage":"ru-RU","potentialAction":[{"@type":"ReadAction","target":["https:\/\/modernteh.md\/catalog\/tocator-furaje-si-cereale-taifun-cu-motor\/"]}]},{"@type":"BreadcrumbList","@id":"https:\/\/modernteh.md\/catalog\/tocator-furaje-si-cereale-taifun-cu-motor\/#breadcrumb","itemListElement":[{"@type":"ListItem","position":1,"name":"Prima pagin\u0103","item":"https:\/\/modernteh.md\/"},{"@type":"ListItem","position":2,"name":"Catalog","item":"https:\/\/modernteh.md\/catalog\/"},{"@type":"ListItem","position":3,"name":"Tocator furaje si cereale TAIFUN (cu motor)"}]},{"@type":"WebSite","@id":"https:\/\/modernteh.md\/#website","url":"https:\/\/modernteh.md\/","name":"Modernteh","description":"Modernteh","publisher":{"@id":"https:\/\/modernteh.md\/#organization"},"potentialAction":[{"@type":"SearchAction","target":{"@type":"EntryPoint","urlTemplate":"https:\/\/modernteh.md\/?s={search_term_string}"},"query-input":"required name=search_term_string"}],"inLanguage":"ru-RU"},{"@type":"Organization","@id":"https:\/\/modernteh.md\/#organization","name":"Modernteh","url":"https:\/\/modernteh.md\/","logo":{"@type":"ImageObject","inLanguage":"ru-RU","@id":"https:\/\/modernteh.md\/#\/schema\/logo\/image\/","url":"https:\/\/modernteh.md\/wp-content\/uploads\/2022\/06\/Logo_site-2.png","contentUrl":"https:\/\/modernteh.md\/wp-content\/uploads\/2022\/06\/Logo_site-2.png","width":500,"height":487,"caption":"Modernteh"},"image":{"@id":"https:\/\/modernteh.md\/#\/schema\/logo\/image\/"},"sameAs":["https:\/\/www.facebook.com\/profile.php?id=100082695620019"]}]}},"_links":{"self":[{"href":"https:\/\/modernteh.md\/ru\/wp-json\/wp\/v2\/product\/5021","targetHints":{"allow":["GET"]}}],"collection":[{"href":"https:\/\/modernteh.md\/ru\/wp-json\/wp\/v2\/product"}],"about":[{"href":"https:\/\/modernteh.md\/ru\/wp-json\/wp\/v2\/types\/product"}],"wp:featuredmedia":[{"embeddable":true,"href":"https:\/\/modernteh.md\/ru\/wp-json\/wp\/v2\/media\/5022"}],"wp:attachment":[{"href":"https:\/\/modernteh.md\/ru\/wp-json\/wp\/v2\/media?parent=5021"}],"wp:term":[{"taxonomy":"product_cat","embeddable":true,"href":"https:\/\/modernteh.md\/ru\/wp-json\/wp\/v2\/product_cat?post=5021"},{"taxonomy":"product_tag","embeddable":true,"href":"https:\/\/modernteh.md\/ru\/wp-json\/wp\/v2\/product_tag?post=5021"}],"curies":[{"name":"wp","href":"https:\/\/api.w.org\/{rel}","templated":true}]}}