{"id":5023,"date":"2025-10-24T13:19:37","date_gmt":"2025-10-24T13:19:37","guid":{"rendered":"https:\/\/modernteh.md\/?post_type=product&#038;p=5023"},"modified":"2026-02-11T07:25:38","modified_gmt":"2026-02-11T07:25:38","slug":"tocator-de-crengi-stark-650","status":"publish","type":"product","link":"https:\/\/modernteh.md\/ru\/catalog\/tocator-de-crengi-stark-650\/","title":{"rendered":"Toc\u0103tor de crengi STARK-650"},"content":{"rendered":"<h1 class=\"product_title entry-title wd-entities-title\">Toc\u0103tor de crengi STARK-650<\/h1>\n<div class=\"woocommerce-product-details__short-description\">\n<ul>\n<li>marca motor: LONCIN (G200F)<\/li>\n<li>putere motor: 6.5 CP<\/li>\n<li>maxim rota\u021bii pe axa motorului: \u00a03600 rpm<\/li>\n<li>productivitate: maxim 2 m\u00b3\/h<\/li>\n<li>tip tocare: tambur rotativ<\/li>\n<li>rota\u021biile taburului: 2400 rpm<\/li>\n<li>diametru maxim lemn moale: 80 mm<\/li>\n<li>diametru maxim lemn tare: 55 mm<\/li>\n<li>dimensiune produs finit: 5-50mm<\/li>\n<li>numar de cu\u021bite: 2 cu\u021bite reversibile, 1 contra-cu\u021bit<\/li>\n<li>tip de cu\u021bite: SKH-51<\/li>\n<li>marca combustibil: benzin\u0103 A-95<\/li>\n<li>consumul mediu:\u00a0 400 ml\/h<\/li>\n<\/ul>\n<\/div>\n<table class=\"woocommerce-product-attributes shop_attributes\">\n<tbody>\n<tr class=\"woocommerce-product-attributes-item woocommerce-product-attributes-item--weight\">\n<th class=\"woocommerce-product-attributes-item__label\"><span class=\"wd-attr-name\">\u0412\u0435\u0441 \u2013 45 \u043a\u0433<\/span><\/th>\n<td class=\"woocommerce-product-attributes-item__value\">109 kg<\/td>\n<\/tr>\n<tr class=\"woocommerce-product-attributes-item woocommerce-product-attributes-item--dimensions\">\n<th class=\"woocommerce-product-attributes-item__label\"><span class=\"wd-attr-name\">\u0420\u0430\u0437\u043c\u0435\u0440<\/span><\/th>\n<td class=\"woocommerce-product-attributes-item__value\">180,0 \u00d7 62,5 \u00d7 125,0 cm<\/td>\n<\/tr>\n<tr class=\"woocommerce-product-attributes-item woocommerce-product-attributes-item--attribute_pa_brand\">\n<th class=\"woocommerce-product-attributes-item__label\"><span class=\"wd-attr-name\">Brand<\/span><\/th>\n<td class=\"woocommerce-product-attributes-item__value\">Stark<\/td>\n<\/tr>\n<tr class=\"woocommerce-product-attributes-item woocommerce-product-attributes-item--attribute_pa_motor\">\n<th class=\"woocommerce-product-attributes-item__label\"><span class=\"wd-attr-name\">Motor<\/span><\/th>\n<td class=\"woocommerce-product-attributes-item__value\">Motor termic<\/td>\n<\/tr>\n<\/tbody>\n<\/table>\n<p data-start=\"252\" data-end=\"588\">Toc\u0103tor de crengi\u00a0<strong data-start=\"272\" data-end=\"285\">STARK-650<\/strong>\u00a0este un utilaj robust \u0219i compact, ideal pentru m\u0103run\u021birea crengilor, vi\u021bei de vie \u0219i a altor resturi lemnoase rezultate din \u00eentre\u021binerea gr\u0103dinii sau a livezii. Acesta transform\u0103 rapid de\u0219eurile \u00een a\u0219chii de lemn uniforme, utilizabile at\u00e2t ca surs\u0103 de energie, c\u00e2t \u0219i ca material ecologic pentru sol.<\/p>\n<h3 data-start=\"590\" data-end=\"613\">Cum func\u021bioneaz\u0103?<\/h3>\n<ul data-start=\"614\" data-end=\"1499\">\n<li data-start=\"614\" data-end=\"755\">\n<p data-start=\"616\" data-end=\"755\">Sistemul de alimentare are o deschidere generoas\u0103 de\u00a0<strong data-start=\"669\" data-end=\"685\">16 \u00d7 14,3 cm<\/strong>, permi\u021b\u00e2nd introducerea crengilor cu diametru de p\u00e2n\u0103 la\u00a0<strong data-start=\"743\" data-end=\"752\">80 mm<\/strong>.<\/p>\n<\/li>\n<li data-start=\"756\" data-end=\"916\">\n<p data-start=\"758\" data-end=\"916\"><strong data-start=\"758\" data-end=\"782\">Cutitele reversibile<\/strong>\u00a0\u0219i contra-cutitul sunt realizate din\u00a0<strong data-start=\"820\" data-end=\"854\">o\u021bel SKH-51 (High Speed Steel)<\/strong>, asigur\u00e2nd o t\u0103iere curat\u0103 \u0219i precis\u0103 chiar \u0219i \u00een lemn dur.<\/p>\n<\/li>\n<li data-start=\"917\" data-end=\"1065\">\n<p data-start=\"919\" data-end=\"1065\">Tamburul rotativ, cu o vitez\u0103 de\u00a0<strong data-start=\"952\" data-end=\"964\">2400 rpm<\/strong>, creeaz\u0103 un flux de aer constant care faciliteaz\u0103 evacuarea a\u0219chiilor prin jgheabul de desc\u0103rcare.<\/p>\n<\/li>\n<li data-start=\"1066\" data-end=\"1181\">\n<p data-start=\"1068\" data-end=\"1181\">Contra-cutitul reglabil permite ajustarea distan\u021bei de lucru, pentru un control optim al dimensiunii a\u0219chiilor.<\/p>\n<\/li>\n<li data-start=\"1182\" data-end=\"1360\">\n<p data-start=\"1184\" data-end=\"1360\">Motorul pe benzin\u0103\u00a0<strong data-start=\"1203\" data-end=\"1238\">LONCIN G200F, 6,5 CP (3600 rpm)<\/strong>\u00a0ofer\u0103 suficient\u0103 putere pentru lucr\u0103ri intense, fiind protejat de suprasarcin\u0103 printr-un ambreiaj centrifugal integrat.<\/p>\n<\/li>\n<li data-start=\"1361\" data-end=\"1499\">\n<p data-start=\"1363\" data-end=\"1499\">Deplasarea este simpl\u0103 \u0219i comod\u0103 datorit\u0103\u00a0<strong data-start=\"1405\" data-end=\"1443\">ro\u021bilor pneumatice tip 4.10\/3.50-4<\/strong>, care asigur\u0103 mobilitate chiar \u0219i pe teren denivelat.<\/p>\n<\/li>\n<\/ul>\n<h3 data-start=\"1501\" data-end=\"1541\">Avantaje \u0219i caracteristici tehnice<\/h3>\n<ul data-start=\"1542\" data-end=\"2039\">\n<li data-start=\"1542\" data-end=\"1627\">\n<p data-start=\"1544\" data-end=\"1627\">Tocare rapid\u0103 \u0219i eficient\u0103 a crengilor \u0219i vi\u021bei de vie de p\u00e2n\u0103 la 80 mm diametru.<\/p>\n<\/li>\n<li data-start=\"1628\" data-end=\"1745\">\n<p data-start=\"1630\" data-end=\"1745\">A\u0219chii calibrate:\u00a0<strong data-start=\"1648\" data-end=\"1669\">90% \u00eentre 5\u201350 mm<\/strong>, ideale pentru cazane pe combustibil solid, sobe sau centrale pe biomas\u0103.<\/p>\n<\/li>\n<li data-start=\"1746\" data-end=\"1848\">\n<p data-start=\"1748\" data-end=\"1848\">Resturile pot fi utilizate ca\u00a0<strong data-start=\"1778\" data-end=\"1795\">mulci natural<\/strong>\u00a0sau ca materie prim\u0103 pentru \u00eengr\u0103\u0219\u0103minte organice.<\/p>\n<\/li>\n<li data-start=\"1849\" data-end=\"1904\">\n<p data-start=\"1851\" data-end=\"1904\">Motor puternic \u0219i fiabil, protejat la suprasarcin\u0103.<\/p>\n<\/li>\n<li data-start=\"1905\" data-end=\"1996\">\n<p data-start=\"1907\" data-end=\"1996\">Construc\u021bie durabil\u0103, cu cutite din o\u021bel de mare vitez\u0103 pentru o durat\u0103 lung\u0103 de via\u021b\u0103.<\/p>\n<\/li>\n<li data-start=\"1997\" data-end=\"2039\">\n<p data-start=\"1999\" data-end=\"2039\">Design ergonomic \u0219i mobilitate u\u0219oar\u0103.<\/p>\n<\/li>\n<\/ul>","protected":false},"excerpt":{"rendered":"<p>Toc\u0103tor de crengi STARK-650 marca motor: LONCIN (G200F) putere motor: 6.5 CP maxim rota\u021bii pe axa motorului: \u00a03600 rpm productivitate:<\/p>","protected":false},"featured_media":5024,"template":"","meta":[],"product_cat":[135],"product_tag":[],"class_list":{"0":"post-5023","1":"product","2":"type-product","3":"status-publish","4":"has-post-thumbnail","6":"product_cat-tocatoare-de-crengi","8":"first","9":"instock","10":"shipping-taxable","11":"purchasable","12":"product-type-simple"},"yoast_head":"<!-- This site is optimized with the Yoast SEO plugin v20.12 - https:\/\/yoast.com\/wordpress\/plugins\/seo\/ -->\n<title>Toc\u0103tor de crengi STARK-650 - Modernteh<\/title>\n<meta name=\"description\" content=\"Toc\u0103tor de crengi STARK-650\" \/>\n<meta name=\"robots\" content=\"index, follow, max-snippet:-1, max-image-preview:large, max-video-preview:-1\" \/>\n<link rel=\"canonical\" href=\"https:\/\/modernteh.md\/ru\/catalog\/tocator-de-crengi-stark-650\/\" \/>\n<meta property=\"og:locale\" content=\"ru_RU\" \/>\n<meta property=\"og:type\" content=\"article\" \/>\n<meta property=\"og:title\" content=\"Toc\u0103tor de crengi STARK-650 - Modernteh\" \/>\n<meta property=\"og:description\" content=\"Toc\u0103tor de crengi STARK-650\" \/>\n<meta property=\"og:url\" content=\"https:\/\/modernteh.md\/ru\/catalog\/tocator-de-crengi-stark-650\/\" \/>\n<meta property=\"og:site_name\" content=\"Modernteh\" \/>\n<meta property=\"article:publisher\" content=\"https:\/\/www.facebook.com\/profile.php?id=100082695620019\" \/>\n<meta property=\"article:modified_time\" content=\"2026-02-11T07:25:38+00:00\" \/>\n<meta property=\"og:image\" content=\"https:\/\/modernteh.md\/wp-content\/uploads\/2025\/10\/Tocator-de-crengi-STARK-650-3.webp\" \/>\n\t<meta property=\"og:image:width\" content=\"1000\" \/>\n\t<meta property=\"og:image:height\" content=\"1000\" \/>\n\t<meta property=\"og:image:type\" content=\"image\/webp\" \/>\n<meta name=\"twitter:card\" content=\"summary_large_image\" \/>\n<meta name=\"twitter:label1\" content=\"\u041f\u0440\u0438\u043c\u0435\u0440\u043d\u043e\u0435 \u0432\u0440\u0435\u043c\u044f \u0434\u043b\u044f \u0447\u0442\u0435\u043d\u0438\u044f\" \/>\n\t<meta name=\"twitter:data1\" content=\"2 \u043c\u0438\u043d\u0443\u0442\u044b\" \/>\n<script type=\"application\/ld+json\" class=\"yoast-schema-graph\">{\"@context\":\"https:\/\/schema.org\",\"@graph\":[{\"@type\":\"WebPage\",\"@id\":\"https:\/\/modernteh.md\/catalog\/tocator-de-crengi-stark-650\/\",\"url\":\"https:\/\/modernteh.md\/catalog\/tocator-de-crengi-stark-650\/\",\"name\":\"Toc\u0103tor de crengi STARK-650 - Modernteh\",\"isPartOf\":{\"@id\":\"https:\/\/modernteh.md\/#website\"},\"datePublished\":\"2025-10-24T13:19:37+00:00\",\"dateModified\":\"2026-02-11T07:25:38+00:00\",\"description\":\"Toc\u0103tor de crengi STARK-650\",\"breadcrumb\":{\"@id\":\"https:\/\/modernteh.md\/catalog\/tocator-de-crengi-stark-650\/#breadcrumb\"},\"inLanguage\":\"ru-RU\",\"potentialAction\":[{\"@type\":\"ReadAction\",\"target\":[\"https:\/\/modernteh.md\/catalog\/tocator-de-crengi-stark-650\/\"]}]},{\"@type\":\"BreadcrumbList\",\"@id\":\"https:\/\/modernteh.md\/catalog\/tocator-de-crengi-stark-650\/#breadcrumb\",\"itemListElement\":[{\"@type\":\"ListItem\",\"position\":1,\"name\":\"Prima pagin\u0103\",\"item\":\"https:\/\/modernteh.md\/\"},{\"@type\":\"ListItem\",\"position\":2,\"name\":\"Catalog\",\"item\":\"https:\/\/modernteh.md\/catalog\/\"},{\"@type\":\"ListItem\",\"position\":3,\"name\":\"Toc\u0103tor de crengi STARK-650\"}]},{\"@type\":\"WebSite\",\"@id\":\"https:\/\/modernteh.md\/#website\",\"url\":\"https:\/\/modernteh.md\/\",\"name\":\"Modernteh\",\"description\":\"Modernteh\",\"publisher\":{\"@id\":\"https:\/\/modernteh.md\/#organization\"},\"potentialAction\":[{\"@type\":\"SearchAction\",\"target\":{\"@type\":\"EntryPoint\",\"urlTemplate\":\"https:\/\/modernteh.md\/?s={search_term_string}\"},\"query-input\":\"required name=search_term_string\"}],\"inLanguage\":\"ru-RU\"},{\"@type\":\"Organization\",\"@id\":\"https:\/\/modernteh.md\/#organization\",\"name\":\"Modernteh\",\"url\":\"https:\/\/modernteh.md\/\",\"logo\":{\"@type\":\"ImageObject\",\"inLanguage\":\"ru-RU\",\"@id\":\"https:\/\/modernteh.md\/#\/schema\/logo\/image\/\",\"url\":\"https:\/\/modernteh.md\/wp-content\/uploads\/2022\/06\/Logo_site-2.png\",\"contentUrl\":\"https:\/\/modernteh.md\/wp-content\/uploads\/2022\/06\/Logo_site-2.png\",\"width\":500,\"height\":487,\"caption\":\"Modernteh\"},\"image\":{\"@id\":\"https:\/\/modernteh.md\/#\/schema\/logo\/image\/\"},\"sameAs\":[\"https:\/\/www.facebook.com\/profile.php?id=100082695620019\"]}]}<\/script>\n<!-- \/ Yoast SEO plugin. -->","yoast_head_json":{"title":"Toc\u0103tor de crengi STARK-650 - Modernteh","description":"Toc\u0103tor de crengi STARK-650","robots":{"index":"index","follow":"follow","max-snippet":"max-snippet:-1","max-image-preview":"max-image-preview:large","max-video-preview":"max-video-preview:-1"},"canonical":"https:\/\/modernteh.md\/ru\/catalog\/tocator-de-crengi-stark-650\/","og_locale":"ru_RU","og_type":"article","og_title":"Toc\u0103tor de crengi STARK-650 - Modernteh","og_description":"Toc\u0103tor de crengi STARK-650","og_url":"https:\/\/modernteh.md\/ru\/catalog\/tocator-de-crengi-stark-650\/","og_site_name":"Modernteh","article_publisher":"https:\/\/www.facebook.com\/profile.php?id=100082695620019","article_modified_time":"2026-02-11T07:25:38+00:00","og_image":[{"width":1000,"height":1000,"url":"https:\/\/modernteh.md\/wp-content\/uploads\/2025\/10\/Tocator-de-crengi-STARK-650-3.webp","type":"image\/webp"}],"twitter_card":"summary_large_image","twitter_misc":{"\u041f\u0440\u0438\u043c\u0435\u0440\u043d\u043e\u0435 \u0432\u0440\u0435\u043c\u044f \u0434\u043b\u044f \u0447\u0442\u0435\u043d\u0438\u044f":"2 \u043c\u0438\u043d\u0443\u0442\u044b"},"schema":{"@context":"https:\/\/schema.org","@graph":[{"@type":"WebPage","@id":"https:\/\/modernteh.md\/catalog\/tocator-de-crengi-stark-650\/","url":"https:\/\/modernteh.md\/catalog\/tocator-de-crengi-stark-650\/","name":"Toc\u0103tor de crengi STARK-650 - Modernteh","isPartOf":{"@id":"https:\/\/modernteh.md\/#website"},"datePublished":"2025-10-24T13:19:37+00:00","dateModified":"2026-02-11T07:25:38+00:00","description":"Toc\u0103tor de crengi STARK-650","breadcrumb":{"@id":"https:\/\/modernteh.md\/catalog\/tocator-de-crengi-stark-650\/#breadcrumb"},"inLanguage":"ru-RU","potentialAction":[{"@type":"ReadAction","target":["https:\/\/modernteh.md\/catalog\/tocator-de-crengi-stark-650\/"]}]},{"@type":"BreadcrumbList","@id":"https:\/\/modernteh.md\/catalog\/tocator-de-crengi-stark-650\/#breadcrumb","itemListElement":[{"@type":"ListItem","position":1,"name":"Prima pagin\u0103","item":"https:\/\/modernteh.md\/"},{"@type":"ListItem","position":2,"name":"Catalog","item":"https:\/\/modernteh.md\/catalog\/"},{"@type":"ListItem","position":3,"name":"Toc\u0103tor de crengi STARK-650"}]},{"@type":"WebSite","@id":"https:\/\/modernteh.md\/#website","url":"https:\/\/modernteh.md\/","name":"Modernteh","description":"Modernteh","publisher":{"@id":"https:\/\/modernteh.md\/#organization"},"potentialAction":[{"@type":"SearchAction","target":{"@type":"EntryPoint","urlTemplate":"https:\/\/modernteh.md\/?s={search_term_string}"},"query-input":"required name=search_term_string"}],"inLanguage":"ru-RU"},{"@type":"Organization","@id":"https:\/\/modernteh.md\/#organization","name":"Modernteh","url":"https:\/\/modernteh.md\/","logo":{"@type":"ImageObject","inLanguage":"ru-RU","@id":"https:\/\/modernteh.md\/#\/schema\/logo\/image\/","url":"https:\/\/modernteh.md\/wp-content\/uploads\/2022\/06\/Logo_site-2.png","contentUrl":"https:\/\/modernteh.md\/wp-content\/uploads\/2022\/06\/Logo_site-2.png","width":500,"height":487,"caption":"Modernteh"},"image":{"@id":"https:\/\/modernteh.md\/#\/schema\/logo\/image\/"},"sameAs":["https:\/\/www.facebook.com\/profile.php?id=100082695620019"]}]}},"_links":{"self":[{"href":"https:\/\/modernteh.md\/ru\/wp-json\/wp\/v2\/product\/5023","targetHints":{"allow":["GET"]}}],"collection":[{"href":"https:\/\/modernteh.md\/ru\/wp-json\/wp\/v2\/product"}],"about":[{"href":"https:\/\/modernteh.md\/ru\/wp-json\/wp\/v2\/types\/product"}],"wp:featuredmedia":[{"embeddable":true,"href":"https:\/\/modernteh.md\/ru\/wp-json\/wp\/v2\/media\/5024"}],"wp:attachment":[{"href":"https:\/\/modernteh.md\/ru\/wp-json\/wp\/v2\/media?parent=5023"}],"wp:term":[{"taxonomy":"product_cat","embeddable":true,"href":"https:\/\/modernteh.md\/ru\/wp-json\/wp\/v2\/product_cat?post=5023"},{"taxonomy":"product_tag","embeddable":true,"href":"https:\/\/modernteh.md\/ru\/wp-json\/wp\/v2\/product_tag?post=5023"}],"curies":[{"name":"wp","href":"https:\/\/api.w.org\/{rel}","templated":true}]}}