{"id":5033,"date":"2025-11-05T08:45:31","date_gmt":"2025-11-05T08:45:31","guid":{"rendered":"https:\/\/modernteh.md\/?post_type=product&#038;p=5033"},"modified":"2025-11-05T08:45:32","modified_gmt":"2025-11-05T08:45:32","slug":"amestecator-furaje-300-kg-volum-522-l-ucraina","status":"publish","type":"product","link":"https:\/\/modernteh.md\/ru\/catalog\/amestecator-furaje-300-kg-volum-522-l-ucraina\/","title":{"rendered":"Amestecator furaje 300 kg volum 522 L Ucraina"},"content":{"rendered":"<h1 class=\"tdw-title-text\" data-cya11y-org-font-size=\"32\">Amestecator furaje KS-300, TMC. 300 kg, volum 522 L, Ucraina<\/h1>\n<div id=\"tdi_981\" class=\"tdc-row stretch_row_1400 td-stretch-content\" data-cya11y-org-font-size=\"15\">\n<div class=\"vc_row tdi_982  wpb_row td-pb-row\" data-cya11y-org-font-size=\"15\">\n<div class=\"vc_column tdi_984  wpb_column vc_column_container tdc-column td-pb-span12\" data-cya11y-org-font-size=\"15\">\n<div class=\"wpb_wrapper\" data-cya11y-org-font-size=\"15\">\n<div class=\"td_block_wrap td_woo_product_description tdi_986 td-pb-border-top td_block_template_1\" data-td-block-uid=\"tdi_986\" data-cya11y-org-font-size=\"15\">\n<div class=\"tdw-block-inner td-fix-index\" data-cya11y-org-font-size=\"15\">\n<div class=\"tdw-pd-content-wrap\" data-cya11y-org-font-size=\"15\">\n<ul>\n<li data-cya11y-org-font-size=\"15\"><span data-cya11y-org-font-size=\"15\"><strong>Brand: TMC<\/strong><\/span><\/li>\n<li data-cya11y-org-font-size=\"15\"><span data-cya11y-org-font-size=\"15\"><strong>Tip ac\u021bionare: motor electric<\/strong><\/span><\/li>\n<li data-cya11y-org-font-size=\"15\"><span data-cya11y-org-font-size=\"15\"><strong>Putere motor: 3kW<\/strong><\/span><\/li>\n<li data-cya11y-org-font-size=\"15\"><span data-cya11y-org-font-size=\"15\"><strong>Tensiune: 220V<\/strong><\/span><\/li>\n<li data-cya11y-org-font-size=\"15\"><span data-cya11y-org-font-size=\"15\"><strong>Capacitate: 300kg<\/strong><\/span><\/li>\n<li data-cya11y-org-font-size=\"15\"><span data-cya11y-org-font-size=\"15\"><strong>Volum: 522L<\/strong><\/span><\/li>\n<li data-cya11y-org-font-size=\"15\"><span data-cya11y-org-font-size=\"15\"><strong>Timp amestecare: 10 min.<\/strong><\/span><\/li>\n<li data-cya11y-org-font-size=\"15\"><span data-cya11y-org-font-size=\"15\"><strong>Dimensiuni: 1050x1080x1595mm<\/strong><\/span><\/li>\n<li data-cya11y-org-font-size=\"15\"><strong>Greutate: 110kg<\/strong><\/li>\n<\/ul>\n<div class=\"woocommerce-product-details__short-description\" data-cya11y-org-font-size=\"15\">\n<div class=\"woocommerce-product-details__short-description\" data-cya11y-org-font-size=\"15\"><\/div>\n<\/div>\n<\/div>\n<\/div>\n<\/div>\n<\/div>\n<\/div>\n<\/div>\n<\/div>\n<div id=\"tdi_987\" class=\"tdc-row stretch_row_1400 td-stretch-content\" data-cya11y-org-font-size=\"15\">\n<div class=\"vc_row tdi_988  wpb_row td-pb-row\" data-cya11y-org-font-size=\"15\">\n<div class=\"vc_column tdi_990  wpb_column vc_column_container tdc-column td-pb-span12\" data-cya11y-org-font-size=\"15\">\n<div class=\"wpb_wrapper\" data-cya11y-org-font-size=\"15\">\n<div class=\"td_block_wrap td_woo_product_tabs tdi_991 td-pb-border-top td_block_template_1\" data-td-block-uid=\"tdi_991\" data-cya11y-org-font-size=\"15\">\n<div class=\"tdw-block-inner td-fix-index\" data-cya11y-org-font-size=\"15\">\n<div class=\"woocommerce-tabs wc-tabs-wrapper\" data-cya11y-org-font-size=\"15\">\n<div id=\"tab-description\" class=\"woocommerce-Tabs-panel woocommerce-Tabs-panel--description panel entry-content wc-tab\" role=\"tabpanel\" aria-labelledby=\"tab-title-description\" data-cya11y-org-font-size=\"15\">\n<p data-cya11y-org-font-size=\"15\"><span data-cya11y-org-font-size=\"15\"><span class=\"jCAhz ChMk0b\" data-cya11y-org-font-size=\"15\"><span class=\"ryNqvb\" data-cya11y-org-font-size=\"15\">Amestecator furaje KS-300 echipament potrivit pentru amestecarea eficient\u0103 a produselor furajere.<br \/>\nAmestecarea are loc cu ajutorul unui melc vertical, care creeaz\u0103 un flux continuu de transfer al materiei prime de jos \u00een sus.<br \/>\n<\/span><\/span><span class=\"jCAhz ChMk0b\" data-cya11y-org-font-size=\"15\"><span class=\"ryNqvb\" data-cya11y-org-font-size=\"15\">Componentele sunt introduse prin cuva de alimentare, situat\u0103 la o \u00een\u0103l\u021bime convenabil\u0103 pentru a u\u0219ura la maxim munca utilizatorului.<br \/>\n<\/span><\/span><span class=\"jCAhz ChMk0b\" data-cya11y-org-font-size=\"15\"><span class=\"ryNqvb\" data-cya11y-org-font-size=\"15\">Este posibil s\u0103 ad\u0103uga\u021bi produsele simultan cu func\u021bionarea amestec\u0103torului, ceea ce v\u0103 permite s\u0103 economisi\u021bi timp pentru amestecare.<br \/>\n<\/span><\/span><span class=\"jCAhz ChMk0b\" data-cya11y-org-font-size=\"15\"><span class=\"ryNqvb\" data-cya11y-org-font-size=\"15\">Amestec\u0103torul KS-300 este dotat cu dispozitive de siguran\u021b\u0103 \u0219i dispozitive de blocare pentru func\u021bionare \u00een siguran\u021b\u0103.<br \/>\n<\/span><\/span><span class=\"jCAhz ChMk0b\" data-cya11y-org-font-size=\"15\"><span class=\"ryNqvb\" data-cya11y-org-font-size=\"15\">Op\u021bional se poate comanda c\u00e2ntar pentru amestecator furaje KS-300 pentru a controla propor\u021biile.<br \/>\n<\/span><\/span><span class=\"jCAhz ChMk0b\" data-cya11y-org-font-size=\"15\"><span class=\"ryNqvb\" data-cya11y-org-font-size=\"15\">La cerere, amestec\u0103torul poate fi fabricat din o\u021bel inoxidabil.<\/span><\/span><\/span><\/p>\n<p data-cya11y-org-font-size=\"15\"><span data-cya11y-org-font-size=\"15\"><span class=\"jCAhz ChMk0b\" data-cya11y-org-font-size=\"15\"><span class=\"ryNqvb\" data-cya11y-org-font-size=\"15\">Acest amestec\u0103tor are urm\u0103toarele op\u021biuni pentru \u00eenc\u0103rcarea materialului:<br \/>\n<\/span><\/span><span class=\"jCAhz ChMk0b\" data-cya11y-org-font-size=\"15\"><span class=\"ryNqvb\" data-cya11y-org-font-size=\"15\">1) Superior &#8211; folosind gura de alimentare situat\u0103 \u00een partea de deasupra a amestecatorului.<br \/>\n<\/span><\/span><span class=\"jCAhz ChMk0b\" data-cya11y-org-font-size=\"15\"><span class=\"ryNqvb\" data-cya11y-org-font-size=\"15\">2) Pe partea opus\u0103 a gurii de alimentare, \u00een capacul de deasupra amestecatorului, sunt dou\u0103 dopuri de 160 mm. Dac\u0103 unul dintre ele este demontat, atunci cu ajutorul unui ciclon se pot introduce materiile prime \u00een amestec\u0103tor.<br \/>\n<\/span><\/span><span class=\"jCAhz ChMk0b\" data-cya11y-org-font-size=\"15\"><span class=\"ryNqvb\" data-cya11y-org-font-size=\"15\">3) Demonta\u021bi cele dou\u0103 dopuri \u0219i folosi\u021bi un exhaustor sau un transportor pneumatic pentru a transporta materia prim\u0103, iar prin a doua pentru a elimina aerul c\u0103tre filtre sau ciclon.<\/span><\/span>\u00a0La alimentarea malaxorului prin aceast\u0103 metod\u0103<span class=\"jCAhz ChMk0b\" data-cya11y-org-font-size=\"15\"><span class=\"ryNqvb\" data-cya11y-org-font-size=\"15\">, este recomandat un\u00a0 transportator pneumatic de putere mic\u0103.<\/span><\/span><\/span><\/p>\n<p data-cya11y-org-font-size=\"15\">Amestecatorul de furaje KS-300 poate fi utilizat pentru amestecare furaje si cereale in preg\u0103tirea retetelor. Poate functiona ca unitate independent\u0103 \u0219i utilizat\u0103 \u00een gospod\u0103rii, ferme mici sau medii unde cantit\u0103\u021bile de furaje nu sunt prea mari. De asemenea, poate fi comandat si in set cu o moara cu aspiratie pentru alimentare cu materie prim\u0103 direct din moar\u0103 prin exhaustare.<\/p>\n<\/div>\n<\/div>\n<\/div>\n<\/div>\n<\/div>\n<\/div>\n<\/div>\n<\/div>","protected":false},"excerpt":{"rendered":"<p>Amestecator furaje KS-300, TMC. 300 kg, volum 522 L, Ucraina Brand: TMC Tip ac\u021bionare: motor electric Putere motor: 3kW Tensiune:<\/p>","protected":false},"featured_media":5034,"template":"","meta":[],"product_cat":[138],"product_tag":[],"class_list":{"0":"post-5033","1":"product","2":"type-product","3":"status-publish","4":"has-post-thumbnail","6":"product_cat-amestecator-si-moara-cereale","8":"first","9":"instock","10":"shipping-taxable","11":"purchasable","12":"product-type-simple"},"yoast_head":"<!-- This site is optimized with the Yoast SEO plugin v20.12 - https:\/\/yoast.com\/wordpress\/plugins\/seo\/ -->\n<title>Amestecator furaje 300 kg volum 522 L Ucraina - Modernteh<\/title>\n<meta name=\"description\" content=\"Amestecator furaje 300 kg volum 522 L Ucraina\" \/>\n<meta name=\"robots\" content=\"index, follow, max-snippet:-1, max-image-preview:large, max-video-preview:-1\" \/>\n<link rel=\"canonical\" href=\"https:\/\/modernteh.md\/ru\/catalog\/amestecator-furaje-300-kg-volum-522-l-ucraina\/\" \/>\n<meta property=\"og:locale\" content=\"ru_RU\" \/>\n<meta property=\"og:type\" content=\"article\" \/>\n<meta property=\"og:title\" content=\"Amestecator furaje 300 kg volum 522 L Ucraina - Modernteh\" \/>\n<meta property=\"og:description\" content=\"Amestecator furaje 300 kg volum 522 L Ucraina\" \/>\n<meta property=\"og:url\" content=\"https:\/\/modernteh.md\/ru\/catalog\/amestecator-furaje-300-kg-volum-522-l-ucraina\/\" \/>\n<meta property=\"og:site_name\" content=\"Modernteh\" \/>\n<meta property=\"article:publisher\" content=\"https:\/\/www.facebook.com\/profile.php?id=100082695620019\" \/>\n<meta property=\"article:modified_time\" content=\"2025-11-05T08:45:32+00:00\" \/>\n<meta property=\"og:image\" content=\"https:\/\/modernteh.md\/wp-content\/uploads\/2025\/11\/Amestecator-furaje-KS-300-3.webp\" \/>\n\t<meta property=\"og:image:width\" content=\"2560\" \/>\n\t<meta property=\"og:image:height\" content=\"2560\" \/>\n\t<meta property=\"og:image:type\" content=\"image\/webp\" \/>\n<meta name=\"twitter:card\" content=\"summary_large_image\" \/>\n<meta name=\"twitter:label1\" content=\"\u041f\u0440\u0438\u043c\u0435\u0440\u043d\u043e\u0435 \u0432\u0440\u0435\u043c\u044f \u0434\u043b\u044f \u0447\u0442\u0435\u043d\u0438\u044f\" \/>\n\t<meta name=\"twitter:data1\" content=\"2 \u043c\u0438\u043d\u0443\u0442\u044b\" \/>\n<script type=\"application\/ld+json\" class=\"yoast-schema-graph\">{\"@context\":\"https:\/\/schema.org\",\"@graph\":[{\"@type\":\"WebPage\",\"@id\":\"https:\/\/modernteh.md\/catalog\/amestecator-furaje-300-kg-volum-522-l-ucraina\/\",\"url\":\"https:\/\/modernteh.md\/catalog\/amestecator-furaje-300-kg-volum-522-l-ucraina\/\",\"name\":\"Amestecator furaje 300 kg volum 522 L Ucraina - Modernteh\",\"isPartOf\":{\"@id\":\"https:\/\/modernteh.md\/#website\"},\"datePublished\":\"2025-11-05T08:45:31+00:00\",\"dateModified\":\"2025-11-05T08:45:32+00:00\",\"description\":\"Amestecator furaje 300 kg volum 522 L Ucraina\",\"breadcrumb\":{\"@id\":\"https:\/\/modernteh.md\/catalog\/amestecator-furaje-300-kg-volum-522-l-ucraina\/#breadcrumb\"},\"inLanguage\":\"ru-RU\",\"potentialAction\":[{\"@type\":\"ReadAction\",\"target\":[\"https:\/\/modernteh.md\/catalog\/amestecator-furaje-300-kg-volum-522-l-ucraina\/\"]}]},{\"@type\":\"BreadcrumbList\",\"@id\":\"https:\/\/modernteh.md\/catalog\/amestecator-furaje-300-kg-volum-522-l-ucraina\/#breadcrumb\",\"itemListElement\":[{\"@type\":\"ListItem\",\"position\":1,\"name\":\"Prima pagin\u0103\",\"item\":\"https:\/\/modernteh.md\/\"},{\"@type\":\"ListItem\",\"position\":2,\"name\":\"Catalog\",\"item\":\"https:\/\/modernteh.md\/catalog\/\"},{\"@type\":\"ListItem\",\"position\":3,\"name\":\"Amestecator furaje 300 kg volum 522 L Ucraina\"}]},{\"@type\":\"WebSite\",\"@id\":\"https:\/\/modernteh.md\/#website\",\"url\":\"https:\/\/modernteh.md\/\",\"name\":\"Modernteh\",\"description\":\"Modernteh\",\"publisher\":{\"@id\":\"https:\/\/modernteh.md\/#organization\"},\"potentialAction\":[{\"@type\":\"SearchAction\",\"target\":{\"@type\":\"EntryPoint\",\"urlTemplate\":\"https:\/\/modernteh.md\/?s={search_term_string}\"},\"query-input\":\"required name=search_term_string\"}],\"inLanguage\":\"ru-RU\"},{\"@type\":\"Organization\",\"@id\":\"https:\/\/modernteh.md\/#organization\",\"name\":\"Modernteh\",\"url\":\"https:\/\/modernteh.md\/\",\"logo\":{\"@type\":\"ImageObject\",\"inLanguage\":\"ru-RU\",\"@id\":\"https:\/\/modernteh.md\/#\/schema\/logo\/image\/\",\"url\":\"https:\/\/modernteh.md\/wp-content\/uploads\/2022\/06\/Logo_site-2.png\",\"contentUrl\":\"https:\/\/modernteh.md\/wp-content\/uploads\/2022\/06\/Logo_site-2.png\",\"width\":500,\"height\":487,\"caption\":\"Modernteh\"},\"image\":{\"@id\":\"https:\/\/modernteh.md\/#\/schema\/logo\/image\/\"},\"sameAs\":[\"https:\/\/www.facebook.com\/profile.php?id=100082695620019\"]}]}<\/script>\n<!-- \/ Yoast SEO plugin. -->","yoast_head_json":{"title":"Amestecator furaje 300 kg volum 522 L Ucraina - Modernteh","description":"Amestecator furaje 300 kg volum 522 L Ucraina","robots":{"index":"index","follow":"follow","max-snippet":"max-snippet:-1","max-image-preview":"max-image-preview:large","max-video-preview":"max-video-preview:-1"},"canonical":"https:\/\/modernteh.md\/ru\/catalog\/amestecator-furaje-300-kg-volum-522-l-ucraina\/","og_locale":"ru_RU","og_type":"article","og_title":"Amestecator furaje 300 kg volum 522 L Ucraina - Modernteh","og_description":"Amestecator furaje 300 kg volum 522 L Ucraina","og_url":"https:\/\/modernteh.md\/ru\/catalog\/amestecator-furaje-300-kg-volum-522-l-ucraina\/","og_site_name":"Modernteh","article_publisher":"https:\/\/www.facebook.com\/profile.php?id=100082695620019","article_modified_time":"2025-11-05T08:45:32+00:00","og_image":[{"width":2560,"height":2560,"url":"https:\/\/modernteh.md\/wp-content\/uploads\/2025\/11\/Amestecator-furaje-KS-300-3.webp","type":"image\/webp"}],"twitter_card":"summary_large_image","twitter_misc":{"\u041f\u0440\u0438\u043c\u0435\u0440\u043d\u043e\u0435 \u0432\u0440\u0435\u043c\u044f \u0434\u043b\u044f \u0447\u0442\u0435\u043d\u0438\u044f":"2 \u043c\u0438\u043d\u0443\u0442\u044b"},"schema":{"@context":"https:\/\/schema.org","@graph":[{"@type":"WebPage","@id":"https:\/\/modernteh.md\/catalog\/amestecator-furaje-300-kg-volum-522-l-ucraina\/","url":"https:\/\/modernteh.md\/catalog\/amestecator-furaje-300-kg-volum-522-l-ucraina\/","name":"Amestecator furaje 300 kg volum 522 L Ucraina - Modernteh","isPartOf":{"@id":"https:\/\/modernteh.md\/#website"},"datePublished":"2025-11-05T08:45:31+00:00","dateModified":"2025-11-05T08:45:32+00:00","description":"Amestecator furaje 300 kg volum 522 L Ucraina","breadcrumb":{"@id":"https:\/\/modernteh.md\/catalog\/amestecator-furaje-300-kg-volum-522-l-ucraina\/#breadcrumb"},"inLanguage":"ru-RU","potentialAction":[{"@type":"ReadAction","target":["https:\/\/modernteh.md\/catalog\/amestecator-furaje-300-kg-volum-522-l-ucraina\/"]}]},{"@type":"BreadcrumbList","@id":"https:\/\/modernteh.md\/catalog\/amestecator-furaje-300-kg-volum-522-l-ucraina\/#breadcrumb","itemListElement":[{"@type":"ListItem","position":1,"name":"Prima pagin\u0103","item":"https:\/\/modernteh.md\/"},{"@type":"ListItem","position":2,"name":"Catalog","item":"https:\/\/modernteh.md\/catalog\/"},{"@type":"ListItem","position":3,"name":"Amestecator furaje 300 kg volum 522 L Ucraina"}]},{"@type":"WebSite","@id":"https:\/\/modernteh.md\/#website","url":"https:\/\/modernteh.md\/","name":"Modernteh","description":"Modernteh","publisher":{"@id":"https:\/\/modernteh.md\/#organization"},"potentialAction":[{"@type":"SearchAction","target":{"@type":"EntryPoint","urlTemplate":"https:\/\/modernteh.md\/?s={search_term_string}"},"query-input":"required name=search_term_string"}],"inLanguage":"ru-RU"},{"@type":"Organization","@id":"https:\/\/modernteh.md\/#organization","name":"Modernteh","url":"https:\/\/modernteh.md\/","logo":{"@type":"ImageObject","inLanguage":"ru-RU","@id":"https:\/\/modernteh.md\/#\/schema\/logo\/image\/","url":"https:\/\/modernteh.md\/wp-content\/uploads\/2022\/06\/Logo_site-2.png","contentUrl":"https:\/\/modernteh.md\/wp-content\/uploads\/2022\/06\/Logo_site-2.png","width":500,"height":487,"caption":"Modernteh"},"image":{"@id":"https:\/\/modernteh.md\/#\/schema\/logo\/image\/"},"sameAs":["https:\/\/www.facebook.com\/profile.php?id=100082695620019"]}]}},"_links":{"self":[{"href":"https:\/\/modernteh.md\/ru\/wp-json\/wp\/v2\/product\/5033","targetHints":{"allow":["GET"]}}],"collection":[{"href":"https:\/\/modernteh.md\/ru\/wp-json\/wp\/v2\/product"}],"about":[{"href":"https:\/\/modernteh.md\/ru\/wp-json\/wp\/v2\/types\/product"}],"wp:featuredmedia":[{"embeddable":true,"href":"https:\/\/modernteh.md\/ru\/wp-json\/wp\/v2\/media\/5034"}],"wp:attachment":[{"href":"https:\/\/modernteh.md\/ru\/wp-json\/wp\/v2\/media?parent=5033"}],"wp:term":[{"taxonomy":"product_cat","embeddable":true,"href":"https:\/\/modernteh.md\/ru\/wp-json\/wp\/v2\/product_cat?post=5033"},{"taxonomy":"product_tag","embeddable":true,"href":"https:\/\/modernteh.md\/ru\/wp-json\/wp\/v2\/product_tag?post=5033"}],"curies":[{"name":"wp","href":"https:\/\/api.w.org\/{rel}","templated":true}]}}