{"id":5044,"date":"2025-11-12T13:45:22","date_gmt":"2025-11-12T13:45:22","guid":{"rendered":"https:\/\/modernteh.md\/?post_type=product&#038;p=5044"},"modified":"2025-12-30T15:20:16","modified_gmt":"2025-12-30T15:20:16","slug":"granulator-de-furaje-eu-profi-150","status":"publish","type":"product","link":"https:\/\/modernteh.md\/ru\/catalog\/granulator-de-furaje-eu-profi-150\/","title":{"rendered":"Granulator de furaje EU PROFI 150"},"content":{"rendered":"<p>Granulator de furaje EU PROFI 150<\/p>\n<div class=\"w-full\">\n<div class=\"w-full mx-auto\" data-v-2b5c147f=\"\">\n<div class=\"rounded-lg mt-3 overflow-hidden\" data-v-2b5c147f=\"\">\n<table class=\"min-w-full\" data-v-2b5c147f=\"\">\n<tbody data-v-2b5c147f=\"\">\n<tr class=\"bg-gray\" data-v-2b5c147f=\"\">\n<td class=\"px-[15px] py-3 text-left text-black md:text-[16px] text-[11px] font-semibold leading-[120%] w-1\/2\" data-v-2b5c147f=\"\">\u041c\u043e\u0449\u043d\u043e\u0441\u0442\u044c \u0434\u0432\u0438\u0433\u0430\u0442\u0435\u043b\u044f -<\/td>\n<td class=\"px-[15px] py-3 text-left text-graySilver md:text-[16px] text-[11px] font-semibold leading-[120%] w-1\/2\" data-v-2b5c147f=\"\">3.0kw sau 4.0 kW<\/td>\n<\/tr>\n<tr class=\"bg-gray\/40\" data-v-2b5c147f=\"\">\n<td class=\"px-[15px] py-3 text-left text-black md:text-[16px] text-[11px] font-semibold leading-[120%] w-1\/2\" data-v-2b5c147f=\"\">Tensiune<\/td>\n<td class=\"px-[15px] py-3 text-left text-graySilver md:text-[16px] text-[11px] font-semibold leading-[120%] w-1\/2\" data-v-2b5c147f=\"\">220Vsau 380V\/50Hz<\/td>\n<\/tr>\n<tr class=\"bg-gray\" data-v-2b5c147f=\"\">\n<td class=\"px-[15px] py-3 text-left text-black md:text-[16px] text-[11px] font-semibold leading-[120%] w-1\/2\" data-v-2b5c147f=\"\">Tip combustibil<\/td>\n<td class=\"px-[15px] py-3 text-left text-graySilver md:text-[16px] text-[11px] font-semibold leading-[120%] w-1\/2\" data-v-2b5c147f=\"\">Electricitate<\/td>\n<\/tr>\n<tr class=\"bg-gray\/40\" data-v-2b5c147f=\"\">\n<td class=\"px-[15px] py-3 text-left text-black md:text-[16px] text-[11px] font-semibold leading-[120%] w-1\/2\" data-v-2b5c147f=\"\">Capacitate de produc\u021bie<\/td>\n<td class=\"px-[15px] py-3 text-left text-graySilver md:text-[16px] text-[11px] font-semibold leading-[120%] w-1\/2\" data-v-2b5c147f=\"\">120-150 kg\/h<\/td>\n<\/tr>\n<tr class=\"bg-gray\" data-v-2b5c147f=\"\">\n<td class=\"px-[15px] py-3 text-left text-black md:text-[16px] text-[11px] font-semibold leading-[120%] w-1\/2\" data-v-2b5c147f=\"\">Transmisie<\/td>\n<td class=\"px-[15px] py-3 text-left text-graySilver md:text-[16px] text-[11px] font-semibold leading-[120%] w-1\/2\" data-v-2b5c147f=\"\">Reductor<\/td>\n<\/tr>\n<tr class=\"bg-gray\/40\" data-v-2b5c147f=\"\">\n<td class=\"px-[15px] py-3 text-left text-black md:text-[16px] text-[11px] font-semibold leading-[120%] w-1\/2\" data-v-2b5c147f=\"\">Bobinaj motor<\/td>\n<td class=\"px-[15px] py-3 text-left text-graySilver md:text-[16px] text-[11px] font-semibold leading-[120%] w-1\/2\" data-v-2b5c147f=\"\">Cupru<\/td>\n<\/tr>\n<\/tbody>\n<\/table>\n<\/div>\n<\/div>\n<\/div>\n<div class=\"w-full\">\n<div class=\"w-full mx-auto\" data-v-2b5c147f=\"\">\n<h2 class=\"flex items-center justify-between text-black w-full pb-1.5 text-[16px] font-semibold leading-[120%] text-left transition duration-300 ease-in-out\" data-v-2b5c147f=\"\">Caracteristici Secundare<\/h2>\n<div class=\"rounded-lg mt-3 overflow-hidden\" data-v-2b5c147f=\"\">\n<table class=\"min-w-full\" data-v-2b5c147f=\"\">\n<tbody data-v-2b5c147f=\"\">\n<tr class=\"bg-gray\" data-v-2b5c147f=\"\">\n<td class=\"px-[15px] py-3 text-left text-black md:text-[16px] text-[11px] font-semibold leading-[120%] w-1\/2\" data-v-2b5c147f=\"\">Matri\u021be<\/td>\n<td class=\"px-[15px] py-3 text-left text-graySilver md:text-[16px] text-[11px] font-semibold leading-[120%] w-1\/2\" data-v-2b5c147f=\"\">3 (2.5 mm | 4 mm | 6 mm)<\/td>\n<\/tr>\n<tr class=\"bg-gray\/40\" data-v-2b5c147f=\"\">\n<td class=\"px-[15px] py-3 text-left text-black md:text-[16px] text-[11px] font-semibold leading-[120%] w-1\/2\" data-v-2b5c147f=\"\">Rol\u0103 presoare<\/td>\n<td class=\"px-[15px] py-3 text-left text-graySilver md:text-[16px] text-[11px] font-semibold leading-[120%] w-1\/2\" data-v-2b5c147f=\"\">1 (diametru 150 mm)<\/td>\n<\/tr>\n<tr class=\"bg-gray\" data-v-2b5c147f=\"\">\n<td class=\"px-[15px] py-3 text-left text-black md:text-[16px] text-[11px] font-semibold leading-[120%] w-1\/2\" data-v-2b5c147f=\"\">\u0412\u0435\u0441 \u2013 45 \u043a\u0433<\/td>\n<td class=\"px-[15px] py-3 text-left text-graySilver md:text-[16px] text-[11px] font-semibold leading-[120%] w-1\/2\" data-v-2b5c147f=\"\">76 kg<\/td>\n<\/tr>\n<tr class=\"bg-gray\/40\" data-v-2b5c147f=\"\">\n<td class=\"px-[15px] py-3 text-left text-black md:text-[16px] text-[11px] font-semibold leading-[120%] w-1\/2\" data-v-2b5c147f=\"\">\u0420\u0430\u0437\u043c\u0435\u0440<\/td>\n<td class=\"px-[15px] py-3 text-left text-graySilver md:text-[16px] text-[11px] font-semibold leading-[120%] w-1\/2\" data-v-2b5c147f=\"\">90 x 30 x 70 mm<\/td>\n<\/tr>\n<\/tbody>\n<\/table>\n<p>Granulatorul\u00a0<strong>EU PROFI 150<\/strong>\u00a0este proiectat pentru produc\u021bia de pele\u021bi pentru furaje animale \u0219i p\u0103s\u0103ri, fiind ideal pentru ferme mici, fabrici de furaje sau gospod\u0103rii. Este o solu\u021bie eficient\u0103 \u0219i fiabil\u0103, adaptat\u0103 cerin\u021belor ridicate ale pie\u021belor europene.<\/p>\n<p>Func\u021bii principale:<br \/>\n&#8211; Construc\u021bie modular\u0103<br \/>\nRama este proiectat\u0103 pentru asamblare flexibil\u0103, oferind u\u0219urin\u021b\u0103 \u00een utilizare. Spre deosebire de modelele sudate fix, aceasta permite personalizarea conform preferin\u021belor utilizatorului.<\/p>\n<p>&#8211; Rezisten\u021b\u0103 superioar\u0103<br \/>\nCo\u0219ul de alimentare din metal de \u00eenalt\u0103 calitate are o capacitate mai mare \u0219i o durabilitate sporit\u0103, fiind superior modelelor din font\u0103.<\/p>\n<p>&#8211; Durabilitate extins\u0103<br \/>\nMatri\u021bele \u0219i rolele presoare sunt fabricate conform standardelor \u00eenalte, asigur\u00e2nd o eficien\u021b\u0103 ridicat\u0103 \u0219i o durat\u0103 de via\u021b\u0103 lung\u0103.<\/p>\n<p>&#8211; Protec\u021bie \u00eempotriva prafului<br \/>\nDesignul previne infiltrarea prafului \u00een mecanismele interne, garant\u00e2nd o func\u021bionare fiabil\u0103 pe termen lung.<\/p>\n<p>&#8211; Amortizarea vibra\u021biilor<br \/>\nReductorul conectat prin arbore cardanic reduce vibra\u021biile, oferind o func\u021bionare mai lin\u0103 \u0219i mai eficient\u0103 comparativ cu modelele concurente.<\/p>\n<ul>\n<li>&#8211; Produc\u021bie de \u00eenalt\u0103 calitate<\/li>\n<\/ul>\n<p>Modelul este fabricat \u00een China, exclusiv pentru pia\u021ba european\u0103, fiind exportat \u00een \u021b\u0103ri precum Germania, Italia \u0219i Cehia.<\/p>\n<\/div>\n<\/div>\n<\/div>","protected":false},"excerpt":{"rendered":"<p>Granulator de furaje EU PROFI 150 Putere motor 3.0kw sau 4.0 kW Tensiune 220Vsau 380V\/50Hz Tip combustibil Electricitate Capacitate de<\/p>","protected":false},"featured_media":5047,"template":"","meta":[],"product_cat":[133],"product_tag":[],"class_list":{"0":"post-5044","1":"product","2":"type-product","3":"status-publish","4":"has-post-thumbnail","6":"product_cat-granulatoare-furaje","8":"first","9":"instock","10":"shipping-taxable","11":"purchasable","12":"product-type-simple"},"yoast_head":"<!-- This site is optimized with the Yoast SEO plugin v20.12 - https:\/\/yoast.com\/wordpress\/plugins\/seo\/ -->\n<title>Granulator de furaje EU PROFI 150 - Modernteh<\/title>\n<meta name=\"description\" content=\"Granulator de furaje EU PROFI 150\" \/>\n<meta name=\"robots\" content=\"index, follow, max-snippet:-1, max-image-preview:large, max-video-preview:-1\" \/>\n<link rel=\"canonical\" href=\"https:\/\/modernteh.md\/ru\/catalog\/granulator-de-furaje-eu-profi-150\/\" \/>\n<meta property=\"og:locale\" content=\"ru_RU\" \/>\n<meta property=\"og:type\" content=\"article\" \/>\n<meta property=\"og:title\" content=\"Granulator de furaje EU PROFI 150 - Modernteh\" \/>\n<meta property=\"og:description\" content=\"Granulator de furaje EU PROFI 150\" \/>\n<meta property=\"og:url\" content=\"https:\/\/modernteh.md\/ru\/catalog\/granulator-de-furaje-eu-profi-150\/\" \/>\n<meta property=\"og:site_name\" content=\"Modernteh\" \/>\n<meta property=\"article:publisher\" content=\"https:\/\/www.facebook.com\/profile.php?id=100082695620019\" \/>\n<meta property=\"article:modified_time\" content=\"2025-12-30T15:20:16+00:00\" \/>\n<meta property=\"og:image\" content=\"https:\/\/modernteh.md\/wp-content\/uploads\/2025\/11\/granulator-eu-profi-150-sec-1-677e9fae7572d.webp\" \/>\n\t<meta property=\"og:image:width\" content=\"1500\" \/>\n\t<meta property=\"og:image:height\" content=\"1500\" \/>\n\t<meta property=\"og:image:type\" content=\"image\/webp\" \/>\n<meta name=\"twitter:card\" content=\"summary_large_image\" \/>\n<meta name=\"twitter:label1\" content=\"\u041f\u0440\u0438\u043c\u0435\u0440\u043d\u043e\u0435 \u0432\u0440\u0435\u043c\u044f \u0434\u043b\u044f \u0447\u0442\u0435\u043d\u0438\u044f\" \/>\n\t<meta name=\"twitter:data1\" content=\"2 \u043c\u0438\u043d\u0443\u0442\u044b\" \/>\n<script type=\"application\/ld+json\" class=\"yoast-schema-graph\">{\"@context\":\"https:\/\/schema.org\",\"@graph\":[{\"@type\":\"WebPage\",\"@id\":\"https:\/\/modernteh.md\/catalog\/granulator-de-furaje-eu-profi-150\/\",\"url\":\"https:\/\/modernteh.md\/catalog\/granulator-de-furaje-eu-profi-150\/\",\"name\":\"Granulator de furaje EU PROFI 150 - Modernteh\",\"isPartOf\":{\"@id\":\"https:\/\/modernteh.md\/#website\"},\"datePublished\":\"2025-11-12T13:45:22+00:00\",\"dateModified\":\"2025-12-30T15:20:16+00:00\",\"description\":\"Granulator de furaje EU PROFI 150\",\"breadcrumb\":{\"@id\":\"https:\/\/modernteh.md\/catalog\/granulator-de-furaje-eu-profi-150\/#breadcrumb\"},\"inLanguage\":\"ru-RU\",\"potentialAction\":[{\"@type\":\"ReadAction\",\"target\":[\"https:\/\/modernteh.md\/catalog\/granulator-de-furaje-eu-profi-150\/\"]}]},{\"@type\":\"BreadcrumbList\",\"@id\":\"https:\/\/modernteh.md\/catalog\/granulator-de-furaje-eu-profi-150\/#breadcrumb\",\"itemListElement\":[{\"@type\":\"ListItem\",\"position\":1,\"name\":\"Prima pagin\u0103\",\"item\":\"https:\/\/modernteh.md\/\"},{\"@type\":\"ListItem\",\"position\":2,\"name\":\"Catalog\",\"item\":\"https:\/\/modernteh.md\/catalog\/\"},{\"@type\":\"ListItem\",\"position\":3,\"name\":\"Granulator de furaje EU PROFI 150\"}]},{\"@type\":\"WebSite\",\"@id\":\"https:\/\/modernteh.md\/#website\",\"url\":\"https:\/\/modernteh.md\/\",\"name\":\"Modernteh\",\"description\":\"Modernteh\",\"publisher\":{\"@id\":\"https:\/\/modernteh.md\/#organization\"},\"potentialAction\":[{\"@type\":\"SearchAction\",\"target\":{\"@type\":\"EntryPoint\",\"urlTemplate\":\"https:\/\/modernteh.md\/?s={search_term_string}\"},\"query-input\":\"required name=search_term_string\"}],\"inLanguage\":\"ru-RU\"},{\"@type\":\"Organization\",\"@id\":\"https:\/\/modernteh.md\/#organization\",\"name\":\"Modernteh\",\"url\":\"https:\/\/modernteh.md\/\",\"logo\":{\"@type\":\"ImageObject\",\"inLanguage\":\"ru-RU\",\"@id\":\"https:\/\/modernteh.md\/#\/schema\/logo\/image\/\",\"url\":\"https:\/\/modernteh.md\/wp-content\/uploads\/2022\/06\/Logo_site-2.png\",\"contentUrl\":\"https:\/\/modernteh.md\/wp-content\/uploads\/2022\/06\/Logo_site-2.png\",\"width\":500,\"height\":487,\"caption\":\"Modernteh\"},\"image\":{\"@id\":\"https:\/\/modernteh.md\/#\/schema\/logo\/image\/\"},\"sameAs\":[\"https:\/\/www.facebook.com\/profile.php?id=100082695620019\"]}]}<\/script>\n<!-- \/ Yoast SEO plugin. -->","yoast_head_json":{"title":"Granulator de furaje EU PROFI 150 - Modernteh","description":"Granulator de furaje EU PROFI 150","robots":{"index":"index","follow":"follow","max-snippet":"max-snippet:-1","max-image-preview":"max-image-preview:large","max-video-preview":"max-video-preview:-1"},"canonical":"https:\/\/modernteh.md\/ru\/catalog\/granulator-de-furaje-eu-profi-150\/","og_locale":"ru_RU","og_type":"article","og_title":"Granulator de furaje EU PROFI 150 - Modernteh","og_description":"Granulator de furaje EU PROFI 150","og_url":"https:\/\/modernteh.md\/ru\/catalog\/granulator-de-furaje-eu-profi-150\/","og_site_name":"Modernteh","article_publisher":"https:\/\/www.facebook.com\/profile.php?id=100082695620019","article_modified_time":"2025-12-30T15:20:16+00:00","og_image":[{"width":1500,"height":1500,"url":"https:\/\/modernteh.md\/wp-content\/uploads\/2025\/11\/granulator-eu-profi-150-sec-1-677e9fae7572d.webp","type":"image\/webp"}],"twitter_card":"summary_large_image","twitter_misc":{"\u041f\u0440\u0438\u043c\u0435\u0440\u043d\u043e\u0435 \u0432\u0440\u0435\u043c\u044f \u0434\u043b\u044f \u0447\u0442\u0435\u043d\u0438\u044f":"2 \u043c\u0438\u043d\u0443\u0442\u044b"},"schema":{"@context":"https:\/\/schema.org","@graph":[{"@type":"WebPage","@id":"https:\/\/modernteh.md\/catalog\/granulator-de-furaje-eu-profi-150\/","url":"https:\/\/modernteh.md\/catalog\/granulator-de-furaje-eu-profi-150\/","name":"Granulator de furaje EU PROFI 150 - Modernteh","isPartOf":{"@id":"https:\/\/modernteh.md\/#website"},"datePublished":"2025-11-12T13:45:22+00:00","dateModified":"2025-12-30T15:20:16+00:00","description":"Granulator de furaje EU PROFI 150","breadcrumb":{"@id":"https:\/\/modernteh.md\/catalog\/granulator-de-furaje-eu-profi-150\/#breadcrumb"},"inLanguage":"ru-RU","potentialAction":[{"@type":"ReadAction","target":["https:\/\/modernteh.md\/catalog\/granulator-de-furaje-eu-profi-150\/"]}]},{"@type":"BreadcrumbList","@id":"https:\/\/modernteh.md\/catalog\/granulator-de-furaje-eu-profi-150\/#breadcrumb","itemListElement":[{"@type":"ListItem","position":1,"name":"Prima pagin\u0103","item":"https:\/\/modernteh.md\/"},{"@type":"ListItem","position":2,"name":"Catalog","item":"https:\/\/modernteh.md\/catalog\/"},{"@type":"ListItem","position":3,"name":"Granulator de furaje EU PROFI 150"}]},{"@type":"WebSite","@id":"https:\/\/modernteh.md\/#website","url":"https:\/\/modernteh.md\/","name":"Modernteh","description":"Modernteh","publisher":{"@id":"https:\/\/modernteh.md\/#organization"},"potentialAction":[{"@type":"SearchAction","target":{"@type":"EntryPoint","urlTemplate":"https:\/\/modernteh.md\/?s={search_term_string}"},"query-input":"required name=search_term_string"}],"inLanguage":"ru-RU"},{"@type":"Organization","@id":"https:\/\/modernteh.md\/#organization","name":"Modernteh","url":"https:\/\/modernteh.md\/","logo":{"@type":"ImageObject","inLanguage":"ru-RU","@id":"https:\/\/modernteh.md\/#\/schema\/logo\/image\/","url":"https:\/\/modernteh.md\/wp-content\/uploads\/2022\/06\/Logo_site-2.png","contentUrl":"https:\/\/modernteh.md\/wp-content\/uploads\/2022\/06\/Logo_site-2.png","width":500,"height":487,"caption":"Modernteh"},"image":{"@id":"https:\/\/modernteh.md\/#\/schema\/logo\/image\/"},"sameAs":["https:\/\/www.facebook.com\/profile.php?id=100082695620019"]}]}},"_links":{"self":[{"href":"https:\/\/modernteh.md\/ru\/wp-json\/wp\/v2\/product\/5044","targetHints":{"allow":["GET"]}}],"collection":[{"href":"https:\/\/modernteh.md\/ru\/wp-json\/wp\/v2\/product"}],"about":[{"href":"https:\/\/modernteh.md\/ru\/wp-json\/wp\/v2\/types\/product"}],"wp:featuredmedia":[{"embeddable":true,"href":"https:\/\/modernteh.md\/ru\/wp-json\/wp\/v2\/media\/5047"}],"wp:attachment":[{"href":"https:\/\/modernteh.md\/ru\/wp-json\/wp\/v2\/media?parent=5044"}],"wp:term":[{"taxonomy":"product_cat","embeddable":true,"href":"https:\/\/modernteh.md\/ru\/wp-json\/wp\/v2\/product_cat?post=5044"},{"taxonomy":"product_tag","embeddable":true,"href":"https:\/\/modernteh.md\/ru\/wp-json\/wp\/v2\/product_tag?post=5044"}],"curies":[{"name":"wp","href":"https:\/\/api.w.org\/{rel}","templated":true}]}}