{"id":5049,"date":"2025-11-13T09:35:02","date_gmt":"2025-11-13T09:35:02","guid":{"rendered":"https:\/\/modernteh.md\/?post_type=product&#038;p=5049"},"modified":"2025-11-13T09:35:03","modified_gmt":"2025-11-13T09:35:03","slug":"tocator-de-crengi-benzina-technoworker-tc-7-60-b","status":"publish","type":"product","link":"https:\/\/modernteh.md\/ru\/catalog\/tocator-de-crengi-benzina-technoworker-tc-7-60-b\/","title":{"rendered":"Tocator de crengi benzina TechnoWorker TC 7-60 B"},"content":{"rendered":"<h1 class=\"description__title\">Tocator de crengi benzina TechnoWorker TC 7-60 B<\/h1>\n<ul class=\"product__features-list\">\n<li class=\"product__caracteristics-item\">\n<div class=\"product__caracteristics-item-cont\">\n<p class=\"product__caracteristics-subtitle\">Turatie motor (rpm) 3600<\/p>\n<\/div>\n<\/li>\n<li class=\"product__caracteristics-item\">\n<div class=\"product__caracteristics-item-cont\">\n<p class=\"product__caracteristics-subtitle\">Tip pornire La sfoara<\/p>\n<\/div>\n<\/li>\n<li class=\"product__caracteristics-item\">\n<div class=\"product__caracteristics-item-cont\">\n<p class=\"product__caracteristics-subtitle\">Tip motor 4 timpi<\/p>\n<\/div>\n<\/li>\n<li class=\"product__caracteristics-item\">\n<div class=\"product__caracteristics-item-cont\">\n<p class=\"product__caracteristics-subtitle\">Sistem de racire -Racire fortata cu aer<\/p>\n<\/div>\n<\/li>\n<li class=\"product__caracteristics-item\">\n<div class=\"product__caracteristics-item-cont\">\n<p class=\"product__caracteristics-subtitle\">Putere motor (CP) 7<\/p>\n<\/div>\n<\/li>\n<li class=\"product__caracteristics-item\">\n<div class=\"product__caracteristics-item-cont\">\n<p class=\"product__caracteristics-subtitle\">Dimensiuni (mm) 2670x780x1390<\/p>\n<\/div>\n<\/li>\n<li class=\"product__caracteristics-item\">\n<div class=\"product__caracteristics-item-cont\">\n<p class=\"product__caracteristics-subtitle\">Diametru lemn (mm) 80-100<\/p>\n<\/div>\n<\/li>\n<li class=\"product__caracteristics-item\">\n<div class=\"product__caracteristics-item-cont\">\n<p class=\"product__caracteristics-subtitle\">Lungimea lemn (mm) 80-120<\/p>\n<\/div>\n<\/li>\n<li class=\"product__caracteristics-item\">\n<div class=\"product__caracteristics-item-cont\">\n<p class=\"product__caracteristics-subtitle\">Capacitate cilindrica (cm\u00b3) 212<\/p>\n<p>Tocatorul de crengi pe benzin\u0103 TechnoWorker TC 7-60 B este echipat cu un motor RATO de 5,2 kW, av\u00e2nd o putere de 7 CP \u0219i o capacitate cilindric\u0103 de 212 cm\u00b3, ce asigur\u0103 performan\u021be excelente \u00een prelucrarea crengilor. Viteza de lucru este de 3600 rpm, iar lungimea de t\u0103iere este reglabil\u0103 \u00eentre 8 \u0219i 12 cm, cu un diametru de t\u0103iere de 8-10 cm, adaptabil\u0103 pentru diverse dimensiuni ale crengilor. Sistemul de pornire este manual, iar toc\u0103torul vine cu 25 de saci \u00een set, ca bonus. Greutatea total\u0103 a echipamentului este de 191 kg, iar dimensiunile sunt de 267x78x139 cm, asigur\u00e2nd o stabilitate \u0219i o manevrabilitate optim\u0103. Clasa de siguran\u021b\u0103 a toc\u0103torului este II \/ IPX4, ceea ce garanteaz\u0103 o protec\u021bie bun\u0103 \u00eempotriva umidit\u0103\u021bii \u0219i a particulelor de praf. Ro\u021bile pneumatice din spate au dimensiunea de 16X8.0-7, iar cele din fa\u021b\u0103 sunt de 4.10\/3.5-4, cu fr\u00e2n\u0103 integrat\u0103 pentru un control mai bun. Designul s\u0103u este \u00een culorile portocaliu \u0219i gri, conferindu-i un aspect modern \u0219i vizibil. Este o alegere excelent\u0103 pentru utilizatorii care au nevoie de un toc\u0103tor robust \u0219i eficient pentru gestionarea resturilor vegetale.<\/p>\n<\/div>\n<\/li>\n<\/ul>","protected":false},"excerpt":{"rendered":"<p>Tocator de crengi benzina TechnoWorker TC 7-60 B Turatie motor (rpm) 3600 Tip pornire La sfoara Tip motor 4 timpi<\/p>","protected":false},"featured_media":5050,"template":"","meta":[],"product_cat":[135],"product_tag":[],"class_list":{"0":"post-5049","1":"product","2":"type-product","3":"status-publish","4":"has-post-thumbnail","6":"product_cat-tocatoare-de-crengi","8":"first","9":"instock","10":"shipping-taxable","11":"purchasable","12":"product-type-simple"},"yoast_head":"<!-- This site is optimized with the Yoast SEO plugin v20.12 - https:\/\/yoast.com\/wordpress\/plugins\/seo\/ -->\n<title>Tocator de crengi benzina TechnoWorker TC 7-60 B - Modernteh<\/title>\n<meta name=\"description\" content=\"Tocator de crengi benzina TechnoWorker TC 7-60 B\" \/>\n<meta name=\"robots\" content=\"index, follow, max-snippet:-1, max-image-preview:large, max-video-preview:-1\" \/>\n<link rel=\"canonical\" href=\"https:\/\/modernteh.md\/ru\/catalog\/tocator-de-crengi-benzina-technoworker-tc-7-60-b\/\" \/>\n<meta property=\"og:locale\" content=\"ru_RU\" \/>\n<meta property=\"og:type\" content=\"article\" \/>\n<meta property=\"og:title\" content=\"Tocator de crengi benzina TechnoWorker TC 7-60 B - Modernteh\" \/>\n<meta property=\"og:description\" content=\"Tocator de crengi benzina TechnoWorker TC 7-60 B\" \/>\n<meta property=\"og:url\" content=\"https:\/\/modernteh.md\/ru\/catalog\/tocator-de-crengi-benzina-technoworker-tc-7-60-b\/\" \/>\n<meta property=\"og:site_name\" content=\"Modernteh\" \/>\n<meta property=\"article:publisher\" content=\"https:\/\/www.facebook.com\/profile.php?id=100082695620019\" \/>\n<meta property=\"article:modified_time\" content=\"2025-11-13T09:35:03+00:00\" \/>\n<meta property=\"og:image\" content=\"https:\/\/modernteh.md\/wp-content\/uploads\/2025\/11\/b56b33e2a8117bd28b5cbafb97e56238.webp\" \/>\n\t<meta property=\"og:image:width\" content=\"1200\" \/>\n\t<meta property=\"og:image:height\" content=\"1200\" \/>\n\t<meta property=\"og:image:type\" content=\"image\/webp\" \/>\n<meta name=\"twitter:card\" content=\"summary_large_image\" \/>\n<meta name=\"twitter:label1\" content=\"\u041f\u0440\u0438\u043c\u0435\u0440\u043d\u043e\u0435 \u0432\u0440\u0435\u043c\u044f \u0434\u043b\u044f \u0447\u0442\u0435\u043d\u0438\u044f\" \/>\n\t<meta name=\"twitter:data1\" content=\"2 \u043c\u0438\u043d\u0443\u0442\u044b\" \/>\n<script type=\"application\/ld+json\" class=\"yoast-schema-graph\">{\"@context\":\"https:\/\/schema.org\",\"@graph\":[{\"@type\":\"WebPage\",\"@id\":\"https:\/\/modernteh.md\/catalog\/tocator-de-crengi-benzina-technoworker-tc-7-60-b\/\",\"url\":\"https:\/\/modernteh.md\/catalog\/tocator-de-crengi-benzina-technoworker-tc-7-60-b\/\",\"name\":\"Tocator de crengi benzina TechnoWorker TC 7-60 B - Modernteh\",\"isPartOf\":{\"@id\":\"https:\/\/modernteh.md\/#website\"},\"datePublished\":\"2025-11-13T09:35:02+00:00\",\"dateModified\":\"2025-11-13T09:35:03+00:00\",\"description\":\"Tocator de crengi benzina TechnoWorker TC 7-60 B\",\"breadcrumb\":{\"@id\":\"https:\/\/modernteh.md\/catalog\/tocator-de-crengi-benzina-technoworker-tc-7-60-b\/#breadcrumb\"},\"inLanguage\":\"ru-RU\",\"potentialAction\":[{\"@type\":\"ReadAction\",\"target\":[\"https:\/\/modernteh.md\/catalog\/tocator-de-crengi-benzina-technoworker-tc-7-60-b\/\"]}]},{\"@type\":\"BreadcrumbList\",\"@id\":\"https:\/\/modernteh.md\/catalog\/tocator-de-crengi-benzina-technoworker-tc-7-60-b\/#breadcrumb\",\"itemListElement\":[{\"@type\":\"ListItem\",\"position\":1,\"name\":\"Prima pagin\u0103\",\"item\":\"https:\/\/modernteh.md\/\"},{\"@type\":\"ListItem\",\"position\":2,\"name\":\"Catalog\",\"item\":\"https:\/\/modernteh.md\/catalog\/\"},{\"@type\":\"ListItem\",\"position\":3,\"name\":\"Tocator de crengi benzina TechnoWorker TC 7-60 B\"}]},{\"@type\":\"WebSite\",\"@id\":\"https:\/\/modernteh.md\/#website\",\"url\":\"https:\/\/modernteh.md\/\",\"name\":\"Modernteh\",\"description\":\"Modernteh\",\"publisher\":{\"@id\":\"https:\/\/modernteh.md\/#organization\"},\"potentialAction\":[{\"@type\":\"SearchAction\",\"target\":{\"@type\":\"EntryPoint\",\"urlTemplate\":\"https:\/\/modernteh.md\/?s={search_term_string}\"},\"query-input\":\"required name=search_term_string\"}],\"inLanguage\":\"ru-RU\"},{\"@type\":\"Organization\",\"@id\":\"https:\/\/modernteh.md\/#organization\",\"name\":\"Modernteh\",\"url\":\"https:\/\/modernteh.md\/\",\"logo\":{\"@type\":\"ImageObject\",\"inLanguage\":\"ru-RU\",\"@id\":\"https:\/\/modernteh.md\/#\/schema\/logo\/image\/\",\"url\":\"https:\/\/modernteh.md\/wp-content\/uploads\/2022\/06\/Logo_site-2.png\",\"contentUrl\":\"https:\/\/modernteh.md\/wp-content\/uploads\/2022\/06\/Logo_site-2.png\",\"width\":500,\"height\":487,\"caption\":\"Modernteh\"},\"image\":{\"@id\":\"https:\/\/modernteh.md\/#\/schema\/logo\/image\/\"},\"sameAs\":[\"https:\/\/www.facebook.com\/profile.php?id=100082695620019\"]}]}<\/script>\n<!-- \/ Yoast SEO plugin. -->","yoast_head_json":{"title":"Tocator de crengi benzina TechnoWorker TC 7-60 B - Modernteh","description":"Tocator de crengi benzina TechnoWorker TC 7-60 B","robots":{"index":"index","follow":"follow","max-snippet":"max-snippet:-1","max-image-preview":"max-image-preview:large","max-video-preview":"max-video-preview:-1"},"canonical":"https:\/\/modernteh.md\/ru\/catalog\/tocator-de-crengi-benzina-technoworker-tc-7-60-b\/","og_locale":"ru_RU","og_type":"article","og_title":"Tocator de crengi benzina TechnoWorker TC 7-60 B - Modernteh","og_description":"Tocator de crengi benzina TechnoWorker TC 7-60 B","og_url":"https:\/\/modernteh.md\/ru\/catalog\/tocator-de-crengi-benzina-technoworker-tc-7-60-b\/","og_site_name":"Modernteh","article_publisher":"https:\/\/www.facebook.com\/profile.php?id=100082695620019","article_modified_time":"2025-11-13T09:35:03+00:00","og_image":[{"width":1200,"height":1200,"url":"https:\/\/modernteh.md\/wp-content\/uploads\/2025\/11\/b56b33e2a8117bd28b5cbafb97e56238.webp","type":"image\/webp"}],"twitter_card":"summary_large_image","twitter_misc":{"\u041f\u0440\u0438\u043c\u0435\u0440\u043d\u043e\u0435 \u0432\u0440\u0435\u043c\u044f \u0434\u043b\u044f \u0447\u0442\u0435\u043d\u0438\u044f":"2 \u043c\u0438\u043d\u0443\u0442\u044b"},"schema":{"@context":"https:\/\/schema.org","@graph":[{"@type":"WebPage","@id":"https:\/\/modernteh.md\/catalog\/tocator-de-crengi-benzina-technoworker-tc-7-60-b\/","url":"https:\/\/modernteh.md\/catalog\/tocator-de-crengi-benzina-technoworker-tc-7-60-b\/","name":"Tocator de crengi benzina TechnoWorker TC 7-60 B - Modernteh","isPartOf":{"@id":"https:\/\/modernteh.md\/#website"},"datePublished":"2025-11-13T09:35:02+00:00","dateModified":"2025-11-13T09:35:03+00:00","description":"Tocator de crengi benzina TechnoWorker TC 7-60 B","breadcrumb":{"@id":"https:\/\/modernteh.md\/catalog\/tocator-de-crengi-benzina-technoworker-tc-7-60-b\/#breadcrumb"},"inLanguage":"ru-RU","potentialAction":[{"@type":"ReadAction","target":["https:\/\/modernteh.md\/catalog\/tocator-de-crengi-benzina-technoworker-tc-7-60-b\/"]}]},{"@type":"BreadcrumbList","@id":"https:\/\/modernteh.md\/catalog\/tocator-de-crengi-benzina-technoworker-tc-7-60-b\/#breadcrumb","itemListElement":[{"@type":"ListItem","position":1,"name":"Prima pagin\u0103","item":"https:\/\/modernteh.md\/"},{"@type":"ListItem","position":2,"name":"Catalog","item":"https:\/\/modernteh.md\/catalog\/"},{"@type":"ListItem","position":3,"name":"Tocator de crengi benzina TechnoWorker TC 7-60 B"}]},{"@type":"WebSite","@id":"https:\/\/modernteh.md\/#website","url":"https:\/\/modernteh.md\/","name":"Modernteh","description":"Modernteh","publisher":{"@id":"https:\/\/modernteh.md\/#organization"},"potentialAction":[{"@type":"SearchAction","target":{"@type":"EntryPoint","urlTemplate":"https:\/\/modernteh.md\/?s={search_term_string}"},"query-input":"required name=search_term_string"}],"inLanguage":"ru-RU"},{"@type":"Organization","@id":"https:\/\/modernteh.md\/#organization","name":"Modernteh","url":"https:\/\/modernteh.md\/","logo":{"@type":"ImageObject","inLanguage":"ru-RU","@id":"https:\/\/modernteh.md\/#\/schema\/logo\/image\/","url":"https:\/\/modernteh.md\/wp-content\/uploads\/2022\/06\/Logo_site-2.png","contentUrl":"https:\/\/modernteh.md\/wp-content\/uploads\/2022\/06\/Logo_site-2.png","width":500,"height":487,"caption":"Modernteh"},"image":{"@id":"https:\/\/modernteh.md\/#\/schema\/logo\/image\/"},"sameAs":["https:\/\/www.facebook.com\/profile.php?id=100082695620019"]}]}},"_links":{"self":[{"href":"https:\/\/modernteh.md\/ru\/wp-json\/wp\/v2\/product\/5049","targetHints":{"allow":["GET"]}}],"collection":[{"href":"https:\/\/modernteh.md\/ru\/wp-json\/wp\/v2\/product"}],"about":[{"href":"https:\/\/modernteh.md\/ru\/wp-json\/wp\/v2\/types\/product"}],"wp:featuredmedia":[{"embeddable":true,"href":"https:\/\/modernteh.md\/ru\/wp-json\/wp\/v2\/media\/5050"}],"wp:attachment":[{"href":"https:\/\/modernteh.md\/ru\/wp-json\/wp\/v2\/media?parent=5049"}],"wp:term":[{"taxonomy":"product_cat","embeddable":true,"href":"https:\/\/modernteh.md\/ru\/wp-json\/wp\/v2\/product_cat?post=5049"},{"taxonomy":"product_tag","embeddable":true,"href":"https:\/\/modernteh.md\/ru\/wp-json\/wp\/v2\/product_tag?post=5049"}],"curies":[{"name":"wp","href":"https:\/\/api.w.org\/{rel}","templated":true}]}}