{"id":5057,"date":"2025-11-13T09:43:24","date_gmt":"2025-11-13T09:43:24","guid":{"rendered":"https:\/\/modernteh.md\/?post_type=product&#038;p=5057"},"modified":"2025-12-04T08:56:19","modified_gmt":"2025-12-04T08:56:19","slug":"tocator-de-crengi-benzina-technoworker-tc-15-140-b","status":"publish","type":"product","link":"https:\/\/modernteh.md\/ru\/catalog\/tocator-de-crengi-benzina-technoworker-tc-15-140-b\/","title":{"rendered":"Tocator de crengi benzina TechnoWorker TC 15-140 B"},"content":{"rendered":"<h1 class=\"description__title\">Tocator de crengi benzina TechnoWorker TC 15-140 B<\/h1>\n<h4 class=\"product-information-title\">Tocator de crengi benzina TechnoWorker TC 15-140 B<\/h4>\n<div class=\"product-information__feature\">\n<div class=\"product__caracteristics\">\n<ul class=\"product__features-list\">\n<li class=\"product__caracteristics-item\">\n<div class=\"product__caracteristics-item-cont\">\n<p class=\"product__caracteristics-subtitle\">Turatie motor (rpm) 3600<\/p>\n<\/div>\n<\/li>\n<li class=\"product__caracteristics-item\">\n<div class=\"product__caracteristics-item-cont\">\n<p class=\"product__caracteristics-subtitle\">Tip pornire La sfoara<\/p>\n<\/div>\n<\/li>\n<li class=\"product__caracteristics-item\">\n<div class=\"product__caracteristics-item-cont\">\n<p class=\"product__caracteristics-subtitle\">Tip motor 4 timpi<\/p>\n<\/div>\n<\/li>\n<li class=\"product__caracteristics-item\">\n<div class=\"product__caracteristics-item-cont\">\n<p class=\"product__caracteristics-subtitle\">Tip carburant Benzina fara plumb<\/p>\n<\/div>\n<\/li>\n<li class=\"product__caracteristics-item\">\n<div class=\"product__caracteristics-item-cont\">\n<p class=\"product__caracteristics-subtitle\">Sistem de racire Racire fortata cu aer<\/p>\n<\/div>\n<\/li>\n<li class=\"product__caracteristics-item\">\n<div class=\"product__caracteristics-item-cont\">\n<p class=\"product__caracteristics-subtitle\">Putere motor (CP) 15<\/p>\n<\/div>\n<\/li>\n<li class=\"product__caracteristics-item\">\n<div class=\"product__caracteristics-item-cont\">\n<p class=\"product__caracteristics-subtitle\">Diametru lemn (mm) 120-150<\/p>\n<\/div>\n<\/li>\n<li class=\"product__caracteristics-item\">\n<div class=\"product__caracteristics-item-cont\">\n<p class=\"product__caracteristics-subtitle\">Lungimea lemn (mm) 200-250<\/p>\n<\/div>\n<\/li>\n<li class=\"product__caracteristics-item\">\n<div class=\"product__caracteristics-item-cont\">\n<p class=\"product__caracteristics-subtitle\">Capacitate cilindrica (cm\u00b3) 420<\/p>\n<p>Tocatorul de crengi pe benzin\u0103 TechnoWorker TC 15-140 B este un echipament robust \u0219i eficient, ideal pentru utilizare intensiv\u0103 \u00een gr\u0103dini \u0219i ferme. Echipat cu un motor RATO de 11 kW, care dezvolt\u0103 o putere de 15 CP, acest toc\u0103tor ofer\u0103 performan\u021be de top \u0219i durabilitate. Capacitatea cilindric\u0103 de 420 cm\u00b3 asigur\u0103 o func\u021bionare puternic\u0103, iar viteza de 3600 rpm permite o tocare rapid\u0103 \u0219i eficient\u0103 a crengilor. Tocatorul dispune de o lungime de t\u0103iere: 20-25 cm. Diametrul maxim de t\u0103iere este de 12-15 cm, ceea ce \u00eel face potrivit pentru crengi de diverse grosimi. \u00cen plus, cu 25 de saci incluse gratuit \u00een set, ve\u021bi avea tot ce v\u0103 trebuie pentru colectarea a\u0219chilor. Culoarea atractiv\u0103, portocalie \u0219i gri, adaug\u0103 un plus estetic echipamentului, iar designul robust asigur\u0103 o utilizare de lung\u0103 durat\u0103. Toc\u0103torul TechnoWorker TC 15-140 B este alegerea ideal\u0103 pentru cei care au nevoie de un toc\u0103tor puternic \u0219i versatil pentru gestionarea eficient\u0103 a de\u0219eurilor de lemn. Este u\u0219or de manevrat \u0219i ofer\u0103 performan\u021be remarcabile \u00eentr-o gam\u0103 variat\u0103 de aplica\u021bii.<\/p>\n<\/div>\n<\/li>\n<\/ul>\n<\/div>\n<\/div>","protected":false},"excerpt":{"rendered":"<p>Tocator de crengi benzina TechnoWorker TC 15-140 B Tocator de crengi benzina TechnoWorker TC 15-140 B Turatie motor (rpm) 3600<\/p>","protected":false},"featured_media":5058,"template":"","meta":[],"product_cat":[135],"product_tag":[],"class_list":{"0":"post-5057","1":"product","2":"type-product","3":"status-publish","4":"has-post-thumbnail","6":"product_cat-tocatoare-de-crengi","8":"first","9":"instock","10":"sale","11":"shipping-taxable","12":"purchasable","13":"product-type-simple"},"yoast_head":"<!-- This site is optimized with the Yoast SEO plugin v20.12 - https:\/\/yoast.com\/wordpress\/plugins\/seo\/ -->\n<title>Tocator de crengi benzina TechnoWorker TC 15-140 B - Modernteh<\/title>\n<meta name=\"description\" content=\"Tocator de crengi benzina TechnoWorker TC 15-140 B\" \/>\n<meta name=\"robots\" content=\"index, follow, max-snippet:-1, max-image-preview:large, max-video-preview:-1\" \/>\n<link rel=\"canonical\" href=\"https:\/\/modernteh.md\/ru\/catalog\/tocator-de-crengi-benzina-technoworker-tc-15-140-b\/\" \/>\n<meta property=\"og:locale\" content=\"ru_RU\" \/>\n<meta property=\"og:type\" content=\"article\" \/>\n<meta property=\"og:title\" content=\"Tocator de crengi benzina TechnoWorker TC 15-140 B - Modernteh\" \/>\n<meta property=\"og:description\" content=\"Tocator de crengi benzina TechnoWorker TC 15-140 B\" \/>\n<meta property=\"og:url\" content=\"https:\/\/modernteh.md\/ru\/catalog\/tocator-de-crengi-benzina-technoworker-tc-15-140-b\/\" \/>\n<meta property=\"og:site_name\" content=\"Modernteh\" \/>\n<meta property=\"article:publisher\" content=\"https:\/\/www.facebook.com\/profile.php?id=100082695620019\" \/>\n<meta property=\"article:modified_time\" content=\"2025-12-04T08:56:19+00:00\" \/>\n<meta property=\"og:image\" content=\"https:\/\/modernteh.md\/wp-content\/uploads\/2025\/11\/b56b33e2a8117bd28b5cbafb97e56238-1.webp\" \/>\n\t<meta property=\"og:image:width\" content=\"1200\" \/>\n\t<meta property=\"og:image:height\" content=\"1200\" \/>\n\t<meta property=\"og:image:type\" content=\"image\/webp\" \/>\n<meta name=\"twitter:card\" content=\"summary_large_image\" \/>\n<meta name=\"twitter:label1\" content=\"\u041f\u0440\u0438\u043c\u0435\u0440\u043d\u043e\u0435 \u0432\u0440\u0435\u043c\u044f \u0434\u043b\u044f \u0447\u0442\u0435\u043d\u0438\u044f\" \/>\n\t<meta name=\"twitter:data1\" content=\"2 \u043c\u0438\u043d\u0443\u0442\u044b\" \/>\n<script type=\"application\/ld+json\" class=\"yoast-schema-graph\">{\"@context\":\"https:\/\/schema.org\",\"@graph\":[{\"@type\":\"WebPage\",\"@id\":\"https:\/\/modernteh.md\/catalog\/tocator-de-crengi-benzina-technoworker-tc-15-140-b\/\",\"url\":\"https:\/\/modernteh.md\/catalog\/tocator-de-crengi-benzina-technoworker-tc-15-140-b\/\",\"name\":\"Tocator de crengi benzina TechnoWorker TC 15-140 B - Modernteh\",\"isPartOf\":{\"@id\":\"https:\/\/modernteh.md\/#website\"},\"datePublished\":\"2025-11-13T09:43:24+00:00\",\"dateModified\":\"2025-12-04T08:56:19+00:00\",\"description\":\"Tocator de crengi benzina TechnoWorker TC 15-140 B\",\"breadcrumb\":{\"@id\":\"https:\/\/modernteh.md\/catalog\/tocator-de-crengi-benzina-technoworker-tc-15-140-b\/#breadcrumb\"},\"inLanguage\":\"ru-RU\",\"potentialAction\":[{\"@type\":\"ReadAction\",\"target\":[\"https:\/\/modernteh.md\/catalog\/tocator-de-crengi-benzina-technoworker-tc-15-140-b\/\"]}]},{\"@type\":\"BreadcrumbList\",\"@id\":\"https:\/\/modernteh.md\/catalog\/tocator-de-crengi-benzina-technoworker-tc-15-140-b\/#breadcrumb\",\"itemListElement\":[{\"@type\":\"ListItem\",\"position\":1,\"name\":\"Prima pagin\u0103\",\"item\":\"https:\/\/modernteh.md\/\"},{\"@type\":\"ListItem\",\"position\":2,\"name\":\"Catalog\",\"item\":\"https:\/\/modernteh.md\/catalog\/\"},{\"@type\":\"ListItem\",\"position\":3,\"name\":\"Tocator de crengi benzina TechnoWorker TC 15-140 B\"}]},{\"@type\":\"WebSite\",\"@id\":\"https:\/\/modernteh.md\/#website\",\"url\":\"https:\/\/modernteh.md\/\",\"name\":\"Modernteh\",\"description\":\"Modernteh\",\"publisher\":{\"@id\":\"https:\/\/modernteh.md\/#organization\"},\"potentialAction\":[{\"@type\":\"SearchAction\",\"target\":{\"@type\":\"EntryPoint\",\"urlTemplate\":\"https:\/\/modernteh.md\/?s={search_term_string}\"},\"query-input\":\"required name=search_term_string\"}],\"inLanguage\":\"ru-RU\"},{\"@type\":\"Organization\",\"@id\":\"https:\/\/modernteh.md\/#organization\",\"name\":\"Modernteh\",\"url\":\"https:\/\/modernteh.md\/\",\"logo\":{\"@type\":\"ImageObject\",\"inLanguage\":\"ru-RU\",\"@id\":\"https:\/\/modernteh.md\/#\/schema\/logo\/image\/\",\"url\":\"https:\/\/modernteh.md\/wp-content\/uploads\/2022\/06\/Logo_site-2.png\",\"contentUrl\":\"https:\/\/modernteh.md\/wp-content\/uploads\/2022\/06\/Logo_site-2.png\",\"width\":500,\"height\":487,\"caption\":\"Modernteh\"},\"image\":{\"@id\":\"https:\/\/modernteh.md\/#\/schema\/logo\/image\/\"},\"sameAs\":[\"https:\/\/www.facebook.com\/profile.php?id=100082695620019\"]}]}<\/script>\n<!-- \/ Yoast SEO plugin. -->","yoast_head_json":{"title":"Tocator de crengi benzina TechnoWorker TC 15-140 B - Modernteh","description":"Tocator de crengi benzina TechnoWorker TC 15-140 B","robots":{"index":"index","follow":"follow","max-snippet":"max-snippet:-1","max-image-preview":"max-image-preview:large","max-video-preview":"max-video-preview:-1"},"canonical":"https:\/\/modernteh.md\/ru\/catalog\/tocator-de-crengi-benzina-technoworker-tc-15-140-b\/","og_locale":"ru_RU","og_type":"article","og_title":"Tocator de crengi benzina TechnoWorker TC 15-140 B - Modernteh","og_description":"Tocator de crengi benzina TechnoWorker TC 15-140 B","og_url":"https:\/\/modernteh.md\/ru\/catalog\/tocator-de-crengi-benzina-technoworker-tc-15-140-b\/","og_site_name":"Modernteh","article_publisher":"https:\/\/www.facebook.com\/profile.php?id=100082695620019","article_modified_time":"2025-12-04T08:56:19+00:00","og_image":[{"width":1200,"height":1200,"url":"https:\/\/modernteh.md\/wp-content\/uploads\/2025\/11\/b56b33e2a8117bd28b5cbafb97e56238-1.webp","type":"image\/webp"}],"twitter_card":"summary_large_image","twitter_misc":{"\u041f\u0440\u0438\u043c\u0435\u0440\u043d\u043e\u0435 \u0432\u0440\u0435\u043c\u044f \u0434\u043b\u044f \u0447\u0442\u0435\u043d\u0438\u044f":"2 \u043c\u0438\u043d\u0443\u0442\u044b"},"schema":{"@context":"https:\/\/schema.org","@graph":[{"@type":"WebPage","@id":"https:\/\/modernteh.md\/catalog\/tocator-de-crengi-benzina-technoworker-tc-15-140-b\/","url":"https:\/\/modernteh.md\/catalog\/tocator-de-crengi-benzina-technoworker-tc-15-140-b\/","name":"Tocator de crengi benzina TechnoWorker TC 15-140 B - Modernteh","isPartOf":{"@id":"https:\/\/modernteh.md\/#website"},"datePublished":"2025-11-13T09:43:24+00:00","dateModified":"2025-12-04T08:56:19+00:00","description":"Tocator de crengi benzina TechnoWorker TC 15-140 B","breadcrumb":{"@id":"https:\/\/modernteh.md\/catalog\/tocator-de-crengi-benzina-technoworker-tc-15-140-b\/#breadcrumb"},"inLanguage":"ru-RU","potentialAction":[{"@type":"ReadAction","target":["https:\/\/modernteh.md\/catalog\/tocator-de-crengi-benzina-technoworker-tc-15-140-b\/"]}]},{"@type":"BreadcrumbList","@id":"https:\/\/modernteh.md\/catalog\/tocator-de-crengi-benzina-technoworker-tc-15-140-b\/#breadcrumb","itemListElement":[{"@type":"ListItem","position":1,"name":"Prima pagin\u0103","item":"https:\/\/modernteh.md\/"},{"@type":"ListItem","position":2,"name":"Catalog","item":"https:\/\/modernteh.md\/catalog\/"},{"@type":"ListItem","position":3,"name":"Tocator de crengi benzina TechnoWorker TC 15-140 B"}]},{"@type":"WebSite","@id":"https:\/\/modernteh.md\/#website","url":"https:\/\/modernteh.md\/","name":"Modernteh","description":"Modernteh","publisher":{"@id":"https:\/\/modernteh.md\/#organization"},"potentialAction":[{"@type":"SearchAction","target":{"@type":"EntryPoint","urlTemplate":"https:\/\/modernteh.md\/?s={search_term_string}"},"query-input":"required name=search_term_string"}],"inLanguage":"ru-RU"},{"@type":"Organization","@id":"https:\/\/modernteh.md\/#organization","name":"Modernteh","url":"https:\/\/modernteh.md\/","logo":{"@type":"ImageObject","inLanguage":"ru-RU","@id":"https:\/\/modernteh.md\/#\/schema\/logo\/image\/","url":"https:\/\/modernteh.md\/wp-content\/uploads\/2022\/06\/Logo_site-2.png","contentUrl":"https:\/\/modernteh.md\/wp-content\/uploads\/2022\/06\/Logo_site-2.png","width":500,"height":487,"caption":"Modernteh"},"image":{"@id":"https:\/\/modernteh.md\/#\/schema\/logo\/image\/"},"sameAs":["https:\/\/www.facebook.com\/profile.php?id=100082695620019"]}]}},"_links":{"self":[{"href":"https:\/\/modernteh.md\/ru\/wp-json\/wp\/v2\/product\/5057","targetHints":{"allow":["GET"]}}],"collection":[{"href":"https:\/\/modernteh.md\/ru\/wp-json\/wp\/v2\/product"}],"about":[{"href":"https:\/\/modernteh.md\/ru\/wp-json\/wp\/v2\/types\/product"}],"wp:featuredmedia":[{"embeddable":true,"href":"https:\/\/modernteh.md\/ru\/wp-json\/wp\/v2\/media\/5058"}],"wp:attachment":[{"href":"https:\/\/modernteh.md\/ru\/wp-json\/wp\/v2\/media?parent=5057"}],"wp:term":[{"taxonomy":"product_cat","embeddable":true,"href":"https:\/\/modernteh.md\/ru\/wp-json\/wp\/v2\/product_cat?post=5057"},{"taxonomy":"product_tag","embeddable":true,"href":"https:\/\/modernteh.md\/ru\/wp-json\/wp\/v2\/product_tag?post=5057"}],"curies":[{"name":"wp","href":"https:\/\/api.w.org\/{rel}","templated":true}]}}