{"id":5069,"date":"2025-11-21T10:01:55","date_gmt":"2025-11-21T10:01:55","guid":{"rendered":"https:\/\/modernteh.md\/?post_type=product&#038;p=5069"},"modified":"2026-03-04T08:00:47","modified_gmt":"2026-03-04T08:00:47","slug":"hranitoare-pasari-des-champs-cf-1","status":"publish","type":"product","link":"https:\/\/modernteh.md\/ru\/catalog\/hranitoare-pasari-des-champs-cf-1\/","title":{"rendered":"Hr\u0103nitoare p\u0103s\u0103ri Des Champs CF-1"},"content":{"rendered":"<h1 class=\"text-green xl:text-[32px] text-[23px] font-semibold leading-[120%]\">Hr\u0103nitoare p\u0103s\u0103ri Des Champs CF-1<\/h1>\n<table class=\"min-w-full\" data-v-2b5c147f=\"\">\n<tbody data-v-2b5c147f=\"\">\n<tr class=\"bg-gray\" data-v-2b5c147f=\"\">\n<td class=\"px-[15px] py-3 text-left text-black md:text-[16px] text-[11px] font-semibold leading-[120%] w-1\/2\" data-v-2b5c147f=\"\">Material<\/td>\n<td class=\"px-[15px] py-3 text-left text-graySilver md:text-[16px] text-[11px] font-semibold leading-[120%] w-1\/2\" data-v-2b5c147f=\"\">Metal vopsit<\/td>\n<\/tr>\n<tr class=\"bg-gray\/40\" data-v-2b5c147f=\"\">\n<td class=\"px-[15px] py-3 text-left text-black md:text-[16px] text-[11px] font-semibold leading-[120%] w-1\/2\" data-v-2b5c147f=\"\">Capacitate<\/td>\n<td class=\"px-[15px] py-3 text-left text-graySilver md:text-[16px] text-[11px] font-semibold leading-[120%] w-1\/2\" data-v-2b5c147f=\"\">12 kg<\/td>\n<\/tr>\n<tr class=\"bg-gray\" data-v-2b5c147f=\"\">\n<td class=\"px-[15px] py-3 text-left text-black md:text-[16px] text-[11px] font-semibold leading-[120%] w-1\/2\" data-v-2b5c147f=\"\">Dimensiuni (maxim)<\/td>\n<td class=\"px-[15px] py-3 text-left text-graySilver md:text-[16px] text-[11px] font-semibold leading-[120%] w-1\/2\" data-v-2b5c147f=\"\">480 x 500 x 150 mm<\/td>\n<\/tr>\n<tr class=\"bg-gray\/40\" data-v-2b5c147f=\"\">\n<td class=\"px-[15px] py-3 text-left text-black md:text-[16px] text-[11px] font-semibold leading-[120%] w-1\/2\" data-v-2b5c147f=\"\">Montare<\/td>\n<td class=\"px-[15px] py-3 text-left text-graySilver md:text-[16px] text-[11px] font-semibold leading-[120%] w-1\/2\" data-v-2b5c147f=\"\">Podea \/ Perete<\/td>\n<\/tr>\n<\/tbody>\n<\/table>","protected":false},"excerpt":{"rendered":"<p>Hr\u0103nitoare p\u0103s\u0103ri Des Champs CF-1 Material Metal vopsit Capacitate 12 kg Dimensiuni (maxim) 480 x 500 x 150 mm Montare<\/p>","protected":false},"featured_media":5070,"template":"","meta":[],"product_cat":[126],"product_tag":[],"class_list":{"0":"post-5069","1":"product","2":"type-product","3":"status-publish","4":"has-post-thumbnail","6":"product_cat-adapatori-si-hranitori-pasari","8":"first","9":"instock","10":"shipping-taxable","11":"purchasable","12":"product-type-simple"},"yoast_head":"<!-- This site is optimized with the Yoast SEO plugin v20.12 - https:\/\/yoast.com\/wordpress\/plugins\/seo\/ -->\n<title>Hr\u0103nitoare p\u0103s\u0103ri Des Champs CF-1 - Modernteh<\/title>\n<meta name=\"description\" content=\"Hr\u0103nitoare p\u0103s\u0103ri Des Champs CF-1\" \/>\n<meta name=\"robots\" content=\"index, follow, max-snippet:-1, max-image-preview:large, max-video-preview:-1\" \/>\n<link rel=\"canonical\" href=\"https:\/\/modernteh.md\/ru\/catalog\/hranitoare-pasari-des-champs-cf-1\/\" \/>\n<meta property=\"og:locale\" content=\"ru_RU\" \/>\n<meta property=\"og:type\" content=\"article\" \/>\n<meta property=\"og:title\" content=\"Hr\u0103nitoare p\u0103s\u0103ri Des Champs CF-1 - Modernteh\" \/>\n<meta property=\"og:description\" content=\"Hr\u0103nitoare p\u0103s\u0103ri Des Champs CF-1\" \/>\n<meta property=\"og:url\" content=\"https:\/\/modernteh.md\/ru\/catalog\/hranitoare-pasari-des-champs-cf-1\/\" \/>\n<meta property=\"og:site_name\" content=\"Modernteh\" \/>\n<meta property=\"article:publisher\" content=\"https:\/\/www.facebook.com\/profile.php?id=100082695620019\" \/>\n<meta property=\"article:modified_time\" content=\"2026-03-04T08:00:47+00:00\" \/>\n<meta property=\"og:image\" content=\"https:\/\/modernteh.md\/wp-content\/uploads\/2025\/11\/hranitoare-pasari-cf-1-sec-1-6759b3ce5f3fe.webp\" \/>\n\t<meta property=\"og:image:width\" content=\"1500\" \/>\n\t<meta property=\"og:image:height\" content=\"1500\" \/>\n\t<meta property=\"og:image:type\" content=\"image\/webp\" \/>\n<meta name=\"twitter:card\" content=\"summary_large_image\" \/>\n<meta name=\"twitter:label1\" content=\"\u041f\u0440\u0438\u043c\u0435\u0440\u043d\u043e\u0435 \u0432\u0440\u0435\u043c\u044f \u0434\u043b\u044f \u0447\u0442\u0435\u043d\u0438\u044f\" \/>\n\t<meta name=\"twitter:data1\" content=\"1 \u043c\u0438\u043d\u0443\u0442\u0430\" \/>\n<script type=\"application\/ld+json\" class=\"yoast-schema-graph\">{\"@context\":\"https:\/\/schema.org\",\"@graph\":[{\"@type\":\"WebPage\",\"@id\":\"https:\/\/modernteh.md\/catalog\/hranitoare-pasari-des-champs-cf-1\/\",\"url\":\"https:\/\/modernteh.md\/catalog\/hranitoare-pasari-des-champs-cf-1\/\",\"name\":\"Hr\u0103nitoare p\u0103s\u0103ri Des Champs CF-1 - Modernteh\",\"isPartOf\":{\"@id\":\"https:\/\/modernteh.md\/#website\"},\"datePublished\":\"2025-11-21T10:01:55+00:00\",\"dateModified\":\"2026-03-04T08:00:47+00:00\",\"description\":\"Hr\u0103nitoare p\u0103s\u0103ri Des Champs CF-1\",\"breadcrumb\":{\"@id\":\"https:\/\/modernteh.md\/catalog\/hranitoare-pasari-des-champs-cf-1\/#breadcrumb\"},\"inLanguage\":\"ru-RU\",\"potentialAction\":[{\"@type\":\"ReadAction\",\"target\":[\"https:\/\/modernteh.md\/catalog\/hranitoare-pasari-des-champs-cf-1\/\"]}]},{\"@type\":\"BreadcrumbList\",\"@id\":\"https:\/\/modernteh.md\/catalog\/hranitoare-pasari-des-champs-cf-1\/#breadcrumb\",\"itemListElement\":[{\"@type\":\"ListItem\",\"position\":1,\"name\":\"Prima pagin\u0103\",\"item\":\"https:\/\/modernteh.md\/\"},{\"@type\":\"ListItem\",\"position\":2,\"name\":\"Catalog\",\"item\":\"https:\/\/modernteh.md\/catalog\/\"},{\"@type\":\"ListItem\",\"position\":3,\"name\":\"Hr\u0103nitoare p\u0103s\u0103ri Des Champs CF-1\"}]},{\"@type\":\"WebSite\",\"@id\":\"https:\/\/modernteh.md\/#website\",\"url\":\"https:\/\/modernteh.md\/\",\"name\":\"Modernteh\",\"description\":\"Modernteh\",\"publisher\":{\"@id\":\"https:\/\/modernteh.md\/#organization\"},\"potentialAction\":[{\"@type\":\"SearchAction\",\"target\":{\"@type\":\"EntryPoint\",\"urlTemplate\":\"https:\/\/modernteh.md\/?s={search_term_string}\"},\"query-input\":\"required name=search_term_string\"}],\"inLanguage\":\"ru-RU\"},{\"@type\":\"Organization\",\"@id\":\"https:\/\/modernteh.md\/#organization\",\"name\":\"Modernteh\",\"url\":\"https:\/\/modernteh.md\/\",\"logo\":{\"@type\":\"ImageObject\",\"inLanguage\":\"ru-RU\",\"@id\":\"https:\/\/modernteh.md\/#\/schema\/logo\/image\/\",\"url\":\"https:\/\/modernteh.md\/wp-content\/uploads\/2022\/06\/Logo_site-2.png\",\"contentUrl\":\"https:\/\/modernteh.md\/wp-content\/uploads\/2022\/06\/Logo_site-2.png\",\"width\":500,\"height\":487,\"caption\":\"Modernteh\"},\"image\":{\"@id\":\"https:\/\/modernteh.md\/#\/schema\/logo\/image\/\"},\"sameAs\":[\"https:\/\/www.facebook.com\/profile.php?id=100082695620019\"]}]}<\/script>\n<!-- \/ Yoast SEO plugin. -->","yoast_head_json":{"title":"Hr\u0103nitoare p\u0103s\u0103ri Des Champs CF-1 - Modernteh","description":"Hr\u0103nitoare p\u0103s\u0103ri Des Champs CF-1","robots":{"index":"index","follow":"follow","max-snippet":"max-snippet:-1","max-image-preview":"max-image-preview:large","max-video-preview":"max-video-preview:-1"},"canonical":"https:\/\/modernteh.md\/ru\/catalog\/hranitoare-pasari-des-champs-cf-1\/","og_locale":"ru_RU","og_type":"article","og_title":"Hr\u0103nitoare p\u0103s\u0103ri Des Champs CF-1 - Modernteh","og_description":"Hr\u0103nitoare p\u0103s\u0103ri Des Champs CF-1","og_url":"https:\/\/modernteh.md\/ru\/catalog\/hranitoare-pasari-des-champs-cf-1\/","og_site_name":"Modernteh","article_publisher":"https:\/\/www.facebook.com\/profile.php?id=100082695620019","article_modified_time":"2026-03-04T08:00:47+00:00","og_image":[{"width":1500,"height":1500,"url":"https:\/\/modernteh.md\/wp-content\/uploads\/2025\/11\/hranitoare-pasari-cf-1-sec-1-6759b3ce5f3fe.webp","type":"image\/webp"}],"twitter_card":"summary_large_image","twitter_misc":{"\u041f\u0440\u0438\u043c\u0435\u0440\u043d\u043e\u0435 \u0432\u0440\u0435\u043c\u044f \u0434\u043b\u044f \u0447\u0442\u0435\u043d\u0438\u044f":"1 \u043c\u0438\u043d\u0443\u0442\u0430"},"schema":{"@context":"https:\/\/schema.org","@graph":[{"@type":"WebPage","@id":"https:\/\/modernteh.md\/catalog\/hranitoare-pasari-des-champs-cf-1\/","url":"https:\/\/modernteh.md\/catalog\/hranitoare-pasari-des-champs-cf-1\/","name":"Hr\u0103nitoare p\u0103s\u0103ri Des Champs CF-1 - Modernteh","isPartOf":{"@id":"https:\/\/modernteh.md\/#website"},"datePublished":"2025-11-21T10:01:55+00:00","dateModified":"2026-03-04T08:00:47+00:00","description":"Hr\u0103nitoare p\u0103s\u0103ri Des Champs CF-1","breadcrumb":{"@id":"https:\/\/modernteh.md\/catalog\/hranitoare-pasari-des-champs-cf-1\/#breadcrumb"},"inLanguage":"ru-RU","potentialAction":[{"@type":"ReadAction","target":["https:\/\/modernteh.md\/catalog\/hranitoare-pasari-des-champs-cf-1\/"]}]},{"@type":"BreadcrumbList","@id":"https:\/\/modernteh.md\/catalog\/hranitoare-pasari-des-champs-cf-1\/#breadcrumb","itemListElement":[{"@type":"ListItem","position":1,"name":"Prima pagin\u0103","item":"https:\/\/modernteh.md\/"},{"@type":"ListItem","position":2,"name":"Catalog","item":"https:\/\/modernteh.md\/catalog\/"},{"@type":"ListItem","position":3,"name":"Hr\u0103nitoare p\u0103s\u0103ri Des Champs CF-1"}]},{"@type":"WebSite","@id":"https:\/\/modernteh.md\/#website","url":"https:\/\/modernteh.md\/","name":"Modernteh","description":"Modernteh","publisher":{"@id":"https:\/\/modernteh.md\/#organization"},"potentialAction":[{"@type":"SearchAction","target":{"@type":"EntryPoint","urlTemplate":"https:\/\/modernteh.md\/?s={search_term_string}"},"query-input":"required name=search_term_string"}],"inLanguage":"ru-RU"},{"@type":"Organization","@id":"https:\/\/modernteh.md\/#organization","name":"Modernteh","url":"https:\/\/modernteh.md\/","logo":{"@type":"ImageObject","inLanguage":"ru-RU","@id":"https:\/\/modernteh.md\/#\/schema\/logo\/image\/","url":"https:\/\/modernteh.md\/wp-content\/uploads\/2022\/06\/Logo_site-2.png","contentUrl":"https:\/\/modernteh.md\/wp-content\/uploads\/2022\/06\/Logo_site-2.png","width":500,"height":487,"caption":"Modernteh"},"image":{"@id":"https:\/\/modernteh.md\/#\/schema\/logo\/image\/"},"sameAs":["https:\/\/www.facebook.com\/profile.php?id=100082695620019"]}]}},"_links":{"self":[{"href":"https:\/\/modernteh.md\/ru\/wp-json\/wp\/v2\/product\/5069","targetHints":{"allow":["GET"]}}],"collection":[{"href":"https:\/\/modernteh.md\/ru\/wp-json\/wp\/v2\/product"}],"about":[{"href":"https:\/\/modernteh.md\/ru\/wp-json\/wp\/v2\/types\/product"}],"wp:featuredmedia":[{"embeddable":true,"href":"https:\/\/modernteh.md\/ru\/wp-json\/wp\/v2\/media\/5070"}],"wp:attachment":[{"href":"https:\/\/modernteh.md\/ru\/wp-json\/wp\/v2\/media?parent=5069"}],"wp:term":[{"taxonomy":"product_cat","embeddable":true,"href":"https:\/\/modernteh.md\/ru\/wp-json\/wp\/v2\/product_cat?post=5069"},{"taxonomy":"product_tag","embeddable":true,"href":"https:\/\/modernteh.md\/ru\/wp-json\/wp\/v2\/product_tag?post=5069"}],"curies":[{"name":"wp","href":"https:\/\/api.w.org\/{rel}","templated":true}]}}