{"id":5073,"date":"2025-11-22T10:33:22","date_gmt":"2025-11-22T10:33:22","guid":{"rendered":"https:\/\/modernteh.md\/?post_type=product&#038;p=5073"},"modified":"2026-03-04T08:00:29","modified_gmt":"2026-03-04T08:00:29","slug":"hranitoare-pentru-pasari-demetra-fd8-5","status":"publish","type":"product","link":"https:\/\/modernteh.md\/ru\/catalog\/hranitoare-pentru-pasari-demetra-fd8-5\/","title":{"rendered":"Hr\u0103nitoare pentru p\u0103s\u0103ri Demetra FD8.5"},"content":{"rendered":"<h1>Hr\u0103nitoare pentru p\u0103s\u0103ri Demetra FD8.5<\/h1>\n<div class=\"table-row\">\n<div class=\"table-box\">\n<div class=\"table-title\">\n<div class=\"tag-h3\">Numar posturi alimentare: 4<\/div>\n<\/div>\n<\/div>\n<div class=\"table-box\">\n<div class=\"table-title\">\n<div class=\"tag-h3\">Diametru post alimentare: 7 cm<\/div>\n<\/div>\n<\/div>\n<\/div>\n<div class=\"table-row\">\n<div class=\"table-box\">\n<div class=\"table-title\">\n<div class=\"tag-h3\">Inchidere post alimentare: Da<\/div>\n<\/div>\n<\/div>\n<div class=\"table-box\">\n<div class=\"table-title\">\n<div class=\"tag-h3\">Tipuri de instalare: Picioare, Lant<\/div>\n<\/div>\n<\/div>\n<\/div>\n<div class=\"table-row\">\n<div class=\"table-box\">\n<div class=\"table-title\">\n<div class=\"tag-h3\">Dimensiuni produs: 24 x 23.5 x 40 cm<\/div>\n<\/div>\n<\/div>\n<div class=\"table-box\">\n<div class=\"table-title\">\n<div class=\"tag-h3\">Greutate produs: 0.96 kg<\/div>\n<\/div>\n<\/div>\n<\/div>\n<div class=\"table-row\">\n<div class=\"table-box\">\n<div class=\"table-title\">\n<div class=\"tag-h3\">Producator: Demetra<\/div>\n<\/div>\n<\/div>\n<div class=\"table-box\">\n<div class=\"table-title\">\n<div class=\"tag-h3\">Destinatie: Pentru pasari<\/div>\n<\/div>\n<\/div>\n<\/div>\n<div class=\"table-row\">\n<div class=\"table-box\">\n<div class=\"table-title\">\n<div class=\"tag-h3\">Tip produs: Hranitoare<\/div>\n<\/div>\n<\/div>\n<div class=\"table-box\">\n<div class=\"table-title\">\n<div class=\"tag-h3\">Model: FD8.5<\/div>\n<\/div>\n<\/div>\n<\/div>\n<div class=\"table-row\">\n<div class=\"table-box\">\n<div class=\"table-title\">\n<div class=\"tag-h3\">Greutate alimentare: 8.5 kg<\/div>\n<\/div>\n<\/div>\n<div class=\"table-box\">\n<div class=\"table-title\">\n<div class=\"tag-h3\">Material: Plastic durabil<\/div>\n<\/div>\n<\/div>\n<\/div>","protected":false},"excerpt":{"rendered":"<p>Hr\u0103nitoare pentru p\u0103s\u0103ri Demetra FD8.5 Numar posturi alimentare: 4 Diametru post alimentare: 7 cm Inchidere post alimentare: Da Tipuri de<\/p>","protected":false},"featured_media":5074,"template":"","meta":[],"product_cat":[126],"product_tag":[],"class_list":{"0":"post-5073","1":"product","2":"type-product","3":"status-publish","4":"has-post-thumbnail","6":"product_cat-adapatori-si-hranitori-pasari","8":"first","9":"instock","10":"shipping-taxable","11":"purchasable","12":"product-type-simple"},"yoast_head":"<!-- This site is optimized with the Yoast SEO plugin v20.12 - https:\/\/yoast.com\/wordpress\/plugins\/seo\/ -->\n<title>Hr\u0103nitoare pentru p\u0103s\u0103ri Demetra FD8.5 - Modernteh<\/title>\n<meta name=\"description\" content=\"Hr\u0103nitoare pentru p\u0103s\u0103ri Demetra FD8.5\" \/>\n<meta name=\"robots\" content=\"index, follow, max-snippet:-1, max-image-preview:large, max-video-preview:-1\" \/>\n<link rel=\"canonical\" href=\"https:\/\/modernteh.md\/ru\/catalog\/hranitoare-pentru-pasari-demetra-fd8-5\/\" \/>\n<meta property=\"og:locale\" content=\"ru_RU\" \/>\n<meta property=\"og:type\" content=\"article\" \/>\n<meta property=\"og:title\" content=\"Hr\u0103nitoare pentru p\u0103s\u0103ri Demetra FD8.5 - Modernteh\" \/>\n<meta property=\"og:description\" content=\"Hr\u0103nitoare pentru p\u0103s\u0103ri Demetra FD8.5\" \/>\n<meta property=\"og:url\" content=\"https:\/\/modernteh.md\/ru\/catalog\/hranitoare-pentru-pasari-demetra-fd8-5\/\" \/>\n<meta property=\"og:site_name\" content=\"Modernteh\" \/>\n<meta property=\"article:publisher\" content=\"https:\/\/www.facebook.com\/profile.php?id=100082695620019\" \/>\n<meta property=\"article:modified_time\" content=\"2026-03-04T08:00:29+00:00\" \/>\n<meta property=\"og:image\" content=\"https:\/\/modernteh.md\/wp-content\/uploads\/2025\/11\/Hranitoare-pentru-pasari-Demetra-FD8.5_1.png\" \/>\n\t<meta property=\"og:image:width\" content=\"750\" \/>\n\t<meta property=\"og:image:height\" content=\"750\" \/>\n\t<meta property=\"og:image:type\" content=\"image\/png\" \/>\n<meta name=\"twitter:card\" content=\"summary_large_image\" \/>\n<meta name=\"twitter:label1\" content=\"\u041f\u0440\u0438\u043c\u0435\u0440\u043d\u043e\u0435 \u0432\u0440\u0435\u043c\u044f \u0434\u043b\u044f \u0447\u0442\u0435\u043d\u0438\u044f\" \/>\n\t<meta name=\"twitter:data1\" content=\"1 \u043c\u0438\u043d\u0443\u0442\u0430\" \/>\n<script type=\"application\/ld+json\" class=\"yoast-schema-graph\">{\"@context\":\"https:\/\/schema.org\",\"@graph\":[{\"@type\":\"WebPage\",\"@id\":\"https:\/\/modernteh.md\/catalog\/hranitoare-pentru-pasari-demetra-fd8-5\/\",\"url\":\"https:\/\/modernteh.md\/catalog\/hranitoare-pentru-pasari-demetra-fd8-5\/\",\"name\":\"Hr\u0103nitoare pentru p\u0103s\u0103ri Demetra FD8.5 - Modernteh\",\"isPartOf\":{\"@id\":\"https:\/\/modernteh.md\/#website\"},\"datePublished\":\"2025-11-22T10:33:22+00:00\",\"dateModified\":\"2026-03-04T08:00:29+00:00\",\"description\":\"Hr\u0103nitoare pentru p\u0103s\u0103ri Demetra FD8.5\",\"breadcrumb\":{\"@id\":\"https:\/\/modernteh.md\/catalog\/hranitoare-pentru-pasari-demetra-fd8-5\/#breadcrumb\"},\"inLanguage\":\"ru-RU\",\"potentialAction\":[{\"@type\":\"ReadAction\",\"target\":[\"https:\/\/modernteh.md\/catalog\/hranitoare-pentru-pasari-demetra-fd8-5\/\"]}]},{\"@type\":\"BreadcrumbList\",\"@id\":\"https:\/\/modernteh.md\/catalog\/hranitoare-pentru-pasari-demetra-fd8-5\/#breadcrumb\",\"itemListElement\":[{\"@type\":\"ListItem\",\"position\":1,\"name\":\"Prima pagin\u0103\",\"item\":\"https:\/\/modernteh.md\/\"},{\"@type\":\"ListItem\",\"position\":2,\"name\":\"Catalog\",\"item\":\"https:\/\/modernteh.md\/catalog\/\"},{\"@type\":\"ListItem\",\"position\":3,\"name\":\"Hr\u0103nitoare pentru p\u0103s\u0103ri Demetra FD8.5\"}]},{\"@type\":\"WebSite\",\"@id\":\"https:\/\/modernteh.md\/#website\",\"url\":\"https:\/\/modernteh.md\/\",\"name\":\"Modernteh\",\"description\":\"Modernteh\",\"publisher\":{\"@id\":\"https:\/\/modernteh.md\/#organization\"},\"potentialAction\":[{\"@type\":\"SearchAction\",\"target\":{\"@type\":\"EntryPoint\",\"urlTemplate\":\"https:\/\/modernteh.md\/?s={search_term_string}\"},\"query-input\":\"required name=search_term_string\"}],\"inLanguage\":\"ru-RU\"},{\"@type\":\"Organization\",\"@id\":\"https:\/\/modernteh.md\/#organization\",\"name\":\"Modernteh\",\"url\":\"https:\/\/modernteh.md\/\",\"logo\":{\"@type\":\"ImageObject\",\"inLanguage\":\"ru-RU\",\"@id\":\"https:\/\/modernteh.md\/#\/schema\/logo\/image\/\",\"url\":\"https:\/\/modernteh.md\/wp-content\/uploads\/2022\/06\/Logo_site-2.png\",\"contentUrl\":\"https:\/\/modernteh.md\/wp-content\/uploads\/2022\/06\/Logo_site-2.png\",\"width\":500,\"height\":487,\"caption\":\"Modernteh\"},\"image\":{\"@id\":\"https:\/\/modernteh.md\/#\/schema\/logo\/image\/\"},\"sameAs\":[\"https:\/\/www.facebook.com\/profile.php?id=100082695620019\"]}]}<\/script>\n<!-- \/ Yoast SEO plugin. -->","yoast_head_json":{"title":"Hr\u0103nitoare pentru p\u0103s\u0103ri Demetra FD8.5 - Modernteh","description":"Hr\u0103nitoare pentru p\u0103s\u0103ri Demetra FD8.5","robots":{"index":"index","follow":"follow","max-snippet":"max-snippet:-1","max-image-preview":"max-image-preview:large","max-video-preview":"max-video-preview:-1"},"canonical":"https:\/\/modernteh.md\/ru\/catalog\/hranitoare-pentru-pasari-demetra-fd8-5\/","og_locale":"ru_RU","og_type":"article","og_title":"Hr\u0103nitoare pentru p\u0103s\u0103ri Demetra FD8.5 - Modernteh","og_description":"Hr\u0103nitoare pentru p\u0103s\u0103ri Demetra FD8.5","og_url":"https:\/\/modernteh.md\/ru\/catalog\/hranitoare-pentru-pasari-demetra-fd8-5\/","og_site_name":"Modernteh","article_publisher":"https:\/\/www.facebook.com\/profile.php?id=100082695620019","article_modified_time":"2026-03-04T08:00:29+00:00","og_image":[{"width":750,"height":750,"url":"https:\/\/modernteh.md\/wp-content\/uploads\/2025\/11\/Hranitoare-pentru-pasari-Demetra-FD8.5_1.png","type":"image\/png"}],"twitter_card":"summary_large_image","twitter_misc":{"\u041f\u0440\u0438\u043c\u0435\u0440\u043d\u043e\u0435 \u0432\u0440\u0435\u043c\u044f \u0434\u043b\u044f \u0447\u0442\u0435\u043d\u0438\u044f":"1 \u043c\u0438\u043d\u0443\u0442\u0430"},"schema":{"@context":"https:\/\/schema.org","@graph":[{"@type":"WebPage","@id":"https:\/\/modernteh.md\/catalog\/hranitoare-pentru-pasari-demetra-fd8-5\/","url":"https:\/\/modernteh.md\/catalog\/hranitoare-pentru-pasari-demetra-fd8-5\/","name":"Hr\u0103nitoare pentru p\u0103s\u0103ri Demetra FD8.5 - Modernteh","isPartOf":{"@id":"https:\/\/modernteh.md\/#website"},"datePublished":"2025-11-22T10:33:22+00:00","dateModified":"2026-03-04T08:00:29+00:00","description":"Hr\u0103nitoare pentru p\u0103s\u0103ri Demetra FD8.5","breadcrumb":{"@id":"https:\/\/modernteh.md\/catalog\/hranitoare-pentru-pasari-demetra-fd8-5\/#breadcrumb"},"inLanguage":"ru-RU","potentialAction":[{"@type":"ReadAction","target":["https:\/\/modernteh.md\/catalog\/hranitoare-pentru-pasari-demetra-fd8-5\/"]}]},{"@type":"BreadcrumbList","@id":"https:\/\/modernteh.md\/catalog\/hranitoare-pentru-pasari-demetra-fd8-5\/#breadcrumb","itemListElement":[{"@type":"ListItem","position":1,"name":"Prima pagin\u0103","item":"https:\/\/modernteh.md\/"},{"@type":"ListItem","position":2,"name":"Catalog","item":"https:\/\/modernteh.md\/catalog\/"},{"@type":"ListItem","position":3,"name":"Hr\u0103nitoare pentru p\u0103s\u0103ri Demetra FD8.5"}]},{"@type":"WebSite","@id":"https:\/\/modernteh.md\/#website","url":"https:\/\/modernteh.md\/","name":"Modernteh","description":"Modernteh","publisher":{"@id":"https:\/\/modernteh.md\/#organization"},"potentialAction":[{"@type":"SearchAction","target":{"@type":"EntryPoint","urlTemplate":"https:\/\/modernteh.md\/?s={search_term_string}"},"query-input":"required name=search_term_string"}],"inLanguage":"ru-RU"},{"@type":"Organization","@id":"https:\/\/modernteh.md\/#organization","name":"Modernteh","url":"https:\/\/modernteh.md\/","logo":{"@type":"ImageObject","inLanguage":"ru-RU","@id":"https:\/\/modernteh.md\/#\/schema\/logo\/image\/","url":"https:\/\/modernteh.md\/wp-content\/uploads\/2022\/06\/Logo_site-2.png","contentUrl":"https:\/\/modernteh.md\/wp-content\/uploads\/2022\/06\/Logo_site-2.png","width":500,"height":487,"caption":"Modernteh"},"image":{"@id":"https:\/\/modernteh.md\/#\/schema\/logo\/image\/"},"sameAs":["https:\/\/www.facebook.com\/profile.php?id=100082695620019"]}]}},"_links":{"self":[{"href":"https:\/\/modernteh.md\/ru\/wp-json\/wp\/v2\/product\/5073","targetHints":{"allow":["GET"]}}],"collection":[{"href":"https:\/\/modernteh.md\/ru\/wp-json\/wp\/v2\/product"}],"about":[{"href":"https:\/\/modernteh.md\/ru\/wp-json\/wp\/v2\/types\/product"}],"wp:featuredmedia":[{"embeddable":true,"href":"https:\/\/modernteh.md\/ru\/wp-json\/wp\/v2\/media\/5074"}],"wp:attachment":[{"href":"https:\/\/modernteh.md\/ru\/wp-json\/wp\/v2\/media?parent=5073"}],"wp:term":[{"taxonomy":"product_cat","embeddable":true,"href":"https:\/\/modernteh.md\/ru\/wp-json\/wp\/v2\/product_cat?post=5073"},{"taxonomy":"product_tag","embeddable":true,"href":"https:\/\/modernteh.md\/ru\/wp-json\/wp\/v2\/product_tag?post=5073"}],"curies":[{"name":"wp","href":"https:\/\/api.w.org\/{rel}","templated":true}]}}