{"id":5082,"date":"2025-11-27T09:13:50","date_gmt":"2025-11-27T09:13:50","guid":{"rendered":"https:\/\/modernteh.md\/?post_type=product&#038;p=5082"},"modified":"2025-11-27T09:13:52","modified_gmt":"2025-11-27T09:13:52","slug":"cuibar-pentru-gaini-cu-colector-de-oua-eco","status":"publish","type":"product","link":"https:\/\/modernteh.md\/ru\/catalog\/cuibar-pentru-gaini-cu-colector-de-oua-eco\/","title":{"rendered":"Cuibar pentru g\u0103ini cu colector de ou\u0103 ECO"},"content":{"rendered":"<p>Cuibar pentru g\u0103ini cu colector de ou\u0103 ECO<\/p>\n<p>Cuibarul pentru g\u0103ini cu colector de ou\u0103\u00a0<strong>Demetra ECO<\/strong>\u00a0este solu\u021bia ideal\u0103 pentru prevenirea consumului de ou\u0103 de c\u0103tre g\u0103ini, oferind o metod\u0103 sigur\u0103 \u0219i eficient\u0103 de colectare a acestora.<\/p>\n<p><strong>Caracteristici:<\/strong><\/p>\n<ul>\n<li><strong>Prevenirea consumului de ou\u0103:<\/strong>\u00a0Ou\u0103le se rostogolesc automat \u00eentr-un sertar special, inaccesibil g\u0103inilor.<\/li>\n<li><strong>Colectare u\u0219oar\u0103:<\/strong>\u00a0Doar ridici capacul sertarului pentru a aduna ou\u0103le.<\/li>\n<li><strong>Siguran\u021b\u0103 \u0219i confort:<\/strong>\u00a0Conceput pentru a atrage natural g\u0103inile s\u0103 ou\u0103 \u00een el.<\/li>\n<li><strong>Montare simpl\u0103:<\/strong>\u00a0Se fixeaz\u0103 pe perete cu 4 \u0219uruburi.<\/li>\n<li><strong>Economie pe termen lung:<\/strong>\u00a0Previne pierderile cauzate de autoconsum.<\/li>\n<\/ul>\n<div class=\"table-row\">\n<div class=\"table-box\"><\/div>\n<div class=\"table-box\">\n<div class=\"table-title\">\n<div class=\"tag-h3\">Model: ECO<\/div>\n<\/div>\n<\/div>\n<\/div>\n<div class=\"table-row\">\n<div class=\"table-box\">\n<div class=\"table-title\">\n<div class=\"tag-h3\">Dimensiuni: 460 x 450 x 320 mm<\/div>\n<\/div>\n<\/div>\n<\/div>\n<div class=\"table-row\">\n<div class=\"table-box\">\n<div class=\"table-title\">\n<div class=\"tag-h3\">Destinatie: Pentru gaini<\/div>\n<\/div>\n<\/div>\n<\/div>","protected":false},"excerpt":{"rendered":"<p>Cuibar pentru g\u0103ini cu colector de ou\u0103 ECO Cuibarul pentru g\u0103ini cu colector de ou\u0103\u00a0Demetra ECO\u00a0este solu\u021bia ideal\u0103 pentru prevenirea<\/p>","protected":false},"featured_media":5083,"template":"","meta":[],"product_cat":[103],"product_tag":[],"class_list":{"0":"post-5082","1":"product","2":"type-product","3":"status-publish","4":"has-post-thumbnail","6":"product_cat-curatarea-si-igiena-in-ferma","8":"first","9":"instock","10":"shipping-taxable","11":"purchasable","12":"product-type-simple"},"yoast_head":"<!-- This site is optimized with the Yoast SEO plugin v20.12 - https:\/\/yoast.com\/wordpress\/plugins\/seo\/ -->\n<title>Cuibar pentru g\u0103ini cu colector de ou\u0103 ECO - Modernteh<\/title>\n<meta name=\"description\" content=\"Cuibar pentru g\u0103ini cu colector de ou\u0103 ECO\" \/>\n<meta name=\"robots\" content=\"index, follow, max-snippet:-1, max-image-preview:large, max-video-preview:-1\" \/>\n<link rel=\"canonical\" href=\"https:\/\/modernteh.md\/ru\/catalog\/cuibar-pentru-gaini-cu-colector-de-oua-eco\/\" \/>\n<meta property=\"og:locale\" content=\"ru_RU\" \/>\n<meta property=\"og:type\" content=\"article\" \/>\n<meta property=\"og:title\" content=\"Cuibar pentru g\u0103ini cu colector de ou\u0103 ECO - Modernteh\" \/>\n<meta property=\"og:description\" content=\"Cuibar pentru g\u0103ini cu colector de ou\u0103 ECO\" \/>\n<meta property=\"og:url\" content=\"https:\/\/modernteh.md\/ru\/catalog\/cuibar-pentru-gaini-cu-colector-de-oua-eco\/\" \/>\n<meta property=\"og:site_name\" content=\"Modernteh\" \/>\n<meta property=\"article:publisher\" content=\"https:\/\/www.facebook.com\/profile.php?id=100082695620019\" \/>\n<meta property=\"article:modified_time\" content=\"2025-11-27T09:13:52+00:00\" \/>\n<meta property=\"og:image\" content=\"https:\/\/modernteh.md\/wp-content\/uploads\/2025\/11\/img_67a4e188d6eb2.png\" \/>\n\t<meta property=\"og:image:width\" content=\"800\" \/>\n\t<meta property=\"og:image:height\" content=\"800\" \/>\n\t<meta property=\"og:image:type\" content=\"image\/png\" \/>\n<meta name=\"twitter:card\" content=\"summary_large_image\" \/>\n<meta name=\"twitter:label1\" content=\"\u041f\u0440\u0438\u043c\u0435\u0440\u043d\u043e\u0435 \u0432\u0440\u0435\u043c\u044f \u0434\u043b\u044f \u0447\u0442\u0435\u043d\u0438\u044f\" \/>\n\t<meta name=\"twitter:data1\" content=\"1 \u043c\u0438\u043d\u0443\u0442\u0430\" \/>\n<script type=\"application\/ld+json\" class=\"yoast-schema-graph\">{\"@context\":\"https:\/\/schema.org\",\"@graph\":[{\"@type\":\"WebPage\",\"@id\":\"https:\/\/modernteh.md\/catalog\/cuibar-pentru-gaini-cu-colector-de-oua-eco\/\",\"url\":\"https:\/\/modernteh.md\/catalog\/cuibar-pentru-gaini-cu-colector-de-oua-eco\/\",\"name\":\"Cuibar pentru g\u0103ini cu colector de ou\u0103 ECO - Modernteh\",\"isPartOf\":{\"@id\":\"https:\/\/modernteh.md\/#website\"},\"datePublished\":\"2025-11-27T09:13:50+00:00\",\"dateModified\":\"2025-11-27T09:13:52+00:00\",\"description\":\"Cuibar pentru g\u0103ini cu colector de ou\u0103 ECO\",\"breadcrumb\":{\"@id\":\"https:\/\/modernteh.md\/catalog\/cuibar-pentru-gaini-cu-colector-de-oua-eco\/#breadcrumb\"},\"inLanguage\":\"ru-RU\",\"potentialAction\":[{\"@type\":\"ReadAction\",\"target\":[\"https:\/\/modernteh.md\/catalog\/cuibar-pentru-gaini-cu-colector-de-oua-eco\/\"]}]},{\"@type\":\"BreadcrumbList\",\"@id\":\"https:\/\/modernteh.md\/catalog\/cuibar-pentru-gaini-cu-colector-de-oua-eco\/#breadcrumb\",\"itemListElement\":[{\"@type\":\"ListItem\",\"position\":1,\"name\":\"Prima pagin\u0103\",\"item\":\"https:\/\/modernteh.md\/\"},{\"@type\":\"ListItem\",\"position\":2,\"name\":\"Catalog\",\"item\":\"https:\/\/modernteh.md\/catalog\/\"},{\"@type\":\"ListItem\",\"position\":3,\"name\":\"Cuibar pentru g\u0103ini cu colector de ou\u0103 ECO\"}]},{\"@type\":\"WebSite\",\"@id\":\"https:\/\/modernteh.md\/#website\",\"url\":\"https:\/\/modernteh.md\/\",\"name\":\"Modernteh\",\"description\":\"Modernteh\",\"publisher\":{\"@id\":\"https:\/\/modernteh.md\/#organization\"},\"potentialAction\":[{\"@type\":\"SearchAction\",\"target\":{\"@type\":\"EntryPoint\",\"urlTemplate\":\"https:\/\/modernteh.md\/?s={search_term_string}\"},\"query-input\":\"required name=search_term_string\"}],\"inLanguage\":\"ru-RU\"},{\"@type\":\"Organization\",\"@id\":\"https:\/\/modernteh.md\/#organization\",\"name\":\"Modernteh\",\"url\":\"https:\/\/modernteh.md\/\",\"logo\":{\"@type\":\"ImageObject\",\"inLanguage\":\"ru-RU\",\"@id\":\"https:\/\/modernteh.md\/#\/schema\/logo\/image\/\",\"url\":\"https:\/\/modernteh.md\/wp-content\/uploads\/2022\/06\/Logo_site-2.png\",\"contentUrl\":\"https:\/\/modernteh.md\/wp-content\/uploads\/2022\/06\/Logo_site-2.png\",\"width\":500,\"height\":487,\"caption\":\"Modernteh\"},\"image\":{\"@id\":\"https:\/\/modernteh.md\/#\/schema\/logo\/image\/\"},\"sameAs\":[\"https:\/\/www.facebook.com\/profile.php?id=100082695620019\"]}]}<\/script>\n<!-- \/ Yoast SEO plugin. -->","yoast_head_json":{"title":"Cuibar pentru g\u0103ini cu colector de ou\u0103 ECO - Modernteh","description":"Cuibar pentru g\u0103ini cu colector de ou\u0103 ECO","robots":{"index":"index","follow":"follow","max-snippet":"max-snippet:-1","max-image-preview":"max-image-preview:large","max-video-preview":"max-video-preview:-1"},"canonical":"https:\/\/modernteh.md\/ru\/catalog\/cuibar-pentru-gaini-cu-colector-de-oua-eco\/","og_locale":"ru_RU","og_type":"article","og_title":"Cuibar pentru g\u0103ini cu colector de ou\u0103 ECO - Modernteh","og_description":"Cuibar pentru g\u0103ini cu colector de ou\u0103 ECO","og_url":"https:\/\/modernteh.md\/ru\/catalog\/cuibar-pentru-gaini-cu-colector-de-oua-eco\/","og_site_name":"Modernteh","article_publisher":"https:\/\/www.facebook.com\/profile.php?id=100082695620019","article_modified_time":"2025-11-27T09:13:52+00:00","og_image":[{"width":800,"height":800,"url":"https:\/\/modernteh.md\/wp-content\/uploads\/2025\/11\/img_67a4e188d6eb2.png","type":"image\/png"}],"twitter_card":"summary_large_image","twitter_misc":{"\u041f\u0440\u0438\u043c\u0435\u0440\u043d\u043e\u0435 \u0432\u0440\u0435\u043c\u044f \u0434\u043b\u044f \u0447\u0442\u0435\u043d\u0438\u044f":"1 \u043c\u0438\u043d\u0443\u0442\u0430"},"schema":{"@context":"https:\/\/schema.org","@graph":[{"@type":"WebPage","@id":"https:\/\/modernteh.md\/catalog\/cuibar-pentru-gaini-cu-colector-de-oua-eco\/","url":"https:\/\/modernteh.md\/catalog\/cuibar-pentru-gaini-cu-colector-de-oua-eco\/","name":"Cuibar pentru g\u0103ini cu colector de ou\u0103 ECO - Modernteh","isPartOf":{"@id":"https:\/\/modernteh.md\/#website"},"datePublished":"2025-11-27T09:13:50+00:00","dateModified":"2025-11-27T09:13:52+00:00","description":"Cuibar pentru g\u0103ini cu colector de ou\u0103 ECO","breadcrumb":{"@id":"https:\/\/modernteh.md\/catalog\/cuibar-pentru-gaini-cu-colector-de-oua-eco\/#breadcrumb"},"inLanguage":"ru-RU","potentialAction":[{"@type":"ReadAction","target":["https:\/\/modernteh.md\/catalog\/cuibar-pentru-gaini-cu-colector-de-oua-eco\/"]}]},{"@type":"BreadcrumbList","@id":"https:\/\/modernteh.md\/catalog\/cuibar-pentru-gaini-cu-colector-de-oua-eco\/#breadcrumb","itemListElement":[{"@type":"ListItem","position":1,"name":"Prima pagin\u0103","item":"https:\/\/modernteh.md\/"},{"@type":"ListItem","position":2,"name":"Catalog","item":"https:\/\/modernteh.md\/catalog\/"},{"@type":"ListItem","position":3,"name":"Cuibar pentru g\u0103ini cu colector de ou\u0103 ECO"}]},{"@type":"WebSite","@id":"https:\/\/modernteh.md\/#website","url":"https:\/\/modernteh.md\/","name":"Modernteh","description":"Modernteh","publisher":{"@id":"https:\/\/modernteh.md\/#organization"},"potentialAction":[{"@type":"SearchAction","target":{"@type":"EntryPoint","urlTemplate":"https:\/\/modernteh.md\/?s={search_term_string}"},"query-input":"required name=search_term_string"}],"inLanguage":"ru-RU"},{"@type":"Organization","@id":"https:\/\/modernteh.md\/#organization","name":"Modernteh","url":"https:\/\/modernteh.md\/","logo":{"@type":"ImageObject","inLanguage":"ru-RU","@id":"https:\/\/modernteh.md\/#\/schema\/logo\/image\/","url":"https:\/\/modernteh.md\/wp-content\/uploads\/2022\/06\/Logo_site-2.png","contentUrl":"https:\/\/modernteh.md\/wp-content\/uploads\/2022\/06\/Logo_site-2.png","width":500,"height":487,"caption":"Modernteh"},"image":{"@id":"https:\/\/modernteh.md\/#\/schema\/logo\/image\/"},"sameAs":["https:\/\/www.facebook.com\/profile.php?id=100082695620019"]}]}},"_links":{"self":[{"href":"https:\/\/modernteh.md\/ru\/wp-json\/wp\/v2\/product\/5082","targetHints":{"allow":["GET"]}}],"collection":[{"href":"https:\/\/modernteh.md\/ru\/wp-json\/wp\/v2\/product"}],"about":[{"href":"https:\/\/modernteh.md\/ru\/wp-json\/wp\/v2\/types\/product"}],"wp:featuredmedia":[{"embeddable":true,"href":"https:\/\/modernteh.md\/ru\/wp-json\/wp\/v2\/media\/5083"}],"wp:attachment":[{"href":"https:\/\/modernteh.md\/ru\/wp-json\/wp\/v2\/media?parent=5082"}],"wp:term":[{"taxonomy":"product_cat","embeddable":true,"href":"https:\/\/modernteh.md\/ru\/wp-json\/wp\/v2\/product_cat?post=5082"},{"taxonomy":"product_tag","embeddable":true,"href":"https:\/\/modernteh.md\/ru\/wp-json\/wp\/v2\/product_tag?post=5082"}],"curies":[{"name":"wp","href":"https:\/\/api.w.org\/{rel}","templated":true}]}}