{"id":5086,"date":"2025-11-27T09:19:41","date_gmt":"2025-11-27T09:19:41","guid":{"rendered":"https:\/\/modernteh.md\/?post_type=product&#038;p=5086"},"modified":"2025-11-27T09:19:42","modified_gmt":"2025-11-27T09:19:42","slug":"cuibar-pentru-gaini-cu-colector-de-oua-dh-02","status":"publish","type":"product","link":"https:\/\/modernteh.md\/ru\/catalog\/cuibar-pentru-gaini-cu-colector-de-oua-dh-02\/","title":{"rendered":"Cuibar pentru g\u0103ini cu colector de ou\u0103 DH-02"},"content":{"rendered":"<p>Cuibar pentru g\u0103ini cu colector de ou\u0103 DH-02<\/p>\n<div class=\"table-row\">\n<div class=\"table-box\">\n<div class=\"table-title\">\n<div class=\"tag-h3\">Numar compartimente:2<\/div>\n<\/div>\n<\/div>\n<\/div>\n<div class=\"table-row\">\n<div class=\"table-box\">\n<div class=\"table-title\">\n<div class=\"tag-h3\">Model: DH-02<\/div>\n<\/div>\n<\/div>\n<div class=\"table-box\">\n<div class=\"table-title\">\n<div class=\"tag-h3\">Dimensiuni: 527 x 520.7 x 508 mm<\/div>\n<div>\n<p><strong>Cuibarul pentru g\u0103ini cu colector de ou\u0103 Demetra DH-02<\/strong>\u00a0este alegerea ideal\u0103 pentru proprietarii de p\u0103s\u0103ri care doresc s\u0103 ofere un mediu sigur \u0219i confortabil g\u0103inilor lor. Fabricat de\u00a0<strong>Demetra<\/strong>, acest cuibar este echipat cu dou\u0103 compartimente, asigur\u00e2nd g\u0103inilor un spa\u021biu protejat \u0219i lini\u0219tit pentru depunerea ou\u0103lor. Cu dimensiuni de\u00a0<strong>527 x 520,7 x 508 mm<\/strong>, cuibarul ofer\u0103 suficient spa\u021biu pentru ca g\u0103inile s\u0103 se simt\u0103 confortabil \u00een timpul depunerii ou\u0103lor.<\/p>\n<p><strong>Caracteristici:<\/strong><\/p>\n<ol>\n<li><strong>Materiale:<\/strong>\u00a0<strong>Metal \u0219i plastic<\/strong>\u00a0\u2013 pentru durabilitate \u0219i u\u0219urin\u021b\u0103 \u00een cur\u0103\u021bare<\/li>\n<li><strong>Dimensiuni:<\/strong>\u00a0<strong>Lungime:<\/strong>\u00a079,7 cm,\u00a0<strong>L\u0103\u021bime:<\/strong>\u00a050,8 cm,\u00a0<strong>\u00cen\u0103l\u021bime:<\/strong>\u00a052 cm<\/li>\n<li><strong>Set cu colector de ou\u0103<\/strong>\u00a0\u2013 pentru colectarea rapid\u0103 \u0219i igienic\u0103 a ou\u0103lor<\/li>\n<\/ol>\n<\/div>\n<\/div>\n<\/div>\n<\/div>","protected":false},"excerpt":{"rendered":"<p>Cuibar pentru g\u0103ini cu colector de ou\u0103 DH-02 Numar compartimente:2 Model: DH-02 Dimensiuni: 527 x 520.7 x 508 mm Cuibarul<\/p>","protected":false},"featured_media":5087,"template":"","meta":[],"product_cat":[103],"product_tag":[],"class_list":{"0":"post-5086","1":"product","2":"type-product","3":"status-publish","4":"has-post-thumbnail","6":"product_cat-curatarea-si-igiena-in-ferma","8":"first","9":"instock","10":"shipping-taxable","11":"purchasable","12":"product-type-simple"},"yoast_head":"<!-- This site is optimized with the Yoast SEO plugin v20.12 - https:\/\/yoast.com\/wordpress\/plugins\/seo\/ -->\n<title>Cuibar pentru g\u0103ini cu colector de ou\u0103 DH-02 - Modernteh<\/title>\n<meta name=\"description\" content=\"Cuibar pentru g\u0103ini cu colector de ou\u0103 DH-02\" \/>\n<meta name=\"robots\" content=\"index, follow, max-snippet:-1, max-image-preview:large, max-video-preview:-1\" \/>\n<link rel=\"canonical\" href=\"https:\/\/modernteh.md\/ru\/catalog\/cuibar-pentru-gaini-cu-colector-de-oua-dh-02\/\" \/>\n<meta property=\"og:locale\" content=\"ru_RU\" \/>\n<meta property=\"og:type\" content=\"article\" \/>\n<meta property=\"og:title\" content=\"Cuibar pentru g\u0103ini cu colector de ou\u0103 DH-02 - Modernteh\" \/>\n<meta property=\"og:description\" content=\"Cuibar pentru g\u0103ini cu colector de ou\u0103 DH-02\" \/>\n<meta property=\"og:url\" content=\"https:\/\/modernteh.md\/ru\/catalog\/cuibar-pentru-gaini-cu-colector-de-oua-dh-02\/\" \/>\n<meta property=\"og:site_name\" content=\"Modernteh\" \/>\n<meta property=\"article:publisher\" content=\"https:\/\/www.facebook.com\/profile.php?id=100082695620019\" \/>\n<meta property=\"article:modified_time\" content=\"2025-11-27T09:19:42+00:00\" \/>\n<meta property=\"og:image\" content=\"https:\/\/modernteh.md\/wp-content\/uploads\/2025\/11\/Cuibar-gaini-cu-colector-de-oua-Demetra-DH-02.jpg\" \/>\n\t<meta property=\"og:image:width\" content=\"500\" \/>\n\t<meta property=\"og:image:height\" content=\"500\" \/>\n\t<meta property=\"og:image:type\" content=\"image\/jpeg\" \/>\n<meta name=\"twitter:card\" content=\"summary_large_image\" \/>\n<meta name=\"twitter:label1\" content=\"\u041f\u0440\u0438\u043c\u0435\u0440\u043d\u043e\u0435 \u0432\u0440\u0435\u043c\u044f \u0434\u043b\u044f \u0447\u0442\u0435\u043d\u0438\u044f\" \/>\n\t<meta name=\"twitter:data1\" content=\"1 \u043c\u0438\u043d\u0443\u0442\u0430\" \/>\n<script type=\"application\/ld+json\" class=\"yoast-schema-graph\">{\"@context\":\"https:\/\/schema.org\",\"@graph\":[{\"@type\":\"WebPage\",\"@id\":\"https:\/\/modernteh.md\/catalog\/cuibar-pentru-gaini-cu-colector-de-oua-dh-02\/\",\"url\":\"https:\/\/modernteh.md\/catalog\/cuibar-pentru-gaini-cu-colector-de-oua-dh-02\/\",\"name\":\"Cuibar pentru g\u0103ini cu colector de ou\u0103 DH-02 - Modernteh\",\"isPartOf\":{\"@id\":\"https:\/\/modernteh.md\/#website\"},\"datePublished\":\"2025-11-27T09:19:41+00:00\",\"dateModified\":\"2025-11-27T09:19:42+00:00\",\"description\":\"Cuibar pentru g\u0103ini cu colector de ou\u0103 DH-02\",\"breadcrumb\":{\"@id\":\"https:\/\/modernteh.md\/catalog\/cuibar-pentru-gaini-cu-colector-de-oua-dh-02\/#breadcrumb\"},\"inLanguage\":\"ru-RU\",\"potentialAction\":[{\"@type\":\"ReadAction\",\"target\":[\"https:\/\/modernteh.md\/catalog\/cuibar-pentru-gaini-cu-colector-de-oua-dh-02\/\"]}]},{\"@type\":\"BreadcrumbList\",\"@id\":\"https:\/\/modernteh.md\/catalog\/cuibar-pentru-gaini-cu-colector-de-oua-dh-02\/#breadcrumb\",\"itemListElement\":[{\"@type\":\"ListItem\",\"position\":1,\"name\":\"Prima pagin\u0103\",\"item\":\"https:\/\/modernteh.md\/\"},{\"@type\":\"ListItem\",\"position\":2,\"name\":\"Catalog\",\"item\":\"https:\/\/modernteh.md\/catalog\/\"},{\"@type\":\"ListItem\",\"position\":3,\"name\":\"Cuibar pentru g\u0103ini cu colector de ou\u0103 DH-02\"}]},{\"@type\":\"WebSite\",\"@id\":\"https:\/\/modernteh.md\/#website\",\"url\":\"https:\/\/modernteh.md\/\",\"name\":\"Modernteh\",\"description\":\"Modernteh\",\"publisher\":{\"@id\":\"https:\/\/modernteh.md\/#organization\"},\"potentialAction\":[{\"@type\":\"SearchAction\",\"target\":{\"@type\":\"EntryPoint\",\"urlTemplate\":\"https:\/\/modernteh.md\/?s={search_term_string}\"},\"query-input\":\"required name=search_term_string\"}],\"inLanguage\":\"ru-RU\"},{\"@type\":\"Organization\",\"@id\":\"https:\/\/modernteh.md\/#organization\",\"name\":\"Modernteh\",\"url\":\"https:\/\/modernteh.md\/\",\"logo\":{\"@type\":\"ImageObject\",\"inLanguage\":\"ru-RU\",\"@id\":\"https:\/\/modernteh.md\/#\/schema\/logo\/image\/\",\"url\":\"https:\/\/modernteh.md\/wp-content\/uploads\/2022\/06\/Logo_site-2.png\",\"contentUrl\":\"https:\/\/modernteh.md\/wp-content\/uploads\/2022\/06\/Logo_site-2.png\",\"width\":500,\"height\":487,\"caption\":\"Modernteh\"},\"image\":{\"@id\":\"https:\/\/modernteh.md\/#\/schema\/logo\/image\/\"},\"sameAs\":[\"https:\/\/www.facebook.com\/profile.php?id=100082695620019\"]}]}<\/script>\n<!-- \/ Yoast SEO plugin. -->","yoast_head_json":{"title":"Cuibar pentru g\u0103ini cu colector de ou\u0103 DH-02 - Modernteh","description":"Cuibar pentru g\u0103ini cu colector de ou\u0103 DH-02","robots":{"index":"index","follow":"follow","max-snippet":"max-snippet:-1","max-image-preview":"max-image-preview:large","max-video-preview":"max-video-preview:-1"},"canonical":"https:\/\/modernteh.md\/ru\/catalog\/cuibar-pentru-gaini-cu-colector-de-oua-dh-02\/","og_locale":"ru_RU","og_type":"article","og_title":"Cuibar pentru g\u0103ini cu colector de ou\u0103 DH-02 - Modernteh","og_description":"Cuibar pentru g\u0103ini cu colector de ou\u0103 DH-02","og_url":"https:\/\/modernteh.md\/ru\/catalog\/cuibar-pentru-gaini-cu-colector-de-oua-dh-02\/","og_site_name":"Modernteh","article_publisher":"https:\/\/www.facebook.com\/profile.php?id=100082695620019","article_modified_time":"2025-11-27T09:19:42+00:00","og_image":[{"width":500,"height":500,"url":"https:\/\/modernteh.md\/wp-content\/uploads\/2025\/11\/Cuibar-gaini-cu-colector-de-oua-Demetra-DH-02.jpg","type":"image\/jpeg"}],"twitter_card":"summary_large_image","twitter_misc":{"\u041f\u0440\u0438\u043c\u0435\u0440\u043d\u043e\u0435 \u0432\u0440\u0435\u043c\u044f \u0434\u043b\u044f \u0447\u0442\u0435\u043d\u0438\u044f":"1 \u043c\u0438\u043d\u0443\u0442\u0430"},"schema":{"@context":"https:\/\/schema.org","@graph":[{"@type":"WebPage","@id":"https:\/\/modernteh.md\/catalog\/cuibar-pentru-gaini-cu-colector-de-oua-dh-02\/","url":"https:\/\/modernteh.md\/catalog\/cuibar-pentru-gaini-cu-colector-de-oua-dh-02\/","name":"Cuibar pentru g\u0103ini cu colector de ou\u0103 DH-02 - Modernteh","isPartOf":{"@id":"https:\/\/modernteh.md\/#website"},"datePublished":"2025-11-27T09:19:41+00:00","dateModified":"2025-11-27T09:19:42+00:00","description":"Cuibar pentru g\u0103ini cu colector de ou\u0103 DH-02","breadcrumb":{"@id":"https:\/\/modernteh.md\/catalog\/cuibar-pentru-gaini-cu-colector-de-oua-dh-02\/#breadcrumb"},"inLanguage":"ru-RU","potentialAction":[{"@type":"ReadAction","target":["https:\/\/modernteh.md\/catalog\/cuibar-pentru-gaini-cu-colector-de-oua-dh-02\/"]}]},{"@type":"BreadcrumbList","@id":"https:\/\/modernteh.md\/catalog\/cuibar-pentru-gaini-cu-colector-de-oua-dh-02\/#breadcrumb","itemListElement":[{"@type":"ListItem","position":1,"name":"Prima pagin\u0103","item":"https:\/\/modernteh.md\/"},{"@type":"ListItem","position":2,"name":"Catalog","item":"https:\/\/modernteh.md\/catalog\/"},{"@type":"ListItem","position":3,"name":"Cuibar pentru g\u0103ini cu colector de ou\u0103 DH-02"}]},{"@type":"WebSite","@id":"https:\/\/modernteh.md\/#website","url":"https:\/\/modernteh.md\/","name":"Modernteh","description":"Modernteh","publisher":{"@id":"https:\/\/modernteh.md\/#organization"},"potentialAction":[{"@type":"SearchAction","target":{"@type":"EntryPoint","urlTemplate":"https:\/\/modernteh.md\/?s={search_term_string}"},"query-input":"required name=search_term_string"}],"inLanguage":"ru-RU"},{"@type":"Organization","@id":"https:\/\/modernteh.md\/#organization","name":"Modernteh","url":"https:\/\/modernteh.md\/","logo":{"@type":"ImageObject","inLanguage":"ru-RU","@id":"https:\/\/modernteh.md\/#\/schema\/logo\/image\/","url":"https:\/\/modernteh.md\/wp-content\/uploads\/2022\/06\/Logo_site-2.png","contentUrl":"https:\/\/modernteh.md\/wp-content\/uploads\/2022\/06\/Logo_site-2.png","width":500,"height":487,"caption":"Modernteh"},"image":{"@id":"https:\/\/modernteh.md\/#\/schema\/logo\/image\/"},"sameAs":["https:\/\/www.facebook.com\/profile.php?id=100082695620019"]}]}},"_links":{"self":[{"href":"https:\/\/modernteh.md\/ru\/wp-json\/wp\/v2\/product\/5086","targetHints":{"allow":["GET"]}}],"collection":[{"href":"https:\/\/modernteh.md\/ru\/wp-json\/wp\/v2\/product"}],"about":[{"href":"https:\/\/modernteh.md\/ru\/wp-json\/wp\/v2\/types\/product"}],"wp:featuredmedia":[{"embeddable":true,"href":"https:\/\/modernteh.md\/ru\/wp-json\/wp\/v2\/media\/5087"}],"wp:attachment":[{"href":"https:\/\/modernteh.md\/ru\/wp-json\/wp\/v2\/media?parent=5086"}],"wp:term":[{"taxonomy":"product_cat","embeddable":true,"href":"https:\/\/modernteh.md\/ru\/wp-json\/wp\/v2\/product_cat?post=5086"},{"taxonomy":"product_tag","embeddable":true,"href":"https:\/\/modernteh.md\/ru\/wp-json\/wp\/v2\/product_tag?post=5086"}],"curies":[{"name":"wp","href":"https:\/\/api.w.org\/{rel}","templated":true}]}}