{"id":5090,"date":"2025-11-27T09:27:12","date_gmt":"2025-11-27T09:27:12","guid":{"rendered":"https:\/\/modernteh.md\/?post_type=product&#038;p=5090"},"modified":"2025-11-27T09:27:13","modified_gmt":"2025-11-27T09:27:13","slug":"cuibar-gaini-cu-colector-de-oua-dh-04","status":"publish","type":"product","link":"https:\/\/modernteh.md\/ru\/catalog\/cuibar-gaini-cu-colector-de-oua-dh-04\/","title":{"rendered":"Cuibar gaini cu colector de oua DH-04"},"content":{"rendered":"<p>Cuibar gaini cu colector de oua DH-04<\/p>\n<div class=\"table-row\">\n<div class=\"table-box\">\n<div class=\"table-title\">\n<div class=\"tag-h3\">Numar compartimente: 4<\/div>\n<\/div>\n<\/div>\n<\/div>\n<div class=\"table-row\">\n<div class=\"table-box\">\n<div class=\"table-title\">\n<div class=\"tag-h3\">Model: DH-04<\/div>\n<\/div>\n<\/div>\n<div class=\"table-box\">\n<div class=\"table-title\">\n<div class=\"tag-h3\">Dimensiuni: 1054 x 520.7 x 508 mm<\/div>\n<div>\n<ul data-start=\"898\" data-end=\"1231\">\n<li data-start=\"898\" data-end=\"970\">\n<p data-start=\"900\" data-end=\"970\"><strong data-start=\"900\" data-end=\"923\">Rezisten\u021b\u0103 ridicat\u0103<\/strong>\u00a0\u2013 construc\u021bie din tabl\u0103 galvanizat\u0103 durabil\u0103<\/p>\n<\/li>\n<li data-start=\"971\" data-end=\"1036\">\n<p data-start=\"973\" data-end=\"1036\"><strong data-start=\"973\" data-end=\"984\">Igienic<\/strong>\u00a0\u2013 t\u0103vi din plastic u\u0219or de cur\u0103\u021bat \u0219i de \u00eenlocuit<\/p>\n<\/li>\n<li data-start=\"1037\" data-end=\"1110\">\n<p data-start=\"1039\" data-end=\"1110\"><strong data-start=\"1039\" data-end=\"1063\">Ventila\u021bie eficient\u0103<\/strong>\u00a0\u2013 previne umezeala \u0219i acumularea mirosurilor<\/p>\n<\/li>\n<li data-start=\"1111\" data-end=\"1179\">\n<p data-start=\"1113\" data-end=\"1179\"><strong data-start=\"1113\" data-end=\"1137\">Protec\u021bie pentru ou\u0103<\/strong>\u00a0\u2013 acestea nu r\u0103m\u00e2n la \u00eendem\u00e2na g\u0103inilor<\/p>\n<\/li>\n<li data-start=\"1180\" data-end=\"1231\">\n<p data-start=\"1182\" data-end=\"1231\"><strong data-start=\"1182\" data-end=\"1199\">Montaj simplu<\/strong>\u00a0\u2013 rapid, f\u0103r\u0103 unelte speciale<\/p>\n<\/li>\n<li data-start=\"1288\" data-end=\"1312\">\n<p data-start=\"1290\" data-end=\"1312\"><strong data-start=\"1290\" data-end=\"1307\">Compartimente<\/strong>: 4<\/p>\n<\/li>\n<li data-start=\"1313\" data-end=\"1348\">\n<p data-start=\"1315\" data-end=\"1348\"><strong data-start=\"1315\" data-end=\"1328\">Structur\u0103<\/strong>: metal galvanizat<\/p>\n<\/li>\n<li data-start=\"1349\" data-end=\"1399\">\n<p data-start=\"1351\" data-end=\"1399\"><strong data-start=\"1351\" data-end=\"1370\">T\u0103vi pentru ou\u0103<\/strong>: plastic ventilat, igienic<\/p>\n<\/li>\n<li data-start=\"1400\" data-end=\"1432\">\n<p data-start=\"1402\" data-end=\"1432\"><strong data-start=\"1402\" data-end=\"1412\">Montaj<\/strong>: podea sau perete<\/p>\n<\/li>\n<\/ul>\n<\/div>\n<\/div>\n<\/div>\n<\/div>","protected":false},"excerpt":{"rendered":"<p>Cuibar gaini cu colector de oua DH-04 Numar compartimente: 4 Model: DH-04 Dimensiuni: 1054 x 520.7 x 508 mm Rezisten\u021b\u0103<\/p>","protected":false},"featured_media":5091,"template":"","meta":[],"product_cat":[103],"product_tag":[],"class_list":{"0":"post-5090","1":"product","2":"type-product","3":"status-publish","4":"has-post-thumbnail","6":"product_cat-curatarea-si-igiena-in-ferma","8":"first","9":"instock","10":"shipping-taxable","11":"purchasable","12":"product-type-simple"},"yoast_head":"<!-- This site is optimized with the Yoast SEO plugin v20.12 - https:\/\/yoast.com\/wordpress\/plugins\/seo\/ -->\n<title>Cuibar gaini cu colector de oua DH-04 - Modernteh<\/title>\n<meta name=\"description\" content=\"Cuibar gaini cu colector de oua DH-04\" \/>\n<meta name=\"robots\" content=\"index, follow, max-snippet:-1, max-image-preview:large, max-video-preview:-1\" \/>\n<link rel=\"canonical\" href=\"https:\/\/modernteh.md\/ru\/catalog\/cuibar-gaini-cu-colector-de-oua-dh-04\/\" \/>\n<meta property=\"og:locale\" content=\"ru_RU\" \/>\n<meta property=\"og:type\" content=\"article\" \/>\n<meta property=\"og:title\" content=\"Cuibar gaini cu colector de oua DH-04 - Modernteh\" \/>\n<meta property=\"og:description\" content=\"Cuibar gaini cu colector de oua DH-04\" \/>\n<meta property=\"og:url\" content=\"https:\/\/modernteh.md\/ru\/catalog\/cuibar-gaini-cu-colector-de-oua-dh-04\/\" \/>\n<meta property=\"og:site_name\" content=\"Modernteh\" \/>\n<meta property=\"article:publisher\" content=\"https:\/\/www.facebook.com\/profile.php?id=100082695620019\" \/>\n<meta property=\"article:modified_time\" content=\"2025-11-27T09:27:13+00:00\" \/>\n<meta property=\"og:image\" content=\"https:\/\/modernteh.md\/wp-content\/uploads\/2025\/11\/Cuibar-4-spatii.webp\" \/>\n\t<meta property=\"og:image:width\" content=\"1100\" \/>\n\t<meta property=\"og:image:height\" content=\"1002\" \/>\n\t<meta property=\"og:image:type\" content=\"image\/webp\" \/>\n<meta name=\"twitter:card\" content=\"summary_large_image\" \/>\n<meta name=\"twitter:label1\" content=\"\u041f\u0440\u0438\u043c\u0435\u0440\u043d\u043e\u0435 \u0432\u0440\u0435\u043c\u044f \u0434\u043b\u044f \u0447\u0442\u0435\u043d\u0438\u044f\" \/>\n\t<meta name=\"twitter:data1\" content=\"1 \u043c\u0438\u043d\u0443\u0442\u0430\" \/>\n<script type=\"application\/ld+json\" class=\"yoast-schema-graph\">{\"@context\":\"https:\/\/schema.org\",\"@graph\":[{\"@type\":\"WebPage\",\"@id\":\"https:\/\/modernteh.md\/catalog\/cuibar-gaini-cu-colector-de-oua-dh-04\/\",\"url\":\"https:\/\/modernteh.md\/catalog\/cuibar-gaini-cu-colector-de-oua-dh-04\/\",\"name\":\"Cuibar gaini cu colector de oua DH-04 - Modernteh\",\"isPartOf\":{\"@id\":\"https:\/\/modernteh.md\/#website\"},\"datePublished\":\"2025-11-27T09:27:12+00:00\",\"dateModified\":\"2025-11-27T09:27:13+00:00\",\"description\":\"Cuibar gaini cu colector de oua DH-04\",\"breadcrumb\":{\"@id\":\"https:\/\/modernteh.md\/catalog\/cuibar-gaini-cu-colector-de-oua-dh-04\/#breadcrumb\"},\"inLanguage\":\"ru-RU\",\"potentialAction\":[{\"@type\":\"ReadAction\",\"target\":[\"https:\/\/modernteh.md\/catalog\/cuibar-gaini-cu-colector-de-oua-dh-04\/\"]}]},{\"@type\":\"BreadcrumbList\",\"@id\":\"https:\/\/modernteh.md\/catalog\/cuibar-gaini-cu-colector-de-oua-dh-04\/#breadcrumb\",\"itemListElement\":[{\"@type\":\"ListItem\",\"position\":1,\"name\":\"Prima pagin\u0103\",\"item\":\"https:\/\/modernteh.md\/\"},{\"@type\":\"ListItem\",\"position\":2,\"name\":\"Catalog\",\"item\":\"https:\/\/modernteh.md\/catalog\/\"},{\"@type\":\"ListItem\",\"position\":3,\"name\":\"Cuibar gaini cu colector de oua DH-04\"}]},{\"@type\":\"WebSite\",\"@id\":\"https:\/\/modernteh.md\/#website\",\"url\":\"https:\/\/modernteh.md\/\",\"name\":\"Modernteh\",\"description\":\"Modernteh\",\"publisher\":{\"@id\":\"https:\/\/modernteh.md\/#organization\"},\"potentialAction\":[{\"@type\":\"SearchAction\",\"target\":{\"@type\":\"EntryPoint\",\"urlTemplate\":\"https:\/\/modernteh.md\/?s={search_term_string}\"},\"query-input\":\"required name=search_term_string\"}],\"inLanguage\":\"ru-RU\"},{\"@type\":\"Organization\",\"@id\":\"https:\/\/modernteh.md\/#organization\",\"name\":\"Modernteh\",\"url\":\"https:\/\/modernteh.md\/\",\"logo\":{\"@type\":\"ImageObject\",\"inLanguage\":\"ru-RU\",\"@id\":\"https:\/\/modernteh.md\/#\/schema\/logo\/image\/\",\"url\":\"https:\/\/modernteh.md\/wp-content\/uploads\/2022\/06\/Logo_site-2.png\",\"contentUrl\":\"https:\/\/modernteh.md\/wp-content\/uploads\/2022\/06\/Logo_site-2.png\",\"width\":500,\"height\":487,\"caption\":\"Modernteh\"},\"image\":{\"@id\":\"https:\/\/modernteh.md\/#\/schema\/logo\/image\/\"},\"sameAs\":[\"https:\/\/www.facebook.com\/profile.php?id=100082695620019\"]}]}<\/script>\n<!-- \/ Yoast SEO plugin. -->","yoast_head_json":{"title":"Cuibar gaini cu colector de oua DH-04 - Modernteh","description":"Cuibar gaini cu colector de oua DH-04","robots":{"index":"index","follow":"follow","max-snippet":"max-snippet:-1","max-image-preview":"max-image-preview:large","max-video-preview":"max-video-preview:-1"},"canonical":"https:\/\/modernteh.md\/ru\/catalog\/cuibar-gaini-cu-colector-de-oua-dh-04\/","og_locale":"ru_RU","og_type":"article","og_title":"Cuibar gaini cu colector de oua DH-04 - Modernteh","og_description":"Cuibar gaini cu colector de oua DH-04","og_url":"https:\/\/modernteh.md\/ru\/catalog\/cuibar-gaini-cu-colector-de-oua-dh-04\/","og_site_name":"Modernteh","article_publisher":"https:\/\/www.facebook.com\/profile.php?id=100082695620019","article_modified_time":"2025-11-27T09:27:13+00:00","og_image":[{"width":1100,"height":1002,"url":"https:\/\/modernteh.md\/wp-content\/uploads\/2025\/11\/Cuibar-4-spatii.webp","type":"image\/webp"}],"twitter_card":"summary_large_image","twitter_misc":{"\u041f\u0440\u0438\u043c\u0435\u0440\u043d\u043e\u0435 \u0432\u0440\u0435\u043c\u044f \u0434\u043b\u044f \u0447\u0442\u0435\u043d\u0438\u044f":"1 \u043c\u0438\u043d\u0443\u0442\u0430"},"schema":{"@context":"https:\/\/schema.org","@graph":[{"@type":"WebPage","@id":"https:\/\/modernteh.md\/catalog\/cuibar-gaini-cu-colector-de-oua-dh-04\/","url":"https:\/\/modernteh.md\/catalog\/cuibar-gaini-cu-colector-de-oua-dh-04\/","name":"Cuibar gaini cu colector de oua DH-04 - Modernteh","isPartOf":{"@id":"https:\/\/modernteh.md\/#website"},"datePublished":"2025-11-27T09:27:12+00:00","dateModified":"2025-11-27T09:27:13+00:00","description":"Cuibar gaini cu colector de oua DH-04","breadcrumb":{"@id":"https:\/\/modernteh.md\/catalog\/cuibar-gaini-cu-colector-de-oua-dh-04\/#breadcrumb"},"inLanguage":"ru-RU","potentialAction":[{"@type":"ReadAction","target":["https:\/\/modernteh.md\/catalog\/cuibar-gaini-cu-colector-de-oua-dh-04\/"]}]},{"@type":"BreadcrumbList","@id":"https:\/\/modernteh.md\/catalog\/cuibar-gaini-cu-colector-de-oua-dh-04\/#breadcrumb","itemListElement":[{"@type":"ListItem","position":1,"name":"Prima pagin\u0103","item":"https:\/\/modernteh.md\/"},{"@type":"ListItem","position":2,"name":"Catalog","item":"https:\/\/modernteh.md\/catalog\/"},{"@type":"ListItem","position":3,"name":"Cuibar gaini cu colector de oua DH-04"}]},{"@type":"WebSite","@id":"https:\/\/modernteh.md\/#website","url":"https:\/\/modernteh.md\/","name":"Modernteh","description":"Modernteh","publisher":{"@id":"https:\/\/modernteh.md\/#organization"},"potentialAction":[{"@type":"SearchAction","target":{"@type":"EntryPoint","urlTemplate":"https:\/\/modernteh.md\/?s={search_term_string}"},"query-input":"required name=search_term_string"}],"inLanguage":"ru-RU"},{"@type":"Organization","@id":"https:\/\/modernteh.md\/#organization","name":"Modernteh","url":"https:\/\/modernteh.md\/","logo":{"@type":"ImageObject","inLanguage":"ru-RU","@id":"https:\/\/modernteh.md\/#\/schema\/logo\/image\/","url":"https:\/\/modernteh.md\/wp-content\/uploads\/2022\/06\/Logo_site-2.png","contentUrl":"https:\/\/modernteh.md\/wp-content\/uploads\/2022\/06\/Logo_site-2.png","width":500,"height":487,"caption":"Modernteh"},"image":{"@id":"https:\/\/modernteh.md\/#\/schema\/logo\/image\/"},"sameAs":["https:\/\/www.facebook.com\/profile.php?id=100082695620019"]}]}},"_links":{"self":[{"href":"https:\/\/modernteh.md\/ru\/wp-json\/wp\/v2\/product\/5090","targetHints":{"allow":["GET"]}}],"collection":[{"href":"https:\/\/modernteh.md\/ru\/wp-json\/wp\/v2\/product"}],"about":[{"href":"https:\/\/modernteh.md\/ru\/wp-json\/wp\/v2\/types\/product"}],"wp:featuredmedia":[{"embeddable":true,"href":"https:\/\/modernteh.md\/ru\/wp-json\/wp\/v2\/media\/5091"}],"wp:attachment":[{"href":"https:\/\/modernteh.md\/ru\/wp-json\/wp\/v2\/media?parent=5090"}],"wp:term":[{"taxonomy":"product_cat","embeddable":true,"href":"https:\/\/modernteh.md\/ru\/wp-json\/wp\/v2\/product_cat?post=5090"},{"taxonomy":"product_tag","embeddable":true,"href":"https:\/\/modernteh.md\/ru\/wp-json\/wp\/v2\/product_tag?post=5090"}],"curies":[{"name":"wp","href":"https:\/\/api.w.org\/{rel}","templated":true}]}}