{"id":5110,"date":"2025-12-10T14:05:55","date_gmt":"2025-12-10T14:05:55","guid":{"rendered":"https:\/\/modernteh.md\/?post_type=product&#038;p=5110"},"modified":"2025-12-10T14:05:55","modified_gmt":"2025-12-10T14:05:55","slug":"radiator-electric-cu-ulei-forte-2500w","status":"publish","type":"product","link":"https:\/\/modernteh.md\/ru\/catalog\/radiator-electric-cu-ulei-forte-2500w\/","title":{"rendered":"Radiator electric cu ulei Forte 2500W"},"content":{"rendered":"<p><strong>Calorifer cu ulei Forte 2500 W &#8211; <\/strong>2500 W cu 11 sec\u021biuni, potrivit pentru \u00eenc\u0103lzirea camerelor de p\u00e2n\u0103 la 25 m\u00b2. Are 2 niveluri de putere 1000\/2500 W, termostat \u0219i protec\u021bie \u00eempotriva supra\u00eenc\u0103lzirii. Dimensiuni compacte 545x480x240 mm, culoare alb\u0103.<\/p>","protected":false},"excerpt":{"rendered":"<p>Calorifer cu ulei Forte 2500 W &#8211; 2500 W cu 11 sec\u021biuni, potrivit pentru \u00eenc\u0103lzirea camerelor de p\u00e2n\u0103 la 25<\/p>","protected":false},"featured_media":5111,"template":"","meta":[],"product_cat":[179],"product_tag":[],"class_list":{"0":"post-5110","1":"product","2":"type-product","3":"status-publish","4":"has-post-thumbnail","6":"product_cat-termosuflante-si-incalzitoare-electrice","8":"first","9":"instock","10":"shipping-taxable","11":"purchasable","12":"product-type-simple"},"yoast_head":"<!-- This site is optimized with the Yoast SEO plugin v20.12 - https:\/\/yoast.com\/wordpress\/plugins\/seo\/ -->\n<title>Radiator electric cu ulei Forte 2500W - Modernteh<\/title>\n<meta name=\"description\" content=\"Radiator electric cu ulei Forte 2500W\" \/>\n<meta name=\"robots\" content=\"index, follow, max-snippet:-1, max-image-preview:large, max-video-preview:-1\" \/>\n<link rel=\"canonical\" href=\"https:\/\/modernteh.md\/ru\/catalog\/radiator-electric-cu-ulei-forte-2500w\/\" \/>\n<meta property=\"og:locale\" content=\"ru_RU\" \/>\n<meta property=\"og:type\" content=\"article\" \/>\n<meta property=\"og:title\" content=\"Radiator electric cu ulei Forte 2500W - Modernteh\" \/>\n<meta property=\"og:description\" content=\"Radiator electric cu ulei Forte 2500W\" \/>\n<meta property=\"og:url\" content=\"https:\/\/modernteh.md\/ru\/catalog\/radiator-electric-cu-ulei-forte-2500w\/\" \/>\n<meta property=\"og:site_name\" content=\"Modernteh\" \/>\n<meta property=\"article:publisher\" content=\"https:\/\/www.facebook.com\/profile.php?id=100082695620019\" \/>\n<meta property=\"og:image\" content=\"https:\/\/modernteh.md\/wp-content\/uploads\/2025\/12\/d8d1d79a1fee3c0459d37dcce1e992f398184613.jpg\" \/>\n\t<meta property=\"og:image:width\" content=\"925\" \/>\n\t<meta property=\"og:image:height\" content=\"925\" \/>\n\t<meta property=\"og:image:type\" content=\"image\/jpeg\" \/>\n<meta name=\"twitter:card\" content=\"summary_large_image\" \/>\n<meta name=\"twitter:label1\" content=\"\u041f\u0440\u0438\u043c\u0435\u0440\u043d\u043e\u0435 \u0432\u0440\u0435\u043c\u044f \u0434\u043b\u044f \u0447\u0442\u0435\u043d\u0438\u044f\" \/>\n\t<meta name=\"twitter:data1\" content=\"1 \u043c\u0438\u043d\u0443\u0442\u0430\" \/>\n<script type=\"application\/ld+json\" class=\"yoast-schema-graph\">{\"@context\":\"https:\/\/schema.org\",\"@graph\":[{\"@type\":\"WebPage\",\"@id\":\"https:\/\/modernteh.md\/catalog\/radiator-electric-cu-ulei-forte-2500w\/\",\"url\":\"https:\/\/modernteh.md\/catalog\/radiator-electric-cu-ulei-forte-2500w\/\",\"name\":\"Radiator electric cu ulei Forte 2500W - Modernteh\",\"isPartOf\":{\"@id\":\"https:\/\/modernteh.md\/#website\"},\"datePublished\":\"2025-12-10T14:05:55+00:00\",\"dateModified\":\"2025-12-10T14:05:55+00:00\",\"description\":\"Radiator electric cu ulei Forte 2500W\",\"breadcrumb\":{\"@id\":\"https:\/\/modernteh.md\/catalog\/radiator-electric-cu-ulei-forte-2500w\/#breadcrumb\"},\"inLanguage\":\"ru-RU\",\"potentialAction\":[{\"@type\":\"ReadAction\",\"target\":[\"https:\/\/modernteh.md\/catalog\/radiator-electric-cu-ulei-forte-2500w\/\"]}]},{\"@type\":\"BreadcrumbList\",\"@id\":\"https:\/\/modernteh.md\/catalog\/radiator-electric-cu-ulei-forte-2500w\/#breadcrumb\",\"itemListElement\":[{\"@type\":\"ListItem\",\"position\":1,\"name\":\"Prima pagin\u0103\",\"item\":\"https:\/\/modernteh.md\/\"},{\"@type\":\"ListItem\",\"position\":2,\"name\":\"Catalog\",\"item\":\"https:\/\/modernteh.md\/catalog\/\"},{\"@type\":\"ListItem\",\"position\":3,\"name\":\"Radiator electric cu ulei Forte 2500W\"}]},{\"@type\":\"WebSite\",\"@id\":\"https:\/\/modernteh.md\/#website\",\"url\":\"https:\/\/modernteh.md\/\",\"name\":\"Modernteh\",\"description\":\"Modernteh\",\"publisher\":{\"@id\":\"https:\/\/modernteh.md\/#organization\"},\"potentialAction\":[{\"@type\":\"SearchAction\",\"target\":{\"@type\":\"EntryPoint\",\"urlTemplate\":\"https:\/\/modernteh.md\/?s={search_term_string}\"},\"query-input\":\"required name=search_term_string\"}],\"inLanguage\":\"ru-RU\"},{\"@type\":\"Organization\",\"@id\":\"https:\/\/modernteh.md\/#organization\",\"name\":\"Modernteh\",\"url\":\"https:\/\/modernteh.md\/\",\"logo\":{\"@type\":\"ImageObject\",\"inLanguage\":\"ru-RU\",\"@id\":\"https:\/\/modernteh.md\/#\/schema\/logo\/image\/\",\"url\":\"https:\/\/modernteh.md\/wp-content\/uploads\/2022\/06\/Logo_site-2.png\",\"contentUrl\":\"https:\/\/modernteh.md\/wp-content\/uploads\/2022\/06\/Logo_site-2.png\",\"width\":500,\"height\":487,\"caption\":\"Modernteh\"},\"image\":{\"@id\":\"https:\/\/modernteh.md\/#\/schema\/logo\/image\/\"},\"sameAs\":[\"https:\/\/www.facebook.com\/profile.php?id=100082695620019\"]}]}<\/script>\n<!-- \/ Yoast SEO plugin. -->","yoast_head_json":{"title":"Radiator electric cu ulei Forte 2500W - Modernteh","description":"Radiator electric cu ulei Forte 2500W","robots":{"index":"index","follow":"follow","max-snippet":"max-snippet:-1","max-image-preview":"max-image-preview:large","max-video-preview":"max-video-preview:-1"},"canonical":"https:\/\/modernteh.md\/ru\/catalog\/radiator-electric-cu-ulei-forte-2500w\/","og_locale":"ru_RU","og_type":"article","og_title":"Radiator electric cu ulei Forte 2500W - Modernteh","og_description":"Radiator electric cu ulei Forte 2500W","og_url":"https:\/\/modernteh.md\/ru\/catalog\/radiator-electric-cu-ulei-forte-2500w\/","og_site_name":"Modernteh","article_publisher":"https:\/\/www.facebook.com\/profile.php?id=100082695620019","og_image":[{"width":925,"height":925,"url":"https:\/\/modernteh.md\/wp-content\/uploads\/2025\/12\/d8d1d79a1fee3c0459d37dcce1e992f398184613.jpg","type":"image\/jpeg"}],"twitter_card":"summary_large_image","twitter_misc":{"\u041f\u0440\u0438\u043c\u0435\u0440\u043d\u043e\u0435 \u0432\u0440\u0435\u043c\u044f \u0434\u043b\u044f \u0447\u0442\u0435\u043d\u0438\u044f":"1 \u043c\u0438\u043d\u0443\u0442\u0430"},"schema":{"@context":"https:\/\/schema.org","@graph":[{"@type":"WebPage","@id":"https:\/\/modernteh.md\/catalog\/radiator-electric-cu-ulei-forte-2500w\/","url":"https:\/\/modernteh.md\/catalog\/radiator-electric-cu-ulei-forte-2500w\/","name":"Radiator electric cu ulei Forte 2500W - Modernteh","isPartOf":{"@id":"https:\/\/modernteh.md\/#website"},"datePublished":"2025-12-10T14:05:55+00:00","dateModified":"2025-12-10T14:05:55+00:00","description":"Radiator electric cu ulei Forte 2500W","breadcrumb":{"@id":"https:\/\/modernteh.md\/catalog\/radiator-electric-cu-ulei-forte-2500w\/#breadcrumb"},"inLanguage":"ru-RU","potentialAction":[{"@type":"ReadAction","target":["https:\/\/modernteh.md\/catalog\/radiator-electric-cu-ulei-forte-2500w\/"]}]},{"@type":"BreadcrumbList","@id":"https:\/\/modernteh.md\/catalog\/radiator-electric-cu-ulei-forte-2500w\/#breadcrumb","itemListElement":[{"@type":"ListItem","position":1,"name":"Prima pagin\u0103","item":"https:\/\/modernteh.md\/"},{"@type":"ListItem","position":2,"name":"Catalog","item":"https:\/\/modernteh.md\/catalog\/"},{"@type":"ListItem","position":3,"name":"Radiator electric cu ulei Forte 2500W"}]},{"@type":"WebSite","@id":"https:\/\/modernteh.md\/#website","url":"https:\/\/modernteh.md\/","name":"Modernteh","description":"Modernteh","publisher":{"@id":"https:\/\/modernteh.md\/#organization"},"potentialAction":[{"@type":"SearchAction","target":{"@type":"EntryPoint","urlTemplate":"https:\/\/modernteh.md\/?s={search_term_string}"},"query-input":"required name=search_term_string"}],"inLanguage":"ru-RU"},{"@type":"Organization","@id":"https:\/\/modernteh.md\/#organization","name":"Modernteh","url":"https:\/\/modernteh.md\/","logo":{"@type":"ImageObject","inLanguage":"ru-RU","@id":"https:\/\/modernteh.md\/#\/schema\/logo\/image\/","url":"https:\/\/modernteh.md\/wp-content\/uploads\/2022\/06\/Logo_site-2.png","contentUrl":"https:\/\/modernteh.md\/wp-content\/uploads\/2022\/06\/Logo_site-2.png","width":500,"height":487,"caption":"Modernteh"},"image":{"@id":"https:\/\/modernteh.md\/#\/schema\/logo\/image\/"},"sameAs":["https:\/\/www.facebook.com\/profile.php?id=100082695620019"]}]}},"_links":{"self":[{"href":"https:\/\/modernteh.md\/ru\/wp-json\/wp\/v2\/product\/5110","targetHints":{"allow":["GET"]}}],"collection":[{"href":"https:\/\/modernteh.md\/ru\/wp-json\/wp\/v2\/product"}],"about":[{"href":"https:\/\/modernteh.md\/ru\/wp-json\/wp\/v2\/types\/product"}],"wp:featuredmedia":[{"embeddable":true,"href":"https:\/\/modernteh.md\/ru\/wp-json\/wp\/v2\/media\/5111"}],"wp:attachment":[{"href":"https:\/\/modernteh.md\/ru\/wp-json\/wp\/v2\/media?parent=5110"}],"wp:term":[{"taxonomy":"product_cat","embeddable":true,"href":"https:\/\/modernteh.md\/ru\/wp-json\/wp\/v2\/product_cat?post=5110"},{"taxonomy":"product_tag","embeddable":true,"href":"https:\/\/modernteh.md\/ru\/wp-json\/wp\/v2\/product_tag?post=5110"}],"curies":[{"name":"wp","href":"https:\/\/api.w.org\/{rel}","templated":true}]}}