{"id":5152,"date":"2026-01-06T08:24:13","date_gmt":"2026-01-06T08:24:13","guid":{"rendered":"https:\/\/modernteh.md\/?post_type=product&#038;p=5152"},"modified":"2026-01-06T08:24:13","modified_gmt":"2026-01-06T08:24:13","slug":"husa-pentru-sera-cu-pelicula-armata-12-m-3-m-2-m","status":"publish","type":"product","link":"https:\/\/modernteh.md\/ru\/catalog\/husa-pentru-sera-cu-pelicula-armata-12-m-3-m-2-m\/","title":{"rendered":"Husa pentru sera cu pelicula armata 12 m-3 m-2 m"},"content":{"rendered":"<h1>Husa pentru sera cu pelicula armata 12 m-3 m-2<\/h1>\n<div id=\"specifications\" class=\"tab-content features\">\n<div class=\"table-container\">\n<div class=\"table-row\">\n<div class=\"table-box\">\n<div class=\"table-title\">\n<div class=\"tag-h3\">Lungime: 12 m<\/div>\n<\/div>\n<\/div>\n<\/div>\n<div class=\"table-row\">\n<div class=\"table-box\">\n<div class=\"table-title\">\n<div class=\"tag-h3\">Latime: 3 m<\/div>\n<\/div>\n<\/div>\n<div class=\"table-box\">\n<div class=\"table-title\">\n<div class=\"tag-h3\">Inaltime: 2 m<\/div>\n<\/div>\n<\/div>\n<\/div>\n<div class=\"table-row\">\n<div class=\"table-box\">\n<div class=\"table-title\">\n<div class=\"tag-h3\">Numar intrari: 2<\/div>\n<\/div>\n<\/div>\n<div class=\"table-box\">\n<div class=\"table-title\">\n<div class=\"tag-h3\">Model: Husa 12 m<\/div>\n<\/div>\n<\/div>\n<\/div>\n<div class=\"table-row\">\n<div class=\"table-box\">\n<div class=\"table-title\">\n<div class=\"tag-h3\">Folie armata: Da<\/div>\n<\/div>\n<\/div>\n<div class=\"table-box\">\n<div class=\"table-title\">\n<div class=\"tag-h3\">Pelicula armata: 200 g\/m2<\/div>\n<\/div>\n<\/div>\n<\/div>\n<div class=\"table-row\">\n<div class=\"table-box\">\n<div class=\"table-title\">\n<div class=\"tag-h3\">Setul include: Pelicula armata cu plasa; Instructiuni de montare<\/div>\n<\/div>\n<\/div>\n<\/div>\n<\/div>\n<div class=\"product-disclaimer\"><i class=\"bi bi-info-circle\"><\/i>\u00a0Specifica\u021biile \u0219i imaginile pentru Husa pentru sera cu pelicula armata 12 m-3 m-2 m sunt pentru prezentare \u0219i pot diferi de produsul real. V\u0103 recomand\u0103m s\u0103 ne telefona\u021bi pentru concretizarea specifica\u021biilor dorite \u00eenainte de finalizarea comenzii.<\/div>\n<\/div>\n<div id=\"description\" class=\"tab-content description\">\n<div class=\"tab-title\">\n<h2>\u041e\u043f\u0438\u0441\u0430\u043d\u0438\u0435<\/h2>\n<\/div>\n<div class=\"content-info description-text\">\n<p>Aceast\u0103 hus\u0103 pentru sera cu pelicula armat\u0103 este solu\u021bia perfect\u0103 pentru protejarea culturilor tale \u00een orice condi\u021bii meteorologice. Cu o lungime de 12 metri, l\u0103\u021bime de 3 metri \u0219i \u00een\u0103l\u021bime de 2 metri, aceast\u0103 hus\u0103 este construit\u0103 dintr-o pelicul\u0103 armat\u0103 cu o densitate de 200 g\/m2, asigur\u00e2nd durabilitate \u0219i rezisten\u021b\u0103 sporit\u0103. Dispune de 2 intr\u0103ri practice \u0219i este echipat\u0103 cu o plas\u0103 integrat\u0103. Setul include pelicula armat\u0103 \u0219i instructiuni de montare pentru un proces simplu \u0219i eficient. Opteaz\u0103 pentru aceast\u0103 hus\u0103 de \u00eenalt\u0103 calitate \u0219i protejeaz\u0103-\u021bi culturile \u00een mod eficient.<\/p>\n<\/div>\n<\/div>","protected":false},"excerpt":{"rendered":"<p>Husa pentru sera cu pelicula armata 12 m-3 m-2 Lungime: 12 m Latime: 3 m Inaltime: 2 m Numar intrari:<\/p>","protected":false},"featured_media":5148,"template":"","meta":[],"product_cat":[144],"product_tag":[],"class_list":{"0":"post-5152","1":"product","2":"type-product","3":"status-publish","4":"has-post-thumbnail","6":"product_cat-sere-de-tip-tunel","8":"first","9":"instock","10":"shipping-taxable","11":"purchasable","12":"product-type-simple"},"yoast_head":"<!-- This site is optimized with the Yoast SEO plugin v20.12 - https:\/\/yoast.com\/wordpress\/plugins\/seo\/ -->\n<title>Husa pentru sera cu pelicula armata 12 m-3 m-2 m - Modernteh<\/title>\n<meta name=\"description\" content=\"Husa pentru sera cu pelicula armata 12 m-3 m-2 m\" \/>\n<meta name=\"robots\" content=\"index, follow, max-snippet:-1, max-image-preview:large, max-video-preview:-1\" \/>\n<link rel=\"canonical\" href=\"https:\/\/modernteh.md\/ru\/catalog\/husa-pentru-sera-cu-pelicula-armata-12-m-3-m-2-m\/\" \/>\n<meta property=\"og:locale\" content=\"ru_RU\" \/>\n<meta property=\"og:type\" content=\"article\" \/>\n<meta property=\"og:title\" content=\"Husa pentru sera cu pelicula armata 12 m-3 m-2 m - Modernteh\" \/>\n<meta property=\"og:description\" content=\"Husa pentru sera cu pelicula armata 12 m-3 m-2 m\" \/>\n<meta property=\"og:url\" content=\"https:\/\/modernteh.md\/ru\/catalog\/husa-pentru-sera-cu-pelicula-armata-12-m-3-m-2-m\/\" \/>\n<meta property=\"og:site_name\" content=\"Modernteh\" \/>\n<meta property=\"article:publisher\" content=\"https:\/\/www.facebook.com\/profile.php?id=100082695620019\" \/>\n<meta property=\"og:image\" content=\"https:\/\/modernteh.md\/wp-content\/uploads\/2026\/01\/Husa-pentru-sera-cu-pelicula-armata-2.png\" \/>\n\t<meta property=\"og:image:width\" content=\"500\" \/>\n\t<meta property=\"og:image:height\" content=\"500\" \/>\n\t<meta property=\"og:image:type\" content=\"image\/png\" \/>\n<meta name=\"twitter:card\" content=\"summary_large_image\" \/>\n<meta name=\"twitter:label1\" content=\"\u041f\u0440\u0438\u043c\u0435\u0440\u043d\u043e\u0435 \u0432\u0440\u0435\u043c\u044f \u0434\u043b\u044f \u0447\u0442\u0435\u043d\u0438\u044f\" \/>\n\t<meta name=\"twitter:data1\" content=\"1 \u043c\u0438\u043d\u0443\u0442\u0430\" \/>\n<script type=\"application\/ld+json\" class=\"yoast-schema-graph\">{\"@context\":\"https:\/\/schema.org\",\"@graph\":[{\"@type\":\"WebPage\",\"@id\":\"https:\/\/modernteh.md\/catalog\/husa-pentru-sera-cu-pelicula-armata-12-m-3-m-2-m\/\",\"url\":\"https:\/\/modernteh.md\/catalog\/husa-pentru-sera-cu-pelicula-armata-12-m-3-m-2-m\/\",\"name\":\"Husa pentru sera cu pelicula armata 12 m-3 m-2 m - Modernteh\",\"isPartOf\":{\"@id\":\"https:\/\/modernteh.md\/#website\"},\"datePublished\":\"2026-01-06T08:24:13+00:00\",\"dateModified\":\"2026-01-06T08:24:13+00:00\",\"description\":\"Husa pentru sera cu pelicula armata 12 m-3 m-2 m\",\"breadcrumb\":{\"@id\":\"https:\/\/modernteh.md\/catalog\/husa-pentru-sera-cu-pelicula-armata-12-m-3-m-2-m\/#breadcrumb\"},\"inLanguage\":\"ru-RU\",\"potentialAction\":[{\"@type\":\"ReadAction\",\"target\":[\"https:\/\/modernteh.md\/catalog\/husa-pentru-sera-cu-pelicula-armata-12-m-3-m-2-m\/\"]}]},{\"@type\":\"BreadcrumbList\",\"@id\":\"https:\/\/modernteh.md\/catalog\/husa-pentru-sera-cu-pelicula-armata-12-m-3-m-2-m\/#breadcrumb\",\"itemListElement\":[{\"@type\":\"ListItem\",\"position\":1,\"name\":\"Prima pagin\u0103\",\"item\":\"https:\/\/modernteh.md\/\"},{\"@type\":\"ListItem\",\"position\":2,\"name\":\"Catalog\",\"item\":\"https:\/\/modernteh.md\/catalog\/\"},{\"@type\":\"ListItem\",\"position\":3,\"name\":\"Husa pentru sera cu pelicula armata 12 m-3 m-2 m\"}]},{\"@type\":\"WebSite\",\"@id\":\"https:\/\/modernteh.md\/#website\",\"url\":\"https:\/\/modernteh.md\/\",\"name\":\"Modernteh\",\"description\":\"Modernteh\",\"publisher\":{\"@id\":\"https:\/\/modernteh.md\/#organization\"},\"potentialAction\":[{\"@type\":\"SearchAction\",\"target\":{\"@type\":\"EntryPoint\",\"urlTemplate\":\"https:\/\/modernteh.md\/?s={search_term_string}\"},\"query-input\":\"required name=search_term_string\"}],\"inLanguage\":\"ru-RU\"},{\"@type\":\"Organization\",\"@id\":\"https:\/\/modernteh.md\/#organization\",\"name\":\"Modernteh\",\"url\":\"https:\/\/modernteh.md\/\",\"logo\":{\"@type\":\"ImageObject\",\"inLanguage\":\"ru-RU\",\"@id\":\"https:\/\/modernteh.md\/#\/schema\/logo\/image\/\",\"url\":\"https:\/\/modernteh.md\/wp-content\/uploads\/2022\/06\/Logo_site-2.png\",\"contentUrl\":\"https:\/\/modernteh.md\/wp-content\/uploads\/2022\/06\/Logo_site-2.png\",\"width\":500,\"height\":487,\"caption\":\"Modernteh\"},\"image\":{\"@id\":\"https:\/\/modernteh.md\/#\/schema\/logo\/image\/\"},\"sameAs\":[\"https:\/\/www.facebook.com\/profile.php?id=100082695620019\"]}]}<\/script>\n<!-- \/ Yoast SEO plugin. -->","yoast_head_json":{"title":"Husa pentru sera cu pelicula armata 12 m-3 m-2 m - Modernteh","description":"Husa pentru sera cu pelicula armata 12 m-3 m-2 m","robots":{"index":"index","follow":"follow","max-snippet":"max-snippet:-1","max-image-preview":"max-image-preview:large","max-video-preview":"max-video-preview:-1"},"canonical":"https:\/\/modernteh.md\/ru\/catalog\/husa-pentru-sera-cu-pelicula-armata-12-m-3-m-2-m\/","og_locale":"ru_RU","og_type":"article","og_title":"Husa pentru sera cu pelicula armata 12 m-3 m-2 m - Modernteh","og_description":"Husa pentru sera cu pelicula armata 12 m-3 m-2 m","og_url":"https:\/\/modernteh.md\/ru\/catalog\/husa-pentru-sera-cu-pelicula-armata-12-m-3-m-2-m\/","og_site_name":"Modernteh","article_publisher":"https:\/\/www.facebook.com\/profile.php?id=100082695620019","og_image":[{"width":500,"height":500,"url":"https:\/\/modernteh.md\/wp-content\/uploads\/2026\/01\/Husa-pentru-sera-cu-pelicula-armata-2.png","type":"image\/png"}],"twitter_card":"summary_large_image","twitter_misc":{"\u041f\u0440\u0438\u043c\u0435\u0440\u043d\u043e\u0435 \u0432\u0440\u0435\u043c\u044f \u0434\u043b\u044f \u0447\u0442\u0435\u043d\u0438\u044f":"1 \u043c\u0438\u043d\u0443\u0442\u0430"},"schema":{"@context":"https:\/\/schema.org","@graph":[{"@type":"WebPage","@id":"https:\/\/modernteh.md\/catalog\/husa-pentru-sera-cu-pelicula-armata-12-m-3-m-2-m\/","url":"https:\/\/modernteh.md\/catalog\/husa-pentru-sera-cu-pelicula-armata-12-m-3-m-2-m\/","name":"Husa pentru sera cu pelicula armata 12 m-3 m-2 m - Modernteh","isPartOf":{"@id":"https:\/\/modernteh.md\/#website"},"datePublished":"2026-01-06T08:24:13+00:00","dateModified":"2026-01-06T08:24:13+00:00","description":"Husa pentru sera cu pelicula armata 12 m-3 m-2 m","breadcrumb":{"@id":"https:\/\/modernteh.md\/catalog\/husa-pentru-sera-cu-pelicula-armata-12-m-3-m-2-m\/#breadcrumb"},"inLanguage":"ru-RU","potentialAction":[{"@type":"ReadAction","target":["https:\/\/modernteh.md\/catalog\/husa-pentru-sera-cu-pelicula-armata-12-m-3-m-2-m\/"]}]},{"@type":"BreadcrumbList","@id":"https:\/\/modernteh.md\/catalog\/husa-pentru-sera-cu-pelicula-armata-12-m-3-m-2-m\/#breadcrumb","itemListElement":[{"@type":"ListItem","position":1,"name":"Prima pagin\u0103","item":"https:\/\/modernteh.md\/"},{"@type":"ListItem","position":2,"name":"Catalog","item":"https:\/\/modernteh.md\/catalog\/"},{"@type":"ListItem","position":3,"name":"Husa pentru sera cu pelicula armata 12 m-3 m-2 m"}]},{"@type":"WebSite","@id":"https:\/\/modernteh.md\/#website","url":"https:\/\/modernteh.md\/","name":"Modernteh","description":"Modernteh","publisher":{"@id":"https:\/\/modernteh.md\/#organization"},"potentialAction":[{"@type":"SearchAction","target":{"@type":"EntryPoint","urlTemplate":"https:\/\/modernteh.md\/?s={search_term_string}"},"query-input":"required name=search_term_string"}],"inLanguage":"ru-RU"},{"@type":"Organization","@id":"https:\/\/modernteh.md\/#organization","name":"Modernteh","url":"https:\/\/modernteh.md\/","logo":{"@type":"ImageObject","inLanguage":"ru-RU","@id":"https:\/\/modernteh.md\/#\/schema\/logo\/image\/","url":"https:\/\/modernteh.md\/wp-content\/uploads\/2022\/06\/Logo_site-2.png","contentUrl":"https:\/\/modernteh.md\/wp-content\/uploads\/2022\/06\/Logo_site-2.png","width":500,"height":487,"caption":"Modernteh"},"image":{"@id":"https:\/\/modernteh.md\/#\/schema\/logo\/image\/"},"sameAs":["https:\/\/www.facebook.com\/profile.php?id=100082695620019"]}]}},"_links":{"self":[{"href":"https:\/\/modernteh.md\/ru\/wp-json\/wp\/v2\/product\/5152","targetHints":{"allow":["GET"]}}],"collection":[{"href":"https:\/\/modernteh.md\/ru\/wp-json\/wp\/v2\/product"}],"about":[{"href":"https:\/\/modernteh.md\/ru\/wp-json\/wp\/v2\/types\/product"}],"wp:featuredmedia":[{"embeddable":true,"href":"https:\/\/modernteh.md\/ru\/wp-json\/wp\/v2\/media\/5148"}],"wp:attachment":[{"href":"https:\/\/modernteh.md\/ru\/wp-json\/wp\/v2\/media?parent=5152"}],"wp:term":[{"taxonomy":"product_cat","embeddable":true,"href":"https:\/\/modernteh.md\/ru\/wp-json\/wp\/v2\/product_cat?post=5152"},{"taxonomy":"product_tag","embeddable":true,"href":"https:\/\/modernteh.md\/ru\/wp-json\/wp\/v2\/product_tag?post=5152"}],"curies":[{"name":"wp","href":"https:\/\/api.w.org\/{rel}","templated":true}]}}